{"id":87683,"date":"2025-05-19T09:08:38","date_gmt":"2025-05-19T09:08:38","guid":{"rendered":"https:\/\/redfoxlotto.com\/?page_id=87683"},"modified":"2025-05-28T07:17:18","modified_gmt":"2025-05-28T07:17:18","slug":"euromillions-eu","status":"publish","type":"page","link":"https:\/\/redfoxlotto.com\/tr\/loto\/euromillions-eu\/","title":{"rendered":"Euromillions AB Hakk\u0131nda"},"content":{"rendered":"<p data-start=\"98\" data-end=\"701\">EuroMillions AB, Avrupa&#8217;n\u0131n en b\u00fcy\u00fck ve en pop\u00fcler piyangolar\u0131ndan biridir. Her hafta milyonlarca kat\u0131l\u0131mc\u0131y\u0131, hayat de\u011fi\u015ftirebilecek b\u00fcy\u00fck ikramiyeler kazanma potansiyeliyle cezbetmektedir. Resmi ad\u0131yla EuroMillions\u2019un AB versiyonu olarak bilinen bu piyango, Fransa, \u0130spanya, Avusturya, Bel\u00e7ika, \u0130rlanda, L\u00fcksemburg, Portekiz ve \u0130svi\u00e7re gibi bir\u00e7ok Avrupa \u00fclkesinde olduk\u00e7a pop\u00fcler bir oyun olarak kalmaya devam etmektedir. \u0130lk olarak 13 \u015eubat 2004 tarihinde sadece Fransa, \u0130spanya ve Birle\u015fik Krall\u0131k\u2019ta ba\u015flat\u0131lan bu oyun, ayn\u0131 y\u0131l\u0131n Ekim ay\u0131na kadar h\u0131zla daha fazla Avrupa \u00fclkesine yay\u0131lm\u0131\u015ft\u0131r.<\/p>\n<p><img loading=\"lazy\" decoding=\"async\" class=\"size-full wp-image-48546 alignright\" src=\"https:\/\/redfoxlotto.com\/wp-content\/uploads\/2023\/04\/powerball-draw-youtube1-300x300-1.jpg\" alt=\"euromillions\" width=\"300\" height=\"300\" srcset=\"https:\/\/redfoxlotto.com\/wp-content\/uploads\/2023\/04\/powerball-draw-youtube1-300x300-1.jpg 300w, https:\/\/redfoxlotto.com\/wp-content\/uploads\/2023\/04\/powerball-draw-youtube1-300x300-1-100x100.jpg 100w, https:\/\/redfoxlotto.com\/wp-content\/uploads\/2023\/04\/powerball-draw-youtube1-300x300-1-150x150.jpg 150w\" sizes=\"auto, (max-width: 300px) 100vw, 300px\" \/><\/p>\n<p data-start=\"703\" data-end=\"1017\">Her kat\u0131l\u0131mc\u0131 \u00fclkenin, bilet sat\u0131\u015flar\u0131, \u00f6d\u00fcl \u00f6demeleri ve oyuncu hizmetlerinden sorumlu kendi ulusal piyango kurumu bulunmaktad\u0131r. Bu merkeziyetsiz yap\u0131ya ra\u011fmen, t\u00fcm kat\u0131l\u0131mc\u0131 \u00fclkeler, adaleti ve tutarl\u0131l\u0131\u011f\u0131 sa\u011flamak amac\u0131yla ortak kurallar, \u00f6d\u00fcl seviyeleri ve \u00e7ekili\u015f takvimleri do\u011frultusunda hareket etmektedir.<\/p>\n<p data-start=\"1019\" data-end=\"1406\">EuroMillions AB \u00e7ekili\u015fleri haftada iki kez, Sal\u0131 ve Cuma ak\u015famlar\u0131 yap\u0131lmaktad\u0131r. Bu piyango, oyuncular\u0131n 1 ile 50 aras\u0131nda be\u015f say\u0131 ve 1 ile 12 aras\u0131nda iki &#8220;\u015eansl\u0131 Y\u0131ld\u0131z&#8221; se\u00e7ti\u011fi \u00e7ift matrisli bir sistem kullan\u0131r. B\u00fcy\u00fck ikramiyeyi kazanmak i\u00e7in yedi say\u0131n\u0131n tamam\u0131n\u0131n e\u015fle\u015fmesi gerekir. Ayr\u0131ca, daha k\u00fc\u00e7\u00fck ama \u00f6nemli \u00f6d\u00fcller kazanmak i\u00e7in farkl\u0131 ikincil \u00f6d\u00fcl seviyeleri de mevcuttur.<\/p>\n<p data-start=\"1408\" data-end=\"1876\">AB ve Birle\u015fik Krall\u0131k versiyonlar\u0131 aras\u0131ndaki temel fark, yaln\u0131zca Birle\u015fik Krall\u0131k i\u00e7in ge\u00e7erli olan ek \u00e7ekili\u015f oyunudur. Birle\u015fik Krall\u0131k versiyonu, her \u00e7ekili\u015fte en az bir oyuncunun milyonere d\u00f6n\u00fc\u015fmesini garanti eden \u00f6zel bir \u201c<strong data-start=\"1639\" data-end=\"1660\">Millionaire Maker<\/strong>\u201d oyununu i\u00e7erir. Bu ek \u00f6zellik nedeniyle Birle\u015fik Krall\u0131k\u2019taki EuroMillions biletleri, di\u011fer Avrupa \u00fclkelerine k\u0131yasla olduk\u00e7a pahal\u0131d\u0131r. Bu varyant hakk\u0131nda daha fazla bilgiye RedFoxLotto \u00fczerinden ula\u015fabilirsiniz.<\/p>\n<p data-start=\"1878\" data-end=\"2313\">Kat\u0131l\u0131mc\u0131 \u00fclkelerin veya AB\u2019nin d\u0131\u015f\u0131ndaki oyuncular i\u00e7in EuroMillions AB\u2019ye kat\u0131lmak imk\u00e2ns\u0131z gibi g\u00f6r\u00fcnebilir. Ancak uluslararas\u0131 piyango arac\u0131 hizmetleri bu s\u00fcreci olduk\u00e7a kolayla\u015ft\u0131rm\u0131\u015ft\u0131r. \u00d6zellikle yurtd\u0131\u015f\u0131ndaki oyuncular i\u00e7in al\u0131nan EuroMillions AB biletleri \u00e7o\u011funlukla Avusturya\u2019dan temin edilmektedir. Avusturya\u2019n\u0131n organize piyango altyap\u0131s\u0131, d\u00fcnya genelindeki oyuncular\u0131n bu \u00e7ekili\u015flere yasal olarak kat\u0131lmas\u0131na olanak tan\u0131r.<\/p>\n<p data-start=\"2315\" data-end=\"2717\">Jackpotlar s\u00f6z konusu oldu\u011funda, EuroMillions AB dikkat \u00e7ekici minimum ve maksimum ikramiye de\u011ferleri sunar. <strong data-start=\"2424\" data-end=\"2479\">Minimum garanti edilmi\u015f ikramiye 17 milyon Euro\u2019dur<\/strong>, ki bu da ba\u015flang\u0131\u00e7 seviyesinde bile hayat de\u011fi\u015ftirici bir mebla\u011f anlam\u0131na gelir. EuroMillions, b\u00fcy\u00fck heyecan yaratan y\u00fcksek ikramiye tavanlar\u0131 ile oyuncular\u0131n ilgisini canl\u0131 tutar. Zamanla artan bu tavan \u015fu anda <strong data-start=\"2693\" data-end=\"2716\">250 milyon Euro\u2019dur<\/strong>.<\/p>\n<p data-start=\"2719\" data-end=\"2979\">Jackpot <strong data-start=\"2727\" data-end=\"2749\">200 milyon Euro\u2019ya<\/strong> ula\u015ft\u0131\u011f\u0131nda \u00f6zel kurallar devreye girer. Bu seviyedeki ikramiye, en fazla d\u00f6rt ard\u0131\u015f\u0131k \u00e7ekili\u015fte kalabilir. E\u011fer be\u015finci \u00e7ekili\u015fte de kimse b\u00fcy\u00fck \u00f6d\u00fcl\u00fc kazanamazsa, t\u00fcm \u00f6d\u00fcl havuzu bir sonraki en y\u00fcksek \u00f6d\u00fcl seviyesine aktar\u0131l\u0131r.<\/p>\n<p data-start=\"2981\" data-end=\"3225\">Jackpot <strong data-start=\"2989\" data-end=\"3011\">250 milyon Euro\u2019ya<\/strong> ula\u015ft\u0131\u011f\u0131nda bu kurallar tekrar uygulan\u0131r. Yine, d\u00f6rt \u00e7ekili\u015f boyunca b\u00fcy\u00fck \u00f6d\u00fcl kazan\u0131lamazsa, be\u015finci \u00e7ekili\u015fte t\u00fcm jackpot, ikinci seviye kazananlara da\u011f\u0131t\u0131l\u0131r ve b\u00f6ylece birden fazla yeni milyoner ortaya \u00e7\u0131kar.<\/p>\n<p data-start=\"3227\" data-end=\"3489\">Bu t\u00fcr jackpot aktar\u0131m sistemleri, oyuncular i\u00e7in strateji ve heyecan dolu yeni katmanlar ekler. Jackpot en \u00fcst seviyeye yakla\u015ft\u0131\u011f\u0131nda, bilet sat\u0131\u015flar\u0131nda b\u00fcy\u00fck art\u0131\u015flar g\u00f6r\u00fcl\u00fcr. Bu y\u00fcksek \u00f6d\u00fcller medya ilgisini de \u00e7eker, b\u00f6ylece oyun daha da pop\u00fcler hale gelir.<\/p>\n<p data-start=\"3491\" data-end=\"3753\">EuroMillions, Avrupa genelinde bir\u00e7ok y\u00fcksek profilli kazanan \u00fcretmi\u015ftir. Bu kazananlar\u0131n \u00e7o\u011fu, bir gecede multimilyoner olarak hayatlar\u0131n\u0131 k\u00f6kl\u00fc \u015fekilde de\u011fi\u015ftirmi\u015ftir. Avusturya, bu ba\u011flamda dikkat \u00e7eken ve yo\u011fun oyuncu kitlesine sahip olan \u00fclkelerden biridir.<\/p>\n<p data-start=\"3755\" data-end=\"4091\">D\u00fcnya genelinde oynanabilirlik kolayl\u0131\u011f\u0131, a\u00e7\u0131k ve heyecan verici \u00f6d\u00fcl yap\u0131s\u0131 ile birle\u015fti\u011finde EuroMillions AB, k\u00fcresel piyango oyuncular\u0131 i\u00e7in olduk\u00e7a cazip bir se\u00e7enek haline gelir. Avrupa\u2019daki \u00f6nemli \u00fclkelerdeki yayg\u0131nl\u0131\u011f\u0131, k\u00fclt\u00fcrel olarak \u00e7e\u015fitli bir oyuncu kitlesini beraberinde getirirken, b\u00fcy\u00fck ikramiyeler global ilgi uyand\u0131r\u0131r.<\/p>\n<p data-start=\"4093\" data-end=\"4384\">Avrupa d\u0131\u015f\u0131ndaki EuroMillions AB kat\u0131l\u0131mc\u0131lar\u0131, g\u00fcvenli ve yasal al\u0131\u015fveri\u015f imk\u00e2n\u0131 sunan g\u00fc\u00e7l\u00fc piyango arac\u0131 hizmetleri sayesinde rahatl\u0131kla oyuna kat\u0131labilir. Bu hizmetler, Avusturya\u2019dan fiziksel biletler sat\u0131n al\u0131r, biletleri tarar, kullan\u0131c\u0131 hesaplar\u0131na y\u00fckler ve kazan\u00e7lar\u0131 do\u011frudan \u00f6der.<\/p>\n<p data-start=\"4386\" data-end=\"4732\"><strong data-start=\"4386\" data-end=\"4403\">Sonu\u00e7 olarak:<\/strong> EuroMillions AB, sa\u011flam yap\u0131s\u0131, net kurallar\u0131 ve etkileyici \u00f6d\u00fcl potansiyeli ile d\u00fcnya \u00e7ap\u0131nda piyango tutkunlar\u0131 i\u00e7in b\u00fcy\u00fck bir f\u0131rsatt\u0131r. <strong data-start=\"4544\" data-end=\"4586\">17 milyon Euro\u2019luk garanti \u00f6d\u00fcl havuzu<\/strong>, <strong data-start=\"4588\" data-end=\"4628\">250 milyon Euro\u2019luk tavan ikramiyesi<\/strong> ve dinamik \u00f6d\u00fcl aktarma sistemi sayesinde Avrupa\u2019da ve \u00f6tesinde heyecan ve b\u00fcy\u00fck kazan\u00e7lar sunmaktad\u0131r.<\/p>\n","protected":false},"excerpt":{"rendered":"<p>EuroMillions AB, Avrupa&#8217;n\u0131n en b\u00fcy\u00fck ve en pop\u00fcler piyangolar\u0131ndan biridir. Her hafta milyonlarca kat\u0131l\u0131mc\u0131y\u0131, hayat de\u011fi\u015ftirebilecek b\u00fcy\u00fck ikramiyeler kazanma potansiyeliyle cezbetmektedir. Resmi ad\u0131yla EuroMillions\u2019un AB versiyonu olarak bilinen bu piyango, Fransa, \u0130spanya, Avusturya, Bel\u00e7ika, \u0130rlanda, L\u00fcksemburg, Portekiz ve \u0130svi\u00e7re gibi bir\u00e7ok Avrupa \u00fclkesinde olduk\u00e7a pop\u00fcler bir oyun olarak kalmaya devam etmektedir. \u0130lk olarak 13 \u015eubat [&hellip;]<\/p>\n","protected":false},"author":8,"featured_media":0,"parent":2932,"menu_order":4,"comment_status":"closed","ping_status":"closed","template":"euromillions-at-info.php","meta":{"_et_pb_use_builder":"","_et_pb_old_content":"","_et_gb_content_width":"","exclude_from_search":false,"footnotes":""},"class_list":["post-87683","page","type-page","status-publish","hentry"],"yoast_head":"<!-- This site is optimized with the Yoast SEO plugin v27.4 - https:\/\/yoast.com\/product\/yoast-seo-wordpress\/ -->\n<title>AB d\u0131\u015f\u0131ndan online Euromillions bileti sat\u0131n al\u0131n<\/title>\n<meta name=\"description\" content=\"Euromillions&#039;\u0131n Birle\u015fik Krall\u0131k ve AB versiyonu i\u00e7in Euromillions biletlerini \u00e7evrimi\u00e7i olarak nas\u0131l sat\u0131n alabilirsiniz? Her yerden, hatta AB d\u0131\u015f\u0131ndan bile bilet al\u0131n.\" \/>\n<meta name=\"robots\" content=\"index, follow, max-snippet:-1, max-image-preview:large, max-video-preview:-1\" \/>\n<link rel=\"canonical\" href=\"https:\/\/redfoxlotto.com\/tr\/loto\/euromillions-eu\/\" \/>\n<meta property=\"og:locale\" content=\"tr_TR\" \/>\n<meta property=\"og:type\" content=\"article\" \/>\n<meta property=\"og:title\" content=\"AB d\u0131\u015f\u0131ndan online Euromillions bileti sat\u0131n al\u0131n\" \/>\n<meta property=\"og:description\" content=\"Euromillions&#039;\u0131n Birle\u015fik Krall\u0131k ve AB versiyonu i\u00e7in Euromillions biletlerini \u00e7evrimi\u00e7i olarak nas\u0131l sat\u0131n alabilirsiniz? Her yerden, hatta AB d\u0131\u015f\u0131ndan bile bilet al\u0131n.\" \/>\n<meta property=\"og:url\" content=\"https:\/\/redfoxlotto.com\/tr\/loto\/euromillions-eu\/\" \/>\n<meta property=\"og:site_name\" content=\"Get Tickets for the World\u2019s largest jackpots\" \/>\n<meta property=\"article:modified_time\" content=\"2025-05-28T07:17:18+00:00\" \/>\n<meta property=\"og:image\" content=\"https:\/\/redfoxlotto.com\/wp-content\/uploads\/2023\/04\/powerball-draw-youtube1-300x300-1.jpg\" \/>\n<meta name=\"twitter:card\" content=\"summary_large_image\" \/>\n<meta name=\"twitter:label1\" content=\"Tahmini okuma s\u00fcresi\" \/>\n\t<meta name=\"twitter:data1\" content=\"3 dakika\" \/>\n<script type=\"application\/ld+json\" class=\"yoast-schema-graph\">{\"@context\":\"https:\\\/\\\/schema.org\",\"@graph\":[{\"@type\":\"WebPage\",\"@id\":\"https:\\\/\\\/redfoxlotto.com\\\/tr\\\/loto\\\/euromillions-eu\\\/\",\"url\":\"https:\\\/\\\/redfoxlotto.com\\\/tr\\\/loto\\\/euromillions-eu\\\/\",\"name\":\"AB d\u0131\u015f\u0131ndan online Euromillions bileti sat\u0131n al\u0131n\",\"isPartOf\":{\"@id\":\"https:\\\/\\\/redfoxlotto.com\\\/tr\\\/#website\"},\"primaryImageOfPage\":{\"@id\":\"https:\\\/\\\/redfoxlotto.com\\\/tr\\\/loto\\\/euromillions-eu\\\/#primaryimage\"},\"image\":{\"@id\":\"https:\\\/\\\/redfoxlotto.com\\\/tr\\\/loto\\\/euromillions-eu\\\/#primaryimage\"},\"thumbnailUrl\":\"https:\\\/\\\/redfoxlotto.com\\\/wp-content\\\/uploads\\\/2023\\\/04\\\/powerball-draw-youtube1-300x300-1.jpg\",\"datePublished\":\"2025-05-19T09:08:38+00:00\",\"dateModified\":\"2025-05-28T07:17:18+00:00\",\"description\":\"Euromillions'\u0131n Birle\u015fik Krall\u0131k ve AB versiyonu i\u00e7in Euromillions biletlerini \u00e7evrimi\u00e7i olarak nas\u0131l sat\u0131n alabilirsiniz? Her yerden, hatta AB d\u0131\u015f\u0131ndan bile bilet al\u0131n.\",\"breadcrumb\":{\"@id\":\"https:\\\/\\\/redfoxlotto.com\\\/tr\\\/loto\\\/euromillions-eu\\\/#breadcrumb\"},\"inLanguage\":\"tr\",\"potentialAction\":[{\"@type\":\"ReadAction\",\"target\":[\"https:\\\/\\\/redfoxlotto.com\\\/tr\\\/loto\\\/euromillions-eu\\\/\"]}]},{\"@type\":\"ImageObject\",\"inLanguage\":\"tr\",\"@id\":\"https:\\\/\\\/redfoxlotto.com\\\/tr\\\/loto\\\/euromillions-eu\\\/#primaryimage\",\"url\":\"https:\\\/\\\/redfoxlotto.com\\\/wp-content\\\/uploads\\\/2023\\\/04\\\/powerball-draw-youtube1-300x300-1.jpg\",\"contentUrl\":\"https:\\\/\\\/redfoxlotto.com\\\/wp-content\\\/uploads\\\/2023\\\/04\\\/powerball-draw-youtube1-300x300-1.jpg\"},{\"@type\":\"BreadcrumbList\",\"@id\":\"https:\\\/\\\/redfoxlotto.com\\\/tr\\\/loto\\\/euromillions-eu\\\/#breadcrumb\",\"itemListElement\":[{\"@type\":\"ListItem\",\"position\":1,\"name\":\"Home\",\"item\":\"https:\\\/\\\/redfoxlotto.com\\\/tr\\\/\"},{\"@type\":\"ListItem\",\"position\":2,\"name\":\"Online piyango bileti sat\u0131n alma i\u015flemi\",\"item\":\"https:\\\/\\\/redfoxlotto.com\\\/tr\\\/loto\\\/\"},{\"@type\":\"ListItem\",\"position\":3,\"name\":\"Euromillions AB Hakk\u0131nda\"}]},{\"@type\":\"WebSite\",\"@id\":\"https:\\\/\\\/redfoxlotto.com\\\/tr\\\/#website\",\"url\":\"https:\\\/\\\/redfoxlotto.com\\\/tr\\\/\",\"name\":\"Get Tickets for the World\u2019s largest jackpots\",\"description\":\"Participate in worldwide lottery jackpots from any country\",\"publisher\":{\"@id\":\"https:\\\/\\\/redfoxlotto.com\\\/tr\\\/#organization\"},\"potentialAction\":[{\"@type\":\"SearchAction\",\"target\":{\"@type\":\"EntryPoint\",\"urlTemplate\":\"https:\\\/\\\/redfoxlotto.com\\\/tr\\\/?s={search_term_string}\"},\"query-input\":{\"@type\":\"PropertyValueSpecification\",\"valueRequired\":true,\"valueName\":\"search_term_string\"}}],\"inLanguage\":\"tr\"},{\"@type\":\"Organization\",\"@id\":\"https:\\\/\\\/redfoxlotto.com\\\/tr\\\/#organization\",\"name\":\"Get Tickets for the World\u2019s largest jackpots\",\"url\":\"https:\\\/\\\/redfoxlotto.com\\\/tr\\\/\",\"logo\":{\"@type\":\"ImageObject\",\"inLanguage\":\"tr\",\"@id\":\"https:\\\/\\\/redfoxlotto.com\\\/tr\\\/#\\\/schema\\\/logo\\\/image\\\/\",\"url\":\"https:\\\/\\\/redfoxlotto.com\\\/wp-content\\\/uploads\\\/2023\\\/04\\\/logo.png\",\"contentUrl\":\"https:\\\/\\\/redfoxlotto.com\\\/wp-content\\\/uploads\\\/2023\\\/04\\\/logo.png\",\"width\":269,\"height\":53,\"caption\":\"Get Tickets for the World\u2019s largest jackpots\"},\"image\":{\"@id\":\"https:\\\/\\\/redfoxlotto.com\\\/tr\\\/#\\\/schema\\\/logo\\\/image\\\/\"}}]}<\/script>\n<!-- \/ Yoast SEO plugin. -->","yoast_head_json":{"title":"AB d\u0131\u015f\u0131ndan online Euromillions bileti sat\u0131n al\u0131n","description":"Euromillions'\u0131n Birle\u015fik Krall\u0131k ve AB versiyonu i\u00e7in Euromillions biletlerini \u00e7evrimi\u00e7i olarak nas\u0131l sat\u0131n alabilirsiniz? Her yerden, hatta AB d\u0131\u015f\u0131ndan bile bilet al\u0131n.","robots":{"index":"index","follow":"follow","max-snippet":"max-snippet:-1","max-image-preview":"max-image-preview:large","max-video-preview":"max-video-preview:-1"},"canonical":"https:\/\/redfoxlotto.com\/tr\/loto\/euromillions-eu\/","og_locale":"tr_TR","og_type":"article","og_title":"AB d\u0131\u015f\u0131ndan online Euromillions bileti sat\u0131n al\u0131n","og_description":"Euromillions'\u0131n Birle\u015fik Krall\u0131k ve AB versiyonu i\u00e7in Euromillions biletlerini \u00e7evrimi\u00e7i olarak nas\u0131l sat\u0131n alabilirsiniz? Her yerden, hatta AB d\u0131\u015f\u0131ndan bile bilet al\u0131n.","og_url":"https:\/\/redfoxlotto.com\/tr\/loto\/euromillions-eu\/","og_site_name":"Get Tickets for the World\u2019s largest jackpots","article_modified_time":"2025-05-28T07:17:18+00:00","og_image":[{"url":"https:\/\/redfoxlotto.com\/wp-content\/uploads\/2023\/04\/powerball-draw-youtube1-300x300-1.jpg","type":"","width":"","height":""}],"twitter_card":"summary_large_image","twitter_misc":{"Tahmini okuma s\u00fcresi":"3 dakika"},"schema":{"@context":"https:\/\/schema.org","@graph":[{"@type":"WebPage","@id":"https:\/\/redfoxlotto.com\/tr\/loto\/euromillions-eu\/","url":"https:\/\/redfoxlotto.com\/tr\/loto\/euromillions-eu\/","name":"AB d\u0131\u015f\u0131ndan online Euromillions bileti sat\u0131n al\u0131n","isPartOf":{"@id":"https:\/\/redfoxlotto.com\/tr\/#website"},"primaryImageOfPage":{"@id":"https:\/\/redfoxlotto.com\/tr\/loto\/euromillions-eu\/#primaryimage"},"image":{"@id":"https:\/\/redfoxlotto.com\/tr\/loto\/euromillions-eu\/#primaryimage"},"thumbnailUrl":"https:\/\/redfoxlotto.com\/wp-content\/uploads\/2023\/04\/powerball-draw-youtube1-300x300-1.jpg","datePublished":"2025-05-19T09:08:38+00:00","dateModified":"2025-05-28T07:17:18+00:00","description":"Euromillions'\u0131n Birle\u015fik Krall\u0131k ve AB versiyonu i\u00e7in Euromillions biletlerini \u00e7evrimi\u00e7i olarak nas\u0131l sat\u0131n alabilirsiniz? Her yerden, hatta AB d\u0131\u015f\u0131ndan bile bilet al\u0131n.","breadcrumb":{"@id":"https:\/\/redfoxlotto.com\/tr\/loto\/euromillions-eu\/#breadcrumb"},"inLanguage":"tr","potentialAction":[{"@type":"ReadAction","target":["https:\/\/redfoxlotto.com\/tr\/loto\/euromillions-eu\/"]}]},{"@type":"ImageObject","inLanguage":"tr","@id":"https:\/\/redfoxlotto.com\/tr\/loto\/euromillions-eu\/#primaryimage","url":"https:\/\/redfoxlotto.com\/wp-content\/uploads\/2023\/04\/powerball-draw-youtube1-300x300-1.jpg","contentUrl":"https:\/\/redfoxlotto.com\/wp-content\/uploads\/2023\/04\/powerball-draw-youtube1-300x300-1.jpg"},{"@type":"BreadcrumbList","@id":"https:\/\/redfoxlotto.com\/tr\/loto\/euromillions-eu\/#breadcrumb","itemListElement":[{"@type":"ListItem","position":1,"name":"Home","item":"https:\/\/redfoxlotto.com\/tr\/"},{"@type":"ListItem","position":2,"name":"Online piyango bileti sat\u0131n alma i\u015flemi","item":"https:\/\/redfoxlotto.com\/tr\/loto\/"},{"@type":"ListItem","position":3,"name":"Euromillions AB Hakk\u0131nda"}]},{"@type":"WebSite","@id":"https:\/\/redfoxlotto.com\/tr\/#website","url":"https:\/\/redfoxlotto.com\/tr\/","name":"Get Tickets for the World\u2019s largest jackpots","description":"Participate in worldwide lottery jackpots from any country","publisher":{"@id":"https:\/\/redfoxlotto.com\/tr\/#organization"},"potentialAction":[{"@type":"SearchAction","target":{"@type":"EntryPoint","urlTemplate":"https:\/\/redfoxlotto.com\/tr\/?s={search_term_string}"},"query-input":{"@type":"PropertyValueSpecification","valueRequired":true,"valueName":"search_term_string"}}],"inLanguage":"tr"},{"@type":"Organization","@id":"https:\/\/redfoxlotto.com\/tr\/#organization","name":"Get Tickets for the World\u2019s largest jackpots","url":"https:\/\/redfoxlotto.com\/tr\/","logo":{"@type":"ImageObject","inLanguage":"tr","@id":"https:\/\/redfoxlotto.com\/tr\/#\/schema\/logo\/image\/","url":"https:\/\/redfoxlotto.com\/wp-content\/uploads\/2023\/04\/logo.png","contentUrl":"https:\/\/redfoxlotto.com\/wp-content\/uploads\/2023\/04\/logo.png","width":269,"height":53,"caption":"Get Tickets for the World\u2019s largest jackpots"},"image":{"@id":"https:\/\/redfoxlotto.com\/tr\/#\/schema\/logo\/image\/"}}]}},"_links":{"self":[{"href":"https:\/\/redfoxlotto.com\/tr\/wp-json\/wp\/v2\/pages\/87683","targetHints":{"allow":["GET"]}}],"collection":[{"href":"https:\/\/redfoxlotto.com\/tr\/wp-json\/wp\/v2\/pages"}],"about":[{"href":"https:\/\/redfoxlotto.com\/tr\/wp-json\/wp\/v2\/types\/page"}],"author":[{"embeddable":true,"href":"https:\/\/redfoxlotto.com\/tr\/wp-json\/wp\/v2\/users\/8"}],"replies":[{"embeddable":true,"href":"https:\/\/redfoxlotto.com\/tr\/wp-json\/wp\/v2\/comments?post=87683"}],"version-history":[{"count":0,"href":"https:\/\/redfoxlotto.com\/tr\/wp-json\/wp\/v2\/pages\/87683\/revisions"}],"up":[{"embeddable":true,"href":"https:\/\/redfoxlotto.com\/tr\/wp-json\/wp\/v2\/pages\/2932"}],"wp:attachment":[{"href":"https:\/\/redfoxlotto.com\/tr\/wp-json\/wp\/v2\/media?parent=87683"}],"curies":[{"name":"wp","href":"https:\/\/api.w.org\/{rel}","templated":true}]}}