{"id":87620,"date":"2025-05-19T09:07:38","date_gmt":"2025-05-19T09:07:38","guid":{"rendered":"https:\/\/redfoxlotto.com\/?page_id=87620"},"modified":"2025-12-17T07:09:21","modified_gmt":"2025-12-17T07:09:21","slug":"euromillions-eu","status":"publish","type":"page","link":"https:\/\/redfoxlotto.com\/tr\/oyna\/euromillions-eu\/","title":{"rendered":"Euromillions AB Oyna"},"content":{"rendered":"<p><script type=\"application\/ld+json\">\n{\n  \"@context\": \"https:\/\/schema.org\",\n  \"@type\": \"Service\",\n  \"name\": \"Euromillions Online Oyna\",\n  \"url\": \"https:\/\/redfoxlotto.com\/tr\/oyna\/euromillions\/\",\n  \"description\": \"Herhangi bir \u00fclkeden Euromillions piyangosunu online oynay\u0131n. RedFoxLotto'yu ziyaret edin, numaralar\u0131n\u0131z\u0131 se\u00e7in ve biletlerinizi al\u0131n.\",\n  \"serviceType\": \"Online lottery ticket messenger service\",\n  \"provider\": {\n    \"@type\": \"Organization\",\n    \"name\": \"RedFoxLotto\",\n    \"url\": \"https:\/\/redfoxlotto.com\/tr\/\",\n    \"image\": \"https:\/\/redfoxlotto.com\/wp-content\/uploads\/2025\/12\/ticket_scans.jpg\",\n    \"sameAs\": []\n  },\n  \"areaServed\": \"Worldwide\",\n  \"termsOfService\": \"https:\/\/redfoxlotto.com\/terms-and-conditions\",\n  \"additionalProperty\": {\n    \"@type\": \"PropertyValue\",\n    \"name\": \"FAQ\",\n    \"value\": \"https:\/\/redfoxlotto.com\/tr\/faq\/\"\n  },\n  \"hasOfferCatalog\": {\n    \"@type\": \"OfferCatalog\",\n    \"name\": \"Euromillions Piyango Biletleri\",\n    \"itemListElement\": [\n      {\n        \"@type\": \"Offer\",\n        \"name\": \"Euromillions Biletleri\",\n        \"url\": \"https:\/\/redfoxlotto.com\/tr\/oyna\/euromillions\/\",\n        \"description\": \"Bir sonraki Euromillions \u00e7ekili\u015fi i\u00e7in numaralar\u0131n\u0131z\u0131 se\u00e7mek i\u00e7in buraya t\u0131klay\u0131n \u2013 biletlerinizi online sipari\u015f edin.\",\n        \"price\": \"7.00\",\n        \"priceCurrency\": \"EUR\",\n        \"availability\": \"https:\/\/schema.org\/InStock\",\n        \"itemOffered\": {\n          \"@type\": \"Service\",\n          \"name\": \"Euromillions Piyango Biletleri\",\n          \"description\": \"RedFoxLotto \u00fczerinden bir sonraki Euromillions \u00e7ekili\u015fine kat\u0131l\u0131n.\"\n        }\n      }\n    ]\n  },\n  \"mainEntityOfPage\": {\n    \"@type\": \"WebPage\",\n    \"@id\": \"https:\/\/redfoxlotto.com\/tr\/oyna\/euromillions\/\"\n  }\n}\n<\/script><\/p>\n<p><img loading=\"lazy\" decoding=\"async\" class=\" wp-image-67116 alignleft\" src=\"https:\/\/redfoxlotto.com\/wp-content\/uploads\/2024\/03\/Balls-300x300.png\" alt=\"euromillions Avusturya\" width=\"244\" height=\"244\" \/><\/p>\n<h2 data-start=\"37\" data-end=\"82\">Giri\u015f: EuroMillions EU (Avusturya) Nedir?<\/h2>\n<p data-start=\"84\" data-end=\"363\">EuroMillions EU (Avusturya), Avrupa&#8217;n\u0131n en pop\u00fcler ve en zengin piyangolar\u0131ndan biridir. \u0130lk olarak 2004 y\u0131l\u0131nda tan\u0131t\u0131lm\u0131\u015ft\u0131r ve Fransa, \u0130spanya, Avusturya, Bel\u00e7ika, \u0130rlanda, L\u00fcksemburg, Portekiz, \u0130svi\u00e7re ve Andorra olmak \u00fczere dokuz Avrupa \u00fclkesinde resmi olarak oynanmaktad\u0131r.<\/p>\n<p data-start=\"365\" data-end=\"703\">Peki ya Avrupa\u2019da ya\u015fam\u0131yorsan\u0131z ve EuroMillions oynanan bir \u00fclkede de\u011filseniz? Yine de kat\u0131l\u0131p hayat\u0131n\u0131z\u0131 de\u011fi\u015ftirebilecek bir b\u00fcy\u00fck ikramiye kazanma \u015fans\u0131n\u0131z olur mu? Cevap evet \u2013 RedFoxLotto.com \u00fczerinden EuroMillions EU (Avusturya) biletlerini \u00e7evrimi\u00e7i olarak sat\u0131n alabilir, d\u00fcnyan\u0131n herhangi bir yerinden kat\u0131l\u0131m sa\u011flayabilirsiniz.<\/p>\n<h2 data-start=\"705\" data-end=\"754\">AB D\u0131\u015f\u0131ndan EuroMillions Online Nas\u0131l Oynan\u0131r<\/h2>\n<p data-start=\"756\" data-end=\"948\">E\u011fer ya\u015fad\u0131\u011f\u0131n\u0131z \u00fclke resmi kat\u0131l\u0131mc\u0131 de\u011filse, yerel bir ma\u011fazadan bilet alamazs\u0131n\u0131z. Ancak RedFoxLotto gibi g\u00fcvenilir bir bilet arac\u0131l\u0131k hizmetiyle bilet sat\u0131n almak m\u00fcmk\u00fcnd\u00fcr. \u0130\u015fleyi\u015f \u015fekli:<\/p>\n<ol data-start=\"950\" data-end=\"1303\">\n<li data-start=\"950\" data-end=\"996\">\n<p data-start=\"953\" data-end=\"996\"><a class=\"\" href=\"http:\/\/www.RedFoxLotto.com\" target=\"_new\" rel=\"noopener\" data-start=\"953\" data-end=\"972\">www.RedFoxLotto.com<\/a> adresini ziyaret edin<\/p>\n<\/li>\n<li data-start=\"997\" data-end=\"1046\">\n<p data-start=\"1000\" data-end=\"1046\">EuroMillions EU (Avusturya) \u00e7ekili\u015fini se\u00e7in<\/p>\n<\/li>\n<li data-start=\"1047\" data-end=\"1111\">\n<p data-start=\"1050\" data-end=\"1111\">Numaralar\u0131n\u0131z\u0131 se\u00e7in veya &#8220;H\u0131zl\u0131 Se\u00e7im&#8221; se\u00e7ene\u011fini kullan\u0131n<\/p>\n<\/li>\n<li data-start=\"1112\" data-end=\"1216\">\n<p data-start=\"1115\" data-end=\"1216\">Sipari\u015fi tamamlay\u0131n \u2013 Avusturya\u2019daki bir yerel temsilci sizin ad\u0131n\u0131za ger\u00e7ek bir bilet sat\u0131n alacak<\/p>\n<\/li>\n<li data-start=\"1217\" data-end=\"1303\">\n<p data-start=\"1220\" data-end=\"1303\">Sat\u0131n alma i\u015fleminizin kan\u0131t\u0131 olarak biletin taranm\u0131\u015f kopyas\u0131 hesab\u0131n\u0131za y\u00fcklenecek<\/p>\n<\/li>\n<\/ol>\n<p data-start=\"1305\" data-end=\"1431\">Bu y\u00f6ntem %100 yasal olup, nerede ya\u015farsan\u0131z ya\u015fay\u0131n, resmi EuroMillions EU (Avusturya) \u00e7ekili\u015fine kat\u0131lman\u0131n g\u00fcvenli yoludur.<\/p>\n<h2 data-start=\"1433\" data-end=\"1507\">EuroMillions EU (Avusturya) ile \u0130ngiltere Versiyonu Aras\u0131ndaki Farklar<\/h2>\n<p data-start=\"1509\" data-end=\"1647\">\u0130ki farkl\u0131 oyun vard\u0131r: EuroMillions EU ve EuroMillions UK. Her ikisi de EuroMillions ailesine ait olsa da aralar\u0131nda baz\u0131 farklar vard\u0131r.<\/p>\n<p data-start=\"1649\" data-end=\"1797\">\u0130ngiltere biletleri daha pahal\u0131d\u0131r \u00e7\u00fcnk\u00fc her \u00e7ekili\u015fte en az bir \u0130ngiliz oyuncuya 1 milyon \u00a3 kazand\u0131ran &#8220;Millionaire Maker&#8221; adl\u0131 ek bir oyun i\u00e7erir.<\/p>\n<p data-start=\"1799\" data-end=\"1918\">\u0130ngiltere versiyonu, \u00f6d\u00fcl yap\u0131s\u0131 a\u00e7\u0131s\u0131ndan da farkl\u0131d\u0131r ve d\u00fczenleyici masraflar ile d\u00f6viz kuru farklar\u0131ndan etkilenir.<\/p>\n<p data-start=\"1920\" data-end=\"2114\">RedFoxLotto arac\u0131l\u0131\u011f\u0131yla oynad\u0131\u011f\u0131n\u0131zda, \u0130ngiltere de\u011fil, AB (Avusturya) versiyonuna kat\u0131l\u0131rs\u0131n\u0131z. Bu versiyon &#8220;Millionaire Maker&#8221; i\u00e7ermez, bu y\u00fczden biletler daha ucuz ve kurallar daha basittir.<\/p>\n<h2 data-start=\"2116\" data-end=\"2150\">Biletler Nereden Sat\u0131n Al\u0131n\u0131r?<\/h2>\n<p data-start=\"2152\" data-end=\"2308\">RedFoxLotto\u2019dan al\u0131nan t\u00fcm EuroMillions EU biletleri fiziksel olarak Avusturya&#8217;da sat\u0131n al\u0131n\u0131r \u2013 resmi kat\u0131l\u0131mc\u0131 bir \u00fclke olup Avrupa&#8217;n\u0131n tam merkezindedir.<\/p>\n<h2 data-start=\"2310\" data-end=\"2330\">Neden Avusturya?<\/h2>\n<p data-start=\"2332\" data-end=\"2458\">Avusturya AB \u00fcyesidir ve orijinal EuroMillions EU \u00e7ekili\u015fine eri\u015fim sa\u011flar. Biletler s\u0131k\u0131 kurallara ve tam \u015feffafl\u0131\u011fa tabidir.<\/p>\n<p data-start=\"2460\" data-end=\"2656\">Ayr\u0131ca Avusturya\u2019da piyango kazan\u00e7lar\u0131 \u015fu anda vergiden muaft\u0131r \u2013 bu da uluslararas\u0131 oyuncular i\u00e7in b\u00fcy\u00fck bir avantajd\u0131r. Biletiniz sat\u0131n al\u0131nd\u0131ktan sonra taranm\u0131\u015f bir kopyas\u0131 hesab\u0131n\u0131za y\u00fcklenir.<\/p>\n<h2 data-start=\"2658\" data-end=\"2709\">\u0130kramiye Bilgileri: Minimum ve Maksimum \u00d6d\u00fcller<\/h2>\n<p data-start=\"2711\" data-end=\"2793\">EuroMillions&#8217;u \u00e7evrimi\u00e7i oynamak istemenizin ba\u015fl\u0131ca nedeni devasa ikramiyelerdir.<\/p>\n<p data-start=\"2795\" data-end=\"2814\">Sistem \u015f\u00f6yle i\u015fler:<\/p>\n<ul data-start=\"2816\" data-end=\"2893\">\n<li data-start=\"2816\" data-end=\"2849\">\n<p data-start=\"2818\" data-end=\"2849\">Minimum ikramiye: 17 milyon \u20ac<\/p>\n<\/li>\n<li data-start=\"2850\" data-end=\"2893\">\n<p data-start=\"2852\" data-end=\"2893\">Maksimum ikramiye (tavan): 250 milyon \u20ac<\/p>\n<\/li>\n<\/ul>\n<p data-start=\"2895\" data-end=\"2978\">Kazanan \u00e7\u0131kmad\u0131\u011f\u0131 takdirde ikramiye bir sonraki \u00e7ekili\u015fe devredilir ve h\u0131zla b\u00fcy\u00fcr.<\/p>\n<h2 data-start=\"2980\" data-end=\"3024\">\u0130kramiye 200 Milyon \u20ac Oldu\u011funda Ne Olur?<\/h2>\n<p data-start=\"3026\" data-end=\"3065\">\u0130kramiye 200 milyon avroya ula\u015ft\u0131\u011f\u0131nda:<\/p>\n<ul data-start=\"3067\" data-end=\"3155\">\n<li data-start=\"3067\" data-end=\"3121\">\n<p data-start=\"3069\" data-end=\"3121\">10 milyon avroluk art\u0131\u015flarla y\u00fckselmeye devam eder<\/p>\n<\/li>\n<li data-start=\"3122\" data-end=\"3155\">\n<p data-start=\"3124\" data-end=\"3155\">250 milyon avroya kadar \u00e7\u0131kar<\/p>\n<\/li>\n<\/ul>\n<h2 data-start=\"3157\" data-end=\"3185\">250 Milyon \u20ac\u2019da Ne Olur?<\/h2>\n<p data-start=\"3187\" data-end=\"3336\">\u0130kramiye 250 milyon avroya ula\u015ft\u0131\u011f\u0131nda bu seviyede d\u00f6rt \u00e7ekili\u015f boyunca kalabilir. H\u00e2l\u00e2 kazanan \u00e7\u0131kmazsa, bu tutar bir alt \u00f6d\u00fcl seviyesine da\u011f\u0131t\u0131l\u0131r.<\/p>\n<p data-start=\"3338\" data-end=\"3451\">Bu kurallar EuroMillions EU (Avusturya)\u2019y\u0131 d\u00fcnyan\u0131n en heyecan verici ve oyuncu dostu piyangolar\u0131ndan biri yapar.<\/p>\n<h2 data-start=\"3453\" data-end=\"3512\">Neden EuroMillions EU (Avusturya) Online Oynamal\u0131s\u0131n\u0131z?<\/h2>\n<p data-start=\"3514\" data-end=\"3556\">AB d\u0131\u015f\u0131ndaysan\u0131z, i\u015fte birka\u00e7 g\u00fc\u00e7l\u00fc neden:<\/p>\n<ul data-start=\"3558\" data-end=\"3800\">\n<li data-start=\"3558\" data-end=\"3607\">\n<p data-start=\"3560\" data-end=\"3607\">K\u00fcresel eri\u015fim: herkes her yerden kat\u0131labilir<\/p>\n<\/li>\n<li data-start=\"3608\" data-end=\"3670\">\n<p data-start=\"3610\" data-end=\"3670\">Kolayl\u0131k: istedi\u011finiz zaman, istedi\u011finiz yerden bilet al\u0131n<\/p>\n<\/li>\n<li data-start=\"3671\" data-end=\"3695\">\n<p data-start=\"3673\" data-end=\"3695\">Dijital bilet kan\u0131t\u0131<\/p>\n<\/li>\n<li data-start=\"3696\" data-end=\"3757\">\n<p data-start=\"3698\" data-end=\"3757\">Vergi avantaj\u0131: Avusturya\u2019da ikramiyeler vergilendirilmez<\/p>\n<\/li>\n<li data-start=\"3758\" data-end=\"3800\">\n<p data-start=\"3760\" data-end=\"3800\">Dev ikramiyeler: 250 milyon \u20ac&#8217;ya kadar<\/p>\n<\/li>\n<\/ul>\n<h2 data-start=\"3802\" data-end=\"3811\">Sonu\u00e7<\/h2>\n<p data-start=\"3813\" data-end=\"3988\">EuroMillions EU (Avusturya) oynamak i\u00e7in Fransa, \u0130spanya veya Portekiz&#8217;de ya\u015faman\u0131za gerek yok. \u0130nternet \u00e7a\u011f\u0131nda art\u0131k AB d\u0131\u015f\u0131ndan bile kat\u0131l\u0131p rekor \u00f6d\u00fcller kazanabilirsiniz.<\/p>\n<p data-start=\"3990\" data-end=\"4227\">\u0130ster Avrupa\u2019n\u0131n bir sonraki milyoner aday\u0131 olmak isteyin, ister sadece oyunu seviyor olun \u2013 RedFoxLotto.com \u00fczerinden kat\u0131lmak \u00e7ok kolay. \u015eansl\u0131 numaralar\u0131n\u0131z\u0131 se\u00e7in ve bug\u00fcn online oynay\u0131n \u2013 bir sonraki b\u00fcy\u00fck kazanan siz olabilirsiniz!<\/p>\n","protected":false},"excerpt":{"rendered":"<p>Giri\u015f: EuroMillions EU (Avusturya) Nedir? EuroMillions EU (Avusturya), Avrupa&#8217;n\u0131n en pop\u00fcler ve en zengin piyangolar\u0131ndan biridir. \u0130lk olarak 2004 y\u0131l\u0131nda tan\u0131t\u0131lm\u0131\u015ft\u0131r ve Fransa, \u0130spanya, Avusturya, Bel\u00e7ika, \u0130rlanda, L\u00fcksemburg, Portekiz, \u0130svi\u00e7re ve Andorra olmak \u00fczere dokuz Avrupa \u00fclkesinde resmi olarak oynanmaktad\u0131r. Peki ya Avrupa\u2019da ya\u015fam\u0131yorsan\u0131z ve EuroMillions oynanan bir \u00fclkede de\u011filseniz? Yine de kat\u0131l\u0131p hayat\u0131n\u0131z\u0131 de\u011fi\u015ftirebilecek [&hellip;]<\/p>\n","protected":false},"author":8,"featured_media":0,"parent":2913,"menu_order":4,"comment_status":"closed","ping_status":"closed","template":"euromillions-at.php","meta":{"_et_pb_use_builder":"","_et_pb_old_content":"","_et_gb_content_width":"","exclude_from_search":false,"footnotes":""},"class_list":["post-87620","page","type-page","status-publish","hentry"],"yoast_head":"<!-- This site is optimized with the Yoast SEO plugin v23.8 - https:\/\/yoast.com\/wordpress\/plugins\/seo\/ -->\n<title>AB d\u0131\u015f\u0131ndan \u00e7evrimi\u00e7i Euromillions oynay\u0131n<\/title>\n<meta name=\"description\" content=\"Euromillions&#039;\u0131 AB d\u0131\u015f\u0131ndan veya \u00fclkeniz Euromillions&#039;a kat\u0131lm\u0131yorsa \u00e7evrimi\u00e7i olarak nas\u0131l oynayabilirsiniz?\" \/>\n<meta name=\"robots\" content=\"index, follow, max-snippet:-1, max-image-preview:large, max-video-preview:-1\" \/>\n<link rel=\"canonical\" href=\"https:\/\/redfoxlotto.com\/tr\/oyna\/euromillions-eu\/\" \/>\n<meta property=\"og:locale\" content=\"tr_TR\" \/>\n<meta property=\"og:type\" content=\"article\" \/>\n<meta property=\"og:title\" content=\"AB d\u0131\u015f\u0131ndan \u00e7evrimi\u00e7i Euromillions oynay\u0131n\" \/>\n<meta property=\"og:description\" content=\"Euromillions&#039;\u0131 AB d\u0131\u015f\u0131ndan veya \u00fclkeniz Euromillions&#039;a kat\u0131lm\u0131yorsa \u00e7evrimi\u00e7i olarak nas\u0131l oynayabilirsiniz?\" \/>\n<meta property=\"og:url\" content=\"https:\/\/redfoxlotto.com\/tr\/oyna\/euromillions-eu\/\" \/>\n<meta property=\"og:site_name\" content=\"Get Tickets for the World\u2019s largest jackpots\" \/>\n<meta property=\"article:modified_time\" content=\"2025-12-17T07:09:21+00:00\" \/>\n<meta property=\"og:image\" content=\"https:\/\/redfoxlotto.com\/wp-content\/uploads\/2024\/03\/Balls-300x300.png\" \/>\n<meta name=\"twitter:card\" content=\"summary_large_image\" \/>\n<meta name=\"twitter:label1\" content=\"Tahmini okuma s\u00fcresi\" \/>\n\t<meta name=\"twitter:data1\" content=\"3 dakika\" \/>\n<script type=\"application\/ld+json\" class=\"yoast-schema-graph\">{\"@context\":\"https:\/\/schema.org\",\"@graph\":[{\"@type\":\"WebPage\",\"@id\":\"https:\/\/redfoxlotto.com\/tr\/oyna\/euromillions-eu\/\",\"url\":\"https:\/\/redfoxlotto.com\/tr\/oyna\/euromillions-eu\/\",\"name\":\"AB d\u0131\u015f\u0131ndan \u00e7evrimi\u00e7i Euromillions oynay\u0131n\",\"isPartOf\":{\"@id\":\"https:\/\/redfoxlotto.com\/tr\/#website\"},\"primaryImageOfPage\":{\"@id\":\"https:\/\/redfoxlotto.com\/tr\/oyna\/euromillions-eu\/#primaryimage\"},\"image\":{\"@id\":\"https:\/\/redfoxlotto.com\/tr\/oyna\/euromillions-eu\/#primaryimage\"},\"thumbnailUrl\":\"https:\/\/redfoxlotto.com\/wp-content\/uploads\/2024\/03\/Balls-300x300.png\",\"datePublished\":\"2025-05-19T09:07:38+00:00\",\"dateModified\":\"2025-12-17T07:09:21+00:00\",\"description\":\"Euromillions'\u0131 AB d\u0131\u015f\u0131ndan veya \u00fclkeniz Euromillions'a kat\u0131lm\u0131yorsa \u00e7evrimi\u00e7i olarak nas\u0131l oynayabilirsiniz?\",\"breadcrumb\":{\"@id\":\"https:\/\/redfoxlotto.com\/tr\/oyna\/euromillions-eu\/#breadcrumb\"},\"inLanguage\":\"tr\",\"potentialAction\":[{\"@type\":\"ReadAction\",\"target\":[\"https:\/\/redfoxlotto.com\/tr\/oyna\/euromillions-eu\/\"]}]},{\"@type\":\"ImageObject\",\"inLanguage\":\"tr\",\"@id\":\"https:\/\/redfoxlotto.com\/tr\/oyna\/euromillions-eu\/#primaryimage\",\"url\":\"https:\/\/redfoxlotto.com\/wp-content\/uploads\/2024\/03\/Balls-300x300.png\",\"contentUrl\":\"https:\/\/redfoxlotto.com\/wp-content\/uploads\/2024\/03\/Balls-300x300.png\"},{\"@type\":\"BreadcrumbList\",\"@id\":\"https:\/\/redfoxlotto.com\/tr\/oyna\/euromillions-eu\/#breadcrumb\",\"itemListElement\":[{\"@type\":\"ListItem\",\"position\":1,\"name\":\"Home\",\"item\":\"https:\/\/redfoxlotto.com\/tr\/\"},{\"@type\":\"ListItem\",\"position\":2,\"name\":\"Uluslararas\u0131 piyangolara nas\u0131l kat\u0131l\u0131r\u0131m?\",\"item\":\"https:\/\/redfoxlotto.com\/tr\/oyna\/\"},{\"@type\":\"ListItem\",\"position\":3,\"name\":\"Euromillions AB Oyna\"}]},{\"@type\":\"WebSite\",\"@id\":\"https:\/\/redfoxlotto.com\/tr\/#website\",\"url\":\"https:\/\/redfoxlotto.com\/tr\/\",\"name\":\"Get Tickets for the World\u2019s largest jackpots\",\"description\":\"Participate in worldwide lottery jackpots from any country\",\"publisher\":{\"@id\":\"https:\/\/redfoxlotto.com\/tr\/#organization\"},\"potentialAction\":[{\"@type\":\"SearchAction\",\"target\":{\"@type\":\"EntryPoint\",\"urlTemplate\":\"https:\/\/redfoxlotto.com\/tr\/?s={search_term_string}\"},\"query-input\":{\"@type\":\"PropertyValueSpecification\",\"valueRequired\":true,\"valueName\":\"search_term_string\"}}],\"inLanguage\":\"tr\"},{\"@type\":\"Organization\",\"@id\":\"https:\/\/redfoxlotto.com\/tr\/#organization\",\"name\":\"Get Tickets for the World\u2019s largest jackpots\",\"url\":\"https:\/\/redfoxlotto.com\/tr\/\",\"logo\":{\"@type\":\"ImageObject\",\"inLanguage\":\"tr\",\"@id\":\"https:\/\/redfoxlotto.com\/tr\/#\/schema\/logo\/image\/\",\"url\":\"https:\/\/redfoxlotto.com\/wp-content\/uploads\/2023\/04\/logo.png\",\"contentUrl\":\"https:\/\/redfoxlotto.com\/wp-content\/uploads\/2023\/04\/logo.png\",\"width\":269,\"height\":53,\"caption\":\"Get Tickets for the World\u2019s largest jackpots\"},\"image\":{\"@id\":\"https:\/\/redfoxlotto.com\/tr\/#\/schema\/logo\/image\/\"}}]}<\/script>\n<!-- \/ Yoast SEO plugin. -->","yoast_head_json":{"title":"AB d\u0131\u015f\u0131ndan \u00e7evrimi\u00e7i Euromillions oynay\u0131n","description":"Euromillions'\u0131 AB d\u0131\u015f\u0131ndan veya \u00fclkeniz Euromillions'a kat\u0131lm\u0131yorsa \u00e7evrimi\u00e7i olarak nas\u0131l oynayabilirsiniz?","robots":{"index":"index","follow":"follow","max-snippet":"max-snippet:-1","max-image-preview":"max-image-preview:large","max-video-preview":"max-video-preview:-1"},"canonical":"https:\/\/redfoxlotto.com\/tr\/oyna\/euromillions-eu\/","og_locale":"tr_TR","og_type":"article","og_title":"AB d\u0131\u015f\u0131ndan \u00e7evrimi\u00e7i Euromillions oynay\u0131n","og_description":"Euromillions'\u0131 AB d\u0131\u015f\u0131ndan veya \u00fclkeniz Euromillions'a kat\u0131lm\u0131yorsa \u00e7evrimi\u00e7i olarak nas\u0131l oynayabilirsiniz?","og_url":"https:\/\/redfoxlotto.com\/tr\/oyna\/euromillions-eu\/","og_site_name":"Get Tickets for the World\u2019s largest jackpots","article_modified_time":"2025-12-17T07:09:21+00:00","og_image":[{"url":"https:\/\/redfoxlotto.com\/wp-content\/uploads\/2024\/03\/Balls-300x300.png"}],"twitter_card":"summary_large_image","twitter_misc":{"Tahmini okuma s\u00fcresi":"3 dakika"},"schema":{"@context":"https:\/\/schema.org","@graph":[{"@type":"WebPage","@id":"https:\/\/redfoxlotto.com\/tr\/oyna\/euromillions-eu\/","url":"https:\/\/redfoxlotto.com\/tr\/oyna\/euromillions-eu\/","name":"AB d\u0131\u015f\u0131ndan \u00e7evrimi\u00e7i Euromillions oynay\u0131n","isPartOf":{"@id":"https:\/\/redfoxlotto.com\/tr\/#website"},"primaryImageOfPage":{"@id":"https:\/\/redfoxlotto.com\/tr\/oyna\/euromillions-eu\/#primaryimage"},"image":{"@id":"https:\/\/redfoxlotto.com\/tr\/oyna\/euromillions-eu\/#primaryimage"},"thumbnailUrl":"https:\/\/redfoxlotto.com\/wp-content\/uploads\/2024\/03\/Balls-300x300.png","datePublished":"2025-05-19T09:07:38+00:00","dateModified":"2025-12-17T07:09:21+00:00","description":"Euromillions'\u0131 AB d\u0131\u015f\u0131ndan veya \u00fclkeniz Euromillions'a kat\u0131lm\u0131yorsa \u00e7evrimi\u00e7i olarak nas\u0131l oynayabilirsiniz?","breadcrumb":{"@id":"https:\/\/redfoxlotto.com\/tr\/oyna\/euromillions-eu\/#breadcrumb"},"inLanguage":"tr","potentialAction":[{"@type":"ReadAction","target":["https:\/\/redfoxlotto.com\/tr\/oyna\/euromillions-eu\/"]}]},{"@type":"ImageObject","inLanguage":"tr","@id":"https:\/\/redfoxlotto.com\/tr\/oyna\/euromillions-eu\/#primaryimage","url":"https:\/\/redfoxlotto.com\/wp-content\/uploads\/2024\/03\/Balls-300x300.png","contentUrl":"https:\/\/redfoxlotto.com\/wp-content\/uploads\/2024\/03\/Balls-300x300.png"},{"@type":"BreadcrumbList","@id":"https:\/\/redfoxlotto.com\/tr\/oyna\/euromillions-eu\/#breadcrumb","itemListElement":[{"@type":"ListItem","position":1,"name":"Home","item":"https:\/\/redfoxlotto.com\/tr\/"},{"@type":"ListItem","position":2,"name":"Uluslararas\u0131 piyangolara nas\u0131l kat\u0131l\u0131r\u0131m?","item":"https:\/\/redfoxlotto.com\/tr\/oyna\/"},{"@type":"ListItem","position":3,"name":"Euromillions AB Oyna"}]},{"@type":"WebSite","@id":"https:\/\/redfoxlotto.com\/tr\/#website","url":"https:\/\/redfoxlotto.com\/tr\/","name":"Get Tickets for the World\u2019s largest jackpots","description":"Participate in worldwide lottery jackpots from any country","publisher":{"@id":"https:\/\/redfoxlotto.com\/tr\/#organization"},"potentialAction":[{"@type":"SearchAction","target":{"@type":"EntryPoint","urlTemplate":"https:\/\/redfoxlotto.com\/tr\/?s={search_term_string}"},"query-input":{"@type":"PropertyValueSpecification","valueRequired":true,"valueName":"search_term_string"}}],"inLanguage":"tr"},{"@type":"Organization","@id":"https:\/\/redfoxlotto.com\/tr\/#organization","name":"Get Tickets for the World\u2019s largest jackpots","url":"https:\/\/redfoxlotto.com\/tr\/","logo":{"@type":"ImageObject","inLanguage":"tr","@id":"https:\/\/redfoxlotto.com\/tr\/#\/schema\/logo\/image\/","url":"https:\/\/redfoxlotto.com\/wp-content\/uploads\/2023\/04\/logo.png","contentUrl":"https:\/\/redfoxlotto.com\/wp-content\/uploads\/2023\/04\/logo.png","width":269,"height":53,"caption":"Get Tickets for the World\u2019s largest jackpots"},"image":{"@id":"https:\/\/redfoxlotto.com\/tr\/#\/schema\/logo\/image\/"}}]}},"_links":{"self":[{"href":"https:\/\/redfoxlotto.com\/tr\/wp-json\/wp\/v2\/pages\/87620","targetHints":{"allow":["GET"]}}],"collection":[{"href":"https:\/\/redfoxlotto.com\/tr\/wp-json\/wp\/v2\/pages"}],"about":[{"href":"https:\/\/redfoxlotto.com\/tr\/wp-json\/wp\/v2\/types\/page"}],"author":[{"embeddable":true,"href":"https:\/\/redfoxlotto.com\/tr\/wp-json\/wp\/v2\/users\/8"}],"replies":[{"embeddable":true,"href":"https:\/\/redfoxlotto.com\/tr\/wp-json\/wp\/v2\/comments?post=87620"}],"version-history":[{"count":0,"href":"https:\/\/redfoxlotto.com\/tr\/wp-json\/wp\/v2\/pages\/87620\/revisions"}],"up":[{"embeddable":true,"href":"https:\/\/redfoxlotto.com\/tr\/wp-json\/wp\/v2\/pages\/2913"}],"wp:attachment":[{"href":"https:\/\/redfoxlotto.com\/tr\/wp-json\/wp\/v2\/media?parent=87620"}],"curies":[{"name":"wp","href":"https:\/\/api.w.org\/{rel}","templated":true}]}}