{"id":87507,"date":"2025-05-21T09:02:00","date_gmt":"2025-05-21T09:02:00","guid":{"rendered":"https:\/\/redfoxlotto.com\/?page_id=87507"},"modified":"2025-10-07T12:59:22","modified_gmt":"2025-10-07T12:59:22","slug":"platinum-keno-5-milyon-avro-buyuk-odul","status":"publish","type":"page","link":"https:\/\/redfoxlotto.com\/tr\/keno\/platinum-keno-5-milyon-avro-buyuk-odul\/","title":{"rendered":"Platinum Keno 5 milyon Avro b\u00fcy\u00fck \u00f6d\u00fcl"},"content":{"rendered":"<p>Bu 5 milyon Euro&#8217;luk Keno oyunu her g\u00fcn \u00e7ekiliyor &#8211; \u015fimdi say\u0131 kombinasyonunuzu se\u00e7in!<\/p>\n<div class=\"keno-banner-wrapper\">\n  <img decoding=\"async\" src=\"https:\/\/redfoxlotto.com\/wp-content\/uploads\/2025\/10\/1-scaled.png\" alt=\"Keno Banner\" class=\"keno-banner-image\"><br \/>\n  <div class=\"keno-banner-overlay\"><div class=\"keno-banner-text\">B\u00fcy\u00fck \u00f6d\u00fcl: \u20ac5,000,000<br>Her 8 dakikada bir \u00e7ekili\u015f<\/div><a href=\"https:\/\/keno.redfoxlotto.com\/play\/platinum-keno\" class=\"keno-banner-button\">\u015eimdi Platinum Keno Oynay\u0131n<\/a><\/div>\n<\/div>\n","protected":false},"excerpt":{"rendered":"<p>Bu 5 milyon Euro&#8217;luk Keno oyunu her g\u00fcn \u00e7ekiliyor &#8211; \u015fimdi say\u0131 kombinasyonunuzu se\u00e7in!<\/p>\n","protected":false},"author":8,"featured_media":0,"parent":84449,"menu_order":41,"comment_status":"closed","ping_status":"closed","template":"","meta":{"_et_pb_use_builder":"","_et_pb_old_content":"","_et_gb_content_width":"","exclude_from_search":false,"footnotes":""},"class_list":["post-87507","page","type-page","status-publish","hentry"],"yoast_head":"<!-- This site is optimized with the Yoast SEO plugin v23.8 - https:\/\/yoast.com\/wordpress\/plugins\/seo\/ -->\n<title>En iyi Keno say\u0131 kombinasyonlar\u0131 | Keno&#039;da oynanacak en iyi say\u0131lar<\/title>\n<meta name=\"description\" content=\"Sitemizdeki en iyi Keno say\u0131 kombinasyonlar\u0131n\u0131 se\u00e7in ve en iyi 5 milyon \u20ac ve 10 milyon \u20ac Keno oyunlar\u0131n\u0131 oynay\u0131n\" \/>\n<meta name=\"robots\" content=\"index, follow, max-snippet:-1, max-image-preview:large, max-video-preview:-1\" \/>\n<link rel=\"canonical\" href=\"https:\/\/redfoxlotto.com\/tr\/keno\/platinum-keno-5-milyon-avro-buyuk-odul\/\" \/>\n<meta property=\"og:locale\" content=\"tr_TR\" \/>\n<meta property=\"og:type\" content=\"article\" \/>\n<meta property=\"og:title\" content=\"En iyi Keno say\u0131 kombinasyonlar\u0131 | Keno&#039;da oynanacak en iyi say\u0131lar\" \/>\n<meta property=\"og:description\" content=\"Sitemizdeki en iyi Keno say\u0131 kombinasyonlar\u0131n\u0131 se\u00e7in ve en iyi 5 milyon \u20ac ve 10 milyon \u20ac Keno oyunlar\u0131n\u0131 oynay\u0131n\" \/>\n<meta property=\"og:url\" content=\"https:\/\/redfoxlotto.com\/tr\/keno\/platinum-keno-5-milyon-avro-buyuk-odul\/\" \/>\n<meta property=\"og:site_name\" content=\"Get Tickets for the World\u2019s largest jackpots\" \/>\n<meta property=\"article:modified_time\" content=\"2025-10-07T12:59:22+00:00\" \/>\n<meta property=\"og:image\" content=\"https:\/\/redfoxlotto.com\/wp-content\/uploads\/2025\/10\/1-scaled.png\" \/>\n<meta name=\"twitter:card\" content=\"summary_large_image\" \/>\n<meta name=\"twitter:label1\" content=\"Tahmini okuma s\u00fcresi\" \/>\n\t<meta name=\"twitter:data1\" content=\"1 dakika\" \/>\n<script type=\"application\/ld+json\" class=\"yoast-schema-graph\">{\"@context\":\"https:\/\/schema.org\",\"@graph\":[{\"@type\":\"WebPage\",\"@id\":\"https:\/\/redfoxlotto.com\/tr\/keno\/platinum-keno-5-milyon-avro-buyuk-odul\/\",\"url\":\"https:\/\/redfoxlotto.com\/tr\/keno\/platinum-keno-5-milyon-avro-buyuk-odul\/\",\"name\":\"En iyi Keno say\u0131 kombinasyonlar\u0131 | Keno'da oynanacak en iyi say\u0131lar\",\"isPartOf\":{\"@id\":\"https:\/\/redfoxlotto.com\/tr\/#website\"},\"primaryImageOfPage\":{\"@id\":\"https:\/\/redfoxlotto.com\/tr\/keno\/platinum-keno-5-milyon-avro-buyuk-odul\/#primaryimage\"},\"image\":{\"@id\":\"https:\/\/redfoxlotto.com\/tr\/keno\/platinum-keno-5-milyon-avro-buyuk-odul\/#primaryimage\"},\"thumbnailUrl\":\"https:\/\/redfoxlotto.com\/wp-content\/uploads\/2025\/10\/1-scaled.png\",\"datePublished\":\"2025-05-21T09:02:00+00:00\",\"dateModified\":\"2025-10-07T12:59:22+00:00\",\"description\":\"Sitemizdeki en iyi Keno say\u0131 kombinasyonlar\u0131n\u0131 se\u00e7in ve en iyi 5 milyon \u20ac ve 10 milyon \u20ac Keno oyunlar\u0131n\u0131 oynay\u0131n\",\"breadcrumb\":{\"@id\":\"https:\/\/redfoxlotto.com\/tr\/keno\/platinum-keno-5-milyon-avro-buyuk-odul\/#breadcrumb\"},\"inLanguage\":\"tr\",\"potentialAction\":[{\"@type\":\"ReadAction\",\"target\":[\"https:\/\/redfoxlotto.com\/tr\/keno\/platinum-keno-5-milyon-avro-buyuk-odul\/\"]}]},{\"@type\":\"ImageObject\",\"inLanguage\":\"tr\",\"@id\":\"https:\/\/redfoxlotto.com\/tr\/keno\/platinum-keno-5-milyon-avro-buyuk-odul\/#primaryimage\",\"url\":\"https:\/\/redfoxlotto.com\/wp-content\/uploads\/2025\/10\/1-scaled.png\",\"contentUrl\":\"https:\/\/redfoxlotto.com\/wp-content\/uploads\/2025\/10\/1-scaled.png\"},{\"@type\":\"BreadcrumbList\",\"@id\":\"https:\/\/redfoxlotto.com\/tr\/keno\/platinum-keno-5-milyon-avro-buyuk-odul\/#breadcrumb\",\"itemListElement\":[{\"@type\":\"ListItem\",\"position\":1,\"name\":\"Home\",\"item\":\"https:\/\/redfoxlotto.com\/tr\/\"},{\"@type\":\"ListItem\",\"position\":2,\"name\":\"Keno\",\"item\":\"https:\/\/redfoxlotto.com\/tr\/keno\/\"},{\"@type\":\"ListItem\",\"position\":3,\"name\":\"Platinum Keno 5 milyon Avro b\u00fcy\u00fck \u00f6d\u00fcl\"}]},{\"@type\":\"WebSite\",\"@id\":\"https:\/\/redfoxlotto.com\/tr\/#website\",\"url\":\"https:\/\/redfoxlotto.com\/tr\/\",\"name\":\"Get Tickets for the World\u2019s largest jackpots\",\"description\":\"Participate in worldwide lottery jackpots from any country\",\"publisher\":{\"@id\":\"https:\/\/redfoxlotto.com\/tr\/#organization\"},\"potentialAction\":[{\"@type\":\"SearchAction\",\"target\":{\"@type\":\"EntryPoint\",\"urlTemplate\":\"https:\/\/redfoxlotto.com\/tr\/?s={search_term_string}\"},\"query-input\":{\"@type\":\"PropertyValueSpecification\",\"valueRequired\":true,\"valueName\":\"search_term_string\"}}],\"inLanguage\":\"tr\"},{\"@type\":\"Organization\",\"@id\":\"https:\/\/redfoxlotto.com\/tr\/#organization\",\"name\":\"Get Tickets for the World\u2019s largest jackpots\",\"url\":\"https:\/\/redfoxlotto.com\/tr\/\",\"logo\":{\"@type\":\"ImageObject\",\"inLanguage\":\"tr\",\"@id\":\"https:\/\/redfoxlotto.com\/tr\/#\/schema\/logo\/image\/\",\"url\":\"https:\/\/redfoxlotto.com\/wp-content\/uploads\/2023\/04\/logo.png\",\"contentUrl\":\"https:\/\/redfoxlotto.com\/wp-content\/uploads\/2023\/04\/logo.png\",\"width\":269,\"height\":53,\"caption\":\"Get Tickets for the World\u2019s largest jackpots\"},\"image\":{\"@id\":\"https:\/\/redfoxlotto.com\/tr\/#\/schema\/logo\/image\/\"}}]}<\/script>\n<!-- \/ Yoast SEO plugin. -->","yoast_head_json":{"title":"En iyi Keno say\u0131 kombinasyonlar\u0131 | Keno'da oynanacak en iyi say\u0131lar","description":"Sitemizdeki en iyi Keno say\u0131 kombinasyonlar\u0131n\u0131 se\u00e7in ve en iyi 5 milyon \u20ac ve 10 milyon \u20ac Keno oyunlar\u0131n\u0131 oynay\u0131n","robots":{"index":"index","follow":"follow","max-snippet":"max-snippet:-1","max-image-preview":"max-image-preview:large","max-video-preview":"max-video-preview:-1"},"canonical":"https:\/\/redfoxlotto.com\/tr\/keno\/platinum-keno-5-milyon-avro-buyuk-odul\/","og_locale":"tr_TR","og_type":"article","og_title":"En iyi Keno say\u0131 kombinasyonlar\u0131 | Keno'da oynanacak en iyi say\u0131lar","og_description":"Sitemizdeki en iyi Keno say\u0131 kombinasyonlar\u0131n\u0131 se\u00e7in ve en iyi 5 milyon \u20ac ve 10 milyon \u20ac Keno oyunlar\u0131n\u0131 oynay\u0131n","og_url":"https:\/\/redfoxlotto.com\/tr\/keno\/platinum-keno-5-milyon-avro-buyuk-odul\/","og_site_name":"Get Tickets for the World\u2019s largest jackpots","article_modified_time":"2025-10-07T12:59:22+00:00","og_image":[{"url":"https:\/\/redfoxlotto.com\/wp-content\/uploads\/2025\/10\/1-scaled.png"}],"twitter_card":"summary_large_image","twitter_misc":{"Tahmini okuma s\u00fcresi":"1 dakika"},"schema":{"@context":"https:\/\/schema.org","@graph":[{"@type":"WebPage","@id":"https:\/\/redfoxlotto.com\/tr\/keno\/platinum-keno-5-milyon-avro-buyuk-odul\/","url":"https:\/\/redfoxlotto.com\/tr\/keno\/platinum-keno-5-milyon-avro-buyuk-odul\/","name":"En iyi Keno say\u0131 kombinasyonlar\u0131 | Keno'da oynanacak en iyi say\u0131lar","isPartOf":{"@id":"https:\/\/redfoxlotto.com\/tr\/#website"},"primaryImageOfPage":{"@id":"https:\/\/redfoxlotto.com\/tr\/keno\/platinum-keno-5-milyon-avro-buyuk-odul\/#primaryimage"},"image":{"@id":"https:\/\/redfoxlotto.com\/tr\/keno\/platinum-keno-5-milyon-avro-buyuk-odul\/#primaryimage"},"thumbnailUrl":"https:\/\/redfoxlotto.com\/wp-content\/uploads\/2025\/10\/1-scaled.png","datePublished":"2025-05-21T09:02:00+00:00","dateModified":"2025-10-07T12:59:22+00:00","description":"Sitemizdeki en iyi Keno say\u0131 kombinasyonlar\u0131n\u0131 se\u00e7in ve en iyi 5 milyon \u20ac ve 10 milyon \u20ac Keno oyunlar\u0131n\u0131 oynay\u0131n","breadcrumb":{"@id":"https:\/\/redfoxlotto.com\/tr\/keno\/platinum-keno-5-milyon-avro-buyuk-odul\/#breadcrumb"},"inLanguage":"tr","potentialAction":[{"@type":"ReadAction","target":["https:\/\/redfoxlotto.com\/tr\/keno\/platinum-keno-5-milyon-avro-buyuk-odul\/"]}]},{"@type":"ImageObject","inLanguage":"tr","@id":"https:\/\/redfoxlotto.com\/tr\/keno\/platinum-keno-5-milyon-avro-buyuk-odul\/#primaryimage","url":"https:\/\/redfoxlotto.com\/wp-content\/uploads\/2025\/10\/1-scaled.png","contentUrl":"https:\/\/redfoxlotto.com\/wp-content\/uploads\/2025\/10\/1-scaled.png"},{"@type":"BreadcrumbList","@id":"https:\/\/redfoxlotto.com\/tr\/keno\/platinum-keno-5-milyon-avro-buyuk-odul\/#breadcrumb","itemListElement":[{"@type":"ListItem","position":1,"name":"Home","item":"https:\/\/redfoxlotto.com\/tr\/"},{"@type":"ListItem","position":2,"name":"Keno","item":"https:\/\/redfoxlotto.com\/tr\/keno\/"},{"@type":"ListItem","position":3,"name":"Platinum Keno 5 milyon Avro b\u00fcy\u00fck \u00f6d\u00fcl"}]},{"@type":"WebSite","@id":"https:\/\/redfoxlotto.com\/tr\/#website","url":"https:\/\/redfoxlotto.com\/tr\/","name":"Get Tickets for the World\u2019s largest jackpots","description":"Participate in worldwide lottery jackpots from any country","publisher":{"@id":"https:\/\/redfoxlotto.com\/tr\/#organization"},"potentialAction":[{"@type":"SearchAction","target":{"@type":"EntryPoint","urlTemplate":"https:\/\/redfoxlotto.com\/tr\/?s={search_term_string}"},"query-input":{"@type":"PropertyValueSpecification","valueRequired":true,"valueName":"search_term_string"}}],"inLanguage":"tr"},{"@type":"Organization","@id":"https:\/\/redfoxlotto.com\/tr\/#organization","name":"Get Tickets for the World\u2019s largest jackpots","url":"https:\/\/redfoxlotto.com\/tr\/","logo":{"@type":"ImageObject","inLanguage":"tr","@id":"https:\/\/redfoxlotto.com\/tr\/#\/schema\/logo\/image\/","url":"https:\/\/redfoxlotto.com\/wp-content\/uploads\/2023\/04\/logo.png","contentUrl":"https:\/\/redfoxlotto.com\/wp-content\/uploads\/2023\/04\/logo.png","width":269,"height":53,"caption":"Get Tickets for the World\u2019s largest jackpots"},"image":{"@id":"https:\/\/redfoxlotto.com\/tr\/#\/schema\/logo\/image\/"}}]}},"_links":{"self":[{"href":"https:\/\/redfoxlotto.com\/tr\/wp-json\/wp\/v2\/pages\/87507","targetHints":{"allow":["GET"]}}],"collection":[{"href":"https:\/\/redfoxlotto.com\/tr\/wp-json\/wp\/v2\/pages"}],"about":[{"href":"https:\/\/redfoxlotto.com\/tr\/wp-json\/wp\/v2\/types\/page"}],"author":[{"embeddable":true,"href":"https:\/\/redfoxlotto.com\/tr\/wp-json\/wp\/v2\/users\/8"}],"replies":[{"embeddable":true,"href":"https:\/\/redfoxlotto.com\/tr\/wp-json\/wp\/v2\/comments?post=87507"}],"version-history":[{"count":0,"href":"https:\/\/redfoxlotto.com\/tr\/wp-json\/wp\/v2\/pages\/87507\/revisions"}],"up":[{"embeddable":true,"href":"https:\/\/redfoxlotto.com\/tr\/wp-json\/wp\/v2\/pages\/84449"}],"wp:attachment":[{"href":"https:\/\/redfoxlotto.com\/tr\/wp-json\/wp\/v2\/media?parent=87507"}],"curies":[{"name":"wp","href":"https:\/\/api.w.org\/{rel}","templated":true}]}}