{"id":87403,"date":"2025-04-18T12:27:50","date_gmt":"2025-04-18T12:27:50","guid":{"rendered":"https:\/\/redfoxlotto.com\/?page_id=87403"},"modified":"2025-05-21T08:53:21","modified_gmt":"2025-05-21T08:53:21","slug":"platinum-keno-5-milyon-avro","status":"publish","type":"page","link":"https:\/\/redfoxlotto.com\/tr\/keno\/platinum-keno-5-milyon-avro\/","title":{"rendered":"Platinum Keno 5 milyon Avro"},"content":{"rendered":"<p>Sitemizde en iyi online Keno \u00f6d\u00fcllerine sahibiz<\/p>\n","protected":false},"excerpt":{"rendered":"<p>Sitemizde en iyi online Keno \u00f6d\u00fcllerine sahibiz<\/p>\n","protected":false},"author":8,"featured_media":0,"parent":84449,"menu_order":41,"comment_status":"closed","ping_status":"closed","template":"","meta":{"_et_pb_use_builder":"","_et_pb_old_content":"","_et_gb_content_width":"","exclude_from_search":false,"footnotes":""},"class_list":["post-87403","page","type-page","status-publish","hentry"],"yoast_head":"<!-- This site is optimized with the Yoast SEO plugin v23.8 - https:\/\/yoast.com\/wordpress\/plugins\/seo\/ -->\n<title>En iyi online Keno siteleri | Keno b\u00fcy\u00fck \u00f6d\u00fcl\u00fc 5 milyon \u20ac<\/title>\n<meta name=\"description\" content=\"En iyi online Keno sitesini mi ar\u0131yorsunuz? Web sitemizde 5 milyon Euro ve hatta 10 milyon Euro&#039;luk Keno oyunlar\u0131m\u0131z var\" \/>\n<meta name=\"robots\" content=\"index, follow, max-snippet:-1, max-image-preview:large, max-video-preview:-1\" \/>\n<link rel=\"canonical\" href=\"https:\/\/redfoxlotto.com\/tr\/keno\/platinum-keno-5-milyon-avro\/\" \/>\n<meta property=\"og:locale\" content=\"tr_TR\" \/>\n<meta property=\"og:type\" content=\"article\" \/>\n<meta property=\"og:title\" content=\"En iyi online Keno siteleri | Keno b\u00fcy\u00fck \u00f6d\u00fcl\u00fc 5 milyon \u20ac\" \/>\n<meta property=\"og:description\" content=\"En iyi online Keno sitesini mi ar\u0131yorsunuz? Web sitemizde 5 milyon Euro ve hatta 10 milyon Euro&#039;luk Keno oyunlar\u0131m\u0131z var\" \/>\n<meta property=\"og:url\" content=\"https:\/\/redfoxlotto.com\/tr\/keno\/platinum-keno-5-milyon-avro\/\" \/>\n<meta property=\"og:site_name\" content=\"Get Tickets for the World\u2019s largest jackpots\" \/>\n<meta property=\"article:modified_time\" content=\"2025-05-21T08:53:21+00:00\" \/>\n<meta name=\"twitter:card\" content=\"summary_large_image\" \/>\n<meta name=\"twitter:label1\" content=\"Tahmini okuma s\u00fcresi\" \/>\n\t<meta name=\"twitter:data1\" content=\"1 dakika\" \/>\n<script type=\"application\/ld+json\" class=\"yoast-schema-graph\">{\"@context\":\"https:\/\/schema.org\",\"@graph\":[{\"@type\":\"WebPage\",\"@id\":\"https:\/\/redfoxlotto.com\/tr\/keno\/platinum-keno-5-milyon-avro\/\",\"url\":\"https:\/\/redfoxlotto.com\/tr\/keno\/platinum-keno-5-milyon-avro\/\",\"name\":\"En iyi online Keno siteleri | Keno b\u00fcy\u00fck \u00f6d\u00fcl\u00fc 5 milyon \u20ac\",\"isPartOf\":{\"@id\":\"https:\/\/redfoxlotto.com\/tr\/#website\"},\"datePublished\":\"2025-04-18T12:27:50+00:00\",\"dateModified\":\"2025-05-21T08:53:21+00:00\",\"description\":\"En iyi online Keno sitesini mi ar\u0131yorsunuz? Web sitemizde 5 milyon Euro ve hatta 10 milyon Euro'luk Keno oyunlar\u0131m\u0131z var\",\"breadcrumb\":{\"@id\":\"https:\/\/redfoxlotto.com\/tr\/keno\/platinum-keno-5-milyon-avro\/#breadcrumb\"},\"inLanguage\":\"tr\",\"potentialAction\":[{\"@type\":\"ReadAction\",\"target\":[\"https:\/\/redfoxlotto.com\/tr\/keno\/platinum-keno-5-milyon-avro\/\"]}]},{\"@type\":\"BreadcrumbList\",\"@id\":\"https:\/\/redfoxlotto.com\/tr\/keno\/platinum-keno-5-milyon-avro\/#breadcrumb\",\"itemListElement\":[{\"@type\":\"ListItem\",\"position\":1,\"name\":\"Home\",\"item\":\"https:\/\/redfoxlotto.com\/tr\/\"},{\"@type\":\"ListItem\",\"position\":2,\"name\":\"Keno\",\"item\":\"https:\/\/redfoxlotto.com\/tr\/keno\/\"},{\"@type\":\"ListItem\",\"position\":3,\"name\":\"Platinum Keno 5 milyon Avro\"}]},{\"@type\":\"WebSite\",\"@id\":\"https:\/\/redfoxlotto.com\/tr\/#website\",\"url\":\"https:\/\/redfoxlotto.com\/tr\/\",\"name\":\"Get Tickets for the World\u2019s largest jackpots\",\"description\":\"Participate in worldwide lottery jackpots from any country\",\"publisher\":{\"@id\":\"https:\/\/redfoxlotto.com\/tr\/#organization\"},\"potentialAction\":[{\"@type\":\"SearchAction\",\"target\":{\"@type\":\"EntryPoint\",\"urlTemplate\":\"https:\/\/redfoxlotto.com\/tr\/?s={search_term_string}\"},\"query-input\":{\"@type\":\"PropertyValueSpecification\",\"valueRequired\":true,\"valueName\":\"search_term_string\"}}],\"inLanguage\":\"tr\"},{\"@type\":\"Organization\",\"@id\":\"https:\/\/redfoxlotto.com\/tr\/#organization\",\"name\":\"Get Tickets for the World\u2019s largest jackpots\",\"url\":\"https:\/\/redfoxlotto.com\/tr\/\",\"logo\":{\"@type\":\"ImageObject\",\"inLanguage\":\"tr\",\"@id\":\"https:\/\/redfoxlotto.com\/tr\/#\/schema\/logo\/image\/\",\"url\":\"https:\/\/redfoxlotto.com\/wp-content\/uploads\/2023\/04\/logo.png\",\"contentUrl\":\"https:\/\/redfoxlotto.com\/wp-content\/uploads\/2023\/04\/logo.png\",\"width\":269,\"height\":53,\"caption\":\"Get Tickets for the World\u2019s largest jackpots\"},\"image\":{\"@id\":\"https:\/\/redfoxlotto.com\/tr\/#\/schema\/logo\/image\/\"}}]}<\/script>\n<!-- \/ Yoast SEO plugin. -->","yoast_head_json":{"title":"En iyi online Keno siteleri | Keno b\u00fcy\u00fck \u00f6d\u00fcl\u00fc 5 milyon \u20ac","description":"En iyi online Keno sitesini mi ar\u0131yorsunuz? Web sitemizde 5 milyon Euro ve hatta 10 milyon Euro'luk Keno oyunlar\u0131m\u0131z var","robots":{"index":"index","follow":"follow","max-snippet":"max-snippet:-1","max-image-preview":"max-image-preview:large","max-video-preview":"max-video-preview:-1"},"canonical":"https:\/\/redfoxlotto.com\/tr\/keno\/platinum-keno-5-milyon-avro\/","og_locale":"tr_TR","og_type":"article","og_title":"En iyi online Keno siteleri | Keno b\u00fcy\u00fck \u00f6d\u00fcl\u00fc 5 milyon \u20ac","og_description":"En iyi online Keno sitesini mi ar\u0131yorsunuz? Web sitemizde 5 milyon Euro ve hatta 10 milyon Euro'luk Keno oyunlar\u0131m\u0131z var","og_url":"https:\/\/redfoxlotto.com\/tr\/keno\/platinum-keno-5-milyon-avro\/","og_site_name":"Get Tickets for the World\u2019s largest jackpots","article_modified_time":"2025-05-21T08:53:21+00:00","twitter_card":"summary_large_image","twitter_misc":{"Tahmini okuma s\u00fcresi":"1 dakika"},"schema":{"@context":"https:\/\/schema.org","@graph":[{"@type":"WebPage","@id":"https:\/\/redfoxlotto.com\/tr\/keno\/platinum-keno-5-milyon-avro\/","url":"https:\/\/redfoxlotto.com\/tr\/keno\/platinum-keno-5-milyon-avro\/","name":"En iyi online Keno siteleri | Keno b\u00fcy\u00fck \u00f6d\u00fcl\u00fc 5 milyon \u20ac","isPartOf":{"@id":"https:\/\/redfoxlotto.com\/tr\/#website"},"datePublished":"2025-04-18T12:27:50+00:00","dateModified":"2025-05-21T08:53:21+00:00","description":"En iyi online Keno sitesini mi ar\u0131yorsunuz? Web sitemizde 5 milyon Euro ve hatta 10 milyon Euro'luk Keno oyunlar\u0131m\u0131z var","breadcrumb":{"@id":"https:\/\/redfoxlotto.com\/tr\/keno\/platinum-keno-5-milyon-avro\/#breadcrumb"},"inLanguage":"tr","potentialAction":[{"@type":"ReadAction","target":["https:\/\/redfoxlotto.com\/tr\/keno\/platinum-keno-5-milyon-avro\/"]}]},{"@type":"BreadcrumbList","@id":"https:\/\/redfoxlotto.com\/tr\/keno\/platinum-keno-5-milyon-avro\/#breadcrumb","itemListElement":[{"@type":"ListItem","position":1,"name":"Home","item":"https:\/\/redfoxlotto.com\/tr\/"},{"@type":"ListItem","position":2,"name":"Keno","item":"https:\/\/redfoxlotto.com\/tr\/keno\/"},{"@type":"ListItem","position":3,"name":"Platinum Keno 5 milyon Avro"}]},{"@type":"WebSite","@id":"https:\/\/redfoxlotto.com\/tr\/#website","url":"https:\/\/redfoxlotto.com\/tr\/","name":"Get Tickets for the World\u2019s largest jackpots","description":"Participate in worldwide lottery jackpots from any country","publisher":{"@id":"https:\/\/redfoxlotto.com\/tr\/#organization"},"potentialAction":[{"@type":"SearchAction","target":{"@type":"EntryPoint","urlTemplate":"https:\/\/redfoxlotto.com\/tr\/?s={search_term_string}"},"query-input":{"@type":"PropertyValueSpecification","valueRequired":true,"valueName":"search_term_string"}}],"inLanguage":"tr"},{"@type":"Organization","@id":"https:\/\/redfoxlotto.com\/tr\/#organization","name":"Get Tickets for the World\u2019s largest jackpots","url":"https:\/\/redfoxlotto.com\/tr\/","logo":{"@type":"ImageObject","inLanguage":"tr","@id":"https:\/\/redfoxlotto.com\/tr\/#\/schema\/logo\/image\/","url":"https:\/\/redfoxlotto.com\/wp-content\/uploads\/2023\/04\/logo.png","contentUrl":"https:\/\/redfoxlotto.com\/wp-content\/uploads\/2023\/04\/logo.png","width":269,"height":53,"caption":"Get Tickets for the World\u2019s largest jackpots"},"image":{"@id":"https:\/\/redfoxlotto.com\/tr\/#\/schema\/logo\/image\/"}}]}},"_links":{"self":[{"href":"https:\/\/redfoxlotto.com\/tr\/wp-json\/wp\/v2\/pages\/87403","targetHints":{"allow":["GET"]}}],"collection":[{"href":"https:\/\/redfoxlotto.com\/tr\/wp-json\/wp\/v2\/pages"}],"about":[{"href":"https:\/\/redfoxlotto.com\/tr\/wp-json\/wp\/v2\/types\/page"}],"author":[{"embeddable":true,"href":"https:\/\/redfoxlotto.com\/tr\/wp-json\/wp\/v2\/users\/8"}],"replies":[{"embeddable":true,"href":"https:\/\/redfoxlotto.com\/tr\/wp-json\/wp\/v2\/comments?post=87403"}],"version-history":[{"count":0,"href":"https:\/\/redfoxlotto.com\/tr\/wp-json\/wp\/v2\/pages\/87403\/revisions"}],"up":[{"embeddable":true,"href":"https:\/\/redfoxlotto.com\/tr\/wp-json\/wp\/v2\/pages\/84449"}],"wp:attachment":[{"href":"https:\/\/redfoxlotto.com\/tr\/wp-json\/wp\/v2\/media?parent=87403"}],"curies":[{"name":"wp","href":"https:\/\/api.w.org\/{rel}","templated":true}]}}