{"id":87121,"date":"2025-05-16T10:39:54","date_gmt":"2025-05-16T10:39:54","guid":{"rendered":"https:\/\/redfoxlotto.com\/?page_id=87121"},"modified":"2025-05-17T22:15:47","modified_gmt":"2025-05-17T22:15:47","slug":"diamond-keno-kazanan-numaralar","status":"publish","type":"page","link":"https:\/\/redfoxlotto.com\/tr\/keno\/diamond-keno-kazanan-numaralar\/","title":{"rendered":"Diamond Keno kazanan numaralar"},"content":{"rendered":"<p>Her 20 dakikada bir yeni kazanan numaralar geliyor &#8211; Diamond Keno sonu\u00e7lar\u0131n\u0131 \u015fimdi kontrol edin<\/p>\n","protected":false},"excerpt":{"rendered":"<p>Her 20 dakikada bir yeni kazanan numaralar geliyor &#8211; Diamond Keno sonu\u00e7lar\u0131n\u0131 \u015fimdi kontrol edin<\/p>\n","protected":false},"author":8,"featured_media":0,"parent":84449,"menu_order":40,"comment_status":"closed","ping_status":"closed","template":"","meta":{"_et_pb_use_builder":"","_et_pb_old_content":"","_et_gb_content_width":"","exclude_from_search":false,"footnotes":""},"class_list":["post-87121","page","type-page","status-publish","hentry"],"yoast_head":"<!-- This site is optimized with the Yoast SEO plugin v23.8 - https:\/\/yoast.com\/wordpress\/plugins\/seo\/ -->\n<title>En b\u00fcy\u00fck Keno piyangomuz i\u00e7in kazanan numaralar - \u015fimdi 10 milyon \u20ac kazan\u0131n!<\/title>\n<meta name=\"description\" content=\"\u0130\u015fte en b\u00fcy\u00fck Keno piyangomuz i\u00e7in en son kazanan numaralar - her 20 dakikada bir 10 milyon \u20ac tehlikede.\" \/>\n<meta name=\"robots\" content=\"index, follow, max-snippet:-1, max-image-preview:large, max-video-preview:-1\" \/>\n<link rel=\"canonical\" href=\"https:\/\/redfoxlotto.com\/tr\/keno\/diamond-keno-kazanan-numaralar\/\" \/>\n<meta property=\"og:locale\" content=\"tr_TR\" \/>\n<meta property=\"og:type\" content=\"article\" \/>\n<meta property=\"og:title\" content=\"En b\u00fcy\u00fck Keno piyangomuz i\u00e7in kazanan numaralar - \u015fimdi 10 milyon \u20ac kazan\u0131n!\" \/>\n<meta property=\"og:description\" content=\"\u0130\u015fte en b\u00fcy\u00fck Keno piyangomuz i\u00e7in en son kazanan numaralar - her 20 dakikada bir 10 milyon \u20ac tehlikede.\" \/>\n<meta property=\"og:url\" content=\"https:\/\/redfoxlotto.com\/tr\/keno\/diamond-keno-kazanan-numaralar\/\" \/>\n<meta property=\"og:site_name\" content=\"Get Tickets for the World\u2019s largest jackpots\" \/>\n<meta property=\"article:modified_time\" content=\"2025-05-17T22:15:47+00:00\" \/>\n<meta name=\"twitter:card\" content=\"summary_large_image\" \/>\n<meta name=\"twitter:label1\" content=\"Tahmini okuma s\u00fcresi\" \/>\n\t<meta name=\"twitter:data1\" content=\"1 dakika\" \/>\n<script type=\"application\/ld+json\" class=\"yoast-schema-graph\">{\"@context\":\"https:\/\/schema.org\",\"@graph\":[{\"@type\":\"WebPage\",\"@id\":\"https:\/\/redfoxlotto.com\/tr\/keno\/diamond-keno-kazanan-numaralar\/\",\"url\":\"https:\/\/redfoxlotto.com\/tr\/keno\/diamond-keno-kazanan-numaralar\/\",\"name\":\"En b\u00fcy\u00fck Keno piyangomuz i\u00e7in kazanan numaralar - \u015fimdi 10 milyon \u20ac kazan\u0131n!\",\"isPartOf\":{\"@id\":\"https:\/\/redfoxlotto.com\/tr\/#website\"},\"datePublished\":\"2025-05-16T10:39:54+00:00\",\"dateModified\":\"2025-05-17T22:15:47+00:00\",\"description\":\"\u0130\u015fte en b\u00fcy\u00fck Keno piyangomuz i\u00e7in en son kazanan numaralar - her 20 dakikada bir 10 milyon \u20ac tehlikede.\",\"breadcrumb\":{\"@id\":\"https:\/\/redfoxlotto.com\/tr\/keno\/diamond-keno-kazanan-numaralar\/#breadcrumb\"},\"inLanguage\":\"tr\",\"potentialAction\":[{\"@type\":\"ReadAction\",\"target\":[\"https:\/\/redfoxlotto.com\/tr\/keno\/diamond-keno-kazanan-numaralar\/\"]}]},{\"@type\":\"BreadcrumbList\",\"@id\":\"https:\/\/redfoxlotto.com\/tr\/keno\/diamond-keno-kazanan-numaralar\/#breadcrumb\",\"itemListElement\":[{\"@type\":\"ListItem\",\"position\":1,\"name\":\"Home\",\"item\":\"https:\/\/redfoxlotto.com\/tr\/\"},{\"@type\":\"ListItem\",\"position\":2,\"name\":\"Keno\",\"item\":\"https:\/\/redfoxlotto.com\/tr\/keno\/\"},{\"@type\":\"ListItem\",\"position\":3,\"name\":\"Diamond Keno kazanan numaralar\"}]},{\"@type\":\"WebSite\",\"@id\":\"https:\/\/redfoxlotto.com\/tr\/#website\",\"url\":\"https:\/\/redfoxlotto.com\/tr\/\",\"name\":\"Get Tickets for the World\u2019s largest jackpots\",\"description\":\"Participate in worldwide lottery jackpots from any country\",\"publisher\":{\"@id\":\"https:\/\/redfoxlotto.com\/tr\/#organization\"},\"potentialAction\":[{\"@type\":\"SearchAction\",\"target\":{\"@type\":\"EntryPoint\",\"urlTemplate\":\"https:\/\/redfoxlotto.com\/tr\/?s={search_term_string}\"},\"query-input\":{\"@type\":\"PropertyValueSpecification\",\"valueRequired\":true,\"valueName\":\"search_term_string\"}}],\"inLanguage\":\"tr\"},{\"@type\":\"Organization\",\"@id\":\"https:\/\/redfoxlotto.com\/tr\/#organization\",\"name\":\"Get Tickets for the World\u2019s largest jackpots\",\"url\":\"https:\/\/redfoxlotto.com\/tr\/\",\"logo\":{\"@type\":\"ImageObject\",\"inLanguage\":\"tr\",\"@id\":\"https:\/\/redfoxlotto.com\/tr\/#\/schema\/logo\/image\/\",\"url\":\"https:\/\/redfoxlotto.com\/wp-content\/uploads\/2023\/04\/logo.png\",\"contentUrl\":\"https:\/\/redfoxlotto.com\/wp-content\/uploads\/2023\/04\/logo.png\",\"width\":269,\"height\":53,\"caption\":\"Get Tickets for the World\u2019s largest jackpots\"},\"image\":{\"@id\":\"https:\/\/redfoxlotto.com\/tr\/#\/schema\/logo\/image\/\"}}]}<\/script>\n<!-- \/ Yoast SEO plugin. -->","yoast_head_json":{"title":"En b\u00fcy\u00fck Keno piyangomuz i\u00e7in kazanan numaralar - \u015fimdi 10 milyon \u20ac kazan\u0131n!","description":"\u0130\u015fte en b\u00fcy\u00fck Keno piyangomuz i\u00e7in en son kazanan numaralar - her 20 dakikada bir 10 milyon \u20ac tehlikede.","robots":{"index":"index","follow":"follow","max-snippet":"max-snippet:-1","max-image-preview":"max-image-preview:large","max-video-preview":"max-video-preview:-1"},"canonical":"https:\/\/redfoxlotto.com\/tr\/keno\/diamond-keno-kazanan-numaralar\/","og_locale":"tr_TR","og_type":"article","og_title":"En b\u00fcy\u00fck Keno piyangomuz i\u00e7in kazanan numaralar - \u015fimdi 10 milyon \u20ac kazan\u0131n!","og_description":"\u0130\u015fte en b\u00fcy\u00fck Keno piyangomuz i\u00e7in en son kazanan numaralar - her 20 dakikada bir 10 milyon \u20ac tehlikede.","og_url":"https:\/\/redfoxlotto.com\/tr\/keno\/diamond-keno-kazanan-numaralar\/","og_site_name":"Get Tickets for the World\u2019s largest jackpots","article_modified_time":"2025-05-17T22:15:47+00:00","twitter_card":"summary_large_image","twitter_misc":{"Tahmini okuma s\u00fcresi":"1 dakika"},"schema":{"@context":"https:\/\/schema.org","@graph":[{"@type":"WebPage","@id":"https:\/\/redfoxlotto.com\/tr\/keno\/diamond-keno-kazanan-numaralar\/","url":"https:\/\/redfoxlotto.com\/tr\/keno\/diamond-keno-kazanan-numaralar\/","name":"En b\u00fcy\u00fck Keno piyangomuz i\u00e7in kazanan numaralar - \u015fimdi 10 milyon \u20ac kazan\u0131n!","isPartOf":{"@id":"https:\/\/redfoxlotto.com\/tr\/#website"},"datePublished":"2025-05-16T10:39:54+00:00","dateModified":"2025-05-17T22:15:47+00:00","description":"\u0130\u015fte en b\u00fcy\u00fck Keno piyangomuz i\u00e7in en son kazanan numaralar - her 20 dakikada bir 10 milyon \u20ac tehlikede.","breadcrumb":{"@id":"https:\/\/redfoxlotto.com\/tr\/keno\/diamond-keno-kazanan-numaralar\/#breadcrumb"},"inLanguage":"tr","potentialAction":[{"@type":"ReadAction","target":["https:\/\/redfoxlotto.com\/tr\/keno\/diamond-keno-kazanan-numaralar\/"]}]},{"@type":"BreadcrumbList","@id":"https:\/\/redfoxlotto.com\/tr\/keno\/diamond-keno-kazanan-numaralar\/#breadcrumb","itemListElement":[{"@type":"ListItem","position":1,"name":"Home","item":"https:\/\/redfoxlotto.com\/tr\/"},{"@type":"ListItem","position":2,"name":"Keno","item":"https:\/\/redfoxlotto.com\/tr\/keno\/"},{"@type":"ListItem","position":3,"name":"Diamond Keno kazanan numaralar"}]},{"@type":"WebSite","@id":"https:\/\/redfoxlotto.com\/tr\/#website","url":"https:\/\/redfoxlotto.com\/tr\/","name":"Get Tickets for the World\u2019s largest jackpots","description":"Participate in worldwide lottery jackpots from any country","publisher":{"@id":"https:\/\/redfoxlotto.com\/tr\/#organization"},"potentialAction":[{"@type":"SearchAction","target":{"@type":"EntryPoint","urlTemplate":"https:\/\/redfoxlotto.com\/tr\/?s={search_term_string}"},"query-input":{"@type":"PropertyValueSpecification","valueRequired":true,"valueName":"search_term_string"}}],"inLanguage":"tr"},{"@type":"Organization","@id":"https:\/\/redfoxlotto.com\/tr\/#organization","name":"Get Tickets for the World\u2019s largest jackpots","url":"https:\/\/redfoxlotto.com\/tr\/","logo":{"@type":"ImageObject","inLanguage":"tr","@id":"https:\/\/redfoxlotto.com\/tr\/#\/schema\/logo\/image\/","url":"https:\/\/redfoxlotto.com\/wp-content\/uploads\/2023\/04\/logo.png","contentUrl":"https:\/\/redfoxlotto.com\/wp-content\/uploads\/2023\/04\/logo.png","width":269,"height":53,"caption":"Get Tickets for the World\u2019s largest jackpots"},"image":{"@id":"https:\/\/redfoxlotto.com\/tr\/#\/schema\/logo\/image\/"}}]}},"_links":{"self":[{"href":"https:\/\/redfoxlotto.com\/tr\/wp-json\/wp\/v2\/pages\/87121","targetHints":{"allow":["GET"]}}],"collection":[{"href":"https:\/\/redfoxlotto.com\/tr\/wp-json\/wp\/v2\/pages"}],"about":[{"href":"https:\/\/redfoxlotto.com\/tr\/wp-json\/wp\/v2\/types\/page"}],"author":[{"embeddable":true,"href":"https:\/\/redfoxlotto.com\/tr\/wp-json\/wp\/v2\/users\/8"}],"replies":[{"embeddable":true,"href":"https:\/\/redfoxlotto.com\/tr\/wp-json\/wp\/v2\/comments?post=87121"}],"version-history":[{"count":0,"href":"https:\/\/redfoxlotto.com\/tr\/wp-json\/wp\/v2\/pages\/87121\/revisions"}],"up":[{"embeddable":true,"href":"https:\/\/redfoxlotto.com\/tr\/wp-json\/wp\/v2\/pages\/84449"}],"wp:attachment":[{"href":"https:\/\/redfoxlotto.com\/tr\/wp-json\/wp\/v2\/media?parent=87121"}],"curies":[{"name":"wp","href":"https:\/\/api.w.org\/{rel}","templated":true}]}}