{"id":86956,"date":"2025-02-12T11:22:02","date_gmt":"2025-02-12T11:22:02","guid":{"rendered":"https:\/\/redfoxlotto.com\/?page_id=86956"},"modified":"2025-10-07T12:15:51","modified_gmt":"2025-10-07T12:15:51","slug":"diamond-keno-10-milyon-e-buyuk-odul","status":"publish","type":"page","link":"https:\/\/redfoxlotto.com\/tr\/keno\/diamond-keno-10-milyon-e-buyuk-odul\/","title":{"rendered":"Diamond Keno 10 milyon \u20ac b\u00fcy\u00fck \u00f6d\u00fcl"},"content":{"rendered":"<p>Her 20 dakikada bir \u00e7ekili\u015fli en iyi 10 milyon \u20ac&#8217;luk Elmas Keno oyunumuz<\/p>\n<div class=\"keno-banner-wrapper\"><img decoding=\"async\" class=\"keno-banner-image\" src=\"https:\/\/redfoxlotto.com\/wp-content\/uploads\/2025\/10\/3-scaled.png\" alt=\"Keno Banner\" \/><br \/>\n<div class=\"keno-banner-overlay\"><div class=\"keno-banner-text\">B\u00fcy\u00fck \u00f6d\u00fcl: \u20ac10,000,000<br>Her 30 dakikada bir \u00e7ekili\u015f<\/div><a href=\"https:\/\/keno.redfoxlotto.com\/play\/diamond-keno\" class=\"keno-banner-button\">\u015eimdi Diamond Keno Oynay\u0131n<\/a><\/div><\/div>\n","protected":false},"excerpt":{"rendered":"<p>Her 20 dakikada bir \u00e7ekili\u015fli en iyi 10 milyon \u20ac&#8217;luk Elmas Keno oyunumuz<\/p>\n","protected":false},"author":8,"featured_media":0,"parent":84449,"menu_order":40,"comment_status":"closed","ping_status":"closed","template":"","meta":{"_et_pb_use_builder":"","_et_pb_old_content":"","_et_gb_content_width":"","exclude_from_search":false,"footnotes":""},"class_list":["post-86956","page","type-page","status-publish","hentry"],"yoast_head":"<!-- This site is optimized with the Yoast SEO plugin v23.8 - https:\/\/yoast.com\/wordpress\/plugins\/seo\/ -->\n<title>\u015eimdiye kadarki en iyi online Keno oyunu - en b\u00fcy\u00fck \u00f6d\u00fcl 10 milyon \u20ac \u00f6d\u00fcl<\/title>\n<meta name=\"description\" content=\"Her 20 dakikada bir \u00e7ekili\u015f yap\u0131lan 10 milyon \u20ac&#039;luk Elmas Keno oyunumuz da dahil olmak \u00fczere \u00e7evrimi\u00e7i olarak mevcut en iyi Keno oyunlar\u0131na sahibiz\" \/>\n<meta name=\"robots\" content=\"index, follow, max-snippet:-1, max-image-preview:large, max-video-preview:-1\" \/>\n<link rel=\"canonical\" href=\"https:\/\/redfoxlotto.com\/tr\/keno\/diamond-keno-10-milyon-e-buyuk-odul\/\" \/>\n<meta property=\"og:locale\" content=\"tr_TR\" \/>\n<meta property=\"og:type\" content=\"article\" \/>\n<meta property=\"og:title\" content=\"\u015eimdiye kadarki en iyi online Keno oyunu - en b\u00fcy\u00fck \u00f6d\u00fcl 10 milyon \u20ac \u00f6d\u00fcl\" \/>\n<meta property=\"og:description\" content=\"Her 20 dakikada bir \u00e7ekili\u015f yap\u0131lan 10 milyon \u20ac&#039;luk Elmas Keno oyunumuz da dahil olmak \u00fczere \u00e7evrimi\u00e7i olarak mevcut en iyi Keno oyunlar\u0131na sahibiz\" \/>\n<meta property=\"og:url\" content=\"https:\/\/redfoxlotto.com\/tr\/keno\/diamond-keno-10-milyon-e-buyuk-odul\/\" \/>\n<meta property=\"og:site_name\" content=\"Get Tickets for the World\u2019s largest jackpots\" \/>\n<meta property=\"article:modified_time\" content=\"2025-10-07T12:15:51+00:00\" \/>\n<meta property=\"og:image\" content=\"https:\/\/redfoxlotto.com\/wp-content\/uploads\/2025\/10\/3-scaled.png\" \/>\n<meta name=\"twitter:card\" content=\"summary_large_image\" \/>\n<meta name=\"twitter:label1\" content=\"Tahmini okuma s\u00fcresi\" \/>\n\t<meta name=\"twitter:data1\" content=\"1 dakika\" \/>\n<script type=\"application\/ld+json\" class=\"yoast-schema-graph\">{\"@context\":\"https:\/\/schema.org\",\"@graph\":[{\"@type\":\"WebPage\",\"@id\":\"https:\/\/redfoxlotto.com\/tr\/keno\/diamond-keno-10-milyon-e-buyuk-odul\/\",\"url\":\"https:\/\/redfoxlotto.com\/tr\/keno\/diamond-keno-10-milyon-e-buyuk-odul\/\",\"name\":\"\u015eimdiye kadarki en iyi online Keno oyunu - en b\u00fcy\u00fck \u00f6d\u00fcl 10 milyon \u20ac \u00f6d\u00fcl\",\"isPartOf\":{\"@id\":\"https:\/\/redfoxlotto.com\/tr\/#website\"},\"primaryImageOfPage\":{\"@id\":\"https:\/\/redfoxlotto.com\/tr\/keno\/diamond-keno-10-milyon-e-buyuk-odul\/#primaryimage\"},\"image\":{\"@id\":\"https:\/\/redfoxlotto.com\/tr\/keno\/diamond-keno-10-milyon-e-buyuk-odul\/#primaryimage\"},\"thumbnailUrl\":\"https:\/\/redfoxlotto.com\/wp-content\/uploads\/2025\/10\/3-scaled.png\",\"datePublished\":\"2025-02-12T11:22:02+00:00\",\"dateModified\":\"2025-10-07T12:15:51+00:00\",\"description\":\"Her 20 dakikada bir \u00e7ekili\u015f yap\u0131lan 10 milyon \u20ac'luk Elmas Keno oyunumuz da dahil olmak \u00fczere \u00e7evrimi\u00e7i olarak mevcut en iyi Keno oyunlar\u0131na sahibiz\",\"breadcrumb\":{\"@id\":\"https:\/\/redfoxlotto.com\/tr\/keno\/diamond-keno-10-milyon-e-buyuk-odul\/#breadcrumb\"},\"inLanguage\":\"tr\",\"potentialAction\":[{\"@type\":\"ReadAction\",\"target\":[\"https:\/\/redfoxlotto.com\/tr\/keno\/diamond-keno-10-milyon-e-buyuk-odul\/\"]}]},{\"@type\":\"ImageObject\",\"inLanguage\":\"tr\",\"@id\":\"https:\/\/redfoxlotto.com\/tr\/keno\/diamond-keno-10-milyon-e-buyuk-odul\/#primaryimage\",\"url\":\"https:\/\/redfoxlotto.com\/wp-content\/uploads\/2025\/10\/3-scaled.png\",\"contentUrl\":\"https:\/\/redfoxlotto.com\/wp-content\/uploads\/2025\/10\/3-scaled.png\"},{\"@type\":\"BreadcrumbList\",\"@id\":\"https:\/\/redfoxlotto.com\/tr\/keno\/diamond-keno-10-milyon-e-buyuk-odul\/#breadcrumb\",\"itemListElement\":[{\"@type\":\"ListItem\",\"position\":1,\"name\":\"Home\",\"item\":\"https:\/\/redfoxlotto.com\/tr\/\"},{\"@type\":\"ListItem\",\"position\":2,\"name\":\"Keno\",\"item\":\"https:\/\/redfoxlotto.com\/tr\/keno\/\"},{\"@type\":\"ListItem\",\"position\":3,\"name\":\"Diamond Keno 10 milyon \u20ac b\u00fcy\u00fck \u00f6d\u00fcl\"}]},{\"@type\":\"WebSite\",\"@id\":\"https:\/\/redfoxlotto.com\/tr\/#website\",\"url\":\"https:\/\/redfoxlotto.com\/tr\/\",\"name\":\"Get Tickets for the World\u2019s largest jackpots\",\"description\":\"Participate in worldwide lottery jackpots from any country\",\"publisher\":{\"@id\":\"https:\/\/redfoxlotto.com\/tr\/#organization\"},\"potentialAction\":[{\"@type\":\"SearchAction\",\"target\":{\"@type\":\"EntryPoint\",\"urlTemplate\":\"https:\/\/redfoxlotto.com\/tr\/?s={search_term_string}\"},\"query-input\":{\"@type\":\"PropertyValueSpecification\",\"valueRequired\":true,\"valueName\":\"search_term_string\"}}],\"inLanguage\":\"tr\"},{\"@type\":\"Organization\",\"@id\":\"https:\/\/redfoxlotto.com\/tr\/#organization\",\"name\":\"Get Tickets for the World\u2019s largest jackpots\",\"url\":\"https:\/\/redfoxlotto.com\/tr\/\",\"logo\":{\"@type\":\"ImageObject\",\"inLanguage\":\"tr\",\"@id\":\"https:\/\/redfoxlotto.com\/tr\/#\/schema\/logo\/image\/\",\"url\":\"https:\/\/redfoxlotto.com\/wp-content\/uploads\/2023\/04\/logo.png\",\"contentUrl\":\"https:\/\/redfoxlotto.com\/wp-content\/uploads\/2023\/04\/logo.png\",\"width\":269,\"height\":53,\"caption\":\"Get Tickets for the World\u2019s largest jackpots\"},\"image\":{\"@id\":\"https:\/\/redfoxlotto.com\/tr\/#\/schema\/logo\/image\/\"}}]}<\/script>\n<!-- \/ Yoast SEO plugin. -->","yoast_head_json":{"title":"\u015eimdiye kadarki en iyi online Keno oyunu - en b\u00fcy\u00fck \u00f6d\u00fcl 10 milyon \u20ac \u00f6d\u00fcl","description":"Her 20 dakikada bir \u00e7ekili\u015f yap\u0131lan 10 milyon \u20ac'luk Elmas Keno oyunumuz da dahil olmak \u00fczere \u00e7evrimi\u00e7i olarak mevcut en iyi Keno oyunlar\u0131na sahibiz","robots":{"index":"index","follow":"follow","max-snippet":"max-snippet:-1","max-image-preview":"max-image-preview:large","max-video-preview":"max-video-preview:-1"},"canonical":"https:\/\/redfoxlotto.com\/tr\/keno\/diamond-keno-10-milyon-e-buyuk-odul\/","og_locale":"tr_TR","og_type":"article","og_title":"\u015eimdiye kadarki en iyi online Keno oyunu - en b\u00fcy\u00fck \u00f6d\u00fcl 10 milyon \u20ac \u00f6d\u00fcl","og_description":"Her 20 dakikada bir \u00e7ekili\u015f yap\u0131lan 10 milyon \u20ac'luk Elmas Keno oyunumuz da dahil olmak \u00fczere \u00e7evrimi\u00e7i olarak mevcut en iyi Keno oyunlar\u0131na sahibiz","og_url":"https:\/\/redfoxlotto.com\/tr\/keno\/diamond-keno-10-milyon-e-buyuk-odul\/","og_site_name":"Get Tickets for the World\u2019s largest jackpots","article_modified_time":"2025-10-07T12:15:51+00:00","og_image":[{"url":"https:\/\/redfoxlotto.com\/wp-content\/uploads\/2025\/10\/3-scaled.png"}],"twitter_card":"summary_large_image","twitter_misc":{"Tahmini okuma s\u00fcresi":"1 dakika"},"schema":{"@context":"https:\/\/schema.org","@graph":[{"@type":"WebPage","@id":"https:\/\/redfoxlotto.com\/tr\/keno\/diamond-keno-10-milyon-e-buyuk-odul\/","url":"https:\/\/redfoxlotto.com\/tr\/keno\/diamond-keno-10-milyon-e-buyuk-odul\/","name":"\u015eimdiye kadarki en iyi online Keno oyunu - en b\u00fcy\u00fck \u00f6d\u00fcl 10 milyon \u20ac \u00f6d\u00fcl","isPartOf":{"@id":"https:\/\/redfoxlotto.com\/tr\/#website"},"primaryImageOfPage":{"@id":"https:\/\/redfoxlotto.com\/tr\/keno\/diamond-keno-10-milyon-e-buyuk-odul\/#primaryimage"},"image":{"@id":"https:\/\/redfoxlotto.com\/tr\/keno\/diamond-keno-10-milyon-e-buyuk-odul\/#primaryimage"},"thumbnailUrl":"https:\/\/redfoxlotto.com\/wp-content\/uploads\/2025\/10\/3-scaled.png","datePublished":"2025-02-12T11:22:02+00:00","dateModified":"2025-10-07T12:15:51+00:00","description":"Her 20 dakikada bir \u00e7ekili\u015f yap\u0131lan 10 milyon \u20ac'luk Elmas Keno oyunumuz da dahil olmak \u00fczere \u00e7evrimi\u00e7i olarak mevcut en iyi Keno oyunlar\u0131na sahibiz","breadcrumb":{"@id":"https:\/\/redfoxlotto.com\/tr\/keno\/diamond-keno-10-milyon-e-buyuk-odul\/#breadcrumb"},"inLanguage":"tr","potentialAction":[{"@type":"ReadAction","target":["https:\/\/redfoxlotto.com\/tr\/keno\/diamond-keno-10-milyon-e-buyuk-odul\/"]}]},{"@type":"ImageObject","inLanguage":"tr","@id":"https:\/\/redfoxlotto.com\/tr\/keno\/diamond-keno-10-milyon-e-buyuk-odul\/#primaryimage","url":"https:\/\/redfoxlotto.com\/wp-content\/uploads\/2025\/10\/3-scaled.png","contentUrl":"https:\/\/redfoxlotto.com\/wp-content\/uploads\/2025\/10\/3-scaled.png"},{"@type":"BreadcrumbList","@id":"https:\/\/redfoxlotto.com\/tr\/keno\/diamond-keno-10-milyon-e-buyuk-odul\/#breadcrumb","itemListElement":[{"@type":"ListItem","position":1,"name":"Home","item":"https:\/\/redfoxlotto.com\/tr\/"},{"@type":"ListItem","position":2,"name":"Keno","item":"https:\/\/redfoxlotto.com\/tr\/keno\/"},{"@type":"ListItem","position":3,"name":"Diamond Keno 10 milyon \u20ac b\u00fcy\u00fck \u00f6d\u00fcl"}]},{"@type":"WebSite","@id":"https:\/\/redfoxlotto.com\/tr\/#website","url":"https:\/\/redfoxlotto.com\/tr\/","name":"Get Tickets for the World\u2019s largest jackpots","description":"Participate in worldwide lottery jackpots from any country","publisher":{"@id":"https:\/\/redfoxlotto.com\/tr\/#organization"},"potentialAction":[{"@type":"SearchAction","target":{"@type":"EntryPoint","urlTemplate":"https:\/\/redfoxlotto.com\/tr\/?s={search_term_string}"},"query-input":{"@type":"PropertyValueSpecification","valueRequired":true,"valueName":"search_term_string"}}],"inLanguage":"tr"},{"@type":"Organization","@id":"https:\/\/redfoxlotto.com\/tr\/#organization","name":"Get Tickets for the World\u2019s largest jackpots","url":"https:\/\/redfoxlotto.com\/tr\/","logo":{"@type":"ImageObject","inLanguage":"tr","@id":"https:\/\/redfoxlotto.com\/tr\/#\/schema\/logo\/image\/","url":"https:\/\/redfoxlotto.com\/wp-content\/uploads\/2023\/04\/logo.png","contentUrl":"https:\/\/redfoxlotto.com\/wp-content\/uploads\/2023\/04\/logo.png","width":269,"height":53,"caption":"Get Tickets for the World\u2019s largest jackpots"},"image":{"@id":"https:\/\/redfoxlotto.com\/tr\/#\/schema\/logo\/image\/"}}]}},"_links":{"self":[{"href":"https:\/\/redfoxlotto.com\/tr\/wp-json\/wp\/v2\/pages\/86956","targetHints":{"allow":["GET"]}}],"collection":[{"href":"https:\/\/redfoxlotto.com\/tr\/wp-json\/wp\/v2\/pages"}],"about":[{"href":"https:\/\/redfoxlotto.com\/tr\/wp-json\/wp\/v2\/types\/page"}],"author":[{"embeddable":true,"href":"https:\/\/redfoxlotto.com\/tr\/wp-json\/wp\/v2\/users\/8"}],"replies":[{"embeddable":true,"href":"https:\/\/redfoxlotto.com\/tr\/wp-json\/wp\/v2\/comments?post=86956"}],"version-history":[{"count":0,"href":"https:\/\/redfoxlotto.com\/tr\/wp-json\/wp\/v2\/pages\/86956\/revisions"}],"up":[{"embeddable":true,"href":"https:\/\/redfoxlotto.com\/tr\/wp-json\/wp\/v2\/pages\/84449"}],"wp:attachment":[{"href":"https:\/\/redfoxlotto.com\/tr\/wp-json\/wp\/v2\/media?parent=86956"}],"curies":[{"name":"wp","href":"https:\/\/api.w.org\/{rel}","templated":true}]}}