{"id":86888,"date":"2025-02-12T11:18:17","date_gmt":"2025-02-12T11:18:17","guid":{"rendered":"https:\/\/redfoxlotto.com\/?page_id=86888"},"modified":"2025-05-15T07:16:00","modified_gmt":"2025-05-15T07:16:00","slug":"elmas-keno-10m","status":"publish","type":"page","link":"https:\/\/redfoxlotto.com\/tr\/keno\/elmas-keno-10m\/","title":{"rendered":"Elmas Keno 10m"},"content":{"rendered":"<h2>Online Keno bundan daha b\u00fcy\u00fck ve daha iyi olamaz &#8211; 10 milyon \u20ac \u00f6deme i\u00e7in Keno oynay\u0131n!<\/h2>\n<p>Bu bizim en b\u00fcy\u00fck ve en pop\u00fcler Keno piyango oyunumuzdur. \u00c7evrimi\u00e7i oynanabilecek en iyi Keno oyununu ar\u0131yorsan\u0131z, do\u011fru yere geldiniz. Bu Keno oyununda her 20 dakikada bir \u00e7ekili\u015f yap\u0131l\u0131r, b\u00f6ylece biletinizin kazan\u0131p kazanmad\u0131\u011f\u0131n\u0131 \u00f6\u011frenmek i\u00e7in uzun s\u00fcre beklemek zorunda kalmazs\u0131n\u0131z.<\/p>\n","protected":false},"excerpt":{"rendered":"<p>Online Keno bundan daha b\u00fcy\u00fck ve daha iyi olamaz &#8211; 10 milyon \u20ac \u00f6deme i\u00e7in Keno oynay\u0131n! Bu bizim en b\u00fcy\u00fck ve en pop\u00fcler Keno piyango oyunumuzdur. \u00c7evrimi\u00e7i oynanabilecek en iyi Keno oyununu ar\u0131yorsan\u0131z, do\u011fru yere geldiniz. Bu Keno oyununda her 20 dakikada bir \u00e7ekili\u015f yap\u0131l\u0131r, b\u00f6ylece biletinizin kazan\u0131p kazanmad\u0131\u011f\u0131n\u0131 \u00f6\u011frenmek i\u00e7in uzun s\u00fcre beklemek [&hellip;]<\/p>\n","protected":false},"author":8,"featured_media":0,"parent":84449,"menu_order":1,"comment_status":"closed","ping_status":"closed","template":"","meta":{"_et_pb_use_builder":"","_et_pb_old_content":"","_et_gb_content_width":"","exclude_from_search":false,"footnotes":""},"class_list":["post-86888","page","type-page","status-publish","hentry"],"yoast_head":"<!-- This site is optimized with the Yoast SEO plugin v23.8 - https:\/\/yoast.com\/wordpress\/plugins\/seo\/ -->\n<title>En iyi online Keno oyunlar\u0131 - 10 milyon \u20ac Keno<\/title>\n<meta name=\"description\" content=\"En iyi online Keno oyunlar\u0131n\u0131 10 milyon \u20ac&#039;ya varan b\u00fcy\u00fck \u00f6d\u00fcllerle burada oynay\u0131n. Bir sonraki online Keno \u00e7ekili\u015fi i\u00e7in asla \u00e7ok uzun s\u00fcre beklemek zorunda kalmay\u0131n!\" \/>\n<meta name=\"robots\" content=\"index, follow, max-snippet:-1, max-image-preview:large, max-video-preview:-1\" \/>\n<link rel=\"canonical\" href=\"https:\/\/redfoxlotto.com\/tr\/keno\/elmas-keno-10m\/\" \/>\n<meta property=\"og:locale\" content=\"tr_TR\" \/>\n<meta property=\"og:type\" content=\"article\" \/>\n<meta property=\"og:title\" content=\"En iyi online Keno oyunlar\u0131 - 10 milyon \u20ac Keno\" \/>\n<meta property=\"og:description\" content=\"En iyi online Keno oyunlar\u0131n\u0131 10 milyon \u20ac&#039;ya varan b\u00fcy\u00fck \u00f6d\u00fcllerle burada oynay\u0131n. Bir sonraki online Keno \u00e7ekili\u015fi i\u00e7in asla \u00e7ok uzun s\u00fcre beklemek zorunda kalmay\u0131n!\" \/>\n<meta property=\"og:url\" content=\"https:\/\/redfoxlotto.com\/tr\/keno\/elmas-keno-10m\/\" \/>\n<meta property=\"og:site_name\" content=\"Get Tickets for the World\u2019s largest jackpots\" \/>\n<meta property=\"article:modified_time\" content=\"2025-05-15T07:16:00+00:00\" \/>\n<meta name=\"twitter:card\" content=\"summary_large_image\" \/>\n<meta name=\"twitter:label1\" content=\"Tahmini okuma s\u00fcresi\" \/>\n\t<meta name=\"twitter:data1\" content=\"1 dakika\" \/>\n<script type=\"application\/ld+json\" class=\"yoast-schema-graph\">{\"@context\":\"https:\/\/schema.org\",\"@graph\":[{\"@type\":\"WebPage\",\"@id\":\"https:\/\/redfoxlotto.com\/tr\/keno\/elmas-keno-10m\/\",\"url\":\"https:\/\/redfoxlotto.com\/tr\/keno\/elmas-keno-10m\/\",\"name\":\"En iyi online Keno oyunlar\u0131 - 10 milyon \u20ac Keno\",\"isPartOf\":{\"@id\":\"https:\/\/redfoxlotto.com\/tr\/#website\"},\"datePublished\":\"2025-02-12T11:18:17+00:00\",\"dateModified\":\"2025-05-15T07:16:00+00:00\",\"description\":\"En iyi online Keno oyunlar\u0131n\u0131 10 milyon \u20ac'ya varan b\u00fcy\u00fck \u00f6d\u00fcllerle burada oynay\u0131n. Bir sonraki online Keno \u00e7ekili\u015fi i\u00e7in asla \u00e7ok uzun s\u00fcre beklemek zorunda kalmay\u0131n!\",\"breadcrumb\":{\"@id\":\"https:\/\/redfoxlotto.com\/tr\/keno\/elmas-keno-10m\/#breadcrumb\"},\"inLanguage\":\"tr\",\"potentialAction\":[{\"@type\":\"ReadAction\",\"target\":[\"https:\/\/redfoxlotto.com\/tr\/keno\/elmas-keno-10m\/\"]}]},{\"@type\":\"BreadcrumbList\",\"@id\":\"https:\/\/redfoxlotto.com\/tr\/keno\/elmas-keno-10m\/#breadcrumb\",\"itemListElement\":[{\"@type\":\"ListItem\",\"position\":1,\"name\":\"Home\",\"item\":\"https:\/\/redfoxlotto.com\/tr\/\"},{\"@type\":\"ListItem\",\"position\":2,\"name\":\"Keno\",\"item\":\"https:\/\/redfoxlotto.com\/tr\/keno\/\"},{\"@type\":\"ListItem\",\"position\":3,\"name\":\"Elmas Keno 10m\"}]},{\"@type\":\"WebSite\",\"@id\":\"https:\/\/redfoxlotto.com\/tr\/#website\",\"url\":\"https:\/\/redfoxlotto.com\/tr\/\",\"name\":\"Get Tickets for the World\u2019s largest jackpots\",\"description\":\"Participate in worldwide lottery jackpots from any country\",\"publisher\":{\"@id\":\"https:\/\/redfoxlotto.com\/tr\/#organization\"},\"potentialAction\":[{\"@type\":\"SearchAction\",\"target\":{\"@type\":\"EntryPoint\",\"urlTemplate\":\"https:\/\/redfoxlotto.com\/tr\/?s={search_term_string}\"},\"query-input\":{\"@type\":\"PropertyValueSpecification\",\"valueRequired\":true,\"valueName\":\"search_term_string\"}}],\"inLanguage\":\"tr\"},{\"@type\":\"Organization\",\"@id\":\"https:\/\/redfoxlotto.com\/tr\/#organization\",\"name\":\"Get Tickets for the World\u2019s largest jackpots\",\"url\":\"https:\/\/redfoxlotto.com\/tr\/\",\"logo\":{\"@type\":\"ImageObject\",\"inLanguage\":\"tr\",\"@id\":\"https:\/\/redfoxlotto.com\/tr\/#\/schema\/logo\/image\/\",\"url\":\"https:\/\/redfoxlotto.com\/wp-content\/uploads\/2023\/04\/logo.png\",\"contentUrl\":\"https:\/\/redfoxlotto.com\/wp-content\/uploads\/2023\/04\/logo.png\",\"width\":269,\"height\":53,\"caption\":\"Get Tickets for the World\u2019s largest jackpots\"},\"image\":{\"@id\":\"https:\/\/redfoxlotto.com\/tr\/#\/schema\/logo\/image\/\"}}]}<\/script>\n<!-- \/ Yoast SEO plugin. -->","yoast_head_json":{"title":"En iyi online Keno oyunlar\u0131 - 10 milyon \u20ac Keno","description":"En iyi online Keno oyunlar\u0131n\u0131 10 milyon \u20ac'ya varan b\u00fcy\u00fck \u00f6d\u00fcllerle burada oynay\u0131n. Bir sonraki online Keno \u00e7ekili\u015fi i\u00e7in asla \u00e7ok uzun s\u00fcre beklemek zorunda kalmay\u0131n!","robots":{"index":"index","follow":"follow","max-snippet":"max-snippet:-1","max-image-preview":"max-image-preview:large","max-video-preview":"max-video-preview:-1"},"canonical":"https:\/\/redfoxlotto.com\/tr\/keno\/elmas-keno-10m\/","og_locale":"tr_TR","og_type":"article","og_title":"En iyi online Keno oyunlar\u0131 - 10 milyon \u20ac Keno","og_description":"En iyi online Keno oyunlar\u0131n\u0131 10 milyon \u20ac'ya varan b\u00fcy\u00fck \u00f6d\u00fcllerle burada oynay\u0131n. Bir sonraki online Keno \u00e7ekili\u015fi i\u00e7in asla \u00e7ok uzun s\u00fcre beklemek zorunda kalmay\u0131n!","og_url":"https:\/\/redfoxlotto.com\/tr\/keno\/elmas-keno-10m\/","og_site_name":"Get Tickets for the World\u2019s largest jackpots","article_modified_time":"2025-05-15T07:16:00+00:00","twitter_card":"summary_large_image","twitter_misc":{"Tahmini okuma s\u00fcresi":"1 dakika"},"schema":{"@context":"https:\/\/schema.org","@graph":[{"@type":"WebPage","@id":"https:\/\/redfoxlotto.com\/tr\/keno\/elmas-keno-10m\/","url":"https:\/\/redfoxlotto.com\/tr\/keno\/elmas-keno-10m\/","name":"En iyi online Keno oyunlar\u0131 - 10 milyon \u20ac Keno","isPartOf":{"@id":"https:\/\/redfoxlotto.com\/tr\/#website"},"datePublished":"2025-02-12T11:18:17+00:00","dateModified":"2025-05-15T07:16:00+00:00","description":"En iyi online Keno oyunlar\u0131n\u0131 10 milyon \u20ac'ya varan b\u00fcy\u00fck \u00f6d\u00fcllerle burada oynay\u0131n. Bir sonraki online Keno \u00e7ekili\u015fi i\u00e7in asla \u00e7ok uzun s\u00fcre beklemek zorunda kalmay\u0131n!","breadcrumb":{"@id":"https:\/\/redfoxlotto.com\/tr\/keno\/elmas-keno-10m\/#breadcrumb"},"inLanguage":"tr","potentialAction":[{"@type":"ReadAction","target":["https:\/\/redfoxlotto.com\/tr\/keno\/elmas-keno-10m\/"]}]},{"@type":"BreadcrumbList","@id":"https:\/\/redfoxlotto.com\/tr\/keno\/elmas-keno-10m\/#breadcrumb","itemListElement":[{"@type":"ListItem","position":1,"name":"Home","item":"https:\/\/redfoxlotto.com\/tr\/"},{"@type":"ListItem","position":2,"name":"Keno","item":"https:\/\/redfoxlotto.com\/tr\/keno\/"},{"@type":"ListItem","position":3,"name":"Elmas Keno 10m"}]},{"@type":"WebSite","@id":"https:\/\/redfoxlotto.com\/tr\/#website","url":"https:\/\/redfoxlotto.com\/tr\/","name":"Get Tickets for the World\u2019s largest jackpots","description":"Participate in worldwide lottery jackpots from any country","publisher":{"@id":"https:\/\/redfoxlotto.com\/tr\/#organization"},"potentialAction":[{"@type":"SearchAction","target":{"@type":"EntryPoint","urlTemplate":"https:\/\/redfoxlotto.com\/tr\/?s={search_term_string}"},"query-input":{"@type":"PropertyValueSpecification","valueRequired":true,"valueName":"search_term_string"}}],"inLanguage":"tr"},{"@type":"Organization","@id":"https:\/\/redfoxlotto.com\/tr\/#organization","name":"Get Tickets for the World\u2019s largest jackpots","url":"https:\/\/redfoxlotto.com\/tr\/","logo":{"@type":"ImageObject","inLanguage":"tr","@id":"https:\/\/redfoxlotto.com\/tr\/#\/schema\/logo\/image\/","url":"https:\/\/redfoxlotto.com\/wp-content\/uploads\/2023\/04\/logo.png","contentUrl":"https:\/\/redfoxlotto.com\/wp-content\/uploads\/2023\/04\/logo.png","width":269,"height":53,"caption":"Get Tickets for the World\u2019s largest jackpots"},"image":{"@id":"https:\/\/redfoxlotto.com\/tr\/#\/schema\/logo\/image\/"}}]}},"_links":{"self":[{"href":"https:\/\/redfoxlotto.com\/tr\/wp-json\/wp\/v2\/pages\/86888","targetHints":{"allow":["GET"]}}],"collection":[{"href":"https:\/\/redfoxlotto.com\/tr\/wp-json\/wp\/v2\/pages"}],"about":[{"href":"https:\/\/redfoxlotto.com\/tr\/wp-json\/wp\/v2\/types\/page"}],"author":[{"embeddable":true,"href":"https:\/\/redfoxlotto.com\/tr\/wp-json\/wp\/v2\/users\/8"}],"replies":[{"embeddable":true,"href":"https:\/\/redfoxlotto.com\/tr\/wp-json\/wp\/v2\/comments?post=86888"}],"version-history":[{"count":0,"href":"https:\/\/redfoxlotto.com\/tr\/wp-json\/wp\/v2\/pages\/86888\/revisions"}],"up":[{"embeddable":true,"href":"https:\/\/redfoxlotto.com\/tr\/wp-json\/wp\/v2\/pages\/84449"}],"wp:attachment":[{"href":"https:\/\/redfoxlotto.com\/tr\/wp-json\/wp\/v2\/media?parent=86888"}],"curies":[{"name":"wp","href":"https:\/\/api.w.org\/{rel}","templated":true}]}}