{"id":85579,"date":"2025-02-25T17:29:04","date_gmt":"2025-02-25T17:29:04","guid":{"rendered":"https:\/\/redfoxlotto.com\/?page_id=85579"},"modified":"2025-04-21T08:01:57","modified_gmt":"2025-04-21T08:01:57","slug":"new-york-piyango-sonuclari","status":"publish","type":"page","link":"https:\/\/redfoxlotto.com\/tr\/sonuclar\/new-york-piyango-sonuclari\/","title":{"rendered":"New York Piyango Sonu\u00e7lar\u0131"},"content":{"rendered":"<h2>\ud83d\uddfdNew York Piyango \u00e7ekili\u015finden en son sonu\u00e7lar.<\/h2>\n<p><img loading=\"lazy\" decoding=\"async\" class=\"size-full wp-image-48546 alignright\" src=\"https:\/\/redfoxlotto.com\/wp-content\/uploads\/2023\/04\/powerball-draw-youtube1-300x300-1.jpg\" alt=\"newyork lotto \" width=\"300\" height=\"300\" srcset=\"https:\/\/redfoxlotto.com\/wp-content\/uploads\/2023\/04\/powerball-draw-youtube1-300x300-1.jpg 300w, https:\/\/redfoxlotto.com\/wp-content\/uploads\/2023\/04\/powerball-draw-youtube1-300x300-1-100x100.jpg 100w, https:\/\/redfoxlotto.com\/wp-content\/uploads\/2023\/04\/powerball-draw-youtube1-300x300-1-150x150.jpg 150w\" sizes=\"auto, (max-width: 300px) 100vw, 300px\" \/><br \/>\nNew York Piyangosunun en g\u00fcncel sonu\u00e7lar\u0131yla ilgilenen piyango oyuncular\u0131, RedFoxLotto&#8217;nun sadece kapsaml\u0131 de\u011fil ayn\u0131 zamanda kullan\u0131m\u0131 kolay platformundan da yararlanabilirler. Her zaman en son bilgilerle g\u00fcncel olman\u0131z\u0131 sa\u011flamak i\u00e7in RedFoxLotto, en son \u00e7ekili\u015fe veya ge\u00e7mi\u015fte kazanm\u0131\u015f say\u0131 kombinasyonlar\u0131na bakman\u0131za bak\u0131lmaks\u0131z\u0131n size en son bilgileri sa\u011flar.<\/p>\n<h2>\ud83d\udd0dEn Yeni Ke\u015fiflere Ula\u015fmay\u0131 M\u00fcmk\u00fcn K\u0131lmak<\/h2>\n<p>RedFoxLotto web sitesi, yaln\u0131zca New York Piyangosu sonu\u00e7lar\u0131na ayr\u0131lm\u0131\u015f bir sayfay\u0131 korumaktan sorumludur. Kullan\u0131c\u0131lar, yap\u0131lan en son \u00e7ekili\u015flerden kazanan numaralar\u0131 almak i\u00e7in bu sayfay\u0131 kullanabileceklerdir. Bu, oyunculara bu bilgileri sa\u011flayarak onlara bir dizi oyun hakk\u0131nda kapsaml\u0131 bilgi sa\u011flayarak ilgili t\u00fcm bilgilere parmaklar\u0131n\u0131n ucunda eri\u015fmelerini sa\u011flar.<\/p>\n<h2>\u00dcr\u00fcn\u00fcn \u00d6zellikleri ve Faydalar\u0131<\/h2>\n<h3>Ar\u015fivlerin eksiksiz koleksiyonlar\u0131:<\/h3>\n<p>RedFoxLotto kullan\u0131c\u0131lar\u0131, piyangonun en son sonu\u00e7lar\u0131na ek olarak \u00f6nceki kazanan numaralar\u0131n ar\u015fivine de eri\u015febilirler. Kullan\u0131c\u0131lar bu ar\u015fivi kullanarak kal\u0131plar\u0131 ara\u015ft\u0131rabilir veya \u00f6nceki kazanan numaralar\u0131n sonu\u00e7lar\u0131n\u0131 kontrol edebilirler.<\/p>\n<p>D\u00fcnyan\u0131n her yerinden oyuncular RedFoxLotto.com taraf\u0131ndan sa\u011flanan platformu kullanarak New York Piyangosuna kat\u0131labilirler. Bu eri\u015filebilirlik, d\u00fcnyan\u0131n her yerinden oyuncular\u0131n kat\u0131lmas\u0131n\u0131 sa\u011flar. Bu sayede, di\u011fer uluslardan bireylerin Amerika Birle\u015fik Devletleri&#8217;nde d\u00fczenlenen piyangolara kat\u0131lmas\u0131 \u00e7ok daha kolayd\u0131r.<\/p>\n<p>RedFoxLotto&#8217;nun g\u00fcvenli i\u015flemleri, t\u00fcm finansal i\u015flemlerin emniyetini ve g\u00fcvenli\u011fini sa\u011flayarak kullan\u0131c\u0131lar\u0131n herhangi bir endi\u015fe duymadan \u00e7evrimi\u00e7i bilet sat\u0131n almalar\u0131na olanak tan\u0131r. Bu, kullan\u0131c\u0131lar\u0131n \u00e7evrimi\u00e7i bilet sat\u0131n almas\u0131n\u0131 m\u00fcmk\u00fcn k\u0131lm\u0131\u015ft\u0131r.<\/p>\n<h3>Otomatik olarak olu\u015fturulan uyar\u0131lar:<\/h3>\n<p>Bir kullan\u0131c\u0131n\u0131n ba\u015far\u0131l\u0131 olmas\u0131 durumunda, derhal bilgilendirilecek ve bu da bir ki\u015finin sonu\u00e7lar\u0131 manuel olarak do\u011frulama gereksinimini azaltacakt\u0131r.<\/p>\n<h2>Ba\u015flang\u0131\u00e7: Ad\u0131m Ad\u0131m K\u0131lavuz<\/h2>\n<p>Web sitesini ziyaret etti\u011finizi varsayarak, verilen ba\u011flant\u0131y\u0131 takip ederek RedFoxLotto&#8217;daki New York Piyango sayfas\u0131na gidin. https:\/\/redfoxlotto.com\/results\/new-york-lottery\/<\/p>\n<p>Bir kullan\u0131c\u0131 hesab\u0131 olu\u015fturmak i\u00e7in kay\u0131t olarak, bilet sat\u0131n alma ve sonu\u00e7lar hakk\u0131nda bildirim alma f\u0131rsatlar\u0131 da dahil olmak \u00fczere t\u00fcm hizmetlere eri\u015fim elde edebileceksiniz.<\/p>\n<p>Yakla\u015fan \u00e7ekili\u015fler i\u00e7in bilet sat\u0131n almak amac\u0131yla, tercih etti\u011finiz numaralar\u0131 se\u00e7ebilir veya h\u0131zl\u0131 se\u00e7im se\u00e7ene\u011fini kullanabilirsiniz. Ek olarak, h\u0131zl\u0131 se\u00e7im se\u00e7ene\u011fini se\u00e7me se\u00e7ene\u011finiz de vard\u0131r.<\/p>\n<p>\u00c7ekili\u015f yap\u0131ld\u0131ktan sonra, en g\u00fcncel kazanan numaralar\u0131 do\u011frulamak ve kazanan olup olmad\u0131\u011f\u0131n\u0131za karar vermek i\u00e7in web sitesine geri d\u00f6nmelisiniz.<\/p>\n<p>RedFoxLotto, en son sonu\u00e7lar\u0131 takip etmek ve piyango ile ilgili i\u015flemlerinizi y\u00f6netmek i\u00e7in g\u00fcvenilir ve verimli bir ara\u00e7 sa\u011flayarak New York Piyangosuna kat\u0131lma s\u00fcrecini daha kolay hale getirir.<\/p>\n","protected":false},"excerpt":{"rendered":"<p>\ud83d\uddfdNew York Piyango \u00e7ekili\u015finden en son sonu\u00e7lar. New York Piyangosunun en g\u00fcncel sonu\u00e7lar\u0131yla ilgilenen piyango oyuncular\u0131, RedFoxLotto&#8217;nun sadece kapsaml\u0131 de\u011fil ayn\u0131 zamanda kullan\u0131m\u0131 kolay platformundan da yararlanabilirler. Her zaman en son bilgilerle g\u00fcncel olman\u0131z\u0131 sa\u011flamak i\u00e7in RedFoxLotto, en son \u00e7ekili\u015fe veya ge\u00e7mi\u015fte kazanm\u0131\u015f say\u0131 kombinasyonlar\u0131na bakman\u0131za bak\u0131lmaks\u0131z\u0131n size en son bilgileri sa\u011flar. \ud83d\udd0dEn Yeni Ke\u015fiflere [&hellip;]<\/p>\n","protected":false},"author":8,"featured_media":0,"parent":2949,"menu_order":18,"comment_status":"closed","ping_status":"closed","template":"newyork-results.php","meta":{"_et_pb_use_builder":"","_et_pb_old_content":"","_et_gb_content_width":"","exclude_from_search":false,"footnotes":""},"class_list":["post-85579","page","type-page","status-publish","hentry"],"yoast_head":"<!-- This site is optimized with the Yoast SEO plugin v27.3 - https:\/\/yoast.com\/product\/yoast-seo-wordpress\/ -->\n<title>New York Piyangosu kazanan numaralar | D\u00fcn gece New York Piyango sonu\u00e7lar\u0131<\/title>\n<meta name=\"description\" content=\"D\u00fcn gecenin New York Piyangosu kazanan numaralar\u0131n\u0131 veya daha eski sonu\u00e7lar\u0131 ar\u0131yorsan\u0131z, hepsini web sitemizde bulabilirsiniz\" \/>\n<meta name=\"robots\" content=\"index, follow, max-snippet:-1, max-image-preview:large, max-video-preview:-1\" \/>\n<link rel=\"canonical\" href=\"https:\/\/redfoxlotto.com\/tr\/sonuclar\/new-york-piyango-sonuclari\/\" \/>\n<meta property=\"og:locale\" content=\"tr_TR\" \/>\n<meta property=\"og:type\" content=\"article\" \/>\n<meta property=\"og:title\" content=\"New York Piyangosu kazanan numaralar | D\u00fcn gece New York Piyango sonu\u00e7lar\u0131\" \/>\n<meta property=\"og:description\" content=\"D\u00fcn gecenin New York Piyangosu kazanan numaralar\u0131n\u0131 veya daha eski sonu\u00e7lar\u0131 ar\u0131yorsan\u0131z, hepsini web sitemizde bulabilirsiniz\" \/>\n<meta property=\"og:url\" content=\"https:\/\/redfoxlotto.com\/tr\/sonuclar\/new-york-piyango-sonuclari\/\" \/>\n<meta property=\"og:site_name\" content=\"Get Tickets for the World\u2019s largest jackpots\" \/>\n<meta property=\"article:modified_time\" content=\"2025-04-21T08:01:57+00:00\" \/>\n<meta property=\"og:image\" content=\"https:\/\/redfoxlotto.com\/wp-content\/uploads\/2023\/04\/powerball-draw-youtube1-300x300-1.jpg\" \/>\n<meta name=\"twitter:card\" content=\"summary_large_image\" \/>\n<meta name=\"twitter:label1\" content=\"Tahmini okuma s\u00fcresi\" \/>\n\t<meta name=\"twitter:data1\" content=\"2 dakika\" \/>\n<script type=\"application\/ld+json\" class=\"yoast-schema-graph\">{\"@context\":\"https:\\\/\\\/schema.org\",\"@graph\":[{\"@type\":\"WebPage\",\"@id\":\"https:\\\/\\\/redfoxlotto.com\\\/tr\\\/sonuclar\\\/new-york-piyango-sonuclari\\\/\",\"url\":\"https:\\\/\\\/redfoxlotto.com\\\/tr\\\/sonuclar\\\/new-york-piyango-sonuclari\\\/\",\"name\":\"New York Piyangosu kazanan numaralar | D\u00fcn gece New York Piyango sonu\u00e7lar\u0131\",\"isPartOf\":{\"@id\":\"https:\\\/\\\/redfoxlotto.com\\\/tr\\\/#website\"},\"primaryImageOfPage\":{\"@id\":\"https:\\\/\\\/redfoxlotto.com\\\/tr\\\/sonuclar\\\/new-york-piyango-sonuclari\\\/#primaryimage\"},\"image\":{\"@id\":\"https:\\\/\\\/redfoxlotto.com\\\/tr\\\/sonuclar\\\/new-york-piyango-sonuclari\\\/#primaryimage\"},\"thumbnailUrl\":\"https:\\\/\\\/redfoxlotto.com\\\/wp-content\\\/uploads\\\/2023\\\/04\\\/powerball-draw-youtube1-300x300-1.jpg\",\"datePublished\":\"2025-02-25T17:29:04+00:00\",\"dateModified\":\"2025-04-21T08:01:57+00:00\",\"description\":\"D\u00fcn gecenin New York Piyangosu kazanan numaralar\u0131n\u0131 veya daha eski sonu\u00e7lar\u0131 ar\u0131yorsan\u0131z, hepsini web sitemizde bulabilirsiniz\",\"breadcrumb\":{\"@id\":\"https:\\\/\\\/redfoxlotto.com\\\/tr\\\/sonuclar\\\/new-york-piyango-sonuclari\\\/#breadcrumb\"},\"inLanguage\":\"tr\",\"potentialAction\":[{\"@type\":\"ReadAction\",\"target\":[\"https:\\\/\\\/redfoxlotto.com\\\/tr\\\/sonuclar\\\/new-york-piyango-sonuclari\\\/\"]}]},{\"@type\":\"ImageObject\",\"inLanguage\":\"tr\",\"@id\":\"https:\\\/\\\/redfoxlotto.com\\\/tr\\\/sonuclar\\\/new-york-piyango-sonuclari\\\/#primaryimage\",\"url\":\"https:\\\/\\\/redfoxlotto.com\\\/wp-content\\\/uploads\\\/2023\\\/04\\\/powerball-draw-youtube1-300x300-1.jpg\",\"contentUrl\":\"https:\\\/\\\/redfoxlotto.com\\\/wp-content\\\/uploads\\\/2023\\\/04\\\/powerball-draw-youtube1-300x300-1.jpg\"},{\"@type\":\"BreadcrumbList\",\"@id\":\"https:\\\/\\\/redfoxlotto.com\\\/tr\\\/sonuclar\\\/new-york-piyango-sonuclari\\\/#breadcrumb\",\"itemListElement\":[{\"@type\":\"ListItem\",\"position\":1,\"name\":\"Home\",\"item\":\"https:\\\/\\\/redfoxlotto.com\\\/tr\\\/\"},{\"@type\":\"ListItem\",\"position\":2,\"name\":\"Uluslararas\u0131 loto sonu\u00e7lar\u0131\",\"item\":\"https:\\\/\\\/redfoxlotto.com\\\/tr\\\/sonuclar\\\/\"},{\"@type\":\"ListItem\",\"position\":3,\"name\":\"New York Piyango Sonu\u00e7lar\u0131\"}]},{\"@type\":\"WebSite\",\"@id\":\"https:\\\/\\\/redfoxlotto.com\\\/tr\\\/#website\",\"url\":\"https:\\\/\\\/redfoxlotto.com\\\/tr\\\/\",\"name\":\"Get Tickets for the World\u2019s largest jackpots\",\"description\":\"Participate in worldwide lottery jackpots from any country\",\"publisher\":{\"@id\":\"https:\\\/\\\/redfoxlotto.com\\\/tr\\\/#organization\"},\"potentialAction\":[{\"@type\":\"SearchAction\",\"target\":{\"@type\":\"EntryPoint\",\"urlTemplate\":\"https:\\\/\\\/redfoxlotto.com\\\/tr\\\/?s={search_term_string}\"},\"query-input\":{\"@type\":\"PropertyValueSpecification\",\"valueRequired\":true,\"valueName\":\"search_term_string\"}}],\"inLanguage\":\"tr\"},{\"@type\":\"Organization\",\"@id\":\"https:\\\/\\\/redfoxlotto.com\\\/tr\\\/#organization\",\"name\":\"Get Tickets for the World\u2019s largest jackpots\",\"url\":\"https:\\\/\\\/redfoxlotto.com\\\/tr\\\/\",\"logo\":{\"@type\":\"ImageObject\",\"inLanguage\":\"tr\",\"@id\":\"https:\\\/\\\/redfoxlotto.com\\\/tr\\\/#\\\/schema\\\/logo\\\/image\\\/\",\"url\":\"https:\\\/\\\/redfoxlotto.com\\\/wp-content\\\/uploads\\\/2023\\\/04\\\/logo.png\",\"contentUrl\":\"https:\\\/\\\/redfoxlotto.com\\\/wp-content\\\/uploads\\\/2023\\\/04\\\/logo.png\",\"width\":269,\"height\":53,\"caption\":\"Get Tickets for the World\u2019s largest jackpots\"},\"image\":{\"@id\":\"https:\\\/\\\/redfoxlotto.com\\\/tr\\\/#\\\/schema\\\/logo\\\/image\\\/\"}}]}<\/script>\n<!-- \/ Yoast SEO plugin. -->","yoast_head_json":{"title":"New York Piyangosu kazanan numaralar | D\u00fcn gece New York Piyango sonu\u00e7lar\u0131","description":"D\u00fcn gecenin New York Piyangosu kazanan numaralar\u0131n\u0131 veya daha eski sonu\u00e7lar\u0131 ar\u0131yorsan\u0131z, hepsini web sitemizde bulabilirsiniz","robots":{"index":"index","follow":"follow","max-snippet":"max-snippet:-1","max-image-preview":"max-image-preview:large","max-video-preview":"max-video-preview:-1"},"canonical":"https:\/\/redfoxlotto.com\/tr\/sonuclar\/new-york-piyango-sonuclari\/","og_locale":"tr_TR","og_type":"article","og_title":"New York Piyangosu kazanan numaralar | D\u00fcn gece New York Piyango sonu\u00e7lar\u0131","og_description":"D\u00fcn gecenin New York Piyangosu kazanan numaralar\u0131n\u0131 veya daha eski sonu\u00e7lar\u0131 ar\u0131yorsan\u0131z, hepsini web sitemizde bulabilirsiniz","og_url":"https:\/\/redfoxlotto.com\/tr\/sonuclar\/new-york-piyango-sonuclari\/","og_site_name":"Get Tickets for the World\u2019s largest jackpots","article_modified_time":"2025-04-21T08:01:57+00:00","og_image":[{"url":"https:\/\/redfoxlotto.com\/wp-content\/uploads\/2023\/04\/powerball-draw-youtube1-300x300-1.jpg","type":"","width":"","height":""}],"twitter_card":"summary_large_image","twitter_misc":{"Tahmini okuma s\u00fcresi":"2 dakika"},"schema":{"@context":"https:\/\/schema.org","@graph":[{"@type":"WebPage","@id":"https:\/\/redfoxlotto.com\/tr\/sonuclar\/new-york-piyango-sonuclari\/","url":"https:\/\/redfoxlotto.com\/tr\/sonuclar\/new-york-piyango-sonuclari\/","name":"New York Piyangosu kazanan numaralar | D\u00fcn gece New York Piyango sonu\u00e7lar\u0131","isPartOf":{"@id":"https:\/\/redfoxlotto.com\/tr\/#website"},"primaryImageOfPage":{"@id":"https:\/\/redfoxlotto.com\/tr\/sonuclar\/new-york-piyango-sonuclari\/#primaryimage"},"image":{"@id":"https:\/\/redfoxlotto.com\/tr\/sonuclar\/new-york-piyango-sonuclari\/#primaryimage"},"thumbnailUrl":"https:\/\/redfoxlotto.com\/wp-content\/uploads\/2023\/04\/powerball-draw-youtube1-300x300-1.jpg","datePublished":"2025-02-25T17:29:04+00:00","dateModified":"2025-04-21T08:01:57+00:00","description":"D\u00fcn gecenin New York Piyangosu kazanan numaralar\u0131n\u0131 veya daha eski sonu\u00e7lar\u0131 ar\u0131yorsan\u0131z, hepsini web sitemizde bulabilirsiniz","breadcrumb":{"@id":"https:\/\/redfoxlotto.com\/tr\/sonuclar\/new-york-piyango-sonuclari\/#breadcrumb"},"inLanguage":"tr","potentialAction":[{"@type":"ReadAction","target":["https:\/\/redfoxlotto.com\/tr\/sonuclar\/new-york-piyango-sonuclari\/"]}]},{"@type":"ImageObject","inLanguage":"tr","@id":"https:\/\/redfoxlotto.com\/tr\/sonuclar\/new-york-piyango-sonuclari\/#primaryimage","url":"https:\/\/redfoxlotto.com\/wp-content\/uploads\/2023\/04\/powerball-draw-youtube1-300x300-1.jpg","contentUrl":"https:\/\/redfoxlotto.com\/wp-content\/uploads\/2023\/04\/powerball-draw-youtube1-300x300-1.jpg"},{"@type":"BreadcrumbList","@id":"https:\/\/redfoxlotto.com\/tr\/sonuclar\/new-york-piyango-sonuclari\/#breadcrumb","itemListElement":[{"@type":"ListItem","position":1,"name":"Home","item":"https:\/\/redfoxlotto.com\/tr\/"},{"@type":"ListItem","position":2,"name":"Uluslararas\u0131 loto sonu\u00e7lar\u0131","item":"https:\/\/redfoxlotto.com\/tr\/sonuclar\/"},{"@type":"ListItem","position":3,"name":"New York Piyango Sonu\u00e7lar\u0131"}]},{"@type":"WebSite","@id":"https:\/\/redfoxlotto.com\/tr\/#website","url":"https:\/\/redfoxlotto.com\/tr\/","name":"Get Tickets for the World\u2019s largest jackpots","description":"Participate in worldwide lottery jackpots from any country","publisher":{"@id":"https:\/\/redfoxlotto.com\/tr\/#organization"},"potentialAction":[{"@type":"SearchAction","target":{"@type":"EntryPoint","urlTemplate":"https:\/\/redfoxlotto.com\/tr\/?s={search_term_string}"},"query-input":{"@type":"PropertyValueSpecification","valueRequired":true,"valueName":"search_term_string"}}],"inLanguage":"tr"},{"@type":"Organization","@id":"https:\/\/redfoxlotto.com\/tr\/#organization","name":"Get Tickets for the World\u2019s largest jackpots","url":"https:\/\/redfoxlotto.com\/tr\/","logo":{"@type":"ImageObject","inLanguage":"tr","@id":"https:\/\/redfoxlotto.com\/tr\/#\/schema\/logo\/image\/","url":"https:\/\/redfoxlotto.com\/wp-content\/uploads\/2023\/04\/logo.png","contentUrl":"https:\/\/redfoxlotto.com\/wp-content\/uploads\/2023\/04\/logo.png","width":269,"height":53,"caption":"Get Tickets for the World\u2019s largest jackpots"},"image":{"@id":"https:\/\/redfoxlotto.com\/tr\/#\/schema\/logo\/image\/"}}]}},"_links":{"self":[{"href":"https:\/\/redfoxlotto.com\/tr\/wp-json\/wp\/v2\/pages\/85579","targetHints":{"allow":["GET"]}}],"collection":[{"href":"https:\/\/redfoxlotto.com\/tr\/wp-json\/wp\/v2\/pages"}],"about":[{"href":"https:\/\/redfoxlotto.com\/tr\/wp-json\/wp\/v2\/types\/page"}],"author":[{"embeddable":true,"href":"https:\/\/redfoxlotto.com\/tr\/wp-json\/wp\/v2\/users\/8"}],"replies":[{"embeddable":true,"href":"https:\/\/redfoxlotto.com\/tr\/wp-json\/wp\/v2\/comments?post=85579"}],"version-history":[{"count":0,"href":"https:\/\/redfoxlotto.com\/tr\/wp-json\/wp\/v2\/pages\/85579\/revisions"}],"up":[{"embeddable":true,"href":"https:\/\/redfoxlotto.com\/tr\/wp-json\/wp\/v2\/pages\/2949"}],"wp:attachment":[{"href":"https:\/\/redfoxlotto.com\/tr\/wp-json\/wp\/v2\/media?parent=85579"}],"curies":[{"name":"wp","href":"https:\/\/api.w.org\/{rel}","templated":true}]}}