{"id":85515,"date":"2025-02-25T17:25:31","date_gmt":"2025-02-25T17:25:31","guid":{"rendered":"https:\/\/redfoxlotto.com\/?page_id=85515"},"modified":"2025-04-21T07:00:57","modified_gmt":"2025-04-21T07:00:57","slug":"new-york-piyangosu-hakkinda","status":"publish","type":"page","link":"https:\/\/redfoxlotto.com\/tr\/loto\/new-york-piyangosu-hakkinda\/","title":{"rendered":"New York Piyangosu Hakk\u0131nda"},"content":{"rendered":"<h2>New York Piyango Biletleri Nas\u0131l Sat\u0131n Al\u0131n\u0131r<\/h2>\n<p>RedFoxLotto&#8217;da New York Piyangosu i\u00e7in Bilet Sat\u0131n Alma Rehberi:<\/p>\n<p>New York Piyangosu oynarken, hayat\u0131n\u0131z\u0131 tamamen de\u011fi\u015ftirebilecek bir ikramiye kazanmay\u0131 hi\u00e7 hayal ettiniz mi? New York Lotosu gibi uluslararas\u0131 piyangolara kat\u0131lmak, Amerika Birle\u015fik Devletleri d\u0131\u015f\u0131nda olsan\u0131z bile RedFoxLotto ile hi\u00e7 bu kadar kolay olmam\u0131\u015ft\u0131.<\/p>\n<p>Bu yaz\u0131 boyunca, RedFoxLotto&#8217;dan New York Piyango bileti sat\u0131n alma s\u00fcrecinde size birka\u00e7 kolay ad\u0131mda rehberlik edece\u011fiz.<\/p>\n<h2>RedFoxLotto: Nedir?<\/h2>\n<p>Sayg\u0131n bir \u00e7evrimi\u00e7i piyango hizmeti olan RedFoxLotto ile b\u00fcy\u00fck uluslararas\u0131 piyangolara kat\u0131labilirsiniz. Bu piyangolar aras\u0131nda Powerball, Mega Millions, EuroMillions ve tabii ki New York Lotosu bulunmaktad\u0131r. Bilet kurye hizmeti i\u015flevini yerine getirirler, yani sizin ad\u0131n\u0131za ger\u00e7ek bir bilet sat\u0131n al\u0131rlar ve daha sonra bunu belirledi\u011finiz \u00e7evrimi\u00e7i hesab\u0131n\u0131za tararlar.<\/p>\n<h3>RedFoxLotto: New York Piyango Program\u0131 i\u00e7in Bilet Sat\u0131n Almaya Y\u00f6nelik Ad\u0131m Ad\u0131m K\u0131lavuz<\/h3>\n<p>1. Kay\u0131t olun. Kay\u0131t i\u015flemine ba\u015flamak i\u00e7in RedFoxLotto.com adresine gidin. \u201cKaydol\u201d d\u00fc\u011fmesine t\u0131klayarak ad\u0131n\u0131z, e-posta adresiniz ve \u015fu anda ikamet etti\u011finiz \u00fclke gibi temel bilgilerinizi girin.<\/p>\n<p>2. Hesab\u0131n\u0131z\u0131n yasal oldu\u011funu onaylay\u0131n.<\/p>\n<p>Kay\u0131t i\u015flemini tamamlad\u0131\u011f\u0131n\u0131zda gelen kutunuzda bir do\u011frulama ba\u011flant\u0131s\u0131 bulun. \u00dczerine t\u0131klayarak hesab\u0131n\u0131z\u0131 do\u011frulayabilirsiniz. Bu basit bir ad\u0131m olmas\u0131na ra\u011fmen, hem g\u00fcvenlik hem de gelecekteki potansiyel kazan\u00e7lar i\u00e7in gereklidir.<\/p>\n<p>3. Piyangolar\u0131 Ara\u015ft\u0131r\u0131n<\/p>\n<p>Ba\u015far\u0131l\u0131 bir \u015fekilde kat\u0131ld\u0131ktan sonra, ana sayfaya gidin ve eri\u015filebilen piyangolar listesinden New York Lotto&#8217;yu aray\u0131n. \u00dczerine t\u0131klayarak bir sonraki \u00e7ekili\u015f, ikramiyenin b\u00fcy\u00fckl\u00fc\u011f\u00fc ve biletlerin maliyeti hakk\u0131nda daha fazla bilgi edinebilirsiniz.<\/p>\n<p>4. Numara Se\u00e7imlerinizi Yap\u0131n<\/p>\n<p>G\u00f6reviniz bir ile altm\u0131\u015f dokuz aras\u0131nda de\u011fi\u015fen alt\u0131 say\u0131 se\u00e7mek olacakt\u0131r. Bunlar\u0131 manuel olarak se\u00e7me se\u00e7ene\u011finiz vard\u0131r veya RedFoxLotto&#8217;nun sizin i\u00e7in s\u0131f\u0131rdan rastgele say\u0131lar olu\u015fturmas\u0131n\u0131 sa\u011flamak i\u00e7in H\u0131zl\u0131 Se\u00e7im se\u00e7ene\u011fini kullanabilirsiniz.<\/p>\n<h2>Sepete Ekle ve \u00d6demeye Ge\u00e7<\/h2>\n<p>Numaralar\u0131n\u0131z\u0131 se\u00e7er se\u00e7mez, biletinizi al\u0131\u015fveri\u015f sepetine ekleyin. Bundan sonra, \u00f6deme alan\u0131na girin. RedFoxLotto taraf\u0131ndan a\u015fa\u011f\u0131dakiler de dahil olmak \u00fczere birden fazla \u00f6deme se\u00e7ene\u011fi desteklenmektedir:<\/p>\n<ul>\n<li>Kredi ve banka kartlar\u0131<\/li>\n<li>Banka havalesi<\/li>\n<li>Skrill gibi elektronik c\u00fczdanlar<\/li>\n<li>Baz\u0131 b\u00f6lgelerde kripto para birimi yayg\u0131n olarak kullan\u0131lmaktad\u0131r.<\/li>\n<\/ul>\n<h2>Onay ve Bilet Taray\u0131c\u0131<\/h2>\n<p>Paran\u0131z i\u015fleme al\u0131nd\u0131ktan hemen sonra RedFoxLotto, se\u00e7ti\u011finiz numaralara sahip ger\u00e7ek bir New York Loto bileti sat\u0131n almak i\u00e7in Amerika Birle\u015fik Devletleri&#8217;ndeki yerel temsilcilerinden birini g\u00f6nderecektir. Sat\u0131n alma i\u015fleminin kan\u0131t\u0131n\u0131 sa\u011flamak i\u00e7in biletinizin bir taramas\u0131 hesab\u0131n\u0131za g\u00f6nderilecektir.<\/p>\n<h2>Ba\u015far\u0131l\u0131 Olursan\u0131z Ne Olur?<\/h2>\n<h3>Girdi\u011finiz say\u0131lar bir \u00f6d\u00fcl kazan\u0131rsa:<\/h3>\n<p>RedFoxLotto hesab\u0131n\u0131za, k\u00fc\u00e7\u00fck ila orta b\u00fcy\u00fckl\u00fckteki t\u00fcm kazananlar an\u0131nda yat\u0131r\u0131lacakt\u0131r. B\u00fcy\u00fck bir ikramiye kazand\u0131\u011f\u0131n\u0131zda, RedFoxLotto ekibi \u00f6d\u00fcl\u00fcn\u00fcz\u00fc talep etmek i\u00e7in gerekli ad\u0131mlarda size yol g\u00f6sterecektir. Miktara ve eyaletin d\u00fczenlemelerine ba\u011fl\u0131 olarak Amerika Birle\u015fik Devletleri&#8217;ne seyahatiniz gerekebilir.<\/p>\n<h2>Kanun nedir?<\/h2>\n<p>Ger\u00e7ekten de \u00f6yle. RedFoxLotto bir piyango tedarik\u00e7isi de\u011fildir; daha ziyade piyango biletlerinin da\u011f\u0131t\u0131m\u0131n\u0131 y\u00f6netir. Yetkili bir acente arac\u0131l\u0131\u011f\u0131yla ger\u00e7ek bir fiziksel bilet sat\u0131n al\u0131yorsunuz, bu da farkl\u0131 bir \u00fclkeden oynuyor olsan\u0131z bile her \u015feyin yasal ve \u015feffaf olmas\u0131n\u0131 sa\u011fl\u0131yor.<\/p>\n<h2>Sonu\u00e7 i\u00e7in A\u00e7\u0131klamalar<\/h2>\n<p>D\u00fcnyan\u0131n herhangi bir yerinden New York Piyangosu i\u00e7in bilet sat\u0131n alabilmek art\u0131k bo\u015f bir hayal de\u011fil. RedFoxLotto kullan\u0131m\u0131 ile kolay, g\u00fcvenli ve eri\u015filebilir hale getirilmi\u015ftir. Sadece birka\u00e7 t\u0131klamayla milyonlarca dolar i\u00e7in yar\u0131\u015f\u0131yor olabilirsiniz ve New York&#8217;a gitmek i\u00e7in araban\u0131zdan \u00e7\u0131kman\u0131z bile gerekmez.<\/p>\n<p>O zaman neden bekleyelim? Hemen kaydolun, \u015fansl\u0131 numaralar\u0131n\u0131z\u0131 se\u00e7in ve b\u00fcy\u00fck ikramiyenin pe\u015finden gitmeye haz\u0131r olun!<\/p>\n","protected":false},"excerpt":{"rendered":"<p>New York Piyango Biletleri Nas\u0131l Sat\u0131n Al\u0131n\u0131r RedFoxLotto&#8217;da New York Piyangosu i\u00e7in Bilet Sat\u0131n Alma Rehberi: New York Piyangosu oynarken, hayat\u0131n\u0131z\u0131 tamamen de\u011fi\u015ftirebilecek bir ikramiye kazanmay\u0131 hi\u00e7 hayal ettiniz mi? New York Lotosu gibi uluslararas\u0131 piyangolara kat\u0131lmak, Amerika Birle\u015fik Devletleri d\u0131\u015f\u0131nda olsan\u0131z bile RedFoxLotto ile hi\u00e7 bu kadar kolay olmam\u0131\u015ft\u0131. Bu yaz\u0131 boyunca, RedFoxLotto&#8217;dan New [&hellip;]<\/p>\n","protected":false},"author":8,"featured_media":0,"parent":2932,"menu_order":18,"comment_status":"closed","ping_status":"closed","template":"newyork-info.php","meta":{"_et_pb_use_builder":"","_et_pb_old_content":"","_et_gb_content_width":"","exclude_from_search":false,"footnotes":""},"class_list":["post-85515","page","type-page","status-publish","hentry"],"yoast_head":"<!-- This site is optimized with the Yoast SEO plugin v23.8 - https:\/\/yoast.com\/wordpress\/plugins\/seo\/ -->\n<title>\u0130ngiltere&#039;den online New York Piyango bileti nas\u0131l al\u0131n\u0131r<\/title>\n<meta name=\"description\" content=\"New York Lotosu i\u00e7in buradan bilet sat\u0131n al\u0131n - \u0130ngiltere&#039;den bile New York Lotosuna \u00e7evrimi\u00e7i olarak kat\u0131labilir ve dakikalar i\u00e7inde taranm\u0131\u015f bir bilet alabilirsiniz.\" \/>\n<meta name=\"robots\" content=\"index, follow, max-snippet:-1, max-image-preview:large, max-video-preview:-1\" \/>\n<link rel=\"canonical\" href=\"https:\/\/redfoxlotto.com\/tr\/loto\/new-york-piyangosu-hakkinda\/\" \/>\n<meta property=\"og:locale\" content=\"tr_TR\" \/>\n<meta property=\"og:type\" content=\"article\" \/>\n<meta property=\"og:title\" content=\"\u0130ngiltere&#039;den online New York Piyango bileti nas\u0131l al\u0131n\u0131r\" \/>\n<meta property=\"og:description\" content=\"New York Lotosu i\u00e7in buradan bilet sat\u0131n al\u0131n - \u0130ngiltere&#039;den bile New York Lotosuna \u00e7evrimi\u00e7i olarak kat\u0131labilir ve dakikalar i\u00e7inde taranm\u0131\u015f bir bilet alabilirsiniz.\" \/>\n<meta property=\"og:url\" content=\"https:\/\/redfoxlotto.com\/tr\/loto\/new-york-piyangosu-hakkinda\/\" \/>\n<meta property=\"og:site_name\" content=\"Get Tickets for the World\u2019s largest jackpots\" \/>\n<meta property=\"article:modified_time\" content=\"2025-04-21T07:00:57+00:00\" \/>\n<meta name=\"twitter:card\" content=\"summary_large_image\" \/>\n<meta name=\"twitter:label1\" content=\"Tahmini okuma s\u00fcresi\" \/>\n\t<meta name=\"twitter:data1\" content=\"3 dakika\" \/>\n<script type=\"application\/ld+json\" class=\"yoast-schema-graph\">{\"@context\":\"https:\/\/schema.org\",\"@graph\":[{\"@type\":\"WebPage\",\"@id\":\"https:\/\/redfoxlotto.com\/tr\/loto\/new-york-piyangosu-hakkinda\/\",\"url\":\"https:\/\/redfoxlotto.com\/tr\/loto\/new-york-piyangosu-hakkinda\/\",\"name\":\"\u0130ngiltere'den online New York Piyango bileti nas\u0131l al\u0131n\u0131r\",\"isPartOf\":{\"@id\":\"https:\/\/redfoxlotto.com\/tr\/#website\"},\"datePublished\":\"2025-02-25T17:25:31+00:00\",\"dateModified\":\"2025-04-21T07:00:57+00:00\",\"description\":\"New York Lotosu i\u00e7in buradan bilet sat\u0131n al\u0131n - \u0130ngiltere'den bile New York Lotosuna \u00e7evrimi\u00e7i olarak kat\u0131labilir ve dakikalar i\u00e7inde taranm\u0131\u015f bir bilet alabilirsiniz.\",\"breadcrumb\":{\"@id\":\"https:\/\/redfoxlotto.com\/tr\/loto\/new-york-piyangosu-hakkinda\/#breadcrumb\"},\"inLanguage\":\"tr\",\"potentialAction\":[{\"@type\":\"ReadAction\",\"target\":[\"https:\/\/redfoxlotto.com\/tr\/loto\/new-york-piyangosu-hakkinda\/\"]}]},{\"@type\":\"BreadcrumbList\",\"@id\":\"https:\/\/redfoxlotto.com\/tr\/loto\/new-york-piyangosu-hakkinda\/#breadcrumb\",\"itemListElement\":[{\"@type\":\"ListItem\",\"position\":1,\"name\":\"Home\",\"item\":\"https:\/\/redfoxlotto.com\/tr\/\"},{\"@type\":\"ListItem\",\"position\":2,\"name\":\"Online piyango bileti sat\u0131n alma i\u015flemi\",\"item\":\"https:\/\/redfoxlotto.com\/tr\/loto\/\"},{\"@type\":\"ListItem\",\"position\":3,\"name\":\"New York Piyangosu Hakk\u0131nda\"}]},{\"@type\":\"WebSite\",\"@id\":\"https:\/\/redfoxlotto.com\/tr\/#website\",\"url\":\"https:\/\/redfoxlotto.com\/tr\/\",\"name\":\"Get Tickets for the World\u2019s largest jackpots\",\"description\":\"Participate in worldwide lottery jackpots from any country\",\"publisher\":{\"@id\":\"https:\/\/redfoxlotto.com\/tr\/#organization\"},\"potentialAction\":[{\"@type\":\"SearchAction\",\"target\":{\"@type\":\"EntryPoint\",\"urlTemplate\":\"https:\/\/redfoxlotto.com\/tr\/?s={search_term_string}\"},\"query-input\":{\"@type\":\"PropertyValueSpecification\",\"valueRequired\":true,\"valueName\":\"search_term_string\"}}],\"inLanguage\":\"tr\"},{\"@type\":\"Organization\",\"@id\":\"https:\/\/redfoxlotto.com\/tr\/#organization\",\"name\":\"Get Tickets for the World\u2019s largest jackpots\",\"url\":\"https:\/\/redfoxlotto.com\/tr\/\",\"logo\":{\"@type\":\"ImageObject\",\"inLanguage\":\"tr\",\"@id\":\"https:\/\/redfoxlotto.com\/tr\/#\/schema\/logo\/image\/\",\"url\":\"https:\/\/redfoxlotto.com\/wp-content\/uploads\/2023\/04\/logo.png\",\"contentUrl\":\"https:\/\/redfoxlotto.com\/wp-content\/uploads\/2023\/04\/logo.png\",\"width\":269,\"height\":53,\"caption\":\"Get Tickets for the World\u2019s largest jackpots\"},\"image\":{\"@id\":\"https:\/\/redfoxlotto.com\/tr\/#\/schema\/logo\/image\/\"}}]}<\/script>\n<!-- \/ Yoast SEO plugin. -->","yoast_head_json":{"title":"\u0130ngiltere'den online New York Piyango bileti nas\u0131l al\u0131n\u0131r","description":"New York Lotosu i\u00e7in buradan bilet sat\u0131n al\u0131n - \u0130ngiltere'den bile New York Lotosuna \u00e7evrimi\u00e7i olarak kat\u0131labilir ve dakikalar i\u00e7inde taranm\u0131\u015f bir bilet alabilirsiniz.","robots":{"index":"index","follow":"follow","max-snippet":"max-snippet:-1","max-image-preview":"max-image-preview:large","max-video-preview":"max-video-preview:-1"},"canonical":"https:\/\/redfoxlotto.com\/tr\/loto\/new-york-piyangosu-hakkinda\/","og_locale":"tr_TR","og_type":"article","og_title":"\u0130ngiltere'den online New York Piyango bileti nas\u0131l al\u0131n\u0131r","og_description":"New York Lotosu i\u00e7in buradan bilet sat\u0131n al\u0131n - \u0130ngiltere'den bile New York Lotosuna \u00e7evrimi\u00e7i olarak kat\u0131labilir ve dakikalar i\u00e7inde taranm\u0131\u015f bir bilet alabilirsiniz.","og_url":"https:\/\/redfoxlotto.com\/tr\/loto\/new-york-piyangosu-hakkinda\/","og_site_name":"Get Tickets for the World\u2019s largest jackpots","article_modified_time":"2025-04-21T07:00:57+00:00","twitter_card":"summary_large_image","twitter_misc":{"Tahmini okuma s\u00fcresi":"3 dakika"},"schema":{"@context":"https:\/\/schema.org","@graph":[{"@type":"WebPage","@id":"https:\/\/redfoxlotto.com\/tr\/loto\/new-york-piyangosu-hakkinda\/","url":"https:\/\/redfoxlotto.com\/tr\/loto\/new-york-piyangosu-hakkinda\/","name":"\u0130ngiltere'den online New York Piyango bileti nas\u0131l al\u0131n\u0131r","isPartOf":{"@id":"https:\/\/redfoxlotto.com\/tr\/#website"},"datePublished":"2025-02-25T17:25:31+00:00","dateModified":"2025-04-21T07:00:57+00:00","description":"New York Lotosu i\u00e7in buradan bilet sat\u0131n al\u0131n - \u0130ngiltere'den bile New York Lotosuna \u00e7evrimi\u00e7i olarak kat\u0131labilir ve dakikalar i\u00e7inde taranm\u0131\u015f bir bilet alabilirsiniz.","breadcrumb":{"@id":"https:\/\/redfoxlotto.com\/tr\/loto\/new-york-piyangosu-hakkinda\/#breadcrumb"},"inLanguage":"tr","potentialAction":[{"@type":"ReadAction","target":["https:\/\/redfoxlotto.com\/tr\/loto\/new-york-piyangosu-hakkinda\/"]}]},{"@type":"BreadcrumbList","@id":"https:\/\/redfoxlotto.com\/tr\/loto\/new-york-piyangosu-hakkinda\/#breadcrumb","itemListElement":[{"@type":"ListItem","position":1,"name":"Home","item":"https:\/\/redfoxlotto.com\/tr\/"},{"@type":"ListItem","position":2,"name":"Online piyango bileti sat\u0131n alma i\u015flemi","item":"https:\/\/redfoxlotto.com\/tr\/loto\/"},{"@type":"ListItem","position":3,"name":"New York Piyangosu Hakk\u0131nda"}]},{"@type":"WebSite","@id":"https:\/\/redfoxlotto.com\/tr\/#website","url":"https:\/\/redfoxlotto.com\/tr\/","name":"Get Tickets for the World\u2019s largest jackpots","description":"Participate in worldwide lottery jackpots from any country","publisher":{"@id":"https:\/\/redfoxlotto.com\/tr\/#organization"},"potentialAction":[{"@type":"SearchAction","target":{"@type":"EntryPoint","urlTemplate":"https:\/\/redfoxlotto.com\/tr\/?s={search_term_string}"},"query-input":{"@type":"PropertyValueSpecification","valueRequired":true,"valueName":"search_term_string"}}],"inLanguage":"tr"},{"@type":"Organization","@id":"https:\/\/redfoxlotto.com\/tr\/#organization","name":"Get Tickets for the World\u2019s largest jackpots","url":"https:\/\/redfoxlotto.com\/tr\/","logo":{"@type":"ImageObject","inLanguage":"tr","@id":"https:\/\/redfoxlotto.com\/tr\/#\/schema\/logo\/image\/","url":"https:\/\/redfoxlotto.com\/wp-content\/uploads\/2023\/04\/logo.png","contentUrl":"https:\/\/redfoxlotto.com\/wp-content\/uploads\/2023\/04\/logo.png","width":269,"height":53,"caption":"Get Tickets for the World\u2019s largest jackpots"},"image":{"@id":"https:\/\/redfoxlotto.com\/tr\/#\/schema\/logo\/image\/"}}]}},"_links":{"self":[{"href":"https:\/\/redfoxlotto.com\/tr\/wp-json\/wp\/v2\/pages\/85515","targetHints":{"allow":["GET"]}}],"collection":[{"href":"https:\/\/redfoxlotto.com\/tr\/wp-json\/wp\/v2\/pages"}],"about":[{"href":"https:\/\/redfoxlotto.com\/tr\/wp-json\/wp\/v2\/types\/page"}],"author":[{"embeddable":true,"href":"https:\/\/redfoxlotto.com\/tr\/wp-json\/wp\/v2\/users\/8"}],"replies":[{"embeddable":true,"href":"https:\/\/redfoxlotto.com\/tr\/wp-json\/wp\/v2\/comments?post=85515"}],"version-history":[{"count":0,"href":"https:\/\/redfoxlotto.com\/tr\/wp-json\/wp\/v2\/pages\/85515\/revisions"}],"up":[{"embeddable":true,"href":"https:\/\/redfoxlotto.com\/tr\/wp-json\/wp\/v2\/pages\/2932"}],"wp:attachment":[{"href":"https:\/\/redfoxlotto.com\/tr\/wp-json\/wp\/v2\/media?parent=85515"}],"curies":[{"name":"wp","href":"https:\/\/api.w.org\/{rel}","templated":true}]}}