{"id":85322,"date":"2025-03-30T12:21:27","date_gmt":"2025-03-30T12:21:27","guid":{"rendered":"https:\/\/redfoxlotto.com\/?page_id=85322"},"modified":"2025-12-10T16:43:51","modified_gmt":"2025-12-10T16:43:51","slug":"ingilterede-new-york-piyangosu-nasil-oynanir","status":"publish","type":"page","link":"https:\/\/redfoxlotto.com\/tr\/oyna\/ingilterede-new-york-piyangosu-nasil-oynanir\/","title":{"rendered":"\u0130ngiltere&#8217;de New York Piyangosu Nas\u0131l Oynan\u0131r."},"content":{"rendered":"<p><script type=\"application\/ld+json\">\n{\n\"@context\": \"https:\/\/schema.org\",\n\"@type\": \"Service\",\n\"name\": \"Play New York Lottery\",\n\"url\": \"https:\/\/redfoxlotto.com\/tr\/oyna\/ingilterede-new-york-piyangosu-nasil-oynanir\/\",\n\"description\": \"RedFoxLotto \u00fczerinden resmi New York Piyango biletlerini \u00e7evrimi\u00e7i olarak sat\u0131n al\u0131n. Numaralar\u0131n\u0131z\u0131 se\u00e7in ve bir sonraki \u00e7ekili\u015fe kat\u0131l\u0131n.\",\n\"serviceType\": \"Online lottery ticket purchase\",<\/p>\n<p>\"provider\": {\n\"@type\": \"Organization\",\n\"name\": \"RedFoxLotto\",\n\"url\": \"https:\/\/redfoxlotto.com\",\n\"logo\": \"https:\/\/redfoxlotto.com\/wp-content\/uploads\/logo.png\"\n},<\/p>\n<p>\"areaServed\": \"Worldwide\",\n\"termsOfService\": \"https:\/\/redfoxlotto.com\/terms-and-conditions\",<\/p>\n<p>\"hasOfferCatalog\": {\n\"@type\": \"OfferCatalog\",\n\"name\": \"New York Lottery Offers\",\n\"itemListElement\": [\n{\n\"@type\": \"Offer\",\n\"name\": \"New York Lottery Ticket\",\n\"url\": \"https:\/\/redfoxlotto.com\/tr\/oyna\/ingilterede-new-york-piyangosu-nasil-oynanir\/\",\n\"description\": \"Bir sonraki New York Piyango \u00e7ekili\u015fine bir kat\u0131l\u0131m hakk\u0131.\",\n\"price\": \"1.40\",\n\"priceCurrency\": \"EUR\",\n\"availability\": \"https:\/\/schema.org\/InStock\",<\/p>\n<p>\"itemOffered\": {\n\"@type\": \"Service\",\n\"name\": \"New York Lottery Entry\",\n\"description\": \"RedFoxLotto \u00fczerinden bir sonraki New York Piyango \u00e7ekili\u015fine kat\u0131l\u0131m.\"\n}\n}\n]\n},<\/p>\n<p>\"mainEntityOfPage\": {\n\"@type\": \"WebPage\",\n\"@id\": \"https:\/\/redfoxlotto.com\/tr\/oyna\/ingilterede-new-york-piyangosu-nasil-oynanir\/\"\n}\n}\n<\/script><\/p>\n<h2>Birle\u015fik Krall\u0131k&#8217;ta RedFoxLotto.com ile New York Piyangosuna Nas\u0131l Kat\u0131labilirsiniz?<\/h2>\n<p><img loading=\"lazy\" decoding=\"async\" class=\" wp-image-48802 alignright\" src=\"https:\/\/redfoxlotto.com\/wp-content\/uploads\/2023\/04\/raffle-tickets-online-495x330-1-300x200.jpg\" alt=\"New York Lottery\" width=\"321\" height=\"214\" srcset=\"https:\/\/redfoxlotto.com\/wp-content\/uploads\/2023\/04\/raffle-tickets-online-495x330-1-300x200.jpg 300w, https:\/\/redfoxlotto.com\/wp-content\/uploads\/2023\/04\/raffle-tickets-online-495x330-1.jpg 495w\" sizes=\"auto, (max-width: 321px) 100vw, 321px\" \/><br \/>\n\u00d6rne\u011fin, Birle\u015fik Krall\u0131k&#8217;ta uyand\u0131\u011f\u0131n\u0131z, sabah \u00e7ay\u0131n\u0131z\u0131 yapt\u0131\u011f\u0131n\u0131z ve ard\u0131ndan telefonunuzu kontrol etti\u011finizde New York Piyangosunu kazand\u0131\u011f\u0131n\u0131z\u0131 \u00f6\u011frendi\u011finiz senaryoyu ele alal\u0131m. Bu size \u00e7ok mu zorlama geliyor? Fikrinizi de\u011fi\u015ftirin! Birle\u015fik Krall\u0131k&#8217;taki evinizin rahatl\u0131\u011f\u0131nda Amerika Birle\u015fik Devletleri&#8217;ndeki en heyecan verici piyangolardan birini oynamak RedFoxLotto.com ile m\u00fcmk\u00fcn.<\/p>\n<h2>New York Piyangosu: Neden Oynamal\u0131s\u0131n\u0131z?<\/h2>\n<p>New York Piyangosu, muazzam ikramiyeleri, heyecan verici oyunlar\u0131 ve bir ki\u015finin hayat\u0131n\u0131 tamamen de\u011fi\u015ftirebilecek kazan\u00e7lar\u0131yla tan\u0131n\u0131r. Her hafta \u00e7ok say\u0131da \u00e7ekili\u015f d\u00fczenleniyor olmas\u0131, hayallerinizi ger\u00e7ekle\u015ftirmeniz i\u00e7in say\u0131s\u0131z f\u0131rsat oldu\u011fu anlam\u0131na gelir. Mega Millions veya Powerball piyangosunu oynarsan\u0131z hayat\u0131n\u0131z\u0131 de\u011fi\u015ftirecek miktarda para kazanma olas\u0131l\u0131\u011f\u0131n\u0131z vard\u0131r.<\/p>\n<h2>RedFoxLotto.com&#8217;da Ad\u0131m Ad\u0131m Nas\u0131l Oynanaca\u011f\u0131na \u0130li\u015fkin Talimatlar<\/h2>\n<p>1. RedFoxLotto.com web sitesine gidin. Se\u00e7ti\u011finiz web taray\u0131c\u0131s\u0131n\u0131 ba\u015flatmal\u0131 ve resmi RedFoxLotto web sitesine gitmelisiniz.<\/p>\n<p>2. Bir Hesap Olu\u015fturun &#8211; Kaydolmak i\u00e7in bir hesap sa\u011flaman\u0131z gerekecektir. H\u0131zl\u0131 ve g\u00fcvenli olmas\u0131n\u0131n yan\u0131 s\u0131ra, oynamak i\u00e7in de gereklidir.<\/p>\n<p>3. New York Piyangosunu se\u00e7in &#8211; Sunulan \u00e7e\u015fitli piyangolara bakt\u0131ktan sonra, New York Piyangosunu veya araman\u0131z boyunca ilginizi \u00e7eken ba\u015fka bir Amerikan \u00f6d\u00fcl\u00fcn\u00fc se\u00e7in.<\/p>\n<p>4. Numaralar\u0131n\u0131z\u0131 Se\u00e7in \u015eansl\u0131 numaralar\u0131n\u0131z\u0131 manuel olarak se\u00e7me veya sistemin sizin i\u00e7in otomatik olarak bulmas\u0131n\u0131 sa\u011flayacak h\u0131zl\u0131 se\u00e7me se\u00e7ene\u011fini kullanma se\u00e7ene\u011finiz vard\u0131r.<\/p>\n<p>5. Biletinizi Sat\u0131n Al\u0131n &#8211; \u00d6deme sayfas\u0131na ilerleyin ve mevcut bir\u00e7ok \u00f6deme se\u00e7ene\u011finden birini kullanarak biletiniz i\u00e7in g\u00fcvenli ve emniyetli bir \u015fekilde \u00f6deme yap\u0131n.<\/p>\n<p>6. \u00c7ekili\u015fi beklerken, oturun ve gev\u015feyin. Kazanan olman\u0131z durumunda, bilgilendirileceksiniz!<\/p>\n<h2>RedFoxLotto.com&#8217;da Oyunlara Kat\u0131lman\u0131n Avantajlar\u0131<\/h2>\n<p>Bu sayede bilet sat\u0131n almak i\u00e7in Amerika Birle\u015fik Devletleri&#8217;ne seyahat etme zorunlulu\u011fu ortadan kalkar.<\/p>\n<p>&#8211; G\u00fcvenli ve Emniyetli \u0130\u015flemler &#8211; Paran\u0131z\u0131n ve sat\u0131n alma bilgilerinizin g\u00fcvende oldu\u011funu bilerek g\u00f6n\u00fcl rahatl\u0131\u011f\u0131yla oynay\u0131n.<\/p>\n<p>&#8211; Otomatik Olarak G\u00f6nderilen Bildirimler &#8211; Hi\u00e7bir Kazanc\u0131 Ka\u00e7\u0131rmay\u0131n! B\u00fcy\u00fck ikramiyeyi kazanan \u015fansl\u0131 ki\u015fi siz olursan\u0131z, hemen bilgilendirilirsiniz.<\/p>\n<p>New York Piyangosuna ek olarak k\u00fcresel piyangolara da eri\u015febilirsiniz, bu da size \u00f6nemli miktarda para kazanmak i\u00e7in daha fazla f\u0131rsat sa\u011flayacakt\u0131r.<\/p>\n<h2>Sonu\u00e7 i\u00e7in A\u00e7\u0131klamalar<\/h2>\n<p>RedFoxLotto.com&#8217;u kullanarak, t\u00fcm piyango e\u011flence d\u00fcnyas\u0131na eri\u015febileceksiniz. Birle\u015fik Krall\u0131k&#8217;ta nerede bulundu\u011funuz \u00f6nemli de\u011fil; Amerikan r\u00fcyas\u0131n\u0131n pe\u015finden gitme ve muhtemelen New York Piyangosu&#8217;nun bir sonraki milyoneri olma f\u0131rsat\u0131na sahipsiniz. \u00d6yleyse neden bekleyelim? Biletinizi almak i\u00e7in hemen RedFoxLotto.com web sitesini ziyaret edin; iyi \u015fans\u0131n ne zaman kar\u015f\u0131n\u0131za \u00e7\u0131kaca\u011f\u0131n\u0131 asla bilemezsiniz.<\/p>\n","protected":false},"excerpt":{"rendered":"<p>Birle\u015fik Krall\u0131k&#8217;ta RedFoxLotto.com ile New York Piyangosuna Nas\u0131l Kat\u0131labilirsiniz? \u00d6rne\u011fin, Birle\u015fik Krall\u0131k&#8217;ta uyand\u0131\u011f\u0131n\u0131z, sabah \u00e7ay\u0131n\u0131z\u0131 yapt\u0131\u011f\u0131n\u0131z ve ard\u0131ndan telefonunuzu kontrol etti\u011finizde New York Piyangosunu kazand\u0131\u011f\u0131n\u0131z\u0131 \u00f6\u011frendi\u011finiz senaryoyu ele alal\u0131m. Bu size \u00e7ok mu zorlama geliyor? Fikrinizi de\u011fi\u015ftirin! Birle\u015fik Krall\u0131k&#8217;taki evinizin rahatl\u0131\u011f\u0131nda Amerika Birle\u015fik Devletleri&#8217;ndeki en heyecan verici piyangolardan birini oynamak RedFoxLotto.com ile m\u00fcmk\u00fcn. New York [&hellip;]<\/p>\n","protected":false},"author":8,"featured_media":0,"parent":2913,"menu_order":18,"comment_status":"closed","ping_status":"closed","template":"newyork.php","meta":{"_et_pb_use_builder":"","_et_pb_old_content":"","_et_gb_content_width":"","exclude_from_search":false,"footnotes":""},"class_list":["post-85322","page","type-page","status-publish","hentry"],"yoast_head":"<!-- This site is optimized with the Yoast SEO plugin v23.8 - https:\/\/yoast.com\/wordpress\/plugins\/seo\/ -->\n<title>Birle\u015fik Krall\u0131k&#039;ta New York Piyangosuna Nas\u0131l Kat\u0131labilirsiniz?<\/title>\n<meta name=\"description\" content=\"RedFoxLotto.com&#039;da \u0130ngiltere&#039;den New York Piyangosunu nas\u0131l oynayaca\u011f\u0131n\u0131z\u0131 ke\u015ffedin ve kazanma \u015fans\u0131n\u0131z\u0131 en \u00fcst d\u00fczeye \u00e7\u0131karmak i\u00e7in ipu\u00e7lar\u0131 al\u0131n.\" \/>\n<meta name=\"robots\" content=\"index, follow, max-snippet:-1, max-image-preview:large, max-video-preview:-1\" \/>\n<link rel=\"canonical\" href=\"https:\/\/redfoxlotto.com\/tr\/oyna\/ingilterede-new-york-piyangosu-nasil-oynanir\/\" \/>\n<meta property=\"og:locale\" content=\"tr_TR\" \/>\n<meta property=\"og:type\" content=\"article\" \/>\n<meta property=\"og:title\" content=\"Birle\u015fik Krall\u0131k&#039;ta New York Piyangosuna Nas\u0131l Kat\u0131labilirsiniz?\" \/>\n<meta property=\"og:description\" content=\"RedFoxLotto.com&#039;da \u0130ngiltere&#039;den New York Piyangosunu nas\u0131l oynayaca\u011f\u0131n\u0131z\u0131 ke\u015ffedin ve kazanma \u015fans\u0131n\u0131z\u0131 en \u00fcst d\u00fczeye \u00e7\u0131karmak i\u00e7in ipu\u00e7lar\u0131 al\u0131n.\" \/>\n<meta property=\"og:url\" content=\"https:\/\/redfoxlotto.com\/tr\/oyna\/ingilterede-new-york-piyangosu-nasil-oynanir\/\" \/>\n<meta property=\"og:site_name\" content=\"Get Tickets for the World\u2019s largest jackpots\" \/>\n<meta property=\"article:modified_time\" content=\"2025-12-10T16:43:51+00:00\" \/>\n<meta property=\"og:image\" content=\"https:\/\/redfoxlotto.com\/wp-content\/uploads\/2023\/04\/raffle-tickets-online-495x330-1-300x200.jpg\" \/>\n<meta name=\"twitter:card\" content=\"summary_large_image\" \/>\n<meta name=\"twitter:label1\" content=\"Tahmini okuma s\u00fcresi\" \/>\n\t<meta name=\"twitter:data1\" content=\"2 dakika\" \/>\n<script type=\"application\/ld+json\" class=\"yoast-schema-graph\">{\"@context\":\"https:\/\/schema.org\",\"@graph\":[{\"@type\":\"WebPage\",\"@id\":\"https:\/\/redfoxlotto.com\/tr\/oyna\/ingilterede-new-york-piyangosu-nasil-oynanir\/\",\"url\":\"https:\/\/redfoxlotto.com\/tr\/oyna\/ingilterede-new-york-piyangosu-nasil-oynanir\/\",\"name\":\"Birle\u015fik Krall\u0131k'ta New York Piyangosuna Nas\u0131l Kat\u0131labilirsiniz?\",\"isPartOf\":{\"@id\":\"https:\/\/redfoxlotto.com\/tr\/#website\"},\"primaryImageOfPage\":{\"@id\":\"https:\/\/redfoxlotto.com\/tr\/oyna\/ingilterede-new-york-piyangosu-nasil-oynanir\/#primaryimage\"},\"image\":{\"@id\":\"https:\/\/redfoxlotto.com\/tr\/oyna\/ingilterede-new-york-piyangosu-nasil-oynanir\/#primaryimage\"},\"thumbnailUrl\":\"https:\/\/redfoxlotto.com\/wp-content\/uploads\/2023\/04\/raffle-tickets-online-495x330-1-300x200.jpg\",\"datePublished\":\"2025-03-30T12:21:27+00:00\",\"dateModified\":\"2025-12-10T16:43:51+00:00\",\"description\":\"RedFoxLotto.com'da \u0130ngiltere'den New York Piyangosunu nas\u0131l oynayaca\u011f\u0131n\u0131z\u0131 ke\u015ffedin ve kazanma \u015fans\u0131n\u0131z\u0131 en \u00fcst d\u00fczeye \u00e7\u0131karmak i\u00e7in ipu\u00e7lar\u0131 al\u0131n.\",\"breadcrumb\":{\"@id\":\"https:\/\/redfoxlotto.com\/tr\/oyna\/ingilterede-new-york-piyangosu-nasil-oynanir\/#breadcrumb\"},\"inLanguage\":\"tr\",\"potentialAction\":[{\"@type\":\"ReadAction\",\"target\":[\"https:\/\/redfoxlotto.com\/tr\/oyna\/ingilterede-new-york-piyangosu-nasil-oynanir\/\"]}]},{\"@type\":\"ImageObject\",\"inLanguage\":\"tr\",\"@id\":\"https:\/\/redfoxlotto.com\/tr\/oyna\/ingilterede-new-york-piyangosu-nasil-oynanir\/#primaryimage\",\"url\":\"https:\/\/redfoxlotto.com\/wp-content\/uploads\/2023\/04\/raffle-tickets-online-495x330-1-300x200.jpg\",\"contentUrl\":\"https:\/\/redfoxlotto.com\/wp-content\/uploads\/2023\/04\/raffle-tickets-online-495x330-1-300x200.jpg\"},{\"@type\":\"BreadcrumbList\",\"@id\":\"https:\/\/redfoxlotto.com\/tr\/oyna\/ingilterede-new-york-piyangosu-nasil-oynanir\/#breadcrumb\",\"itemListElement\":[{\"@type\":\"ListItem\",\"position\":1,\"name\":\"Home\",\"item\":\"https:\/\/redfoxlotto.com\/tr\/\"},{\"@type\":\"ListItem\",\"position\":2,\"name\":\"Uluslararas\u0131 piyangolara nas\u0131l kat\u0131l\u0131r\u0131m?\",\"item\":\"https:\/\/redfoxlotto.com\/tr\/oyna\/\"},{\"@type\":\"ListItem\",\"position\":3,\"name\":\"\u0130ngiltere&#8217;de New York Piyangosu Nas\u0131l Oynan\u0131r.\"}]},{\"@type\":\"WebSite\",\"@id\":\"https:\/\/redfoxlotto.com\/tr\/#website\",\"url\":\"https:\/\/redfoxlotto.com\/tr\/\",\"name\":\"Get Tickets for the World\u2019s largest jackpots\",\"description\":\"Participate in worldwide lottery jackpots from any country\",\"publisher\":{\"@id\":\"https:\/\/redfoxlotto.com\/tr\/#organization\"},\"potentialAction\":[{\"@type\":\"SearchAction\",\"target\":{\"@type\":\"EntryPoint\",\"urlTemplate\":\"https:\/\/redfoxlotto.com\/tr\/?s={search_term_string}\"},\"query-input\":{\"@type\":\"PropertyValueSpecification\",\"valueRequired\":true,\"valueName\":\"search_term_string\"}}],\"inLanguage\":\"tr\"},{\"@type\":\"Organization\",\"@id\":\"https:\/\/redfoxlotto.com\/tr\/#organization\",\"name\":\"Get Tickets for the World\u2019s largest jackpots\",\"url\":\"https:\/\/redfoxlotto.com\/tr\/\",\"logo\":{\"@type\":\"ImageObject\",\"inLanguage\":\"tr\",\"@id\":\"https:\/\/redfoxlotto.com\/tr\/#\/schema\/logo\/image\/\",\"url\":\"https:\/\/redfoxlotto.com\/wp-content\/uploads\/2023\/04\/logo.png\",\"contentUrl\":\"https:\/\/redfoxlotto.com\/wp-content\/uploads\/2023\/04\/logo.png\",\"width\":269,\"height\":53,\"caption\":\"Get Tickets for the World\u2019s largest jackpots\"},\"image\":{\"@id\":\"https:\/\/redfoxlotto.com\/tr\/#\/schema\/logo\/image\/\"}}]}<\/script>\n<!-- \/ Yoast SEO plugin. -->","yoast_head_json":{"title":"Birle\u015fik Krall\u0131k'ta New York Piyangosuna Nas\u0131l Kat\u0131labilirsiniz?","description":"RedFoxLotto.com'da \u0130ngiltere'den New York Piyangosunu nas\u0131l oynayaca\u011f\u0131n\u0131z\u0131 ke\u015ffedin ve kazanma \u015fans\u0131n\u0131z\u0131 en \u00fcst d\u00fczeye \u00e7\u0131karmak i\u00e7in ipu\u00e7lar\u0131 al\u0131n.","robots":{"index":"index","follow":"follow","max-snippet":"max-snippet:-1","max-image-preview":"max-image-preview:large","max-video-preview":"max-video-preview:-1"},"canonical":"https:\/\/redfoxlotto.com\/tr\/oyna\/ingilterede-new-york-piyangosu-nasil-oynanir\/","og_locale":"tr_TR","og_type":"article","og_title":"Birle\u015fik Krall\u0131k'ta New York Piyangosuna Nas\u0131l Kat\u0131labilirsiniz?","og_description":"RedFoxLotto.com'da \u0130ngiltere'den New York Piyangosunu nas\u0131l oynayaca\u011f\u0131n\u0131z\u0131 ke\u015ffedin ve kazanma \u015fans\u0131n\u0131z\u0131 en \u00fcst d\u00fczeye \u00e7\u0131karmak i\u00e7in ipu\u00e7lar\u0131 al\u0131n.","og_url":"https:\/\/redfoxlotto.com\/tr\/oyna\/ingilterede-new-york-piyangosu-nasil-oynanir\/","og_site_name":"Get Tickets for the World\u2019s largest jackpots","article_modified_time":"2025-12-10T16:43:51+00:00","og_image":[{"url":"https:\/\/redfoxlotto.com\/wp-content\/uploads\/2023\/04\/raffle-tickets-online-495x330-1-300x200.jpg"}],"twitter_card":"summary_large_image","twitter_misc":{"Tahmini okuma s\u00fcresi":"2 dakika"},"schema":{"@context":"https:\/\/schema.org","@graph":[{"@type":"WebPage","@id":"https:\/\/redfoxlotto.com\/tr\/oyna\/ingilterede-new-york-piyangosu-nasil-oynanir\/","url":"https:\/\/redfoxlotto.com\/tr\/oyna\/ingilterede-new-york-piyangosu-nasil-oynanir\/","name":"Birle\u015fik Krall\u0131k'ta New York Piyangosuna Nas\u0131l Kat\u0131labilirsiniz?","isPartOf":{"@id":"https:\/\/redfoxlotto.com\/tr\/#website"},"primaryImageOfPage":{"@id":"https:\/\/redfoxlotto.com\/tr\/oyna\/ingilterede-new-york-piyangosu-nasil-oynanir\/#primaryimage"},"image":{"@id":"https:\/\/redfoxlotto.com\/tr\/oyna\/ingilterede-new-york-piyangosu-nasil-oynanir\/#primaryimage"},"thumbnailUrl":"https:\/\/redfoxlotto.com\/wp-content\/uploads\/2023\/04\/raffle-tickets-online-495x330-1-300x200.jpg","datePublished":"2025-03-30T12:21:27+00:00","dateModified":"2025-12-10T16:43:51+00:00","description":"RedFoxLotto.com'da \u0130ngiltere'den New York Piyangosunu nas\u0131l oynayaca\u011f\u0131n\u0131z\u0131 ke\u015ffedin ve kazanma \u015fans\u0131n\u0131z\u0131 en \u00fcst d\u00fczeye \u00e7\u0131karmak i\u00e7in ipu\u00e7lar\u0131 al\u0131n.","breadcrumb":{"@id":"https:\/\/redfoxlotto.com\/tr\/oyna\/ingilterede-new-york-piyangosu-nasil-oynanir\/#breadcrumb"},"inLanguage":"tr","potentialAction":[{"@type":"ReadAction","target":["https:\/\/redfoxlotto.com\/tr\/oyna\/ingilterede-new-york-piyangosu-nasil-oynanir\/"]}]},{"@type":"ImageObject","inLanguage":"tr","@id":"https:\/\/redfoxlotto.com\/tr\/oyna\/ingilterede-new-york-piyangosu-nasil-oynanir\/#primaryimage","url":"https:\/\/redfoxlotto.com\/wp-content\/uploads\/2023\/04\/raffle-tickets-online-495x330-1-300x200.jpg","contentUrl":"https:\/\/redfoxlotto.com\/wp-content\/uploads\/2023\/04\/raffle-tickets-online-495x330-1-300x200.jpg"},{"@type":"BreadcrumbList","@id":"https:\/\/redfoxlotto.com\/tr\/oyna\/ingilterede-new-york-piyangosu-nasil-oynanir\/#breadcrumb","itemListElement":[{"@type":"ListItem","position":1,"name":"Home","item":"https:\/\/redfoxlotto.com\/tr\/"},{"@type":"ListItem","position":2,"name":"Uluslararas\u0131 piyangolara nas\u0131l kat\u0131l\u0131r\u0131m?","item":"https:\/\/redfoxlotto.com\/tr\/oyna\/"},{"@type":"ListItem","position":3,"name":"\u0130ngiltere&#8217;de New York Piyangosu Nas\u0131l Oynan\u0131r."}]},{"@type":"WebSite","@id":"https:\/\/redfoxlotto.com\/tr\/#website","url":"https:\/\/redfoxlotto.com\/tr\/","name":"Get Tickets for the World\u2019s largest jackpots","description":"Participate in worldwide lottery jackpots from any country","publisher":{"@id":"https:\/\/redfoxlotto.com\/tr\/#organization"},"potentialAction":[{"@type":"SearchAction","target":{"@type":"EntryPoint","urlTemplate":"https:\/\/redfoxlotto.com\/tr\/?s={search_term_string}"},"query-input":{"@type":"PropertyValueSpecification","valueRequired":true,"valueName":"search_term_string"}}],"inLanguage":"tr"},{"@type":"Organization","@id":"https:\/\/redfoxlotto.com\/tr\/#organization","name":"Get Tickets for the World\u2019s largest jackpots","url":"https:\/\/redfoxlotto.com\/tr\/","logo":{"@type":"ImageObject","inLanguage":"tr","@id":"https:\/\/redfoxlotto.com\/tr\/#\/schema\/logo\/image\/","url":"https:\/\/redfoxlotto.com\/wp-content\/uploads\/2023\/04\/logo.png","contentUrl":"https:\/\/redfoxlotto.com\/wp-content\/uploads\/2023\/04\/logo.png","width":269,"height":53,"caption":"Get Tickets for the World\u2019s largest jackpots"},"image":{"@id":"https:\/\/redfoxlotto.com\/tr\/#\/schema\/logo\/image\/"}}]}},"_links":{"self":[{"href":"https:\/\/redfoxlotto.com\/tr\/wp-json\/wp\/v2\/pages\/85322","targetHints":{"allow":["GET"]}}],"collection":[{"href":"https:\/\/redfoxlotto.com\/tr\/wp-json\/wp\/v2\/pages"}],"about":[{"href":"https:\/\/redfoxlotto.com\/tr\/wp-json\/wp\/v2\/types\/page"}],"author":[{"embeddable":true,"href":"https:\/\/redfoxlotto.com\/tr\/wp-json\/wp\/v2\/users\/8"}],"replies":[{"embeddable":true,"href":"https:\/\/redfoxlotto.com\/tr\/wp-json\/wp\/v2\/comments?post=85322"}],"version-history":[{"count":0,"href":"https:\/\/redfoxlotto.com\/tr\/wp-json\/wp\/v2\/pages\/85322\/revisions"}],"up":[{"embeddable":true,"href":"https:\/\/redfoxlotto.com\/tr\/wp-json\/wp\/v2\/pages\/2913"}],"wp:attachment":[{"href":"https:\/\/redfoxlotto.com\/tr\/wp-json\/wp\/v2\/media?parent=85322"}],"curies":[{"name":"wp","href":"https:\/\/api.w.org\/{rel}","templated":true}]}}