{"id":84539,"date":"2025-03-17T09:46:32","date_gmt":"2025-03-17T09:46:32","guid":{"rendered":"https:\/\/redfoxlotto.com\/?page_id=84539"},"modified":"2025-06-17T09:06:52","modified_gmt":"2025-06-17T09:06:52","slug":"scratchcards","status":"publish","type":"page","link":"https:\/\/redfoxlotto.com\/tr\/scratchcards\/","title":{"rendered":"Kaz\u0131 Kazan Kartlar\u0131"},"content":{"rendered":"<p>E\u011fer bir piyango hayran\u0131ysan\u0131z,<strong>\u00e7evrimi\u00e7i kaz\u0131 kazan kartlar\u0131m\u0131z\u0131 oynamay\u0131<\/strong> da<strong>sevece\u011finizden<\/strong> eminiz<strong>!<\/strong><\/p>\n<p>Kaz\u0131 kazan kartlar\u0131, piyango bileti sat\u0131n al\u0131mlar\u0131nda her zaman pop\u00fcler bir eklenti olmu\u015ftur. Gezegendeki neredeyse t\u00fcm piyango perakende ma\u011fazalar\u0131 bunlar\u0131 sat\u0131yor ve bunun iyi bir nedeni var. Piyango oynamak neredeyse her zaman sonu\u00e7lar\u0131 beklemek i\u00e7in biraz zaman gerektirirken, kaz\u0131 kazan kartlar\u0131 size an\u0131nda sonu\u00e7 verir.<\/p>\n<p>Ve \u00e7evrimi\u00e7i kaz\u0131 kazan kartlar\u0131m\u0131zla, onlar\u0131 sat\u0131n almak i\u00e7in bir piyango d\u00fckkan\u0131 bulman\u0131za bile gerek yok &#8211; sadece \u00e7evrimi\u00e7i kaz\u0131 kazan kartlar\u0131m\u0131z\u0131 oynayabilir ve kaz\u0131 kazan yaparken \u00e7ok e\u011flenebilir ve heyecanlanabilirsiniz.<\/p>\n<h2><strong>Online Kaz\u0131 Kazan Kartlar\u0131 \u00e7ok yak\u0131nda RedFoxLotto&#8217;da<\/strong><\/h2>\n<p><img loading=\"lazy\" decoding=\"async\" class=\" wp-image-83601 alignright\" src=\"https:\/\/redfoxlotto.com\/wp-content\/uploads\/2025\/03\/scratch_card_player-300x300.jpg\" alt=\"play scratch cards\" width=\"183\" height=\"183\" srcset=\"https:\/\/redfoxlotto.com\/wp-content\/uploads\/2025\/03\/scratch_card_player-300x300.jpg 300w, https:\/\/redfoxlotto.com\/wp-content\/uploads\/2025\/03\/scratch_card_player-150x150.jpg 150w, https:\/\/redfoxlotto.com\/wp-content\/uploads\/2025\/03\/scratch_card_player-100x100.jpg 100w, https:\/\/redfoxlotto.com\/wp-content\/uploads\/2025\/03\/scratch_card_player.jpg 307w\" sizes=\"auto, (max-width: 183px) 100vw, 183px\" \/><\/p>\n<ul>\n<li>Kaz\u0131 kazan kart oyunlar\u0131 Nisan 2025&#8217;in ba\u015flar\u0131nda ba\u015flat\u0131lacak.<\/li>\n<li>Lansman\u0131 ka\u00e7\u0131rmay\u0131n!<\/li>\n<li>Tan\u0131t\u0131m e-postalar\u0131m\u0131z\u0131 ald\u0131\u011f\u0131n\u0131zdan emin olun &#8211; spam klas\u00f6r\u00fcn\u00fcz\u00fc kontrol edin ve RedFoxLotto&#8217;yu g\u00fcvenilir bir e-posta g\u00f6ndericisi olarak i\u015faretleyin.<\/li>\n<\/ul>\n<p>\u00d6deme de \u00e7ok uygundur &#8211; \u00f6zellikle web sitemizde zaten bir hesap bakiyeniz varsa. Bu, birden fazla kaz\u0131 kazan kart\u0131 sat\u0131n almay\u0131 planl\u0131yorsan\u0131z, kaz\u0131 kazan kartlar\u0131 oynamaya ba\u015flamadan \u00f6nce c\u00fczdan\u0131n\u0131za para yat\u0131rman\u0131z gerekti\u011fi anlam\u0131na gelir.<\/p>\n<p>Sadece en \u00e7ok be\u011fendi\u011finiz kart\u0131 se\u00e7in ve sat\u0131n almak i\u00e7in t\u0131klay\u0131n. Birden fazla harika d\u00fczenimiz var ve farkl\u0131 fiyatlara ve \u00f6d\u00fcl aral\u0131klar\u0131na sahip kaz\u0131 kazan kartlar\u0131 var.<\/p>\n<h2>Kaz\u0131 kazan oyunlar\u0131m\u0131z\u0131 oynamak olduk\u00e7a kolayd\u0131r<\/h2>\n<p>Ard\u0131ndan, farenizi kullanarak kart\u0131n \u00fcst katman\u0131n\u0131 elle kaz\u0131yabilir veya kartta sakl\u0131 t\u00fcm bilgileri ortaya \u00e7\u0131karmak i\u00e7in \u201ch\u0131zl\u0131 kaz\u0131ma\u201d d\u00fc\u011fmesine t\u0131klayabilirsiniz.<\/p>\n<p>Kazanc\u0131n\u0131z, kart\u0131n\u0131z\u0131n \u00fcst katman\u0131n\u0131 \u00e7izdikten sonra g\u00f6sterilen miktarlara ba\u011fl\u0131d\u0131r. Kaz\u0131 kazan kart\u0131n\u0131zda e\u015fle\u015fen \u00fc\u00e7 miktar varsa, kazand\u0131\u011f\u0131n\u0131z miktar bu miktard\u0131r.<\/p>\n<h2>Bir kaz\u0131 kazan kart\u0131 kazand\u0131ktan sonra ne olur?<\/h2>\n<p>T\u00fcm kazan\u00e7lar derhal hesab\u0131n\u0131za eklenecektir. Bir kart kazan\u0131rsa, iki se\u00e7ene\u011finiz olacakt\u0131r:<\/p>\n<ol>\n<li>Kaz\u0131 kazan kart\u0131 sayfas\u0131nda kalabilir ve kazanc\u0131n\u0131z\u0131 daha fazla \u00e7evrimi\u00e7i kaz\u0131 kazan kart\u0131 sat\u0131n almak i\u00e7in kullanmaya devam edebilirsiniz<\/li>\n<li>Kaz\u0131 kazan kartlar\u0131 sayfas\u0131n\u0131 kapat\u0131n ve kazanc\u0131n\u0131z RedFoxLotto oyuncu bakiyenize aktar\u0131lacakt\u0131r.<\/li>\n<\/ol>\n<p>Oyuncu bakiyenize kaz\u0131 kazan kart\u0131 kazan\u00e7lar\u0131n\u0131 ekledikten sonra, bunlar\u0131 istedi\u011finiz \u015fekilde kullanabilirsiniz &#8211; normal piyango biletleri sat\u0131n al\u0131n, Keno oynay\u0131n, daha sonra daha fazla \u00e7evrimi\u00e7i kaz\u0131 kazan kart\u0131 sat\u0131n al\u0131n veya kazanc\u0131n\u0131z\u0131 \u00e7ekin.<\/p>\n<p>\u00c7evrimi\u00e7i kaz\u0131 kazan kartlar\u0131n\u0131n eklenmesi bir\u00e7ok m\u00fc\u015fterimizin istedi\u011fi bir \u015feydi ve bu deneyimden sizin de keyif alaca\u011f\u0131n\u0131zdan eminiz!<\/p>\n","protected":false},"excerpt":{"rendered":"<p>E\u011fer bir piyango hayran\u0131ysan\u0131z,\u00e7evrimi\u00e7i kaz\u0131 kazan kartlar\u0131m\u0131z\u0131 oynamay\u0131 dasevece\u011finizden eminiz! Kaz\u0131 kazan kartlar\u0131, piyango bileti sat\u0131n al\u0131mlar\u0131nda her zaman pop\u00fcler bir eklenti olmu\u015ftur. Gezegendeki neredeyse t\u00fcm piyango perakende ma\u011fazalar\u0131 bunlar\u0131 sat\u0131yor ve bunun iyi bir nedeni var. Piyango oynamak neredeyse her zaman sonu\u00e7lar\u0131 beklemek i\u00e7in biraz zaman gerektirirken, kaz\u0131 kazan kartlar\u0131 size an\u0131nda sonu\u00e7 verir. [&hellip;]<\/p>\n","protected":false},"author":8,"featured_media":0,"parent":0,"menu_order":7,"comment_status":"closed","ping_status":"closed","template":"","meta":{"_et_pb_use_builder":"","_et_pb_old_content":"","_et_gb_content_width":"","exclude_from_search":false,"footnotes":""},"class_list":["post-84539","page","type-page","status-publish","hentry"],"yoast_head":"<!-- This site is optimized with the Yoast SEO plugin v23.8 - https:\/\/yoast.com\/wordpress\/plugins\/seo\/ -->\n<title>Online kaz\u0131 kazan oyna | En iyi an\u0131nda kazan kaz\u0131 kazan kartlar\u0131<\/title>\n<meta name=\"description\" content=\"En iyi \u00e7evrimi\u00e7i kaz\u0131 kazan kartlar\u0131n\u0131 burada oynay\u0131n - cazip kaz\u0131 kazan oyunlar\u0131 ve an\u0131nda kazan\u0131lacak harika \u00f6d\u00fcller\" \/>\n<meta name=\"robots\" content=\"index, follow, max-snippet:-1, max-image-preview:large, max-video-preview:-1\" \/>\n<link rel=\"canonical\" href=\"https:\/\/redfoxlotto.com\/tr\/scratchcards\/\" \/>\n<meta property=\"og:locale\" content=\"tr_TR\" \/>\n<meta property=\"og:type\" content=\"article\" \/>\n<meta property=\"og:title\" content=\"Online kaz\u0131 kazan oyna | En iyi an\u0131nda kazan kaz\u0131 kazan kartlar\u0131\" \/>\n<meta property=\"og:description\" content=\"En iyi \u00e7evrimi\u00e7i kaz\u0131 kazan kartlar\u0131n\u0131 burada oynay\u0131n - cazip kaz\u0131 kazan oyunlar\u0131 ve an\u0131nda kazan\u0131lacak harika \u00f6d\u00fcller\" \/>\n<meta property=\"og:url\" content=\"https:\/\/redfoxlotto.com\/tr\/scratchcards\/\" \/>\n<meta property=\"og:site_name\" content=\"Get Tickets for the World\u2019s largest jackpots\" \/>\n<meta property=\"article:modified_time\" content=\"2025-06-17T09:06:52+00:00\" \/>\n<meta property=\"og:image\" content=\"https:\/\/redfoxlotto.com\/wp-content\/uploads\/2025\/03\/scratch_card_player-300x300.jpg\" \/>\n<meta name=\"twitter:card\" content=\"summary_large_image\" \/>\n<meta name=\"twitter:label1\" content=\"Tahmini okuma s\u00fcresi\" \/>\n\t<meta name=\"twitter:data1\" content=\"2 dakika\" \/>\n<script type=\"application\/ld+json\" class=\"yoast-schema-graph\">{\"@context\":\"https:\/\/schema.org\",\"@graph\":[{\"@type\":\"WebPage\",\"@id\":\"https:\/\/redfoxlotto.com\/tr\/scratchcards\/\",\"url\":\"https:\/\/redfoxlotto.com\/tr\/scratchcards\/\",\"name\":\"Online kaz\u0131 kazan oyna | En iyi an\u0131nda kazan kaz\u0131 kazan kartlar\u0131\",\"isPartOf\":{\"@id\":\"https:\/\/redfoxlotto.com\/tr\/#website\"},\"primaryImageOfPage\":{\"@id\":\"https:\/\/redfoxlotto.com\/tr\/scratchcards\/#primaryimage\"},\"image\":{\"@id\":\"https:\/\/redfoxlotto.com\/tr\/scratchcards\/#primaryimage\"},\"thumbnailUrl\":\"https:\/\/redfoxlotto.com\/wp-content\/uploads\/2025\/03\/scratch_card_player-300x300.jpg\",\"datePublished\":\"2025-03-17T09:46:32+00:00\",\"dateModified\":\"2025-06-17T09:06:52+00:00\",\"description\":\"En iyi \u00e7evrimi\u00e7i kaz\u0131 kazan kartlar\u0131n\u0131 burada oynay\u0131n - cazip kaz\u0131 kazan oyunlar\u0131 ve an\u0131nda kazan\u0131lacak harika \u00f6d\u00fcller\",\"breadcrumb\":{\"@id\":\"https:\/\/redfoxlotto.com\/tr\/scratchcards\/#breadcrumb\"},\"inLanguage\":\"tr\",\"potentialAction\":[{\"@type\":\"ReadAction\",\"target\":[\"https:\/\/redfoxlotto.com\/tr\/scratchcards\/\"]}]},{\"@type\":\"ImageObject\",\"inLanguage\":\"tr\",\"@id\":\"https:\/\/redfoxlotto.com\/tr\/scratchcards\/#primaryimage\",\"url\":\"https:\/\/redfoxlotto.com\/wp-content\/uploads\/2025\/03\/scratch_card_player-300x300.jpg\",\"contentUrl\":\"https:\/\/redfoxlotto.com\/wp-content\/uploads\/2025\/03\/scratch_card_player-300x300.jpg\"},{\"@type\":\"BreadcrumbList\",\"@id\":\"https:\/\/redfoxlotto.com\/tr\/scratchcards\/#breadcrumb\",\"itemListElement\":[{\"@type\":\"ListItem\",\"position\":1,\"name\":\"Home\",\"item\":\"https:\/\/redfoxlotto.com\/tr\/\"},{\"@type\":\"ListItem\",\"position\":2,\"name\":\"Kaz\u0131 Kazan Kartlar\u0131\"}]},{\"@type\":\"WebSite\",\"@id\":\"https:\/\/redfoxlotto.com\/tr\/#website\",\"url\":\"https:\/\/redfoxlotto.com\/tr\/\",\"name\":\"Get Tickets for the World\u2019s largest jackpots\",\"description\":\"Participate in worldwide lottery jackpots from any country\",\"publisher\":{\"@id\":\"https:\/\/redfoxlotto.com\/tr\/#organization\"},\"potentialAction\":[{\"@type\":\"SearchAction\",\"target\":{\"@type\":\"EntryPoint\",\"urlTemplate\":\"https:\/\/redfoxlotto.com\/tr\/?s={search_term_string}\"},\"query-input\":{\"@type\":\"PropertyValueSpecification\",\"valueRequired\":true,\"valueName\":\"search_term_string\"}}],\"inLanguage\":\"tr\"},{\"@type\":\"Organization\",\"@id\":\"https:\/\/redfoxlotto.com\/tr\/#organization\",\"name\":\"Get Tickets for the World\u2019s largest jackpots\",\"url\":\"https:\/\/redfoxlotto.com\/tr\/\",\"logo\":{\"@type\":\"ImageObject\",\"inLanguage\":\"tr\",\"@id\":\"https:\/\/redfoxlotto.com\/tr\/#\/schema\/logo\/image\/\",\"url\":\"https:\/\/redfoxlotto.com\/wp-content\/uploads\/2023\/04\/logo.png\",\"contentUrl\":\"https:\/\/redfoxlotto.com\/wp-content\/uploads\/2023\/04\/logo.png\",\"width\":269,\"height\":53,\"caption\":\"Get Tickets for the World\u2019s largest jackpots\"},\"image\":{\"@id\":\"https:\/\/redfoxlotto.com\/tr\/#\/schema\/logo\/image\/\"}}]}<\/script>\n<!-- \/ Yoast SEO plugin. -->","yoast_head_json":{"title":"Online kaz\u0131 kazan oyna | En iyi an\u0131nda kazan kaz\u0131 kazan kartlar\u0131","description":"En iyi \u00e7evrimi\u00e7i kaz\u0131 kazan kartlar\u0131n\u0131 burada oynay\u0131n - cazip kaz\u0131 kazan oyunlar\u0131 ve an\u0131nda kazan\u0131lacak harika \u00f6d\u00fcller","robots":{"index":"index","follow":"follow","max-snippet":"max-snippet:-1","max-image-preview":"max-image-preview:large","max-video-preview":"max-video-preview:-1"},"canonical":"https:\/\/redfoxlotto.com\/tr\/scratchcards\/","og_locale":"tr_TR","og_type":"article","og_title":"Online kaz\u0131 kazan oyna | En iyi an\u0131nda kazan kaz\u0131 kazan kartlar\u0131","og_description":"En iyi \u00e7evrimi\u00e7i kaz\u0131 kazan kartlar\u0131n\u0131 burada oynay\u0131n - cazip kaz\u0131 kazan oyunlar\u0131 ve an\u0131nda kazan\u0131lacak harika \u00f6d\u00fcller","og_url":"https:\/\/redfoxlotto.com\/tr\/scratchcards\/","og_site_name":"Get Tickets for the World\u2019s largest jackpots","article_modified_time":"2025-06-17T09:06:52+00:00","og_image":[{"url":"https:\/\/redfoxlotto.com\/wp-content\/uploads\/2025\/03\/scratch_card_player-300x300.jpg"}],"twitter_card":"summary_large_image","twitter_misc":{"Tahmini okuma s\u00fcresi":"2 dakika"},"schema":{"@context":"https:\/\/schema.org","@graph":[{"@type":"WebPage","@id":"https:\/\/redfoxlotto.com\/tr\/scratchcards\/","url":"https:\/\/redfoxlotto.com\/tr\/scratchcards\/","name":"Online kaz\u0131 kazan oyna | En iyi an\u0131nda kazan kaz\u0131 kazan kartlar\u0131","isPartOf":{"@id":"https:\/\/redfoxlotto.com\/tr\/#website"},"primaryImageOfPage":{"@id":"https:\/\/redfoxlotto.com\/tr\/scratchcards\/#primaryimage"},"image":{"@id":"https:\/\/redfoxlotto.com\/tr\/scratchcards\/#primaryimage"},"thumbnailUrl":"https:\/\/redfoxlotto.com\/wp-content\/uploads\/2025\/03\/scratch_card_player-300x300.jpg","datePublished":"2025-03-17T09:46:32+00:00","dateModified":"2025-06-17T09:06:52+00:00","description":"En iyi \u00e7evrimi\u00e7i kaz\u0131 kazan kartlar\u0131n\u0131 burada oynay\u0131n - cazip kaz\u0131 kazan oyunlar\u0131 ve an\u0131nda kazan\u0131lacak harika \u00f6d\u00fcller","breadcrumb":{"@id":"https:\/\/redfoxlotto.com\/tr\/scratchcards\/#breadcrumb"},"inLanguage":"tr","potentialAction":[{"@type":"ReadAction","target":["https:\/\/redfoxlotto.com\/tr\/scratchcards\/"]}]},{"@type":"ImageObject","inLanguage":"tr","@id":"https:\/\/redfoxlotto.com\/tr\/scratchcards\/#primaryimage","url":"https:\/\/redfoxlotto.com\/wp-content\/uploads\/2025\/03\/scratch_card_player-300x300.jpg","contentUrl":"https:\/\/redfoxlotto.com\/wp-content\/uploads\/2025\/03\/scratch_card_player-300x300.jpg"},{"@type":"BreadcrumbList","@id":"https:\/\/redfoxlotto.com\/tr\/scratchcards\/#breadcrumb","itemListElement":[{"@type":"ListItem","position":1,"name":"Home","item":"https:\/\/redfoxlotto.com\/tr\/"},{"@type":"ListItem","position":2,"name":"Kaz\u0131 Kazan Kartlar\u0131"}]},{"@type":"WebSite","@id":"https:\/\/redfoxlotto.com\/tr\/#website","url":"https:\/\/redfoxlotto.com\/tr\/","name":"Get Tickets for the World\u2019s largest jackpots","description":"Participate in worldwide lottery jackpots from any country","publisher":{"@id":"https:\/\/redfoxlotto.com\/tr\/#organization"},"potentialAction":[{"@type":"SearchAction","target":{"@type":"EntryPoint","urlTemplate":"https:\/\/redfoxlotto.com\/tr\/?s={search_term_string}"},"query-input":{"@type":"PropertyValueSpecification","valueRequired":true,"valueName":"search_term_string"}}],"inLanguage":"tr"},{"@type":"Organization","@id":"https:\/\/redfoxlotto.com\/tr\/#organization","name":"Get Tickets for the World\u2019s largest jackpots","url":"https:\/\/redfoxlotto.com\/tr\/","logo":{"@type":"ImageObject","inLanguage":"tr","@id":"https:\/\/redfoxlotto.com\/tr\/#\/schema\/logo\/image\/","url":"https:\/\/redfoxlotto.com\/wp-content\/uploads\/2023\/04\/logo.png","contentUrl":"https:\/\/redfoxlotto.com\/wp-content\/uploads\/2023\/04\/logo.png","width":269,"height":53,"caption":"Get Tickets for the World\u2019s largest jackpots"},"image":{"@id":"https:\/\/redfoxlotto.com\/tr\/#\/schema\/logo\/image\/"}}]}},"_links":{"self":[{"href":"https:\/\/redfoxlotto.com\/tr\/wp-json\/wp\/v2\/pages\/84539","targetHints":{"allow":["GET"]}}],"collection":[{"href":"https:\/\/redfoxlotto.com\/tr\/wp-json\/wp\/v2\/pages"}],"about":[{"href":"https:\/\/redfoxlotto.com\/tr\/wp-json\/wp\/v2\/types\/page"}],"author":[{"embeddable":true,"href":"https:\/\/redfoxlotto.com\/tr\/wp-json\/wp\/v2\/users\/8"}],"replies":[{"embeddable":true,"href":"https:\/\/redfoxlotto.com\/tr\/wp-json\/wp\/v2\/comments?post=84539"}],"version-history":[{"count":0,"href":"https:\/\/redfoxlotto.com\/tr\/wp-json\/wp\/v2\/pages\/84539\/revisions"}],"wp:attachment":[{"href":"https:\/\/redfoxlotto.com\/tr\/wp-json\/wp\/v2\/media?parent=84539"}],"curies":[{"name":"wp","href":"https:\/\/api.w.org\/{rel}","templated":true}]}}