{"id":84449,"date":"2025-02-12T11:12:52","date_gmt":"2025-02-12T11:12:52","guid":{"rendered":"https:\/\/redfoxlotto.com\/?page_id=84449"},"modified":"2025-10-09T14:31:06","modified_gmt":"2025-10-09T14:31:06","slug":"keno","status":"publish","type":"page","link":"https:\/\/redfoxlotto.com\/tr\/keno\/","title":{"rendered":"Keno"},"content":{"rendered":"<h2>Online Keno nas\u0131l oynan\u0131r bilmiyor musunuz?<\/h2>\n<p>Piyangonun nas\u0131l i\u015fledi\u011fini biliyorsunuz ama hi\u00e7 Keno oynamad\u0131n\u0131z m\u0131? \u00c7evrimi\u00e7i Keno&#8217;nun nas\u0131l oynand\u0131\u011f\u0131n\u0131 a\u00e7\u0131klayay\u0131m. Anlamas\u0131 o kadar zor de\u011fil ve platformumuz Keno bileti olu\u015fturmay\u0131 kolayla\u015ft\u0131r\u0131yor.<\/p>\n<div class=\"keno-banner-wrapper\"><img decoding=\"async\" class=\"keno-banner-image\" src=\"https:\/\/redfoxlotto.com\/wp-content\/uploads\/2025\/10\/3-scaled.png\" alt=\"Keno Banner\" \/><br \/>\n<div class=\"keno-banner-overlay\"><div class=\"keno-banner-text\">B\u00fcy\u00fck \u00f6d\u00fcl: \u20ac10,000,000<br>Her 30 dakikada bir \u00e7ekili\u015f<\/div><a href=\"https:\/\/keno.redfoxlotto.com\/play\/diamond-keno\" class=\"keno-banner-button\">\u015eimdi Diamond Keno Oynay\u0131n<\/a><\/div><\/div>\n<div class=\"keno-banner-wrapper\"><img decoding=\"async\" class=\"keno-banner-image\" src=\"https:\/\/redfoxlotto.com\/wp-content\/uploads\/2025\/10\/1-scaled.png\" alt=\"Keno Banner\" \/><br \/>\n<div class=\"keno-banner-overlay\"><div class=\"keno-banner-text\">B\u00fcy\u00fck \u00f6d\u00fcl: \u20ac5,000,000<br>Her 8 dakikada bir \u00e7ekili\u015f<\/div><a href=\"https:\/\/keno.redfoxlotto.com\/play\/platinum-keno\" class=\"keno-banner-button\">\u015eimdi Platinum Keno Oynay\u0131n<\/a><\/div><\/div>\n<div class=\"keno-banner-wrapper\"><img decoding=\"async\" class=\"keno-banner-image\" src=\"https:\/\/redfoxlotto.com\/wp-content\/uploads\/2025\/10\/2-scaled.png\" alt=\"Keno Banner\" \/><br \/>\n<div class=\"keno-banner-overlay\"><div class=\"keno-banner-text\">B\u00fcy\u00fck \u00f6d\u00fcl: \u20ac2,000,000<br>Her 6 dakikada bir \u00e7ekili\u015f<\/div><a href=\"https:\/\/keno.redfoxlotto.com\/play\/gold-keno\" class=\"keno-banner-button\">Gold Keno&#039;yu \u015eimdi Oynay\u0131n<\/a><\/div><\/div>\n<p><img loading=\"lazy\" decoding=\"async\" class=\"alignright size-medium wp-image-83635\" src=\"https:\/\/redfoxlotto.com\/wp-content\/uploads\/2025\/03\/keno_card-300x300.jpg\" alt=\"play keno online\" width=\"300\" height=\"300\" srcset=\"https:\/\/redfoxlotto.com\/wp-content\/uploads\/2025\/03\/keno_card-300x300.jpg 300w, https:\/\/redfoxlotto.com\/wp-content\/uploads\/2025\/03\/keno_card-150x150.jpg 150w, https:\/\/redfoxlotto.com\/wp-content\/uploads\/2025\/03\/keno_card-100x100.jpg 100w, https:\/\/redfoxlotto.com\/wp-content\/uploads\/2025\/03\/keno_card.jpg 307w\" sizes=\"auto, (max-width: 300px) 100vw, 300px\" \/><\/p>\n<h2>Normal bir piyango ile Keno aras\u0131ndaki farklar<\/h2>\n<p>Keno oynarken, bir bilet i\u00e7in ne kadar harcamak istedi\u011finiz \u00fczerinde daha fazla kontrole sahip olursunuz ve ayr\u0131ca ka\u00e7 say\u0131 se\u00e7ece\u011finize de siz karar verirsiniz.<\/p>\n<ul>\n<li><strong>\u00c7arpan<\/strong> &#8211; her Keno biletinin bir taban fiyat\u0131 vard\u0131r (bir bilet i\u00e7in \u00f6demeniz gereken minimum fiyat), ancak bir de \u00e7arpan i\u015flevi vard\u0131r. Diyelim ki temel fiyat 1,00 \u20ac. \u00c7arpan\u0131 5 olarak se\u00e7ti\u011finizde, biletiniz art\u0131k size 5,00 \u20ac&#8217;ya mal olacakt\u0131r. Ancak ayn\u0131 zamanda, kazanabilece\u011finiz miktar en az 5 kat artacakt\u0131r. Her \u00f6deme kademesinde maksimum \u00f6d\u00fcl\u00fc kazanmak i\u00e7in maksimum \u00e7arpan\u0131 se\u00e7meniz gerekir. \u00c7arpan 1 ile 5 aras\u0131nda veya 1 ile 10 aras\u0131nda de\u011fi\u015febilir. Ger\u00e7ek \u00f6demeyi g\u00f6rmek i\u00e7in yukar\u0131daki \u201cBilgi\u201d sekmesine t\u0131klay\u0131n ve bir \u00f6deme tablosu g\u00f6receksiniz.<\/li>\n<li>Se\u00e7mek istedi\u011finiz \u00e7arpana t\u0131klad\u0131\u011f\u0131n\u0131zda bu \u00e7arpana ait \u00f6demeler g\u00f6sterilecektir.<\/li>\n<li><strong>Daha fazla veya daha az say\u0131 oynay\u0131n<\/strong> &#8211; Biletiniz i\u00e7in daha fazla veya daha az say\u0131 se\u00e7mek isteyip istemedi\u011finize karar verebilirsiniz. Yine, en b\u00fcy\u00fck \u00f6d\u00fcl\u00fc kazanmak istiyorsan\u0131z, her zaman maksimum say\u0131y\u0131, yani 10 say\u0131y\u0131 se\u00e7meniz gerekir. Ancak yaln\u0131zca 8 say\u0131 oynamaya karar verirseniz, bunlar\u0131n t\u00fcm\u00fc veya bir k\u0131sm\u0131 \u00e7ekilen say\u0131larla e\u015fle\u015firse daha fazla para kazan\u0131rs\u0131n\u0131z. Yine, \u201cBilgi\u201d sayfas\u0131ndaki tablo size \u00f6demeleri g\u00f6sterecektir.<\/li>\n<li><strong>Say\u0131 aral\u0131\u011f\u0131ndan daha fazla<\/strong> say\u0131 \u00e7ekilir &#8211; normal bir piyango 49 veya 60 say\u0131 havuzundan 5 veya 6 say\u0131 \u00e7ekerken, Keno oynad\u0131\u011f\u0131n\u0131zda bu durum farkl\u0131d\u0131r. \u0130lk olarak, \u00e7o\u011fu Keno oyunu 20 say\u0131 \u00e7eker, ancak olas\u0131 say\u0131 havuzu da daha b\u00fcy\u00fckt\u00fcr (genellikle 70 ila 90 say\u0131 aras\u0131nda bir yerde). Ancak 20 kazanan say\u0131 ile, b\u00fcy\u00fck bir \u00f6d\u00fcl kazanmak i\u00e7in sadece 10 tanesini e\u015fle\u015ftirmeniz gerekir. Bu da online Keno oynad\u0131\u011f\u0131n\u0131zda genel oranlar\u0131n normal piyangolar\u0131n \u00e7o\u011funa k\u0131yasla daha iyi oldu\u011fu anlam\u0131na gelir.<\/li>\n<\/ul>\n<h2>Peki nas\u0131l online Keno oynayabilirim?<\/h2>\n<p><strong>Online Keno oynamak i\u00e7in tek yapman\u0131z gereken a\u015fa\u011f\u0131daki ad\u0131mlar\u0131 takip etmek:<\/strong><\/p>\n<ul>\n<li>Bu sayfadaki Keno banner&#8217;lar\u0131ndan birine t\u0131klay\u0131n<\/li>\n<li>Ka\u00e7 numara oynamak istedi\u011finizi se\u00e7in<\/li>\n<li>\u00c7arpan\u0131 se\u00e7in ve bilet fiyat\u0131n\u0131 kontrol edin (gerekirse \u00e7arpan\u0131 ayarlay\u0131n)<\/li>\n<li>Numaralar\u0131n\u0131z\u0131 se\u00e7in (veya rastgele numaralar olu\u015fturmak i\u00e7in H\u0131zl\u0131 Se\u00e7im i\u015flevini kullan\u0131n<\/li>\n<li>\u0130sterseniz ayn\u0131 Keno \u00e7ekili\u015fi i\u00e7in daha fazla bilet ekleyin<\/li>\n<li>Biletinizin veya biletlerinizin bir \u00e7ekili\u015fe mi yoksa birden fazla \u00e7ekili\u015fe mi kat\u0131lmas\u0131n\u0131 istedi\u011finize karar verin<\/li>\n<li>Biletleriniz i\u00e7in \u00f6deme yap\u0131n (hen\u00fcz bir hesab\u0131n\u0131z yoksa sitemizde yeni bir hesap olu\u015fturman\u0131z veya mevcut hesab\u0131n\u0131za giri\u015f yapman\u0131z gerekir)<\/li>\n<\/ul>\n<h2>Bir sonraki \u00e7ekili\u015fe sadece birka\u00e7 dakika kald\u0131.<\/h2>\n<p>\u00c7o\u011fu Keno piyangosu birka\u00e7 dakikada bir \u00e7ekilir, bu nedenle kazan\u0131p kazanmad\u0131\u011f\u0131n\u0131z\u0131 \u00f6\u011frenmek i\u00e7in uzun s\u00fcre beklemenize gerek yoktur. Web sitemizdeyken her Keno piyango \u00e7ekili\u015fi yakla\u015ft\u0131\u011f\u0131nda, bir a\u00e7\u0131l\u0131r pencere g\u00f6r\u00fcnecek ve bundan k\u0131sa bir s\u00fcre sonra bir \u00e7ekili\u015f animasyon videosu g\u00f6receksiniz. A\u00e7\u0131l\u0131r pencere g\u00f6sterildikten sonra, yakla\u015fan \u00e7ekili\u015fte oynamak i\u00e7in hala bir bilet sat\u0131n alabilmeniz gerekir. Ancak bir sonraki \u00e7ekili\u015fi ka\u00e7\u0131rsan\u0131z bile, sadece birka\u00e7 dakika uzakl\u0131kta olan bir sonraki \u00e7ekili\u015f i\u00e7in her zaman bir bilet olu\u015fturabilirsiniz!<\/p>\n<p>Keno \u00e7ekili\u015fleri sanal \u00e7ekili\u015flerdir ve say\u0131lar sertifikal\u0131 bir Rastgele Say\u0131 \u00dcreticisi taraf\u0131ndan olu\u015fturulur. Bu \u015fekilde, web sitemizde \u00e7evrimi\u00e7i Keno oynad\u0131\u011f\u0131n\u0131zda oyunun her zaman adil oldu\u011fundan emin olabilirsiniz.<\/p>\n<p>Bu arada, bu, bir yerden bilet sat\u0131n alabilece\u011finiz halka a\u00e7\u0131k bir piyango de\u011fildir.<\/p>\n<p>piyango sat\u0131\u015f noktas\u0131. Bu nedenle Keno oyunlar\u0131 i\u00e7in taranm\u0131\u015f bir bilet almayacaks\u0131n\u0131z, bunun yerine oyuncu hesab\u0131n\u0131zda sadece bir onay alacaks\u0131n\u0131z.<\/p>\n","protected":false},"excerpt":{"rendered":"<p>Online Keno nas\u0131l oynan\u0131r bilmiyor musunuz? Piyangonun nas\u0131l i\u015fledi\u011fini biliyorsunuz ama hi\u00e7 Keno oynamad\u0131n\u0131z m\u0131? \u00c7evrimi\u00e7i Keno&#8217;nun nas\u0131l oynand\u0131\u011f\u0131n\u0131 a\u00e7\u0131klayay\u0131m. Anlamas\u0131 o kadar zor de\u011fil ve platformumuz Keno bileti olu\u015fturmay\u0131 kolayla\u015ft\u0131r\u0131yor. Normal bir piyango ile Keno aras\u0131ndaki farklar Keno oynarken, bir bilet i\u00e7in ne kadar harcamak istedi\u011finiz \u00fczerinde daha fazla kontrole sahip olursunuz ve ayr\u0131ca [&hellip;]<\/p>\n","protected":false},"author":8,"featured_media":0,"parent":0,"menu_order":5,"comment_status":"closed","ping_status":"closed","template":"","meta":{"_et_pb_use_builder":"","_et_pb_old_content":"","_et_gb_content_width":"","exclude_from_search":false,"footnotes":""},"class_list":["post-84449","page","type-page","status-publish","hentry"],"yoast_head":"<!-- This site is optimized with the Yoast SEO plugin v27.4 - https:\/\/yoast.com\/product\/yoast-seo-wordpress\/ -->\n<title>\u00c7evrimi\u00e7i Keno nas\u0131l oynan\u0131r | \u00c7evrimi\u00e7i Keno i\u00e7in kurallar ve strateji<\/title>\n<meta name=\"description\" content=\"Keno&#039;da b\u00fcy\u00fck kazanmak ister misiniz? Birka\u00e7 dakikadan fazla s\u00fcrmeyen \u00e7ekili\u015flerle 10 milyon \u20ac&#039;ya varan b\u00fcy\u00fck \u00f6d\u00fcller i\u00e7in \u00e7evrimi\u00e7i Keno nas\u0131l oynan\u0131r?\" \/>\n<meta name=\"robots\" content=\"index, follow, max-snippet:-1, max-image-preview:large, max-video-preview:-1\" \/>\n<link rel=\"canonical\" href=\"https:\/\/redfoxlotto.com\/tr\/keno\/\" \/>\n<meta property=\"og:locale\" content=\"tr_TR\" \/>\n<meta property=\"og:type\" content=\"article\" \/>\n<meta property=\"og:title\" content=\"\u00c7evrimi\u00e7i Keno nas\u0131l oynan\u0131r | \u00c7evrimi\u00e7i Keno i\u00e7in kurallar ve strateji\" \/>\n<meta property=\"og:description\" content=\"Keno&#039;da b\u00fcy\u00fck kazanmak ister misiniz? Birka\u00e7 dakikadan fazla s\u00fcrmeyen \u00e7ekili\u015flerle 10 milyon \u20ac&#039;ya varan b\u00fcy\u00fck \u00f6d\u00fcller i\u00e7in \u00e7evrimi\u00e7i Keno nas\u0131l oynan\u0131r?\" \/>\n<meta property=\"og:url\" content=\"https:\/\/redfoxlotto.com\/tr\/keno\/\" \/>\n<meta property=\"og:site_name\" content=\"Get Tickets for the World\u2019s largest jackpots\" \/>\n<meta property=\"article:modified_time\" content=\"2025-10-09T14:31:06+00:00\" \/>\n<meta property=\"og:image\" content=\"https:\/\/redfoxlotto.com\/wp-content\/uploads\/2025\/10\/3-scaled.png\" \/>\n<meta name=\"twitter:card\" content=\"summary_large_image\" \/>\n<meta name=\"twitter:label1\" content=\"Tahmini okuma s\u00fcresi\" \/>\n\t<meta name=\"twitter:data1\" content=\"4 dakika\" \/>\n<script type=\"application\/ld+json\" class=\"yoast-schema-graph\">{\"@context\":\"https:\\\/\\\/schema.org\",\"@graph\":[{\"@type\":\"WebPage\",\"@id\":\"https:\\\/\\\/redfoxlotto.com\\\/tr\\\/keno\\\/\",\"url\":\"https:\\\/\\\/redfoxlotto.com\\\/tr\\\/keno\\\/\",\"name\":\"\u00c7evrimi\u00e7i Keno nas\u0131l oynan\u0131r | \u00c7evrimi\u00e7i Keno i\u00e7in kurallar ve strateji\",\"isPartOf\":{\"@id\":\"https:\\\/\\\/redfoxlotto.com\\\/tr\\\/#website\"},\"primaryImageOfPage\":{\"@id\":\"https:\\\/\\\/redfoxlotto.com\\\/tr\\\/keno\\\/#primaryimage\"},\"image\":{\"@id\":\"https:\\\/\\\/redfoxlotto.com\\\/tr\\\/keno\\\/#primaryimage\"},\"thumbnailUrl\":\"https:\\\/\\\/redfoxlotto.com\\\/wp-content\\\/uploads\\\/2025\\\/10\\\/3-scaled.png\",\"datePublished\":\"2025-02-12T11:12:52+00:00\",\"dateModified\":\"2025-10-09T14:31:06+00:00\",\"description\":\"Keno'da b\u00fcy\u00fck kazanmak ister misiniz? Birka\u00e7 dakikadan fazla s\u00fcrmeyen \u00e7ekili\u015flerle 10 milyon \u20ac'ya varan b\u00fcy\u00fck \u00f6d\u00fcller i\u00e7in \u00e7evrimi\u00e7i Keno nas\u0131l oynan\u0131r?\",\"breadcrumb\":{\"@id\":\"https:\\\/\\\/redfoxlotto.com\\\/tr\\\/keno\\\/#breadcrumb\"},\"inLanguage\":\"tr\",\"potentialAction\":[{\"@type\":\"ReadAction\",\"target\":[\"https:\\\/\\\/redfoxlotto.com\\\/tr\\\/keno\\\/\"]}]},{\"@type\":\"ImageObject\",\"inLanguage\":\"tr\",\"@id\":\"https:\\\/\\\/redfoxlotto.com\\\/tr\\\/keno\\\/#primaryimage\",\"url\":\"https:\\\/\\\/redfoxlotto.com\\\/wp-content\\\/uploads\\\/2025\\\/10\\\/3-scaled.png\",\"contentUrl\":\"https:\\\/\\\/redfoxlotto.com\\\/wp-content\\\/uploads\\\/2025\\\/10\\\/3-scaled.png\"},{\"@type\":\"BreadcrumbList\",\"@id\":\"https:\\\/\\\/redfoxlotto.com\\\/tr\\\/keno\\\/#breadcrumb\",\"itemListElement\":[{\"@type\":\"ListItem\",\"position\":1,\"name\":\"Home\",\"item\":\"https:\\\/\\\/redfoxlotto.com\\\/tr\\\/\"},{\"@type\":\"ListItem\",\"position\":2,\"name\":\"Keno\"}]},{\"@type\":\"WebSite\",\"@id\":\"https:\\\/\\\/redfoxlotto.com\\\/tr\\\/#website\",\"url\":\"https:\\\/\\\/redfoxlotto.com\\\/tr\\\/\",\"name\":\"Get Tickets for the World\u2019s largest jackpots\",\"description\":\"Participate in worldwide lottery jackpots from any country\",\"publisher\":{\"@id\":\"https:\\\/\\\/redfoxlotto.com\\\/tr\\\/#organization\"},\"potentialAction\":[{\"@type\":\"SearchAction\",\"target\":{\"@type\":\"EntryPoint\",\"urlTemplate\":\"https:\\\/\\\/redfoxlotto.com\\\/tr\\\/?s={search_term_string}\"},\"query-input\":{\"@type\":\"PropertyValueSpecification\",\"valueRequired\":true,\"valueName\":\"search_term_string\"}}],\"inLanguage\":\"tr\"},{\"@type\":\"Organization\",\"@id\":\"https:\\\/\\\/redfoxlotto.com\\\/tr\\\/#organization\",\"name\":\"Get Tickets for the World\u2019s largest jackpots\",\"url\":\"https:\\\/\\\/redfoxlotto.com\\\/tr\\\/\",\"logo\":{\"@type\":\"ImageObject\",\"inLanguage\":\"tr\",\"@id\":\"https:\\\/\\\/redfoxlotto.com\\\/tr\\\/#\\\/schema\\\/logo\\\/image\\\/\",\"url\":\"https:\\\/\\\/redfoxlotto.com\\\/wp-content\\\/uploads\\\/2023\\\/04\\\/logo.png\",\"contentUrl\":\"https:\\\/\\\/redfoxlotto.com\\\/wp-content\\\/uploads\\\/2023\\\/04\\\/logo.png\",\"width\":269,\"height\":53,\"caption\":\"Get Tickets for the World\u2019s largest jackpots\"},\"image\":{\"@id\":\"https:\\\/\\\/redfoxlotto.com\\\/tr\\\/#\\\/schema\\\/logo\\\/image\\\/\"}}]}<\/script>\n<!-- \/ Yoast SEO plugin. -->","yoast_head_json":{"title":"\u00c7evrimi\u00e7i Keno nas\u0131l oynan\u0131r | \u00c7evrimi\u00e7i Keno i\u00e7in kurallar ve strateji","description":"Keno'da b\u00fcy\u00fck kazanmak ister misiniz? Birka\u00e7 dakikadan fazla s\u00fcrmeyen \u00e7ekili\u015flerle 10 milyon \u20ac'ya varan b\u00fcy\u00fck \u00f6d\u00fcller i\u00e7in \u00e7evrimi\u00e7i Keno nas\u0131l oynan\u0131r?","robots":{"index":"index","follow":"follow","max-snippet":"max-snippet:-1","max-image-preview":"max-image-preview:large","max-video-preview":"max-video-preview:-1"},"canonical":"https:\/\/redfoxlotto.com\/tr\/keno\/","og_locale":"tr_TR","og_type":"article","og_title":"\u00c7evrimi\u00e7i Keno nas\u0131l oynan\u0131r | \u00c7evrimi\u00e7i Keno i\u00e7in kurallar ve strateji","og_description":"Keno'da b\u00fcy\u00fck kazanmak ister misiniz? Birka\u00e7 dakikadan fazla s\u00fcrmeyen \u00e7ekili\u015flerle 10 milyon \u20ac'ya varan b\u00fcy\u00fck \u00f6d\u00fcller i\u00e7in \u00e7evrimi\u00e7i Keno nas\u0131l oynan\u0131r?","og_url":"https:\/\/redfoxlotto.com\/tr\/keno\/","og_site_name":"Get Tickets for the World\u2019s largest jackpots","article_modified_time":"2025-10-09T14:31:06+00:00","og_image":[{"url":"https:\/\/redfoxlotto.com\/wp-content\/uploads\/2025\/10\/3-scaled.png","type":"","width":"","height":""}],"twitter_card":"summary_large_image","twitter_misc":{"Tahmini okuma s\u00fcresi":"4 dakika"},"schema":{"@context":"https:\/\/schema.org","@graph":[{"@type":"WebPage","@id":"https:\/\/redfoxlotto.com\/tr\/keno\/","url":"https:\/\/redfoxlotto.com\/tr\/keno\/","name":"\u00c7evrimi\u00e7i Keno nas\u0131l oynan\u0131r | \u00c7evrimi\u00e7i Keno i\u00e7in kurallar ve strateji","isPartOf":{"@id":"https:\/\/redfoxlotto.com\/tr\/#website"},"primaryImageOfPage":{"@id":"https:\/\/redfoxlotto.com\/tr\/keno\/#primaryimage"},"image":{"@id":"https:\/\/redfoxlotto.com\/tr\/keno\/#primaryimage"},"thumbnailUrl":"https:\/\/redfoxlotto.com\/wp-content\/uploads\/2025\/10\/3-scaled.png","datePublished":"2025-02-12T11:12:52+00:00","dateModified":"2025-10-09T14:31:06+00:00","description":"Keno'da b\u00fcy\u00fck kazanmak ister misiniz? Birka\u00e7 dakikadan fazla s\u00fcrmeyen \u00e7ekili\u015flerle 10 milyon \u20ac'ya varan b\u00fcy\u00fck \u00f6d\u00fcller i\u00e7in \u00e7evrimi\u00e7i Keno nas\u0131l oynan\u0131r?","breadcrumb":{"@id":"https:\/\/redfoxlotto.com\/tr\/keno\/#breadcrumb"},"inLanguage":"tr","potentialAction":[{"@type":"ReadAction","target":["https:\/\/redfoxlotto.com\/tr\/keno\/"]}]},{"@type":"ImageObject","inLanguage":"tr","@id":"https:\/\/redfoxlotto.com\/tr\/keno\/#primaryimage","url":"https:\/\/redfoxlotto.com\/wp-content\/uploads\/2025\/10\/3-scaled.png","contentUrl":"https:\/\/redfoxlotto.com\/wp-content\/uploads\/2025\/10\/3-scaled.png"},{"@type":"BreadcrumbList","@id":"https:\/\/redfoxlotto.com\/tr\/keno\/#breadcrumb","itemListElement":[{"@type":"ListItem","position":1,"name":"Home","item":"https:\/\/redfoxlotto.com\/tr\/"},{"@type":"ListItem","position":2,"name":"Keno"}]},{"@type":"WebSite","@id":"https:\/\/redfoxlotto.com\/tr\/#website","url":"https:\/\/redfoxlotto.com\/tr\/","name":"Get Tickets for the World\u2019s largest jackpots","description":"Participate in worldwide lottery jackpots from any country","publisher":{"@id":"https:\/\/redfoxlotto.com\/tr\/#organization"},"potentialAction":[{"@type":"SearchAction","target":{"@type":"EntryPoint","urlTemplate":"https:\/\/redfoxlotto.com\/tr\/?s={search_term_string}"},"query-input":{"@type":"PropertyValueSpecification","valueRequired":true,"valueName":"search_term_string"}}],"inLanguage":"tr"},{"@type":"Organization","@id":"https:\/\/redfoxlotto.com\/tr\/#organization","name":"Get Tickets for the World\u2019s largest jackpots","url":"https:\/\/redfoxlotto.com\/tr\/","logo":{"@type":"ImageObject","inLanguage":"tr","@id":"https:\/\/redfoxlotto.com\/tr\/#\/schema\/logo\/image\/","url":"https:\/\/redfoxlotto.com\/wp-content\/uploads\/2023\/04\/logo.png","contentUrl":"https:\/\/redfoxlotto.com\/wp-content\/uploads\/2023\/04\/logo.png","width":269,"height":53,"caption":"Get Tickets for the World\u2019s largest jackpots"},"image":{"@id":"https:\/\/redfoxlotto.com\/tr\/#\/schema\/logo\/image\/"}}]}},"_links":{"self":[{"href":"https:\/\/redfoxlotto.com\/tr\/wp-json\/wp\/v2\/pages\/84449","targetHints":{"allow":["GET"]}}],"collection":[{"href":"https:\/\/redfoxlotto.com\/tr\/wp-json\/wp\/v2\/pages"}],"about":[{"href":"https:\/\/redfoxlotto.com\/tr\/wp-json\/wp\/v2\/types\/page"}],"author":[{"embeddable":true,"href":"https:\/\/redfoxlotto.com\/tr\/wp-json\/wp\/v2\/users\/8"}],"replies":[{"embeddable":true,"href":"https:\/\/redfoxlotto.com\/tr\/wp-json\/wp\/v2\/comments?post=84449"}],"version-history":[{"count":0,"href":"https:\/\/redfoxlotto.com\/tr\/wp-json\/wp\/v2\/pages\/84449\/revisions"}],"wp:attachment":[{"href":"https:\/\/redfoxlotto.com\/tr\/wp-json\/wp\/v2\/media?parent=84449"}],"curies":[{"name":"wp","href":"https:\/\/api.w.org\/{rel}","templated":true}]}}