{"id":68339,"date":"2024-04-25T08:02:02","date_gmt":"2024-04-25T08:02:02","guid":{"rendered":"https:\/\/redfoxlotto.org\/?page_id=68339"},"modified":"2024-11-24T17:51:27","modified_gmt":"2024-11-24T17:51:27","slug":"purchase-success","status":"publish","type":"page","link":"https:\/\/redfoxlotto.com\/tr\/purchase-success\/","title":{"rendered":"Sat\u0131n alma ba\u015far\u0131s\u0131"},"content":{"rendered":"<p>Piyango biletinizi veya biletlerinizi ba\u015far\u0131yla sat\u0131n ald\u0131n\u0131z!<\/p><p>Sipari\u015finizin ayr\u0131nt\u0131lar\u0131n\u0131 oyuncu hesab\u0131n\u0131zda g\u00f6rebilirsiniz. \u00d6ncelikle giri\u015f yap\u0131n, &#8220;Biletlerim&#8221;e t\u0131klay\u0131n.<\/p><p>L\u00fctfen numaralar\u0131n\u0131z\u0131n bulundu\u011fu biletin taranmas\u0131 ve y\u00fcklenmesinin biraz zaman alabilece\u011fini unutmay\u0131n. Bilet taramalar\u0131 oyuncu hesab\u0131n\u0131za y\u00fcklenecek, ancak size e-postayla g\u00f6nderilmeyecektir.<\/p><p>\u015eimdi yapman\u0131z gereken tek \u015fey \u00e7ekili\u015fi beklemek &#8211; parmaklar\u0131m\u0131z\u0131 \u00e7apraz tutuyoruz ve kazanman\u0131z\u0131 umuyoruz.<\/p><p>Biletiniz kazan\u0131rsa, her zaman bir e-posta bildirimi alacaks\u0131n\u0131z. E-postalar\u0131m\u0131z\u0131n &#8220;Spam&#8221; veya &#8220;Bilinmeyen&#8221; klas\u00f6r\u00fcn\u00fcze d\u00fc\u015fmedi\u011finden emin olun!&#8221;<\/p>","protected":false},"excerpt":{"rendered":"<p>Piyango biletinizi veya biletlerinizi ba\u015far\u0131yla sat\u0131n ald\u0131n\u0131z! Sipari\u015finizin ayr\u0131nt\u0131lar\u0131n\u0131 oyuncu hesab\u0131n\u0131zda g\u00f6rebilirsiniz. \u00d6ncelikle giri\u015f yap\u0131n, &#8220;Biletlerim&#8221;e t\u0131klay\u0131n. L\u00fctfen numaralar\u0131n\u0131z\u0131n bulundu\u011fu biletin taranmas\u0131 ve y\u00fcklenmesinin biraz zaman alabilece\u011fini unutmay\u0131n. Bilet taramalar\u0131 oyuncu hesab\u0131n\u0131za y\u00fcklenecek, ancak size e-postayla g\u00f6nderilmeyecektir. \u015eimdi yapman\u0131z gereken tek \u015fey \u00e7ekili\u015fi beklemek &#8211; parmaklar\u0131m\u0131z\u0131 \u00e7apraz tutuyoruz ve kazanman\u0131z\u0131 umuyoruz. Biletiniz kazan\u0131rsa, her zaman [&hellip;]<\/p>\n","protected":false},"author":1,"featured_media":0,"parent":0,"menu_order":19,"comment_status":"closed","ping_status":"closed","template":"wc_ThankYou.php","meta":{"_et_pb_use_builder":"","_et_pb_old_content":"","_et_gb_content_width":"","exclude_from_search":false,"footnotes":""},"class_list":["post-68339","page","type-page","status-publish","hentry"],"yoast_head":"<!-- This site is optimized with the Yoast SEO plugin v23.8 - https:\/\/yoast.com\/wordpress\/plugins\/seo\/ -->\n<title>Sat\u0131n alma ba\u015far\u0131s\u0131<\/title>\n<meta name=\"robots\" content=\"index, follow, max-snippet:-1, max-image-preview:large, max-video-preview:-1\" \/>\n<link rel=\"canonical\" href=\"https:\/\/redfoxlotto.com\/tr\/purchase-success\/\" \/>\n<meta property=\"og:locale\" content=\"tr_TR\" \/>\n<meta property=\"og:type\" content=\"article\" \/>\n<meta property=\"og:title\" content=\"Sat\u0131n alma ba\u015far\u0131s\u0131\" \/>\n<meta property=\"og:description\" content=\"Piyango biletinizi veya biletlerinizi ba\u015far\u0131yla sat\u0131n ald\u0131n\u0131z! Sipari\u015finizin ayr\u0131nt\u0131lar\u0131n\u0131 oyuncu hesab\u0131n\u0131zda g\u00f6rebilirsiniz. \u00d6ncelikle giri\u015f yap\u0131n, &#8220;Biletlerim&#8221;e t\u0131klay\u0131n. L\u00fctfen numaralar\u0131n\u0131z\u0131n bulundu\u011fu biletin taranmas\u0131 ve y\u00fcklenmesinin biraz zaman alabilece\u011fini unutmay\u0131n. Bilet taramalar\u0131 oyuncu hesab\u0131n\u0131za y\u00fcklenecek, ancak size e-postayla g\u00f6nderilmeyecektir. \u015eimdi yapman\u0131z gereken tek \u015fey \u00e7ekili\u015fi beklemek &#8211; parmaklar\u0131m\u0131z\u0131 \u00e7apraz tutuyoruz ve kazanman\u0131z\u0131 umuyoruz. Biletiniz kazan\u0131rsa, her zaman [&hellip;]\" \/>\n<meta property=\"og:url\" content=\"https:\/\/redfoxlotto.com\/tr\/purchase-success\/\" \/>\n<meta property=\"og:site_name\" content=\"Get Tickets for the World\u2019s largest jackpots\" \/>\n<meta property=\"article:modified_time\" content=\"2024-11-24T17:51:27+00:00\" \/>\n<meta name=\"twitter:card\" content=\"summary_large_image\" \/>\n<meta name=\"twitter:label1\" content=\"Tahmini okuma s\u00fcresi\" \/>\n\t<meta name=\"twitter:data1\" content=\"1 dakika\" \/>\n<script type=\"application\/ld+json\" class=\"yoast-schema-graph\">{\"@context\":\"https:\/\/schema.org\",\"@graph\":[{\"@type\":\"WebPage\",\"@id\":\"https:\/\/redfoxlotto.com\/tr\/purchase-success\/\",\"url\":\"https:\/\/redfoxlotto.com\/tr\/purchase-success\/\",\"name\":\"Sat\u0131n alma ba\u015far\u0131s\u0131\",\"isPartOf\":{\"@id\":\"https:\/\/redfoxlotto.com\/tr\/#website\"},\"datePublished\":\"2024-04-25T08:02:02+00:00\",\"dateModified\":\"2024-11-24T17:51:27+00:00\",\"breadcrumb\":{\"@id\":\"https:\/\/redfoxlotto.com\/tr\/purchase-success\/#breadcrumb\"},\"inLanguage\":\"tr\",\"potentialAction\":[{\"@type\":\"ReadAction\",\"target\":[\"https:\/\/redfoxlotto.com\/tr\/purchase-success\/\"]}]},{\"@type\":\"BreadcrumbList\",\"@id\":\"https:\/\/redfoxlotto.com\/tr\/purchase-success\/#breadcrumb\",\"itemListElement\":[{\"@type\":\"ListItem\",\"position\":1,\"name\":\"Home\",\"item\":\"https:\/\/redfoxlotto.com\/tr\/\"},{\"@type\":\"ListItem\",\"position\":2,\"name\":\"Sat\u0131n alma ba\u015far\u0131s\u0131\"}]},{\"@type\":\"WebSite\",\"@id\":\"https:\/\/redfoxlotto.com\/tr\/#website\",\"url\":\"https:\/\/redfoxlotto.com\/tr\/\",\"name\":\"Get Tickets for the World\u2019s largest jackpots\",\"description\":\"Participate in worldwide lottery jackpots from any country\",\"publisher\":{\"@id\":\"https:\/\/redfoxlotto.com\/tr\/#organization\"},\"potentialAction\":[{\"@type\":\"SearchAction\",\"target\":{\"@type\":\"EntryPoint\",\"urlTemplate\":\"https:\/\/redfoxlotto.com\/tr\/?s={search_term_string}\"},\"query-input\":{\"@type\":\"PropertyValueSpecification\",\"valueRequired\":true,\"valueName\":\"search_term_string\"}}],\"inLanguage\":\"tr\"},{\"@type\":\"Organization\",\"@id\":\"https:\/\/redfoxlotto.com\/tr\/#organization\",\"name\":\"Get Tickets for the World\u2019s largest jackpots\",\"url\":\"https:\/\/redfoxlotto.com\/tr\/\",\"logo\":{\"@type\":\"ImageObject\",\"inLanguage\":\"tr\",\"@id\":\"https:\/\/redfoxlotto.com\/tr\/#\/schema\/logo\/image\/\",\"url\":\"https:\/\/redfoxlotto.com\/wp-content\/uploads\/2023\/04\/logo.png\",\"contentUrl\":\"https:\/\/redfoxlotto.com\/wp-content\/uploads\/2023\/04\/logo.png\",\"width\":269,\"height\":53,\"caption\":\"Get Tickets for the World\u2019s largest jackpots\"},\"image\":{\"@id\":\"https:\/\/redfoxlotto.com\/tr\/#\/schema\/logo\/image\/\"}}]}<\/script>\n<!-- \/ Yoast SEO plugin. -->","yoast_head_json":{"title":"Sat\u0131n alma ba\u015far\u0131s\u0131","robots":{"index":"index","follow":"follow","max-snippet":"max-snippet:-1","max-image-preview":"max-image-preview:large","max-video-preview":"max-video-preview:-1"},"canonical":"https:\/\/redfoxlotto.com\/tr\/purchase-success\/","og_locale":"tr_TR","og_type":"article","og_title":"Sat\u0131n alma ba\u015far\u0131s\u0131","og_description":"Piyango biletinizi veya biletlerinizi ba\u015far\u0131yla sat\u0131n ald\u0131n\u0131z! Sipari\u015finizin ayr\u0131nt\u0131lar\u0131n\u0131 oyuncu hesab\u0131n\u0131zda g\u00f6rebilirsiniz. \u00d6ncelikle giri\u015f yap\u0131n, &#8220;Biletlerim&#8221;e t\u0131klay\u0131n. L\u00fctfen numaralar\u0131n\u0131z\u0131n bulundu\u011fu biletin taranmas\u0131 ve y\u00fcklenmesinin biraz zaman alabilece\u011fini unutmay\u0131n. Bilet taramalar\u0131 oyuncu hesab\u0131n\u0131za y\u00fcklenecek, ancak size e-postayla g\u00f6nderilmeyecektir. \u015eimdi yapman\u0131z gereken tek \u015fey \u00e7ekili\u015fi beklemek &#8211; parmaklar\u0131m\u0131z\u0131 \u00e7apraz tutuyoruz ve kazanman\u0131z\u0131 umuyoruz. Biletiniz kazan\u0131rsa, her zaman [&hellip;]","og_url":"https:\/\/redfoxlotto.com\/tr\/purchase-success\/","og_site_name":"Get Tickets for the World\u2019s largest jackpots","article_modified_time":"2024-11-24T17:51:27+00:00","twitter_card":"summary_large_image","twitter_misc":{"Tahmini okuma s\u00fcresi":"1 dakika"},"schema":{"@context":"https:\/\/schema.org","@graph":[{"@type":"WebPage","@id":"https:\/\/redfoxlotto.com\/tr\/purchase-success\/","url":"https:\/\/redfoxlotto.com\/tr\/purchase-success\/","name":"Sat\u0131n alma ba\u015far\u0131s\u0131","isPartOf":{"@id":"https:\/\/redfoxlotto.com\/tr\/#website"},"datePublished":"2024-04-25T08:02:02+00:00","dateModified":"2024-11-24T17:51:27+00:00","breadcrumb":{"@id":"https:\/\/redfoxlotto.com\/tr\/purchase-success\/#breadcrumb"},"inLanguage":"tr","potentialAction":[{"@type":"ReadAction","target":["https:\/\/redfoxlotto.com\/tr\/purchase-success\/"]}]},{"@type":"BreadcrumbList","@id":"https:\/\/redfoxlotto.com\/tr\/purchase-success\/#breadcrumb","itemListElement":[{"@type":"ListItem","position":1,"name":"Home","item":"https:\/\/redfoxlotto.com\/tr\/"},{"@type":"ListItem","position":2,"name":"Sat\u0131n alma ba\u015far\u0131s\u0131"}]},{"@type":"WebSite","@id":"https:\/\/redfoxlotto.com\/tr\/#website","url":"https:\/\/redfoxlotto.com\/tr\/","name":"Get Tickets for the World\u2019s largest jackpots","description":"Participate in worldwide lottery jackpots from any country","publisher":{"@id":"https:\/\/redfoxlotto.com\/tr\/#organization"},"potentialAction":[{"@type":"SearchAction","target":{"@type":"EntryPoint","urlTemplate":"https:\/\/redfoxlotto.com\/tr\/?s={search_term_string}"},"query-input":{"@type":"PropertyValueSpecification","valueRequired":true,"valueName":"search_term_string"}}],"inLanguage":"tr"},{"@type":"Organization","@id":"https:\/\/redfoxlotto.com\/tr\/#organization","name":"Get Tickets for the World\u2019s largest jackpots","url":"https:\/\/redfoxlotto.com\/tr\/","logo":{"@type":"ImageObject","inLanguage":"tr","@id":"https:\/\/redfoxlotto.com\/tr\/#\/schema\/logo\/image\/","url":"https:\/\/redfoxlotto.com\/wp-content\/uploads\/2023\/04\/logo.png","contentUrl":"https:\/\/redfoxlotto.com\/wp-content\/uploads\/2023\/04\/logo.png","width":269,"height":53,"caption":"Get Tickets for the World\u2019s largest jackpots"},"image":{"@id":"https:\/\/redfoxlotto.com\/tr\/#\/schema\/logo\/image\/"}}]}},"_links":{"self":[{"href":"https:\/\/redfoxlotto.com\/tr\/wp-json\/wp\/v2\/pages\/68339","targetHints":{"allow":["GET"]}}],"collection":[{"href":"https:\/\/redfoxlotto.com\/tr\/wp-json\/wp\/v2\/pages"}],"about":[{"href":"https:\/\/redfoxlotto.com\/tr\/wp-json\/wp\/v2\/types\/page"}],"author":[{"embeddable":true,"href":"https:\/\/redfoxlotto.com\/tr\/wp-json\/wp\/v2\/users\/1"}],"replies":[{"embeddable":true,"href":"https:\/\/redfoxlotto.com\/tr\/wp-json\/wp\/v2\/comments?post=68339"}],"version-history":[{"count":0,"href":"https:\/\/redfoxlotto.com\/tr\/wp-json\/wp\/v2\/pages\/68339\/revisions"}],"wp:attachment":[{"href":"https:\/\/redfoxlotto.com\/tr\/wp-json\/wp\/v2\/media?parent=68339"}],"curies":[{"name":"wp","href":"https:\/\/api.w.org\/{rel}","templated":true}]}}