{"id":50221,"date":"2023-04-13T18:01:41","date_gmt":"2023-04-13T18:01:41","guid":{"rendered":"https:\/\/redfoxlotto.eu\/?page_id=50221"},"modified":"2026-01-06T09:18:12","modified_gmt":"2026-01-06T09:18:12","slug":"home","status":"publish","type":"page","link":"https:\/\/redfoxlotto.com\/tr\/","title":{"rendered":"\u0130kamet etti\u011finiz \u00fclke \u00f6nemli de\u011fil, d\u00fcnyan\u0131n en b\u00fcy\u00fck piyangolar\u0131n\u0131 oynay\u0131n"},"content":{"rendered":"<p><script type=\"application\/ld+json\">\n{\n  \"@context\": \"https:\/\/schema.org\",\n  \"@type\": \"Service\",\n  \"name\": \"Powerball'\u0131 \u00e7evrimi\u00e7i oyna\",\n  \"url\": \"https:\/\/redfoxlotto.com\/tr\/\",\n  \"description\": \"D\u00fcnyan\u0131n en b\u00fcy\u00fck loto jackpotlar\u0131 her yerden eri\u015filebilir \u2014 hemen online loto biletinizi sat\u0131n al\u0131n!\",\n  \"serviceType\": \"Online loto bileti arac\u0131l\u0131k hizmeti\",\n  \"provider\": {\n    \"@type\": \"Organization\",\n    \"name\": \"RedFoxLotto\",\n    \"url\": \"https:\/\/redfoxlotto.com\/tr\/\",\n    \"image\": \"https:\/\/redfoxlotto.com\/wp-content\/uploads\/2025\/12\/ticket_scans.jpg\"\n  },\n  \"areaServed\": \"D\u00fcnya \u00e7ap\u0131nda\",\n  \"termsOfService\": \"https:\/\/redfoxlotto.com\/terms-and-conditions\",\n  \"additionalProperty\": {\n    \"@type\": \"PropertyValue\",\n    \"name\": \"SSS\",\n    \"value\": \"https:\/\/redfoxlotto.com\/tr\/faq\/\"\n  },\n  \"hasOfferCatalog\": {\n    \"@type\": \"OfferCatalog\",\n    \"name\": \"Uluslararas\u0131 \u00e7ekili\u015fler i\u00e7in loto biletleri\",\n    \"itemListElement\": [\n      {\n        \"@type\": \"Offer\",\n        \"name\": \"Powerball, Mega Millions, Euromillions ve di\u011ferleri i\u00e7in biletler\",\n        \"url\": \"https:\/\/redfoxlotto.com\/tr\/\",\n        \"description\": \"D\u00fcnyan\u0131n en b\u00fcy\u00fck loto jackpotlar\u0131 i\u00e7in bilet sat\u0131n al\u0131n.\",\n        \"availability\": \"https:\/\/schema.org\/InStock\",\n        \"itemOffered\": {\n          \"@type\": \"Service\",\n          \"name\": \"Uluslararas\u0131 loto biletleri\",\n          \"description\": \"RedFoxLotto arac\u0131l\u0131\u011f\u0131yla uluslararas\u0131 \u00e7ekili\u015flere kat\u0131l\u0131n.\"\n        }\n      }\n    ]\n  },\n  \"mainEntityOfPage\": {\n    \"@type\": \"WebPage\",\n    \"@id\": \"https:\/\/redfoxlotto.com\/tr\/\"\n  }\n}\n<\/script><\/p>\n<h2>\u0130kamet etti\u011finiz \u00fclke \u00f6nemli de\u011fil \u2013 D\u00fcnyan\u0131n en b\u00fcy\u00fck \u00e7ekili\u015flerine kat\u0131l\u0131n<\/h2>\n<p><img loading=\"lazy\" decoding=\"async\" class=\"size-full wp-image-4467 alignright\" src=\"https:\/\/redfoxlotto.com\/wp-content\/uploads\/2024\/03\/Balls_2.png\" alt=\"\u00e7evrimi\u00e7i piyango bileti\" width=\"212\" height=\"250\" \/>D\u00fcnyan\u0131n d\u00f6rt bir yan\u0131ndaki piyango kazananlar\u0131n\u0131n b\u00fcy\u00fck miktarlarda para kazand\u0131\u011f\u0131n\u0131 ka\u00e7 kez duydunuz? Ne yaz\u0131k ki, bu devasa kazan\u00e7lar \u00e7o\u011funlukla ba\u015fka \u00fclkelerde elde edildi. Elbette, kendi \u00fclkenizde de zaman zaman b\u00fcy\u00fck ikramiyeler \u00e7\u0131kar, ancak bir ikramiyenin yeterince b\u00fcy\u00fck hale gelmesi genellikle zaman al\u0131r. Yani b\u00fcy\u00fck bir ikramiye kazanmay\u0131 bekliyorsan\u0131z, biraz beklemeniz gerekebilir.<\/p>\n<p>Art\u0131k d\u00fcnyan\u0131n en b\u00fcy\u00fck ikramiyeleri i\u00e7in piyango biletlerini \u00e7evrimi\u00e7i sat\u0131n alabilirsiniz. Bu, kendi \u00fclkeniz d\u0131\u015f\u0131nda piyangolara kat\u0131labilece\u011finiz anlam\u0131na gelir. Bu tamamen yasal ve \u00e7ok pratiktir. Biletinizi birka\u00e7 t\u0131klamayla \u00e7evrimi\u00e7i sipari\u015f edebilir ve \u00f6rne\u011fin kredi kart\u0131 ile tamamen g\u00fcvenli bir s\u00fcre\u00e7ten \u00f6deme yapabilirsiniz. Alternatif olarak, sipari\u015finizi vermek i\u00e7in di\u011fer \u00f6deme y\u00f6ntemlerimizden birini kullanabilirsiniz. K\u0131sa s\u00fcre i\u00e7inde bir onay e-postas\u0131 alacaks\u0131n\u0131z. Hi\u00e7bir bilet kaybolamaz ve kazand\u0131\u011f\u0131n\u0131z herhangi bir \u00f6d\u00fcl otomatik olarak size bildirilir. B\u00f6ylece biletinizi piyango sonu\u00e7lar\u0131yla kontrol etmeyi unuttu\u011funuz i\u00e7in bir kazanc\u0131 ka\u00e7\u0131rmazs\u0131n\u0131z.<\/p>\n<h2>\u00c7evrimi\u00e7i piyango bileti alman\u0131n en b\u00fcy\u00fck avantaj\u0131<\/h2>\n<p>En b\u00fcy\u00fck avantaj, \u015fu anda en y\u00fcksek seviyelerde olan piyangolar i\u00e7in her zaman bilet sat\u0131n alabilmenizdir. Piyango biletlerine ne kadar para harcad\u0131\u011f\u0131n\u0131z \u00f6nemli de\u011fildir. Kesinlikle 150 milyonluk bir ikramiyeye yat\u0131r\u0131m yapmak, iki milyonluk bir \u00f6demenin i\u00e7ine para yat\u0131rmaktan daha ekonomiktir. Daha fazla \u00e7evrimi\u00e7i piyango mevcut oldu\u011funda, her hafta en az bir b\u00fcy\u00fck ikramiye bulabilirsiniz ve bu size yerel piyangoya g\u00f6re daha iyi bir maliyet-potansiyel kazan\u00e7 oran\u0131 sunar. Bazen bu ikramiyeler \u015fa\u015f\u0131rt\u0131c\u0131 seviyelere ula\u015fabilir.<\/p>\n<p>D\u00fcnya rekoru ikramiyesi 2.040.000.000 $ (Temmuz 2023). 22 Kas\u0131m 2022\u2019de ABD Powerball \u00e7ekili\u015finde kazan\u0131ld\u0131. 13 Ocak 2016\u2019da bir ba\u015fka 1,586 milyar dolarl\u0131k ikramiye vard\u0131, o da Amerikan Powerball\u2019unda kazan\u0131ld\u0131. Tarihteki \u00fc\u00e7\u00fcnc\u00fc en y\u00fcksek ikramiye, 23 Ekim 2018\u2019de Mega Millions \u00e7ekili\u015finde bir \u015fansl\u0131 kazanan taraf\u0131ndan 1,537 milyar $ ile kazan\u0131ld\u0131.<\/p>\n<p>Bu piyangolardaki \u00f6nceki b\u00fcy\u00fck kazan\u00e7lar\u0131n \u00e7o\u011fu \u00e7evrimi\u00e7i bilet sat\u0131n al\u0131mlar\u0131 ile elde edilmi\u015ftir.<\/p>\n<h2>Biletimi \u00e7evrimi\u00e7i sipari\u015f ettikten sonra ne olur?<\/h2>\n<p><img loading=\"lazy\" decoding=\"async\" class=\"size-medium wp-image-39298 alignright\" src=\"https:\/\/redfoxlotto.com\/wp-content\/uploads\/2023\/04\/1_play_online_lotto.jpg\" alt=\"\u00e7evrimi\u00e7i piyango oynay\u0131n\" width=\"300\" height=\"300\" \/>RedFoxLotto.com taraf\u0131ndan sa\u011flanan hizmet, farkl\u0131 piyango \u00fclkelerindeki \u00e7al\u0131\u015fanlar\u0131m\u0131z\u0131n sipari\u015f etti\u011finiz biletleri sat\u0131n almas\u0131n\u0131 i\u00e7erir. Bunlar sizin se\u00e7ti\u011finiz numaralar\u0131 i\u00e7eren ger\u00e7ek, resmi piyango biletleridir. Sat\u0131n al\u0131mdan sonra bir onay e-postas\u0131 alacaks\u0131n\u0131z. M\u00fc\u015fteri alan\u0131n\u0131zda sipari\u015finizi g\u00f6rebilir ve numaralar\u0131n\u0131z\u0131 kontrol edebilirsiniz. Sipari\u015f verdikten k\u0131sa bir s\u00fcre sonra, sat\u0131n al\u0131nan biletin taramas\u0131 m\u00fc\u015fteri hesab\u0131n\u0131za y\u00fcklenecektir.<\/p>\n<h2>Peki ya kazan\u0131rsam?<\/h2>\n<p>2.500 \u20ac alt\u0131ndaki kazan\u00e7lar an\u0131nda RedFoxLotto m\u00fc\u015fteri hesab\u0131n\u0131za yat\u0131r\u0131lacakt\u0131r. 2.500 \u20ac\u2019yu a\u015fan kazan\u00e7lar i\u00e7in m\u00fc\u015fteri hizmetleri ekibimiz sizinle ileti\u015fime ge\u00e7erek \u00f6demenin d\u00fczenlenmesini sa\u011flar ve ilgili piyango komisyonu ile sizin ad\u0131n\u0131za ileti\u015fime ge\u00e7er. Bu t\u00fcr bir \u00f6deme genellikle do\u011frudan banka hesab\u0131n\u0131za yap\u0131l\u0131r veya bir \u00e7ek al\u0131rs\u0131n\u0131z.<\/p>\n<p>Kazan\u00e7lar\u0131n\u0131z\u0131 \u00fccretsiz i\u015fleriz, yaln\u0131zca belirli bankalara yap\u0131lan banka havaleleri i\u00e7in k\u00fc\u00e7\u00fck bir \u00fccret uygulan\u0131r.<\/p>\n<p>Daha fazla bilgi i\u00e7in SSS\u2019lerimize bak\u0131n veya destek ekibiyle ileti\u015fime ge\u00e7in. Art\u0131k daha k\u00fc\u00e7\u00fck jackpotlarla yetinmenize gerek yok \u2013 daha b\u00fcy\u00fck bir jackpot se\u00e7in ve bir sonraki piyango milyoneriniz olun!<\/p>\n","protected":false},"excerpt":{"rendered":"<p>\u0130kamet etti\u011finiz \u00fclke \u00f6nemli de\u011fil \u2013 D\u00fcnyan\u0131n en b\u00fcy\u00fck \u00e7ekili\u015flerine kat\u0131l\u0131n D\u00fcnyan\u0131n d\u00f6rt bir yan\u0131ndaki piyango kazananlar\u0131n\u0131n b\u00fcy\u00fck miktarlarda para kazand\u0131\u011f\u0131n\u0131 ka\u00e7 kez duydunuz? Ne yaz\u0131k ki, bu devasa kazan\u00e7lar \u00e7o\u011funlukla ba\u015fka \u00fclkelerde elde edildi. Elbette, kendi \u00fclkenizde de zaman zaman b\u00fcy\u00fck ikramiyeler \u00e7\u0131kar, ancak bir ikramiyenin yeterince b\u00fcy\u00fck hale gelmesi genellikle zaman al\u0131r. Yani [&hellip;]<\/p>\n","protected":false},"author":1,"featured_media":0,"parent":0,"menu_order":1,"comment_status":"closed","ping_status":"closed","template":"lotto.php","meta":{"_et_pb_use_builder":"","_et_pb_old_content":"","_et_gb_content_width":"","exclude_from_search":false,"footnotes":""},"class_list":["post-50221","page","type-page","status-publish","hentry"],"yoast_head":"<!-- This site is optimized with the Yoast SEO plugin v27.3 - https:\/\/yoast.com\/product\/yoast-seo-wordpress\/ -->\n<title>\u00c7evrimi\u00e7i Piyango | D\u00fcnyan\u0131n en b\u00fcy\u00fck loto ikramiyelerine bilet al\u0131n<\/title>\n<meta name=\"description\" content=\"D\u00fcnyan\u0131n en b\u00fcy\u00fck loto ikramiyeleri art\u0131k her yerde - loto biletinizi hemen online olarak sat\u0131n al\u0131n!\" \/>\n<meta name=\"robots\" content=\"index, follow, max-snippet:-1, max-image-preview:large, max-video-preview:-1\" \/>\n<link rel=\"canonical\" href=\"https:\/\/redfoxlotto.com\/tr\/\" \/>\n<meta property=\"og:locale\" content=\"tr_TR\" \/>\n<meta property=\"og:type\" content=\"article\" \/>\n<meta property=\"og:title\" content=\"\u00c7evrimi\u00e7i Piyango | D\u00fcnyan\u0131n en b\u00fcy\u00fck loto ikramiyelerine bilet al\u0131n\" \/>\n<meta property=\"og:description\" content=\"D\u00fcnyan\u0131n en b\u00fcy\u00fck loto ikramiyeleri art\u0131k her yerde - loto biletinizi hemen online olarak sat\u0131n al\u0131n!\" \/>\n<meta property=\"og:url\" content=\"https:\/\/redfoxlotto.com\/tr\/\" \/>\n<meta property=\"og:site_name\" content=\"Get Tickets for the World\u2019s largest jackpots\" \/>\n<meta property=\"article:modified_time\" content=\"2026-01-06T09:18:12+00:00\" \/>\n<meta property=\"og:image\" content=\"https:\/\/redfoxlotto.com\/wp-content\/uploads\/2024\/03\/Balls_2.png\" \/>\n<meta name=\"twitter:card\" content=\"summary_large_image\" \/>\n<meta name=\"twitter:label1\" content=\"Tahmini okuma s\u00fcresi\" \/>\n\t<meta name=\"twitter:data1\" content=\"4 dakika\" \/>\n<script type=\"application\/ld+json\" class=\"yoast-schema-graph\">{\"@context\":\"https:\\\/\\\/schema.org\",\"@graph\":[{\"@type\":\"WebPage\",\"@id\":\"https:\\\/\\\/redfoxlotto.com\\\/tr\\\/\",\"url\":\"https:\\\/\\\/redfoxlotto.com\\\/tr\\\/\",\"name\":\"\u00c7evrimi\u00e7i Piyango | D\u00fcnyan\u0131n en b\u00fcy\u00fck loto ikramiyelerine bilet al\u0131n\",\"isPartOf\":{\"@id\":\"https:\\\/\\\/redfoxlotto.com\\\/tr\\\/#website\"},\"primaryImageOfPage\":{\"@id\":\"https:\\\/\\\/redfoxlotto.com\\\/tr\\\/#primaryimage\"},\"image\":{\"@id\":\"https:\\\/\\\/redfoxlotto.com\\\/tr\\\/#primaryimage\"},\"thumbnailUrl\":\"https:\\\/\\\/redfoxlotto.com\\\/wp-content\\\/uploads\\\/2024\\\/03\\\/Balls_2.png\",\"datePublished\":\"2023-04-13T18:01:41+00:00\",\"dateModified\":\"2026-01-06T09:18:12+00:00\",\"description\":\"D\u00fcnyan\u0131n en b\u00fcy\u00fck loto ikramiyeleri art\u0131k her yerde - loto biletinizi hemen online olarak sat\u0131n al\u0131n!\",\"breadcrumb\":{\"@id\":\"https:\\\/\\\/redfoxlotto.com\\\/tr\\\/#breadcrumb\"},\"inLanguage\":\"tr\",\"potentialAction\":[{\"@type\":\"ReadAction\",\"target\":[\"https:\\\/\\\/redfoxlotto.com\\\/tr\\\/\"]}]},{\"@type\":\"ImageObject\",\"inLanguage\":\"tr\",\"@id\":\"https:\\\/\\\/redfoxlotto.com\\\/tr\\\/#primaryimage\",\"url\":\"https:\\\/\\\/redfoxlotto.com\\\/wp-content\\\/uploads\\\/2024\\\/03\\\/Balls_2.png\",\"contentUrl\":\"https:\\\/\\\/redfoxlotto.com\\\/wp-content\\\/uploads\\\/2024\\\/03\\\/Balls_2.png\"},{\"@type\":\"BreadcrumbList\",\"@id\":\"https:\\\/\\\/redfoxlotto.com\\\/tr\\\/#breadcrumb\",\"itemListElement\":[{\"@type\":\"ListItem\",\"position\":1,\"name\":\"Home\",\"item\":\"https:\\\/\\\/redfoxlotto.com\\\/tr\\\/\"},{\"@type\":\"ListItem\",\"position\":2,\"name\":\"\u0130kamet etti\u011finiz \u00fclke \u00f6nemli de\u011fil, d\u00fcnyan\u0131n en b\u00fcy\u00fck piyangolar\u0131n\u0131 oynay\u0131n\"}]},{\"@type\":\"WebSite\",\"@id\":\"https:\\\/\\\/redfoxlotto.com\\\/tr\\\/#website\",\"url\":\"https:\\\/\\\/redfoxlotto.com\\\/tr\\\/\",\"name\":\"Get Tickets for the World\u2019s largest jackpots\",\"description\":\"Participate in worldwide lottery jackpots from any country\",\"publisher\":{\"@id\":\"https:\\\/\\\/redfoxlotto.com\\\/tr\\\/#organization\"},\"potentialAction\":[{\"@type\":\"SearchAction\",\"target\":{\"@type\":\"EntryPoint\",\"urlTemplate\":\"https:\\\/\\\/redfoxlotto.com\\\/tr\\\/?s={search_term_string}\"},\"query-input\":{\"@type\":\"PropertyValueSpecification\",\"valueRequired\":true,\"valueName\":\"search_term_string\"}}],\"inLanguage\":\"tr\"},{\"@type\":\"Organization\",\"@id\":\"https:\\\/\\\/redfoxlotto.com\\\/tr\\\/#organization\",\"name\":\"Get Tickets for the World\u2019s largest jackpots\",\"url\":\"https:\\\/\\\/redfoxlotto.com\\\/tr\\\/\",\"logo\":{\"@type\":\"ImageObject\",\"inLanguage\":\"tr\",\"@id\":\"https:\\\/\\\/redfoxlotto.com\\\/tr\\\/#\\\/schema\\\/logo\\\/image\\\/\",\"url\":\"https:\\\/\\\/redfoxlotto.com\\\/wp-content\\\/uploads\\\/2023\\\/04\\\/logo.png\",\"contentUrl\":\"https:\\\/\\\/redfoxlotto.com\\\/wp-content\\\/uploads\\\/2023\\\/04\\\/logo.png\",\"width\":269,\"height\":53,\"caption\":\"Get Tickets for the World\u2019s largest jackpots\"},\"image\":{\"@id\":\"https:\\\/\\\/redfoxlotto.com\\\/tr\\\/#\\\/schema\\\/logo\\\/image\\\/\"}}]}<\/script>\n<!-- \/ Yoast SEO plugin. -->","yoast_head_json":{"title":"\u00c7evrimi\u00e7i Piyango | D\u00fcnyan\u0131n en b\u00fcy\u00fck loto ikramiyelerine bilet al\u0131n","description":"D\u00fcnyan\u0131n en b\u00fcy\u00fck loto ikramiyeleri art\u0131k her yerde - loto biletinizi hemen online olarak sat\u0131n al\u0131n!","robots":{"index":"index","follow":"follow","max-snippet":"max-snippet:-1","max-image-preview":"max-image-preview:large","max-video-preview":"max-video-preview:-1"},"canonical":"https:\/\/redfoxlotto.com\/tr\/","og_locale":"tr_TR","og_type":"article","og_title":"\u00c7evrimi\u00e7i Piyango | D\u00fcnyan\u0131n en b\u00fcy\u00fck loto ikramiyelerine bilet al\u0131n","og_description":"D\u00fcnyan\u0131n en b\u00fcy\u00fck loto ikramiyeleri art\u0131k her yerde - loto biletinizi hemen online olarak sat\u0131n al\u0131n!","og_url":"https:\/\/redfoxlotto.com\/tr\/","og_site_name":"Get Tickets for the World\u2019s largest jackpots","article_modified_time":"2026-01-06T09:18:12+00:00","og_image":[{"url":"https:\/\/redfoxlotto.com\/wp-content\/uploads\/2024\/03\/Balls_2.png","type":"","width":"","height":""}],"twitter_card":"summary_large_image","twitter_misc":{"Tahmini okuma s\u00fcresi":"4 dakika"},"schema":{"@context":"https:\/\/schema.org","@graph":[{"@type":"WebPage","@id":"https:\/\/redfoxlotto.com\/tr\/","url":"https:\/\/redfoxlotto.com\/tr\/","name":"\u00c7evrimi\u00e7i Piyango | D\u00fcnyan\u0131n en b\u00fcy\u00fck loto ikramiyelerine bilet al\u0131n","isPartOf":{"@id":"https:\/\/redfoxlotto.com\/tr\/#website"},"primaryImageOfPage":{"@id":"https:\/\/redfoxlotto.com\/tr\/#primaryimage"},"image":{"@id":"https:\/\/redfoxlotto.com\/tr\/#primaryimage"},"thumbnailUrl":"https:\/\/redfoxlotto.com\/wp-content\/uploads\/2024\/03\/Balls_2.png","datePublished":"2023-04-13T18:01:41+00:00","dateModified":"2026-01-06T09:18:12+00:00","description":"D\u00fcnyan\u0131n en b\u00fcy\u00fck loto ikramiyeleri art\u0131k her yerde - loto biletinizi hemen online olarak sat\u0131n al\u0131n!","breadcrumb":{"@id":"https:\/\/redfoxlotto.com\/tr\/#breadcrumb"},"inLanguage":"tr","potentialAction":[{"@type":"ReadAction","target":["https:\/\/redfoxlotto.com\/tr\/"]}]},{"@type":"ImageObject","inLanguage":"tr","@id":"https:\/\/redfoxlotto.com\/tr\/#primaryimage","url":"https:\/\/redfoxlotto.com\/wp-content\/uploads\/2024\/03\/Balls_2.png","contentUrl":"https:\/\/redfoxlotto.com\/wp-content\/uploads\/2024\/03\/Balls_2.png"},{"@type":"BreadcrumbList","@id":"https:\/\/redfoxlotto.com\/tr\/#breadcrumb","itemListElement":[{"@type":"ListItem","position":1,"name":"Home","item":"https:\/\/redfoxlotto.com\/tr\/"},{"@type":"ListItem","position":2,"name":"\u0130kamet etti\u011finiz \u00fclke \u00f6nemli de\u011fil, d\u00fcnyan\u0131n en b\u00fcy\u00fck piyangolar\u0131n\u0131 oynay\u0131n"}]},{"@type":"WebSite","@id":"https:\/\/redfoxlotto.com\/tr\/#website","url":"https:\/\/redfoxlotto.com\/tr\/","name":"Get Tickets for the World\u2019s largest jackpots","description":"Participate in worldwide lottery jackpots from any country","publisher":{"@id":"https:\/\/redfoxlotto.com\/tr\/#organization"},"potentialAction":[{"@type":"SearchAction","target":{"@type":"EntryPoint","urlTemplate":"https:\/\/redfoxlotto.com\/tr\/?s={search_term_string}"},"query-input":{"@type":"PropertyValueSpecification","valueRequired":true,"valueName":"search_term_string"}}],"inLanguage":"tr"},{"@type":"Organization","@id":"https:\/\/redfoxlotto.com\/tr\/#organization","name":"Get Tickets for the World\u2019s largest jackpots","url":"https:\/\/redfoxlotto.com\/tr\/","logo":{"@type":"ImageObject","inLanguage":"tr","@id":"https:\/\/redfoxlotto.com\/tr\/#\/schema\/logo\/image\/","url":"https:\/\/redfoxlotto.com\/wp-content\/uploads\/2023\/04\/logo.png","contentUrl":"https:\/\/redfoxlotto.com\/wp-content\/uploads\/2023\/04\/logo.png","width":269,"height":53,"caption":"Get Tickets for the World\u2019s largest jackpots"},"image":{"@id":"https:\/\/redfoxlotto.com\/tr\/#\/schema\/logo\/image\/"}}]}},"_links":{"self":[{"href":"https:\/\/redfoxlotto.com\/tr\/wp-json\/wp\/v2\/pages\/50221","targetHints":{"allow":["GET"]}}],"collection":[{"href":"https:\/\/redfoxlotto.com\/tr\/wp-json\/wp\/v2\/pages"}],"about":[{"href":"https:\/\/redfoxlotto.com\/tr\/wp-json\/wp\/v2\/types\/page"}],"author":[{"embeddable":true,"href":"https:\/\/redfoxlotto.com\/tr\/wp-json\/wp\/v2\/users\/1"}],"replies":[{"embeddable":true,"href":"https:\/\/redfoxlotto.com\/tr\/wp-json\/wp\/v2\/comments?post=50221"}],"version-history":[{"count":0,"href":"https:\/\/redfoxlotto.com\/tr\/wp-json\/wp\/v2\/pages\/50221\/revisions"}],"wp:attachment":[{"href":"https:\/\/redfoxlotto.com\/tr\/wp-json\/wp\/v2\/media?parent=50221"}],"curies":[{"name":"wp","href":"https:\/\/api.w.org\/{rel}","templated":true}]}}