{"id":2965,"date":"2018-11-18T08:54:25","date_gmt":"2018-11-18T08:54:25","guid":{"rendered":"https:\/\/redfoxlotto.com\/?page_id=5411"},"modified":"2019-09-12T18:15:07","modified_gmt":"2019-09-12T18:15:07","slug":"lotto-uk","status":"publish","type":"page","link":"https:\/\/redfoxlotto.com\/tr\/sonuclar\/lotto-uk\/","title":{"rendered":"UK Lottery Sonu\u00e7lar\u0131"},"content":{"rendered":"<p>UK Lotto&#8217;nun g\u00fcncel sonu\u00e7lar\u0131na buradan ula\u015fabilirsiniz. Ar\u015fivden \u0130ngiliz piyangosunun ge\u00e7mi\u015f hafta sonu\u00e7lar\u0131n\u0131 g\u00f6rebilirsiniz.<\/p><h2 class=\"wp-block-heading\">UK National Lottery B\u00fcy\u00fck ikramiyesi &#8211; UK Lotto \u00c7eki\u015fi<\/h2><p><img loading=\"lazy\" decoding=\"async\" class=\" wp-image alignright\" src=\"https:\/\/content.redfoxlotto.com\/uploads\/sites\/9\/1_results_tickets_lotto.jpg\" alt=\"\u0130ngiltere Loto\" width=\"275\" height=\"194\" \/><\/p><p>Cumartesi g\u00fcnleri olan Britanya&#8217;n\u0131n en b\u00fcy\u00fck piyangosunun en d\u00fc\u015f\u00fck b\u00fcy\u00fck ikramiyesi 2.500.000 \u00a3&#8217;dan ba\u015flar ve 5.000.000 \u00a3&#8217;a kadar gider. Piyango basit bir format olan 59 numaradan 6 numaray\u0131 bilmeye dayal\u0131d\u0131r.<\/p><p>UK Lotto tarihindeki en y\u00fcksek skor 42 milyon \u00a3 miktar\u0131ndad\u0131r.<\/p><p>Birle\u015fik Krall\u0131k ulusal piyangosu di\u011fer Avrupa \u00fclkelerinde de g\u00f6receli olarak d\u00fc\u015f\u00fck miktarlara y\u00fcksek kazan\u00e7 sa\u011flama olarak bilinmektedir.<\/p><h2 class=\"wp-block-heading\">UK Lotto \u00f6d\u00fclleri ve kazananlar\u0131<\/h2><p><img loading=\"lazy\" decoding=\"async\" class=\" wp-image alignright\" src=\"https:\/\/content.redfoxlotto.com\/uploads\/sites\/9\/1_lucky_lottery_winner.jpg\" alt=\"kazanan numaralar\" width=\"259\" height=\"355\" \/><\/p><p>UK Lotto&#8217;nun yukar\u0131daki tabloda g\u00f6rece\u011finiz 6 \u00f6d\u00fcl aral\u0131\u011f\u0131 bulunur. Ek olarak, gereken numaralar\u0131 do\u011fru se\u00e7enleri ve \u00f6d\u00fcl toplam\u0131n\u0131n ne oldu\u011funu g\u00f6rebilirsiniz.<\/p><h2 class=\"wp-block-heading\">UK Lottery&#8217;de en \u00e7ok \u00e7ekilen numaralar<\/h2><p>Birle\u015fik Krall\u0131k ulusal <a href=\"https:\/\/redfoxlotto.com\/tr\/\">piyangosunda <\/a>en \u00e7ok \u00e7ekilen numaralar 9, 12, 15, 17 ve 19&#8217;dur. En az \u00e7ekilen numaralar ise 1, 2, 6, 32 ve 47&#8217;dir.<\/p>","protected":false},"excerpt":{"rendered":"<p>UK Lotto&#8217;nun g\u00fcncel sonu\u00e7lar\u0131na buradan ula\u015fabilirsiniz. Ar\u015fivden \u0130ngiliz piyangosunun ge\u00e7mi\u015f hafta sonu\u00e7lar\u0131n\u0131 g\u00f6rebilirsiniz. UK National Lottery B\u00fcy\u00fck ikramiyesi &#8211; UK Lotto \u00c7eki\u015fi Cumartesi g\u00fcnleri olan Britanya&#8217;n\u0131n en b\u00fcy\u00fck piyangosunun en d\u00fc\u015f\u00fck b\u00fcy\u00fck ikramiyesi 2.500.000 \u00a3&#8217;dan ba\u015flar ve 5.000.000 \u00a3&#8217;a kadar gider. Piyango basit bir format olan 59 numaradan 6 numaray\u0131 bilmeye dayal\u0131d\u0131r. UK Lotto tarihindeki [&hellip;]<\/p>\n","protected":false},"author":1,"featured_media":0,"parent":2949,"menu_order":9,"comment_status":"closed","ping_status":"closed","template":"lotto-uk-results.php","meta":{"_et_pb_use_builder":"","_et_pb_old_content":"","_et_gb_content_width":"","exclude_from_search":false,"footnotes":""},"class_list":["post-2965","page","type-page","status-publish","hentry"],"yoast_head":"<!-- This site is optimized with the Yoast SEO plugin v27.3 - https:\/\/yoast.com\/product\/yoast-seo-wordpress\/ -->\n<title>UK Lottery kazanan numaralar\u0131 ve sonu\u00e7lar\u0131<\/title>\n<meta name=\"description\" content=\"UK Lottery sonu\u00e7lar\u0131n\u0131 ve ge\u00e7mi\u015fte kazanan numaralar\u0131n ar\u015fivini sunuyoruz\" \/>\n<meta name=\"robots\" content=\"index, follow, max-snippet:-1, max-image-preview:large, max-video-preview:-1\" \/>\n<link rel=\"canonical\" href=\"https:\/\/redfoxlotto.com\/tr\/sonuclar\/lotto-uk\/\" \/>\n<meta property=\"og:locale\" content=\"tr_TR\" \/>\n<meta property=\"og:type\" content=\"article\" \/>\n<meta property=\"og:title\" content=\"UK Lottery kazanan numaralar\u0131 ve sonu\u00e7lar\u0131\" \/>\n<meta property=\"og:description\" content=\"UK Lottery sonu\u00e7lar\u0131n\u0131 ve ge\u00e7mi\u015fte kazanan numaralar\u0131n ar\u015fivini sunuyoruz\" \/>\n<meta property=\"og:url\" content=\"https:\/\/redfoxlotto.com\/tr\/sonuclar\/lotto-uk\/\" \/>\n<meta property=\"og:site_name\" content=\"Get Tickets for the World\u2019s largest jackpots\" \/>\n<meta property=\"article:modified_time\" content=\"2019-09-12T18:15:07+00:00\" \/>\n<meta property=\"og:image\" content=\"https:\/\/content.redfoxlotto.com\/uploads\/sites\/9\/1_results_tickets_lotto.jpg\" \/>\n<meta name=\"twitter:card\" content=\"summary_large_image\" \/>\n<meta name=\"twitter:label1\" content=\"Tahmini okuma s\u00fcresi\" \/>\n\t<meta name=\"twitter:data1\" content=\"1 dakika\" \/>\n<script type=\"application\/ld+json\" class=\"yoast-schema-graph\">{\"@context\":\"https:\\\/\\\/schema.org\",\"@graph\":[{\"@type\":\"WebPage\",\"@id\":\"https:\\\/\\\/redfoxlotto.com\\\/tr\\\/sonuclar\\\/lotto-uk\\\/\",\"url\":\"https:\\\/\\\/redfoxlotto.com\\\/tr\\\/sonuclar\\\/lotto-uk\\\/\",\"name\":\"UK Lottery kazanan numaralar\u0131 ve sonu\u00e7lar\u0131\",\"isPartOf\":{\"@id\":\"https:\\\/\\\/redfoxlotto.com\\\/tr\\\/#website\"},\"primaryImageOfPage\":{\"@id\":\"https:\\\/\\\/redfoxlotto.com\\\/tr\\\/sonuclar\\\/lotto-uk\\\/#primaryimage\"},\"image\":{\"@id\":\"https:\\\/\\\/redfoxlotto.com\\\/tr\\\/sonuclar\\\/lotto-uk\\\/#primaryimage\"},\"thumbnailUrl\":\"https:\\\/\\\/content.redfoxlotto.com\\\/uploads\\\/sites\\\/9\\\/1_results_tickets_lotto.jpg\",\"datePublished\":\"2018-11-18T08:54:25+00:00\",\"dateModified\":\"2019-09-12T18:15:07+00:00\",\"description\":\"UK Lottery sonu\u00e7lar\u0131n\u0131 ve ge\u00e7mi\u015fte kazanan numaralar\u0131n ar\u015fivini sunuyoruz\",\"breadcrumb\":{\"@id\":\"https:\\\/\\\/redfoxlotto.com\\\/tr\\\/sonuclar\\\/lotto-uk\\\/#breadcrumb\"},\"inLanguage\":\"tr\",\"potentialAction\":[{\"@type\":\"ReadAction\",\"target\":[\"https:\\\/\\\/redfoxlotto.com\\\/tr\\\/sonuclar\\\/lotto-uk\\\/\"]}]},{\"@type\":\"ImageObject\",\"inLanguage\":\"tr\",\"@id\":\"https:\\\/\\\/redfoxlotto.com\\\/tr\\\/sonuclar\\\/lotto-uk\\\/#primaryimage\",\"url\":\"https:\\\/\\\/content.redfoxlotto.com\\\/uploads\\\/sites\\\/9\\\/1_results_tickets_lotto.jpg\",\"contentUrl\":\"https:\\\/\\\/content.redfoxlotto.com\\\/uploads\\\/sites\\\/9\\\/1_results_tickets_lotto.jpg\"},{\"@type\":\"BreadcrumbList\",\"@id\":\"https:\\\/\\\/redfoxlotto.com\\\/tr\\\/sonuclar\\\/lotto-uk\\\/#breadcrumb\",\"itemListElement\":[{\"@type\":\"ListItem\",\"position\":1,\"name\":\"Home\",\"item\":\"https:\\\/\\\/redfoxlotto.com\\\/tr\\\/\"},{\"@type\":\"ListItem\",\"position\":2,\"name\":\"Uluslararas\u0131 loto sonu\u00e7lar\u0131\",\"item\":\"https:\\\/\\\/redfoxlotto.com\\\/tr\\\/sonuclar\\\/\"},{\"@type\":\"ListItem\",\"position\":3,\"name\":\"UK Lottery Sonu\u00e7lar\u0131\"}]},{\"@type\":\"WebSite\",\"@id\":\"https:\\\/\\\/redfoxlotto.com\\\/tr\\\/#website\",\"url\":\"https:\\\/\\\/redfoxlotto.com\\\/tr\\\/\",\"name\":\"Get Tickets for the World\u2019s largest jackpots\",\"description\":\"Participate in worldwide lottery jackpots from any country\",\"publisher\":{\"@id\":\"https:\\\/\\\/redfoxlotto.com\\\/tr\\\/#organization\"},\"potentialAction\":[{\"@type\":\"SearchAction\",\"target\":{\"@type\":\"EntryPoint\",\"urlTemplate\":\"https:\\\/\\\/redfoxlotto.com\\\/tr\\\/?s={search_term_string}\"},\"query-input\":{\"@type\":\"PropertyValueSpecification\",\"valueRequired\":true,\"valueName\":\"search_term_string\"}}],\"inLanguage\":\"tr\"},{\"@type\":\"Organization\",\"@id\":\"https:\\\/\\\/redfoxlotto.com\\\/tr\\\/#organization\",\"name\":\"Get Tickets for the World\u2019s largest jackpots\",\"url\":\"https:\\\/\\\/redfoxlotto.com\\\/tr\\\/\",\"logo\":{\"@type\":\"ImageObject\",\"inLanguage\":\"tr\",\"@id\":\"https:\\\/\\\/redfoxlotto.com\\\/tr\\\/#\\\/schema\\\/logo\\\/image\\\/\",\"url\":\"https:\\\/\\\/redfoxlotto.com\\\/wp-content\\\/uploads\\\/2023\\\/04\\\/logo.png\",\"contentUrl\":\"https:\\\/\\\/redfoxlotto.com\\\/wp-content\\\/uploads\\\/2023\\\/04\\\/logo.png\",\"width\":269,\"height\":53,\"caption\":\"Get Tickets for the World\u2019s largest jackpots\"},\"image\":{\"@id\":\"https:\\\/\\\/redfoxlotto.com\\\/tr\\\/#\\\/schema\\\/logo\\\/image\\\/\"}}]}<\/script>\n<!-- \/ Yoast SEO plugin. -->","yoast_head_json":{"title":"UK Lottery kazanan numaralar\u0131 ve sonu\u00e7lar\u0131","description":"UK Lottery sonu\u00e7lar\u0131n\u0131 ve ge\u00e7mi\u015fte kazanan numaralar\u0131n ar\u015fivini sunuyoruz","robots":{"index":"index","follow":"follow","max-snippet":"max-snippet:-1","max-image-preview":"max-image-preview:large","max-video-preview":"max-video-preview:-1"},"canonical":"https:\/\/redfoxlotto.com\/tr\/sonuclar\/lotto-uk\/","og_locale":"tr_TR","og_type":"article","og_title":"UK Lottery kazanan numaralar\u0131 ve sonu\u00e7lar\u0131","og_description":"UK Lottery sonu\u00e7lar\u0131n\u0131 ve ge\u00e7mi\u015fte kazanan numaralar\u0131n ar\u015fivini sunuyoruz","og_url":"https:\/\/redfoxlotto.com\/tr\/sonuclar\/lotto-uk\/","og_site_name":"Get Tickets for the World\u2019s largest jackpots","article_modified_time":"2019-09-12T18:15:07+00:00","og_image":[{"url":"https:\/\/content.redfoxlotto.com\/uploads\/sites\/9\/1_results_tickets_lotto.jpg","type":"","width":"","height":""}],"twitter_card":"summary_large_image","twitter_misc":{"Tahmini okuma s\u00fcresi":"1 dakika"},"schema":{"@context":"https:\/\/schema.org","@graph":[{"@type":"WebPage","@id":"https:\/\/redfoxlotto.com\/tr\/sonuclar\/lotto-uk\/","url":"https:\/\/redfoxlotto.com\/tr\/sonuclar\/lotto-uk\/","name":"UK Lottery kazanan numaralar\u0131 ve sonu\u00e7lar\u0131","isPartOf":{"@id":"https:\/\/redfoxlotto.com\/tr\/#website"},"primaryImageOfPage":{"@id":"https:\/\/redfoxlotto.com\/tr\/sonuclar\/lotto-uk\/#primaryimage"},"image":{"@id":"https:\/\/redfoxlotto.com\/tr\/sonuclar\/lotto-uk\/#primaryimage"},"thumbnailUrl":"https:\/\/content.redfoxlotto.com\/uploads\/sites\/9\/1_results_tickets_lotto.jpg","datePublished":"2018-11-18T08:54:25+00:00","dateModified":"2019-09-12T18:15:07+00:00","description":"UK Lottery sonu\u00e7lar\u0131n\u0131 ve ge\u00e7mi\u015fte kazanan numaralar\u0131n ar\u015fivini sunuyoruz","breadcrumb":{"@id":"https:\/\/redfoxlotto.com\/tr\/sonuclar\/lotto-uk\/#breadcrumb"},"inLanguage":"tr","potentialAction":[{"@type":"ReadAction","target":["https:\/\/redfoxlotto.com\/tr\/sonuclar\/lotto-uk\/"]}]},{"@type":"ImageObject","inLanguage":"tr","@id":"https:\/\/redfoxlotto.com\/tr\/sonuclar\/lotto-uk\/#primaryimage","url":"https:\/\/content.redfoxlotto.com\/uploads\/sites\/9\/1_results_tickets_lotto.jpg","contentUrl":"https:\/\/content.redfoxlotto.com\/uploads\/sites\/9\/1_results_tickets_lotto.jpg"},{"@type":"BreadcrumbList","@id":"https:\/\/redfoxlotto.com\/tr\/sonuclar\/lotto-uk\/#breadcrumb","itemListElement":[{"@type":"ListItem","position":1,"name":"Home","item":"https:\/\/redfoxlotto.com\/tr\/"},{"@type":"ListItem","position":2,"name":"Uluslararas\u0131 loto sonu\u00e7lar\u0131","item":"https:\/\/redfoxlotto.com\/tr\/sonuclar\/"},{"@type":"ListItem","position":3,"name":"UK Lottery Sonu\u00e7lar\u0131"}]},{"@type":"WebSite","@id":"https:\/\/redfoxlotto.com\/tr\/#website","url":"https:\/\/redfoxlotto.com\/tr\/","name":"Get Tickets for the World\u2019s largest jackpots","description":"Participate in worldwide lottery jackpots from any country","publisher":{"@id":"https:\/\/redfoxlotto.com\/tr\/#organization"},"potentialAction":[{"@type":"SearchAction","target":{"@type":"EntryPoint","urlTemplate":"https:\/\/redfoxlotto.com\/tr\/?s={search_term_string}"},"query-input":{"@type":"PropertyValueSpecification","valueRequired":true,"valueName":"search_term_string"}}],"inLanguage":"tr"},{"@type":"Organization","@id":"https:\/\/redfoxlotto.com\/tr\/#organization","name":"Get Tickets for the World\u2019s largest jackpots","url":"https:\/\/redfoxlotto.com\/tr\/","logo":{"@type":"ImageObject","inLanguage":"tr","@id":"https:\/\/redfoxlotto.com\/tr\/#\/schema\/logo\/image\/","url":"https:\/\/redfoxlotto.com\/wp-content\/uploads\/2023\/04\/logo.png","contentUrl":"https:\/\/redfoxlotto.com\/wp-content\/uploads\/2023\/04\/logo.png","width":269,"height":53,"caption":"Get Tickets for the World\u2019s largest jackpots"},"image":{"@id":"https:\/\/redfoxlotto.com\/tr\/#\/schema\/logo\/image\/"}}]}},"_links":{"self":[{"href":"https:\/\/redfoxlotto.com\/tr\/wp-json\/wp\/v2\/pages\/2965","targetHints":{"allow":["GET"]}}],"collection":[{"href":"https:\/\/redfoxlotto.com\/tr\/wp-json\/wp\/v2\/pages"}],"about":[{"href":"https:\/\/redfoxlotto.com\/tr\/wp-json\/wp\/v2\/types\/page"}],"author":[{"embeddable":true,"href":"https:\/\/redfoxlotto.com\/tr\/wp-json\/wp\/v2\/users\/1"}],"replies":[{"embeddable":true,"href":"https:\/\/redfoxlotto.com\/tr\/wp-json\/wp\/v2\/comments?post=2965"}],"version-history":[{"count":0,"href":"https:\/\/redfoxlotto.com\/tr\/wp-json\/wp\/v2\/pages\/2965\/revisions"}],"up":[{"embeddable":true,"href":"https:\/\/redfoxlotto.com\/tr\/wp-json\/wp\/v2\/pages\/2949"}],"wp:attachment":[{"href":"https:\/\/redfoxlotto.com\/tr\/wp-json\/wp\/v2\/media?parent=2965"}],"curies":[{"name":"wp","href":"https:\/\/api.w.org\/{rel}","templated":true}]}}