{"id":2964,"date":"2018-11-18T08:54:25","date_gmt":"2018-11-18T08:54:25","guid":{"rendered":"https:\/\/redfoxlotto.com\/?page_id=5409"},"modified":"2026-01-11T10:34:20","modified_gmt":"2026-01-11T10:34:20","slug":"superenalotto","status":"publish","type":"page","link":"https:\/\/redfoxlotto.com\/tr\/sonuclar\/superenalotto\/","title":{"rendered":"SuperEnaLotto Sonu\u00e7lar\u0131"},"content":{"rendered":"<h2 class=\"wp-block-heading\">SuperEnalotto B\u00fcy\u00fck ikramiyesi &#8211; SuperEnalotto sonu\u00e7lar\u0131<\/h2><p><img loading=\"lazy\" decoding=\"async\" class=\" wp-image alignright\" src=\"https:\/\/content.redfoxlotto.com\/uploads\/sites\/9\/1_results_check_lottery.jpg\" alt=\"sonu\u00e7lar loto\" width=\"263\" height=\"263\" \/><\/p><p>SuperEnalotto genellikle b\u00fcy\u00fck ikramiyesinin uzun s\u00fcre kazan\u0131lmamas\u0131 ile bilinir. B\u00f6ylelikle en d\u00fc\u015f\u00fck miktar\u0131 1.300.000 \u20ac olan as\u0131l \u00f6d\u00fcl \u00e7abucak y\u00fckselir. Y\u00fcksekli\u011fin bir s\u0131n\u0131r\u0131 yoktur. \u015eimdiye kadar ki en y\u00fcksek <a href=\"https:\/\/redfoxlotto.com\/tr\/loto\/superenalotto\/\">Superenalotto <\/a>kazanc\u0131 177.800.000 \u20ac idi!<\/p><h2 class=\"wp-block-heading\">SuperEnaLotto \u00d6d\u00fclleri ve SuperEnalotto Kazananlar\u0131<\/h2><p>Bu piyangoda her 6 fiyat aral\u0131\u011f\u0131 i\u00e7in bir fiyat tablosu olu\u015fturduk. Ayr\u0131ca her bir klasmanda ka\u00e7 oyuncunun kazand\u0131\u011f\u0131n\u0131 da g\u00f6steriyoruz.<\/p><h2 class=\"wp-block-heading\">SuperEnalotto&#8217;daki s\u0131cak ve so\u011fuk numaralar<\/h2><p><img loading=\"lazy\" decoding=\"async\" class=\" wp-image alignright\" src=\"https:\/\/content.redfoxlotto.com\/uploads\/sites\/9\/1_lottery_winning_numbers.jpg\" alt=\"Superenalotto\" width=\"259\" height=\"123\" \/><\/p><p>\u015eans\u0131n\u0131 artt\u0131rmak isteyen oyuncular i\u00e7in en \u00e7ok ve en az s\u0131kl\u0131kla \u00e7ekilen numaralar\u0131n listesi iyi olacakt\u0131r.<\/p><p>Superenalotto&#8217;daki en s\u0131k \u00e7ekilen numaralar 4, 19, 24, 38, 74 ve 8&#8217;dir.  2, 8, 17, 29, 55 ve 77 ise ger\u00e7ekle\u015fme olas\u0131l\u0131\u011f\u0131 en d\u00fc\u015f\u00fck olanlard\u0131r.<\/p>","protected":false},"excerpt":{"rendered":"<p>SuperEnalotto B\u00fcy\u00fck ikramiyesi &#8211; SuperEnalotto sonu\u00e7lar\u0131 SuperEnalotto genellikle b\u00fcy\u00fck ikramiyesinin uzun s\u00fcre kazan\u0131lmamas\u0131 ile bilinir. B\u00f6ylelikle en d\u00fc\u015f\u00fck miktar\u0131 1.300.000 \u20ac olan as\u0131l \u00f6d\u00fcl \u00e7abucak y\u00fckselir. Y\u00fcksekli\u011fin bir s\u0131n\u0131r\u0131 yoktur. \u015eimdiye kadar ki en y\u00fcksek Superenalotto kazanc\u0131 177.800.000 \u20ac idi! SuperEnaLotto \u00d6d\u00fclleri ve SuperEnalotto Kazananlar\u0131 Bu piyangoda her 6 fiyat aral\u0131\u011f\u0131 i\u00e7in bir fiyat tablosu [&hellip;]<\/p>\n","protected":false},"author":1,"featured_media":0,"parent":2949,"menu_order":5,"comment_status":"closed","ping_status":"closed","template":"superenalotto-results.php","meta":{"_et_pb_use_builder":"","_et_pb_old_content":"","_et_gb_content_width":"","exclude_from_search":false,"footnotes":""},"class_list":["post-2964","page","type-page","status-publish","hentry"],"yoast_head":"<!-- This site is optimized with the Yoast SEO plugin v23.8 - https:\/\/yoast.com\/wordpress\/plugins\/seo\/ -->\n<title>SuperEnalotto kazanan numaralar\u0131<\/title>\n<meta name=\"description\" content=\"Superenalotto&#039;nun en son sonu\u00e7lar\u0131n\u0131 ve kazanan numaralar\u0131n\u0131 RedFoxLotto&#039;da bulabilir ve biletlerinizi buradan alabilirsiniz.\" \/>\n<meta name=\"robots\" content=\"index, follow, max-snippet:-1, max-image-preview:large, max-video-preview:-1\" \/>\n<link rel=\"canonical\" href=\"https:\/\/redfoxlotto.com\/tr\/sonuclar\/superenalotto\/\" \/>\n<meta property=\"og:locale\" content=\"tr_TR\" \/>\n<meta property=\"og:type\" content=\"article\" \/>\n<meta property=\"og:title\" content=\"SuperEnalotto kazanan numaralar\u0131\" \/>\n<meta property=\"og:description\" content=\"Superenalotto&#039;nun en son sonu\u00e7lar\u0131n\u0131 ve kazanan numaralar\u0131n\u0131 RedFoxLotto&#039;da bulabilir ve biletlerinizi buradan alabilirsiniz.\" \/>\n<meta property=\"og:url\" content=\"https:\/\/redfoxlotto.com\/tr\/sonuclar\/superenalotto\/\" \/>\n<meta property=\"og:site_name\" content=\"Get Tickets for the World\u2019s largest jackpots\" \/>\n<meta property=\"article:modified_time\" content=\"2026-01-11T10:34:20+00:00\" \/>\n<meta property=\"og:image\" content=\"https:\/\/content.redfoxlotto.com\/uploads\/sites\/9\/1_results_check_lottery.jpg\" \/>\n<meta name=\"twitter:card\" content=\"summary_large_image\" \/>\n<meta name=\"twitter:label1\" content=\"Tahmini okuma s\u00fcresi\" \/>\n\t<meta name=\"twitter:data1\" content=\"1 dakika\" \/>\n<script type=\"application\/ld+json\" class=\"yoast-schema-graph\">{\"@context\":\"https:\/\/schema.org\",\"@graph\":[{\"@type\":\"WebPage\",\"@id\":\"https:\/\/redfoxlotto.com\/tr\/sonuclar\/superenalotto\/\",\"url\":\"https:\/\/redfoxlotto.com\/tr\/sonuclar\/superenalotto\/\",\"name\":\"SuperEnalotto kazanan numaralar\u0131\",\"isPartOf\":{\"@id\":\"https:\/\/redfoxlotto.com\/tr\/#website\"},\"primaryImageOfPage\":{\"@id\":\"https:\/\/redfoxlotto.com\/tr\/sonuclar\/superenalotto\/#primaryimage\"},\"image\":{\"@id\":\"https:\/\/redfoxlotto.com\/tr\/sonuclar\/superenalotto\/#primaryimage\"},\"thumbnailUrl\":\"https:\/\/content.redfoxlotto.com\/uploads\/sites\/9\/1_results_check_lottery.jpg\",\"datePublished\":\"2018-11-18T08:54:25+00:00\",\"dateModified\":\"2026-01-11T10:34:20+00:00\",\"description\":\"Superenalotto'nun en son sonu\u00e7lar\u0131n\u0131 ve kazanan numaralar\u0131n\u0131 RedFoxLotto'da bulabilir ve biletlerinizi buradan alabilirsiniz.\",\"breadcrumb\":{\"@id\":\"https:\/\/redfoxlotto.com\/tr\/sonuclar\/superenalotto\/#breadcrumb\"},\"inLanguage\":\"tr\",\"potentialAction\":[{\"@type\":\"ReadAction\",\"target\":[\"https:\/\/redfoxlotto.com\/tr\/sonuclar\/superenalotto\/\"]}]},{\"@type\":\"ImageObject\",\"inLanguage\":\"tr\",\"@id\":\"https:\/\/redfoxlotto.com\/tr\/sonuclar\/superenalotto\/#primaryimage\",\"url\":\"https:\/\/content.redfoxlotto.com\/uploads\/sites\/9\/1_results_check_lottery.jpg\",\"contentUrl\":\"https:\/\/content.redfoxlotto.com\/uploads\/sites\/9\/1_results_check_lottery.jpg\"},{\"@type\":\"BreadcrumbList\",\"@id\":\"https:\/\/redfoxlotto.com\/tr\/sonuclar\/superenalotto\/#breadcrumb\",\"itemListElement\":[{\"@type\":\"ListItem\",\"position\":1,\"name\":\"Home\",\"item\":\"https:\/\/redfoxlotto.com\/tr\/\"},{\"@type\":\"ListItem\",\"position\":2,\"name\":\"Uluslararas\u0131 loto sonu\u00e7lar\u0131\",\"item\":\"https:\/\/redfoxlotto.com\/tr\/sonuclar\/\"},{\"@type\":\"ListItem\",\"position\":3,\"name\":\"SuperEnaLotto Sonu\u00e7lar\u0131\"}]},{\"@type\":\"WebSite\",\"@id\":\"https:\/\/redfoxlotto.com\/tr\/#website\",\"url\":\"https:\/\/redfoxlotto.com\/tr\/\",\"name\":\"Get Tickets for the World\u2019s largest jackpots\",\"description\":\"Participate in worldwide lottery jackpots from any country\",\"publisher\":{\"@id\":\"https:\/\/redfoxlotto.com\/tr\/#organization\"},\"potentialAction\":[{\"@type\":\"SearchAction\",\"target\":{\"@type\":\"EntryPoint\",\"urlTemplate\":\"https:\/\/redfoxlotto.com\/tr\/?s={search_term_string}\"},\"query-input\":{\"@type\":\"PropertyValueSpecification\",\"valueRequired\":true,\"valueName\":\"search_term_string\"}}],\"inLanguage\":\"tr\"},{\"@type\":\"Organization\",\"@id\":\"https:\/\/redfoxlotto.com\/tr\/#organization\",\"name\":\"Get Tickets for the World\u2019s largest jackpots\",\"url\":\"https:\/\/redfoxlotto.com\/tr\/\",\"logo\":{\"@type\":\"ImageObject\",\"inLanguage\":\"tr\",\"@id\":\"https:\/\/redfoxlotto.com\/tr\/#\/schema\/logo\/image\/\",\"url\":\"https:\/\/redfoxlotto.com\/wp-content\/uploads\/2023\/04\/logo.png\",\"contentUrl\":\"https:\/\/redfoxlotto.com\/wp-content\/uploads\/2023\/04\/logo.png\",\"width\":269,\"height\":53,\"caption\":\"Get Tickets for the World\u2019s largest jackpots\"},\"image\":{\"@id\":\"https:\/\/redfoxlotto.com\/tr\/#\/schema\/logo\/image\/\"}}]}<\/script>\n<!-- \/ Yoast SEO plugin. -->","yoast_head_json":{"title":"SuperEnalotto kazanan numaralar\u0131","description":"Superenalotto'nun en son sonu\u00e7lar\u0131n\u0131 ve kazanan numaralar\u0131n\u0131 RedFoxLotto'da bulabilir ve biletlerinizi buradan alabilirsiniz.","robots":{"index":"index","follow":"follow","max-snippet":"max-snippet:-1","max-image-preview":"max-image-preview:large","max-video-preview":"max-video-preview:-1"},"canonical":"https:\/\/redfoxlotto.com\/tr\/sonuclar\/superenalotto\/","og_locale":"tr_TR","og_type":"article","og_title":"SuperEnalotto kazanan numaralar\u0131","og_description":"Superenalotto'nun en son sonu\u00e7lar\u0131n\u0131 ve kazanan numaralar\u0131n\u0131 RedFoxLotto'da bulabilir ve biletlerinizi buradan alabilirsiniz.","og_url":"https:\/\/redfoxlotto.com\/tr\/sonuclar\/superenalotto\/","og_site_name":"Get Tickets for the World\u2019s largest jackpots","article_modified_time":"2026-01-11T10:34:20+00:00","og_image":[{"url":"https:\/\/content.redfoxlotto.com\/uploads\/sites\/9\/1_results_check_lottery.jpg"}],"twitter_card":"summary_large_image","twitter_misc":{"Tahmini okuma s\u00fcresi":"1 dakika"},"schema":{"@context":"https:\/\/schema.org","@graph":[{"@type":"WebPage","@id":"https:\/\/redfoxlotto.com\/tr\/sonuclar\/superenalotto\/","url":"https:\/\/redfoxlotto.com\/tr\/sonuclar\/superenalotto\/","name":"SuperEnalotto kazanan numaralar\u0131","isPartOf":{"@id":"https:\/\/redfoxlotto.com\/tr\/#website"},"primaryImageOfPage":{"@id":"https:\/\/redfoxlotto.com\/tr\/sonuclar\/superenalotto\/#primaryimage"},"image":{"@id":"https:\/\/redfoxlotto.com\/tr\/sonuclar\/superenalotto\/#primaryimage"},"thumbnailUrl":"https:\/\/content.redfoxlotto.com\/uploads\/sites\/9\/1_results_check_lottery.jpg","datePublished":"2018-11-18T08:54:25+00:00","dateModified":"2026-01-11T10:34:20+00:00","description":"Superenalotto'nun en son sonu\u00e7lar\u0131n\u0131 ve kazanan numaralar\u0131n\u0131 RedFoxLotto'da bulabilir ve biletlerinizi buradan alabilirsiniz.","breadcrumb":{"@id":"https:\/\/redfoxlotto.com\/tr\/sonuclar\/superenalotto\/#breadcrumb"},"inLanguage":"tr","potentialAction":[{"@type":"ReadAction","target":["https:\/\/redfoxlotto.com\/tr\/sonuclar\/superenalotto\/"]}]},{"@type":"ImageObject","inLanguage":"tr","@id":"https:\/\/redfoxlotto.com\/tr\/sonuclar\/superenalotto\/#primaryimage","url":"https:\/\/content.redfoxlotto.com\/uploads\/sites\/9\/1_results_check_lottery.jpg","contentUrl":"https:\/\/content.redfoxlotto.com\/uploads\/sites\/9\/1_results_check_lottery.jpg"},{"@type":"BreadcrumbList","@id":"https:\/\/redfoxlotto.com\/tr\/sonuclar\/superenalotto\/#breadcrumb","itemListElement":[{"@type":"ListItem","position":1,"name":"Home","item":"https:\/\/redfoxlotto.com\/tr\/"},{"@type":"ListItem","position":2,"name":"Uluslararas\u0131 loto sonu\u00e7lar\u0131","item":"https:\/\/redfoxlotto.com\/tr\/sonuclar\/"},{"@type":"ListItem","position":3,"name":"SuperEnaLotto Sonu\u00e7lar\u0131"}]},{"@type":"WebSite","@id":"https:\/\/redfoxlotto.com\/tr\/#website","url":"https:\/\/redfoxlotto.com\/tr\/","name":"Get Tickets for the World\u2019s largest jackpots","description":"Participate in worldwide lottery jackpots from any country","publisher":{"@id":"https:\/\/redfoxlotto.com\/tr\/#organization"},"potentialAction":[{"@type":"SearchAction","target":{"@type":"EntryPoint","urlTemplate":"https:\/\/redfoxlotto.com\/tr\/?s={search_term_string}"},"query-input":{"@type":"PropertyValueSpecification","valueRequired":true,"valueName":"search_term_string"}}],"inLanguage":"tr"},{"@type":"Organization","@id":"https:\/\/redfoxlotto.com\/tr\/#organization","name":"Get Tickets for the World\u2019s largest jackpots","url":"https:\/\/redfoxlotto.com\/tr\/","logo":{"@type":"ImageObject","inLanguage":"tr","@id":"https:\/\/redfoxlotto.com\/tr\/#\/schema\/logo\/image\/","url":"https:\/\/redfoxlotto.com\/wp-content\/uploads\/2023\/04\/logo.png","contentUrl":"https:\/\/redfoxlotto.com\/wp-content\/uploads\/2023\/04\/logo.png","width":269,"height":53,"caption":"Get Tickets for the World\u2019s largest jackpots"},"image":{"@id":"https:\/\/redfoxlotto.com\/tr\/#\/schema\/logo\/image\/"}}]}},"_links":{"self":[{"href":"https:\/\/redfoxlotto.com\/tr\/wp-json\/wp\/v2\/pages\/2964","targetHints":{"allow":["GET"]}}],"collection":[{"href":"https:\/\/redfoxlotto.com\/tr\/wp-json\/wp\/v2\/pages"}],"about":[{"href":"https:\/\/redfoxlotto.com\/tr\/wp-json\/wp\/v2\/types\/page"}],"author":[{"embeddable":true,"href":"https:\/\/redfoxlotto.com\/tr\/wp-json\/wp\/v2\/users\/1"}],"replies":[{"embeddable":true,"href":"https:\/\/redfoxlotto.com\/tr\/wp-json\/wp\/v2\/comments?post=2964"}],"version-history":[{"count":0,"href":"https:\/\/redfoxlotto.com\/tr\/wp-json\/wp\/v2\/pages\/2964\/revisions"}],"up":[{"embeddable":true,"href":"https:\/\/redfoxlotto.com\/tr\/wp-json\/wp\/v2\/pages\/2949"}],"wp:attachment":[{"href":"https:\/\/redfoxlotto.com\/tr\/wp-json\/wp\/v2\/media?parent=2964"}],"curies":[{"name":"wp","href":"https:\/\/api.w.org\/{rel}","templated":true}]}}