{"id":2962,"date":"2018-11-18T08:54:25","date_gmt":"2018-11-18T08:54:25","guid":{"rendered":"https:\/\/redfoxlotto.com\/?page_id=5405"},"modified":"2025-12-17T12:40:35","modified_gmt":"2025-12-17T12:40:35","slug":"powerball","status":"publish","type":"page","link":"https:\/\/redfoxlotto.com\/tr\/sonuclar\/powerball\/","title":{"rendered":"Powerball Sonu\u00e7lar\u0131"},"content":{"rendered":"<script type=\"application\/ld+json\">\r\n{\r\n  \"@context\": \"https:\/\/schema.org\",\r\n  \"@type\": \"Service\",\r\n  \"name\": \"Powerball \u00e7ekili\u015f sonu\u00e7lar\u0131n\u0131 \u00e7evrimi\u00e7i kontrol edin\",\r\n  \"url\": \"https:\/\/redfoxlotto.com\/tr\/sonuclar\/powerball\/\",\r\n  \"description\": \"En son Powerball sonu\u00e7lar\u0131n\u0131 ve lotarya sonu\u00e7 ar\u015fivimizi kontrol etmek i\u00e7in RedFoxLotto'yu ziyaret edin.\",\r\n  \"serviceType\": \"D\u00fcnya \u00e7ap\u0131nda lotarya sonu\u00e7lar\u0131 ar\u015fivi\",\r\n  \"provider\": {\r\n    \"@type\": \"Organization\",\r\n    \"name\": \"RedFoxLotto\",\r\n    \"url\": \"https:\/\/redfoxlotto.com\/tr\/sonuclar\/powerball\/\",\r\n    \"image\": \"https:\/\/redfoxlotto.com\/wp-content\/uploads\/2025\/12\/ticket_scans.jpg\",\r\n    \"sameAs\": []\r\n  },\r\n  \"areaServed\": \"Worldwide\",\r\n  \"termsOfService\": \"https:\/\/redfoxlotto.com\/terms-and-conditions\",\r\n  \"additionalProperty\": {\r\n    \"@type\": \"PropertyValue\",\r\n    \"name\": \"FAQ\",\r\n    \"value\": \"https:\/\/redfoxlotto.com\/tr\/faq\/\"\r\n  },\r\n  \"hasOfferCatalog\": {\r\n    \"@type\": \"OfferCatalog\",\r\n    \"name\": \"Powerball Sonu\u00e7lar\u0131\",\r\n    \"itemListElement\": [\r\n      {\r\n        \"@type\": \"Offer\",\r\n        \"name\": \"Powerball Sonu\u00e7lar\u0131\",\r\n        \"url\": \"https:\/\/redfoxlotto.com\/tr\/sonuclar\/powerball\/\",\r\n        \"description\": \"En son ve ge\u00e7mi\u015f Powerball sonu\u00e7lar\u0131n\u0131 ve di\u011fer b\u00fcy\u00fck lotaryalar\u0131 burada bulun\",\r\n        \"itemOffered\": {\r\n          \"@type\": \"Service\",\r\n          \"name\": \"Powerball Sonu\u00e7lar\u0131\",\r\n          \"description\": \"\u00c7ekilmi\u015f Powerball numaralar\u0131 \u00e7evrimi\u00e7i, son ve \u00f6nceki sonu\u00e7lar.\"\r\n        }\r\n      }\r\n    ]\r\n  },\r\n  \"mainEntityOfPage\": {\r\n    \"@type\": \"WebPage\",\r\n    \"@id\": \"https:\/\/redfoxlotto.com\/tr\/sonuclar\/powerball\/\"\r\n  }\r\n}\r\n<\/script><p>Sitemizde, bu hafta ve ge\u00e7mi\u015f \u00e7ekili\u015fler de olmak \u00fczere b\u00fct\u00fcn <a href=\"https:\/\/redfoxlotto.com\/tr\/powerball-mega-millions-oedeme-tablolari\/\">Powerball piyango sonu\u00e7lar\u0131n\u0131 ve kazanan numaralar\u0131 listeliyoruz.<\/a><\/p><p><img loading=\"lazy\" decoding=\"async\" class=\" wp-image alignright\" src=\"https:\/\/content.redfoxlotto.com\/uploads\/sites\/9\/1_results_powerball.jpg\" alt=\"piyango sonu\u00e7lar\u0131\" width=\"256\" height=\"192\" \/><\/p><p>Buradan d\u00fcnyan\u0131n en pop\u00fcler piyangosunun sonu\u00e7lar\u0131n\u0131 kontrol edebilirsiniz. Gerekli t\u00fcm numaralar biletinde olan ki\u015fi multimilyoner olur. Ayr\u0131ca ar\u015fivimizdeki \u00f6nceki \u00e7ekili\u015flerin kazanan numaralar\u0131na da bakabilirsiniz.<\/p><h2 class=\"wp-block-heading\">Powerball \u0130kramiyesi<\/h2><p><a href=\"https:\/\/redfoxlotto.com\/tr\/loto\/powerball\/\">Powerball ikramiyesi<\/a> en az 40.000.000 $ ile ba\u015flar. Fakat \u015fimdiye kadarki rekor inan\u0131lmaz bir \u015fekilde 1.500.000.00$0 , bir ba\u015fka deyi\u015fle 1.5 milyar $! seviyesine ula\u015fm\u0131\u015ft\u0131r. Hayal etmeniz \u00e7ok zor olabilir, ancak birileri bunu kazand\u0131!<\/p><h2 class=\"wp-block-heading\">Powerball \u00d6d\u00fclleri ve Powerball Kazananlar\u0131<\/h2><p>Powerball&#8217;da 9 adet kazanma serisi vard\u0131r. Her bir \u00e7ekili\u015fte y\u00fczlerce hatta binlerce oyuncu kazan\u0131r. Yukar\u0131daki tabloda kazan\u0131lan tutarlar g\u00f6sterilir.<\/p><h2 class=\"wp-block-heading\">Powerball&#8217;da en \u00e7ok \u00e7ekilen numaralar<\/h2><p><img decoding=\"async\" class=\"size-full wp-image alignright\" src=\"https:\/\/content.redfoxlotto.com\/uploads\/sites\/9\/1_winning_numbers_powerball.jpg\" alt=\"Powerball piyango galibi\"><\/p><p><a href=\"https:\/\/redfoxlotto.com\/tr\/kazanan-loto-numaralari-nasil-secilir\/\">Numaralar\u0131 se\u00e7erken ki stratejiniz nedir<\/a>? Baz\u0131 oyuncular her zaman kendine ait numaralar\u0131n\u0131 se\u00e7er, di\u011ferleri ise biletlerinde en az veya en \u00e7ok \u00e7\u0131kan numaralar\u0131 kullan\u0131r.<\/p><p>Powerball&#8217;daki s\u0131cak say\u0131lar: 8, 26, 22, 23 ve 36. En az \u00e7ekilen numaralar ise 15, 51, 37, 47, 12, 4 ve 24&#8217;t\u00fcr.<\/p>","protected":false},"excerpt":{"rendered":"<p>Sitemizde, bu hafta ve ge\u00e7mi\u015f \u00e7ekili\u015fler de olmak \u00fczere b\u00fct\u00fcn Powerball piyango sonu\u00e7lar\u0131n\u0131 ve kazanan numaralar\u0131 listeliyoruz. Buradan d\u00fcnyan\u0131n en pop\u00fcler piyangosunun sonu\u00e7lar\u0131n\u0131 kontrol edebilirsiniz. Gerekli t\u00fcm numaralar biletinde olan ki\u015fi multimilyoner olur. Ayr\u0131ca ar\u015fivimizdeki \u00f6nceki \u00e7ekili\u015flerin kazanan numaralar\u0131na da bakabilirsiniz. Powerball \u0130kramiyesi Powerball ikramiyesi en az 40.000.000 $ ile ba\u015flar. Fakat \u015fimdiye kadarki rekor [&hellip;]<\/p>\n","protected":false},"author":1,"featured_media":0,"parent":2949,"menu_order":1,"comment_status":"closed","ping_status":"closed","template":"powerball-usa-results.php","meta":{"_et_pb_use_builder":"","_et_pb_old_content":"","_et_gb_content_width":"","exclude_from_search":false,"footnotes":""},"class_list":["post-2962","page","type-page","status-publish","hentry"],"yoast_head":"<!-- This site is optimized with the Yoast SEO plugin v27.3 - https:\/\/yoast.com\/product\/yoast-seo-wordpress\/ -->\n<title>Powerball \u00e7ekili\u015f sonu\u00e7lar\u0131 ve kazanan numaralar<\/title>\n<meta name=\"description\" content=\"G\u00fcncel Powerball Lotto sonu\u00e7lar\u0131na buradan ula\u015f\u0131n, \u00f6nceki \u00e7ekili\u015fleri i\u00e7erir\" \/>\n<meta name=\"robots\" content=\"index, follow, max-snippet:-1, max-image-preview:large, max-video-preview:-1\" \/>\n<link rel=\"canonical\" href=\"https:\/\/redfoxlotto.com\/tr\/sonuclar\/powerball\/\" \/>\n<meta property=\"og:locale\" content=\"tr_TR\" \/>\n<meta property=\"og:type\" content=\"article\" \/>\n<meta property=\"og:title\" content=\"Powerball \u00e7ekili\u015f sonu\u00e7lar\u0131 ve kazanan numaralar\" \/>\n<meta property=\"og:description\" content=\"G\u00fcncel Powerball Lotto sonu\u00e7lar\u0131na buradan ula\u015f\u0131n, \u00f6nceki \u00e7ekili\u015fleri i\u00e7erir\" \/>\n<meta property=\"og:url\" content=\"https:\/\/redfoxlotto.com\/tr\/sonuclar\/powerball\/\" \/>\n<meta property=\"og:site_name\" content=\"Get Tickets for the World\u2019s largest jackpots\" \/>\n<meta property=\"article:modified_time\" content=\"2025-12-17T12:40:35+00:00\" \/>\n<meta property=\"og:image\" content=\"https:\/\/content.redfoxlotto.com\/uploads\/sites\/9\/1_results_powerball.jpg\" \/>\n<meta name=\"twitter:card\" content=\"summary_large_image\" \/>\n<meta name=\"twitter:label1\" content=\"Tahmini okuma s\u00fcresi\" \/>\n\t<meta name=\"twitter:data1\" content=\"2 dakika\" \/>\n<script type=\"application\/ld+json\" class=\"yoast-schema-graph\">{\"@context\":\"https:\\\/\\\/schema.org\",\"@graph\":[{\"@type\":\"WebPage\",\"@id\":\"https:\\\/\\\/redfoxlotto.com\\\/tr\\\/sonuclar\\\/powerball\\\/\",\"url\":\"https:\\\/\\\/redfoxlotto.com\\\/tr\\\/sonuclar\\\/powerball\\\/\",\"name\":\"Powerball \u00e7ekili\u015f sonu\u00e7lar\u0131 ve kazanan numaralar\",\"isPartOf\":{\"@id\":\"https:\\\/\\\/redfoxlotto.com\\\/tr\\\/#website\"},\"primaryImageOfPage\":{\"@id\":\"https:\\\/\\\/redfoxlotto.com\\\/tr\\\/sonuclar\\\/powerball\\\/#primaryimage\"},\"image\":{\"@id\":\"https:\\\/\\\/redfoxlotto.com\\\/tr\\\/sonuclar\\\/powerball\\\/#primaryimage\"},\"thumbnailUrl\":\"https:\\\/\\\/content.redfoxlotto.com\\\/uploads\\\/sites\\\/9\\\/1_results_powerball.jpg\",\"datePublished\":\"2018-11-18T08:54:25+00:00\",\"dateModified\":\"2025-12-17T12:40:35+00:00\",\"description\":\"G\u00fcncel Powerball Lotto sonu\u00e7lar\u0131na buradan ula\u015f\u0131n, \u00f6nceki \u00e7ekili\u015fleri i\u00e7erir\",\"breadcrumb\":{\"@id\":\"https:\\\/\\\/redfoxlotto.com\\\/tr\\\/sonuclar\\\/powerball\\\/#breadcrumb\"},\"inLanguage\":\"tr\",\"potentialAction\":[{\"@type\":\"ReadAction\",\"target\":[\"https:\\\/\\\/redfoxlotto.com\\\/tr\\\/sonuclar\\\/powerball\\\/\"]}]},{\"@type\":\"ImageObject\",\"inLanguage\":\"tr\",\"@id\":\"https:\\\/\\\/redfoxlotto.com\\\/tr\\\/sonuclar\\\/powerball\\\/#primaryimage\",\"url\":\"https:\\\/\\\/content.redfoxlotto.com\\\/uploads\\\/sites\\\/9\\\/1_results_powerball.jpg\",\"contentUrl\":\"https:\\\/\\\/content.redfoxlotto.com\\\/uploads\\\/sites\\\/9\\\/1_results_powerball.jpg\"},{\"@type\":\"BreadcrumbList\",\"@id\":\"https:\\\/\\\/redfoxlotto.com\\\/tr\\\/sonuclar\\\/powerball\\\/#breadcrumb\",\"itemListElement\":[{\"@type\":\"ListItem\",\"position\":1,\"name\":\"Home\",\"item\":\"https:\\\/\\\/redfoxlotto.com\\\/tr\\\/\"},{\"@type\":\"ListItem\",\"position\":2,\"name\":\"Uluslararas\u0131 loto sonu\u00e7lar\u0131\",\"item\":\"https:\\\/\\\/redfoxlotto.com\\\/tr\\\/sonuclar\\\/\"},{\"@type\":\"ListItem\",\"position\":3,\"name\":\"Powerball Sonu\u00e7lar\u0131\"}]},{\"@type\":\"WebSite\",\"@id\":\"https:\\\/\\\/redfoxlotto.com\\\/tr\\\/#website\",\"url\":\"https:\\\/\\\/redfoxlotto.com\\\/tr\\\/\",\"name\":\"Get Tickets for the World\u2019s largest jackpots\",\"description\":\"Participate in worldwide lottery jackpots from any country\",\"publisher\":{\"@id\":\"https:\\\/\\\/redfoxlotto.com\\\/tr\\\/#organization\"},\"potentialAction\":[{\"@type\":\"SearchAction\",\"target\":{\"@type\":\"EntryPoint\",\"urlTemplate\":\"https:\\\/\\\/redfoxlotto.com\\\/tr\\\/?s={search_term_string}\"},\"query-input\":{\"@type\":\"PropertyValueSpecification\",\"valueRequired\":true,\"valueName\":\"search_term_string\"}}],\"inLanguage\":\"tr\"},{\"@type\":\"Organization\",\"@id\":\"https:\\\/\\\/redfoxlotto.com\\\/tr\\\/#organization\",\"name\":\"Get Tickets for the World\u2019s largest jackpots\",\"url\":\"https:\\\/\\\/redfoxlotto.com\\\/tr\\\/\",\"logo\":{\"@type\":\"ImageObject\",\"inLanguage\":\"tr\",\"@id\":\"https:\\\/\\\/redfoxlotto.com\\\/tr\\\/#\\\/schema\\\/logo\\\/image\\\/\",\"url\":\"https:\\\/\\\/redfoxlotto.com\\\/wp-content\\\/uploads\\\/2023\\\/04\\\/logo.png\",\"contentUrl\":\"https:\\\/\\\/redfoxlotto.com\\\/wp-content\\\/uploads\\\/2023\\\/04\\\/logo.png\",\"width\":269,\"height\":53,\"caption\":\"Get Tickets for the World\u2019s largest jackpots\"},\"image\":{\"@id\":\"https:\\\/\\\/redfoxlotto.com\\\/tr\\\/#\\\/schema\\\/logo\\\/image\\\/\"}}]}<\/script>\n<!-- \/ Yoast SEO plugin. -->","yoast_head_json":{"title":"Powerball \u00e7ekili\u015f sonu\u00e7lar\u0131 ve kazanan numaralar","description":"G\u00fcncel Powerball Lotto sonu\u00e7lar\u0131na buradan ula\u015f\u0131n, \u00f6nceki \u00e7ekili\u015fleri i\u00e7erir","robots":{"index":"index","follow":"follow","max-snippet":"max-snippet:-1","max-image-preview":"max-image-preview:large","max-video-preview":"max-video-preview:-1"},"canonical":"https:\/\/redfoxlotto.com\/tr\/sonuclar\/powerball\/","og_locale":"tr_TR","og_type":"article","og_title":"Powerball \u00e7ekili\u015f sonu\u00e7lar\u0131 ve kazanan numaralar","og_description":"G\u00fcncel Powerball Lotto sonu\u00e7lar\u0131na buradan ula\u015f\u0131n, \u00f6nceki \u00e7ekili\u015fleri i\u00e7erir","og_url":"https:\/\/redfoxlotto.com\/tr\/sonuclar\/powerball\/","og_site_name":"Get Tickets for the World\u2019s largest jackpots","article_modified_time":"2025-12-17T12:40:35+00:00","og_image":[{"url":"https:\/\/content.redfoxlotto.com\/uploads\/sites\/9\/1_results_powerball.jpg","type":"","width":"","height":""}],"twitter_card":"summary_large_image","twitter_misc":{"Tahmini okuma s\u00fcresi":"2 dakika"},"schema":{"@context":"https:\/\/schema.org","@graph":[{"@type":"WebPage","@id":"https:\/\/redfoxlotto.com\/tr\/sonuclar\/powerball\/","url":"https:\/\/redfoxlotto.com\/tr\/sonuclar\/powerball\/","name":"Powerball \u00e7ekili\u015f sonu\u00e7lar\u0131 ve kazanan numaralar","isPartOf":{"@id":"https:\/\/redfoxlotto.com\/tr\/#website"},"primaryImageOfPage":{"@id":"https:\/\/redfoxlotto.com\/tr\/sonuclar\/powerball\/#primaryimage"},"image":{"@id":"https:\/\/redfoxlotto.com\/tr\/sonuclar\/powerball\/#primaryimage"},"thumbnailUrl":"https:\/\/content.redfoxlotto.com\/uploads\/sites\/9\/1_results_powerball.jpg","datePublished":"2018-11-18T08:54:25+00:00","dateModified":"2025-12-17T12:40:35+00:00","description":"G\u00fcncel Powerball Lotto sonu\u00e7lar\u0131na buradan ula\u015f\u0131n, \u00f6nceki \u00e7ekili\u015fleri i\u00e7erir","breadcrumb":{"@id":"https:\/\/redfoxlotto.com\/tr\/sonuclar\/powerball\/#breadcrumb"},"inLanguage":"tr","potentialAction":[{"@type":"ReadAction","target":["https:\/\/redfoxlotto.com\/tr\/sonuclar\/powerball\/"]}]},{"@type":"ImageObject","inLanguage":"tr","@id":"https:\/\/redfoxlotto.com\/tr\/sonuclar\/powerball\/#primaryimage","url":"https:\/\/content.redfoxlotto.com\/uploads\/sites\/9\/1_results_powerball.jpg","contentUrl":"https:\/\/content.redfoxlotto.com\/uploads\/sites\/9\/1_results_powerball.jpg"},{"@type":"BreadcrumbList","@id":"https:\/\/redfoxlotto.com\/tr\/sonuclar\/powerball\/#breadcrumb","itemListElement":[{"@type":"ListItem","position":1,"name":"Home","item":"https:\/\/redfoxlotto.com\/tr\/"},{"@type":"ListItem","position":2,"name":"Uluslararas\u0131 loto sonu\u00e7lar\u0131","item":"https:\/\/redfoxlotto.com\/tr\/sonuclar\/"},{"@type":"ListItem","position":3,"name":"Powerball Sonu\u00e7lar\u0131"}]},{"@type":"WebSite","@id":"https:\/\/redfoxlotto.com\/tr\/#website","url":"https:\/\/redfoxlotto.com\/tr\/","name":"Get Tickets for the World\u2019s largest jackpots","description":"Participate in worldwide lottery jackpots from any country","publisher":{"@id":"https:\/\/redfoxlotto.com\/tr\/#organization"},"potentialAction":[{"@type":"SearchAction","target":{"@type":"EntryPoint","urlTemplate":"https:\/\/redfoxlotto.com\/tr\/?s={search_term_string}"},"query-input":{"@type":"PropertyValueSpecification","valueRequired":true,"valueName":"search_term_string"}}],"inLanguage":"tr"},{"@type":"Organization","@id":"https:\/\/redfoxlotto.com\/tr\/#organization","name":"Get Tickets for the World\u2019s largest jackpots","url":"https:\/\/redfoxlotto.com\/tr\/","logo":{"@type":"ImageObject","inLanguage":"tr","@id":"https:\/\/redfoxlotto.com\/tr\/#\/schema\/logo\/image\/","url":"https:\/\/redfoxlotto.com\/wp-content\/uploads\/2023\/04\/logo.png","contentUrl":"https:\/\/redfoxlotto.com\/wp-content\/uploads\/2023\/04\/logo.png","width":269,"height":53,"caption":"Get Tickets for the World\u2019s largest jackpots"},"image":{"@id":"https:\/\/redfoxlotto.com\/tr\/#\/schema\/logo\/image\/"}}]}},"_links":{"self":[{"href":"https:\/\/redfoxlotto.com\/tr\/wp-json\/wp\/v2\/pages\/2962","targetHints":{"allow":["GET"]}}],"collection":[{"href":"https:\/\/redfoxlotto.com\/tr\/wp-json\/wp\/v2\/pages"}],"about":[{"href":"https:\/\/redfoxlotto.com\/tr\/wp-json\/wp\/v2\/types\/page"}],"author":[{"embeddable":true,"href":"https:\/\/redfoxlotto.com\/tr\/wp-json\/wp\/v2\/users\/1"}],"replies":[{"embeddable":true,"href":"https:\/\/redfoxlotto.com\/tr\/wp-json\/wp\/v2\/comments?post=2962"}],"version-history":[{"count":0,"href":"https:\/\/redfoxlotto.com\/tr\/wp-json\/wp\/v2\/pages\/2962\/revisions"}],"up":[{"embeddable":true,"href":"https:\/\/redfoxlotto.com\/tr\/wp-json\/wp\/v2\/pages\/2949"}],"wp:attachment":[{"href":"https:\/\/redfoxlotto.com\/tr\/wp-json\/wp\/v2\/media?parent=2962"}],"curies":[{"name":"wp","href":"https:\/\/api.w.org\/{rel}","templated":true}]}}