{"id":2961,"date":"2018-11-18T08:54:25","date_gmt":"2018-11-18T08:54:25","guid":{"rendered":"https:\/\/redfoxlotto.com\/?page_id=5403"},"modified":"2019-09-12T18:15:07","modified_gmt":"2019-09-12T18:15:07","slug":"powerball-au","status":"publish","type":"page","link":"https:\/\/redfoxlotto.com\/tr\/sonuclar\/powerball-au\/","title":{"rendered":"Powerball (AU) Loto Sonu\u00e7lar\u0131 ve Kazanan Say\u0131lar"},"content":{"rendered":"<p><img loading=\"lazy\" decoding=\"async\" class=\" wp-image alignright\" src=\"https:\/\/content.redfoxlotto.com\/uploads\/sites\/9\/1_winning_online_lottery.jpg\" alt=\"Powerball Avustralya\" width=\"302\" height=\"302\" \/><\/p><p>Bu sayfada size Powerball Australia i\u00e7in \u00f6deme katmanlar\u0131n\u0131, \u00e7ekilen say\u0131lar\u0131 ve di\u011fer ayr\u0131nt\u0131lar\u0131 g\u00f6steriyoruz.<\/p><p>Son \u00e7ekili\u015flerden t\u00fcm piyango sonu\u00e7lar\u0131n\u0131 g\u00f6rmek i\u00e7in \u00fcst k\u0131s\u0131mdaki &#8220;Sonu\u00e7lar&#8221; men\u00fcs\u00fcn\u00fc t\u0131klay\u0131n.<\/p><p><img decoding=\"async\" class=\"size-full wp-image alignright\" src=\"https:\/\/content.redfoxlotto.com\/uploads\/sites\/9\/1_lotto_money_win.jpg\" alt=\"piyango sonu\u00e7lar\u0131\"><\/p><p>&#8220;Biletlerim&#8221; alan\u0131n\u0131z\u0131 da kontrol edebilirsiniz. Herhangi bir bilete t\u0131klad\u0131ktan sonra, biletinizde ka\u00e7 tane e\u015fle\u015fen numaran\u0131z oldu\u011funu an\u0131nda g\u00f6rebilirsiniz.<\/p>","protected":false},"excerpt":{"rendered":"<p>Bu sayfada size Powerball Australia i\u00e7in \u00f6deme katmanlar\u0131n\u0131, \u00e7ekilen say\u0131lar\u0131 ve di\u011fer ayr\u0131nt\u0131lar\u0131 g\u00f6steriyoruz. Son \u00e7ekili\u015flerden t\u00fcm piyango sonu\u00e7lar\u0131n\u0131 g\u00f6rmek i\u00e7in \u00fcst k\u0131s\u0131mdaki &#8220;Sonu\u00e7lar&#8221; men\u00fcs\u00fcn\u00fc t\u0131klay\u0131n. &#8220;Biletlerim&#8221; alan\u0131n\u0131z\u0131 da kontrol edebilirsiniz. Herhangi bir bilete t\u0131klad\u0131ktan sonra, biletinizde ka\u00e7 tane e\u015fle\u015fen numaran\u0131z oldu\u011funu an\u0131nda g\u00f6rebilirsiniz.<\/p>\n","protected":false},"author":1,"featured_media":0,"parent":2949,"menu_order":20,"comment_status":"closed","ping_status":"closed","template":"powerball-au-results.php","meta":{"_et_pb_use_builder":"","_et_pb_old_content":"","_et_gb_content_width":"","exclude_from_search":false,"footnotes":""},"class_list":["post-2961","page","type-page","status-publish","hentry"],"yoast_head":"<!-- This site is optimized with the Yoast SEO plugin v27.3 - https:\/\/yoast.com\/product\/yoast-seo-wordpress\/ -->\n<title>Powerball Avustralya kazanan numaralar<\/title>\n<meta name=\"robots\" content=\"index, follow, max-snippet:-1, max-image-preview:large, max-video-preview:-1\" \/>\n<link rel=\"canonical\" href=\"https:\/\/redfoxlotto.com\/tr\/sonuclar\/powerball-au\/\" \/>\n<meta property=\"og:locale\" content=\"tr_TR\" \/>\n<meta property=\"og:type\" content=\"article\" \/>\n<meta property=\"og:title\" content=\"Powerball Avustralya kazanan numaralar\" \/>\n<meta property=\"og:description\" content=\"Bu sayfada size Powerball Australia i\u00e7in \u00f6deme katmanlar\u0131n\u0131, \u00e7ekilen say\u0131lar\u0131 ve di\u011fer ayr\u0131nt\u0131lar\u0131 g\u00f6steriyoruz. Son \u00e7ekili\u015flerden t\u00fcm piyango sonu\u00e7lar\u0131n\u0131 g\u00f6rmek i\u00e7in \u00fcst k\u0131s\u0131mdaki &#8220;Sonu\u00e7lar&#8221; men\u00fcs\u00fcn\u00fc t\u0131klay\u0131n. &#8220;Biletlerim&#8221; alan\u0131n\u0131z\u0131 da kontrol edebilirsiniz. Herhangi bir bilete t\u0131klad\u0131ktan sonra, biletinizde ka\u00e7 tane e\u015fle\u015fen numaran\u0131z oldu\u011funu an\u0131nda g\u00f6rebilirsiniz.\" \/>\n<meta property=\"og:url\" content=\"https:\/\/redfoxlotto.com\/tr\/sonuclar\/powerball-au\/\" \/>\n<meta property=\"og:site_name\" content=\"Get Tickets for the World\u2019s largest jackpots\" \/>\n<meta property=\"article:modified_time\" content=\"2019-09-12T18:15:07+00:00\" \/>\n<meta property=\"og:image\" content=\"https:\/\/content.redfoxlotto.com\/uploads\/sites\/9\/1_winning_online_lottery.jpg\" \/>\n<meta name=\"twitter:card\" content=\"summary_large_image\" \/>\n<meta name=\"twitter:label1\" content=\"Tahmini okuma s\u00fcresi\" \/>\n\t<meta name=\"twitter:data1\" content=\"1 dakika\" \/>\n<script type=\"application\/ld+json\" class=\"yoast-schema-graph\">{\"@context\":\"https:\\\/\\\/schema.org\",\"@graph\":[{\"@type\":\"WebPage\",\"@id\":\"https:\\\/\\\/redfoxlotto.com\\\/tr\\\/sonuclar\\\/powerball-au\\\/\",\"url\":\"https:\\\/\\\/redfoxlotto.com\\\/tr\\\/sonuclar\\\/powerball-au\\\/\",\"name\":\"Powerball Avustralya kazanan numaralar\",\"isPartOf\":{\"@id\":\"https:\\\/\\\/redfoxlotto.com\\\/tr\\\/#website\"},\"primaryImageOfPage\":{\"@id\":\"https:\\\/\\\/redfoxlotto.com\\\/tr\\\/sonuclar\\\/powerball-au\\\/#primaryimage\"},\"image\":{\"@id\":\"https:\\\/\\\/redfoxlotto.com\\\/tr\\\/sonuclar\\\/powerball-au\\\/#primaryimage\"},\"thumbnailUrl\":\"https:\\\/\\\/content.redfoxlotto.com\\\/uploads\\\/sites\\\/9\\\/1_winning_online_lottery.jpg\",\"datePublished\":\"2018-11-18T08:54:25+00:00\",\"dateModified\":\"2019-09-12T18:15:07+00:00\",\"breadcrumb\":{\"@id\":\"https:\\\/\\\/redfoxlotto.com\\\/tr\\\/sonuclar\\\/powerball-au\\\/#breadcrumb\"},\"inLanguage\":\"tr\",\"potentialAction\":[{\"@type\":\"ReadAction\",\"target\":[\"https:\\\/\\\/redfoxlotto.com\\\/tr\\\/sonuclar\\\/powerball-au\\\/\"]}]},{\"@type\":\"ImageObject\",\"inLanguage\":\"tr\",\"@id\":\"https:\\\/\\\/redfoxlotto.com\\\/tr\\\/sonuclar\\\/powerball-au\\\/#primaryimage\",\"url\":\"https:\\\/\\\/content.redfoxlotto.com\\\/uploads\\\/sites\\\/9\\\/1_winning_online_lottery.jpg\",\"contentUrl\":\"https:\\\/\\\/content.redfoxlotto.com\\\/uploads\\\/sites\\\/9\\\/1_winning_online_lottery.jpg\"},{\"@type\":\"BreadcrumbList\",\"@id\":\"https:\\\/\\\/redfoxlotto.com\\\/tr\\\/sonuclar\\\/powerball-au\\\/#breadcrumb\",\"itemListElement\":[{\"@type\":\"ListItem\",\"position\":1,\"name\":\"Home\",\"item\":\"https:\\\/\\\/redfoxlotto.com\\\/tr\\\/\"},{\"@type\":\"ListItem\",\"position\":2,\"name\":\"Uluslararas\u0131 loto sonu\u00e7lar\u0131\",\"item\":\"https:\\\/\\\/redfoxlotto.com\\\/tr\\\/sonuclar\\\/\"},{\"@type\":\"ListItem\",\"position\":3,\"name\":\"Powerball (AU) Loto Sonu\u00e7lar\u0131 ve Kazanan Say\u0131lar\"}]},{\"@type\":\"WebSite\",\"@id\":\"https:\\\/\\\/redfoxlotto.com\\\/tr\\\/#website\",\"url\":\"https:\\\/\\\/redfoxlotto.com\\\/tr\\\/\",\"name\":\"Get Tickets for the World\u2019s largest jackpots\",\"description\":\"Participate in worldwide lottery jackpots from any country\",\"publisher\":{\"@id\":\"https:\\\/\\\/redfoxlotto.com\\\/tr\\\/#organization\"},\"potentialAction\":[{\"@type\":\"SearchAction\",\"target\":{\"@type\":\"EntryPoint\",\"urlTemplate\":\"https:\\\/\\\/redfoxlotto.com\\\/tr\\\/?s={search_term_string}\"},\"query-input\":{\"@type\":\"PropertyValueSpecification\",\"valueRequired\":true,\"valueName\":\"search_term_string\"}}],\"inLanguage\":\"tr\"},{\"@type\":\"Organization\",\"@id\":\"https:\\\/\\\/redfoxlotto.com\\\/tr\\\/#organization\",\"name\":\"Get Tickets for the World\u2019s largest jackpots\",\"url\":\"https:\\\/\\\/redfoxlotto.com\\\/tr\\\/\",\"logo\":{\"@type\":\"ImageObject\",\"inLanguage\":\"tr\",\"@id\":\"https:\\\/\\\/redfoxlotto.com\\\/tr\\\/#\\\/schema\\\/logo\\\/image\\\/\",\"url\":\"https:\\\/\\\/redfoxlotto.com\\\/wp-content\\\/uploads\\\/2023\\\/04\\\/logo.png\",\"contentUrl\":\"https:\\\/\\\/redfoxlotto.com\\\/wp-content\\\/uploads\\\/2023\\\/04\\\/logo.png\",\"width\":269,\"height\":53,\"caption\":\"Get Tickets for the World\u2019s largest jackpots\"},\"image\":{\"@id\":\"https:\\\/\\\/redfoxlotto.com\\\/tr\\\/#\\\/schema\\\/logo\\\/image\\\/\"}}]}<\/script>\n<!-- \/ Yoast SEO plugin. -->","yoast_head_json":{"title":"Powerball Avustralya kazanan numaralar","robots":{"index":"index","follow":"follow","max-snippet":"max-snippet:-1","max-image-preview":"max-image-preview:large","max-video-preview":"max-video-preview:-1"},"canonical":"https:\/\/redfoxlotto.com\/tr\/sonuclar\/powerball-au\/","og_locale":"tr_TR","og_type":"article","og_title":"Powerball Avustralya kazanan numaralar","og_description":"Bu sayfada size Powerball Australia i\u00e7in \u00f6deme katmanlar\u0131n\u0131, \u00e7ekilen say\u0131lar\u0131 ve di\u011fer ayr\u0131nt\u0131lar\u0131 g\u00f6steriyoruz. Son \u00e7ekili\u015flerden t\u00fcm piyango sonu\u00e7lar\u0131n\u0131 g\u00f6rmek i\u00e7in \u00fcst k\u0131s\u0131mdaki &#8220;Sonu\u00e7lar&#8221; men\u00fcs\u00fcn\u00fc t\u0131klay\u0131n. &#8220;Biletlerim&#8221; alan\u0131n\u0131z\u0131 da kontrol edebilirsiniz. Herhangi bir bilete t\u0131klad\u0131ktan sonra, biletinizde ka\u00e7 tane e\u015fle\u015fen numaran\u0131z oldu\u011funu an\u0131nda g\u00f6rebilirsiniz.","og_url":"https:\/\/redfoxlotto.com\/tr\/sonuclar\/powerball-au\/","og_site_name":"Get Tickets for the World\u2019s largest jackpots","article_modified_time":"2019-09-12T18:15:07+00:00","og_image":[{"url":"https:\/\/content.redfoxlotto.com\/uploads\/sites\/9\/1_winning_online_lottery.jpg","type":"","width":"","height":""}],"twitter_card":"summary_large_image","twitter_misc":{"Tahmini okuma s\u00fcresi":"1 dakika"},"schema":{"@context":"https:\/\/schema.org","@graph":[{"@type":"WebPage","@id":"https:\/\/redfoxlotto.com\/tr\/sonuclar\/powerball-au\/","url":"https:\/\/redfoxlotto.com\/tr\/sonuclar\/powerball-au\/","name":"Powerball Avustralya kazanan numaralar","isPartOf":{"@id":"https:\/\/redfoxlotto.com\/tr\/#website"},"primaryImageOfPage":{"@id":"https:\/\/redfoxlotto.com\/tr\/sonuclar\/powerball-au\/#primaryimage"},"image":{"@id":"https:\/\/redfoxlotto.com\/tr\/sonuclar\/powerball-au\/#primaryimage"},"thumbnailUrl":"https:\/\/content.redfoxlotto.com\/uploads\/sites\/9\/1_winning_online_lottery.jpg","datePublished":"2018-11-18T08:54:25+00:00","dateModified":"2019-09-12T18:15:07+00:00","breadcrumb":{"@id":"https:\/\/redfoxlotto.com\/tr\/sonuclar\/powerball-au\/#breadcrumb"},"inLanguage":"tr","potentialAction":[{"@type":"ReadAction","target":["https:\/\/redfoxlotto.com\/tr\/sonuclar\/powerball-au\/"]}]},{"@type":"ImageObject","inLanguage":"tr","@id":"https:\/\/redfoxlotto.com\/tr\/sonuclar\/powerball-au\/#primaryimage","url":"https:\/\/content.redfoxlotto.com\/uploads\/sites\/9\/1_winning_online_lottery.jpg","contentUrl":"https:\/\/content.redfoxlotto.com\/uploads\/sites\/9\/1_winning_online_lottery.jpg"},{"@type":"BreadcrumbList","@id":"https:\/\/redfoxlotto.com\/tr\/sonuclar\/powerball-au\/#breadcrumb","itemListElement":[{"@type":"ListItem","position":1,"name":"Home","item":"https:\/\/redfoxlotto.com\/tr\/"},{"@type":"ListItem","position":2,"name":"Uluslararas\u0131 loto sonu\u00e7lar\u0131","item":"https:\/\/redfoxlotto.com\/tr\/sonuclar\/"},{"@type":"ListItem","position":3,"name":"Powerball (AU) Loto Sonu\u00e7lar\u0131 ve Kazanan Say\u0131lar"}]},{"@type":"WebSite","@id":"https:\/\/redfoxlotto.com\/tr\/#website","url":"https:\/\/redfoxlotto.com\/tr\/","name":"Get Tickets for the World\u2019s largest jackpots","description":"Participate in worldwide lottery jackpots from any country","publisher":{"@id":"https:\/\/redfoxlotto.com\/tr\/#organization"},"potentialAction":[{"@type":"SearchAction","target":{"@type":"EntryPoint","urlTemplate":"https:\/\/redfoxlotto.com\/tr\/?s={search_term_string}"},"query-input":{"@type":"PropertyValueSpecification","valueRequired":true,"valueName":"search_term_string"}}],"inLanguage":"tr"},{"@type":"Organization","@id":"https:\/\/redfoxlotto.com\/tr\/#organization","name":"Get Tickets for the World\u2019s largest jackpots","url":"https:\/\/redfoxlotto.com\/tr\/","logo":{"@type":"ImageObject","inLanguage":"tr","@id":"https:\/\/redfoxlotto.com\/tr\/#\/schema\/logo\/image\/","url":"https:\/\/redfoxlotto.com\/wp-content\/uploads\/2023\/04\/logo.png","contentUrl":"https:\/\/redfoxlotto.com\/wp-content\/uploads\/2023\/04\/logo.png","width":269,"height":53,"caption":"Get Tickets for the World\u2019s largest jackpots"},"image":{"@id":"https:\/\/redfoxlotto.com\/tr\/#\/schema\/logo\/image\/"}}]}},"_links":{"self":[{"href":"https:\/\/redfoxlotto.com\/tr\/wp-json\/wp\/v2\/pages\/2961","targetHints":{"allow":["GET"]}}],"collection":[{"href":"https:\/\/redfoxlotto.com\/tr\/wp-json\/wp\/v2\/pages"}],"about":[{"href":"https:\/\/redfoxlotto.com\/tr\/wp-json\/wp\/v2\/types\/page"}],"author":[{"embeddable":true,"href":"https:\/\/redfoxlotto.com\/tr\/wp-json\/wp\/v2\/users\/1"}],"replies":[{"embeddable":true,"href":"https:\/\/redfoxlotto.com\/tr\/wp-json\/wp\/v2\/comments?post=2961"}],"version-history":[{"count":0,"href":"https:\/\/redfoxlotto.com\/tr\/wp-json\/wp\/v2\/pages\/2961\/revisions"}],"up":[{"embeddable":true,"href":"https:\/\/redfoxlotto.com\/tr\/wp-json\/wp\/v2\/pages\/2949"}],"wp:attachment":[{"href":"https:\/\/redfoxlotto.com\/tr\/wp-json\/wp\/v2\/media?parent=2961"}],"curies":[{"name":"wp","href":"https:\/\/api.w.org\/{rel}","templated":true}]}}