{"id":2957,"date":"2018-11-18T08:54:25","date_gmt":"2018-11-18T08:54:25","guid":{"rendered":"https:\/\/redfoxlotto.com\/?page_id=5395"},"modified":"2025-12-18T07:08:15","modified_gmt":"2025-12-18T07:08:15","slug":"mega-millions","status":"publish","type":"page","link":"https:\/\/redfoxlotto.com\/tr\/sonuclar\/mega-millions\/","title":{"rendered":"Mega Millions Sonu\u00e7lar\u0131"},"content":{"rendered":"<script type=\"application\/ld+json\">\r\n{\r\n  \"@context\": \"https:\/\/schema.org\",\r\n  \"@type\": \"Service\",\r\n  \"name\": \"Mega Millions \u00e7ekili\u015f sonu\u00e7lar\u0131n\u0131 \u00e7evrimi\u00e7i kontrol edin\",\r\n  \"url\": \"https:\/\/redfoxlotto.com\/tr\/sonuclar\/mega-millions\/\",\r\n  \"description\": \"En son Mega Millions sonu\u00e7lar\u0131n\u0131 ve lotarya sonu\u00e7lar\u0131 ar\u015fivimizi g\u00f6rmek i\u00e7in RedFoxLotto'yu ziyaret edin.\",\r\n  \"serviceType\": \"D\u00fcnya \u00e7ap\u0131nda lotarya sonu\u00e7lar\u0131 ar\u015fivi\",\r\n\r\n  \"provider\": {\r\n    \"@type\": \"Organization\",\r\n    \"name\": \"RedFoxLotto\",\r\n    \"url\": \"https:\/\/redfoxlotto.com\/tr\/\",\r\n    \"image\": \"https:\/\/redfoxlotto.com\/wp-content\/uploads\/2025\/12\/ticket_scans.jpg\",\r\n    \"sameAs\": []\r\n  },\r\n\r\n  \"areaServed\": \"Worldwide\",\r\n  \"termsOfService\": \"https:\/\/redfoxlotto.com\/tr\/terms-and-conditions\/\",\r\n  \"additionalProperty\": {\r\n    \"@type\": \"PropertyValue\",\r\n    \"name\": \"FAQ\",\r\n    \"value\": \"https:\/\/redfoxlotto.com\/tr\/faq\/\"\r\n  },\r\n\r\n  \"hasOfferCatalog\": {\r\n    \"@type\": \"OfferCatalog\",\r\n    \"name\": \"Mega Millions Sonu\u00e7lar\u0131\",\r\n    \"itemListElement\": [\r\n      {\r\n        \"@type\": \"Offer\",\r\n        \"name\": \"Mega Millions Sonu\u00e7lar\u0131\",\r\n        \"url\": \"https:\/\/redfoxlotto.com\/tr\/sonuclar\/mega-millions\/\",\r\n        \"description\": \"En son ve ge\u00e7mi\u015f Mega Millions sonu\u00e7lar\u0131n\u0131 burada bulun.\",\r\n        \"price\": \"13.00\",\r\n        \"priceCurrency\": \"EUR\",\r\n        \"availability\": \"https:\/\/schema.org\/InStock\",\r\n        \"itemOffered\": {\r\n          \"@type\": \"Service\",\r\n          \"name\": \"Mega Millions Sonu\u00e7lar\u0131\",\r\n          \"description\": \"Mega Millions \u00e7ekili\u015f numaralar\u0131 \u00e7evrimi\u00e7i, en son ve eski sonu\u00e7lar.\"\r\n        }\r\n      }\r\n    ]\r\n  },\r\n\r\n  \"mainEntityOfPage\": {\r\n    \"@type\": \"WebPage\",\r\n    \"@id\": \"https:\/\/redfoxlotto.com\/tr\/sonuclar\/mega-millions\/\"\r\n  }\r\n}\r\n<\/script><p>Amerika&#8217;da \u00e7ekilen Mega Millions piyangosunun ge\u00e7mi\u015f sonu\u00e7lar\u0131na m\u0131 bak\u0131yorsunuz? Buradan daha \u00f6nceki \u00e7ekili\u015flerdeki numaralar da d\u00e2hil bulabilirsiniz. <a href=\"https:\/\/redfoxlotto.com\/tr\/loto\/mega-millions\/\">Mega Millions b\u00fcy\u00fck ikramiyeyi<\/a> kazanmak b\u00fct\u00fcn piyango oyuncular\u0131n\u0131n hayalidir ve \u00f6d\u00fcl genellikle y\u00fcz milyonlarca dolard\u0131r!<\/p><h2 class=\"wp-block-heading\">Mega Millions B\u00fcy\u00fck \u0130kramiyesi<\/h2><p><img decoding=\"async\" class=\"size-full wp-image alignright\" src=\"https:\/\/content.redfoxlotto.com\/uploads\/sites\/9\/1_results_mega_millions.jpg\" alt=\"piyango sonu\u00e7lar\u0131\"><\/p><p>Mega Millions piyangosunda en d\u00fc\u015f\u00fck b\u00fcy\u00fck ikramiye 40 milyon $&#8217;d\u0131r. B\u00fcy\u00fck ikramiyenin \u00fcst limiti yoktur. K\u0131sa zamanda b\u00fcy\u00fck miktarlar toplanabilir. \u015eimdiye kadar ki <a href=\"https:\/\/redfoxlotto.com\/tr\/powerball-mega-millions-oedeme-tablolari\/\">en y\u00fcksek Mega Millions b\u00fcy\u00fck ikramiyesi<\/a> 1,5 milyar dolard\u0131r!<\/p><p><strong>Online olarak Mega Millions oynay\u0131n!<\/strong><\/p><h2 class=\"wp-block-heading\">Mega Millions \u00f6d\u00fcl seviyeleri<\/h2><p>Tablomuzdan \u00f6d\u00fcl seviyelerini ve kazan\u00e7 miktarlar\u0131n\u0131 g\u00f6rebilirsiniz.<\/p><h2 class=\"wp-block-heading\">En \u00e7ok ve en az \u00e7ekilen numaralar<\/h2><p><img decoding=\"async\" class=\"size-full wp-image alignright\" src=\"https:\/\/content.redfoxlotto.com\/uploads\/sites\/9\/1_lottery_winner_is2.jpg\" alt=\"Mega Millions jackpot\"><\/p><p>E\u011fer daha \u015fansl\u0131 numaralar bulmak istiyorsan\u0131z ar\u015fivimiz size yard\u0131mc\u0131 olacakt\u0131r. Burada Mega Millions piyangosu i\u00e7in &#8220;s\u0131cak&#8221; numaralar bulunmaktad\u0131r:<br>\r\n29, 4, 48 ve 36 numaralar\u0131 en \u00e7ok \u00e7ekilen Mega Millions numaralar\u0131d\u0131r. 2005&#8217;ten beri 48 numaras\u0131 80 kereden fazla \u00e7ekilmi\u015ftir. En pop\u00fcler MegaBall numaralar\u0131 35, 9, 36 ve 7&#8217;dir.<\/p>","protected":false},"excerpt":{"rendered":"<p>Amerika&#8217;da \u00e7ekilen Mega Millions piyangosunun ge\u00e7mi\u015f sonu\u00e7lar\u0131na m\u0131 bak\u0131yorsunuz? Buradan daha \u00f6nceki \u00e7ekili\u015flerdeki numaralar da d\u00e2hil bulabilirsiniz. Mega Millions b\u00fcy\u00fck ikramiyeyi kazanmak b\u00fct\u00fcn piyango oyuncular\u0131n\u0131n hayalidir ve \u00f6d\u00fcl genellikle y\u00fcz milyonlarca dolard\u0131r! Mega Millions B\u00fcy\u00fck \u0130kramiyesi Mega Millions piyangosunda en d\u00fc\u015f\u00fck b\u00fcy\u00fck ikramiye 40 milyon $&#8217;d\u0131r. B\u00fcy\u00fck ikramiyenin \u00fcst limiti yoktur. K\u0131sa zamanda b\u00fcy\u00fck miktarlar [&hellip;]<\/p>\n","protected":false},"author":1,"featured_media":0,"parent":2949,"menu_order":2,"comment_status":"closed","ping_status":"closed","template":"megamillion-results.php","meta":{"_et_pb_use_builder":"","_et_pb_old_content":"","_et_gb_content_width":"","exclude_from_search":false,"footnotes":""},"class_list":["post-2957","page","type-page","status-publish","hentry"],"yoast_head":"<!-- This site is optimized with the Yoast SEO plugin v27.4 - https:\/\/yoast.com\/product\/yoast-seo-wordpress\/ -->\n<title>Mega Millions kazanan nuamrlar\u0131 ve sonu\u00e7lar<\/title>\n<meta name=\"description\" content=\"Mega Millions sonu\u00e7 sayfam\u0131zdan ve ge\u00e7mi\u015f numaralar\u0131 i\u00e7eren ar\u015fivimizden kazanan numaralar\u0131 kontrol edin\" \/>\n<meta name=\"robots\" content=\"index, follow, max-snippet:-1, max-image-preview:large, max-video-preview:-1\" \/>\n<link rel=\"canonical\" href=\"https:\/\/redfoxlotto.com\/tr\/results\/mega-millions\/\" \/>\n<meta property=\"og:locale\" content=\"tr_TR\" \/>\n<meta property=\"og:type\" content=\"article\" \/>\n<meta property=\"og:title\" content=\"Mega Millions kazanan nuamrlar\u0131 ve sonu\u00e7lar\" \/>\n<meta property=\"og:description\" content=\"Mega Millions sonu\u00e7 sayfam\u0131zdan ve ge\u00e7mi\u015f numaralar\u0131 i\u00e7eren ar\u015fivimizden kazanan numaralar\u0131 kontrol edin\" \/>\n<meta property=\"og:url\" content=\"https:\/\/redfoxlotto.com\/results\/mega-millions\/\" \/>\n<meta property=\"og:site_name\" content=\"Get Tickets for the World\u2019s largest jackpots\" \/>\n<meta property=\"article:modified_time\" content=\"2025-12-18T07:08:15+00:00\" \/>\n<meta property=\"og:image\" content=\"https:\/\/content.redfoxlotto.com\/uploads\/sites\/9\/1_results_mega_millions.jpg\" \/>\n<meta name=\"twitter:card\" content=\"summary_large_image\" \/>\n<meta name=\"twitter:label1\" content=\"Tahmini okuma s\u00fcresi\" \/>\n\t<meta name=\"twitter:data1\" content=\"2 dakika\" \/>\n<script type=\"application\/ld+json\" class=\"yoast-schema-graph\">{\"@context\":\"https:\\\/\\\/schema.org\",\"@graph\":[{\"@type\":\"WebPage\",\"@id\":\"https:\\\/\\\/redfoxlotto.com\\\/tr\\\/sonuclar\\\/mega-millions\\\/\",\"url\":\"https:\\\/\\\/redfoxlotto.com\\\/results\\\/mega-millions\\\/\",\"name\":\"Mega Millions kazanan nuamrlar\u0131 ve sonu\u00e7lar\",\"isPartOf\":{\"@id\":\"https:\\\/\\\/redfoxlotto.com\\\/tr\\\/#website\"},\"primaryImageOfPage\":{\"@id\":\"https:\\\/\\\/redfoxlotto.com\\\/results\\\/mega-millions\\\/#primaryimage\"},\"image\":{\"@id\":\"https:\\\/\\\/redfoxlotto.com\\\/results\\\/mega-millions\\\/#primaryimage\"},\"thumbnailUrl\":\"https:\\\/\\\/content.redfoxlotto.com\\\/uploads\\\/sites\\\/9\\\/1_results_mega_millions.jpg\",\"datePublished\":\"2018-11-18T08:54:25+00:00\",\"dateModified\":\"2025-12-18T07:08:15+00:00\",\"description\":\"Mega Millions sonu\u00e7 sayfam\u0131zdan ve ge\u00e7mi\u015f numaralar\u0131 i\u00e7eren ar\u015fivimizden kazanan numaralar\u0131 kontrol edin\",\"breadcrumb\":{\"@id\":\"https:\\\/\\\/redfoxlotto.com\\\/results\\\/mega-millions\\\/#breadcrumb\"},\"inLanguage\":\"tr\",\"potentialAction\":[{\"@type\":\"ReadAction\",\"target\":[\"https:\\\/\\\/redfoxlotto.com\\\/results\\\/mega-millions\\\/\"]}]},{\"@type\":\"ImageObject\",\"inLanguage\":\"tr\",\"@id\":\"https:\\\/\\\/redfoxlotto.com\\\/results\\\/mega-millions\\\/#primaryimage\",\"url\":\"https:\\\/\\\/content.redfoxlotto.com\\\/uploads\\\/sites\\\/9\\\/1_results_mega_millions.jpg\",\"contentUrl\":\"https:\\\/\\\/content.redfoxlotto.com\\\/uploads\\\/sites\\\/9\\\/1_results_mega_millions.jpg\"},{\"@type\":\"BreadcrumbList\",\"@id\":\"https:\\\/\\\/redfoxlotto.com\\\/results\\\/mega-millions\\\/#breadcrumb\",\"itemListElement\":[{\"@type\":\"ListItem\",\"position\":1,\"name\":\"Home\",\"item\":\"https:\\\/\\\/redfoxlotto.com\\\/tr\\\/\"},{\"@type\":\"ListItem\",\"position\":2,\"name\":\"Uluslararas\u0131 loto sonu\u00e7lar\u0131\",\"item\":\"https:\\\/\\\/redfoxlotto.com\\\/tr\\\/sonuclar\\\/\"},{\"@type\":\"ListItem\",\"position\":3,\"name\":\"Mega Millions Sonu\u00e7lar\u0131\"}]},{\"@type\":\"WebSite\",\"@id\":\"https:\\\/\\\/redfoxlotto.com\\\/tr\\\/#website\",\"url\":\"https:\\\/\\\/redfoxlotto.com\\\/tr\\\/\",\"name\":\"Get Tickets for the World\u2019s largest jackpots\",\"description\":\"Participate in worldwide lottery jackpots from any country\",\"publisher\":{\"@id\":\"https:\\\/\\\/redfoxlotto.com\\\/tr\\\/#organization\"},\"potentialAction\":[{\"@type\":\"SearchAction\",\"target\":{\"@type\":\"EntryPoint\",\"urlTemplate\":\"https:\\\/\\\/redfoxlotto.com\\\/tr\\\/?s={search_term_string}\"},\"query-input\":{\"@type\":\"PropertyValueSpecification\",\"valueRequired\":true,\"valueName\":\"search_term_string\"}}],\"inLanguage\":\"tr\"},{\"@type\":\"Organization\",\"@id\":\"https:\\\/\\\/redfoxlotto.com\\\/tr\\\/#organization\",\"name\":\"Get Tickets for the World\u2019s largest jackpots\",\"url\":\"https:\\\/\\\/redfoxlotto.com\\\/tr\\\/\",\"logo\":{\"@type\":\"ImageObject\",\"inLanguage\":\"tr\",\"@id\":\"https:\\\/\\\/redfoxlotto.com\\\/tr\\\/#\\\/schema\\\/logo\\\/image\\\/\",\"url\":\"https:\\\/\\\/redfoxlotto.com\\\/wp-content\\\/uploads\\\/2023\\\/04\\\/logo.png\",\"contentUrl\":\"https:\\\/\\\/redfoxlotto.com\\\/wp-content\\\/uploads\\\/2023\\\/04\\\/logo.png\",\"width\":269,\"height\":53,\"caption\":\"Get Tickets for the World\u2019s largest jackpots\"},\"image\":{\"@id\":\"https:\\\/\\\/redfoxlotto.com\\\/tr\\\/#\\\/schema\\\/logo\\\/image\\\/\"}}]}<\/script>\n<!-- \/ Yoast SEO plugin. -->","yoast_head_json":{"title":"Mega Millions kazanan nuamrlar\u0131 ve sonu\u00e7lar","description":"Mega Millions sonu\u00e7 sayfam\u0131zdan ve ge\u00e7mi\u015f numaralar\u0131 i\u00e7eren ar\u015fivimizden kazanan numaralar\u0131 kontrol edin","robots":{"index":"index","follow":"follow","max-snippet":"max-snippet:-1","max-image-preview":"max-image-preview:large","max-video-preview":"max-video-preview:-1"},"canonical":"https:\/\/redfoxlotto.com\/tr\/results\/mega-millions\/","og_locale":"tr_TR","og_type":"article","og_title":"Mega Millions kazanan nuamrlar\u0131 ve sonu\u00e7lar","og_description":"Mega Millions sonu\u00e7 sayfam\u0131zdan ve ge\u00e7mi\u015f numaralar\u0131 i\u00e7eren ar\u015fivimizden kazanan numaralar\u0131 kontrol edin","og_url":"https:\/\/redfoxlotto.com\/results\/mega-millions\/","og_site_name":"Get Tickets for the World\u2019s largest jackpots","article_modified_time":"2025-12-18T07:08:15+00:00","og_image":[{"url":"https:\/\/content.redfoxlotto.com\/uploads\/sites\/9\/1_results_mega_millions.jpg","type":"","width":"","height":""}],"twitter_card":"summary_large_image","twitter_misc":{"Tahmini okuma s\u00fcresi":"2 dakika"},"schema":{"@context":"https:\/\/schema.org","@graph":[{"@type":"WebPage","@id":"https:\/\/redfoxlotto.com\/tr\/sonuclar\/mega-millions\/","url":"https:\/\/redfoxlotto.com\/results\/mega-millions\/","name":"Mega Millions kazanan nuamrlar\u0131 ve sonu\u00e7lar","isPartOf":{"@id":"https:\/\/redfoxlotto.com\/tr\/#website"},"primaryImageOfPage":{"@id":"https:\/\/redfoxlotto.com\/results\/mega-millions\/#primaryimage"},"image":{"@id":"https:\/\/redfoxlotto.com\/results\/mega-millions\/#primaryimage"},"thumbnailUrl":"https:\/\/content.redfoxlotto.com\/uploads\/sites\/9\/1_results_mega_millions.jpg","datePublished":"2018-11-18T08:54:25+00:00","dateModified":"2025-12-18T07:08:15+00:00","description":"Mega Millions sonu\u00e7 sayfam\u0131zdan ve ge\u00e7mi\u015f numaralar\u0131 i\u00e7eren ar\u015fivimizden kazanan numaralar\u0131 kontrol edin","breadcrumb":{"@id":"https:\/\/redfoxlotto.com\/results\/mega-millions\/#breadcrumb"},"inLanguage":"tr","potentialAction":[{"@type":"ReadAction","target":["https:\/\/redfoxlotto.com\/results\/mega-millions\/"]}]},{"@type":"ImageObject","inLanguage":"tr","@id":"https:\/\/redfoxlotto.com\/results\/mega-millions\/#primaryimage","url":"https:\/\/content.redfoxlotto.com\/uploads\/sites\/9\/1_results_mega_millions.jpg","contentUrl":"https:\/\/content.redfoxlotto.com\/uploads\/sites\/9\/1_results_mega_millions.jpg"},{"@type":"BreadcrumbList","@id":"https:\/\/redfoxlotto.com\/results\/mega-millions\/#breadcrumb","itemListElement":[{"@type":"ListItem","position":1,"name":"Home","item":"https:\/\/redfoxlotto.com\/tr\/"},{"@type":"ListItem","position":2,"name":"Uluslararas\u0131 loto sonu\u00e7lar\u0131","item":"https:\/\/redfoxlotto.com\/tr\/sonuclar\/"},{"@type":"ListItem","position":3,"name":"Mega Millions Sonu\u00e7lar\u0131"}]},{"@type":"WebSite","@id":"https:\/\/redfoxlotto.com\/tr\/#website","url":"https:\/\/redfoxlotto.com\/tr\/","name":"Get Tickets for the World\u2019s largest jackpots","description":"Participate in worldwide lottery jackpots from any country","publisher":{"@id":"https:\/\/redfoxlotto.com\/tr\/#organization"},"potentialAction":[{"@type":"SearchAction","target":{"@type":"EntryPoint","urlTemplate":"https:\/\/redfoxlotto.com\/tr\/?s={search_term_string}"},"query-input":{"@type":"PropertyValueSpecification","valueRequired":true,"valueName":"search_term_string"}}],"inLanguage":"tr"},{"@type":"Organization","@id":"https:\/\/redfoxlotto.com\/tr\/#organization","name":"Get Tickets for the World\u2019s largest jackpots","url":"https:\/\/redfoxlotto.com\/tr\/","logo":{"@type":"ImageObject","inLanguage":"tr","@id":"https:\/\/redfoxlotto.com\/tr\/#\/schema\/logo\/image\/","url":"https:\/\/redfoxlotto.com\/wp-content\/uploads\/2023\/04\/logo.png","contentUrl":"https:\/\/redfoxlotto.com\/wp-content\/uploads\/2023\/04\/logo.png","width":269,"height":53,"caption":"Get Tickets for the World\u2019s largest jackpots"},"image":{"@id":"https:\/\/redfoxlotto.com\/tr\/#\/schema\/logo\/image\/"}}]}},"_links":{"self":[{"href":"https:\/\/redfoxlotto.com\/tr\/wp-json\/wp\/v2\/pages\/2957","targetHints":{"allow":["GET"]}}],"collection":[{"href":"https:\/\/redfoxlotto.com\/tr\/wp-json\/wp\/v2\/pages"}],"about":[{"href":"https:\/\/redfoxlotto.com\/tr\/wp-json\/wp\/v2\/types\/page"}],"author":[{"embeddable":true,"href":"https:\/\/redfoxlotto.com\/tr\/wp-json\/wp\/v2\/users\/1"}],"replies":[{"embeddable":true,"href":"https:\/\/redfoxlotto.com\/tr\/wp-json\/wp\/v2\/comments?post=2957"}],"version-history":[{"count":0,"href":"https:\/\/redfoxlotto.com\/tr\/wp-json\/wp\/v2\/pages\/2957\/revisions"}],"up":[{"embeddable":true,"href":"https:\/\/redfoxlotto.com\/tr\/wp-json\/wp\/v2\/pages\/2949"}],"wp:attachment":[{"href":"https:\/\/redfoxlotto.com\/tr\/wp-json\/wp\/v2\/media?parent=2957"}],"curies":[{"name":"wp","href":"https:\/\/api.w.org\/{rel}","templated":true}]}}