{"id":2955,"date":"2019-11-20T11:24:49","date_gmt":"2019-11-20T11:24:49","guid":{"rendered":"https:\/\/redfoxlotto.com\/?page_id=5391"},"modified":"2019-09-12T18:15:07","modified_gmt":"2019-09-12T18:15:07","slug":"la-primitiva","status":"publish","type":"page","link":"https:\/\/redfoxlotto.com\/tr\/sonuclar\/la-primitiva\/","title":{"rendered":"La Primitiva kazanan numaralar"},"content":{"rendered":"<p><a href=\"https:\/\/redfoxlotto.com\/tr\/loto\/la-primitiva\/\">La Primitiva<\/a> \u00e7ekili\u015fi, her Pazar saat 13.00&#8217;de CET \u00e7ekilen \u0130spanya&#8217;n\u0131n en b\u00fcy\u00fck piyangosudur. \u00c7ekili\u015ften hemen sonra, kazanan numaralar\u0131 RedFoxLotto.com&#8217;da bulabilirsiniz.<br> Kazanan numaralarla biletinizdekileri kar\u015f\u0131la\u015ft\u0131r\u0131n ve kazan\u0131p kazanmad\u0131\u011f\u0131n\u0131zdan emin olun.<\/p><p><img loading=\"lazy\" decoding=\"async\" class=\" wp-image alignright\" src=\"https:\/\/content.redfoxlotto.com\/uploads\/sites\/9\/1_results_lottery_online5.jpg\" alt=\"sonu\u00e7lar loto\" width=\"276\" height=\"184\" \/><\/p><p>La Primitiva&#8217;ya bizden sat\u0131n ald\u0131\u011f\u0131n\u0131z bir biletiniz varsa, herhangi bir kazan\u00e7 halinde size bildirece\u011fiz. Bizden talimatlar\u0131 i\u00e7eren bir e-posta alacaks\u0131n\u0131z. E-postalar\u0131m\u0131z\u0131n spam klas\u00f6r\u00fcne gelmedi\u011finden emin olun. Kazan\u00e7lar\u0131n\u0131z hakk\u0131nda bilgilerin al\u0131nd\u0131\u011f\u0131ndan emin olmak i\u00e7in <a href=\"https:\/\/redfoxlotto.com\/tr\/\">RedFoxLotto.com<\/a>&#8216;u e-posta sa\u011flay\u0131c\u0131n\u0131z\u0131n beyaz listesine eklemenizi \u00f6neririz.<br> La Primitiva i\u00e7in kazanan numaralar 1 ile 54 aras\u0131nda 5 numaraya ek olarak 0 ile 9 aras\u0131nda 1 numara i\u00e7ermelidir. 5+1 sizi b\u00fcy\u00fck ikramiyenin sahibi bir milyoner yapacak. Sadece ilk 5 numaray\u0131 da do\u011fru tahmin etmeniz size \u00e7ok para kazand\u0131racakt\u0131r.<\/p>","protected":false},"excerpt":{"rendered":"<p>La Primitiva \u00e7ekili\u015fi, her Pazar saat 13.00&#8217;de CET \u00e7ekilen \u0130spanya&#8217;n\u0131n en b\u00fcy\u00fck piyangosudur. \u00c7ekili\u015ften hemen sonra, kazanan numaralar\u0131 RedFoxLotto.com&#8217;da bulabilirsiniz. Kazanan numaralarla biletinizdekileri kar\u015f\u0131la\u015ft\u0131r\u0131n ve kazan\u0131p kazanmad\u0131\u011f\u0131n\u0131zdan emin olun. La Primitiva&#8217;ya bizden sat\u0131n ald\u0131\u011f\u0131n\u0131z bir biletiniz varsa, herhangi bir kazan\u00e7 halinde size bildirece\u011fiz. Bizden talimatlar\u0131 i\u00e7eren bir e-posta alacaks\u0131n\u0131z. E-postalar\u0131m\u0131z\u0131n spam klas\u00f6r\u00fcne gelmedi\u011finden emin olun. [&hellip;]<\/p>\n","protected":false},"author":1,"featured_media":0,"parent":2949,"menu_order":7,"comment_status":"closed","ping_status":"closed","template":"la-primitiva-results.php","meta":{"_et_pb_use_builder":"","_et_pb_old_content":"","_et_gb_content_width":"","exclude_from_search":false,"footnotes":""},"class_list":["post-2955","page","type-page","status-publish","hentry"],"yoast_head":"<!-- This site is optimized with the Yoast SEO plugin v23.8 - https:\/\/yoast.com\/wordpress\/plugins\/seo\/ -->\n<title>\u0130spanyol La Primitiva&#039;n\u0131n kazanan numaralar\u0131 ve sonu\u00e7lar\u0131<\/title>\n<meta name=\"description\" content=\"La Primitiva biletiniz kazand\u0131ysa, buradan kontrol edebilirsiniz!\" \/>\n<meta name=\"robots\" content=\"index, follow, max-snippet:-1, max-image-preview:large, max-video-preview:-1\" \/>\n<link rel=\"canonical\" href=\"https:\/\/redfoxlotto.com\/tr\/sonuclar\/la-primitiva\/\" \/>\n<meta property=\"og:locale\" content=\"tr_TR\" \/>\n<meta property=\"og:type\" content=\"article\" \/>\n<meta property=\"og:title\" content=\"\u0130spanyol La Primitiva&#039;n\u0131n kazanan numaralar\u0131 ve sonu\u00e7lar\u0131\" \/>\n<meta property=\"og:description\" content=\"La Primitiva biletiniz kazand\u0131ysa, buradan kontrol edebilirsiniz!\" \/>\n<meta property=\"og:url\" content=\"https:\/\/redfoxlotto.com\/tr\/sonuclar\/la-primitiva\/\" \/>\n<meta property=\"og:site_name\" content=\"Get Tickets for the World\u2019s largest jackpots\" \/>\n<meta property=\"article:modified_time\" content=\"2019-09-12T18:15:07+00:00\" \/>\n<meta property=\"og:image\" content=\"https:\/\/content.redfoxlotto.com\/uploads\/sites\/9\/1_results_lottery_online5.jpg\" \/>\n<meta name=\"twitter:card\" content=\"summary_large_image\" \/>\n<meta name=\"twitter:label1\" content=\"Tahmini okuma s\u00fcresi\" \/>\n\t<meta name=\"twitter:data1\" content=\"1 dakika\" \/>\n<script type=\"application\/ld+json\" class=\"yoast-schema-graph\">{\"@context\":\"https:\/\/schema.org\",\"@graph\":[{\"@type\":\"WebPage\",\"@id\":\"https:\/\/redfoxlotto.com\/tr\/sonuclar\/la-primitiva\/\",\"url\":\"https:\/\/redfoxlotto.com\/tr\/sonuclar\/la-primitiva\/\",\"name\":\"\u0130spanyol La Primitiva'n\u0131n kazanan numaralar\u0131 ve sonu\u00e7lar\u0131\",\"isPartOf\":{\"@id\":\"https:\/\/redfoxlotto.com\/tr\/#website\"},\"primaryImageOfPage\":{\"@id\":\"https:\/\/redfoxlotto.com\/tr\/sonuclar\/la-primitiva\/#primaryimage\"},\"image\":{\"@id\":\"https:\/\/redfoxlotto.com\/tr\/sonuclar\/la-primitiva\/#primaryimage\"},\"thumbnailUrl\":\"https:\/\/content.redfoxlotto.com\/uploads\/sites\/9\/1_results_lottery_online5.jpg\",\"datePublished\":\"2019-11-20T11:24:49+00:00\",\"dateModified\":\"2019-09-12T18:15:07+00:00\",\"description\":\"La Primitiva biletiniz kazand\u0131ysa, buradan kontrol edebilirsiniz!\",\"breadcrumb\":{\"@id\":\"https:\/\/redfoxlotto.com\/tr\/sonuclar\/la-primitiva\/#breadcrumb\"},\"inLanguage\":\"tr\",\"potentialAction\":[{\"@type\":\"ReadAction\",\"target\":[\"https:\/\/redfoxlotto.com\/tr\/sonuclar\/la-primitiva\/\"]}]},{\"@type\":\"ImageObject\",\"inLanguage\":\"tr\",\"@id\":\"https:\/\/redfoxlotto.com\/tr\/sonuclar\/la-primitiva\/#primaryimage\",\"url\":\"https:\/\/content.redfoxlotto.com\/uploads\/sites\/9\/1_results_lottery_online5.jpg\",\"contentUrl\":\"https:\/\/content.redfoxlotto.com\/uploads\/sites\/9\/1_results_lottery_online5.jpg\"},{\"@type\":\"BreadcrumbList\",\"@id\":\"https:\/\/redfoxlotto.com\/tr\/sonuclar\/la-primitiva\/#breadcrumb\",\"itemListElement\":[{\"@type\":\"ListItem\",\"position\":1,\"name\":\"Home\",\"item\":\"https:\/\/redfoxlotto.com\/tr\/\"},{\"@type\":\"ListItem\",\"position\":2,\"name\":\"Uluslararas\u0131 loto sonu\u00e7lar\u0131\",\"item\":\"https:\/\/redfoxlotto.com\/tr\/sonuclar\/\"},{\"@type\":\"ListItem\",\"position\":3,\"name\":\"La Primitiva kazanan numaralar\"}]},{\"@type\":\"WebSite\",\"@id\":\"https:\/\/redfoxlotto.com\/tr\/#website\",\"url\":\"https:\/\/redfoxlotto.com\/tr\/\",\"name\":\"Get Tickets for the World\u2019s largest jackpots\",\"description\":\"Participate in worldwide lottery jackpots from any country\",\"publisher\":{\"@id\":\"https:\/\/redfoxlotto.com\/tr\/#organization\"},\"potentialAction\":[{\"@type\":\"SearchAction\",\"target\":{\"@type\":\"EntryPoint\",\"urlTemplate\":\"https:\/\/redfoxlotto.com\/tr\/?s={search_term_string}\"},\"query-input\":{\"@type\":\"PropertyValueSpecification\",\"valueRequired\":true,\"valueName\":\"search_term_string\"}}],\"inLanguage\":\"tr\"},{\"@type\":\"Organization\",\"@id\":\"https:\/\/redfoxlotto.com\/tr\/#organization\",\"name\":\"Get Tickets for the World\u2019s largest jackpots\",\"url\":\"https:\/\/redfoxlotto.com\/tr\/\",\"logo\":{\"@type\":\"ImageObject\",\"inLanguage\":\"tr\",\"@id\":\"https:\/\/redfoxlotto.com\/tr\/#\/schema\/logo\/image\/\",\"url\":\"https:\/\/redfoxlotto.com\/wp-content\/uploads\/2023\/04\/logo.png\",\"contentUrl\":\"https:\/\/redfoxlotto.com\/wp-content\/uploads\/2023\/04\/logo.png\",\"width\":269,\"height\":53,\"caption\":\"Get Tickets for the World\u2019s largest jackpots\"},\"image\":{\"@id\":\"https:\/\/redfoxlotto.com\/tr\/#\/schema\/logo\/image\/\"}}]}<\/script>\n<!-- \/ Yoast SEO plugin. -->","yoast_head_json":{"title":"\u0130spanyol La Primitiva'n\u0131n kazanan numaralar\u0131 ve sonu\u00e7lar\u0131","description":"La Primitiva biletiniz kazand\u0131ysa, buradan kontrol edebilirsiniz!","robots":{"index":"index","follow":"follow","max-snippet":"max-snippet:-1","max-image-preview":"max-image-preview:large","max-video-preview":"max-video-preview:-1"},"canonical":"https:\/\/redfoxlotto.com\/tr\/sonuclar\/la-primitiva\/","og_locale":"tr_TR","og_type":"article","og_title":"\u0130spanyol La Primitiva'n\u0131n kazanan numaralar\u0131 ve sonu\u00e7lar\u0131","og_description":"La Primitiva biletiniz kazand\u0131ysa, buradan kontrol edebilirsiniz!","og_url":"https:\/\/redfoxlotto.com\/tr\/sonuclar\/la-primitiva\/","og_site_name":"Get Tickets for the World\u2019s largest jackpots","article_modified_time":"2019-09-12T18:15:07+00:00","og_image":[{"url":"https:\/\/content.redfoxlotto.com\/uploads\/sites\/9\/1_results_lottery_online5.jpg"}],"twitter_card":"summary_large_image","twitter_misc":{"Tahmini okuma s\u00fcresi":"1 dakika"},"schema":{"@context":"https:\/\/schema.org","@graph":[{"@type":"WebPage","@id":"https:\/\/redfoxlotto.com\/tr\/sonuclar\/la-primitiva\/","url":"https:\/\/redfoxlotto.com\/tr\/sonuclar\/la-primitiva\/","name":"\u0130spanyol La Primitiva'n\u0131n kazanan numaralar\u0131 ve sonu\u00e7lar\u0131","isPartOf":{"@id":"https:\/\/redfoxlotto.com\/tr\/#website"},"primaryImageOfPage":{"@id":"https:\/\/redfoxlotto.com\/tr\/sonuclar\/la-primitiva\/#primaryimage"},"image":{"@id":"https:\/\/redfoxlotto.com\/tr\/sonuclar\/la-primitiva\/#primaryimage"},"thumbnailUrl":"https:\/\/content.redfoxlotto.com\/uploads\/sites\/9\/1_results_lottery_online5.jpg","datePublished":"2019-11-20T11:24:49+00:00","dateModified":"2019-09-12T18:15:07+00:00","description":"La Primitiva biletiniz kazand\u0131ysa, buradan kontrol edebilirsiniz!","breadcrumb":{"@id":"https:\/\/redfoxlotto.com\/tr\/sonuclar\/la-primitiva\/#breadcrumb"},"inLanguage":"tr","potentialAction":[{"@type":"ReadAction","target":["https:\/\/redfoxlotto.com\/tr\/sonuclar\/la-primitiva\/"]}]},{"@type":"ImageObject","inLanguage":"tr","@id":"https:\/\/redfoxlotto.com\/tr\/sonuclar\/la-primitiva\/#primaryimage","url":"https:\/\/content.redfoxlotto.com\/uploads\/sites\/9\/1_results_lottery_online5.jpg","contentUrl":"https:\/\/content.redfoxlotto.com\/uploads\/sites\/9\/1_results_lottery_online5.jpg"},{"@type":"BreadcrumbList","@id":"https:\/\/redfoxlotto.com\/tr\/sonuclar\/la-primitiva\/#breadcrumb","itemListElement":[{"@type":"ListItem","position":1,"name":"Home","item":"https:\/\/redfoxlotto.com\/tr\/"},{"@type":"ListItem","position":2,"name":"Uluslararas\u0131 loto sonu\u00e7lar\u0131","item":"https:\/\/redfoxlotto.com\/tr\/sonuclar\/"},{"@type":"ListItem","position":3,"name":"La Primitiva kazanan numaralar"}]},{"@type":"WebSite","@id":"https:\/\/redfoxlotto.com\/tr\/#website","url":"https:\/\/redfoxlotto.com\/tr\/","name":"Get Tickets for the World\u2019s largest jackpots","description":"Participate in worldwide lottery jackpots from any country","publisher":{"@id":"https:\/\/redfoxlotto.com\/tr\/#organization"},"potentialAction":[{"@type":"SearchAction","target":{"@type":"EntryPoint","urlTemplate":"https:\/\/redfoxlotto.com\/tr\/?s={search_term_string}"},"query-input":{"@type":"PropertyValueSpecification","valueRequired":true,"valueName":"search_term_string"}}],"inLanguage":"tr"},{"@type":"Organization","@id":"https:\/\/redfoxlotto.com\/tr\/#organization","name":"Get Tickets for the World\u2019s largest jackpots","url":"https:\/\/redfoxlotto.com\/tr\/","logo":{"@type":"ImageObject","inLanguage":"tr","@id":"https:\/\/redfoxlotto.com\/tr\/#\/schema\/logo\/image\/","url":"https:\/\/redfoxlotto.com\/wp-content\/uploads\/2023\/04\/logo.png","contentUrl":"https:\/\/redfoxlotto.com\/wp-content\/uploads\/2023\/04\/logo.png","width":269,"height":53,"caption":"Get Tickets for the World\u2019s largest jackpots"},"image":{"@id":"https:\/\/redfoxlotto.com\/tr\/#\/schema\/logo\/image\/"}}]}},"_links":{"self":[{"href":"https:\/\/redfoxlotto.com\/tr\/wp-json\/wp\/v2\/pages\/2955","targetHints":{"allow":["GET"]}}],"collection":[{"href":"https:\/\/redfoxlotto.com\/tr\/wp-json\/wp\/v2\/pages"}],"about":[{"href":"https:\/\/redfoxlotto.com\/tr\/wp-json\/wp\/v2\/types\/page"}],"author":[{"embeddable":true,"href":"https:\/\/redfoxlotto.com\/tr\/wp-json\/wp\/v2\/users\/1"}],"replies":[{"embeddable":true,"href":"https:\/\/redfoxlotto.com\/tr\/wp-json\/wp\/v2\/comments?post=2955"}],"version-history":[{"count":0,"href":"https:\/\/redfoxlotto.com\/tr\/wp-json\/wp\/v2\/pages\/2955\/revisions"}],"up":[{"embeddable":true,"href":"https:\/\/redfoxlotto.com\/tr\/wp-json\/wp\/v2\/pages\/2949"}],"wp:attachment":[{"href":"https:\/\/redfoxlotto.com\/tr\/wp-json\/wp\/v2\/media?parent=2955"}],"curies":[{"name":"wp","href":"https:\/\/api.w.org\/{rel}","templated":true}]}}