{"id":2954,"date":"2020-04-16T13:14:59","date_gmt":"2020-04-16T13:14:59","guid":{"rendered":"https:\/\/redfoxlotto.com\/?page_id=5389"},"modified":"2019-09-12T18:15:07","modified_gmt":"2019-09-12T18:15:07","slug":"lotto-fr","status":"publish","type":"page","link":"https:\/\/redfoxlotto.com\/tr\/sonuclar\/lotto-fr\/","title":{"rendered":"French Lotto Loto Sonu\u00e7lar\u0131 ve Kazanan Say\u0131lar"},"content":{"rendered":"<p>\u00c7evrimi\u00e7i piyango oynamaya ba\u015flad\u0131n\u0131z m\u0131 ve \u015fimdi kazanan numaralar\u0131 olabildi\u011fince kolay bir \u015fekilde elde edebilece\u011finizden emin olmak m\u0131 istiyorsunuz? Frans\u0131z piyango sonu\u00e7lar\u0131na ve bunlar\u0131n sizin i\u00e7in ne anlama gelebilece\u011fine bir g\u00f6z ataca\u011f\u0131z. Sonu\u00e7ta, bu loto oyunlar\u0131n\u0131 oynuyorsan\u0131z, sonu\u00e7lar\u0131 \u00e7\u0131kar \u00e7\u0131kmaz bildi\u011finizden emin olmak istersiniz, de\u011fil mi? Bunu yapmak sizin i\u00e7in her zamankinden daha kolay.<\/p><p>Frans\u0131z piyango sonu\u00e7lar\u0131n\u0131 bulmak istiyorsan\u0131z en \u00f6nemli \u015fey do\u011fru yerlere bakmakt\u0131r. Sonu\u00e7lar her pazartesi, \u00e7ar\u015famba ve cumartesi \u00e7ekilir, bu da kazanmak i\u00e7in bir\u00e7ok f\u0131rsat\u0131n\u0131z olaca\u011f\u0131 anlam\u0131na gelir ve ikramiye her g\u00fcn artmaya devam eder, yani bug\u00fcn kazanmazsan\u0131z, kazanabilirsiniz. birka\u00e7 g\u00fcn i\u00e7inde b\u00fcy\u00fck bir kazanan!<\/p>","protected":false},"excerpt":{"rendered":"<p>\u00c7evrimi\u00e7i piyango oynamaya ba\u015flad\u0131n\u0131z m\u0131 ve \u015fimdi kazanan numaralar\u0131 olabildi\u011fince kolay bir \u015fekilde elde edebilece\u011finizden emin olmak m\u0131 istiyorsunuz? Frans\u0131z piyango sonu\u00e7lar\u0131na ve bunlar\u0131n sizin i\u00e7in ne anlama gelebilece\u011fine bir g\u00f6z ataca\u011f\u0131z. Sonu\u00e7ta, bu loto oyunlar\u0131n\u0131 oynuyorsan\u0131z, sonu\u00e7lar\u0131 \u00e7\u0131kar \u00e7\u0131kmaz bildi\u011finizden emin olmak istersiniz, de\u011fil mi? Bunu yapmak sizin i\u00e7in her zamankinden daha kolay. Frans\u0131z [&hellip;]<\/p>\n","protected":false},"author":1,"featured_media":0,"parent":2949,"menu_order":32,"comment_status":"closed","ping_status":"closed","template":"lotto-fr-results.php","meta":{"_et_pb_use_builder":"","_et_pb_old_content":"","_et_gb_content_width":"","exclude_from_search":false,"footnotes":""},"class_list":["post-2954","page","type-page","status-publish","hentry"],"yoast_head":"<!-- This site is optimized with the Yoast SEO plugin v23.8 - https:\/\/yoast.com\/wordpress\/plugins\/seo\/ -->\n<title>Frans\u0131z Piyango Sonu\u00e7lar\u0131n\u0131z\u0131 Bulmak<\/title>\n<meta name=\"description\" content=\"Frans\u0131z piyango sonu\u00e7lar\u0131n\u0131 bulmak basit ve kolayd\u0131r \u00e7\u00fcnk\u00fc tek yapman\u0131z gereken buradan kontrol etmek\" \/>\n<meta name=\"robots\" content=\"index, follow, max-snippet:-1, max-image-preview:large, max-video-preview:-1\" \/>\n<link rel=\"canonical\" href=\"https:\/\/redfoxlotto.com\/tr\/sonuclar\/lotto-fr\/\" \/>\n<meta property=\"og:locale\" content=\"tr_TR\" \/>\n<meta property=\"og:type\" content=\"article\" \/>\n<meta property=\"og:title\" content=\"Frans\u0131z Piyango Sonu\u00e7lar\u0131n\u0131z\u0131 Bulmak\" \/>\n<meta property=\"og:description\" content=\"Frans\u0131z piyango sonu\u00e7lar\u0131n\u0131 bulmak basit ve kolayd\u0131r \u00e7\u00fcnk\u00fc tek yapman\u0131z gereken buradan kontrol etmek\" \/>\n<meta property=\"og:url\" content=\"https:\/\/redfoxlotto.com\/tr\/sonuclar\/lotto-fr\/\" \/>\n<meta property=\"og:site_name\" content=\"Get Tickets for the World\u2019s largest jackpots\" \/>\n<meta property=\"article:modified_time\" content=\"2019-09-12T18:15:07+00:00\" \/>\n<meta name=\"twitter:card\" content=\"summary_large_image\" \/>\n<meta name=\"twitter:label1\" content=\"Tahmini okuma s\u00fcresi\" \/>\n\t<meta name=\"twitter:data1\" content=\"1 dakika\" \/>\n<script type=\"application\/ld+json\" class=\"yoast-schema-graph\">{\"@context\":\"https:\/\/schema.org\",\"@graph\":[{\"@type\":\"WebPage\",\"@id\":\"https:\/\/redfoxlotto.com\/tr\/sonuclar\/lotto-fr\/\",\"url\":\"https:\/\/redfoxlotto.com\/tr\/sonuclar\/lotto-fr\/\",\"name\":\"Frans\u0131z Piyango Sonu\u00e7lar\u0131n\u0131z\u0131 Bulmak\",\"isPartOf\":{\"@id\":\"https:\/\/redfoxlotto.com\/tr\/#website\"},\"datePublished\":\"2020-04-16T13:14:59+00:00\",\"dateModified\":\"2019-09-12T18:15:07+00:00\",\"description\":\"Frans\u0131z piyango sonu\u00e7lar\u0131n\u0131 bulmak basit ve kolayd\u0131r \u00e7\u00fcnk\u00fc tek yapman\u0131z gereken buradan kontrol etmek\",\"breadcrumb\":{\"@id\":\"https:\/\/redfoxlotto.com\/tr\/sonuclar\/lotto-fr\/#breadcrumb\"},\"inLanguage\":\"tr\",\"potentialAction\":[{\"@type\":\"ReadAction\",\"target\":[\"https:\/\/redfoxlotto.com\/tr\/sonuclar\/lotto-fr\/\"]}]},{\"@type\":\"BreadcrumbList\",\"@id\":\"https:\/\/redfoxlotto.com\/tr\/sonuclar\/lotto-fr\/#breadcrumb\",\"itemListElement\":[{\"@type\":\"ListItem\",\"position\":1,\"name\":\"Home\",\"item\":\"https:\/\/redfoxlotto.com\/tr\/\"},{\"@type\":\"ListItem\",\"position\":2,\"name\":\"Uluslararas\u0131 loto sonu\u00e7lar\u0131\",\"item\":\"https:\/\/redfoxlotto.com\/tr\/sonuclar\/\"},{\"@type\":\"ListItem\",\"position\":3,\"name\":\"French Lotto Loto Sonu\u00e7lar\u0131 ve Kazanan Say\u0131lar\"}]},{\"@type\":\"WebSite\",\"@id\":\"https:\/\/redfoxlotto.com\/tr\/#website\",\"url\":\"https:\/\/redfoxlotto.com\/tr\/\",\"name\":\"Get Tickets for the World\u2019s largest jackpots\",\"description\":\"Participate in worldwide lottery jackpots from any country\",\"publisher\":{\"@id\":\"https:\/\/redfoxlotto.com\/tr\/#organization\"},\"potentialAction\":[{\"@type\":\"SearchAction\",\"target\":{\"@type\":\"EntryPoint\",\"urlTemplate\":\"https:\/\/redfoxlotto.com\/tr\/?s={search_term_string}\"},\"query-input\":{\"@type\":\"PropertyValueSpecification\",\"valueRequired\":true,\"valueName\":\"search_term_string\"}}],\"inLanguage\":\"tr\"},{\"@type\":\"Organization\",\"@id\":\"https:\/\/redfoxlotto.com\/tr\/#organization\",\"name\":\"Get Tickets for the World\u2019s largest jackpots\",\"url\":\"https:\/\/redfoxlotto.com\/tr\/\",\"logo\":{\"@type\":\"ImageObject\",\"inLanguage\":\"tr\",\"@id\":\"https:\/\/redfoxlotto.com\/tr\/#\/schema\/logo\/image\/\",\"url\":\"https:\/\/redfoxlotto.com\/wp-content\/uploads\/2023\/04\/logo.png\",\"contentUrl\":\"https:\/\/redfoxlotto.com\/wp-content\/uploads\/2023\/04\/logo.png\",\"width\":269,\"height\":53,\"caption\":\"Get Tickets for the World\u2019s largest jackpots\"},\"image\":{\"@id\":\"https:\/\/redfoxlotto.com\/tr\/#\/schema\/logo\/image\/\"}}]}<\/script>\n<!-- \/ Yoast SEO plugin. -->","yoast_head_json":{"title":"Frans\u0131z Piyango Sonu\u00e7lar\u0131n\u0131z\u0131 Bulmak","description":"Frans\u0131z piyango sonu\u00e7lar\u0131n\u0131 bulmak basit ve kolayd\u0131r \u00e7\u00fcnk\u00fc tek yapman\u0131z gereken buradan kontrol etmek","robots":{"index":"index","follow":"follow","max-snippet":"max-snippet:-1","max-image-preview":"max-image-preview:large","max-video-preview":"max-video-preview:-1"},"canonical":"https:\/\/redfoxlotto.com\/tr\/sonuclar\/lotto-fr\/","og_locale":"tr_TR","og_type":"article","og_title":"Frans\u0131z Piyango Sonu\u00e7lar\u0131n\u0131z\u0131 Bulmak","og_description":"Frans\u0131z piyango sonu\u00e7lar\u0131n\u0131 bulmak basit ve kolayd\u0131r \u00e7\u00fcnk\u00fc tek yapman\u0131z gereken buradan kontrol etmek","og_url":"https:\/\/redfoxlotto.com\/tr\/sonuclar\/lotto-fr\/","og_site_name":"Get Tickets for the World\u2019s largest jackpots","article_modified_time":"2019-09-12T18:15:07+00:00","twitter_card":"summary_large_image","twitter_misc":{"Tahmini okuma s\u00fcresi":"1 dakika"},"schema":{"@context":"https:\/\/schema.org","@graph":[{"@type":"WebPage","@id":"https:\/\/redfoxlotto.com\/tr\/sonuclar\/lotto-fr\/","url":"https:\/\/redfoxlotto.com\/tr\/sonuclar\/lotto-fr\/","name":"Frans\u0131z Piyango Sonu\u00e7lar\u0131n\u0131z\u0131 Bulmak","isPartOf":{"@id":"https:\/\/redfoxlotto.com\/tr\/#website"},"datePublished":"2020-04-16T13:14:59+00:00","dateModified":"2019-09-12T18:15:07+00:00","description":"Frans\u0131z piyango sonu\u00e7lar\u0131n\u0131 bulmak basit ve kolayd\u0131r \u00e7\u00fcnk\u00fc tek yapman\u0131z gereken buradan kontrol etmek","breadcrumb":{"@id":"https:\/\/redfoxlotto.com\/tr\/sonuclar\/lotto-fr\/#breadcrumb"},"inLanguage":"tr","potentialAction":[{"@type":"ReadAction","target":["https:\/\/redfoxlotto.com\/tr\/sonuclar\/lotto-fr\/"]}]},{"@type":"BreadcrumbList","@id":"https:\/\/redfoxlotto.com\/tr\/sonuclar\/lotto-fr\/#breadcrumb","itemListElement":[{"@type":"ListItem","position":1,"name":"Home","item":"https:\/\/redfoxlotto.com\/tr\/"},{"@type":"ListItem","position":2,"name":"Uluslararas\u0131 loto sonu\u00e7lar\u0131","item":"https:\/\/redfoxlotto.com\/tr\/sonuclar\/"},{"@type":"ListItem","position":3,"name":"French Lotto Loto Sonu\u00e7lar\u0131 ve Kazanan Say\u0131lar"}]},{"@type":"WebSite","@id":"https:\/\/redfoxlotto.com\/tr\/#website","url":"https:\/\/redfoxlotto.com\/tr\/","name":"Get Tickets for the World\u2019s largest jackpots","description":"Participate in worldwide lottery jackpots from any country","publisher":{"@id":"https:\/\/redfoxlotto.com\/tr\/#organization"},"potentialAction":[{"@type":"SearchAction","target":{"@type":"EntryPoint","urlTemplate":"https:\/\/redfoxlotto.com\/tr\/?s={search_term_string}"},"query-input":{"@type":"PropertyValueSpecification","valueRequired":true,"valueName":"search_term_string"}}],"inLanguage":"tr"},{"@type":"Organization","@id":"https:\/\/redfoxlotto.com\/tr\/#organization","name":"Get Tickets for the World\u2019s largest jackpots","url":"https:\/\/redfoxlotto.com\/tr\/","logo":{"@type":"ImageObject","inLanguage":"tr","@id":"https:\/\/redfoxlotto.com\/tr\/#\/schema\/logo\/image\/","url":"https:\/\/redfoxlotto.com\/wp-content\/uploads\/2023\/04\/logo.png","contentUrl":"https:\/\/redfoxlotto.com\/wp-content\/uploads\/2023\/04\/logo.png","width":269,"height":53,"caption":"Get Tickets for the World\u2019s largest jackpots"},"image":{"@id":"https:\/\/redfoxlotto.com\/tr\/#\/schema\/logo\/image\/"}}]}},"_links":{"self":[{"href":"https:\/\/redfoxlotto.com\/tr\/wp-json\/wp\/v2\/pages\/2954","targetHints":{"allow":["GET"]}}],"collection":[{"href":"https:\/\/redfoxlotto.com\/tr\/wp-json\/wp\/v2\/pages"}],"about":[{"href":"https:\/\/redfoxlotto.com\/tr\/wp-json\/wp\/v2\/types\/page"}],"author":[{"embeddable":true,"href":"https:\/\/redfoxlotto.com\/tr\/wp-json\/wp\/v2\/users\/1"}],"replies":[{"embeddable":true,"href":"https:\/\/redfoxlotto.com\/tr\/wp-json\/wp\/v2\/comments?post=2954"}],"version-history":[{"count":0,"href":"https:\/\/redfoxlotto.com\/tr\/wp-json\/wp\/v2\/pages\/2954\/revisions"}],"up":[{"embeddable":true,"href":"https:\/\/redfoxlotto.com\/tr\/wp-json\/wp\/v2\/pages\/2949"}],"wp:attachment":[{"href":"https:\/\/redfoxlotto.com\/tr\/wp-json\/wp\/v2\/media?parent=2954"}],"curies":[{"name":"wp","href":"https:\/\/api.w.org\/{rel}","templated":true}]}}