{"id":2953,"date":"2018-11-18T08:54:25","date_gmt":"2018-11-18T08:54:25","guid":{"rendered":"https:\/\/redfoxlotto.com\/?page_id=5386"},"modified":"2025-12-17T15:26:58","modified_gmt":"2025-12-17T15:26:58","slug":"euromillions","status":"publish","type":"page","link":"https:\/\/redfoxlotto.com\/tr\/sonuclar\/euromillions\/","title":{"rendered":"EuroMillions Sonu\u00e7lar\u0131"},"content":{"rendered":"<script type=\"application\/ld+json\">\r\n{\r\n  \"@context\": \"https:\/\/schema.org\",\r\n  \"@type\": \"Service\",\r\n  \"name\": \"Euromillions sonu\u00e7lar\u0131n\u0131 \u00e7evrim i\u00e7i kontrol edin\",\r\n  \"url\": \"https:\/\/redfoxlotto.com\/tr\/sonuclar\/euromillions\/\",\r\n  \"description\": \"En g\u00fcncel ve ar\u015fivlenmi\u015f Euromillions sonu\u00e7lar\u0131 i\u00e7in RedFoxLotto\u2019yu ziyaret edin.\",\r\n  \"serviceType\": \"K\u00fcresel piyango sonu\u00e7lar\u0131 ar\u015fivi\",\r\n  \"provider\": {\r\n    \"@type\": \"Organization\",\r\n    \"name\": \"RedFoxLotto\",\r\n    \"url\": \"https:\/\/redfoxlotto.com\",\r\n    \"image\": \"https:\/\/redfoxlotto.com\/wp-content\/uploads\/2025\/12\/ticket_scans.jpg\",\r\n    \"sameAs\": []\r\n  },\r\n  \"areaServed\": \"Worldwide\",\r\n  \"termsOfService\": \"https:\/\/redfoxlotto.com\/terms-and-conditions\",\r\n  \"additionalProperty\": {\r\n    \"@type\": \"PropertyValue\",\r\n    \"name\": \"FAQ\",\r\n    \"value\": \"https:\/\/redfoxlotto.com\/tr\/sonuclar\/euromillions\/\"\r\n  },\r\n  \"hasOfferCatalog\": {\r\n    \"@type\": \"OfferCatalog\",\r\n    \"name\": \"Euromillions sonu\u00e7lar\u0131\",\r\n    \"itemListElement\": [{\r\n      \"@type\": \"Offer\",\r\n      \"name\": \"Euromillions sonu\u00e7lar\u0131\",\r\n      \"url\": \"https:\/\/redfoxlotto.com\/tr\/sonuclar\/euromillions\/\",\r\n      \"description\": \"G\u00fcncel ve \u00f6nceki Euromillions sonu\u00e7lar\u0131.\",\r\n      \"itemOffered\": {\r\n        \"@type\": \"Service\",\r\n        \"name\": \"Euromillions sonu\u00e7lar\u0131\",\r\n        \"description\": \"\u00c7ekilen Euromillions numaralar\u0131.\"\r\n      }\r\n    }]\r\n  },\r\n  \"mainEntityOfPage\": {\r\n    \"@type\": \"WebPage\",\r\n    \"@id\": \"https:\/\/redfoxlotto.com\/tr\/sonuclar\/euromillions\/\"\r\n  }\r\n}\r\n<\/script><p><strong>Bu sayfada, EuroMillions \u00e7ekili\u015f sonu\u00e7lar\u0131n\u0131 listeliyoruz<\/strong>. Biletiniz kazand\u0131 m\u0131? Tebrikler! Ar\u015fivimizden faydalanarak, hangi numaralar\u0131n uzun s\u00fcre kazanamad\u0131\u011f\u0131 bilgisine ula\u015fabilirsiniz.<\/p><p><!--more--><\/p><h2 class=\"wp-block-heading\">EuroMillions ve Birle\u015fik Krall\u0131k Milyoner Yap\u0131c\u0131<\/h2>\r\n<p>EuroMillions biletleri Birle\u015fik Krall\u0131k&#8217;ta sat\u0131n al\u0131nd\u0131\u011f\u0131 i\u00e7in oyuncular biraz daha fazla \u00f6demektedir. Bunun nedeni, Birle\u015fik Krall\u0131k biletlerinin 1 milyon \u00a3 \u00f6d\u00fcl kazanmak i\u00e7in ekstra bir f\u0131rsat sa\u011flayan Milyoner Yap\u0131c\u0131 \u00e7ekili\u015fine otomatik bir giri\u015fle birlikte gelmesidir.<\/p>\r\n<p>Milyoner Yap\u0131c\u0131, sat\u0131n al\u0131nan her bilet i\u00e7in benzersiz bir kod \u00fcreterek \u00e7al\u0131\u015f\u0131r. Bu kod d\u00f6rt harf ve ard\u0131ndan gelen be\u015f rakamdan olu\u015fur (\u00f6rne\u011fin, ABCD12345). Her \u00e7ekili\u015fte, bu kodlardan bir veya daha fazlas\u0131 rastgele se\u00e7ilir ve e\u015fle\u015fen koda sahip bilet sahibi, \u00e7ekilen ana EuroMillions say\u0131lar\u0131ndan ba\u011f\u0131ms\u0131z olarak an\u0131nda 1 milyon \u00a3 kazan\u0131r.<\/p>\r\n<p>Bu \u00f6zellik, Birle\u015fik Krall\u0131k&#8217;ta EuroMillions oynamay\u0131 \u00f6zellikle cazip hale getirmektedir, \u00e7\u00fcnk\u00fc standart ikramiyenin ve alt kademe \u00f6d\u00fcllerin \u00f6tesinde \u00f6nemli bir \u00f6d\u00fcl kazanmak i\u00e7in ekstra bir f\u0131rsat sunmaktad\u0131r.<\/p>\r\n<h2>EuroMillions B\u00fcy\u00fck \u0130kramiyesi<\/h2><p><img decoding=\"async\" class=\"size-full wp-image alignright\" src=\"https:\/\/content.redfoxlotto.com\/uploads\/sites\/9\/1_results_mega_millions.jpg\" alt=\"piyango sonu\u00e7lar\u0131\" \/><\/p><p><a href=\"https:\/\/redfoxlotto.com\/tr\/loto\/euromillions\/\">EuroMillions <\/a>b\u00fcy\u00fck ikramiyesi 17.000.000 \u20ac&#8217;dan ba\u015flamaktad\u0131r. Fakat b\u00fcy\u00fck ikramiye \u00e7oktan 190 milyon \u20ac miktar\u0131na geldi. Avrupa&#8217;daki t\u00fcm piyango severlerin neden bu piyangoyu sevdi\u011finin i\u015faretidir.<\/p><h2 class=\"wp-block-heading\">EuroMillions \u00f6d\u00fclleri ve EuroMillions kazananlar\u0131<\/h2><p><img decoding=\"async\" class=\"size-full wp-image alignright\" src=\"https:\/\/content.redfoxlotto.com\/uploads\/sites\/9\/1_lottery_winner_is2.jpg\" alt=\"Mega Millions jackpot\" \/><\/p><p><strong>EuroMillions piyangosunda 13 \u00f6d\u00fcl kategorisi bulunmaktad\u0131r.<\/strong> Sadece 2 numara \u00f6d\u00fcl kazanmak i\u00e7in yeterlidir. Tablomuz her bir fiyat grubundaki kazan\u00e7lar\u0131 g\u00f6stermektedir.<\/p>","protected":false},"excerpt":{"rendered":"<p>Bu sayfada, EuroMillions \u00e7ekili\u015f sonu\u00e7lar\u0131n\u0131 listeliyoruz. Biletiniz kazand\u0131 m\u0131? Tebrikler! Ar\u015fivimizden faydalanarak, hangi numaralar\u0131n uzun s\u00fcre kazanamad\u0131\u011f\u0131 bilgisine ula\u015fabilirsiniz.<\/p>\n","protected":false},"author":1,"featured_media":0,"parent":2949,"menu_order":3,"comment_status":"closed","ping_status":"closed","template":"euromillions-results.php","meta":{"_et_pb_use_builder":"","_et_pb_old_content":"","_et_gb_content_width":"","exclude_from_search":false,"footnotes":""},"class_list":["post-2953","page","type-page","status-publish","hentry"],"yoast_head":"<!-- This site is optimized with the Yoast SEO plugin v23.8 - https:\/\/yoast.com\/wordpress\/plugins\/seo\/ -->\n<title>EuroMillions Lottery Sonu\u00e7lar\u0131<\/title>\n<meta name=\"description\" content=\"En son ve ge\u00e7mi\u015f Euromillions \u00e7ekili\u015flerinin hepsi tek bir sayfada\" \/>\n<meta name=\"robots\" content=\"index, follow, max-snippet:-1, max-image-preview:large, max-video-preview:-1\" \/>\n<link rel=\"canonical\" href=\"https:\/\/redfoxlotto.com\/tr\/sonuclar\/euromillions\/\" \/>\n<meta property=\"og:locale\" content=\"tr_TR\" \/>\n<meta property=\"og:type\" content=\"article\" \/>\n<meta property=\"og:title\" content=\"EuroMillions Lottery Sonu\u00e7lar\u0131\" \/>\n<meta property=\"og:description\" content=\"En son ve ge\u00e7mi\u015f Euromillions \u00e7ekili\u015flerinin hepsi tek bir sayfada\" \/>\n<meta property=\"og:url\" content=\"https:\/\/redfoxlotto.com\/tr\/sonuclar\/euromillions\/\" \/>\n<meta property=\"og:site_name\" content=\"Get Tickets for the World\u2019s largest jackpots\" \/>\n<meta property=\"article:modified_time\" content=\"2025-12-17T15:26:58+00:00\" \/>\n<meta property=\"og:image\" content=\"https:\/\/content.redfoxlotto.com\/uploads\/sites\/9\/1_results_mega_millions.jpg\" \/>\n<meta name=\"twitter:card\" content=\"summary_large_image\" \/>\n<meta name=\"twitter:label1\" content=\"Tahmini okuma s\u00fcresi\" \/>\n\t<meta name=\"twitter:data1\" content=\"2 dakika\" \/>\n<script type=\"application\/ld+json\" class=\"yoast-schema-graph\">{\"@context\":\"https:\/\/schema.org\",\"@graph\":[{\"@type\":\"WebPage\",\"@id\":\"https:\/\/redfoxlotto.com\/tr\/sonuclar\/euromillions\/\",\"url\":\"https:\/\/redfoxlotto.com\/tr\/sonuclar\/euromillions\/\",\"name\":\"EuroMillions Lottery Sonu\u00e7lar\u0131\",\"isPartOf\":{\"@id\":\"https:\/\/redfoxlotto.com\/tr\/#website\"},\"primaryImageOfPage\":{\"@id\":\"https:\/\/redfoxlotto.com\/tr\/sonuclar\/euromillions\/#primaryimage\"},\"image\":{\"@id\":\"https:\/\/redfoxlotto.com\/tr\/sonuclar\/euromillions\/#primaryimage\"},\"thumbnailUrl\":\"https:\/\/content.redfoxlotto.com\/uploads\/sites\/9\/1_results_mega_millions.jpg\",\"datePublished\":\"2018-11-18T08:54:25+00:00\",\"dateModified\":\"2025-12-17T15:26:58+00:00\",\"description\":\"En son ve ge\u00e7mi\u015f Euromillions \u00e7ekili\u015flerinin hepsi tek bir sayfada\",\"breadcrumb\":{\"@id\":\"https:\/\/redfoxlotto.com\/tr\/sonuclar\/euromillions\/#breadcrumb\"},\"inLanguage\":\"tr\",\"potentialAction\":[{\"@type\":\"ReadAction\",\"target\":[\"https:\/\/redfoxlotto.com\/tr\/sonuclar\/euromillions\/\"]}]},{\"@type\":\"ImageObject\",\"inLanguage\":\"tr\",\"@id\":\"https:\/\/redfoxlotto.com\/tr\/sonuclar\/euromillions\/#primaryimage\",\"url\":\"https:\/\/content.redfoxlotto.com\/uploads\/sites\/9\/1_results_mega_millions.jpg\",\"contentUrl\":\"https:\/\/content.redfoxlotto.com\/uploads\/sites\/9\/1_results_mega_millions.jpg\"},{\"@type\":\"BreadcrumbList\",\"@id\":\"https:\/\/redfoxlotto.com\/tr\/sonuclar\/euromillions\/#breadcrumb\",\"itemListElement\":[{\"@type\":\"ListItem\",\"position\":1,\"name\":\"Home\",\"item\":\"https:\/\/redfoxlotto.com\/tr\/\"},{\"@type\":\"ListItem\",\"position\":2,\"name\":\"Uluslararas\u0131 loto sonu\u00e7lar\u0131\",\"item\":\"https:\/\/redfoxlotto.com\/tr\/sonuclar\/\"},{\"@type\":\"ListItem\",\"position\":3,\"name\":\"EuroMillions Sonu\u00e7lar\u0131\"}]},{\"@type\":\"WebSite\",\"@id\":\"https:\/\/redfoxlotto.com\/tr\/#website\",\"url\":\"https:\/\/redfoxlotto.com\/tr\/\",\"name\":\"Get Tickets for the World\u2019s largest jackpots\",\"description\":\"Participate in worldwide lottery jackpots from any country\",\"publisher\":{\"@id\":\"https:\/\/redfoxlotto.com\/tr\/#organization\"},\"potentialAction\":[{\"@type\":\"SearchAction\",\"target\":{\"@type\":\"EntryPoint\",\"urlTemplate\":\"https:\/\/redfoxlotto.com\/tr\/?s={search_term_string}\"},\"query-input\":{\"@type\":\"PropertyValueSpecification\",\"valueRequired\":true,\"valueName\":\"search_term_string\"}}],\"inLanguage\":\"tr\"},{\"@type\":\"Organization\",\"@id\":\"https:\/\/redfoxlotto.com\/tr\/#organization\",\"name\":\"Get Tickets for the World\u2019s largest jackpots\",\"url\":\"https:\/\/redfoxlotto.com\/tr\/\",\"logo\":{\"@type\":\"ImageObject\",\"inLanguage\":\"tr\",\"@id\":\"https:\/\/redfoxlotto.com\/tr\/#\/schema\/logo\/image\/\",\"url\":\"https:\/\/redfoxlotto.com\/wp-content\/uploads\/2023\/04\/logo.png\",\"contentUrl\":\"https:\/\/redfoxlotto.com\/wp-content\/uploads\/2023\/04\/logo.png\",\"width\":269,\"height\":53,\"caption\":\"Get Tickets for the World\u2019s largest jackpots\"},\"image\":{\"@id\":\"https:\/\/redfoxlotto.com\/tr\/#\/schema\/logo\/image\/\"}}]}<\/script>\n<!-- \/ Yoast SEO plugin. -->","yoast_head_json":{"title":"EuroMillions Lottery Sonu\u00e7lar\u0131","description":"En son ve ge\u00e7mi\u015f Euromillions \u00e7ekili\u015flerinin hepsi tek bir sayfada","robots":{"index":"index","follow":"follow","max-snippet":"max-snippet:-1","max-image-preview":"max-image-preview:large","max-video-preview":"max-video-preview:-1"},"canonical":"https:\/\/redfoxlotto.com\/tr\/sonuclar\/euromillions\/","og_locale":"tr_TR","og_type":"article","og_title":"EuroMillions Lottery Sonu\u00e7lar\u0131","og_description":"En son ve ge\u00e7mi\u015f Euromillions \u00e7ekili\u015flerinin hepsi tek bir sayfada","og_url":"https:\/\/redfoxlotto.com\/tr\/sonuclar\/euromillions\/","og_site_name":"Get Tickets for the World\u2019s largest jackpots","article_modified_time":"2025-12-17T15:26:58+00:00","og_image":[{"url":"https:\/\/content.redfoxlotto.com\/uploads\/sites\/9\/1_results_mega_millions.jpg"}],"twitter_card":"summary_large_image","twitter_misc":{"Tahmini okuma s\u00fcresi":"2 dakika"},"schema":{"@context":"https:\/\/schema.org","@graph":[{"@type":"WebPage","@id":"https:\/\/redfoxlotto.com\/tr\/sonuclar\/euromillions\/","url":"https:\/\/redfoxlotto.com\/tr\/sonuclar\/euromillions\/","name":"EuroMillions Lottery Sonu\u00e7lar\u0131","isPartOf":{"@id":"https:\/\/redfoxlotto.com\/tr\/#website"},"primaryImageOfPage":{"@id":"https:\/\/redfoxlotto.com\/tr\/sonuclar\/euromillions\/#primaryimage"},"image":{"@id":"https:\/\/redfoxlotto.com\/tr\/sonuclar\/euromillions\/#primaryimage"},"thumbnailUrl":"https:\/\/content.redfoxlotto.com\/uploads\/sites\/9\/1_results_mega_millions.jpg","datePublished":"2018-11-18T08:54:25+00:00","dateModified":"2025-12-17T15:26:58+00:00","description":"En son ve ge\u00e7mi\u015f Euromillions \u00e7ekili\u015flerinin hepsi tek bir sayfada","breadcrumb":{"@id":"https:\/\/redfoxlotto.com\/tr\/sonuclar\/euromillions\/#breadcrumb"},"inLanguage":"tr","potentialAction":[{"@type":"ReadAction","target":["https:\/\/redfoxlotto.com\/tr\/sonuclar\/euromillions\/"]}]},{"@type":"ImageObject","inLanguage":"tr","@id":"https:\/\/redfoxlotto.com\/tr\/sonuclar\/euromillions\/#primaryimage","url":"https:\/\/content.redfoxlotto.com\/uploads\/sites\/9\/1_results_mega_millions.jpg","contentUrl":"https:\/\/content.redfoxlotto.com\/uploads\/sites\/9\/1_results_mega_millions.jpg"},{"@type":"BreadcrumbList","@id":"https:\/\/redfoxlotto.com\/tr\/sonuclar\/euromillions\/#breadcrumb","itemListElement":[{"@type":"ListItem","position":1,"name":"Home","item":"https:\/\/redfoxlotto.com\/tr\/"},{"@type":"ListItem","position":2,"name":"Uluslararas\u0131 loto sonu\u00e7lar\u0131","item":"https:\/\/redfoxlotto.com\/tr\/sonuclar\/"},{"@type":"ListItem","position":3,"name":"EuroMillions Sonu\u00e7lar\u0131"}]},{"@type":"WebSite","@id":"https:\/\/redfoxlotto.com\/tr\/#website","url":"https:\/\/redfoxlotto.com\/tr\/","name":"Get Tickets for the World\u2019s largest jackpots","description":"Participate in worldwide lottery jackpots from any country","publisher":{"@id":"https:\/\/redfoxlotto.com\/tr\/#organization"},"potentialAction":[{"@type":"SearchAction","target":{"@type":"EntryPoint","urlTemplate":"https:\/\/redfoxlotto.com\/tr\/?s={search_term_string}"},"query-input":{"@type":"PropertyValueSpecification","valueRequired":true,"valueName":"search_term_string"}}],"inLanguage":"tr"},{"@type":"Organization","@id":"https:\/\/redfoxlotto.com\/tr\/#organization","name":"Get Tickets for the World\u2019s largest jackpots","url":"https:\/\/redfoxlotto.com\/tr\/","logo":{"@type":"ImageObject","inLanguage":"tr","@id":"https:\/\/redfoxlotto.com\/tr\/#\/schema\/logo\/image\/","url":"https:\/\/redfoxlotto.com\/wp-content\/uploads\/2023\/04\/logo.png","contentUrl":"https:\/\/redfoxlotto.com\/wp-content\/uploads\/2023\/04\/logo.png","width":269,"height":53,"caption":"Get Tickets for the World\u2019s largest jackpots"},"image":{"@id":"https:\/\/redfoxlotto.com\/tr\/#\/schema\/logo\/image\/"}}]}},"_links":{"self":[{"href":"https:\/\/redfoxlotto.com\/tr\/wp-json\/wp\/v2\/pages\/2953","targetHints":{"allow":["GET"]}}],"collection":[{"href":"https:\/\/redfoxlotto.com\/tr\/wp-json\/wp\/v2\/pages"}],"about":[{"href":"https:\/\/redfoxlotto.com\/tr\/wp-json\/wp\/v2\/types\/page"}],"author":[{"embeddable":true,"href":"https:\/\/redfoxlotto.com\/tr\/wp-json\/wp\/v2\/users\/1"}],"replies":[{"embeddable":true,"href":"https:\/\/redfoxlotto.com\/tr\/wp-json\/wp\/v2\/comments?post=2953"}],"version-history":[{"count":0,"href":"https:\/\/redfoxlotto.com\/tr\/wp-json\/wp\/v2\/pages\/2953\/revisions"}],"up":[{"embeddable":true,"href":"https:\/\/redfoxlotto.com\/tr\/wp-json\/wp\/v2\/pages\/2949"}],"wp:attachment":[{"href":"https:\/\/redfoxlotto.com\/tr\/wp-json\/wp\/v2\/media?parent=2953"}],"curies":[{"name":"wp","href":"https:\/\/api.w.org\/{rel}","templated":true}]}}