{"id":2952,"date":"2018-11-18T08:54:25","date_gmt":"2018-11-18T08:54:25","guid":{"rendered":"https:\/\/redfoxlotto.com\/?page_id=5384"},"modified":"2025-12-17T13:45:03","modified_gmt":"2025-12-17T13:45:03","slug":"eurojackpot","status":"publish","type":"page","link":"https:\/\/redfoxlotto.com\/tr\/sonuclar\/eurojackpot\/","title":{"rendered":"Eurojackpot Sonu\u00e7lar\u0131"},"content":{"rendered":"<script type=\"application\/ld+json\">\r\n{\r\n  \"@context\": \"https:\/\/schema.org\",\r\n  \"@type\": \"Service\",\r\n  \"name\": \"Eurojackpot sonu\u00e7lar\u0131n\u0131 \u00e7evrimi\u00e7i kontrol edin\",\r\n  \"url\": \"https:\/\/redfoxlotto.com\/tr\/sonuclar\/eurojackpot\/\",\r\n  \"description\": \"En son Eurojackpot sonu\u00e7lar\u0131n\u0131 ve loto sonu\u00e7lar\u0131 ar\u015fivimizi g\u00f6rmek i\u00e7in RedFoxLotto'yu ziyaret edin.\",\r\n  \"serviceType\": \"D\u00fcnya \u00e7ap\u0131nda loto sonu\u00e7lar\u0131 ar\u015fivi\",\r\n  \"provider\": {\r\n    \"@type\": \"Organization\",\r\n    \"name\": \"RedFoxLotto\",\r\n    \"url\": \"https:\/\/redfoxlotto.com\/tr\/sonuclar\/eurojackpot\/\",\r\n    \"image\": \"https:\/\/redfoxlotto.com\/wp-content\/uploads\/2025\/12\/ticket_scans.jpg\",\r\n    \"sameAs\": []\r\n  },\r\n  \"areaServed\": \"Worldwide\",\r\n  \"termsOfService\": \"https:\/\/redfoxlotto.com\/terms-and-conditions\",\r\n  \"additionalProperty\": {\r\n    \"@type\": \"PropertyValue\",\r\n    \"name\": \"FAQ\",\r\n    \"value\": \"https:\/\/redfoxlotto.com\/tr\/faq\/\"\r\n  },\r\n  \"hasOfferCatalog\": {\r\n    \"@type\": \"OfferCatalog\",\r\n    \"name\": \"Eurojackpot Sonu\u00e7lar\u0131\",\r\n    \"itemListElement\": [\r\n      {\r\n        \"@type\": \"Offer\",\r\n        \"name\": \"Eurojackpot Sonu\u00e7lar\u0131\",\r\n        \"url\": \"https:\/\/redfoxlotto.com\/tr\/sonuclar\/eurojackpot\/\",\r\n        \"description\": \"En son ve ge\u00e7mi\u015f Eurojackpot sonu\u00e7lar\u0131n\u0131 ve di\u011fer b\u00fcy\u00fck piyango sonu\u00e7lar\u0131n\u0131 buradan bulun.\",\r\n        \"itemOffered\": {\r\n          \"@type\": \"Service\",\r\n          \"name\": \"Eurojackpot Sonu\u00e7lar\u0131\",\r\n          \"description\": \"Eurojackpot \u00e7ekili\u015f numaralar\u0131 \u00e7evrimi\u00e7i, son ve eski sonu\u00e7lar.\"\r\n        }\r\n      }\r\n    ]\r\n  },\r\n  \"mainEntityOfPage\": {\r\n    \"@type\": \"WebPage\",\r\n    \"@id\": \"https:\/\/redfoxlotto.com\/tr\/sonuclar\/eurojackpot\/\"\r\n  }\r\n}\r\n<\/script>\r\n<p><img decoding=\"async\" class=\"size-full wp-image alignright\" src=\"https:\/\/content.redfoxlotto.com\/uploads\/sites\/9\/results_eurojackpot.jpg\" alt=\"kazanan numaralar\" \/><\/p><p>A\u015fa\u011f\u0131da son <a href=\"https:\/\/redfoxlotto.com\/tr\/loto\/eurojackpot\/\">Eurojackpot <\/a>\u00e7ekili\u015finin sonu\u00e7lar\u0131n\u0131 g\u00f6rebilirsiniz. Buradaki numaralar ile biletinizdekileri kar\u015f\u0131la\u015ft\u0131r\u0131p sonucunuzu kontrol edebilirsiniz. Ayr\u0131ca \u00e7ekili\u015f sonu\u00e7lar\u0131n\u0131n ar\u015fivini de kullanabilirsiniz. Buradan en son hangi rakamlar\u0131n \u00e7ekildi\u011fini ve hangilerinin bir s\u00fcredir \u00e7ekilmedi\u011fini g\u00f6rebilirsiniz.<\/p><h2 class=\"wp-block-heading\">En d\u00fc\u015f\u00fck ve en y\u00fcksek Eurojackpot miktarlar\u0131<\/h2><p>Eurojackpot i\u00e7in en d\u00fc\u015f\u00fck b\u00fcy\u00fck ikramiye miktar\u0131 10.000.000 \u20ac&#8217;dur ve en fazla olarak 90.000.000 \u20ac&#8217;a ula\u015f\u0131r.<\/p><h2 class=\"wp-block-heading\">Eurojackpot \u00f6d\u00fclleri ve kazananlar\u0131<\/h2><p><img decoding=\"async\" class=\"size-full wp-image alignright\" src=\"https:\/\/content.redfoxlotto.com\/uploads\/sites\/9\/5_Eurojackpot_tiers_prizes_odds.jpg\" alt=\"Eurojackpot sonu\u00e7lar\u0131\" \/><\/p><p>Eurojackpot&#8217;un toplamda 12 fiyat a\u015famas\u0131 bulunur. En k\u00fc\u00e7\u00fck \u00f6d\u00fcl\u00fc kazanman\u0131z i\u00e7in en az 3 adet numaray\u0131 do\u011fru bilmeniz gerekir.<\/p><p>Kazananlar\u0131n say\u0131s\u0131 ve her bir \u00f6d\u00fcl kategorisi i\u00e7in kazananlara yap\u0131lan \u00f6demeler de web sitemizde g\u00f6sterilmektedir.<\/p><h2 class=\"wp-block-heading\">Eurojackpot&#8217;da en \u00e7ok \u00e7ekilen numaralar<\/h2><p>Eurojackpot i\u00e7in s\u0131cak numaralar 6, 7, 9, 22 ve 32&#8217;dir. En yayg\u0131n numaralar ise 5, 8, 4 ve 2&#8217;dir.<\/p>","protected":false},"excerpt":{"rendered":"<p>A\u015fa\u011f\u0131da son Eurojackpot \u00e7ekili\u015finin sonu\u00e7lar\u0131n\u0131 g\u00f6rebilirsiniz. Buradaki numaralar ile biletinizdekileri kar\u015f\u0131la\u015ft\u0131r\u0131p sonucunuzu kontrol edebilirsiniz. Ayr\u0131ca \u00e7ekili\u015f sonu\u00e7lar\u0131n\u0131n ar\u015fivini de kullanabilirsiniz. Buradan en son hangi rakamlar\u0131n \u00e7ekildi\u011fini ve hangilerinin bir s\u00fcredir \u00e7ekilmedi\u011fini g\u00f6rebilirsiniz. En d\u00fc\u015f\u00fck ve en y\u00fcksek Eurojackpot miktarlar\u0131 Eurojackpot i\u00e7in en d\u00fc\u015f\u00fck b\u00fcy\u00fck ikramiye miktar\u0131 10.000.000 \u20ac&#8217;dur ve en fazla olarak 90.000.000 \u20ac&#8217;a ula\u015f\u0131r. [&hellip;]<\/p>\n","protected":false},"author":1,"featured_media":0,"parent":2949,"menu_order":4,"comment_status":"closed","ping_status":"closed","template":"eurojackpot-results.php","meta":{"_et_pb_use_builder":"","_et_pb_old_content":"","_et_gb_content_width":"","exclude_from_search":false,"footnotes":""},"class_list":["post-2952","page","type-page","status-publish","hentry"],"yoast_head":"<!-- This site is optimized with the Yoast SEO plugin v27.3 - https:\/\/yoast.com\/product\/yoast-seo-wordpress\/ -->\n<title>Eurojackpot Lottery Sonu\u00e7lar\u0131<\/title>\n<meta name=\"description\" content=\"Sitemizden Eurojackpot piyangosunun en son sonu\u00e7lar\u0131na ula\u015f\u0131n.\" \/>\n<meta name=\"robots\" content=\"index, follow, max-snippet:-1, max-image-preview:large, max-video-preview:-1\" \/>\n<link rel=\"canonical\" href=\"https:\/\/redfoxlotto.com\/tr\/sonuclar\/eurojackpot\/\" \/>\n<meta property=\"og:locale\" content=\"tr_TR\" \/>\n<meta property=\"og:type\" content=\"article\" \/>\n<meta property=\"og:title\" content=\"Eurojackpot Lottery Sonu\u00e7lar\u0131\" \/>\n<meta property=\"og:description\" content=\"Sitemizden Eurojackpot piyangosunun en son sonu\u00e7lar\u0131na ula\u015f\u0131n.\" \/>\n<meta property=\"og:url\" content=\"https:\/\/redfoxlotto.com\/tr\/sonuclar\/eurojackpot\/\" \/>\n<meta property=\"og:site_name\" content=\"Get Tickets for the World\u2019s largest jackpots\" \/>\n<meta property=\"article:modified_time\" content=\"2025-12-17T13:45:03+00:00\" \/>\n<meta property=\"og:image\" content=\"https:\/\/content.redfoxlotto.com\/uploads\/sites\/9\/results_eurojackpot.jpg\" \/>\n<meta name=\"twitter:card\" content=\"summary_large_image\" \/>\n<meta name=\"twitter:label1\" content=\"Tahmini okuma s\u00fcresi\" \/>\n\t<meta name=\"twitter:data1\" content=\"1 dakika\" \/>\n<script type=\"application\/ld+json\" class=\"yoast-schema-graph\">{\"@context\":\"https:\\\/\\\/schema.org\",\"@graph\":[{\"@type\":\"WebPage\",\"@id\":\"https:\\\/\\\/redfoxlotto.com\\\/tr\\\/sonuclar\\\/eurojackpot\\\/\",\"url\":\"https:\\\/\\\/redfoxlotto.com\\\/tr\\\/sonuclar\\\/eurojackpot\\\/\",\"name\":\"Eurojackpot Lottery Sonu\u00e7lar\u0131\",\"isPartOf\":{\"@id\":\"https:\\\/\\\/redfoxlotto.com\\\/tr\\\/#website\"},\"primaryImageOfPage\":{\"@id\":\"https:\\\/\\\/redfoxlotto.com\\\/tr\\\/sonuclar\\\/eurojackpot\\\/#primaryimage\"},\"image\":{\"@id\":\"https:\\\/\\\/redfoxlotto.com\\\/tr\\\/sonuclar\\\/eurojackpot\\\/#primaryimage\"},\"thumbnailUrl\":\"https:\\\/\\\/content.redfoxlotto.com\\\/uploads\\\/sites\\\/9\\\/results_eurojackpot.jpg\",\"datePublished\":\"2018-11-18T08:54:25+00:00\",\"dateModified\":\"2025-12-17T13:45:03+00:00\",\"description\":\"Sitemizden Eurojackpot piyangosunun en son sonu\u00e7lar\u0131na ula\u015f\u0131n.\",\"breadcrumb\":{\"@id\":\"https:\\\/\\\/redfoxlotto.com\\\/tr\\\/sonuclar\\\/eurojackpot\\\/#breadcrumb\"},\"inLanguage\":\"tr\",\"potentialAction\":[{\"@type\":\"ReadAction\",\"target\":[\"https:\\\/\\\/redfoxlotto.com\\\/tr\\\/sonuclar\\\/eurojackpot\\\/\"]}]},{\"@type\":\"ImageObject\",\"inLanguage\":\"tr\",\"@id\":\"https:\\\/\\\/redfoxlotto.com\\\/tr\\\/sonuclar\\\/eurojackpot\\\/#primaryimage\",\"url\":\"https:\\\/\\\/content.redfoxlotto.com\\\/uploads\\\/sites\\\/9\\\/results_eurojackpot.jpg\",\"contentUrl\":\"https:\\\/\\\/content.redfoxlotto.com\\\/uploads\\\/sites\\\/9\\\/results_eurojackpot.jpg\"},{\"@type\":\"BreadcrumbList\",\"@id\":\"https:\\\/\\\/redfoxlotto.com\\\/tr\\\/sonuclar\\\/eurojackpot\\\/#breadcrumb\",\"itemListElement\":[{\"@type\":\"ListItem\",\"position\":1,\"name\":\"Home\",\"item\":\"https:\\\/\\\/redfoxlotto.com\\\/tr\\\/\"},{\"@type\":\"ListItem\",\"position\":2,\"name\":\"Uluslararas\u0131 loto sonu\u00e7lar\u0131\",\"item\":\"https:\\\/\\\/redfoxlotto.com\\\/tr\\\/sonuclar\\\/\"},{\"@type\":\"ListItem\",\"position\":3,\"name\":\"Eurojackpot Sonu\u00e7lar\u0131\"}]},{\"@type\":\"WebSite\",\"@id\":\"https:\\\/\\\/redfoxlotto.com\\\/tr\\\/#website\",\"url\":\"https:\\\/\\\/redfoxlotto.com\\\/tr\\\/\",\"name\":\"Get Tickets for the World\u2019s largest jackpots\",\"description\":\"Participate in worldwide lottery jackpots from any country\",\"publisher\":{\"@id\":\"https:\\\/\\\/redfoxlotto.com\\\/tr\\\/#organization\"},\"potentialAction\":[{\"@type\":\"SearchAction\",\"target\":{\"@type\":\"EntryPoint\",\"urlTemplate\":\"https:\\\/\\\/redfoxlotto.com\\\/tr\\\/?s={search_term_string}\"},\"query-input\":{\"@type\":\"PropertyValueSpecification\",\"valueRequired\":true,\"valueName\":\"search_term_string\"}}],\"inLanguage\":\"tr\"},{\"@type\":\"Organization\",\"@id\":\"https:\\\/\\\/redfoxlotto.com\\\/tr\\\/#organization\",\"name\":\"Get Tickets for the World\u2019s largest jackpots\",\"url\":\"https:\\\/\\\/redfoxlotto.com\\\/tr\\\/\",\"logo\":{\"@type\":\"ImageObject\",\"inLanguage\":\"tr\",\"@id\":\"https:\\\/\\\/redfoxlotto.com\\\/tr\\\/#\\\/schema\\\/logo\\\/image\\\/\",\"url\":\"https:\\\/\\\/redfoxlotto.com\\\/wp-content\\\/uploads\\\/2023\\\/04\\\/logo.png\",\"contentUrl\":\"https:\\\/\\\/redfoxlotto.com\\\/wp-content\\\/uploads\\\/2023\\\/04\\\/logo.png\",\"width\":269,\"height\":53,\"caption\":\"Get Tickets for the World\u2019s largest jackpots\"},\"image\":{\"@id\":\"https:\\\/\\\/redfoxlotto.com\\\/tr\\\/#\\\/schema\\\/logo\\\/image\\\/\"}}]}<\/script>\n<!-- \/ Yoast SEO plugin. -->","yoast_head_json":{"title":"Eurojackpot Lottery Sonu\u00e7lar\u0131","description":"Sitemizden Eurojackpot piyangosunun en son sonu\u00e7lar\u0131na ula\u015f\u0131n.","robots":{"index":"index","follow":"follow","max-snippet":"max-snippet:-1","max-image-preview":"max-image-preview:large","max-video-preview":"max-video-preview:-1"},"canonical":"https:\/\/redfoxlotto.com\/tr\/sonuclar\/eurojackpot\/","og_locale":"tr_TR","og_type":"article","og_title":"Eurojackpot Lottery Sonu\u00e7lar\u0131","og_description":"Sitemizden Eurojackpot piyangosunun en son sonu\u00e7lar\u0131na ula\u015f\u0131n.","og_url":"https:\/\/redfoxlotto.com\/tr\/sonuclar\/eurojackpot\/","og_site_name":"Get Tickets for the World\u2019s largest jackpots","article_modified_time":"2025-12-17T13:45:03+00:00","og_image":[{"url":"https:\/\/content.redfoxlotto.com\/uploads\/sites\/9\/results_eurojackpot.jpg","type":"","width":"","height":""}],"twitter_card":"summary_large_image","twitter_misc":{"Tahmini okuma s\u00fcresi":"1 dakika"},"schema":{"@context":"https:\/\/schema.org","@graph":[{"@type":"WebPage","@id":"https:\/\/redfoxlotto.com\/tr\/sonuclar\/eurojackpot\/","url":"https:\/\/redfoxlotto.com\/tr\/sonuclar\/eurojackpot\/","name":"Eurojackpot Lottery Sonu\u00e7lar\u0131","isPartOf":{"@id":"https:\/\/redfoxlotto.com\/tr\/#website"},"primaryImageOfPage":{"@id":"https:\/\/redfoxlotto.com\/tr\/sonuclar\/eurojackpot\/#primaryimage"},"image":{"@id":"https:\/\/redfoxlotto.com\/tr\/sonuclar\/eurojackpot\/#primaryimage"},"thumbnailUrl":"https:\/\/content.redfoxlotto.com\/uploads\/sites\/9\/results_eurojackpot.jpg","datePublished":"2018-11-18T08:54:25+00:00","dateModified":"2025-12-17T13:45:03+00:00","description":"Sitemizden Eurojackpot piyangosunun en son sonu\u00e7lar\u0131na ula\u015f\u0131n.","breadcrumb":{"@id":"https:\/\/redfoxlotto.com\/tr\/sonuclar\/eurojackpot\/#breadcrumb"},"inLanguage":"tr","potentialAction":[{"@type":"ReadAction","target":["https:\/\/redfoxlotto.com\/tr\/sonuclar\/eurojackpot\/"]}]},{"@type":"ImageObject","inLanguage":"tr","@id":"https:\/\/redfoxlotto.com\/tr\/sonuclar\/eurojackpot\/#primaryimage","url":"https:\/\/content.redfoxlotto.com\/uploads\/sites\/9\/results_eurojackpot.jpg","contentUrl":"https:\/\/content.redfoxlotto.com\/uploads\/sites\/9\/results_eurojackpot.jpg"},{"@type":"BreadcrumbList","@id":"https:\/\/redfoxlotto.com\/tr\/sonuclar\/eurojackpot\/#breadcrumb","itemListElement":[{"@type":"ListItem","position":1,"name":"Home","item":"https:\/\/redfoxlotto.com\/tr\/"},{"@type":"ListItem","position":2,"name":"Uluslararas\u0131 loto sonu\u00e7lar\u0131","item":"https:\/\/redfoxlotto.com\/tr\/sonuclar\/"},{"@type":"ListItem","position":3,"name":"Eurojackpot Sonu\u00e7lar\u0131"}]},{"@type":"WebSite","@id":"https:\/\/redfoxlotto.com\/tr\/#website","url":"https:\/\/redfoxlotto.com\/tr\/","name":"Get Tickets for the World\u2019s largest jackpots","description":"Participate in worldwide lottery jackpots from any country","publisher":{"@id":"https:\/\/redfoxlotto.com\/tr\/#organization"},"potentialAction":[{"@type":"SearchAction","target":{"@type":"EntryPoint","urlTemplate":"https:\/\/redfoxlotto.com\/tr\/?s={search_term_string}"},"query-input":{"@type":"PropertyValueSpecification","valueRequired":true,"valueName":"search_term_string"}}],"inLanguage":"tr"},{"@type":"Organization","@id":"https:\/\/redfoxlotto.com\/tr\/#organization","name":"Get Tickets for the World\u2019s largest jackpots","url":"https:\/\/redfoxlotto.com\/tr\/","logo":{"@type":"ImageObject","inLanguage":"tr","@id":"https:\/\/redfoxlotto.com\/tr\/#\/schema\/logo\/image\/","url":"https:\/\/redfoxlotto.com\/wp-content\/uploads\/2023\/04\/logo.png","contentUrl":"https:\/\/redfoxlotto.com\/wp-content\/uploads\/2023\/04\/logo.png","width":269,"height":53,"caption":"Get Tickets for the World\u2019s largest jackpots"},"image":{"@id":"https:\/\/redfoxlotto.com\/tr\/#\/schema\/logo\/image\/"}}]}},"_links":{"self":[{"href":"https:\/\/redfoxlotto.com\/tr\/wp-json\/wp\/v2\/pages\/2952","targetHints":{"allow":["GET"]}}],"collection":[{"href":"https:\/\/redfoxlotto.com\/tr\/wp-json\/wp\/v2\/pages"}],"about":[{"href":"https:\/\/redfoxlotto.com\/tr\/wp-json\/wp\/v2\/types\/page"}],"author":[{"embeddable":true,"href":"https:\/\/redfoxlotto.com\/tr\/wp-json\/wp\/v2\/users\/1"}],"replies":[{"embeddable":true,"href":"https:\/\/redfoxlotto.com\/tr\/wp-json\/wp\/v2\/comments?post=2952"}],"version-history":[{"count":0,"href":"https:\/\/redfoxlotto.com\/tr\/wp-json\/wp\/v2\/pages\/2952\/revisions"}],"up":[{"embeddable":true,"href":"https:\/\/redfoxlotto.com\/tr\/wp-json\/wp\/v2\/pages\/2949"}],"wp:attachment":[{"href":"https:\/\/redfoxlotto.com\/tr\/wp-json\/wp\/v2\/media?parent=2952"}],"curies":[{"name":"wp","href":"https:\/\/api.w.org\/{rel}","templated":true}]}}