{"id":2951,"date":"2018-11-18T08:54:25","date_gmt":"2018-11-18T08:54:25","guid":{"rendered":"https:\/\/redfoxlotto.com\/?page_id=5382"},"modified":"2019-09-12T18:15:07","modified_gmt":"2019-09-12T18:15:07","slug":"el-gordo-primitiva","status":"publish","type":"page","link":"https:\/\/redfoxlotto.com\/tr\/sonuclar\/el-gordo-primitiva\/","title":{"rendered":"El Gordo Sonu\u00e7lar\u0131"},"content":{"rendered":"<p>\u0130spanya&#8217;n\u0131n Noel piyangosu olan El Gordo&#8217;yu oynad\u0131\u011f\u0131n\u0131zda, \u00e7ok \u00f6zel bir \u00e7ekili\u015fe haz\u0131r olun. Her y\u0131l 22 Aral\u0131k&#8217;ta kazanan numaralar\u0131n \u00e7ekildi\u011fi 3 saatlik bir seremoni. T\u00fcm yap\u0131lanlar televizyondan canl\u0131 yay\u0131nlan\u0131yor. 2 adet devasa alt\u0131n bidonlar\u0131n oldu\u011fu, birinin 00000 ila 99999 numaralar\u0131 i\u00e7erdi\u011fi, di\u011ferinin ise kazanma \u015fekline g\u00f6re toplar\u0131 i\u00e7erdi\u011fi bir g\u00f6steridir.<\/p><p><img loading=\"lazy\" decoding=\"async\" class=\" wp-image alignright\" src=\"https:\/\/content.redfoxlotto.com\/uploads\/sites\/9\/1_results_draw_numbers.jpg\" alt=\"sonu\u00e7lar loto\" width=\"271\" height=\"129\" \/><\/p><p>Sonu\u00e7, say\u0131lar\u0131n bir kombinasyonu olmay\u0131p her bir bilet 5 haneli say\u0131 i\u00e7erir. Bilet fiyat\u0131 200\u20ac olmas\u0131ndan dolay\u0131, \u00e7o\u011fu kat\u0131l\u0131mc\u0131 &#8220;decimo&#8221; denilen biletin 10&#8217;da 1&#8217;ini al\u0131yor. B\u00f6ylece, \u00e7o\u011fu \u00f6d\u00fcl payla\u015f\u0131l\u0131yor. Genellikle, tam bilet almak i\u00e7in birle\u015firler ve kendi numaralar\u0131 kazand\u0131\u011f\u0131nda, t\u00fcm aile bir \u015feyler kazanm\u0131\u015f olur. Bu da, bu piyangoyu daha pop\u00fcler k\u0131lmaktad\u0131r.<\/p><p><img loading=\"lazy\" decoding=\"async\" class=\" wp-image alignright\" src=\"https:\/\/content.redfoxlotto.com\/uploads\/sites\/9\/1_lottery_winning_numbers_3.jpg\" alt=\"El Gordo kazanan numaralar\" width=\"252\" height=\"168\" \/><\/p><p>El Gordo&#8217;nun sonu\u00e7lar\u0131 basit bir \u015fekilde g\u00f6sterilmez. Madrid&#8217;deki San Ildefenso okulundan bir \u00e7ocuk korosu taraf\u0131ndan \u015fark\u0131 ile s\u00f6ylenir ve kazanan numaralar ne olursa olsun, heyecan son ana devam eder. Son kazanan numaralar \u00e7ekilene kadar umudunuzu yitirmeyin.<\/p>","protected":false},"excerpt":{"rendered":"<p>\u0130spanya&#8217;n\u0131n Noel piyangosu olan El Gordo&#8217;yu oynad\u0131\u011f\u0131n\u0131zda, \u00e7ok \u00f6zel bir \u00e7ekili\u015fe haz\u0131r olun. Her y\u0131l 22 Aral\u0131k&#8217;ta kazanan numaralar\u0131n \u00e7ekildi\u011fi 3 saatlik bir seremoni. T\u00fcm yap\u0131lanlar televizyondan canl\u0131 yay\u0131nlan\u0131yor. 2 adet devasa alt\u0131n bidonlar\u0131n oldu\u011fu, birinin 00000 ila 99999 numaralar\u0131 i\u00e7erdi\u011fi, di\u011ferinin ise kazanma \u015fekline g\u00f6re toplar\u0131 i\u00e7erdi\u011fi bir g\u00f6steridir. Sonu\u00e7, say\u0131lar\u0131n bir kombinasyonu olmay\u0131p [&hellip;]<\/p>\n","protected":false},"author":1,"featured_media":0,"parent":2949,"menu_order":6,"comment_status":"closed","ping_status":"closed","template":"el-gordo-results.php","meta":{"_et_pb_use_builder":"","_et_pb_old_content":"","_et_gb_content_width":"","exclude_from_search":false,"footnotes":""},"class_list":["post-2951","page","type-page","status-publish","hentry"],"yoast_head":"<!-- This site is optimized with the Yoast SEO plugin v23.8 - https:\/\/yoast.com\/wordpress\/plugins\/seo\/ -->\n<title>\u0130spanya&#039;n\u0131n El Gordo Piyangosu Sonu\u00e7lar\u0131<\/title>\n<meta name=\"description\" content=\"La Primitiva&#039;n\u0131n Noel versiyonu El Gordo \u2013 sonu\u00e7lar \u00f6zel bir etkinlikte a\u00e7\u0131klan\u0131yor!\" \/>\n<meta name=\"robots\" content=\"index, follow, max-snippet:-1, max-image-preview:large, max-video-preview:-1\" \/>\n<link rel=\"canonical\" href=\"https:\/\/redfoxlotto.com\/tr\/sonuclar\/el-gordo-primitiva\/\" \/>\n<meta property=\"og:locale\" content=\"tr_TR\" \/>\n<meta property=\"og:type\" content=\"article\" \/>\n<meta property=\"og:title\" content=\"\u0130spanya&#039;n\u0131n El Gordo Piyangosu Sonu\u00e7lar\u0131\" \/>\n<meta property=\"og:description\" content=\"La Primitiva&#039;n\u0131n Noel versiyonu El Gordo \u2013 sonu\u00e7lar \u00f6zel bir etkinlikte a\u00e7\u0131klan\u0131yor!\" \/>\n<meta property=\"og:url\" content=\"https:\/\/redfoxlotto.com\/tr\/sonuclar\/el-gordo-primitiva\/\" \/>\n<meta property=\"og:site_name\" content=\"Get Tickets for the World\u2019s largest jackpots\" \/>\n<meta property=\"article:modified_time\" content=\"2019-09-12T18:15:07+00:00\" \/>\n<meta property=\"og:image\" content=\"https:\/\/content.redfoxlotto.com\/uploads\/sites\/9\/1_results_draw_numbers.jpg\" \/>\n<meta name=\"twitter:card\" content=\"summary_large_image\" \/>\n<meta name=\"twitter:label1\" content=\"Tahmini okuma s\u00fcresi\" \/>\n\t<meta name=\"twitter:data1\" content=\"2 dakika\" \/>\n<script type=\"application\/ld+json\" class=\"yoast-schema-graph\">{\"@context\":\"https:\/\/schema.org\",\"@graph\":[{\"@type\":\"WebPage\",\"@id\":\"https:\/\/redfoxlotto.com\/tr\/sonuclar\/el-gordo-primitiva\/\",\"url\":\"https:\/\/redfoxlotto.com\/tr\/sonuclar\/el-gordo-primitiva\/\",\"name\":\"\u0130spanya'n\u0131n El Gordo Piyangosu Sonu\u00e7lar\u0131\",\"isPartOf\":{\"@id\":\"https:\/\/redfoxlotto.com\/tr\/#website\"},\"primaryImageOfPage\":{\"@id\":\"https:\/\/redfoxlotto.com\/tr\/sonuclar\/el-gordo-primitiva\/#primaryimage\"},\"image\":{\"@id\":\"https:\/\/redfoxlotto.com\/tr\/sonuclar\/el-gordo-primitiva\/#primaryimage\"},\"thumbnailUrl\":\"https:\/\/content.redfoxlotto.com\/uploads\/sites\/9\/1_results_draw_numbers.jpg\",\"datePublished\":\"2018-11-18T08:54:25+00:00\",\"dateModified\":\"2019-09-12T18:15:07+00:00\",\"description\":\"La Primitiva'n\u0131n Noel versiyonu El Gordo \u2013 sonu\u00e7lar \u00f6zel bir etkinlikte a\u00e7\u0131klan\u0131yor!\",\"breadcrumb\":{\"@id\":\"https:\/\/redfoxlotto.com\/tr\/sonuclar\/el-gordo-primitiva\/#breadcrumb\"},\"inLanguage\":\"tr\",\"potentialAction\":[{\"@type\":\"ReadAction\",\"target\":[\"https:\/\/redfoxlotto.com\/tr\/sonuclar\/el-gordo-primitiva\/\"]}]},{\"@type\":\"ImageObject\",\"inLanguage\":\"tr\",\"@id\":\"https:\/\/redfoxlotto.com\/tr\/sonuclar\/el-gordo-primitiva\/#primaryimage\",\"url\":\"https:\/\/content.redfoxlotto.com\/uploads\/sites\/9\/1_results_draw_numbers.jpg\",\"contentUrl\":\"https:\/\/content.redfoxlotto.com\/uploads\/sites\/9\/1_results_draw_numbers.jpg\"},{\"@type\":\"BreadcrumbList\",\"@id\":\"https:\/\/redfoxlotto.com\/tr\/sonuclar\/el-gordo-primitiva\/#breadcrumb\",\"itemListElement\":[{\"@type\":\"ListItem\",\"position\":1,\"name\":\"Home\",\"item\":\"https:\/\/redfoxlotto.com\/tr\/\"},{\"@type\":\"ListItem\",\"position\":2,\"name\":\"Uluslararas\u0131 loto sonu\u00e7lar\u0131\",\"item\":\"https:\/\/redfoxlotto.com\/tr\/sonuclar\/\"},{\"@type\":\"ListItem\",\"position\":3,\"name\":\"El Gordo Sonu\u00e7lar\u0131\"}]},{\"@type\":\"WebSite\",\"@id\":\"https:\/\/redfoxlotto.com\/tr\/#website\",\"url\":\"https:\/\/redfoxlotto.com\/tr\/\",\"name\":\"Get Tickets for the World\u2019s largest jackpots\",\"description\":\"Participate in worldwide lottery jackpots from any country\",\"publisher\":{\"@id\":\"https:\/\/redfoxlotto.com\/tr\/#organization\"},\"potentialAction\":[{\"@type\":\"SearchAction\",\"target\":{\"@type\":\"EntryPoint\",\"urlTemplate\":\"https:\/\/redfoxlotto.com\/tr\/?s={search_term_string}\"},\"query-input\":{\"@type\":\"PropertyValueSpecification\",\"valueRequired\":true,\"valueName\":\"search_term_string\"}}],\"inLanguage\":\"tr\"},{\"@type\":\"Organization\",\"@id\":\"https:\/\/redfoxlotto.com\/tr\/#organization\",\"name\":\"Get Tickets for the World\u2019s largest jackpots\",\"url\":\"https:\/\/redfoxlotto.com\/tr\/\",\"logo\":{\"@type\":\"ImageObject\",\"inLanguage\":\"tr\",\"@id\":\"https:\/\/redfoxlotto.com\/tr\/#\/schema\/logo\/image\/\",\"url\":\"https:\/\/redfoxlotto.com\/wp-content\/uploads\/2023\/04\/logo.png\",\"contentUrl\":\"https:\/\/redfoxlotto.com\/wp-content\/uploads\/2023\/04\/logo.png\",\"width\":269,\"height\":53,\"caption\":\"Get Tickets for the World\u2019s largest jackpots\"},\"image\":{\"@id\":\"https:\/\/redfoxlotto.com\/tr\/#\/schema\/logo\/image\/\"}}]}<\/script>\n<!-- \/ Yoast SEO plugin. -->","yoast_head_json":{"title":"\u0130spanya'n\u0131n El Gordo Piyangosu Sonu\u00e7lar\u0131","description":"La Primitiva'n\u0131n Noel versiyonu El Gordo \u2013 sonu\u00e7lar \u00f6zel bir etkinlikte a\u00e7\u0131klan\u0131yor!","robots":{"index":"index","follow":"follow","max-snippet":"max-snippet:-1","max-image-preview":"max-image-preview:large","max-video-preview":"max-video-preview:-1"},"canonical":"https:\/\/redfoxlotto.com\/tr\/sonuclar\/el-gordo-primitiva\/","og_locale":"tr_TR","og_type":"article","og_title":"\u0130spanya'n\u0131n El Gordo Piyangosu Sonu\u00e7lar\u0131","og_description":"La Primitiva'n\u0131n Noel versiyonu El Gordo \u2013 sonu\u00e7lar \u00f6zel bir etkinlikte a\u00e7\u0131klan\u0131yor!","og_url":"https:\/\/redfoxlotto.com\/tr\/sonuclar\/el-gordo-primitiva\/","og_site_name":"Get Tickets for the World\u2019s largest jackpots","article_modified_time":"2019-09-12T18:15:07+00:00","og_image":[{"url":"https:\/\/content.redfoxlotto.com\/uploads\/sites\/9\/1_results_draw_numbers.jpg"}],"twitter_card":"summary_large_image","twitter_misc":{"Tahmini okuma s\u00fcresi":"2 dakika"},"schema":{"@context":"https:\/\/schema.org","@graph":[{"@type":"WebPage","@id":"https:\/\/redfoxlotto.com\/tr\/sonuclar\/el-gordo-primitiva\/","url":"https:\/\/redfoxlotto.com\/tr\/sonuclar\/el-gordo-primitiva\/","name":"\u0130spanya'n\u0131n El Gordo Piyangosu Sonu\u00e7lar\u0131","isPartOf":{"@id":"https:\/\/redfoxlotto.com\/tr\/#website"},"primaryImageOfPage":{"@id":"https:\/\/redfoxlotto.com\/tr\/sonuclar\/el-gordo-primitiva\/#primaryimage"},"image":{"@id":"https:\/\/redfoxlotto.com\/tr\/sonuclar\/el-gordo-primitiva\/#primaryimage"},"thumbnailUrl":"https:\/\/content.redfoxlotto.com\/uploads\/sites\/9\/1_results_draw_numbers.jpg","datePublished":"2018-11-18T08:54:25+00:00","dateModified":"2019-09-12T18:15:07+00:00","description":"La Primitiva'n\u0131n Noel versiyonu El Gordo \u2013 sonu\u00e7lar \u00f6zel bir etkinlikte a\u00e7\u0131klan\u0131yor!","breadcrumb":{"@id":"https:\/\/redfoxlotto.com\/tr\/sonuclar\/el-gordo-primitiva\/#breadcrumb"},"inLanguage":"tr","potentialAction":[{"@type":"ReadAction","target":["https:\/\/redfoxlotto.com\/tr\/sonuclar\/el-gordo-primitiva\/"]}]},{"@type":"ImageObject","inLanguage":"tr","@id":"https:\/\/redfoxlotto.com\/tr\/sonuclar\/el-gordo-primitiva\/#primaryimage","url":"https:\/\/content.redfoxlotto.com\/uploads\/sites\/9\/1_results_draw_numbers.jpg","contentUrl":"https:\/\/content.redfoxlotto.com\/uploads\/sites\/9\/1_results_draw_numbers.jpg"},{"@type":"BreadcrumbList","@id":"https:\/\/redfoxlotto.com\/tr\/sonuclar\/el-gordo-primitiva\/#breadcrumb","itemListElement":[{"@type":"ListItem","position":1,"name":"Home","item":"https:\/\/redfoxlotto.com\/tr\/"},{"@type":"ListItem","position":2,"name":"Uluslararas\u0131 loto sonu\u00e7lar\u0131","item":"https:\/\/redfoxlotto.com\/tr\/sonuclar\/"},{"@type":"ListItem","position":3,"name":"El Gordo Sonu\u00e7lar\u0131"}]},{"@type":"WebSite","@id":"https:\/\/redfoxlotto.com\/tr\/#website","url":"https:\/\/redfoxlotto.com\/tr\/","name":"Get Tickets for the World\u2019s largest jackpots","description":"Participate in worldwide lottery jackpots from any country","publisher":{"@id":"https:\/\/redfoxlotto.com\/tr\/#organization"},"potentialAction":[{"@type":"SearchAction","target":{"@type":"EntryPoint","urlTemplate":"https:\/\/redfoxlotto.com\/tr\/?s={search_term_string}"},"query-input":{"@type":"PropertyValueSpecification","valueRequired":true,"valueName":"search_term_string"}}],"inLanguage":"tr"},{"@type":"Organization","@id":"https:\/\/redfoxlotto.com\/tr\/#organization","name":"Get Tickets for the World\u2019s largest jackpots","url":"https:\/\/redfoxlotto.com\/tr\/","logo":{"@type":"ImageObject","inLanguage":"tr","@id":"https:\/\/redfoxlotto.com\/tr\/#\/schema\/logo\/image\/","url":"https:\/\/redfoxlotto.com\/wp-content\/uploads\/2023\/04\/logo.png","contentUrl":"https:\/\/redfoxlotto.com\/wp-content\/uploads\/2023\/04\/logo.png","width":269,"height":53,"caption":"Get Tickets for the World\u2019s largest jackpots"},"image":{"@id":"https:\/\/redfoxlotto.com\/tr\/#\/schema\/logo\/image\/"}}]}},"_links":{"self":[{"href":"https:\/\/redfoxlotto.com\/tr\/wp-json\/wp\/v2\/pages\/2951","targetHints":{"allow":["GET"]}}],"collection":[{"href":"https:\/\/redfoxlotto.com\/tr\/wp-json\/wp\/v2\/pages"}],"about":[{"href":"https:\/\/redfoxlotto.com\/tr\/wp-json\/wp\/v2\/types\/page"}],"author":[{"embeddable":true,"href":"https:\/\/redfoxlotto.com\/tr\/wp-json\/wp\/v2\/users\/1"}],"replies":[{"embeddable":true,"href":"https:\/\/redfoxlotto.com\/tr\/wp-json\/wp\/v2\/comments?post=2951"}],"version-history":[{"count":0,"href":"https:\/\/redfoxlotto.com\/tr\/wp-json\/wp\/v2\/pages\/2951\/revisions"}],"up":[{"embeddable":true,"href":"https:\/\/redfoxlotto.com\/tr\/wp-json\/wp\/v2\/pages\/2949"}],"wp:attachment":[{"href":"https:\/\/redfoxlotto.com\/tr\/wp-json\/wp\/v2\/media?parent=2951"}],"curies":[{"name":"wp","href":"https:\/\/api.w.org\/{rel}","templated":true}]}}