{"id":2949,"date":"2023-04-24T14:13:24","date_gmt":"2023-04-24T14:13:24","guid":{"rendered":"https:\/\/redfoxlotto.com\/?page_id=5378"},"modified":"2025-12-18T09:03:51","modified_gmt":"2025-12-18T09:03:51","slug":"sonuclar","status":"publish","type":"page","link":"https:\/\/redfoxlotto.com\/tr\/sonuclar\/","title":{"rendered":"Uluslararas\u0131 loto sonu\u00e7lar\u0131"},"content":{"rendered":"<script type=\"application\/ld+json\">\r\n{\r\n  \"@context\": \"https:\/\/schema.org\",\r\n  \"@type\": \"Service\",\r\n  \"name\": \"Uluslararas\u0131 piyango \u00e7ekili\u015f sonu\u00e7lar\u0131n\u0131 \u00e7evrimi\u00e7i kontrol edin\",\r\n  \"url\": \"https:\/\/redfoxlotto.com\/tr\/sonuclar\/powerball\",\r\n  \"description\": \"D\u00fcnyan\u0131n en b\u00fcy\u00fck piyangolar\u0131n\u0131n en son sonu\u00e7lar\u0131n\u0131 kontrol etmek i\u00e7in RedFoxLotto\u2019yu ziyaret edin.\",\r\n  \"serviceType\": \"D\u00fcnya \u00e7ap\u0131nda piyango sonu\u00e7lar\u0131 ar\u015fivi\",\r\n\r\n  \"provider\": {\r\n    \"@type\": \"Organization\",\r\n    \"name\": \"RedFoxLotto\",\r\n    \"url\": \"https:\/\/redfoxlotto.com\/tr\/\",\r\n    \"image\": \"https:\/\/redfoxlotto.com\/wp-content\/uploads\/2025\/12\/ticket_scans.jpg\",\r\n    \"sameAs\": []\r\n  },\r\n\r\n  \"areaServed\": \"Worldwide\",\r\n  \"termsOfService\": \"https:\/\/redfoxlotto.com\/terms-and-conditions\",\r\n\r\n  \"additionalProperty\": {\r\n    \"@type\": \"PropertyValue\",\r\n    \"name\": \"SSS\",\r\n    \"value\": \"https:\/\/redfoxlotto.com\/tr\/faq\/\"\r\n  },\r\n\r\n  \"hasOfferCatalog\": {\r\n    \"@type\": \"OfferCatalog\",\r\n    \"name\": \"D\u00fcnya \u00c7ap\u0131nda Piyango Sonu\u00e7lar\u0131\",\r\n    \"itemListElement\": [\r\n      {\r\n        \"@type\": \"Offer\",\r\n        \"name\": \"Powerball Bileti\",\r\n        \"url\": \"https:\/\/redfoxlotto.com\/tr\/sonuclar\/\",\r\n        \"description\": \"D\u00fcnyan\u0131n en b\u00fcy\u00fck piyangolar\u0131n\u0131n en son ve ge\u00e7mi\u015f sonu\u00e7lar\u0131n\u0131 burada bulun\",\r\n        \"itemOffered\": {\r\n          \"@type\": \"Service\",\r\n          \"name\": \"Uluslararas\u0131 Piyango Sonu\u00e7lar\u0131\",\r\n          \"description\": \"En b\u00fcy\u00fck piyangolar i\u00e7in \u00e7ekilen numaralar \u00e7evrimi\u00e7i, g\u00fcncel ve eski sonu\u00e7lar.\"\r\n        }\r\n      }\r\n    ]\r\n  },\r\n\r\n  \"mainEntityOfPage\": {\r\n    \"@type\": \"WebPage\",\r\n    \"@id\": \"https:\/\/redfoxlotto.com\/tr\/sonuclar\/\"\r\n  }\r\n}\r\n<\/script>\r\n\r\n<p><img decoding=\"async\" class=\"tam boy wp-image alignright\" src=\"https:\/\/content.redfoxlotto.com\/uploads\/sites\/9\/1_winning_lottery_numbers.jpg\" alt=\"uluslararas\u0131 piyangolar kazanan numaralar\" \/><\/p><p>Her hafta, bizden bilet sat\u0131n alabilece\u011finiz t\u00fcm uluslararas\u0131 piyangolar\u0131n en g\u00fcncel kazanan numaralar\u0131n\u0131 burada yay\u0131nlamaktay\u0131z. Numaralar resmi piyango operat\u00f6rlerinden gelmektedir. \u00c7ekili\u015ften hemen sonra burada yay\u0131nlanacaklar. B\u00f6ylelikle, kazanan numaralar\u0131 h\u0131zl\u0131 bir \u015fekilde kontrol edebilir ve kazan\u0131p kazanmad\u0131\u011f\u0131n\u0131z\u0131 g\u00f6rebilirsiniz. Piyangonun ismine t\u0131klayarak ilgili \u00f6d\u00fcle kar\u015f\u0131l\u0131k gelen kazan\u00e7 miktarlar\u0131n\u0131 da g\u00f6rebilirsiniz.<\/p><p>Ayn\u0131 zamanda son b\u00fcy\u00fck ikramiyenin kazan\u0131l\u0131p kazan\u0131lmad\u0131\u011f\u0131n\u0131 da \u00f6\u011frenebilirsiniz. Ayr\u0131ca sizlere ge\u00e7en hafta \u00e7ekilen numaralar\u0131 da g\u00f6steriyoruz.<\/p><h2 class=\"wp-block-heading\">S\u0131cak ve so\u011fuk say\u0131lar<\/h2><p>Son haftalar\u0131n en &#8220;s\u0131cak&#8221; (son d\u00f6nemlerde s\u0131kl\u0131kla \u00e7ekilmi\u015f) ve &#8220;so\u011fuk&#8221; (son d\u00f6nemlerde en az \u00e7ekilmi\u015f) say\u0131lara genel bir bak\u0131\u015f\u0131 da bulabileceksiniz. Pek \u00e7ok oyuncu numaralar\u0131n\u0131 belirlerken bu bilgiler de kullan\u0131r. Bu, ba\u015far\u0131l\u0131 olmay\u0131 vaat eden bir stratejidir.<\/p><p><img decoding=\"async\" class=\"size-full wp-image alignright\" src=\"https:\/\/content.redfoxlotto.com\/uploads\/sites\/9\/1_lotto_draw_results.jpg\" alt=\"sonu\u00e7lar piyango\"><\/p><p>Ayn\u0131 \u015fekilde, s\u0131radaki biletiniz i\u00e7in yeni kombinasyonlar olu\u015fturmak i\u00e7in ge\u00e7en hafta veya haftalarda kazanan numaralar\u0131 da kullanabilirsiniz. \u00d6rnek vermek gerekirse, Mega Millions \u00e7ekili\u015finin ilk numaras\u0131n\u0131, Euromillions sonu\u00e7lar\u0131n\u0131n ikinci numaras\u0131n\u0131 ve Eurojackpot&#8217;un \u00fc\u00e7\u00fcnc\u00fc numaras\u0131n\u0131 kullanabilirsiniz.<\/p>","protected":false},"excerpt":{"rendered":"<p>Her hafta, bizden bilet sat\u0131n alabilece\u011finiz t\u00fcm uluslararas\u0131 piyangolar\u0131n en g\u00fcncel kazanan numaralar\u0131n\u0131 burada yay\u0131nlamaktay\u0131z. Numaralar resmi piyango operat\u00f6rlerinden gelmektedir. \u00c7ekili\u015ften hemen sonra burada yay\u0131nlanacaklar. B\u00f6ylelikle, kazanan numaralar\u0131 h\u0131zl\u0131 bir \u015fekilde kontrol edebilir ve kazan\u0131p kazanmad\u0131\u011f\u0131n\u0131z\u0131 g\u00f6rebilirsiniz. Piyangonun ismine t\u0131klayarak ilgili \u00f6d\u00fcle kar\u015f\u0131l\u0131k gelen kazan\u00e7 miktarlar\u0131n\u0131 da g\u00f6rebilirsiniz. Ayn\u0131 zamanda son b\u00fcy\u00fck ikramiyenin kazan\u0131l\u0131p kazan\u0131lmad\u0131\u011f\u0131n\u0131 [&hellip;]<\/p>\n","protected":false},"author":1,"featured_media":0,"parent":0,"menu_order":4,"comment_status":"closed","ping_status":"closed","template":"Results.php","meta":{"_et_pb_use_builder":"","_et_pb_old_content":"","_et_gb_content_width":"","exclude_from_search":false,"footnotes":""},"class_list":["post-2949","page","type-page","status-publish","hentry"],"yoast_head":"<!-- This site is optimized with the Yoast SEO plugin v23.8 - https:\/\/yoast.com\/wordpress\/plugins\/seo\/ -->\n<title>Uluslararas\u0131 piyangolar\u0131n kazanan numaralar\u0131 ve sonu\u00e7lar\u0131<\/title>\n<meta name=\"description\" content=\"Piyango biletiniz ikramiye kazand\u0131 m\u0131? Uluslararas\u0131 piyangolar i\u00e7in sonu\u00e7lar\u0131 ve kazanan numaralar\u0131 burada bulabilirsiniz\" \/>\n<meta name=\"robots\" content=\"index, follow, max-snippet:-1, max-image-preview:large, max-video-preview:-1\" \/>\n<link rel=\"canonical\" href=\"https:\/\/redfoxlotto.com\/tr\/sonuclar\/\" \/>\n<meta property=\"og:locale\" content=\"tr_TR\" \/>\n<meta property=\"og:type\" content=\"article\" \/>\n<meta property=\"og:title\" content=\"Uluslararas\u0131 piyangolar\u0131n kazanan numaralar\u0131 ve sonu\u00e7lar\u0131\" \/>\n<meta property=\"og:description\" content=\"Piyango biletiniz ikramiye kazand\u0131 m\u0131? Uluslararas\u0131 piyangolar i\u00e7in sonu\u00e7lar\u0131 ve kazanan numaralar\u0131 burada bulabilirsiniz\" \/>\n<meta property=\"og:url\" content=\"https:\/\/redfoxlotto.com\/tr\/sonuclar\/\" \/>\n<meta property=\"og:site_name\" content=\"Get Tickets for the World\u2019s largest jackpots\" \/>\n<meta property=\"article:modified_time\" content=\"2025-12-18T09:03:51+00:00\" \/>\n<meta property=\"og:image\" content=\"https:\/\/content.redfoxlotto.com\/uploads\/sites\/9\/1_winning_lottery_numbers.jpg\" \/>\n<meta name=\"twitter:card\" content=\"summary_large_image\" \/>\n<meta name=\"twitter:label1\" content=\"Tahmini okuma s\u00fcresi\" \/>\n\t<meta name=\"twitter:data1\" content=\"2 dakika\" \/>\n<script type=\"application\/ld+json\" class=\"yoast-schema-graph\">{\"@context\":\"https:\/\/schema.org\",\"@graph\":[{\"@type\":\"WebPage\",\"@id\":\"https:\/\/redfoxlotto.com\/tr\/sonuclar\/\",\"url\":\"https:\/\/redfoxlotto.com\/tr\/sonuclar\/\",\"name\":\"Uluslararas\u0131 piyangolar\u0131n kazanan numaralar\u0131 ve sonu\u00e7lar\u0131\",\"isPartOf\":{\"@id\":\"https:\/\/redfoxlotto.com\/tr\/#website\"},\"primaryImageOfPage\":{\"@id\":\"https:\/\/redfoxlotto.com\/tr\/sonuclar\/#primaryimage\"},\"image\":{\"@id\":\"https:\/\/redfoxlotto.com\/tr\/sonuclar\/#primaryimage\"},\"thumbnailUrl\":\"https:\/\/content.redfoxlotto.com\/uploads\/sites\/9\/1_winning_lottery_numbers.jpg\",\"datePublished\":\"2023-04-24T14:13:24+00:00\",\"dateModified\":\"2025-12-18T09:03:51+00:00\",\"description\":\"Piyango biletiniz ikramiye kazand\u0131 m\u0131? Uluslararas\u0131 piyangolar i\u00e7in sonu\u00e7lar\u0131 ve kazanan numaralar\u0131 burada bulabilirsiniz\",\"breadcrumb\":{\"@id\":\"https:\/\/redfoxlotto.com\/tr\/sonuclar\/#breadcrumb\"},\"inLanguage\":\"tr\",\"potentialAction\":[{\"@type\":\"ReadAction\",\"target\":[\"https:\/\/redfoxlotto.com\/tr\/sonuclar\/\"]}]},{\"@type\":\"ImageObject\",\"inLanguage\":\"tr\",\"@id\":\"https:\/\/redfoxlotto.com\/tr\/sonuclar\/#primaryimage\",\"url\":\"https:\/\/content.redfoxlotto.com\/uploads\/sites\/9\/1_winning_lottery_numbers.jpg\",\"contentUrl\":\"https:\/\/content.redfoxlotto.com\/uploads\/sites\/9\/1_winning_lottery_numbers.jpg\"},{\"@type\":\"BreadcrumbList\",\"@id\":\"https:\/\/redfoxlotto.com\/tr\/sonuclar\/#breadcrumb\",\"itemListElement\":[{\"@type\":\"ListItem\",\"position\":1,\"name\":\"Home\",\"item\":\"https:\/\/redfoxlotto.com\/tr\/\"},{\"@type\":\"ListItem\",\"position\":2,\"name\":\"Uluslararas\u0131 loto sonu\u00e7lar\u0131\"}]},{\"@type\":\"WebSite\",\"@id\":\"https:\/\/redfoxlotto.com\/tr\/#website\",\"url\":\"https:\/\/redfoxlotto.com\/tr\/\",\"name\":\"Get Tickets for the World\u2019s largest jackpots\",\"description\":\"Participate in worldwide lottery jackpots from any country\",\"publisher\":{\"@id\":\"https:\/\/redfoxlotto.com\/tr\/#organization\"},\"potentialAction\":[{\"@type\":\"SearchAction\",\"target\":{\"@type\":\"EntryPoint\",\"urlTemplate\":\"https:\/\/redfoxlotto.com\/tr\/?s={search_term_string}\"},\"query-input\":{\"@type\":\"PropertyValueSpecification\",\"valueRequired\":true,\"valueName\":\"search_term_string\"}}],\"inLanguage\":\"tr\"},{\"@type\":\"Organization\",\"@id\":\"https:\/\/redfoxlotto.com\/tr\/#organization\",\"name\":\"Get Tickets for the World\u2019s largest jackpots\",\"url\":\"https:\/\/redfoxlotto.com\/tr\/\",\"logo\":{\"@type\":\"ImageObject\",\"inLanguage\":\"tr\",\"@id\":\"https:\/\/redfoxlotto.com\/tr\/#\/schema\/logo\/image\/\",\"url\":\"https:\/\/redfoxlotto.com\/wp-content\/uploads\/2023\/04\/logo.png\",\"contentUrl\":\"https:\/\/redfoxlotto.com\/wp-content\/uploads\/2023\/04\/logo.png\",\"width\":269,\"height\":53,\"caption\":\"Get Tickets for the World\u2019s largest jackpots\"},\"image\":{\"@id\":\"https:\/\/redfoxlotto.com\/tr\/#\/schema\/logo\/image\/\"}}]}<\/script>\n<!-- \/ Yoast SEO plugin. -->","yoast_head_json":{"title":"Uluslararas\u0131 piyangolar\u0131n kazanan numaralar\u0131 ve sonu\u00e7lar\u0131","description":"Piyango biletiniz ikramiye kazand\u0131 m\u0131? Uluslararas\u0131 piyangolar i\u00e7in sonu\u00e7lar\u0131 ve kazanan numaralar\u0131 burada bulabilirsiniz","robots":{"index":"index","follow":"follow","max-snippet":"max-snippet:-1","max-image-preview":"max-image-preview:large","max-video-preview":"max-video-preview:-1"},"canonical":"https:\/\/redfoxlotto.com\/tr\/sonuclar\/","og_locale":"tr_TR","og_type":"article","og_title":"Uluslararas\u0131 piyangolar\u0131n kazanan numaralar\u0131 ve sonu\u00e7lar\u0131","og_description":"Piyango biletiniz ikramiye kazand\u0131 m\u0131? Uluslararas\u0131 piyangolar i\u00e7in sonu\u00e7lar\u0131 ve kazanan numaralar\u0131 burada bulabilirsiniz","og_url":"https:\/\/redfoxlotto.com\/tr\/sonuclar\/","og_site_name":"Get Tickets for the World\u2019s largest jackpots","article_modified_time":"2025-12-18T09:03:51+00:00","og_image":[{"url":"https:\/\/content.redfoxlotto.com\/uploads\/sites\/9\/1_winning_lottery_numbers.jpg"}],"twitter_card":"summary_large_image","twitter_misc":{"Tahmini okuma s\u00fcresi":"2 dakika"},"schema":{"@context":"https:\/\/schema.org","@graph":[{"@type":"WebPage","@id":"https:\/\/redfoxlotto.com\/tr\/sonuclar\/","url":"https:\/\/redfoxlotto.com\/tr\/sonuclar\/","name":"Uluslararas\u0131 piyangolar\u0131n kazanan numaralar\u0131 ve sonu\u00e7lar\u0131","isPartOf":{"@id":"https:\/\/redfoxlotto.com\/tr\/#website"},"primaryImageOfPage":{"@id":"https:\/\/redfoxlotto.com\/tr\/sonuclar\/#primaryimage"},"image":{"@id":"https:\/\/redfoxlotto.com\/tr\/sonuclar\/#primaryimage"},"thumbnailUrl":"https:\/\/content.redfoxlotto.com\/uploads\/sites\/9\/1_winning_lottery_numbers.jpg","datePublished":"2023-04-24T14:13:24+00:00","dateModified":"2025-12-18T09:03:51+00:00","description":"Piyango biletiniz ikramiye kazand\u0131 m\u0131? Uluslararas\u0131 piyangolar i\u00e7in sonu\u00e7lar\u0131 ve kazanan numaralar\u0131 burada bulabilirsiniz","breadcrumb":{"@id":"https:\/\/redfoxlotto.com\/tr\/sonuclar\/#breadcrumb"},"inLanguage":"tr","potentialAction":[{"@type":"ReadAction","target":["https:\/\/redfoxlotto.com\/tr\/sonuclar\/"]}]},{"@type":"ImageObject","inLanguage":"tr","@id":"https:\/\/redfoxlotto.com\/tr\/sonuclar\/#primaryimage","url":"https:\/\/content.redfoxlotto.com\/uploads\/sites\/9\/1_winning_lottery_numbers.jpg","contentUrl":"https:\/\/content.redfoxlotto.com\/uploads\/sites\/9\/1_winning_lottery_numbers.jpg"},{"@type":"BreadcrumbList","@id":"https:\/\/redfoxlotto.com\/tr\/sonuclar\/#breadcrumb","itemListElement":[{"@type":"ListItem","position":1,"name":"Home","item":"https:\/\/redfoxlotto.com\/tr\/"},{"@type":"ListItem","position":2,"name":"Uluslararas\u0131 loto sonu\u00e7lar\u0131"}]},{"@type":"WebSite","@id":"https:\/\/redfoxlotto.com\/tr\/#website","url":"https:\/\/redfoxlotto.com\/tr\/","name":"Get Tickets for the World\u2019s largest jackpots","description":"Participate in worldwide lottery jackpots from any country","publisher":{"@id":"https:\/\/redfoxlotto.com\/tr\/#organization"},"potentialAction":[{"@type":"SearchAction","target":{"@type":"EntryPoint","urlTemplate":"https:\/\/redfoxlotto.com\/tr\/?s={search_term_string}"},"query-input":{"@type":"PropertyValueSpecification","valueRequired":true,"valueName":"search_term_string"}}],"inLanguage":"tr"},{"@type":"Organization","@id":"https:\/\/redfoxlotto.com\/tr\/#organization","name":"Get Tickets for the World\u2019s largest jackpots","url":"https:\/\/redfoxlotto.com\/tr\/","logo":{"@type":"ImageObject","inLanguage":"tr","@id":"https:\/\/redfoxlotto.com\/tr\/#\/schema\/logo\/image\/","url":"https:\/\/redfoxlotto.com\/wp-content\/uploads\/2023\/04\/logo.png","contentUrl":"https:\/\/redfoxlotto.com\/wp-content\/uploads\/2023\/04\/logo.png","width":269,"height":53,"caption":"Get Tickets for the World\u2019s largest jackpots"},"image":{"@id":"https:\/\/redfoxlotto.com\/tr\/#\/schema\/logo\/image\/"}}]}},"_links":{"self":[{"href":"https:\/\/redfoxlotto.com\/tr\/wp-json\/wp\/v2\/pages\/2949","targetHints":{"allow":["GET"]}}],"collection":[{"href":"https:\/\/redfoxlotto.com\/tr\/wp-json\/wp\/v2\/pages"}],"about":[{"href":"https:\/\/redfoxlotto.com\/tr\/wp-json\/wp\/v2\/types\/page"}],"author":[{"embeddable":true,"href":"https:\/\/redfoxlotto.com\/tr\/wp-json\/wp\/v2\/users\/1"}],"replies":[{"embeddable":true,"href":"https:\/\/redfoxlotto.com\/tr\/wp-json\/wp\/v2\/comments?post=2949"}],"version-history":[{"count":0,"href":"https:\/\/redfoxlotto.com\/tr\/wp-json\/wp\/v2\/pages\/2949\/revisions"}],"wp:attachment":[{"href":"https:\/\/redfoxlotto.com\/tr\/wp-json\/wp\/v2\/media?parent=2949"}],"curies":[{"name":"wp","href":"https:\/\/api.w.org\/{rel}","templated":true}]}}