{"id":2948,"date":"2018-11-18T08:54:25","date_gmt":"2018-11-18T08:54:25","guid":{"rendered":"https:\/\/redfoxlotto.com\/?page_id=5376"},"modified":"2023-04-29T08:01:03","modified_gmt":"2023-04-29T08:01:03","slug":"lotto-uk","status":"publish","type":"page","link":"https:\/\/redfoxlotto.com\/tr\/loto\/lotto-uk\/","title":{"rendered":"\u00c7evrimi\u00e7i UK Lottery Loto"},"content":{"rendered":"<p>\u0130ngiltere Piyangosu, Euromillions ve Eurojackpot gibi pan-avrupa piyangolar\u0131n\u0131 hesaba katmadan \u0130ngiltere&#8217;deki en b\u00fcy\u00fck ulusal piyangodur.<\/p><p><img loading=\"lazy\" decoding=\"async\" class=\" wp-image alignright\" src=\"https:\/\/content.redfoxlotto.com\/uploads\/sites\/9\/2_ticket_uk_lottery2.jpg\" alt=\"piyango biletleri \u0130ngiltere\" width=\"95\" height=\"150\" \/><\/p>\r\n<p>&nbsp;<\/p><p><!--more--><\/p><p>G\u00fcn\u00fcm\u00fczde, \u0130ngiltere d\u0131\u015f\u0131ndan gelen loto oyuncular\u0131 bu pop\u00fcler piyangoda bir \u015fans yakalayabilir. Oranlar, di\u011fer Avrupa piyangolar\u0131n\u0131n \u00e7o\u011fundan daha iyidir.<\/p><p>Birle\u015fik Krall\u0131k piyangosu, ad\u0131ndan da anla\u015f\u0131laca\u011f\u0131 gibi Birle\u015fik Krall\u0131k&#8217;\u0131n resmi piyangosudur. 1994 y\u0131l\u0131nda oyun ba\u015flad\u0131\u011f\u0131nda Milli piyango olarak biliniyordu ancak 2002 y\u0131l\u0131nda piyango olarak de\u011fi\u015ftirildi. Birle\u015fik Krall\u0131k piyangosu Birle\u015fik Krall\u0131k h\u00fck\u00fcmeti taraf\u0131ndan franchise edildi ve piyangoyu i\u015fletme lisans\u0131 olarak bilinen bir gruba verildi. Camelot grubu \u00e7ekili\u015fin d\u00fczenleme i\u015flemleri kumar komisyonu taraf\u0131ndan yap\u0131l\u0131r.<\/p><p>&lt;img class=&#8221;size-full wp-image alignright&#8221; src=&#8221;https:\/\/content.redfoxlotto.com\/uploads\/sites\/9\/1_win_lottery_online3.jpg&#8221; alt=&#8221;\u0130ngiltere Piyango bileti sat\u0131n al\u0131n&#8221;<\/p><p>Birle\u015fik Krall\u0131k piyangosuna yaln\u0131zca en az 16 ya\u015f\u0131nda olan ki\u015filerin kat\u0131lmas\u0131na izin verilir. Biletler Milli piyango web sitesinden \u00e7evrimi\u00e7i olarak sat\u0131n al\u0131nabilse de, yaln\u0131zca yukar\u0131daki kriterleri kar\u015f\u0131layan ki\u015filer i\u00e7in mevcuttur.<\/p><p>Birle\u015fik Krall\u0131k loto&#8217;suna kat\u0131lmak i\u00e7in, oyuncular\u0131n bir piyango bileti sat\u0131n almalar\u0131 gerekir ve 59 aras\u0131ndan 6 numara se\u00e7melerine izin verilir ve ayr\u0131ca say\u0131lar\u0131n sizin i\u00e7in rastgele se\u00e7ildi\u011fi \u015fansl\u0131 bir dald\u0131rma se\u00e7ene\u011fi de sunulur. \u00c7ekili\u015fler haftada iki kez yap\u0131l\u0131r ve burada 6 numara rastgele se\u00e7ilir ve kalan 53 numaradan da bir bonus numaras\u0131 se\u00e7ilir. Biletinizdeki numaralar \u00e7ekilen ana 6 numara ile tam olarak e\u015fle\u015fiyorsa, jackpotu kazand\u0131n\u0131z. Biletiniz \u00e7ekilen 6 say\u0131n\u0131n tamam\u0131 ile e\u015fle\u015fmese bile, bonus numaras\u0131 hari\u00e7 olmak \u00fczere \u00e7ekilen say\u0131lar\u0131n 2, 3, 4 veya 5&#8217;ini e\u015fle\u015ftirmenin \u00f6d\u00fclleri oldu\u011fu i\u00e7in bir \u015feyler kazanma \u015fans\u0131n\u0131z hala vard\u0131r.<\/p><p>\u0130ngiltere lotounda \u015fimdiye kadar kazan\u0131lan en b\u00fcy\u00fck ikramiye, Collins Weir ve kar\u0131s\u0131n\u0131n 12 Temmuz 2011&#8217;de kazand\u0131\u011f\u0131 161.6 milyon \u00a3 &#8216;luk ikramiye oldu. \u0130ngiltere piyangosunda ikramiye kazanma olas\u0131l\u0131\u011f\u0131 1:45 milyondur.<\/p><p>UK Lottery i\u00e7in online biletinizi \u015fimdi al\u0131n!<\/p>","protected":false},"excerpt":{"rendered":"<p>\u0130ngiltere Piyangosu, Euromillions ve Eurojackpot gibi pan-avrupa piyangolar\u0131n\u0131 hesaba katmadan \u0130ngiltere&#8217;deki en b\u00fcy\u00fck ulusal piyangodur. &nbsp;<\/p>\n","protected":false},"author":1,"featured_media":0,"parent":2932,"menu_order":9,"comment_status":"closed","ping_status":"closed","template":"lotto-uk-info.php","meta":{"_et_pb_use_builder":"","_et_pb_old_content":"","_et_gb_content_width":"","exclude_from_search":false,"footnotes":""},"class_list":["post-2948","page","type-page","status-publish","hentry"],"yoast_head":"<!-- This site is optimized with the Yoast SEO plugin v27.3 - https:\/\/yoast.com\/product\/yoast-seo-wordpress\/ -->\n<title>Birle\u015fik Krall\u0131k piyango | \u0130ngiltere piyangosu hakk\u0131nda ihtiyac\u0131n\u0131z olan bilgiler.<\/title>\n<meta name=\"description\" content=\"Sadece onlar hakk\u0131ndaki bu bilgileri bilerek \u0130ngiltere piyangosu ile daha iyi bir \u015fans\u0131n\u0131z olur.\" \/>\n<meta name=\"robots\" content=\"index, follow, max-snippet:-1, max-image-preview:large, max-video-preview:-1\" \/>\n<link rel=\"canonical\" href=\"https:\/\/redfoxlotto.com\/tr\/loto\/lotto-uk\/\" \/>\n<meta property=\"og:locale\" content=\"tr_TR\" \/>\n<meta property=\"og:type\" content=\"article\" \/>\n<meta property=\"og:title\" content=\"Birle\u015fik Krall\u0131k piyango | \u0130ngiltere piyangosu hakk\u0131nda ihtiyac\u0131n\u0131z olan bilgiler.\" \/>\n<meta property=\"og:description\" content=\"Sadece onlar hakk\u0131ndaki bu bilgileri bilerek \u0130ngiltere piyangosu ile daha iyi bir \u015fans\u0131n\u0131z olur.\" \/>\n<meta property=\"og:url\" content=\"https:\/\/redfoxlotto.com\/tr\/loto\/lotto-uk\/\" \/>\n<meta property=\"og:site_name\" content=\"Get Tickets for the World\u2019s largest jackpots\" \/>\n<meta property=\"article:modified_time\" content=\"2023-04-29T08:01:03+00:00\" \/>\n<meta property=\"og:image\" content=\"https:\/\/content.redfoxlotto.com\/uploads\/sites\/9\/2_ticket_uk_lottery2.jpg\" \/>\n<meta name=\"twitter:card\" content=\"summary_large_image\" \/>\n<meta name=\"twitter:label1\" content=\"Tahmini okuma s\u00fcresi\" \/>\n\t<meta name=\"twitter:data1\" content=\"2 dakika\" \/>\n<script type=\"application\/ld+json\" class=\"yoast-schema-graph\">{\"@context\":\"https:\\\/\\\/schema.org\",\"@graph\":[{\"@type\":\"WebPage\",\"@id\":\"https:\\\/\\\/redfoxlotto.com\\\/tr\\\/loto\\\/lotto-uk\\\/\",\"url\":\"https:\\\/\\\/redfoxlotto.com\\\/tr\\\/loto\\\/lotto-uk\\\/\",\"name\":\"Birle\u015fik Krall\u0131k piyango | \u0130ngiltere piyangosu hakk\u0131nda ihtiyac\u0131n\u0131z olan bilgiler.\",\"isPartOf\":{\"@id\":\"https:\\\/\\\/redfoxlotto.com\\\/tr\\\/#website\"},\"primaryImageOfPage\":{\"@id\":\"https:\\\/\\\/redfoxlotto.com\\\/tr\\\/loto\\\/lotto-uk\\\/#primaryimage\"},\"image\":{\"@id\":\"https:\\\/\\\/redfoxlotto.com\\\/tr\\\/loto\\\/lotto-uk\\\/#primaryimage\"},\"thumbnailUrl\":\"https:\\\/\\\/content.redfoxlotto.com\\\/uploads\\\/sites\\\/9\\\/2_ticket_uk_lottery2.jpg\",\"datePublished\":\"2018-11-18T08:54:25+00:00\",\"dateModified\":\"2023-04-29T08:01:03+00:00\",\"description\":\"Sadece onlar hakk\u0131ndaki bu bilgileri bilerek \u0130ngiltere piyangosu ile daha iyi bir \u015fans\u0131n\u0131z olur.\",\"breadcrumb\":{\"@id\":\"https:\\\/\\\/redfoxlotto.com\\\/tr\\\/loto\\\/lotto-uk\\\/#breadcrumb\"},\"inLanguage\":\"tr\",\"potentialAction\":[{\"@type\":\"ReadAction\",\"target\":[\"https:\\\/\\\/redfoxlotto.com\\\/tr\\\/loto\\\/lotto-uk\\\/\"]}]},{\"@type\":\"ImageObject\",\"inLanguage\":\"tr\",\"@id\":\"https:\\\/\\\/redfoxlotto.com\\\/tr\\\/loto\\\/lotto-uk\\\/#primaryimage\",\"url\":\"https:\\\/\\\/content.redfoxlotto.com\\\/uploads\\\/sites\\\/9\\\/2_ticket_uk_lottery2.jpg\",\"contentUrl\":\"https:\\\/\\\/content.redfoxlotto.com\\\/uploads\\\/sites\\\/9\\\/2_ticket_uk_lottery2.jpg\"},{\"@type\":\"BreadcrumbList\",\"@id\":\"https:\\\/\\\/redfoxlotto.com\\\/tr\\\/loto\\\/lotto-uk\\\/#breadcrumb\",\"itemListElement\":[{\"@type\":\"ListItem\",\"position\":1,\"name\":\"Home\",\"item\":\"https:\\\/\\\/redfoxlotto.com\\\/tr\\\/\"},{\"@type\":\"ListItem\",\"position\":2,\"name\":\"Online piyango bileti sat\u0131n alma i\u015flemi\",\"item\":\"https:\\\/\\\/redfoxlotto.com\\\/tr\\\/loto\\\/\"},{\"@type\":\"ListItem\",\"position\":3,\"name\":\"\u00c7evrimi\u00e7i UK Lottery Loto\"}]},{\"@type\":\"WebSite\",\"@id\":\"https:\\\/\\\/redfoxlotto.com\\\/tr\\\/#website\",\"url\":\"https:\\\/\\\/redfoxlotto.com\\\/tr\\\/\",\"name\":\"Get Tickets for the World\u2019s largest jackpots\",\"description\":\"Participate in worldwide lottery jackpots from any country\",\"publisher\":{\"@id\":\"https:\\\/\\\/redfoxlotto.com\\\/tr\\\/#organization\"},\"potentialAction\":[{\"@type\":\"SearchAction\",\"target\":{\"@type\":\"EntryPoint\",\"urlTemplate\":\"https:\\\/\\\/redfoxlotto.com\\\/tr\\\/?s={search_term_string}\"},\"query-input\":{\"@type\":\"PropertyValueSpecification\",\"valueRequired\":true,\"valueName\":\"search_term_string\"}}],\"inLanguage\":\"tr\"},{\"@type\":\"Organization\",\"@id\":\"https:\\\/\\\/redfoxlotto.com\\\/tr\\\/#organization\",\"name\":\"Get Tickets for the World\u2019s largest jackpots\",\"url\":\"https:\\\/\\\/redfoxlotto.com\\\/tr\\\/\",\"logo\":{\"@type\":\"ImageObject\",\"inLanguage\":\"tr\",\"@id\":\"https:\\\/\\\/redfoxlotto.com\\\/tr\\\/#\\\/schema\\\/logo\\\/image\\\/\",\"url\":\"https:\\\/\\\/redfoxlotto.com\\\/wp-content\\\/uploads\\\/2023\\\/04\\\/logo.png\",\"contentUrl\":\"https:\\\/\\\/redfoxlotto.com\\\/wp-content\\\/uploads\\\/2023\\\/04\\\/logo.png\",\"width\":269,\"height\":53,\"caption\":\"Get Tickets for the World\u2019s largest jackpots\"},\"image\":{\"@id\":\"https:\\\/\\\/redfoxlotto.com\\\/tr\\\/#\\\/schema\\\/logo\\\/image\\\/\"}}]}<\/script>\n<!-- \/ Yoast SEO plugin. -->","yoast_head_json":{"title":"Birle\u015fik Krall\u0131k piyango | \u0130ngiltere piyangosu hakk\u0131nda ihtiyac\u0131n\u0131z olan bilgiler.","description":"Sadece onlar hakk\u0131ndaki bu bilgileri bilerek \u0130ngiltere piyangosu ile daha iyi bir \u015fans\u0131n\u0131z olur.","robots":{"index":"index","follow":"follow","max-snippet":"max-snippet:-1","max-image-preview":"max-image-preview:large","max-video-preview":"max-video-preview:-1"},"canonical":"https:\/\/redfoxlotto.com\/tr\/loto\/lotto-uk\/","og_locale":"tr_TR","og_type":"article","og_title":"Birle\u015fik Krall\u0131k piyango | \u0130ngiltere piyangosu hakk\u0131nda ihtiyac\u0131n\u0131z olan bilgiler.","og_description":"Sadece onlar hakk\u0131ndaki bu bilgileri bilerek \u0130ngiltere piyangosu ile daha iyi bir \u015fans\u0131n\u0131z olur.","og_url":"https:\/\/redfoxlotto.com\/tr\/loto\/lotto-uk\/","og_site_name":"Get Tickets for the World\u2019s largest jackpots","article_modified_time":"2023-04-29T08:01:03+00:00","og_image":[{"url":"https:\/\/content.redfoxlotto.com\/uploads\/sites\/9\/2_ticket_uk_lottery2.jpg","type":"","width":"","height":""}],"twitter_card":"summary_large_image","twitter_misc":{"Tahmini okuma s\u00fcresi":"2 dakika"},"schema":{"@context":"https:\/\/schema.org","@graph":[{"@type":"WebPage","@id":"https:\/\/redfoxlotto.com\/tr\/loto\/lotto-uk\/","url":"https:\/\/redfoxlotto.com\/tr\/loto\/lotto-uk\/","name":"Birle\u015fik Krall\u0131k piyango | \u0130ngiltere piyangosu hakk\u0131nda ihtiyac\u0131n\u0131z olan bilgiler.","isPartOf":{"@id":"https:\/\/redfoxlotto.com\/tr\/#website"},"primaryImageOfPage":{"@id":"https:\/\/redfoxlotto.com\/tr\/loto\/lotto-uk\/#primaryimage"},"image":{"@id":"https:\/\/redfoxlotto.com\/tr\/loto\/lotto-uk\/#primaryimage"},"thumbnailUrl":"https:\/\/content.redfoxlotto.com\/uploads\/sites\/9\/2_ticket_uk_lottery2.jpg","datePublished":"2018-11-18T08:54:25+00:00","dateModified":"2023-04-29T08:01:03+00:00","description":"Sadece onlar hakk\u0131ndaki bu bilgileri bilerek \u0130ngiltere piyangosu ile daha iyi bir \u015fans\u0131n\u0131z olur.","breadcrumb":{"@id":"https:\/\/redfoxlotto.com\/tr\/loto\/lotto-uk\/#breadcrumb"},"inLanguage":"tr","potentialAction":[{"@type":"ReadAction","target":["https:\/\/redfoxlotto.com\/tr\/loto\/lotto-uk\/"]}]},{"@type":"ImageObject","inLanguage":"tr","@id":"https:\/\/redfoxlotto.com\/tr\/loto\/lotto-uk\/#primaryimage","url":"https:\/\/content.redfoxlotto.com\/uploads\/sites\/9\/2_ticket_uk_lottery2.jpg","contentUrl":"https:\/\/content.redfoxlotto.com\/uploads\/sites\/9\/2_ticket_uk_lottery2.jpg"},{"@type":"BreadcrumbList","@id":"https:\/\/redfoxlotto.com\/tr\/loto\/lotto-uk\/#breadcrumb","itemListElement":[{"@type":"ListItem","position":1,"name":"Home","item":"https:\/\/redfoxlotto.com\/tr\/"},{"@type":"ListItem","position":2,"name":"Online piyango bileti sat\u0131n alma i\u015flemi","item":"https:\/\/redfoxlotto.com\/tr\/loto\/"},{"@type":"ListItem","position":3,"name":"\u00c7evrimi\u00e7i UK Lottery Loto"}]},{"@type":"WebSite","@id":"https:\/\/redfoxlotto.com\/tr\/#website","url":"https:\/\/redfoxlotto.com\/tr\/","name":"Get Tickets for the World\u2019s largest jackpots","description":"Participate in worldwide lottery jackpots from any country","publisher":{"@id":"https:\/\/redfoxlotto.com\/tr\/#organization"},"potentialAction":[{"@type":"SearchAction","target":{"@type":"EntryPoint","urlTemplate":"https:\/\/redfoxlotto.com\/tr\/?s={search_term_string}"},"query-input":{"@type":"PropertyValueSpecification","valueRequired":true,"valueName":"search_term_string"}}],"inLanguage":"tr"},{"@type":"Organization","@id":"https:\/\/redfoxlotto.com\/tr\/#organization","name":"Get Tickets for the World\u2019s largest jackpots","url":"https:\/\/redfoxlotto.com\/tr\/","logo":{"@type":"ImageObject","inLanguage":"tr","@id":"https:\/\/redfoxlotto.com\/tr\/#\/schema\/logo\/image\/","url":"https:\/\/redfoxlotto.com\/wp-content\/uploads\/2023\/04\/logo.png","contentUrl":"https:\/\/redfoxlotto.com\/wp-content\/uploads\/2023\/04\/logo.png","width":269,"height":53,"caption":"Get Tickets for the World\u2019s largest jackpots"},"image":{"@id":"https:\/\/redfoxlotto.com\/tr\/#\/schema\/logo\/image\/"}}]}},"_links":{"self":[{"href":"https:\/\/redfoxlotto.com\/tr\/wp-json\/wp\/v2\/pages\/2948","targetHints":{"allow":["GET"]}}],"collection":[{"href":"https:\/\/redfoxlotto.com\/tr\/wp-json\/wp\/v2\/pages"}],"about":[{"href":"https:\/\/redfoxlotto.com\/tr\/wp-json\/wp\/v2\/types\/page"}],"author":[{"embeddable":true,"href":"https:\/\/redfoxlotto.com\/tr\/wp-json\/wp\/v2\/users\/1"}],"replies":[{"embeddable":true,"href":"https:\/\/redfoxlotto.com\/tr\/wp-json\/wp\/v2\/comments?post=2948"}],"version-history":[{"count":0,"href":"https:\/\/redfoxlotto.com\/tr\/wp-json\/wp\/v2\/pages\/2948\/revisions"}],"up":[{"embeddable":true,"href":"https:\/\/redfoxlotto.com\/tr\/wp-json\/wp\/v2\/pages\/2932"}],"wp:attachment":[{"href":"https:\/\/redfoxlotto.com\/tr\/wp-json\/wp\/v2\/media?parent=2948"}],"curies":[{"name":"wp","href":"https:\/\/api.w.org\/{rel}","templated":true}]}}