{"id":2947,"date":"2018-11-18T08:54:25","date_gmt":"2018-11-18T08:54:25","guid":{"rendered":"https:\/\/redfoxlotto.com\/?page_id=5374"},"modified":"2019-09-12T18:15:07","modified_gmt":"2019-09-12T18:15:07","slug":"superenalotto","status":"publish","type":"page","link":"https:\/\/redfoxlotto.com\/tr\/loto\/superenalotto\/","title":{"rendered":"SuperEnalotto hakk\u0131nda"},"content":{"rendered":"<p>Bu piyango 1950&#8217;lerde \u0130talya&#8217;da &#8220;EnaLotto&#8221; olarak ortaya \u00e7\u0131km\u0131\u015f ve sonradan SuperEnaLotto ismini alm\u0131\u015ft\u0131r. Superenalotto&#8217;nun \u015fimdiye kadarki en b\u00fcy\u00fck kazanc\u0131 177.729.043,16 \u20ac olmu\u015ftur.<\/p><p>Bu piyango her Sal\u0131, Per\u015fembe ve Cumartesileri haftada 3 kere \u00e7ekilmektedir.<\/p><!--more--><h2 class=\"wp-block-heading\">Superenalotto biletinizi \u00e7evrimi\u00e7i nas\u0131l sat\u0131n alabilirsiniz<\/h2><p><img loading=\"lazy\" decoding=\"async\" class=\" wp-image alignright\" src=\"https:\/\/content.redfoxlotto.com\/uploads\/sites\/9\/2_ticket_superenalotto4.jpg\" alt=\"Superenalotto \u00e7evrimi\u00e7i oyna\" width=\"242\" height=\"345\" \/><\/p><p>Superenalotto biletinizi \u00e7evrimi\u00e7i sat\u0131n alma i\u015flemi \u00e7ok basittir. Web sitemiz bilet al\u0131m\u0131 ve \u00f6deme konular\u0131nda size rehberlik edecektir.<\/p><p>Biletinizi \u00e7evrimi\u00e7i sat\u0131n almaya haz\u0131r oldu\u011funuzda, iki farkl\u0131 \u015fekilde yapabilirsiniz:<\/p><ol class=\"wp-block-list\"><li>RedFoxLotto&#8217;da bir hesap a\u00e7arak ba\u015flay\u0131n (size g\u00f6nderece\u011fimiz do\u011frulama e-postas\u0131ndaki ba\u011flant\u0131y\u0131 t\u0131klamay\u0131 unutmay\u0131n!) Ve ard\u0131ndan \u00f6nce hesab\u0131n\u0131za biraz para yat\u0131r\u0131n. Art\u0131k hesab\u0131n\u0131zda paran\u0131z oldu\u011funa g\u00f6re, bir piyango se\u00e7ebilir, numaralar\u0131n\u0131z\u0131 se\u00e7ebilir ve hesap bakiyenizle \u00f6deme yapabilirsiniz. Bug\u00fcn online bilet sat\u0131n almak ve daha sonra daha fazla bilet sat\u0131n almak i\u00e7in geri d\u00f6nmek istiyorsan\u0131z, bu y\u00f6ntem idealdir.<\/li><\/ol><p>Veya:<\/p><p><img loading=\"lazy\" decoding=\"async\" class=\" wp-image alignright\" src=\"https:\/\/content.redfoxlotto.com\/uploads\/sites\/9\/1_buy_ticket_jackpot.jpg\" alt=\"Superenalotto kazan\u0131n\" width=\"262\" height=\"174\" \/><\/p><p>2. \u00d6nce bir piyango se\u00e7, sonra numaralar\u0131n\u0131 se\u00e7. \u0130sterseniz daha fazla piyango ve daha fazla bilet ekleyin. Ard\u0131ndan &#8220;\u015fimdi \u00f6de&#8221; d\u00fc\u011fmesini t\u0131klay\u0131n. Ard\u0131ndan, giri\u015f ekran\u0131n\u0131 g\u00f6receksiniz. Hen\u00fcz bir hesab\u0131n\u0131z olmad\u0131\u011f\u0131ndan, &#8220;Kaydol&#8221; d\u00fc\u011fmesini t\u0131klayarak bir hesap olu\u015fturman\u0131z gerekir. Yeni hesab\u0131n\u0131z\u0131 kaydettikten ve do\u011frulad\u0131ktan sonra, al\u0131\u015fveri\u015f sepeti simgesini aray\u0131n ve t\u0131klay\u0131n. Ard\u0131ndan, size uygun olan herhangi bir y\u00f6ntemi kullanarak \u00e7evrimi\u00e7i \u00f6deme yapars\u0131n\u0131z.<\/p><p>\u00d6deme i\u00e7in gerekli t\u00fcm ad\u0131mlar\u0131 tamamlad\u0131\u011f\u0131n\u0131zdan emin olun. Biletlerinizi ba\u015far\u0131yla sat\u0131n ald\u0131ktan sonra, bir onay e-postas\u0131 al\u0131rs\u0131n\u0131z. Bundan sonra, yapman\u0131z gereken tek \u015fey \u00e7ekili\u015fin kazan\u0131p kazanmad\u0131\u011f\u0131n\u0131z\u0131 g\u00f6rmesini beklemek!<\/p><h2 class=\"wp-block-heading\">D\u00fcnyada SuperEnalotto<\/h2><p>Eurojackpot ortaya \u00e7\u0131kana kadar, Superenalotto piyangosu Avrupa piyangolar\u0131n\u0131n krali\u00e7esiydi. Bug\u00fcnlerde sadece \u0130talya&#8217;da de\u011fil di\u011fer \u00fclkelerdeki oyuncular taraf\u0131ndan da online olarak oynanmaktad\u0131r.<\/p><h2 class=\"wp-block-heading\">SuperEnalotto Kurallar\u0131<\/h2><p>SuperEnaLotto, ek say\u0131 i\u00e7ermeden 90 numaradan 6&#8217;s\u0131n\u0131 bilmeniz gereken bir oyundur.6 numaray\u0131 do\u011fru tahmin ederek b\u00fcy\u00fck ikramiyeyi kazanabilirsiniz. E\u011fer en az 3 adet numaray\u0131 bilirseniz, d\u00fc\u015f\u00fck \u00f6d\u00fcllerden birini kazan\u0131rs\u0131n\u0131z.<\/p>","protected":false},"excerpt":{"rendered":"<p>Bu piyango 1950&#8217;lerde \u0130talya&#8217;da &#8220;EnaLotto&#8221; olarak ortaya \u00e7\u0131km\u0131\u015f ve sonradan SuperEnaLotto ismini alm\u0131\u015ft\u0131r. Superenalotto&#8217;nun \u015fimdiye kadarki en b\u00fcy\u00fck kazanc\u0131 177.729.043,16 \u20ac olmu\u015ftur. Bu piyango her Sal\u0131, Per\u015fembe ve Cumartesileri haftada 3 kere \u00e7ekilmektedir.<\/p>\n","protected":false},"author":1,"featured_media":0,"parent":2932,"menu_order":5,"comment_status":"closed","ping_status":"closed","template":"superenalotto-info.php","meta":{"_et_pb_use_builder":"","_et_pb_old_content":"","_et_gb_content_width":"","exclude_from_search":false,"footnotes":""},"class_list":["post-2947","page","type-page","status-publish","hentry"],"yoast_head":"<!-- This site is optimized with the Yoast SEO plugin v27.3 - https:\/\/yoast.com\/product\/yoast-seo-wordpress\/ -->\n<title>Superenalotto i\u00e7in online bilet sat\u0131n al\u0131n<\/title>\n<meta name=\"description\" content=\"\u0130talya&#039;da ya\u015fam\u0131yor olsan\u0131z bile, Superenalotto biletlerini online olarak sat\u0131n alabilirsiniz!\" \/>\n<meta name=\"robots\" content=\"index, follow, max-snippet:-1, max-image-preview:large, max-video-preview:-1\" \/>\n<link rel=\"canonical\" href=\"https:\/\/redfoxlotto.com\/tr\/loto\/superenalotto\/\" \/>\n<meta property=\"og:locale\" content=\"tr_TR\" \/>\n<meta property=\"og:type\" content=\"article\" \/>\n<meta property=\"og:title\" content=\"Superenalotto i\u00e7in online bilet sat\u0131n al\u0131n\" \/>\n<meta property=\"og:description\" content=\"\u0130talya&#039;da ya\u015fam\u0131yor olsan\u0131z bile, Superenalotto biletlerini online olarak sat\u0131n alabilirsiniz!\" \/>\n<meta property=\"og:url\" content=\"https:\/\/redfoxlotto.com\/tr\/loto\/superenalotto\/\" \/>\n<meta property=\"og:site_name\" content=\"Get Tickets for the World\u2019s largest jackpots\" \/>\n<meta property=\"article:modified_time\" content=\"2019-09-12T18:15:07+00:00\" \/>\n<meta property=\"og:image\" content=\"https:\/\/content.redfoxlotto.com\/uploads\/sites\/9\/2_ticket_superenalotto4.jpg\" \/>\n<meta name=\"twitter:card\" content=\"summary_large_image\" \/>\n<meta name=\"twitter:label1\" content=\"Tahmini okuma s\u00fcresi\" \/>\n\t<meta name=\"twitter:data1\" content=\"2 dakika\" \/>\n<script type=\"application\/ld+json\" class=\"yoast-schema-graph\">{\"@context\":\"https:\\\/\\\/schema.org\",\"@graph\":[{\"@type\":\"WebPage\",\"@id\":\"https:\\\/\\\/redfoxlotto.com\\\/tr\\\/loto\\\/superenalotto\\\/\",\"url\":\"https:\\\/\\\/redfoxlotto.com\\\/tr\\\/loto\\\/superenalotto\\\/\",\"name\":\"Superenalotto i\u00e7in online bilet sat\u0131n al\u0131n\",\"isPartOf\":{\"@id\":\"https:\\\/\\\/redfoxlotto.com\\\/tr\\\/#website\"},\"primaryImageOfPage\":{\"@id\":\"https:\\\/\\\/redfoxlotto.com\\\/tr\\\/loto\\\/superenalotto\\\/#primaryimage\"},\"image\":{\"@id\":\"https:\\\/\\\/redfoxlotto.com\\\/tr\\\/loto\\\/superenalotto\\\/#primaryimage\"},\"thumbnailUrl\":\"https:\\\/\\\/content.redfoxlotto.com\\\/uploads\\\/sites\\\/9\\\/2_ticket_superenalotto4.jpg\",\"datePublished\":\"2018-11-18T08:54:25+00:00\",\"dateModified\":\"2019-09-12T18:15:07+00:00\",\"description\":\"\u0130talya'da ya\u015fam\u0131yor olsan\u0131z bile, Superenalotto biletlerini online olarak sat\u0131n alabilirsiniz!\",\"breadcrumb\":{\"@id\":\"https:\\\/\\\/redfoxlotto.com\\\/tr\\\/loto\\\/superenalotto\\\/#breadcrumb\"},\"inLanguage\":\"tr\",\"potentialAction\":[{\"@type\":\"ReadAction\",\"target\":[\"https:\\\/\\\/redfoxlotto.com\\\/tr\\\/loto\\\/superenalotto\\\/\"]}]},{\"@type\":\"ImageObject\",\"inLanguage\":\"tr\",\"@id\":\"https:\\\/\\\/redfoxlotto.com\\\/tr\\\/loto\\\/superenalotto\\\/#primaryimage\",\"url\":\"https:\\\/\\\/content.redfoxlotto.com\\\/uploads\\\/sites\\\/9\\\/2_ticket_superenalotto4.jpg\",\"contentUrl\":\"https:\\\/\\\/content.redfoxlotto.com\\\/uploads\\\/sites\\\/9\\\/2_ticket_superenalotto4.jpg\"},{\"@type\":\"BreadcrumbList\",\"@id\":\"https:\\\/\\\/redfoxlotto.com\\\/tr\\\/loto\\\/superenalotto\\\/#breadcrumb\",\"itemListElement\":[{\"@type\":\"ListItem\",\"position\":1,\"name\":\"Home\",\"item\":\"https:\\\/\\\/redfoxlotto.com\\\/tr\\\/\"},{\"@type\":\"ListItem\",\"position\":2,\"name\":\"Online piyango bileti sat\u0131n alma i\u015flemi\",\"item\":\"https:\\\/\\\/redfoxlotto.com\\\/tr\\\/loto\\\/\"},{\"@type\":\"ListItem\",\"position\":3,\"name\":\"SuperEnalotto hakk\u0131nda\"}]},{\"@type\":\"WebSite\",\"@id\":\"https:\\\/\\\/redfoxlotto.com\\\/tr\\\/#website\",\"url\":\"https:\\\/\\\/redfoxlotto.com\\\/tr\\\/\",\"name\":\"Get Tickets for the World\u2019s largest jackpots\",\"description\":\"Participate in worldwide lottery jackpots from any country\",\"publisher\":{\"@id\":\"https:\\\/\\\/redfoxlotto.com\\\/tr\\\/#organization\"},\"potentialAction\":[{\"@type\":\"SearchAction\",\"target\":{\"@type\":\"EntryPoint\",\"urlTemplate\":\"https:\\\/\\\/redfoxlotto.com\\\/tr\\\/?s={search_term_string}\"},\"query-input\":{\"@type\":\"PropertyValueSpecification\",\"valueRequired\":true,\"valueName\":\"search_term_string\"}}],\"inLanguage\":\"tr\"},{\"@type\":\"Organization\",\"@id\":\"https:\\\/\\\/redfoxlotto.com\\\/tr\\\/#organization\",\"name\":\"Get Tickets for the World\u2019s largest jackpots\",\"url\":\"https:\\\/\\\/redfoxlotto.com\\\/tr\\\/\",\"logo\":{\"@type\":\"ImageObject\",\"inLanguage\":\"tr\",\"@id\":\"https:\\\/\\\/redfoxlotto.com\\\/tr\\\/#\\\/schema\\\/logo\\\/image\\\/\",\"url\":\"https:\\\/\\\/redfoxlotto.com\\\/wp-content\\\/uploads\\\/2023\\\/04\\\/logo.png\",\"contentUrl\":\"https:\\\/\\\/redfoxlotto.com\\\/wp-content\\\/uploads\\\/2023\\\/04\\\/logo.png\",\"width\":269,\"height\":53,\"caption\":\"Get Tickets for the World\u2019s largest jackpots\"},\"image\":{\"@id\":\"https:\\\/\\\/redfoxlotto.com\\\/tr\\\/#\\\/schema\\\/logo\\\/image\\\/\"}}]}<\/script>\n<!-- \/ Yoast SEO plugin. -->","yoast_head_json":{"title":"Superenalotto i\u00e7in online bilet sat\u0131n al\u0131n","description":"\u0130talya'da ya\u015fam\u0131yor olsan\u0131z bile, Superenalotto biletlerini online olarak sat\u0131n alabilirsiniz!","robots":{"index":"index","follow":"follow","max-snippet":"max-snippet:-1","max-image-preview":"max-image-preview:large","max-video-preview":"max-video-preview:-1"},"canonical":"https:\/\/redfoxlotto.com\/tr\/loto\/superenalotto\/","og_locale":"tr_TR","og_type":"article","og_title":"Superenalotto i\u00e7in online bilet sat\u0131n al\u0131n","og_description":"\u0130talya'da ya\u015fam\u0131yor olsan\u0131z bile, Superenalotto biletlerini online olarak sat\u0131n alabilirsiniz!","og_url":"https:\/\/redfoxlotto.com\/tr\/loto\/superenalotto\/","og_site_name":"Get Tickets for the World\u2019s largest jackpots","article_modified_time":"2019-09-12T18:15:07+00:00","og_image":[{"url":"https:\/\/content.redfoxlotto.com\/uploads\/sites\/9\/2_ticket_superenalotto4.jpg","type":"","width":"","height":""}],"twitter_card":"summary_large_image","twitter_misc":{"Tahmini okuma s\u00fcresi":"2 dakika"},"schema":{"@context":"https:\/\/schema.org","@graph":[{"@type":"WebPage","@id":"https:\/\/redfoxlotto.com\/tr\/loto\/superenalotto\/","url":"https:\/\/redfoxlotto.com\/tr\/loto\/superenalotto\/","name":"Superenalotto i\u00e7in online bilet sat\u0131n al\u0131n","isPartOf":{"@id":"https:\/\/redfoxlotto.com\/tr\/#website"},"primaryImageOfPage":{"@id":"https:\/\/redfoxlotto.com\/tr\/loto\/superenalotto\/#primaryimage"},"image":{"@id":"https:\/\/redfoxlotto.com\/tr\/loto\/superenalotto\/#primaryimage"},"thumbnailUrl":"https:\/\/content.redfoxlotto.com\/uploads\/sites\/9\/2_ticket_superenalotto4.jpg","datePublished":"2018-11-18T08:54:25+00:00","dateModified":"2019-09-12T18:15:07+00:00","description":"\u0130talya'da ya\u015fam\u0131yor olsan\u0131z bile, Superenalotto biletlerini online olarak sat\u0131n alabilirsiniz!","breadcrumb":{"@id":"https:\/\/redfoxlotto.com\/tr\/loto\/superenalotto\/#breadcrumb"},"inLanguage":"tr","potentialAction":[{"@type":"ReadAction","target":["https:\/\/redfoxlotto.com\/tr\/loto\/superenalotto\/"]}]},{"@type":"ImageObject","inLanguage":"tr","@id":"https:\/\/redfoxlotto.com\/tr\/loto\/superenalotto\/#primaryimage","url":"https:\/\/content.redfoxlotto.com\/uploads\/sites\/9\/2_ticket_superenalotto4.jpg","contentUrl":"https:\/\/content.redfoxlotto.com\/uploads\/sites\/9\/2_ticket_superenalotto4.jpg"},{"@type":"BreadcrumbList","@id":"https:\/\/redfoxlotto.com\/tr\/loto\/superenalotto\/#breadcrumb","itemListElement":[{"@type":"ListItem","position":1,"name":"Home","item":"https:\/\/redfoxlotto.com\/tr\/"},{"@type":"ListItem","position":2,"name":"Online piyango bileti sat\u0131n alma i\u015flemi","item":"https:\/\/redfoxlotto.com\/tr\/loto\/"},{"@type":"ListItem","position":3,"name":"SuperEnalotto hakk\u0131nda"}]},{"@type":"WebSite","@id":"https:\/\/redfoxlotto.com\/tr\/#website","url":"https:\/\/redfoxlotto.com\/tr\/","name":"Get Tickets for the World\u2019s largest jackpots","description":"Participate in worldwide lottery jackpots from any country","publisher":{"@id":"https:\/\/redfoxlotto.com\/tr\/#organization"},"potentialAction":[{"@type":"SearchAction","target":{"@type":"EntryPoint","urlTemplate":"https:\/\/redfoxlotto.com\/tr\/?s={search_term_string}"},"query-input":{"@type":"PropertyValueSpecification","valueRequired":true,"valueName":"search_term_string"}}],"inLanguage":"tr"},{"@type":"Organization","@id":"https:\/\/redfoxlotto.com\/tr\/#organization","name":"Get Tickets for the World\u2019s largest jackpots","url":"https:\/\/redfoxlotto.com\/tr\/","logo":{"@type":"ImageObject","inLanguage":"tr","@id":"https:\/\/redfoxlotto.com\/tr\/#\/schema\/logo\/image\/","url":"https:\/\/redfoxlotto.com\/wp-content\/uploads\/2023\/04\/logo.png","contentUrl":"https:\/\/redfoxlotto.com\/wp-content\/uploads\/2023\/04\/logo.png","width":269,"height":53,"caption":"Get Tickets for the World\u2019s largest jackpots"},"image":{"@id":"https:\/\/redfoxlotto.com\/tr\/#\/schema\/logo\/image\/"}}]}},"_links":{"self":[{"href":"https:\/\/redfoxlotto.com\/tr\/wp-json\/wp\/v2\/pages\/2947","targetHints":{"allow":["GET"]}}],"collection":[{"href":"https:\/\/redfoxlotto.com\/tr\/wp-json\/wp\/v2\/pages"}],"about":[{"href":"https:\/\/redfoxlotto.com\/tr\/wp-json\/wp\/v2\/types\/page"}],"author":[{"embeddable":true,"href":"https:\/\/redfoxlotto.com\/tr\/wp-json\/wp\/v2\/users\/1"}],"replies":[{"embeddable":true,"href":"https:\/\/redfoxlotto.com\/tr\/wp-json\/wp\/v2\/comments?post=2947"}],"version-history":[{"count":0,"href":"https:\/\/redfoxlotto.com\/tr\/wp-json\/wp\/v2\/pages\/2947\/revisions"}],"up":[{"embeddable":true,"href":"https:\/\/redfoxlotto.com\/tr\/wp-json\/wp\/v2\/pages\/2932"}],"wp:attachment":[{"href":"https:\/\/redfoxlotto.com\/tr\/wp-json\/wp\/v2\/media?parent=2947"}],"curies":[{"name":"wp","href":"https:\/\/api.w.org\/{rel}","templated":true}]}}