{"id":2946,"date":"2018-11-18T08:54:25","date_gmt":"2018-11-18T08:54:25","guid":{"rendered":"https:\/\/redfoxlotto.com\/?page_id=5372"},"modified":"2019-09-12T18:15:07","modified_gmt":"2019-09-12T18:15:07","slug":"saturday-lotto-au","status":"publish","type":"page","link":"https:\/\/redfoxlotto.com\/tr\/loto\/saturday-lotto-au\/","title":{"rendered":"\u00c7evrimi\u00e7i Saturday Lotto (AU) Loto"},"content":{"rendered":"<p>Cumartesi loto, ad\u0131ndan da anla\u015f\u0131laca\u011f\u0131 gibi Avustralya&#8217;da her Cumartesi gecesi oynanan bir piyangodur. Oyun, t\u00fcm Avustralya&#8217;da pazarlanmaktad\u0131r ve \u00fclkenin farkl\u0131 b\u00f6lgelerinde farkl\u0131 isimlerle bilinmektedir. <\/p><p><img loading=\"lazy\" decoding=\"async\" class=\" wp-image alignright\" src=\"https:\/\/content.redfoxlotto.com\/uploads\/sites\/9\/1_online_jackpot_lotto.jpg\" alt=\"Lotto Cumartesi Avustralya\" width=\"210\" height=\"209\" \/><\/p><!--more--><p>G\u00fcney Avustralya&#8217;da X loto, Queensland&#8217;de Alt\u0131n Loto, Victoria&#8217;da Tattslotto, Tazmanya, Avustralya ba\u015fkenti b\u00f6lgesi ve Kuzey b\u00f6lgesi olarak adland\u0131r\u0131l\u0131r. Yeni G\u00fcney Galler ve Bat\u0131 Avustralya&#8217;da, k\u0131saca Loto veya Cumartesi loto olarak bilinir.<\/p><p><img loading=\"lazy\" decoding=\"async\" class=\" wp-image alignright\" src=\"https:\/\/content.redfoxlotto.com\/uploads\/sites\/9\/2_ticket_saturday_lotto_au2.jpg\" alt=\"Saturday Lotto bileti sat\u0131n al\u0131n\" width=\"144\" height=\"240\" \/><\/p><p>Daha \u00f6nce Cumartesi lotounda, olas\u0131 40 taneden 6 ana numara se\u00e7ilir ve ayr\u0131ca bir ek numara eklenir. Ancak, \u015fu anda olas\u0131 45 ve 2 ek say\u0131dan se\u00e7ilen 6 ana say\u0131 oldu\u011fu i\u00e7in \u015fu anda de\u011fi\u015ftirilmi\u015ftir. Bu de\u011fi\u015fiklik, Saturday Lotto&#8217;da \u00f6d\u00fcl veya daha do\u011frusu jackpot kazanma olas\u0131l\u0131\u011f\u0131n\u0131 b\u00fcy\u00fck \u00f6l\u00e7\u00fcde azaltt\u0131. Piyangoda oynamak i\u00e7in oyuncular\u0131n 45&#8217;ten en az 6 say\u0131 se\u00e7meleri gerekir ve \u00e7ekili\u015f yap\u0131ld\u0131\u011f\u0131nda 6 numaran\u0131z \u00e7ekilen 6 ana say\u0131 ile e\u015fle\u015firse b\u00fcy\u00fck ikramiyeyi kazan\u0131rs\u0131n\u0131z.<\/p><p>Cumartesi loto, b\u00fcy\u00fck ikramiye \u00f6d\u00fcl\u00fc olarak her hafta yakla\u015f\u0131k 4 milyon Avustralya dolar\u0131 sunar ve en fazla 4 kazanan taraf\u0131ndan payla\u015f\u0131labilir. Piyango i\u00e7in biletler \u00e7evrimi\u00e7i olarak ve ayr\u0131ca Avustralya&#8217;daki belirli ma\u011fazalardan al\u0131nabilir. Saturday Lotto&#8217;da ikramiye kazanma olas\u0131l\u0131\u011f\u0131 8 milyonda 1.<\/p>","protected":false},"excerpt":{"rendered":"<p>Cumartesi loto, ad\u0131ndan da anla\u015f\u0131laca\u011f\u0131 gibi Avustralya&#8217;da her Cumartesi gecesi oynanan bir piyangodur. Oyun, t\u00fcm Avustralya&#8217;da pazarlanmaktad\u0131r ve \u00fclkenin farkl\u0131 b\u00f6lgelerinde farkl\u0131 isimlerle bilinmektedir.<\/p>\n","protected":false},"author":1,"featured_media":0,"parent":2932,"menu_order":22,"comment_status":"closed","ping_status":"closed","template":"saturday-lotto-info.php","meta":{"_et_pb_use_builder":"","_et_pb_old_content":"","_et_gb_content_width":"","exclude_from_search":false,"footnotes":""},"class_list":["post-2946","page","type-page","status-publish","hentry"],"yoast_head":"<!-- This site is optimized with the Yoast SEO plugin v27.4 - https:\/\/yoast.com\/product\/yoast-seo-wordpress\/ -->\n<title>Cumartesi loto | Cumartesi loto hakk\u0131nda bilmeniz gerekenler<\/title>\n<meta name=\"description\" content=\"Onlar hakk\u0131nda bu bilgileri bilerek Cumartesi piyangosunda kazanma \u015fans\u0131n\u0131z\u0131 art\u0131r\u0131n.\" \/>\n<meta name=\"robots\" content=\"index, follow, max-snippet:-1, max-image-preview:large, max-video-preview:-1\" \/>\n<link rel=\"canonical\" href=\"https:\/\/redfoxlotto.com\/tr\/loto\/saturday-lotto-au\/\" \/>\n<meta property=\"og:locale\" content=\"tr_TR\" \/>\n<meta property=\"og:type\" content=\"article\" \/>\n<meta property=\"og:title\" content=\"Cumartesi loto | Cumartesi loto hakk\u0131nda bilmeniz gerekenler\" \/>\n<meta property=\"og:description\" content=\"Onlar hakk\u0131nda bu bilgileri bilerek Cumartesi piyangosunda kazanma \u015fans\u0131n\u0131z\u0131 art\u0131r\u0131n.\" \/>\n<meta property=\"og:url\" content=\"https:\/\/redfoxlotto.com\/tr\/loto\/saturday-lotto-au\/\" \/>\n<meta property=\"og:site_name\" content=\"Get Tickets for the World\u2019s largest jackpots\" \/>\n<meta property=\"article:modified_time\" content=\"2019-09-12T18:15:07+00:00\" \/>\n<meta property=\"og:image\" content=\"https:\/\/content.redfoxlotto.com\/uploads\/sites\/9\/1_online_jackpot_lotto.jpg\" \/>\n<meta name=\"twitter:card\" content=\"summary_large_image\" \/>\n<meta name=\"twitter:label1\" content=\"Tahmini okuma s\u00fcresi\" \/>\n\t<meta name=\"twitter:data1\" content=\"2 dakika\" \/>\n<script type=\"application\/ld+json\" class=\"yoast-schema-graph\">{\"@context\":\"https:\\\/\\\/schema.org\",\"@graph\":[{\"@type\":\"WebPage\",\"@id\":\"https:\\\/\\\/redfoxlotto.com\\\/tr\\\/loto\\\/saturday-lotto-au\\\/\",\"url\":\"https:\\\/\\\/redfoxlotto.com\\\/tr\\\/loto\\\/saturday-lotto-au\\\/\",\"name\":\"Cumartesi loto | Cumartesi loto hakk\u0131nda bilmeniz gerekenler\",\"isPartOf\":{\"@id\":\"https:\\\/\\\/redfoxlotto.com\\\/tr\\\/#website\"},\"primaryImageOfPage\":{\"@id\":\"https:\\\/\\\/redfoxlotto.com\\\/tr\\\/loto\\\/saturday-lotto-au\\\/#primaryimage\"},\"image\":{\"@id\":\"https:\\\/\\\/redfoxlotto.com\\\/tr\\\/loto\\\/saturday-lotto-au\\\/#primaryimage\"},\"thumbnailUrl\":\"https:\\\/\\\/content.redfoxlotto.com\\\/uploads\\\/sites\\\/9\\\/1_online_jackpot_lotto.jpg\",\"datePublished\":\"2018-11-18T08:54:25+00:00\",\"dateModified\":\"2019-09-12T18:15:07+00:00\",\"description\":\"Onlar hakk\u0131nda bu bilgileri bilerek Cumartesi piyangosunda kazanma \u015fans\u0131n\u0131z\u0131 art\u0131r\u0131n.\",\"breadcrumb\":{\"@id\":\"https:\\\/\\\/redfoxlotto.com\\\/tr\\\/loto\\\/saturday-lotto-au\\\/#breadcrumb\"},\"inLanguage\":\"tr\",\"potentialAction\":[{\"@type\":\"ReadAction\",\"target\":[\"https:\\\/\\\/redfoxlotto.com\\\/tr\\\/loto\\\/saturday-lotto-au\\\/\"]}]},{\"@type\":\"ImageObject\",\"inLanguage\":\"tr\",\"@id\":\"https:\\\/\\\/redfoxlotto.com\\\/tr\\\/loto\\\/saturday-lotto-au\\\/#primaryimage\",\"url\":\"https:\\\/\\\/content.redfoxlotto.com\\\/uploads\\\/sites\\\/9\\\/1_online_jackpot_lotto.jpg\",\"contentUrl\":\"https:\\\/\\\/content.redfoxlotto.com\\\/uploads\\\/sites\\\/9\\\/1_online_jackpot_lotto.jpg\"},{\"@type\":\"BreadcrumbList\",\"@id\":\"https:\\\/\\\/redfoxlotto.com\\\/tr\\\/loto\\\/saturday-lotto-au\\\/#breadcrumb\",\"itemListElement\":[{\"@type\":\"ListItem\",\"position\":1,\"name\":\"Home\",\"item\":\"https:\\\/\\\/redfoxlotto.com\\\/tr\\\/\"},{\"@type\":\"ListItem\",\"position\":2,\"name\":\"Online piyango bileti sat\u0131n alma i\u015flemi\",\"item\":\"https:\\\/\\\/redfoxlotto.com\\\/tr\\\/loto\\\/\"},{\"@type\":\"ListItem\",\"position\":3,\"name\":\"\u00c7evrimi\u00e7i Saturday Lotto (AU) Loto\"}]},{\"@type\":\"WebSite\",\"@id\":\"https:\\\/\\\/redfoxlotto.com\\\/tr\\\/#website\",\"url\":\"https:\\\/\\\/redfoxlotto.com\\\/tr\\\/\",\"name\":\"Get Tickets for the World\u2019s largest jackpots\",\"description\":\"Participate in worldwide lottery jackpots from any country\",\"publisher\":{\"@id\":\"https:\\\/\\\/redfoxlotto.com\\\/tr\\\/#organization\"},\"potentialAction\":[{\"@type\":\"SearchAction\",\"target\":{\"@type\":\"EntryPoint\",\"urlTemplate\":\"https:\\\/\\\/redfoxlotto.com\\\/tr\\\/?s={search_term_string}\"},\"query-input\":{\"@type\":\"PropertyValueSpecification\",\"valueRequired\":true,\"valueName\":\"search_term_string\"}}],\"inLanguage\":\"tr\"},{\"@type\":\"Organization\",\"@id\":\"https:\\\/\\\/redfoxlotto.com\\\/tr\\\/#organization\",\"name\":\"Get Tickets for the World\u2019s largest jackpots\",\"url\":\"https:\\\/\\\/redfoxlotto.com\\\/tr\\\/\",\"logo\":{\"@type\":\"ImageObject\",\"inLanguage\":\"tr\",\"@id\":\"https:\\\/\\\/redfoxlotto.com\\\/tr\\\/#\\\/schema\\\/logo\\\/image\\\/\",\"url\":\"https:\\\/\\\/redfoxlotto.com\\\/wp-content\\\/uploads\\\/2023\\\/04\\\/logo.png\",\"contentUrl\":\"https:\\\/\\\/redfoxlotto.com\\\/wp-content\\\/uploads\\\/2023\\\/04\\\/logo.png\",\"width\":269,\"height\":53,\"caption\":\"Get Tickets for the World\u2019s largest jackpots\"},\"image\":{\"@id\":\"https:\\\/\\\/redfoxlotto.com\\\/tr\\\/#\\\/schema\\\/logo\\\/image\\\/\"}}]}<\/script>\n<!-- \/ Yoast SEO plugin. -->","yoast_head_json":{"title":"Cumartesi loto | Cumartesi loto hakk\u0131nda bilmeniz gerekenler","description":"Onlar hakk\u0131nda bu bilgileri bilerek Cumartesi piyangosunda kazanma \u015fans\u0131n\u0131z\u0131 art\u0131r\u0131n.","robots":{"index":"index","follow":"follow","max-snippet":"max-snippet:-1","max-image-preview":"max-image-preview:large","max-video-preview":"max-video-preview:-1"},"canonical":"https:\/\/redfoxlotto.com\/tr\/loto\/saturday-lotto-au\/","og_locale":"tr_TR","og_type":"article","og_title":"Cumartesi loto | Cumartesi loto hakk\u0131nda bilmeniz gerekenler","og_description":"Onlar hakk\u0131nda bu bilgileri bilerek Cumartesi piyangosunda kazanma \u015fans\u0131n\u0131z\u0131 art\u0131r\u0131n.","og_url":"https:\/\/redfoxlotto.com\/tr\/loto\/saturday-lotto-au\/","og_site_name":"Get Tickets for the World\u2019s largest jackpots","article_modified_time":"2019-09-12T18:15:07+00:00","og_image":[{"url":"https:\/\/content.redfoxlotto.com\/uploads\/sites\/9\/1_online_jackpot_lotto.jpg","type":"","width":"","height":""}],"twitter_card":"summary_large_image","twitter_misc":{"Tahmini okuma s\u00fcresi":"2 dakika"},"schema":{"@context":"https:\/\/schema.org","@graph":[{"@type":"WebPage","@id":"https:\/\/redfoxlotto.com\/tr\/loto\/saturday-lotto-au\/","url":"https:\/\/redfoxlotto.com\/tr\/loto\/saturday-lotto-au\/","name":"Cumartesi loto | Cumartesi loto hakk\u0131nda bilmeniz gerekenler","isPartOf":{"@id":"https:\/\/redfoxlotto.com\/tr\/#website"},"primaryImageOfPage":{"@id":"https:\/\/redfoxlotto.com\/tr\/loto\/saturday-lotto-au\/#primaryimage"},"image":{"@id":"https:\/\/redfoxlotto.com\/tr\/loto\/saturday-lotto-au\/#primaryimage"},"thumbnailUrl":"https:\/\/content.redfoxlotto.com\/uploads\/sites\/9\/1_online_jackpot_lotto.jpg","datePublished":"2018-11-18T08:54:25+00:00","dateModified":"2019-09-12T18:15:07+00:00","description":"Onlar hakk\u0131nda bu bilgileri bilerek Cumartesi piyangosunda kazanma \u015fans\u0131n\u0131z\u0131 art\u0131r\u0131n.","breadcrumb":{"@id":"https:\/\/redfoxlotto.com\/tr\/loto\/saturday-lotto-au\/#breadcrumb"},"inLanguage":"tr","potentialAction":[{"@type":"ReadAction","target":["https:\/\/redfoxlotto.com\/tr\/loto\/saturday-lotto-au\/"]}]},{"@type":"ImageObject","inLanguage":"tr","@id":"https:\/\/redfoxlotto.com\/tr\/loto\/saturday-lotto-au\/#primaryimage","url":"https:\/\/content.redfoxlotto.com\/uploads\/sites\/9\/1_online_jackpot_lotto.jpg","contentUrl":"https:\/\/content.redfoxlotto.com\/uploads\/sites\/9\/1_online_jackpot_lotto.jpg"},{"@type":"BreadcrumbList","@id":"https:\/\/redfoxlotto.com\/tr\/loto\/saturday-lotto-au\/#breadcrumb","itemListElement":[{"@type":"ListItem","position":1,"name":"Home","item":"https:\/\/redfoxlotto.com\/tr\/"},{"@type":"ListItem","position":2,"name":"Online piyango bileti sat\u0131n alma i\u015flemi","item":"https:\/\/redfoxlotto.com\/tr\/loto\/"},{"@type":"ListItem","position":3,"name":"\u00c7evrimi\u00e7i Saturday Lotto (AU) Loto"}]},{"@type":"WebSite","@id":"https:\/\/redfoxlotto.com\/tr\/#website","url":"https:\/\/redfoxlotto.com\/tr\/","name":"Get Tickets for the World\u2019s largest jackpots","description":"Participate in worldwide lottery jackpots from any country","publisher":{"@id":"https:\/\/redfoxlotto.com\/tr\/#organization"},"potentialAction":[{"@type":"SearchAction","target":{"@type":"EntryPoint","urlTemplate":"https:\/\/redfoxlotto.com\/tr\/?s={search_term_string}"},"query-input":{"@type":"PropertyValueSpecification","valueRequired":true,"valueName":"search_term_string"}}],"inLanguage":"tr"},{"@type":"Organization","@id":"https:\/\/redfoxlotto.com\/tr\/#organization","name":"Get Tickets for the World\u2019s largest jackpots","url":"https:\/\/redfoxlotto.com\/tr\/","logo":{"@type":"ImageObject","inLanguage":"tr","@id":"https:\/\/redfoxlotto.com\/tr\/#\/schema\/logo\/image\/","url":"https:\/\/redfoxlotto.com\/wp-content\/uploads\/2023\/04\/logo.png","contentUrl":"https:\/\/redfoxlotto.com\/wp-content\/uploads\/2023\/04\/logo.png","width":269,"height":53,"caption":"Get Tickets for the World\u2019s largest jackpots"},"image":{"@id":"https:\/\/redfoxlotto.com\/tr\/#\/schema\/logo\/image\/"}}]}},"_links":{"self":[{"href":"https:\/\/redfoxlotto.com\/tr\/wp-json\/wp\/v2\/pages\/2946","targetHints":{"allow":["GET"]}}],"collection":[{"href":"https:\/\/redfoxlotto.com\/tr\/wp-json\/wp\/v2\/pages"}],"about":[{"href":"https:\/\/redfoxlotto.com\/tr\/wp-json\/wp\/v2\/types\/page"}],"author":[{"embeddable":true,"href":"https:\/\/redfoxlotto.com\/tr\/wp-json\/wp\/v2\/users\/1"}],"replies":[{"embeddable":true,"href":"https:\/\/redfoxlotto.com\/tr\/wp-json\/wp\/v2\/comments?post=2946"}],"version-history":[{"count":0,"href":"https:\/\/redfoxlotto.com\/tr\/wp-json\/wp\/v2\/pages\/2946\/revisions"}],"up":[{"embeddable":true,"href":"https:\/\/redfoxlotto.com\/tr\/wp-json\/wp\/v2\/pages\/2932"}],"wp:attachment":[{"href":"https:\/\/redfoxlotto.com\/tr\/wp-json\/wp\/v2\/media?parent=2946"}],"curies":[{"name":"wp","href":"https:\/\/api.w.org\/{rel}","templated":true}]}}