{"id":2945,"date":"2018-11-18T08:54:25","date_gmt":"2018-11-18T08:54:25","guid":{"rendered":"https:\/\/redfoxlotto.com\/?page_id=5370"},"modified":"2025-12-18T15:22:59","modified_gmt":"2025-12-18T15:22:59","slug":"powerball","status":"publish","type":"page","link":"https:\/\/redfoxlotto.com\/tr\/loto\/powerball\/","title":{"rendered":"Powerball hakk\u0131nda"},"content":{"rendered":"<script type=\"application\/ld+json\">\r\n{\r\n  \"@context\": \"https:\/\/schema.org\",\r\n  \"@type\": \"Service\",\r\n  \"name\": \"Powerball Online Oynay\u0131n\",\r\n  \"url\": \"https:\/\/redfoxlotto.com\/tr\/lotteries\/powerball\",\r\n  \"description\": \"Resmi Powerball piyango biletlerini herhangi bir \u00fclkeden online olarak sat\u0131n al\u0131n. RedFoxLotto\u2019yu ziyaret edin, numaralar\u0131n\u0131z\u0131 se\u00e7in ve bir sonraki \u00e7ekili\u015fe kat\u0131l\u0131n.\",\r\n  \"serviceType\": \"\u00c7evrimi\u00e7i piyango bileti arac\u0131l\u0131k hizmeti\",\r\n  \"provider\": {\r\n    \"@type\": \"Organization\",\r\n    \"name\": \"RedFoxLotto\",\r\n    \"url\": \"https:\/\/redfoxlotto.com\/tr\",\r\n    \"image\": \"https:\/\/redfoxlotto.com\/tr\/wp-content\/uploads\/2025\/12\/ticket_scans.jpg\",\r\n    \"sameAs\": []\r\n  },\r\n  \"areaServed\": \"Worldwide\",\r\n  \"termsOfService\": \"https:\/\/redfoxlotto.com\/terms-and-conditions\",\r\n  \"additionalProperty\": {\r\n    \"@type\": \"PropertyValue\",\r\n    \"name\": \"FAQ\",\r\n    \"value\": \"https:\/\/redfoxlotto.com\/tr\/faq\/\"\r\n  },\r\n  \"hasOfferCatalog\": {\r\n    \"@type\": \"OfferCatalog\",\r\n    \"name\": \"Powerball Piyango Biletleri\",\r\n    \"itemListElement\": [\r\n      {\r\n        \"@type\": \"Offer\",\r\n        \"name\": \"Powerball Biletleri\",\r\n        \"url\": \"https:\/\/redfoxlotto.com\/tr\/lotteries\/powerball\",\r\n        \"description\": \"RedFoxLotto \u00fczerinden bir sonraki Powerball \u00e7ekili\u015fi i\u00e7in ger\u00e7ek biletleri online sat\u0131n al\u0131n.\",\r\n        \"price\": \"5.90\",\r\n        \"priceCurrency\": \"\u20ac\",\r\n        \"availability\": \"https:\/\/schema.org\/InStock\",\r\n        \"itemOffered\": {\r\n          \"@type\": \"Service\",\r\n          \"name\": \"Powerball Piyango Biletleri\",\r\n          \"description\": \"Bir sonraki Powerball \u00e7ekili\u015fine kat\u0131l\u0131n \u2013 biletlerinizi online RedFoxLotto \u00fczerinden sat\u0131n al\u0131n.\"\r\n        }\r\n      }\r\n    ]\r\n  },\r\n  \"mainEntityOfPage\": {\r\n    \"@type\": \"WebPage\",\r\n    \"@id\": \"https:\/\/redfoxlotto.com\/tr\/lotteries\/powerball\"\r\n  }\r\n}\r\n<\/script>\r\n\r\nPowerball muhtemelen d\u00fcnya \u00e7ap\u0131nda en \u00e7ok bilinen piyangodur ve bunun ger\u00e7ekten iyi nedenleri vard\u0131r.\r\n\r\nD\u00fcnyan\u0131n d\u00f6rt bir yan\u0131ndan milyonlarca oyuncu bu oyunu oynamaktad\u0131r. Daha da fazlas\u0131, sadece ABD&#8217;de de\u011fil, T\u00fcrkiye gibi di\u011fer \u00fclkelerden de online olarak Powerball bileti sat\u0131n almay\u0131 tercih edebilirsiniz.\r\n\r\n\u00c7ekili\u015fler her Cumartesi ve \u00c7ar\u015famba ger\u00e7ekle\u015fiyor, bu da oyuna kat\u0131lmak ve bir bilet sat\u0131n almak i\u00e7in iki kat daha fazla f\u0131rsat\u0131n\u0131z olaca\u011f\u0131 anlam\u0131na geliyor. As\u0131l heyecan verici olan ise Powerball&#8217;da \u015fimdiye kadar ula\u015f\u0131lan en b\u00fcy\u00fck ikramiyenin 1.586.400.000 $ olmas\u0131!<img decoding=\"async\" class=\"size-full wp-image alignright\" src=\"https:\/\/content.redfoxlotto.com\/uploads\/sites\/9\/1_buy_lottery_online.jpg\" alt=\"online bilet sat\u0131n al\u0131n\" \/>\r\n<h2>D\u00fcnya \u00e7ap\u0131nda Powerball Loto<\/h2>\r\nWeb sitemizin yard\u0131m\u0131yla art\u0131k bir Powerball multi-milyoneri olabilirsiniz. Size \u00e7evrimi\u00e7i Powerball bileti sat\u0131n alma f\u0131rsat\u0131 sunuyoruz. Ve tek yapman\u0131z gereken sistemimizin neler i\u00e7erdi\u011fine bir g\u00f6z atmak. Sadece birka\u00e7 basit ad\u0131mda web sitemizi kontrol ederek ilk biletinizin hesab\u0131n\u0131zda sizi bekledi\u011fini g\u00f6receksiniz. \u00d6yleyse, ne yapman\u0131z gerekti\u011fine daha yak\u0131ndan bakal\u0131m.\r\n<h2>Powerball biletinizi T\u00fcrkiye&#8217;den online olarak nas\u0131l sat\u0131n alabilirsiniz?<\/h2>\r\n\u0130lk ad\u0131m, elimizdeki farkl\u0131 piyango oyunlar\u0131na g\u00f6z atmakt\u0131r. Neyse ki, sizin i\u00e7in \u00e7ok say\u0131da harika bilet ve oyun mevcut \u00e7\u00fcnk\u00fc en iyi ikramiyelerin hepsine girebildi\u011finizden emin olmak istiyoruz. Bu nedenle, d\u00fcnyan\u0131n d\u00f6rt bir yan\u0131ndaki en b\u00fcy\u00fck oyunlar\u0131n t\u00fcm\u00fcne T\u00fcrkiye&#8217;den, web sitemiz arac\u0131l\u0131\u011f\u0131yla ula\u015fabilirsiniz. Siz sadece mevcut oyunlara bir g\u00f6z at\u0131n ve sonra hangisini oynamak istedi\u011finize karar verin.\r\n\r\nBir oyuna karar verdikten sonra (bu durumda Powerball) sadece ba\u011flant\u0131ya t\u0131klay\u0131n ve sayfaya gidin. Oyun hakk\u0131nda daha fazla bilgi g\u00f6recek ve kendi biletinizi nas\u0131l alaca\u011f\u0131n\u0131zla ilgili bilgileri g\u00f6receksiniz. Tek yapman\u0131z gereken istedi\u011finiz say\u0131lar\u0131 se\u00e7mek. Elbette, hangi say\u0131lar\u0131 istedi\u011finizi bilmiyorsan\u0131z h\u0131zl\u0131 bir se\u00e7im de yapabilirsiniz.\r\n\r\nWeb sitemizde, numaralar\u0131n\u0131z\u0131 se\u00e7meye ba\u015flad\u0131\u011f\u0131n\u0131zda tam olarak ka\u00e7 numaraya ihtiyac\u0131n\u0131z oldu\u011funu size bildirece\u011fiz ve ge\u00e7erli bir bilet almak i\u00e7in \u00e7ok fazla veya \u00e7ok az numaraya sahip olmad\u0131\u011f\u0131n\u0131zdan emin olaca\u011f\u0131z. Ayr\u0131ca, rastgele se\u00e7ilen ve ki\u015fisel olarak se\u00e7ilen say\u0131lar\u0131n bir kombinasyonunu istedi\u011finiz gibi se\u00e7me se\u00e7ene\u011fine de sahip olacaks\u0131n\u0131z. Oyun i\u00e7in birden fazla bilet de se\u00e7ebilirsiniz.\r\n\r\nBuradan, biletleri sepetinize ekleyebilecek ve ard\u0131ndan Powerball&#8217;dan veya oynamak istedi\u011finiz di\u011fer oyunlardan ek biletler se\u00e7ebileceksiniz. Ard\u0131ndan, kendi hesab\u0131n\u0131z\u0131 olu\u015fturman\u0131z gerekiyor. Bunu yapt\u0131\u011f\u0131n\u0131zda, bilet sat\u0131n almak istedi\u011finizde ve hesab\u0131n\u0131zdan para \u00e7ekmek istedi\u011finizde sizi daha g\u00fcvenli hale getirecek baz\u0131 ki\u015fisel bilgilerinizi soraca\u011f\u0131z. Ayr\u0131ca istedi\u011finiz t\u00fcm hesaplar\u0131 da olu\u015fturabileceksiniz.\r\n<h2>\u00c7evrimi\u00e7i Powerball biletlerinin kurallar\u0131<\/h2>\r\nPowerball biletinizi ayarlamak s\u00f6z konusu oldu\u011funda, uyman\u0131z gereken kurallar ve bileti nas\u0131l se\u00e7ece\u011finiz hakk\u0131nda her \u015feyi bilmek istersiniz. Peki, ne yapman\u0131z gerekiyor?\r\n\r\n1 ile 69 aras\u0131nda 5 say\u0131 ve 1 ile 26 aras\u0131nda bir Powerball say\u0131s\u0131 se\u00e7melisiniz. Alt\u0131 say\u0131n\u0131n tamam\u0131 biletinizde e\u015fle\u015fmelidir. O zaman b\u00fcy\u00fck ikramiyeyi kazanm\u0131\u015f olursunuz. Yaln\u0131zca ilk 5 say\u0131y\u0131 do\u011fru tutturursan\u0131z, biletiniz ikinci kademe \u00f6d\u00fcl\u00fc kazan\u0131r. Bu sizi yine de 1 milyon dolar daha zengin yapar. Powerball jackpot kazan\u00e7lar\u0131 tek seferlik bir \u00f6deme olarak veya 30 y\u0131ll\u0131k taksitler halinde \u00f6denebilir.\r\n<h2>\u0130nternetten bir Powerball bileti sat\u0131n al\u0131n ve kazan\u0131n!<\/h2>\r\nPeki, Powerball ikramiyesini ger\u00e7ekten kazan\u0131rsan\u0131z ne olacak? \u00c7ok e\u011flenceli olacak ve kesinlikle \u00e7ok heyecanlanacaks\u0131n\u0131z. Ayr\u0131ca, Amerika Birle\u015fik Devletleri&#8217;ne bir seyahat planlaman\u0131z gerekecek \u00e7\u00fcnk\u00fc kazanan insanlar\u0131 b\u00fcy\u00fck bir olay haline getirmeyi seviyorlar.\r\n\r\nBu, foto\u011fraf \u00e7ekecekleri, size b\u00fcy\u00fck bir \u00e7ek ve \u00e7ok daha fazlas\u0131n\u0131 sunacaklar\u0131 anlam\u0131na geliyor ve \u00f6d\u00fcl\u00fcn\u00fcz\u00fc almak i\u00e7in ihtiyac\u0131n\u0131z olan bilet ve bilgilerle buna haz\u0131r oldu\u011funuzdan emin olaca\u011f\u0131z.\r\n\r\nDaha d\u00fc\u015f\u00fck seviyeli bir \u00f6d\u00fcl kazan\u0131rsan\u0131z, paray\u0131 do\u011frudan hesab\u0131n\u0131za yat\u0131rabiliriz, b\u00f6ylece hesab\u0131n\u0131za \u00e7ekebilir veya ek bilet sat\u0131n almak i\u00e7in kullanabilirsiniz. B\u00fcy\u00fck ikramiye olmasa da daha b\u00fcy\u00fck \u00f6d\u00fcller kazananlar i\u00e7in hesab\u0131n\u0131za do\u011frudan transfer yapabileceksiniz ve ne yapman\u0131z gerekti\u011fini ve t\u00fcm bunlar\u0131 nas\u0131l ayarlayabilece\u011finizi bildirmek i\u00e7in sizinle ileti\u015fime ge\u00e7ece\u011fiz. Ama nas\u0131l bileceksiniz?\r\n\r\nHesab\u0131n\u0131z\u0131 kontrol etmeye devam ederseniz biletinizdeki g\u00fcncellemeleri ve e\u015fle\u015fen numaralar\u0131 g\u00f6rebilirsiniz. Ayr\u0131ca daha k\u00fc\u00e7\u00fck miktarlar i\u00e7in paran\u0131z hemen hesab\u0131n\u0131za aktar\u0131lacakt\u0131r. Bununla birlikte, kazand\u0131\u011f\u0131n\u0131z herhangi bir miktar e-postan\u0131zda g\u00f6r\u00fcnecektir. Bu, e-postan\u0131z\u0131 kontrol edebilece\u011finiz ve bir kazanc\u0131n\u0131z oldu\u011funu g\u00f6rebilece\u011finiz anlam\u0131na gelir, b\u00f6ylece hemen hesab\u0131n\u0131za gidebilirsiniz.\r\n<h2>Yeni oyunlar oynamak<\/h2>\r\n<img decoding=\"async\" class=\"wp-image alignright\" src=\"https:\/\/redfoxlotto.com\/wp-content\/uploads\/sites\/9\/ticket_powerball3.jpg\" alt=\"powerball lotosu\" \/>\r\n\r\nOynamaya ba\u015flamaya haz\u0131rsan\u0131z ve \u00e7evrimi\u00e7i Powerball biletleri sat\u0131n almak istiyorsan\u0131z, kesinlikle sahip oldu\u011fumuz di\u011fer se\u00e7eneklerden baz\u0131lar\u0131na da g\u00f6z atmak isteyeceksiniz. Asl\u0131nda, d\u00fcnyan\u0131n her yerinde devam eden en s\u0131cak piyango oyunlar\u0131na sahibiz ve tek yapman\u0131z gereken hangisinin favoriniz olaca\u011f\u0131na ve hangisini daha sonra denemek istedi\u011finize karar vermek.\r\n\r\n\u00d6yleyse, nelerin mevcut oldu\u011funa ve istedi\u011finiz t\u00fcm biletleri nas\u0131l alabilece\u011finize h\u0131zl\u0131ca bir g\u00f6z at\u0131n. Ayr\u0131ca, her bir oyun hakk\u0131nda bulabilece\u011finiz t\u00fcm bilgilere, ne zaman \u00e7ekileceklerine, ne kadar kazanabilece\u011finize ve \u00e7ok daha fazlas\u0131na bakt\u0131\u011f\u0131n\u0131zdan emin olun.\r\n\r\nOnline Powerball bileti almak ve oynamak ister misiniz? Hemen \u015fimdi, buradan ba\u015flay\u0131n.<!-- \/wp:post-content --><!-- \/wp:freeform -->","protected":false},"excerpt":{"rendered":"<p>Powerball muhtemelen d\u00fcnya \u00e7ap\u0131nda en \u00e7ok bilinen piyangodur ve bunun ger\u00e7ekten iyi nedenleri vard\u0131r. D\u00fcnyan\u0131n d\u00f6rt bir yan\u0131ndan milyonlarca oyuncu bu oyunu oynamaktad\u0131r. Daha da fazlas\u0131, sadece ABD&#8217;de de\u011fil, T\u00fcrkiye gibi di\u011fer \u00fclkelerden de online olarak Powerball bileti sat\u0131n almay\u0131 tercih edebilirsiniz. \u00c7ekili\u015fler her Cumartesi ve \u00c7ar\u015famba ger\u00e7ekle\u015fiyor, bu da oyuna kat\u0131lmak ve bir bilet [&hellip;]<\/p>\n","protected":false},"author":1,"featured_media":0,"parent":2932,"menu_order":1,"comment_status":"closed","ping_status":"closed","template":"powerball-usa-info.php","meta":{"_et_pb_use_builder":"","_et_pb_old_content":"","_et_gb_content_width":"","exclude_from_search":false,"footnotes":""},"class_list":["post-2945","page","type-page","status-publish","hentry"],"yoast_head":"<!-- This site is optimized with the Yoast SEO plugin v27.3 - https:\/\/yoast.com\/product\/yoast-seo-wordpress\/ -->\n<title>Powerball biletlerini T\u00fcrkiye&#039;den online sat\u0131n al\u0131n | Powerball&#039;u buradan kazan\u0131n<\/title>\n<meta name=\"description\" content=\"Powerball Lotto USA i\u00e7in online bilet nas\u0131l al\u0131n\u0131r? Hizmetimiz, T\u00fcrkiye&#039;den Powerball USA&#039;ya kat\u0131lman\u0131za izin vermektir\" \/>\n<meta name=\"robots\" content=\"index, follow, max-snippet:-1, max-image-preview:large, max-video-preview:-1\" \/>\n<link rel=\"canonical\" href=\"https:\/\/redfoxlotto.com\/tr\/loto\/powerball\/\" \/>\n<meta property=\"og:locale\" content=\"tr_TR\" \/>\n<meta property=\"og:type\" content=\"article\" \/>\n<meta property=\"og:title\" content=\"Powerball biletlerini T\u00fcrkiye&#039;den online sat\u0131n al\u0131n | Powerball&#039;u buradan kazan\u0131n\" \/>\n<meta property=\"og:description\" content=\"Powerball Lotto USA i\u00e7in online bilet nas\u0131l al\u0131n\u0131r? Hizmetimiz, T\u00fcrkiye&#039;den Powerball USA&#039;ya kat\u0131lman\u0131za izin vermektir\" \/>\n<meta property=\"og:url\" content=\"https:\/\/redfoxlotto.com\/tr\/loto\/powerball\/\" \/>\n<meta property=\"og:site_name\" content=\"Get Tickets for the World\u2019s largest jackpots\" \/>\n<meta property=\"article:modified_time\" content=\"2025-12-18T15:22:59+00:00\" \/>\n<meta property=\"og:image\" content=\"https:\/\/content.redfoxlotto.com\/uploads\/sites\/9\/1_buy_lottery_online.jpg\" \/>\n<meta name=\"twitter:card\" content=\"summary_large_image\" \/>\n<meta name=\"twitter:label1\" content=\"Tahmini okuma s\u00fcresi\" \/>\n\t<meta name=\"twitter:data1\" content=\"4 dakika\" \/>\n<script type=\"application\/ld+json\" class=\"yoast-schema-graph\">{\"@context\":\"https:\\\/\\\/schema.org\",\"@graph\":[{\"@type\":\"WebPage\",\"@id\":\"https:\\\/\\\/redfoxlotto.com\\\/tr\\\/loto\\\/powerball\\\/\",\"url\":\"https:\\\/\\\/redfoxlotto.com\\\/tr\\\/loto\\\/powerball\\\/\",\"name\":\"Powerball biletlerini T\u00fcrkiye'den online sat\u0131n al\u0131n | Powerball'u buradan kazan\u0131n\",\"isPartOf\":{\"@id\":\"https:\\\/\\\/redfoxlotto.com\\\/tr\\\/#website\"},\"primaryImageOfPage\":{\"@id\":\"https:\\\/\\\/redfoxlotto.com\\\/tr\\\/loto\\\/powerball\\\/#primaryimage\"},\"image\":{\"@id\":\"https:\\\/\\\/redfoxlotto.com\\\/tr\\\/loto\\\/powerball\\\/#primaryimage\"},\"thumbnailUrl\":\"https:\\\/\\\/content.redfoxlotto.com\\\/uploads\\\/sites\\\/9\\\/1_buy_lottery_online.jpg\",\"datePublished\":\"2018-11-18T08:54:25+00:00\",\"dateModified\":\"2025-12-18T15:22:59+00:00\",\"description\":\"Powerball Lotto USA i\u00e7in online bilet nas\u0131l al\u0131n\u0131r? Hizmetimiz, T\u00fcrkiye'den Powerball USA'ya kat\u0131lman\u0131za izin vermektir\",\"breadcrumb\":{\"@id\":\"https:\\\/\\\/redfoxlotto.com\\\/tr\\\/loto\\\/powerball\\\/#breadcrumb\"},\"inLanguage\":\"tr\",\"potentialAction\":[{\"@type\":\"ReadAction\",\"target\":[\"https:\\\/\\\/redfoxlotto.com\\\/tr\\\/loto\\\/powerball\\\/\"]}]},{\"@type\":\"ImageObject\",\"inLanguage\":\"tr\",\"@id\":\"https:\\\/\\\/redfoxlotto.com\\\/tr\\\/loto\\\/powerball\\\/#primaryimage\",\"url\":\"https:\\\/\\\/content.redfoxlotto.com\\\/uploads\\\/sites\\\/9\\\/1_buy_lottery_online.jpg\",\"contentUrl\":\"https:\\\/\\\/content.redfoxlotto.com\\\/uploads\\\/sites\\\/9\\\/1_buy_lottery_online.jpg\"},{\"@type\":\"BreadcrumbList\",\"@id\":\"https:\\\/\\\/redfoxlotto.com\\\/tr\\\/loto\\\/powerball\\\/#breadcrumb\",\"itemListElement\":[{\"@type\":\"ListItem\",\"position\":1,\"name\":\"Home\",\"item\":\"https:\\\/\\\/redfoxlotto.com\\\/tr\\\/\"},{\"@type\":\"ListItem\",\"position\":2,\"name\":\"Online piyango bileti sat\u0131n alma i\u015flemi\",\"item\":\"https:\\\/\\\/redfoxlotto.com\\\/tr\\\/loto\\\/\"},{\"@type\":\"ListItem\",\"position\":3,\"name\":\"Powerball hakk\u0131nda\"}]},{\"@type\":\"WebSite\",\"@id\":\"https:\\\/\\\/redfoxlotto.com\\\/tr\\\/#website\",\"url\":\"https:\\\/\\\/redfoxlotto.com\\\/tr\\\/\",\"name\":\"Get Tickets for the World\u2019s largest jackpots\",\"description\":\"Participate in worldwide lottery jackpots from any country\",\"publisher\":{\"@id\":\"https:\\\/\\\/redfoxlotto.com\\\/tr\\\/#organization\"},\"potentialAction\":[{\"@type\":\"SearchAction\",\"target\":{\"@type\":\"EntryPoint\",\"urlTemplate\":\"https:\\\/\\\/redfoxlotto.com\\\/tr\\\/?s={search_term_string}\"},\"query-input\":{\"@type\":\"PropertyValueSpecification\",\"valueRequired\":true,\"valueName\":\"search_term_string\"}}],\"inLanguage\":\"tr\"},{\"@type\":\"Organization\",\"@id\":\"https:\\\/\\\/redfoxlotto.com\\\/tr\\\/#organization\",\"name\":\"Get Tickets for the World\u2019s largest jackpots\",\"url\":\"https:\\\/\\\/redfoxlotto.com\\\/tr\\\/\",\"logo\":{\"@type\":\"ImageObject\",\"inLanguage\":\"tr\",\"@id\":\"https:\\\/\\\/redfoxlotto.com\\\/tr\\\/#\\\/schema\\\/logo\\\/image\\\/\",\"url\":\"https:\\\/\\\/redfoxlotto.com\\\/wp-content\\\/uploads\\\/2023\\\/04\\\/logo.png\",\"contentUrl\":\"https:\\\/\\\/redfoxlotto.com\\\/wp-content\\\/uploads\\\/2023\\\/04\\\/logo.png\",\"width\":269,\"height\":53,\"caption\":\"Get Tickets for the World\u2019s largest jackpots\"},\"image\":{\"@id\":\"https:\\\/\\\/redfoxlotto.com\\\/tr\\\/#\\\/schema\\\/logo\\\/image\\\/\"}}]}<\/script>\n<!-- \/ Yoast SEO plugin. -->","yoast_head_json":{"title":"Powerball biletlerini T\u00fcrkiye'den online sat\u0131n al\u0131n | Powerball'u buradan kazan\u0131n","description":"Powerball Lotto USA i\u00e7in online bilet nas\u0131l al\u0131n\u0131r? Hizmetimiz, T\u00fcrkiye'den Powerball USA'ya kat\u0131lman\u0131za izin vermektir","robots":{"index":"index","follow":"follow","max-snippet":"max-snippet:-1","max-image-preview":"max-image-preview:large","max-video-preview":"max-video-preview:-1"},"canonical":"https:\/\/redfoxlotto.com\/tr\/loto\/powerball\/","og_locale":"tr_TR","og_type":"article","og_title":"Powerball biletlerini T\u00fcrkiye'den online sat\u0131n al\u0131n | Powerball'u buradan kazan\u0131n","og_description":"Powerball Lotto USA i\u00e7in online bilet nas\u0131l al\u0131n\u0131r? Hizmetimiz, T\u00fcrkiye'den Powerball USA'ya kat\u0131lman\u0131za izin vermektir","og_url":"https:\/\/redfoxlotto.com\/tr\/loto\/powerball\/","og_site_name":"Get Tickets for the World\u2019s largest jackpots","article_modified_time":"2025-12-18T15:22:59+00:00","og_image":[{"url":"https:\/\/content.redfoxlotto.com\/uploads\/sites\/9\/1_buy_lottery_online.jpg","type":"","width":"","height":""}],"twitter_card":"summary_large_image","twitter_misc":{"Tahmini okuma s\u00fcresi":"4 dakika"},"schema":{"@context":"https:\/\/schema.org","@graph":[{"@type":"WebPage","@id":"https:\/\/redfoxlotto.com\/tr\/loto\/powerball\/","url":"https:\/\/redfoxlotto.com\/tr\/loto\/powerball\/","name":"Powerball biletlerini T\u00fcrkiye'den online sat\u0131n al\u0131n | Powerball'u buradan kazan\u0131n","isPartOf":{"@id":"https:\/\/redfoxlotto.com\/tr\/#website"},"primaryImageOfPage":{"@id":"https:\/\/redfoxlotto.com\/tr\/loto\/powerball\/#primaryimage"},"image":{"@id":"https:\/\/redfoxlotto.com\/tr\/loto\/powerball\/#primaryimage"},"thumbnailUrl":"https:\/\/content.redfoxlotto.com\/uploads\/sites\/9\/1_buy_lottery_online.jpg","datePublished":"2018-11-18T08:54:25+00:00","dateModified":"2025-12-18T15:22:59+00:00","description":"Powerball Lotto USA i\u00e7in online bilet nas\u0131l al\u0131n\u0131r? Hizmetimiz, T\u00fcrkiye'den Powerball USA'ya kat\u0131lman\u0131za izin vermektir","breadcrumb":{"@id":"https:\/\/redfoxlotto.com\/tr\/loto\/powerball\/#breadcrumb"},"inLanguage":"tr","potentialAction":[{"@type":"ReadAction","target":["https:\/\/redfoxlotto.com\/tr\/loto\/powerball\/"]}]},{"@type":"ImageObject","inLanguage":"tr","@id":"https:\/\/redfoxlotto.com\/tr\/loto\/powerball\/#primaryimage","url":"https:\/\/content.redfoxlotto.com\/uploads\/sites\/9\/1_buy_lottery_online.jpg","contentUrl":"https:\/\/content.redfoxlotto.com\/uploads\/sites\/9\/1_buy_lottery_online.jpg"},{"@type":"BreadcrumbList","@id":"https:\/\/redfoxlotto.com\/tr\/loto\/powerball\/#breadcrumb","itemListElement":[{"@type":"ListItem","position":1,"name":"Home","item":"https:\/\/redfoxlotto.com\/tr\/"},{"@type":"ListItem","position":2,"name":"Online piyango bileti sat\u0131n alma i\u015flemi","item":"https:\/\/redfoxlotto.com\/tr\/loto\/"},{"@type":"ListItem","position":3,"name":"Powerball hakk\u0131nda"}]},{"@type":"WebSite","@id":"https:\/\/redfoxlotto.com\/tr\/#website","url":"https:\/\/redfoxlotto.com\/tr\/","name":"Get Tickets for the World\u2019s largest jackpots","description":"Participate in worldwide lottery jackpots from any country","publisher":{"@id":"https:\/\/redfoxlotto.com\/tr\/#organization"},"potentialAction":[{"@type":"SearchAction","target":{"@type":"EntryPoint","urlTemplate":"https:\/\/redfoxlotto.com\/tr\/?s={search_term_string}"},"query-input":{"@type":"PropertyValueSpecification","valueRequired":true,"valueName":"search_term_string"}}],"inLanguage":"tr"},{"@type":"Organization","@id":"https:\/\/redfoxlotto.com\/tr\/#organization","name":"Get Tickets for the World\u2019s largest jackpots","url":"https:\/\/redfoxlotto.com\/tr\/","logo":{"@type":"ImageObject","inLanguage":"tr","@id":"https:\/\/redfoxlotto.com\/tr\/#\/schema\/logo\/image\/","url":"https:\/\/redfoxlotto.com\/wp-content\/uploads\/2023\/04\/logo.png","contentUrl":"https:\/\/redfoxlotto.com\/wp-content\/uploads\/2023\/04\/logo.png","width":269,"height":53,"caption":"Get Tickets for the World\u2019s largest jackpots"},"image":{"@id":"https:\/\/redfoxlotto.com\/tr\/#\/schema\/logo\/image\/"}}]}},"_links":{"self":[{"href":"https:\/\/redfoxlotto.com\/tr\/wp-json\/wp\/v2\/pages\/2945","targetHints":{"allow":["GET"]}}],"collection":[{"href":"https:\/\/redfoxlotto.com\/tr\/wp-json\/wp\/v2\/pages"}],"about":[{"href":"https:\/\/redfoxlotto.com\/tr\/wp-json\/wp\/v2\/types\/page"}],"author":[{"embeddable":true,"href":"https:\/\/redfoxlotto.com\/tr\/wp-json\/wp\/v2\/users\/1"}],"replies":[{"embeddable":true,"href":"https:\/\/redfoxlotto.com\/tr\/wp-json\/wp\/v2\/comments?post=2945"}],"version-history":[{"count":0,"href":"https:\/\/redfoxlotto.com\/tr\/wp-json\/wp\/v2\/pages\/2945\/revisions"}],"up":[{"embeddable":true,"href":"https:\/\/redfoxlotto.com\/tr\/wp-json\/wp\/v2\/pages\/2932"}],"wp:attachment":[{"href":"https:\/\/redfoxlotto.com\/tr\/wp-json\/wp\/v2\/media?parent=2945"}],"curies":[{"name":"wp","href":"https:\/\/api.w.org\/{rel}","templated":true}]}}