{"id":2944,"date":"2018-11-18T08:54:25","date_gmt":"2018-11-18T08:54:25","guid":{"rendered":"https:\/\/redfoxlotto.com\/?page_id=5368"},"modified":"2019-09-12T18:15:07","modified_gmt":"2019-09-12T18:15:07","slug":"powerball-au","status":"publish","type":"page","link":"https:\/\/redfoxlotto.com\/tr\/loto\/powerball-au\/","title":{"rendered":"\u00c7evrimi\u00e7i Powerball (AU) Loto"},"content":{"rendered":"<p>Powerball \u00e7ekili\u015fi her Per\u015fembe saat 21: 00&#8217;de (AEST) yap\u0131l\u0131r. 1-35 aras\u0131 say\u0131lar i\u00e7eren bir havuzdan 7 numara \u00e7ekilirken, 1-20 say\u0131lar\u0131 i\u00e7eren ba\u015fka bir havuzdan bir Powerball numaras\u0131 \u00e7ekilir. B\u00fcy\u00fck ikramiyeyi kazanmak i\u00e7in, oyuncular\u0131n giri\u015fleri ilk havuzdaki yedi say\u0131yla ve ayr\u0131ca ikinci havuzdaki Powerball numaras\u0131yla e\u015fle\u015fmelidir.<\/p><p><img loading=\"lazy\" decoding=\"async\" class=\" wp-image alignright\" src=\"https:\/\/content.redfoxlotto.com\/uploads\/sites\/9\/1_buy_ticket_online.jpg\" alt=\"Powerball Avustralya Sat\u0131n Al\u0131n\" width=\"171\" height=\"128\" \/><\/p><!--more--><p>Avustralya Powerball biletleri fiziksel veya \u00e7evrimi\u00e7i olarak al\u0131nabilir, bu nedenle d\u00fcnyan\u0131n herhangi bir yerinden biletleri alabilece\u011finiz i\u00e7in piyangoya kat\u0131l\u0131mda herhangi bir k\u0131s\u0131tlama yoktur. Oyuncular\u0131n \u00e7ekili\u015fe kat\u0131labilmek i\u00e7in 18 ya\u015f ve \u00fczeri olmas\u0131 gerekmektedir.<\/p>","protected":false},"excerpt":{"rendered":"<p>Powerball \u00e7ekili\u015fi her Per\u015fembe saat 21: 00&#8217;de (AEST) yap\u0131l\u0131r. 1-35 aras\u0131 say\u0131lar i\u00e7eren bir havuzdan 7 numara \u00e7ekilirken, 1-20 say\u0131lar\u0131 i\u00e7eren ba\u015fka bir havuzdan bir Powerball numaras\u0131 \u00e7ekilir. B\u00fcy\u00fck ikramiyeyi kazanmak i\u00e7in, oyuncular\u0131n giri\u015fleri ilk havuzdaki yedi say\u0131yla ve ayr\u0131ca ikinci havuzdaki Powerball numaras\u0131yla e\u015fle\u015fmelidir.<\/p>\n","protected":false},"author":1,"featured_media":0,"parent":2932,"menu_order":20,"comment_status":"closed","ping_status":"closed","template":"powerball-au-info.php","meta":{"_et_pb_use_builder":"","_et_pb_old_content":"","_et_gb_content_width":"","exclude_from_search":false,"footnotes":""},"class_list":["post-2944","page","type-page","status-publish","hentry"],"yoast_head":"<!-- This site is optimized with the Yoast SEO plugin v23.8 - https:\/\/yoast.com\/wordpress\/plugins\/seo\/ -->\n<title>Avustralya Powerball&#039;u oynamak i\u00e7in bilmeniz gerekenler<\/title>\n<meta name=\"description\" content=\"Avustralya Powerball, Avustralya piyangolar\u0131ndaki en b\u00fcy\u00fck ikramiyelerden baz\u0131lar\u0131na sahiptir, bu bilgi sizi ikramiye kazanmaya bir ad\u0131m daha yakla\u015ft\u0131rabilir.\" \/>\n<meta name=\"robots\" content=\"index, follow, max-snippet:-1, max-image-preview:large, max-video-preview:-1\" \/>\n<link rel=\"canonical\" href=\"https:\/\/redfoxlotto.com\/tr\/loto\/powerball-au\/\" \/>\n<meta property=\"og:locale\" content=\"tr_TR\" \/>\n<meta property=\"og:type\" content=\"article\" \/>\n<meta property=\"og:title\" content=\"Avustralya Powerball&#039;u oynamak i\u00e7in bilmeniz gerekenler\" \/>\n<meta property=\"og:description\" content=\"Avustralya Powerball, Avustralya piyangolar\u0131ndaki en b\u00fcy\u00fck ikramiyelerden baz\u0131lar\u0131na sahiptir, bu bilgi sizi ikramiye kazanmaya bir ad\u0131m daha yakla\u015ft\u0131rabilir.\" \/>\n<meta property=\"og:url\" content=\"https:\/\/redfoxlotto.com\/tr\/loto\/powerball-au\/\" \/>\n<meta property=\"og:site_name\" content=\"Get Tickets for the World\u2019s largest jackpots\" \/>\n<meta property=\"article:modified_time\" content=\"2019-09-12T18:15:07+00:00\" \/>\n<meta property=\"og:image\" content=\"https:\/\/content.redfoxlotto.com\/uploads\/sites\/9\/1_buy_ticket_online.jpg\" \/>\n<meta name=\"twitter:card\" content=\"summary_large_image\" \/>\n<meta name=\"twitter:label1\" content=\"Tahmini okuma s\u00fcresi\" \/>\n\t<meta name=\"twitter:data1\" content=\"1 dakika\" \/>\n<script type=\"application\/ld+json\" class=\"yoast-schema-graph\">{\"@context\":\"https:\/\/schema.org\",\"@graph\":[{\"@type\":\"WebPage\",\"@id\":\"https:\/\/redfoxlotto.com\/tr\/loto\/powerball-au\/\",\"url\":\"https:\/\/redfoxlotto.com\/tr\/loto\/powerball-au\/\",\"name\":\"Avustralya Powerball'u oynamak i\u00e7in bilmeniz gerekenler\",\"isPartOf\":{\"@id\":\"https:\/\/redfoxlotto.com\/tr\/#website\"},\"primaryImageOfPage\":{\"@id\":\"https:\/\/redfoxlotto.com\/tr\/loto\/powerball-au\/#primaryimage\"},\"image\":{\"@id\":\"https:\/\/redfoxlotto.com\/tr\/loto\/powerball-au\/#primaryimage\"},\"thumbnailUrl\":\"https:\/\/content.redfoxlotto.com\/uploads\/sites\/9\/1_buy_ticket_online.jpg\",\"datePublished\":\"2018-11-18T08:54:25+00:00\",\"dateModified\":\"2019-09-12T18:15:07+00:00\",\"description\":\"Avustralya Powerball, Avustralya piyangolar\u0131ndaki en b\u00fcy\u00fck ikramiyelerden baz\u0131lar\u0131na sahiptir, bu bilgi sizi ikramiye kazanmaya bir ad\u0131m daha yakla\u015ft\u0131rabilir.\",\"breadcrumb\":{\"@id\":\"https:\/\/redfoxlotto.com\/tr\/loto\/powerball-au\/#breadcrumb\"},\"inLanguage\":\"tr\",\"potentialAction\":[{\"@type\":\"ReadAction\",\"target\":[\"https:\/\/redfoxlotto.com\/tr\/loto\/powerball-au\/\"]}]},{\"@type\":\"ImageObject\",\"inLanguage\":\"tr\",\"@id\":\"https:\/\/redfoxlotto.com\/tr\/loto\/powerball-au\/#primaryimage\",\"url\":\"https:\/\/content.redfoxlotto.com\/uploads\/sites\/9\/1_buy_ticket_online.jpg\",\"contentUrl\":\"https:\/\/content.redfoxlotto.com\/uploads\/sites\/9\/1_buy_ticket_online.jpg\"},{\"@type\":\"BreadcrumbList\",\"@id\":\"https:\/\/redfoxlotto.com\/tr\/loto\/powerball-au\/#breadcrumb\",\"itemListElement\":[{\"@type\":\"ListItem\",\"position\":1,\"name\":\"Home\",\"item\":\"https:\/\/redfoxlotto.com\/tr\/\"},{\"@type\":\"ListItem\",\"position\":2,\"name\":\"Online piyango bileti sat\u0131n alma i\u015flemi\",\"item\":\"https:\/\/redfoxlotto.com\/tr\/loto\/\"},{\"@type\":\"ListItem\",\"position\":3,\"name\":\"\u00c7evrimi\u00e7i Powerball (AU) Loto\"}]},{\"@type\":\"WebSite\",\"@id\":\"https:\/\/redfoxlotto.com\/tr\/#website\",\"url\":\"https:\/\/redfoxlotto.com\/tr\/\",\"name\":\"Get Tickets for the World\u2019s largest jackpots\",\"description\":\"Participate in worldwide lottery jackpots from any country\",\"publisher\":{\"@id\":\"https:\/\/redfoxlotto.com\/tr\/#organization\"},\"potentialAction\":[{\"@type\":\"SearchAction\",\"target\":{\"@type\":\"EntryPoint\",\"urlTemplate\":\"https:\/\/redfoxlotto.com\/tr\/?s={search_term_string}\"},\"query-input\":{\"@type\":\"PropertyValueSpecification\",\"valueRequired\":true,\"valueName\":\"search_term_string\"}}],\"inLanguage\":\"tr\"},{\"@type\":\"Organization\",\"@id\":\"https:\/\/redfoxlotto.com\/tr\/#organization\",\"name\":\"Get Tickets for the World\u2019s largest jackpots\",\"url\":\"https:\/\/redfoxlotto.com\/tr\/\",\"logo\":{\"@type\":\"ImageObject\",\"inLanguage\":\"tr\",\"@id\":\"https:\/\/redfoxlotto.com\/tr\/#\/schema\/logo\/image\/\",\"url\":\"https:\/\/redfoxlotto.com\/wp-content\/uploads\/2023\/04\/logo.png\",\"contentUrl\":\"https:\/\/redfoxlotto.com\/wp-content\/uploads\/2023\/04\/logo.png\",\"width\":269,\"height\":53,\"caption\":\"Get Tickets for the World\u2019s largest jackpots\"},\"image\":{\"@id\":\"https:\/\/redfoxlotto.com\/tr\/#\/schema\/logo\/image\/\"}}]}<\/script>\n<!-- \/ Yoast SEO plugin. -->","yoast_head_json":{"title":"Avustralya Powerball'u oynamak i\u00e7in bilmeniz gerekenler","description":"Avustralya Powerball, Avustralya piyangolar\u0131ndaki en b\u00fcy\u00fck ikramiyelerden baz\u0131lar\u0131na sahiptir, bu bilgi sizi ikramiye kazanmaya bir ad\u0131m daha yakla\u015ft\u0131rabilir.","robots":{"index":"index","follow":"follow","max-snippet":"max-snippet:-1","max-image-preview":"max-image-preview:large","max-video-preview":"max-video-preview:-1"},"canonical":"https:\/\/redfoxlotto.com\/tr\/loto\/powerball-au\/","og_locale":"tr_TR","og_type":"article","og_title":"Avustralya Powerball'u oynamak i\u00e7in bilmeniz gerekenler","og_description":"Avustralya Powerball, Avustralya piyangolar\u0131ndaki en b\u00fcy\u00fck ikramiyelerden baz\u0131lar\u0131na sahiptir, bu bilgi sizi ikramiye kazanmaya bir ad\u0131m daha yakla\u015ft\u0131rabilir.","og_url":"https:\/\/redfoxlotto.com\/tr\/loto\/powerball-au\/","og_site_name":"Get Tickets for the World\u2019s largest jackpots","article_modified_time":"2019-09-12T18:15:07+00:00","og_image":[{"url":"https:\/\/content.redfoxlotto.com\/uploads\/sites\/9\/1_buy_ticket_online.jpg"}],"twitter_card":"summary_large_image","twitter_misc":{"Tahmini okuma s\u00fcresi":"1 dakika"},"schema":{"@context":"https:\/\/schema.org","@graph":[{"@type":"WebPage","@id":"https:\/\/redfoxlotto.com\/tr\/loto\/powerball-au\/","url":"https:\/\/redfoxlotto.com\/tr\/loto\/powerball-au\/","name":"Avustralya Powerball'u oynamak i\u00e7in bilmeniz gerekenler","isPartOf":{"@id":"https:\/\/redfoxlotto.com\/tr\/#website"},"primaryImageOfPage":{"@id":"https:\/\/redfoxlotto.com\/tr\/loto\/powerball-au\/#primaryimage"},"image":{"@id":"https:\/\/redfoxlotto.com\/tr\/loto\/powerball-au\/#primaryimage"},"thumbnailUrl":"https:\/\/content.redfoxlotto.com\/uploads\/sites\/9\/1_buy_ticket_online.jpg","datePublished":"2018-11-18T08:54:25+00:00","dateModified":"2019-09-12T18:15:07+00:00","description":"Avustralya Powerball, Avustralya piyangolar\u0131ndaki en b\u00fcy\u00fck ikramiyelerden baz\u0131lar\u0131na sahiptir, bu bilgi sizi ikramiye kazanmaya bir ad\u0131m daha yakla\u015ft\u0131rabilir.","breadcrumb":{"@id":"https:\/\/redfoxlotto.com\/tr\/loto\/powerball-au\/#breadcrumb"},"inLanguage":"tr","potentialAction":[{"@type":"ReadAction","target":["https:\/\/redfoxlotto.com\/tr\/loto\/powerball-au\/"]}]},{"@type":"ImageObject","inLanguage":"tr","@id":"https:\/\/redfoxlotto.com\/tr\/loto\/powerball-au\/#primaryimage","url":"https:\/\/content.redfoxlotto.com\/uploads\/sites\/9\/1_buy_ticket_online.jpg","contentUrl":"https:\/\/content.redfoxlotto.com\/uploads\/sites\/9\/1_buy_ticket_online.jpg"},{"@type":"BreadcrumbList","@id":"https:\/\/redfoxlotto.com\/tr\/loto\/powerball-au\/#breadcrumb","itemListElement":[{"@type":"ListItem","position":1,"name":"Home","item":"https:\/\/redfoxlotto.com\/tr\/"},{"@type":"ListItem","position":2,"name":"Online piyango bileti sat\u0131n alma i\u015flemi","item":"https:\/\/redfoxlotto.com\/tr\/loto\/"},{"@type":"ListItem","position":3,"name":"\u00c7evrimi\u00e7i Powerball (AU) Loto"}]},{"@type":"WebSite","@id":"https:\/\/redfoxlotto.com\/tr\/#website","url":"https:\/\/redfoxlotto.com\/tr\/","name":"Get Tickets for the World\u2019s largest jackpots","description":"Participate in worldwide lottery jackpots from any country","publisher":{"@id":"https:\/\/redfoxlotto.com\/tr\/#organization"},"potentialAction":[{"@type":"SearchAction","target":{"@type":"EntryPoint","urlTemplate":"https:\/\/redfoxlotto.com\/tr\/?s={search_term_string}"},"query-input":{"@type":"PropertyValueSpecification","valueRequired":true,"valueName":"search_term_string"}}],"inLanguage":"tr"},{"@type":"Organization","@id":"https:\/\/redfoxlotto.com\/tr\/#organization","name":"Get Tickets for the World\u2019s largest jackpots","url":"https:\/\/redfoxlotto.com\/tr\/","logo":{"@type":"ImageObject","inLanguage":"tr","@id":"https:\/\/redfoxlotto.com\/tr\/#\/schema\/logo\/image\/","url":"https:\/\/redfoxlotto.com\/wp-content\/uploads\/2023\/04\/logo.png","contentUrl":"https:\/\/redfoxlotto.com\/wp-content\/uploads\/2023\/04\/logo.png","width":269,"height":53,"caption":"Get Tickets for the World\u2019s largest jackpots"},"image":{"@id":"https:\/\/redfoxlotto.com\/tr\/#\/schema\/logo\/image\/"}}]}},"_links":{"self":[{"href":"https:\/\/redfoxlotto.com\/tr\/wp-json\/wp\/v2\/pages\/2944","targetHints":{"allow":["GET"]}}],"collection":[{"href":"https:\/\/redfoxlotto.com\/tr\/wp-json\/wp\/v2\/pages"}],"about":[{"href":"https:\/\/redfoxlotto.com\/tr\/wp-json\/wp\/v2\/types\/page"}],"author":[{"embeddable":true,"href":"https:\/\/redfoxlotto.com\/tr\/wp-json\/wp\/v2\/users\/1"}],"replies":[{"embeddable":true,"href":"https:\/\/redfoxlotto.com\/tr\/wp-json\/wp\/v2\/comments?post=2944"}],"version-history":[{"count":0,"href":"https:\/\/redfoxlotto.com\/tr\/wp-json\/wp\/v2\/pages\/2944\/revisions"}],"up":[{"embeddable":true,"href":"https:\/\/redfoxlotto.com\/tr\/wp-json\/wp\/v2\/pages\/2932"}],"wp:attachment":[{"href":"https:\/\/redfoxlotto.com\/tr\/wp-json\/wp\/v2\/media?parent=2944"}],"curies":[{"name":"wp","href":"https:\/\/api.w.org\/{rel}","templated":true}]}}