{"id":2940,"date":"2018-11-18T08:54:25","date_gmt":"2018-11-18T08:54:25","guid":{"rendered":"https:\/\/redfoxlotto.com\/?page_id=5360"},"modified":"2025-12-18T13:30:22","modified_gmt":"2025-12-18T13:30:22","slug":"mega-millions","status":"publish","type":"page","link":"https:\/\/redfoxlotto.com\/tr\/loto\/mega-millions\/","title":{"rendered":"Mega Millions Hakk\u0131nda"},"content":{"rendered":"<p><script type=\"application\/ld+json\">\n{\n  \"@context\": \"https:\/\/schema.org\",\n  \"@type\": \"Service\",\n  \"name\": \"Mega Millions \u00e7evrimi\u00e7i oyna\",\n  \"url\": \"https:\/\/redfoxlotto.com\/tr\/lotteries\/mega-millions\",\n  \"description\": \"Resmi Mega Millions biletlerini d\u00fcnyan\u0131n her yerinden \u00e7evrimi\u00e7i sat\u0131n al\u0131n. RedFoxLotto\u2019yu ziyaret edin, numaralar\u0131n\u0131z\u0131 se\u00e7in ve bir sonraki \u00e7ekili\u015fe kat\u0131l\u0131n.\",\n  \"serviceType\": \"\u00c7evrimi\u00e7i piyango bileti arac\u0131l\u0131k hizmeti\",<\/p>\n<p>  \"provider\": {\n    \"@type\": \"Organization\",\n    \"name\": \"RedFoxLotto\",\n    \"url\": \"https:\/\/redfoxlotto.com\/tr\",\n    \"image\": \"https:\/\/redfoxlotto.com\/tr\/wp-content\/uploads\/2025\/12\/ticket_scans.jpg\",\n    \"sameAs\": []\n  },<\/p>\n<p>  \"areaServed\": \"Worldwide\",\n  \"termsOfService\": \"https:\/\/redfoxlotto.com\/terms-and-conditions\",<\/p>\n<p>  \"additionalProperty\": {\n    \"@type\": \"PropertyValue\",\n    \"name\": \"SSS\",\n    \"value\": \"https:\/\/redfoxlotto.com\/tr\/faq\/\"\n  },<\/p>\n<p>  \"hasOfferCatalog\": {\n    \"@type\": \"OfferCatalog\",\n    \"name\": \"Mega Millions biletleri\",\n    \"itemListElement\": [\n      {\n        \"@type\": \"Offer\",\n        \"name\": \"Mega Millions biletleri\",\n        \"url\": \"https:\/\/redfoxlotto.com\/tr\/lotteries\/powerball\",\n        \"description\": \"RedFoxLotto\u2019da bir sonraki Mega Millions \u00e7ekili\u015fi i\u00e7in ger\u00e7ek biletleri \u00e7evrimi\u00e7i sat\u0131n al\u0131n.\",\n        \"price\": \"13.00\",\n        \"priceCurrency\": \"\u20ac\",\n        \"availability\": \"https:\/\/schema.org\/InStock\",<\/p>\n<p>        \"itemOffered\": {\n          \"@type\": \"Service\",\n          \"name\": \"Mega Millions piyango biletleri\",\n          \"description\": \"Bir sonraki Mega Millions \u00e7ekili\u015fine kat\u0131l\u0131n \u2013 RedFoxLotto \u00fczerinden \u00e7evrimi\u00e7i bilet al\u0131n.\"\n        }\n      }\n    ]\n  },<\/p>\n<p>  \"mainEntityOfPage\": {\n    \"@type\": \"WebPage\",\n    \"@id\": \"https:\/\/redfoxlotto.com\/tr\/lotteries\/mega-millions\"\n  }\n}\n<\/script><\/p>\n<p>2002&#8217;ye kadar &#8220;The Big Game&#8221; olarak bilinen ve 44 ABD eyaletinde d\u00fczenlenen bu piyango art\u0131k t\u00fcm d\u00fcnyada Mega Millions olarak bilinmektedir. Bu ama\u00e7la haftada iki \u00e7ekili\u015f (her Sal\u0131 ve Cuma) d\u00fczenlenmektedir. E\u011fer bu oyunu daha \u00f6nce duymad\u0131ysan\u0131z ya da \u015fimdiye kadar ger\u00e7ekten dikkat etmediyseniz, kesinlikle daha yak\u0131ndan bakmak ve bundan ne \u00e7\u0131karabilece\u011finizi g\u00f6rmek isteyeceksiniz.<\/p>\n<p>Kesinlikle kazanmak isteyece\u011finiz bir \u00f6d\u00fcl olacak ve sizin i\u00e7in de oynamas\u0131 \u00e7ok kolay bir oyun. Bu da T\u00fcrkiye&#8217;den online Mega Millions bileti sat\u0131n alman\u0131z\u0131 bir kazan-kazan haline getiriyor.<\/p>\n<h2>Mega Millions B\u00fcy\u00fck \u0130kramiye<\/h2>\n<p>Mega Millions b\u00fcy\u00fck ikramiyeleriyle tan\u0131n\u0131r. 2018 y\u0131l\u0131nda, tek bir \u015fansl\u0131 adam taraf\u0131ndan 1,5 milyar dolar\u0131n \u00fczerinde rekor bir ikramiye kazan\u0131ld\u0131. Bu kesinlikle kazanmak isteyece\u011finiz t\u00fcrden bir ikramiye, de\u011fil mi? Ve olas\u0131l\u0131klar kesinlikle baz\u0131 jackpot kazan\u00e7lar\u0131 i\u00e7in oldu\u011fu kadar k\u00f6t\u00fc de\u011fil.<\/p>\n<p>Mega Millions hakk\u0131nda daha da iyi olan \u015fey, ikramiyelerin her zaman y\u00fcksek olaca\u011f\u0131d\u0131r. Asl\u0131nda, b\u00fcy\u00fck ikramiye 40 milyon dolardan ba\u015fl\u0131yor. Yani, temel ikramiyeyi artmaya ba\u015flamadan \u00f6nce kazansan\u0131z bile (ki bu nadiren olur) yine de b\u00fcy\u00fck bir \u00f6deme alacaks\u0131n\u0131z.<\/p>\n<p><img loading=\"lazy\" decoding=\"async\" class=\"alignright wp-image\" src=\"https:\/\/content.redfoxlotto.com\/uploads\/sites\/9\/2_ticket_mega_millions2.jpg\" alt=\"Mega Millions \u00e7evrimi\u00e7i\" width=\"200\" height=\"207\" \/><\/p>\n<p>E\u011fer jackpotu daha sonra, y\u00fckselmeye ba\u015flad\u0131\u011f\u0131nda kazan\u0131rsan\u0131z, \u00e7ok daha fazlas\u0131n\u0131 kazanabilirsiniz. Daha da iyisi, bu ikramiyeler olduk\u00e7a h\u0131zl\u0131 bir \u015fekilde artar. Yani bug\u00fcn 40 milyon dolarla ba\u015flayan bir ikramiye, bir hafta veya daha k\u0131sa bir s\u00fcre i\u00e7inde 100 milyon dolar\u0131n \u00fczerine \u00e7\u0131kabilir. Oradan birka\u00e7 y\u00fcz milyona kadar \u00e7\u0131kabilir ve ba\u015fka bir milyar dolarl\u0131k \u00e7ekili\u015fe kat\u0131labilirsiniz. Bu kesinlikle biletler i\u00e7in birka\u00e7 dolarl\u0131k yat\u0131r\u0131ma de\u011fer, de\u011fil mi?<\/p>\n<p>Web sitemizde, T\u00fcrkiye&#8217;de ya\u015f\u0131yor olsan\u0131z bile Mega Millions biletlerini \u00e7evrimi\u00e7i sat\u0131n alma \u015fans\u0131na sahipsiniz. Sadece numaralar\u0131n\u0131z\u0131 se\u00e7in, biletinizi sat\u0131n al\u0131n ve \u00e7ekili\u015f sonu\u00e7lar\u0131n\u0131 bekleyin! Bir dakika i\u00e7inde genel ad\u0131mlardan baz\u0131lar\u0131n\u0131 ve ba\u015flamak i\u00e7in gerekenleri g\u00f6zden ge\u00e7irece\u011fiz, ancak \u00f6nce Mega Millions&#8217;un kendisine odaklanal\u0131m, olur mu?<\/p>\n<h2>T\u00fcrkiye&#8217;de internet \u00fczerinden Mega Millions bileti sat\u0131n almak<\/h2>\n<p>\u0130lk Mega Millions biletinizi \u00e7evrimi\u00e7i sat\u0131n almaya haz\u0131r m\u0131s\u0131n\u0131z? E\u011fer \u00f6yleyseniz, o zaman kesinlikle s\u00fcrece giren ad\u0131mlara bir g\u00f6z atmak isteyeceksiniz. Bunu m\u00fcmk\u00fcn oldu\u011funca kolayla\u015ft\u0131r\u0131yoruz \u00e7\u00fcnk\u00fc biletinizi ger\u00e7ekten sat\u0131n almak, \u00e7ekili\u015fe kat\u0131lmak ve ard\u0131ndan hayat\u0131n\u0131zda devam eden di\u011fer \u015feylere devam etmek istedi\u011finizi biliyoruz. Bu y\u00fczden s\u00fcreci sadece birka\u00e7 ad\u0131mda tamaml\u0131yoruz.<\/p>\n<p>\u0130lk ad\u0131m ne sat\u0131n alaca\u011f\u0131n\u0131za karar vermektir. E\u011fer Mega Millions biletlerini online olarak sat\u0131n almak istiyorsan\u0131z, bu \u00e7ok kolay olacakt\u0131r. Sadece oyunu bulun ve \u00f6zellikle onun i\u00e7in sayfaya gidin.<\/p>\n<p>Di\u011fer oyunlar i\u00e7in bilet sat\u0131n almak istiyorsan\u0131z, her birini ve mevcut ikramiyelerini ayn\u0131 ekranda g\u00f6rebileceksiniz ve bunlar\u0131n her birine ayr\u0131 ayr\u0131 girebilirsiniz. Bu, ne yapaca\u011f\u0131n\u0131za karar vermenizi ve istedi\u011finiz biletleri se\u00e7menizi ger\u00e7ekten kolayla\u015ft\u0131r\u0131r.<\/p>\n<p>Sayfaya girdi\u011finizde Mega Millions hakk\u0131nda daha fazla bilgi edinebilir ve ard\u0131ndan oynamak istedi\u011finiz numaralar\u0131 se\u00e7ebilirsiniz. \u0130stedi\u011finiz belirli say\u0131lar varsa, bunlar\u0131 do\u011frudan bu ekranda se\u00e7ebilirsiniz. Yaln\u0131zca birka\u00e7 numaran\u0131z varsa ve geri kalan\u0131n\u0131n rastgele atanmas\u0131n\u0131 istiyorsan\u0131z, bu da bir se\u00e7enektir. Ya da tamamen rastgele bir bilet almay\u0131 se\u00e7ebilirsiniz. Bu tamamen size ba\u011fl\u0131 olacak. Her iki durumda da, yeterli, \u00e7ok az veya \u00e7ok fazla numaran\u0131z olup olmad\u0131\u011f\u0131n\u0131 bileceksiniz \u00e7\u00fcnk\u00fc siz daha bir sonraki sayfaya ge\u00e7meden biletinizin ge\u00e7erli oldu\u011fundan emin olaca\u011f\u0131z.<\/p>\n<h2>\u00d6deme s\u00fcreci<\/h2>\n<p>\u0130stedi\u011finiz Mega Millions biletlerini se\u00e7tikten sonra bunlar\u0131 sepetinize ekleyebilir ve isterseniz ek biletler se\u00e7ebilir veya \u00f6deme i\u015flemine ge\u00e7ebilirsiniz. \u00d6deme yaparken bizde bir hesaba ihtiyac\u0131n\u0131z olacak, ancak bunun kurulumunu da \u00e7ok kolay hale getiriyoruz.<\/p>\n<p>Sadece kendiniz hakk\u0131nda baz\u0131 temel bilgileri dolduracaks\u0131n\u0131z, b\u00f6ylece gerekti\u011finde \u00f6d\u00fclleri talep edebilirsiniz.<\/p>\n<p><img loading=\"lazy\" decoding=\"async\" class=\"alignright wp-image\" src=\"https:\/\/content.redfoxlotto.com\/uploads\/sites\/9\/1_buy_mega_millions_lottery_tickets.jpg\" alt=\"online bilet sat\u0131n al\u0131n\" width=\"287\" height=\"202\" \/><\/p>\n<p>Hepsi bu kadar. Sat\u0131n alma i\u015fleminizi onayl\u0131yorsunuz, biletleri sizin i\u00e7in al\u0131yoruz ve kazan\u0131p kazanmad\u0131\u011f\u0131n\u0131z\u0131 izleyip g\u00f6rebilmeniz i\u00e7in do\u011frudan hesab\u0131n\u0131zda g\u00f6r\u00fcnecekler. Biletiniz kazan\u0131rsa size bir e-posta bile g\u00f6nderece\u011fiz ve \u00e7ekili\u015fte hangi numaralar\u0131n e\u015fle\u015fti\u011fini do\u011frudan hesab\u0131n\u0131zda g\u00f6sterece\u011fiz. Mega Millions ile harika bir deneyim elde etmekte sorun ya\u015famayacaks\u0131n\u0131z ve her oyunu oynamaya devam etmek isteyeceksiniz.<\/p>\n","protected":false},"excerpt":{"rendered":"<p>2002&#8217;ye kadar &#8220;The Big Game&#8221; olarak bilinen ve 44 ABD eyaletinde d\u00fczenlenen bu piyango art\u0131k t\u00fcm d\u00fcnyada Mega Millions olarak bilinmektedir. Bu ama\u00e7la haftada iki \u00e7ekili\u015f (her Sal\u0131 ve Cuma) d\u00fczenlenmektedir. E\u011fer bu oyunu daha \u00f6nce duymad\u0131ysan\u0131z ya da \u015fimdiye kadar ger\u00e7ekten dikkat etmediyseniz, kesinlikle daha yak\u0131ndan bakmak ve bundan ne \u00e7\u0131karabilece\u011finizi g\u00f6rmek isteyeceksiniz. Kesinlikle [&hellip;]<\/p>\n","protected":false},"author":1,"featured_media":0,"parent":2932,"menu_order":2,"comment_status":"closed","ping_status":"closed","template":"megamillion-info.php","meta":{"_et_pb_use_builder":"","_et_pb_old_content":"","_et_gb_content_width":"","exclude_from_search":false,"footnotes":""},"class_list":["post-2940","page","type-page","status-publish","hentry"],"yoast_head":"<!-- This site is optimized with the Yoast SEO plugin v23.8 - https:\/\/yoast.com\/wordpress\/plugins\/seo\/ -->\n<title>Mega Millions biletlerini online sat\u0131n al\u0131n | Mega Millions art\u0131k T\u00fcrkiye&#039;den temin edilebilir<\/title>\n<meta name=\"description\" content=\"Mega Millions Lotto USA ve Mega Millions biletlerini T\u00fcrkiye&#039;den veya d\u00fcnyan\u0131n herhangi bir \u00fclkesinden \u00e7evrimi\u00e7i olarak nas\u0131l sat\u0131n alabilece\u011finiz hakk\u0131nda bilgi edinin\" \/>\n<meta name=\"robots\" content=\"index, follow, max-snippet:-1, max-image-preview:large, max-video-preview:-1\" \/>\n<link rel=\"canonical\" href=\"https:\/\/redfoxlotto.com\/tr\/loto\/mega-millions\/\" \/>\n<meta property=\"og:locale\" content=\"tr_TR\" \/>\n<meta property=\"og:type\" content=\"article\" \/>\n<meta property=\"og:title\" content=\"Mega Millions biletlerini online sat\u0131n al\u0131n | Mega Millions art\u0131k T\u00fcrkiye&#039;den temin edilebilir\" \/>\n<meta property=\"og:description\" content=\"Mega Millions Lotto USA ve Mega Millions biletlerini T\u00fcrkiye&#039;den veya d\u00fcnyan\u0131n herhangi bir \u00fclkesinden \u00e7evrimi\u00e7i olarak nas\u0131l sat\u0131n alabilece\u011finiz hakk\u0131nda bilgi edinin\" \/>\n<meta property=\"og:url\" content=\"https:\/\/redfoxlotto.com\/tr\/loto\/mega-millions\/\" \/>\n<meta property=\"og:site_name\" content=\"Get Tickets for the World\u2019s largest jackpots\" \/>\n<meta property=\"article:modified_time\" content=\"2025-12-18T13:30:22+00:00\" \/>\n<meta property=\"og:image\" content=\"https:\/\/content.redfoxlotto.com\/uploads\/sites\/9\/2_ticket_mega_millions2.jpg\" \/>\n<meta name=\"twitter:card\" content=\"summary_large_image\" \/>\n<meta name=\"twitter:label1\" content=\"Tahmini okuma s\u00fcresi\" \/>\n\t<meta name=\"twitter:data1\" content=\"3 dakika\" \/>\n<script type=\"application\/ld+json\" class=\"yoast-schema-graph\">{\"@context\":\"https:\/\/schema.org\",\"@graph\":[{\"@type\":\"WebPage\",\"@id\":\"https:\/\/redfoxlotto.com\/tr\/loto\/mega-millions\/\",\"url\":\"https:\/\/redfoxlotto.com\/tr\/loto\/mega-millions\/\",\"name\":\"Mega Millions biletlerini online sat\u0131n al\u0131n | Mega Millions art\u0131k T\u00fcrkiye'den temin edilebilir\",\"isPartOf\":{\"@id\":\"https:\/\/redfoxlotto.com\/tr\/#website\"},\"primaryImageOfPage\":{\"@id\":\"https:\/\/redfoxlotto.com\/tr\/loto\/mega-millions\/#primaryimage\"},\"image\":{\"@id\":\"https:\/\/redfoxlotto.com\/tr\/loto\/mega-millions\/#primaryimage\"},\"thumbnailUrl\":\"https:\/\/content.redfoxlotto.com\/uploads\/sites\/9\/2_ticket_mega_millions2.jpg\",\"datePublished\":\"2018-11-18T08:54:25+00:00\",\"dateModified\":\"2025-12-18T13:30:22+00:00\",\"description\":\"Mega Millions Lotto USA ve Mega Millions biletlerini T\u00fcrkiye'den veya d\u00fcnyan\u0131n herhangi bir \u00fclkesinden \u00e7evrimi\u00e7i olarak nas\u0131l sat\u0131n alabilece\u011finiz hakk\u0131nda bilgi edinin\",\"breadcrumb\":{\"@id\":\"https:\/\/redfoxlotto.com\/tr\/loto\/mega-millions\/#breadcrumb\"},\"inLanguage\":\"tr\",\"potentialAction\":[{\"@type\":\"ReadAction\",\"target\":[\"https:\/\/redfoxlotto.com\/tr\/loto\/mega-millions\/\"]}]},{\"@type\":\"ImageObject\",\"inLanguage\":\"tr\",\"@id\":\"https:\/\/redfoxlotto.com\/tr\/loto\/mega-millions\/#primaryimage\",\"url\":\"https:\/\/content.redfoxlotto.com\/uploads\/sites\/9\/2_ticket_mega_millions2.jpg\",\"contentUrl\":\"https:\/\/content.redfoxlotto.com\/uploads\/sites\/9\/2_ticket_mega_millions2.jpg\"},{\"@type\":\"BreadcrumbList\",\"@id\":\"https:\/\/redfoxlotto.com\/tr\/loto\/mega-millions\/#breadcrumb\",\"itemListElement\":[{\"@type\":\"ListItem\",\"position\":1,\"name\":\"Home\",\"item\":\"https:\/\/redfoxlotto.com\/tr\/\"},{\"@type\":\"ListItem\",\"position\":2,\"name\":\"Online piyango bileti sat\u0131n alma i\u015flemi\",\"item\":\"https:\/\/redfoxlotto.com\/tr\/loto\/\"},{\"@type\":\"ListItem\",\"position\":3,\"name\":\"Mega Millions Hakk\u0131nda\"}]},{\"@type\":\"WebSite\",\"@id\":\"https:\/\/redfoxlotto.com\/tr\/#website\",\"url\":\"https:\/\/redfoxlotto.com\/tr\/\",\"name\":\"Get Tickets for the World\u2019s largest jackpots\",\"description\":\"Participate in worldwide lottery jackpots from any country\",\"publisher\":{\"@id\":\"https:\/\/redfoxlotto.com\/tr\/#organization\"},\"potentialAction\":[{\"@type\":\"SearchAction\",\"target\":{\"@type\":\"EntryPoint\",\"urlTemplate\":\"https:\/\/redfoxlotto.com\/tr\/?s={search_term_string}\"},\"query-input\":{\"@type\":\"PropertyValueSpecification\",\"valueRequired\":true,\"valueName\":\"search_term_string\"}}],\"inLanguage\":\"tr\"},{\"@type\":\"Organization\",\"@id\":\"https:\/\/redfoxlotto.com\/tr\/#organization\",\"name\":\"Get Tickets for the World\u2019s largest jackpots\",\"url\":\"https:\/\/redfoxlotto.com\/tr\/\",\"logo\":{\"@type\":\"ImageObject\",\"inLanguage\":\"tr\",\"@id\":\"https:\/\/redfoxlotto.com\/tr\/#\/schema\/logo\/image\/\",\"url\":\"https:\/\/redfoxlotto.com\/wp-content\/uploads\/2023\/04\/logo.png\",\"contentUrl\":\"https:\/\/redfoxlotto.com\/wp-content\/uploads\/2023\/04\/logo.png\",\"width\":269,\"height\":53,\"caption\":\"Get Tickets for the World\u2019s largest jackpots\"},\"image\":{\"@id\":\"https:\/\/redfoxlotto.com\/tr\/#\/schema\/logo\/image\/\"}}]}<\/script>\n<!-- \/ Yoast SEO plugin. -->","yoast_head_json":{"title":"Mega Millions biletlerini online sat\u0131n al\u0131n | Mega Millions art\u0131k T\u00fcrkiye'den temin edilebilir","description":"Mega Millions Lotto USA ve Mega Millions biletlerini T\u00fcrkiye'den veya d\u00fcnyan\u0131n herhangi bir \u00fclkesinden \u00e7evrimi\u00e7i olarak nas\u0131l sat\u0131n alabilece\u011finiz hakk\u0131nda bilgi edinin","robots":{"index":"index","follow":"follow","max-snippet":"max-snippet:-1","max-image-preview":"max-image-preview:large","max-video-preview":"max-video-preview:-1"},"canonical":"https:\/\/redfoxlotto.com\/tr\/loto\/mega-millions\/","og_locale":"tr_TR","og_type":"article","og_title":"Mega Millions biletlerini online sat\u0131n al\u0131n | Mega Millions art\u0131k T\u00fcrkiye'den temin edilebilir","og_description":"Mega Millions Lotto USA ve Mega Millions biletlerini T\u00fcrkiye'den veya d\u00fcnyan\u0131n herhangi bir \u00fclkesinden \u00e7evrimi\u00e7i olarak nas\u0131l sat\u0131n alabilece\u011finiz hakk\u0131nda bilgi edinin","og_url":"https:\/\/redfoxlotto.com\/tr\/loto\/mega-millions\/","og_site_name":"Get Tickets for the World\u2019s largest jackpots","article_modified_time":"2025-12-18T13:30:22+00:00","og_image":[{"url":"https:\/\/content.redfoxlotto.com\/uploads\/sites\/9\/2_ticket_mega_millions2.jpg"}],"twitter_card":"summary_large_image","twitter_misc":{"Tahmini okuma s\u00fcresi":"3 dakika"},"schema":{"@context":"https:\/\/schema.org","@graph":[{"@type":"WebPage","@id":"https:\/\/redfoxlotto.com\/tr\/loto\/mega-millions\/","url":"https:\/\/redfoxlotto.com\/tr\/loto\/mega-millions\/","name":"Mega Millions biletlerini online sat\u0131n al\u0131n | Mega Millions art\u0131k T\u00fcrkiye'den temin edilebilir","isPartOf":{"@id":"https:\/\/redfoxlotto.com\/tr\/#website"},"primaryImageOfPage":{"@id":"https:\/\/redfoxlotto.com\/tr\/loto\/mega-millions\/#primaryimage"},"image":{"@id":"https:\/\/redfoxlotto.com\/tr\/loto\/mega-millions\/#primaryimage"},"thumbnailUrl":"https:\/\/content.redfoxlotto.com\/uploads\/sites\/9\/2_ticket_mega_millions2.jpg","datePublished":"2018-11-18T08:54:25+00:00","dateModified":"2025-12-18T13:30:22+00:00","description":"Mega Millions Lotto USA ve Mega Millions biletlerini T\u00fcrkiye'den veya d\u00fcnyan\u0131n herhangi bir \u00fclkesinden \u00e7evrimi\u00e7i olarak nas\u0131l sat\u0131n alabilece\u011finiz hakk\u0131nda bilgi edinin","breadcrumb":{"@id":"https:\/\/redfoxlotto.com\/tr\/loto\/mega-millions\/#breadcrumb"},"inLanguage":"tr","potentialAction":[{"@type":"ReadAction","target":["https:\/\/redfoxlotto.com\/tr\/loto\/mega-millions\/"]}]},{"@type":"ImageObject","inLanguage":"tr","@id":"https:\/\/redfoxlotto.com\/tr\/loto\/mega-millions\/#primaryimage","url":"https:\/\/content.redfoxlotto.com\/uploads\/sites\/9\/2_ticket_mega_millions2.jpg","contentUrl":"https:\/\/content.redfoxlotto.com\/uploads\/sites\/9\/2_ticket_mega_millions2.jpg"},{"@type":"BreadcrumbList","@id":"https:\/\/redfoxlotto.com\/tr\/loto\/mega-millions\/#breadcrumb","itemListElement":[{"@type":"ListItem","position":1,"name":"Home","item":"https:\/\/redfoxlotto.com\/tr\/"},{"@type":"ListItem","position":2,"name":"Online piyango bileti sat\u0131n alma i\u015flemi","item":"https:\/\/redfoxlotto.com\/tr\/loto\/"},{"@type":"ListItem","position":3,"name":"Mega Millions Hakk\u0131nda"}]},{"@type":"WebSite","@id":"https:\/\/redfoxlotto.com\/tr\/#website","url":"https:\/\/redfoxlotto.com\/tr\/","name":"Get Tickets for the World\u2019s largest jackpots","description":"Participate in worldwide lottery jackpots from any country","publisher":{"@id":"https:\/\/redfoxlotto.com\/tr\/#organization"},"potentialAction":[{"@type":"SearchAction","target":{"@type":"EntryPoint","urlTemplate":"https:\/\/redfoxlotto.com\/tr\/?s={search_term_string}"},"query-input":{"@type":"PropertyValueSpecification","valueRequired":true,"valueName":"search_term_string"}}],"inLanguage":"tr"},{"@type":"Organization","@id":"https:\/\/redfoxlotto.com\/tr\/#organization","name":"Get Tickets for the World\u2019s largest jackpots","url":"https:\/\/redfoxlotto.com\/tr\/","logo":{"@type":"ImageObject","inLanguage":"tr","@id":"https:\/\/redfoxlotto.com\/tr\/#\/schema\/logo\/image\/","url":"https:\/\/redfoxlotto.com\/wp-content\/uploads\/2023\/04\/logo.png","contentUrl":"https:\/\/redfoxlotto.com\/wp-content\/uploads\/2023\/04\/logo.png","width":269,"height":53,"caption":"Get Tickets for the World\u2019s largest jackpots"},"image":{"@id":"https:\/\/redfoxlotto.com\/tr\/#\/schema\/logo\/image\/"}}]}},"_links":{"self":[{"href":"https:\/\/redfoxlotto.com\/tr\/wp-json\/wp\/v2\/pages\/2940","targetHints":{"allow":["GET"]}}],"collection":[{"href":"https:\/\/redfoxlotto.com\/tr\/wp-json\/wp\/v2\/pages"}],"about":[{"href":"https:\/\/redfoxlotto.com\/tr\/wp-json\/wp\/v2\/types\/page"}],"author":[{"embeddable":true,"href":"https:\/\/redfoxlotto.com\/tr\/wp-json\/wp\/v2\/users\/1"}],"replies":[{"embeddable":true,"href":"https:\/\/redfoxlotto.com\/tr\/wp-json\/wp\/v2\/comments?post=2940"}],"version-history":[{"count":0,"href":"https:\/\/redfoxlotto.com\/tr\/wp-json\/wp\/v2\/pages\/2940\/revisions"}],"up":[{"embeddable":true,"href":"https:\/\/redfoxlotto.com\/tr\/wp-json\/wp\/v2\/pages\/2932"}],"wp:attachment":[{"href":"https:\/\/redfoxlotto.com\/tr\/wp-json\/wp\/v2\/media?parent=2940"}],"curies":[{"name":"wp","href":"https:\/\/api.w.org\/{rel}","templated":true}]}}