{"id":2938,"date":"2018-11-18T08:54:25","date_gmt":"2018-11-18T08:54:25","guid":{"rendered":"https:\/\/redfoxlotto.com\/?page_id=5356"},"modified":"2019-09-12T18:15:07","modified_gmt":"2019-09-12T18:15:07","slug":"la-primitiva","status":"publish","type":"page","link":"https:\/\/redfoxlotto.com\/tr\/loto\/la-primitiva\/","title":{"rendered":"La Primitiva online bilet alma hakk\u0131nda"},"content":{"rendered":"<p>Bu \u0130spanya&#8217;n\u0131n en b\u00fcy\u00fck piyangosudur. Bu piyangoyu El Gordo olarak da duymu\u015f olabilirsiniz, teknik olarak bu do\u011fru de\u011fildir. El Gordo \u0130spanyol La Primitiva piyangosunun Noel&#8217;de olan\u0131d\u0131r ve komple farkl\u0131 bir \u015fekilde i\u015fler. El Gordo hakk\u0131ndaki yaz\u0131m\u0131za g\u00f6z at\u0131n.<\/p><p><img decoding=\"async\" class=\"tam boy wp-image alignright\" src=\"https:\/\/content.redfoxlotto.com\/uploads\/sites\/9\/2_ticket_la_primitiva2.jpg\" alt=\"La Primitiva \u00e7evrimi\u00e7i bileti\"><\/p><!--more--><p>La Primitiva haftal\u0131k \u0130spanyol piyangosudur. B\u00fcy\u00fck ikramiyenin en d\u00fc\u015f\u00fck tutar\u0131 \u20ac5 milyondur. Fakat bu b\u00fcy\u00fck ikramiye tutar\u0131 ge\u00e7mi\u015fte \u20ac100 milyona yakla\u015fm\u0131\u015ft\u0131r. \u00c7ekili\u015f her Pazar ger\u00e7ekle\u015fir.<\/p><p>Ulusal bir <a href=\"https:\/\/redfoxlotto.com\/tr\/\">piyango <\/a>olmas\u0131na ra\u011fmen, La Primitiva i\u00e7in online bilet alabilirsiniz. \u0130spanya&#8217;da oturuyor olman\u0131z gerekmez. Sitemizden numaralar\u0131n\u0131z\u0131 se\u00e7in, ard\u0131ndan hesap olu\u015fturun ve online \u00f6deme yap\u0131n. Sizin ad\u0131n\u0131za tamamen yasal bir La Primitiva bileti sipari\u015f edece\u011fiz.<\/p><p><img decoding=\"async\" class=\"size-full wp-image alignright\" src=\"https:\/\/content.redfoxlotto.com\/uploads\/sites\/9\/1_buy_ticket_lotto_online2.jpg\" alt=\"La Primitiva biletleri sat\u0131n al\u0131n\"><\/p>\n<p>g class = &#8220;size-full wp-image alignright&#8221; src = &#8220;https:\/\/content.redfoxlotto.com\/uploads\/sites\/9\/1_buy_ticket_lotto_online2.jpg&#8221; alt = &#8220;La Primitiva biletleri sat\u0131n al\u0131n&#8221;&gt;<\/p><p>Piyangoya kat\u0131lmak i\u00e7in tek yapman\u0131z gereken numaralar\u0131n\u0131 se\u00e7ti\u011finiz bir piyango bileti sat\u0131n almak. La Primitiva piyango biletleri 0-49 aras\u0131 numaralar i\u00e7erir. Oyuncular\u0131n herhangi 6 numara se\u00e7melerine izin verilir ve sat\u0131n almadan sonra 0-9 aras\u0131nda bir numara otomatik olarak o bilete atan\u0131r. \u00c7ekili\u015f g\u00fcn\u00fc, 0-49 aras\u0131ndan 6 numara ve 0-9 aras\u0131ndan 1 numara rastgele al\u0131n\u0131r b\u00f6ylece kimin bileti \u00fczerindeki numaralarla \u00e7ekilen numaralar e\u015fle\u015fiyorsa b\u00fcy\u00fck ikramiyeyi kazan\u0131r. <\/p><p>\u015eimdiye kadarki La Primitiva piyangosundaki en b\u00fcy\u00fck kazan\u00e7 17 Ekim 2015 tarihinde 101,7 milyon \u20ac olmu\u015ftur. Bundan \u00f6nce \u015eubat 2014&#8217;te olan \u20ac73 milyon sonraki en b\u00fcy\u00fckt\u00fcr. En b\u00fcy\u00fck jackpotu kazanmada as\u0131l belirleyici kesinlikle \u015fanst\u0131r \u00e7\u00fcnk\u00fc b\u00fcy\u00fck ikramiyeye ula\u015fma olas\u0131l\u0131\u011f\u0131 1:14 milyondur, ancak bilet alman\u0131n maliyetinin az oldu\u011fu g\u00f6z \u00f6n\u00fcnde bulunduruldu\u011funda ve b\u00fcy\u00fck miktarlar kazanma \u015fans\u0131 varken, herkes kendini \u015fansl\u0131 hissetmeli.<\/p>","protected":false},"excerpt":{"rendered":"<p>Bu \u0130spanya&#8217;n\u0131n en b\u00fcy\u00fck piyangosudur. Bu piyangoyu El Gordo olarak da duymu\u015f olabilirsiniz, teknik olarak bu do\u011fru de\u011fildir. El Gordo \u0130spanyol La Primitiva piyangosunun Noel&#8217;de olan\u0131d\u0131r ve komple farkl\u0131 bir \u015fekilde i\u015fler. El Gordo hakk\u0131ndaki yaz\u0131m\u0131za g\u00f6z at\u0131n.<\/p>\n","protected":false},"author":1,"featured_media":0,"parent":2932,"menu_order":7,"comment_status":"closed","ping_status":"closed","template":"la-primitiva-info.php","meta":{"_et_pb_use_builder":"","_et_pb_old_content":"","_et_gb_content_width":"","exclude_from_search":false,"footnotes":""},"class_list":["post-2938","page","type-page","status-publish","hentry"],"yoast_head":"<!-- This site is optimized with the Yoast SEO plugin v23.8 - https:\/\/yoast.com\/wordpress\/plugins\/seo\/ -->\n<title>\u0130stedi\u011finiz yerden La Primitiva bileti al\u0131n<\/title>\n<meta name=\"description\" content=\"Nerede ya\u015fad\u0131\u011f\u0131n\u0131z\u0131n \u00f6nemi yok - La Primitiva Lotto biletlerini sat\u0131n alabilirsiniz\" \/>\n<meta name=\"robots\" content=\"index, follow, max-snippet:-1, max-image-preview:large, max-video-preview:-1\" \/>\n<link rel=\"canonical\" href=\"https:\/\/redfoxlotto.com\/tr\/loto\/la-primitiva\/\" \/>\n<meta property=\"og:locale\" content=\"tr_TR\" \/>\n<meta property=\"og:type\" content=\"article\" \/>\n<meta property=\"og:title\" content=\"\u0130stedi\u011finiz yerden La Primitiva bileti al\u0131n\" \/>\n<meta property=\"og:description\" content=\"Nerede ya\u015fad\u0131\u011f\u0131n\u0131z\u0131n \u00f6nemi yok - La Primitiva Lotto biletlerini sat\u0131n alabilirsiniz\" \/>\n<meta property=\"og:url\" content=\"https:\/\/redfoxlotto.com\/tr\/loto\/la-primitiva\/\" \/>\n<meta property=\"og:site_name\" content=\"Get Tickets for the World\u2019s largest jackpots\" \/>\n<meta property=\"article:modified_time\" content=\"2019-09-12T18:15:07+00:00\" \/>\n<meta property=\"og:image\" content=\"https:\/\/content.redfoxlotto.com\/uploads\/sites\/9\/2_ticket_la_primitiva2.jpg\" \/>\n<meta name=\"twitter:card\" content=\"summary_large_image\" \/>\n<meta name=\"twitter:label1\" content=\"Tahmini okuma s\u00fcresi\" \/>\n\t<meta name=\"twitter:data1\" content=\"2 dakika\" \/>\n<script type=\"application\/ld+json\" class=\"yoast-schema-graph\">{\"@context\":\"https:\/\/schema.org\",\"@graph\":[{\"@type\":\"WebPage\",\"@id\":\"https:\/\/redfoxlotto.com\/tr\/loto\/la-primitiva\/\",\"url\":\"https:\/\/redfoxlotto.com\/tr\/loto\/la-primitiva\/\",\"name\":\"\u0130stedi\u011finiz yerden La Primitiva bileti al\u0131n\",\"isPartOf\":{\"@id\":\"https:\/\/redfoxlotto.com\/tr\/#website\"},\"primaryImageOfPage\":{\"@id\":\"https:\/\/redfoxlotto.com\/tr\/loto\/la-primitiva\/#primaryimage\"},\"image\":{\"@id\":\"https:\/\/redfoxlotto.com\/tr\/loto\/la-primitiva\/#primaryimage\"},\"thumbnailUrl\":\"https:\/\/content.redfoxlotto.com\/uploads\/sites\/9\/2_ticket_la_primitiva2.jpg\",\"datePublished\":\"2018-11-18T08:54:25+00:00\",\"dateModified\":\"2019-09-12T18:15:07+00:00\",\"description\":\"Nerede ya\u015fad\u0131\u011f\u0131n\u0131z\u0131n \u00f6nemi yok - La Primitiva Lotto biletlerini sat\u0131n alabilirsiniz\",\"breadcrumb\":{\"@id\":\"https:\/\/redfoxlotto.com\/tr\/loto\/la-primitiva\/#breadcrumb\"},\"inLanguage\":\"tr\",\"potentialAction\":[{\"@type\":\"ReadAction\",\"target\":[\"https:\/\/redfoxlotto.com\/tr\/loto\/la-primitiva\/\"]}]},{\"@type\":\"ImageObject\",\"inLanguage\":\"tr\",\"@id\":\"https:\/\/redfoxlotto.com\/tr\/loto\/la-primitiva\/#primaryimage\",\"url\":\"https:\/\/content.redfoxlotto.com\/uploads\/sites\/9\/2_ticket_la_primitiva2.jpg\",\"contentUrl\":\"https:\/\/content.redfoxlotto.com\/uploads\/sites\/9\/2_ticket_la_primitiva2.jpg\"},{\"@type\":\"BreadcrumbList\",\"@id\":\"https:\/\/redfoxlotto.com\/tr\/loto\/la-primitiva\/#breadcrumb\",\"itemListElement\":[{\"@type\":\"ListItem\",\"position\":1,\"name\":\"Home\",\"item\":\"https:\/\/redfoxlotto.com\/tr\/\"},{\"@type\":\"ListItem\",\"position\":2,\"name\":\"Online piyango bileti sat\u0131n alma i\u015flemi\",\"item\":\"https:\/\/redfoxlotto.com\/tr\/loto\/\"},{\"@type\":\"ListItem\",\"position\":3,\"name\":\"La Primitiva online bilet alma hakk\u0131nda\"}]},{\"@type\":\"WebSite\",\"@id\":\"https:\/\/redfoxlotto.com\/tr\/#website\",\"url\":\"https:\/\/redfoxlotto.com\/tr\/\",\"name\":\"Get Tickets for the World\u2019s largest jackpots\",\"description\":\"Participate in worldwide lottery jackpots from any country\",\"publisher\":{\"@id\":\"https:\/\/redfoxlotto.com\/tr\/#organization\"},\"potentialAction\":[{\"@type\":\"SearchAction\",\"target\":{\"@type\":\"EntryPoint\",\"urlTemplate\":\"https:\/\/redfoxlotto.com\/tr\/?s={search_term_string}\"},\"query-input\":{\"@type\":\"PropertyValueSpecification\",\"valueRequired\":true,\"valueName\":\"search_term_string\"}}],\"inLanguage\":\"tr\"},{\"@type\":\"Organization\",\"@id\":\"https:\/\/redfoxlotto.com\/tr\/#organization\",\"name\":\"Get Tickets for the World\u2019s largest jackpots\",\"url\":\"https:\/\/redfoxlotto.com\/tr\/\",\"logo\":{\"@type\":\"ImageObject\",\"inLanguage\":\"tr\",\"@id\":\"https:\/\/redfoxlotto.com\/tr\/#\/schema\/logo\/image\/\",\"url\":\"https:\/\/redfoxlotto.com\/wp-content\/uploads\/2023\/04\/logo.png\",\"contentUrl\":\"https:\/\/redfoxlotto.com\/wp-content\/uploads\/2023\/04\/logo.png\",\"width\":269,\"height\":53,\"caption\":\"Get Tickets for the World\u2019s largest jackpots\"},\"image\":{\"@id\":\"https:\/\/redfoxlotto.com\/tr\/#\/schema\/logo\/image\/\"}}]}<\/script>\n<!-- \/ Yoast SEO plugin. -->","yoast_head_json":{"title":"\u0130stedi\u011finiz yerden La Primitiva bileti al\u0131n","description":"Nerede ya\u015fad\u0131\u011f\u0131n\u0131z\u0131n \u00f6nemi yok - La Primitiva Lotto biletlerini sat\u0131n alabilirsiniz","robots":{"index":"index","follow":"follow","max-snippet":"max-snippet:-1","max-image-preview":"max-image-preview:large","max-video-preview":"max-video-preview:-1"},"canonical":"https:\/\/redfoxlotto.com\/tr\/loto\/la-primitiva\/","og_locale":"tr_TR","og_type":"article","og_title":"\u0130stedi\u011finiz yerden La Primitiva bileti al\u0131n","og_description":"Nerede ya\u015fad\u0131\u011f\u0131n\u0131z\u0131n \u00f6nemi yok - La Primitiva Lotto biletlerini sat\u0131n alabilirsiniz","og_url":"https:\/\/redfoxlotto.com\/tr\/loto\/la-primitiva\/","og_site_name":"Get Tickets for the World\u2019s largest jackpots","article_modified_time":"2019-09-12T18:15:07+00:00","og_image":[{"url":"https:\/\/content.redfoxlotto.com\/uploads\/sites\/9\/2_ticket_la_primitiva2.jpg"}],"twitter_card":"summary_large_image","twitter_misc":{"Tahmini okuma s\u00fcresi":"2 dakika"},"schema":{"@context":"https:\/\/schema.org","@graph":[{"@type":"WebPage","@id":"https:\/\/redfoxlotto.com\/tr\/loto\/la-primitiva\/","url":"https:\/\/redfoxlotto.com\/tr\/loto\/la-primitiva\/","name":"\u0130stedi\u011finiz yerden La Primitiva bileti al\u0131n","isPartOf":{"@id":"https:\/\/redfoxlotto.com\/tr\/#website"},"primaryImageOfPage":{"@id":"https:\/\/redfoxlotto.com\/tr\/loto\/la-primitiva\/#primaryimage"},"image":{"@id":"https:\/\/redfoxlotto.com\/tr\/loto\/la-primitiva\/#primaryimage"},"thumbnailUrl":"https:\/\/content.redfoxlotto.com\/uploads\/sites\/9\/2_ticket_la_primitiva2.jpg","datePublished":"2018-11-18T08:54:25+00:00","dateModified":"2019-09-12T18:15:07+00:00","description":"Nerede ya\u015fad\u0131\u011f\u0131n\u0131z\u0131n \u00f6nemi yok - La Primitiva Lotto biletlerini sat\u0131n alabilirsiniz","breadcrumb":{"@id":"https:\/\/redfoxlotto.com\/tr\/loto\/la-primitiva\/#breadcrumb"},"inLanguage":"tr","potentialAction":[{"@type":"ReadAction","target":["https:\/\/redfoxlotto.com\/tr\/loto\/la-primitiva\/"]}]},{"@type":"ImageObject","inLanguage":"tr","@id":"https:\/\/redfoxlotto.com\/tr\/loto\/la-primitiva\/#primaryimage","url":"https:\/\/content.redfoxlotto.com\/uploads\/sites\/9\/2_ticket_la_primitiva2.jpg","contentUrl":"https:\/\/content.redfoxlotto.com\/uploads\/sites\/9\/2_ticket_la_primitiva2.jpg"},{"@type":"BreadcrumbList","@id":"https:\/\/redfoxlotto.com\/tr\/loto\/la-primitiva\/#breadcrumb","itemListElement":[{"@type":"ListItem","position":1,"name":"Home","item":"https:\/\/redfoxlotto.com\/tr\/"},{"@type":"ListItem","position":2,"name":"Online piyango bileti sat\u0131n alma i\u015flemi","item":"https:\/\/redfoxlotto.com\/tr\/loto\/"},{"@type":"ListItem","position":3,"name":"La Primitiva online bilet alma hakk\u0131nda"}]},{"@type":"WebSite","@id":"https:\/\/redfoxlotto.com\/tr\/#website","url":"https:\/\/redfoxlotto.com\/tr\/","name":"Get Tickets for the World\u2019s largest jackpots","description":"Participate in worldwide lottery jackpots from any country","publisher":{"@id":"https:\/\/redfoxlotto.com\/tr\/#organization"},"potentialAction":[{"@type":"SearchAction","target":{"@type":"EntryPoint","urlTemplate":"https:\/\/redfoxlotto.com\/tr\/?s={search_term_string}"},"query-input":{"@type":"PropertyValueSpecification","valueRequired":true,"valueName":"search_term_string"}}],"inLanguage":"tr"},{"@type":"Organization","@id":"https:\/\/redfoxlotto.com\/tr\/#organization","name":"Get Tickets for the World\u2019s largest jackpots","url":"https:\/\/redfoxlotto.com\/tr\/","logo":{"@type":"ImageObject","inLanguage":"tr","@id":"https:\/\/redfoxlotto.com\/tr\/#\/schema\/logo\/image\/","url":"https:\/\/redfoxlotto.com\/wp-content\/uploads\/2023\/04\/logo.png","contentUrl":"https:\/\/redfoxlotto.com\/wp-content\/uploads\/2023\/04\/logo.png","width":269,"height":53,"caption":"Get Tickets for the World\u2019s largest jackpots"},"image":{"@id":"https:\/\/redfoxlotto.com\/tr\/#\/schema\/logo\/image\/"}}]}},"_links":{"self":[{"href":"https:\/\/redfoxlotto.com\/tr\/wp-json\/wp\/v2\/pages\/2938","targetHints":{"allow":["GET"]}}],"collection":[{"href":"https:\/\/redfoxlotto.com\/tr\/wp-json\/wp\/v2\/pages"}],"about":[{"href":"https:\/\/redfoxlotto.com\/tr\/wp-json\/wp\/v2\/types\/page"}],"author":[{"embeddable":true,"href":"https:\/\/redfoxlotto.com\/tr\/wp-json\/wp\/v2\/users\/1"}],"replies":[{"embeddable":true,"href":"https:\/\/redfoxlotto.com\/tr\/wp-json\/wp\/v2\/comments?post=2938"}],"version-history":[{"count":0,"href":"https:\/\/redfoxlotto.com\/tr\/wp-json\/wp\/v2\/pages\/2938\/revisions"}],"up":[{"embeddable":true,"href":"https:\/\/redfoxlotto.com\/tr\/wp-json\/wp\/v2\/pages\/2932"}],"wp:attachment":[{"href":"https:\/\/redfoxlotto.com\/tr\/wp-json\/wp\/v2\/media?parent=2938"}],"curies":[{"name":"wp","href":"https:\/\/api.w.org\/{rel}","templated":true}]}}