{"id":2937,"date":"2019-08-09T14:33:52","date_gmt":"2019-08-09T14:33:52","guid":{"rendered":"https:\/\/redfoxlotto.com\/?page_id=5354"},"modified":"2019-09-12T18:15:07","modified_gmt":"2019-09-12T18:15:07","slug":"lotto-fr","status":"publish","type":"page","link":"https:\/\/redfoxlotto.com\/tr\/loto\/lotto-fr\/","title":{"rendered":"\u00c7evrimi\u00e7i French Lotto Loto"},"content":{"rendered":"<p>Frans\u0131z piyangosunda, asl\u0131nda haftan\u0131n \u00fc\u00e7 g\u00fcn\u00fc \u00e7ekili\u015fler var, bu y\u00fczden oynamak i\u00e7in bolca f\u0131rsat\u0131n\u0131z olacak. Her pazartesi, \u00e7ar\u015famba ve cumartesi yeni bir \u00e7ekili\u015f yap\u0131yorlar ve bu onu daha s\u0131k ikramiyelerden biri yapacak. <\/p><!--more--><p>Buradaki b\u00fcy\u00fck ikramiyenin daha b\u00fcy\u00fck olanlardan biri olaca\u011f\u0131 ger\u00e7e\u011fini d\u00fc\u015f\u00fcnd\u00fc\u011f\u00fcn\u00fczde bu daha da \u00f6nemlidir. Tipik bir g\u00fcnl\u00fck piyango ikramiyesinin olduk\u00e7a k\u00fc\u00e7\u00fck oldu\u011fu ve haftal\u0131k veya iki haftal\u0131k \u00e7ekili\u015flerin olduk\u00e7a b\u00fcy\u00fck oldu\u011fu yerlerde, bu b\u00fcy\u00fck kategoriye daha da yakla\u015facakt\u0131r.<\/p><p>\u00c7izimlerin s\u0131kl\u0131\u011f\u0131na ek olarak, oyun s\u00fcper basit. Kazanman\u0131n yolu, be\u015f say\u0131n\u0131n hepsinin de do\u011fru olmas\u0131 ve do\u011fru bonus topunun al\u0131nmas\u0131d\u0131r. Yani, \u00e7a\u011fr\u0131lacak alt\u0131 farkl\u0131 numara var ve sonunda b\u00fcy\u00fck ikramiye alabilirsiniz, ki bu genellikle 2.000.000 \u20ac olacak. Bu kesinlikle iyi bir miktar para olacak, de\u011fil mi? B\u00fcy\u00fck ikramiyenin ba\u015flad\u0131\u011f\u0131 yer buras\u0131d\u0131r ve oradan da artmaya devam eder. Bu, her zaman bundan daha fazlas\u0131n\u0131 kazanma \u015fans\u0131n\u0131z oldu\u011fu anlam\u0131na gelir.<\/p>","protected":false},"excerpt":{"rendered":"<p>Frans\u0131z piyangosunda, asl\u0131nda haftan\u0131n \u00fc\u00e7 g\u00fcn\u00fc \u00e7ekili\u015fler var, bu y\u00fczden oynamak i\u00e7in bolca f\u0131rsat\u0131n\u0131z olacak. Her pazartesi, \u00e7ar\u015famba ve cumartesi yeni bir \u00e7ekili\u015f yap\u0131yorlar ve bu onu daha s\u0131k ikramiyelerden biri yapacak.<\/p>\n","protected":false},"author":1,"featured_media":0,"parent":2932,"menu_order":31,"comment_status":"closed","ping_status":"closed","template":"lotto-fr-info.php","meta":{"_et_pb_use_builder":"","_et_pb_old_content":"","_et_gb_content_width":"","exclude_from_search":false,"footnotes":""},"class_list":["post-2937","page","type-page","status-publish","hentry"],"yoast_head":"<!-- This site is optimized with the Yoast SEO plugin v27.3 - https:\/\/yoast.com\/product\/yoast-seo-wordpress\/ -->\n<title>Frans\u0131z Piyango \u00c7evrimi\u00e7i Bilet Sat\u0131n Alma<\/title>\n<meta name=\"description\" content=\"\u0130nternetten Frans\u0131z piyango bileti almaya haz\u0131r m\u0131s\u0131n\u0131z? Bilmeniz gereken her \u015feyi burada bulun!\" \/>\n<meta name=\"robots\" content=\"index, follow, max-snippet:-1, max-image-preview:large, max-video-preview:-1\" \/>\n<link rel=\"canonical\" href=\"https:\/\/redfoxlotto.com\/tr\/loto\/lotto-fr\/\" \/>\n<meta property=\"og:locale\" content=\"tr_TR\" \/>\n<meta property=\"og:type\" content=\"article\" \/>\n<meta property=\"og:title\" content=\"Frans\u0131z Piyango \u00c7evrimi\u00e7i Bilet Sat\u0131n Alma\" \/>\n<meta property=\"og:description\" content=\"\u0130nternetten Frans\u0131z piyango bileti almaya haz\u0131r m\u0131s\u0131n\u0131z? Bilmeniz gereken her \u015feyi burada bulun!\" \/>\n<meta property=\"og:url\" content=\"https:\/\/redfoxlotto.com\/tr\/loto\/lotto-fr\/\" \/>\n<meta property=\"og:site_name\" content=\"Get Tickets for the World\u2019s largest jackpots\" \/>\n<meta property=\"article:modified_time\" content=\"2019-09-12T18:15:07+00:00\" \/>\n<meta name=\"twitter:card\" content=\"summary_large_image\" \/>\n<meta name=\"twitter:label1\" content=\"Tahmini okuma s\u00fcresi\" \/>\n\t<meta name=\"twitter:data1\" content=\"1 dakika\" \/>\n<script type=\"application\/ld+json\" class=\"yoast-schema-graph\">{\"@context\":\"https:\\\/\\\/schema.org\",\"@graph\":[{\"@type\":\"WebPage\",\"@id\":\"https:\\\/\\\/redfoxlotto.com\\\/tr\\\/loto\\\/lotto-fr\\\/\",\"url\":\"https:\\\/\\\/redfoxlotto.com\\\/tr\\\/loto\\\/lotto-fr\\\/\",\"name\":\"Frans\u0131z Piyango \u00c7evrimi\u00e7i Bilet Sat\u0131n Alma\",\"isPartOf\":{\"@id\":\"https:\\\/\\\/redfoxlotto.com\\\/tr\\\/#website\"},\"datePublished\":\"2019-08-09T14:33:52+00:00\",\"dateModified\":\"2019-09-12T18:15:07+00:00\",\"description\":\"\u0130nternetten Frans\u0131z piyango bileti almaya haz\u0131r m\u0131s\u0131n\u0131z? Bilmeniz gereken her \u015feyi burada bulun!\",\"breadcrumb\":{\"@id\":\"https:\\\/\\\/redfoxlotto.com\\\/tr\\\/loto\\\/lotto-fr\\\/#breadcrumb\"},\"inLanguage\":\"tr\",\"potentialAction\":[{\"@type\":\"ReadAction\",\"target\":[\"https:\\\/\\\/redfoxlotto.com\\\/tr\\\/loto\\\/lotto-fr\\\/\"]}]},{\"@type\":\"BreadcrumbList\",\"@id\":\"https:\\\/\\\/redfoxlotto.com\\\/tr\\\/loto\\\/lotto-fr\\\/#breadcrumb\",\"itemListElement\":[{\"@type\":\"ListItem\",\"position\":1,\"name\":\"Home\",\"item\":\"https:\\\/\\\/redfoxlotto.com\\\/tr\\\/\"},{\"@type\":\"ListItem\",\"position\":2,\"name\":\"Online piyango bileti sat\u0131n alma i\u015flemi\",\"item\":\"https:\\\/\\\/redfoxlotto.com\\\/tr\\\/loto\\\/\"},{\"@type\":\"ListItem\",\"position\":3,\"name\":\"\u00c7evrimi\u00e7i French Lotto Loto\"}]},{\"@type\":\"WebSite\",\"@id\":\"https:\\\/\\\/redfoxlotto.com\\\/tr\\\/#website\",\"url\":\"https:\\\/\\\/redfoxlotto.com\\\/tr\\\/\",\"name\":\"Get Tickets for the World\u2019s largest jackpots\",\"description\":\"Participate in worldwide lottery jackpots from any country\",\"publisher\":{\"@id\":\"https:\\\/\\\/redfoxlotto.com\\\/tr\\\/#organization\"},\"potentialAction\":[{\"@type\":\"SearchAction\",\"target\":{\"@type\":\"EntryPoint\",\"urlTemplate\":\"https:\\\/\\\/redfoxlotto.com\\\/tr\\\/?s={search_term_string}\"},\"query-input\":{\"@type\":\"PropertyValueSpecification\",\"valueRequired\":true,\"valueName\":\"search_term_string\"}}],\"inLanguage\":\"tr\"},{\"@type\":\"Organization\",\"@id\":\"https:\\\/\\\/redfoxlotto.com\\\/tr\\\/#organization\",\"name\":\"Get Tickets for the World\u2019s largest jackpots\",\"url\":\"https:\\\/\\\/redfoxlotto.com\\\/tr\\\/\",\"logo\":{\"@type\":\"ImageObject\",\"inLanguage\":\"tr\",\"@id\":\"https:\\\/\\\/redfoxlotto.com\\\/tr\\\/#\\\/schema\\\/logo\\\/image\\\/\",\"url\":\"https:\\\/\\\/redfoxlotto.com\\\/wp-content\\\/uploads\\\/2023\\\/04\\\/logo.png\",\"contentUrl\":\"https:\\\/\\\/redfoxlotto.com\\\/wp-content\\\/uploads\\\/2023\\\/04\\\/logo.png\",\"width\":269,\"height\":53,\"caption\":\"Get Tickets for the World\u2019s largest jackpots\"},\"image\":{\"@id\":\"https:\\\/\\\/redfoxlotto.com\\\/tr\\\/#\\\/schema\\\/logo\\\/image\\\/\"}}]}<\/script>\n<!-- \/ Yoast SEO plugin. -->","yoast_head_json":{"title":"Frans\u0131z Piyango \u00c7evrimi\u00e7i Bilet Sat\u0131n Alma","description":"\u0130nternetten Frans\u0131z piyango bileti almaya haz\u0131r m\u0131s\u0131n\u0131z? Bilmeniz gereken her \u015feyi burada bulun!","robots":{"index":"index","follow":"follow","max-snippet":"max-snippet:-1","max-image-preview":"max-image-preview:large","max-video-preview":"max-video-preview:-1"},"canonical":"https:\/\/redfoxlotto.com\/tr\/loto\/lotto-fr\/","og_locale":"tr_TR","og_type":"article","og_title":"Frans\u0131z Piyango \u00c7evrimi\u00e7i Bilet Sat\u0131n Alma","og_description":"\u0130nternetten Frans\u0131z piyango bileti almaya haz\u0131r m\u0131s\u0131n\u0131z? Bilmeniz gereken her \u015feyi burada bulun!","og_url":"https:\/\/redfoxlotto.com\/tr\/loto\/lotto-fr\/","og_site_name":"Get Tickets for the World\u2019s largest jackpots","article_modified_time":"2019-09-12T18:15:07+00:00","twitter_card":"summary_large_image","twitter_misc":{"Tahmini okuma s\u00fcresi":"1 dakika"},"schema":{"@context":"https:\/\/schema.org","@graph":[{"@type":"WebPage","@id":"https:\/\/redfoxlotto.com\/tr\/loto\/lotto-fr\/","url":"https:\/\/redfoxlotto.com\/tr\/loto\/lotto-fr\/","name":"Frans\u0131z Piyango \u00c7evrimi\u00e7i Bilet Sat\u0131n Alma","isPartOf":{"@id":"https:\/\/redfoxlotto.com\/tr\/#website"},"datePublished":"2019-08-09T14:33:52+00:00","dateModified":"2019-09-12T18:15:07+00:00","description":"\u0130nternetten Frans\u0131z piyango bileti almaya haz\u0131r m\u0131s\u0131n\u0131z? Bilmeniz gereken her \u015feyi burada bulun!","breadcrumb":{"@id":"https:\/\/redfoxlotto.com\/tr\/loto\/lotto-fr\/#breadcrumb"},"inLanguage":"tr","potentialAction":[{"@type":"ReadAction","target":["https:\/\/redfoxlotto.com\/tr\/loto\/lotto-fr\/"]}]},{"@type":"BreadcrumbList","@id":"https:\/\/redfoxlotto.com\/tr\/loto\/lotto-fr\/#breadcrumb","itemListElement":[{"@type":"ListItem","position":1,"name":"Home","item":"https:\/\/redfoxlotto.com\/tr\/"},{"@type":"ListItem","position":2,"name":"Online piyango bileti sat\u0131n alma i\u015flemi","item":"https:\/\/redfoxlotto.com\/tr\/loto\/"},{"@type":"ListItem","position":3,"name":"\u00c7evrimi\u00e7i French Lotto Loto"}]},{"@type":"WebSite","@id":"https:\/\/redfoxlotto.com\/tr\/#website","url":"https:\/\/redfoxlotto.com\/tr\/","name":"Get Tickets for the World\u2019s largest jackpots","description":"Participate in worldwide lottery jackpots from any country","publisher":{"@id":"https:\/\/redfoxlotto.com\/tr\/#organization"},"potentialAction":[{"@type":"SearchAction","target":{"@type":"EntryPoint","urlTemplate":"https:\/\/redfoxlotto.com\/tr\/?s={search_term_string}"},"query-input":{"@type":"PropertyValueSpecification","valueRequired":true,"valueName":"search_term_string"}}],"inLanguage":"tr"},{"@type":"Organization","@id":"https:\/\/redfoxlotto.com\/tr\/#organization","name":"Get Tickets for the World\u2019s largest jackpots","url":"https:\/\/redfoxlotto.com\/tr\/","logo":{"@type":"ImageObject","inLanguage":"tr","@id":"https:\/\/redfoxlotto.com\/tr\/#\/schema\/logo\/image\/","url":"https:\/\/redfoxlotto.com\/wp-content\/uploads\/2023\/04\/logo.png","contentUrl":"https:\/\/redfoxlotto.com\/wp-content\/uploads\/2023\/04\/logo.png","width":269,"height":53,"caption":"Get Tickets for the World\u2019s largest jackpots"},"image":{"@id":"https:\/\/redfoxlotto.com\/tr\/#\/schema\/logo\/image\/"}}]}},"_links":{"self":[{"href":"https:\/\/redfoxlotto.com\/tr\/wp-json\/wp\/v2\/pages\/2937","targetHints":{"allow":["GET"]}}],"collection":[{"href":"https:\/\/redfoxlotto.com\/tr\/wp-json\/wp\/v2\/pages"}],"about":[{"href":"https:\/\/redfoxlotto.com\/tr\/wp-json\/wp\/v2\/types\/page"}],"author":[{"embeddable":true,"href":"https:\/\/redfoxlotto.com\/tr\/wp-json\/wp\/v2\/users\/1"}],"replies":[{"embeddable":true,"href":"https:\/\/redfoxlotto.com\/tr\/wp-json\/wp\/v2\/comments?post=2937"}],"version-history":[{"count":0,"href":"https:\/\/redfoxlotto.com\/tr\/wp-json\/wp\/v2\/pages\/2937\/revisions"}],"up":[{"embeddable":true,"href":"https:\/\/redfoxlotto.com\/tr\/wp-json\/wp\/v2\/pages\/2932"}],"wp:attachment":[{"href":"https:\/\/redfoxlotto.com\/tr\/wp-json\/wp\/v2\/media?parent=2937"}],"curies":[{"name":"wp","href":"https:\/\/api.w.org\/{rel}","templated":true}]}}