{"id":2936,"date":"2018-11-18T08:54:25","date_gmt":"2018-11-18T08:54:25","guid":{"rendered":"https:\/\/redfoxlotto.com\/?page_id=5352"},"modified":"2025-12-18T15:04:17","modified_gmt":"2025-12-18T15:04:17","slug":"euromillions","status":"publish","type":"page","link":"https:\/\/redfoxlotto.com\/tr\/loto\/euromillions\/","title":{"rendered":"EuroMillions Hakk\u0131nda"},"content":{"rendered":"<p><script type=\"application\/ld+json\">\n{\n  \"@context\": \"https:\/\/schema.org\",\n  \"@type\": \"Service\",\n  \"name\": \"Euromillions Online Oynay\u0131n\",\n  \"url\": \"https:\/\/redfoxlotto.com\/tr\/lotteries\/euromillions\/\",\n  \"description\": \"Resmi Euromillions piyango biletlerini herhangi bir \u00fclkeden online olarak sat\u0131n al\u0131n. RedFoxLotto\u2019yu ziyaret edin, numaralar\u0131n\u0131z\u0131 se\u00e7in ve bir sonraki \u00e7ekili\u015fe kat\u0131l\u0131n.\",\n  \"serviceType\": \"\u00c7evrimi\u00e7i piyango bileti arac\u0131l\u0131k hizmeti\",\n  \"provider\": {\n    \"@type\": \"Organization\",\n    \"name\": \"RedFoxLotto\",\n    \"url\": \"https:\/\/redfoxlotto.com\/tr\",\n    \"image\": \"https:\/\/redfoxlotto.com\/tr\/wp-content\/uploads\/2025\/12\/ticket_scans.jpg\",\n    \"sameAs\": []\n  },\n  \"areaServed\": \"Worldwide\",\n  \"termsOfService\": \"https:\/\/redfoxlotto.com\/terms-and-conditions\",\n  \"additionalProperty\": {\n    \"@type\": \"PropertyValue\",\n    \"name\": \"FAQ\",\n    \"value\": \"https:\/\/redfoxlotto.com\/tr\/faq\/\"\n  },\n  \"hasOfferCatalog\": {\n    \"@type\": \"OfferCatalog\",\n    \"name\": \"Euromillions Piyango Biletleri\",\n    \"itemListElement\": [\n      {\n        \"@type\": \"Offer\",\n        \"name\": \"Euromillions Biletleri\",\n        \"url\": \"https:\/\/redfoxlotto.com\/tr\/lotteries\/euromillions\",\n        \"description\": \"RedFoxLotto \u00fczerinden bir sonraki Euromillions \u00e7ekili\u015fi i\u00e7in ger\u00e7ek biletleri online sat\u0131n al\u0131n.\",\n        \"price\": \"7.00\",\n        \"priceCurrency\": \"\u20ac\",\n        \"availability\": \"https:\/\/schema.org\/InStock\",\n        \"itemOffered\": {\n          \"@type\": \"Service\",\n          \"name\": \"Euromillions Piyango Biletleri\",\n          \"description\": \"Bir sonraki Euromillions \u00e7ekili\u015fine kat\u0131l\u0131n \u2013 biletlerinizi online RedFoxLotto \u00fczerinden sat\u0131n al\u0131n.\"\n        }\n      }\n    ]\n  },\n  \"mainEntityOfPage\": {\n    \"@type\": \"WebPage\",\n    \"@id\": \"https:\/\/redfoxlotto.com\/tr\/lotteries\/euromillions\"\n  }\n}\n<\/script><\/p>\n<p>Euro Millions Avrupa&#8217;n\u0131n en b\u00fcy\u00fck piyangosudur. 2004 y\u0131l\u0131nda piyasaya s\u00fcr\u00fclen biletler dokuz Avrupa \u00fclkesinden sat\u0131n al\u0131nabilir &#8211; veya T\u00fcrkiye&#8217;den iseniz biletlerinizi buradan online olarak sat\u0131n alabilirsiniz.<\/p>\n<h2>EuroMillions Biletinizi T\u00fcrkiye&#8217;den Al\u0131n<\/h2>\n<p>Ba\u015flamaya ve \u00e7evrimi\u00e7i EuroMillions bileti sat\u0131n almaya haz\u0131r m\u0131s\u0131n\u0131z? E\u011fer \u00f6yleyseniz, ba\u015flamadan \u00f6nce oyun hakk\u0131nda birka\u00e7 \u015fey bilmek isteyeceksiniz, de\u011fil mi? Haz\u0131rl\u0131kl\u0131 oldu\u011funuzdan ve oyun hakk\u0131nda bilebilece\u011finiz her \u015feyi bildi\u011finizden emin olmak istersiniz. Bilmeniz gereken ilk \u015fey, \u00e7ekili\u015flerin ne zaman yap\u0131laca\u011f\u0131d\u0131r \u00e7\u00fcnk\u00fc bir sonraki \u00e7ekili\u015ften \u00f6nce piyango biletinizi ald\u0131\u011f\u0131n\u0131zdan emin olmak istersiniz. EuroMillions \u00e7ekili\u015fleri her Sal\u0131 ve Cuma Paris&#8217;te ger\u00e7ekle\u015fir.<\/p>\n<p><img loading=\"lazy\" decoding=\"async\" class=\"alignright wp-image\" src=\"https:\/\/content.redfoxlotto.com\/uploads\/sites\/9\/1_buy_euromillions_online.jpg\" alt=\"euromillions b\u00fcy\u00fck ikramiye\" width=\"284\" height=\"190\" \/><\/p>\n<p>Aralar\u0131ndan se\u00e7im yapabilece\u011finiz say\u0131lar ve bir dakika i\u00e7inde istedi\u011finiz bileti nas\u0131l alaca\u011f\u0131n\u0131z hakk\u0131nda daha fazla konu\u015faca\u011f\u0131z, ancak \u015fimdilik kazanabilece\u011finiz ikramiyeye daha yak\u0131ndan bakal\u0131m. Sonu\u00e7ta, EuroMillions oynamak istemenizin nedenlerinden biri de bu.<\/p>\n<h2>EuroMillions B\u00fcy\u00fck \u0130kramiye<\/h2>\n<p>Avrupa&#8217;n\u0131n en b\u00fcy\u00fck piyangosu olan EuroMillions ayn\u0131 zamanda b\u00fcy\u00fck ikramiyelere sahiptir. Asl\u0131nda, ikramiyeler genellikle milyonlarca dolar\u0131n i\u00e7indedir ve en b\u00fcy\u00fckleri kesinlikle bunun da \u00fcst s\u0131n\u0131r\u0131nda olacakt\u0131r. Bu piyangoda bug\u00fcne kadarki en y\u00fcksek ikramiye 190.000.000 \u20ac idi. \u0130simsiz bir oyuncu taraf\u0131ndan 24 Ekim 2014 tarihinde kazan\u0131lm\u0131\u015ft\u0131r.<\/p>\n<p>\u0130\u015fte bu, bu oyuna daha yak\u0131ndan bakman\u0131z ve kendiniz i\u00e7in bir bilet almay\u0131 d\u00fc\u015f\u00fcnmeniz i\u00e7in yeterince iyi bir neden, de\u011fil mi? Bu paray\u0131 kazanma fikrine bay\u0131lacaks\u0131n\u0131z ve asl\u0131nda b\u00fcy\u00fck ikramiyeye ula\u015famasan\u0131z bile yine de iyi miktarda para kazanabilirsiniz. Bunun nedeni, ba\u015flang\u0131\u00e7 miktar\u0131n\u0131n bile b\u00fcy\u00fck bir \u00f6d\u00fcl olmas\u0131 ve en d\u00fc\u015f\u00fck seviyeler ile en y\u00fcksek seviyeler aras\u0131nda ortada kalanlar\u0131n da harika olacak olmas\u0131d\u0131r.<\/p>\n<h2>EuroMillions kurallar\u0131<\/h2>\n<p>Online EuroMillions bileti sat\u0131n almaya haz\u0131rs\u0131n\u0131z ama nerede ve nas\u0131l yapaca\u011f\u0131n\u0131zdan tam olarak emin de\u011filsiniz &#8211; belki de T\u00fcrkiye&#8217;de ya\u015fad\u0131\u011f\u0131n\u0131z i\u00e7in? Tam olarak ne yapman\u0131z gerekti\u011fini ve oyunu ger\u00e7ekten kazanma \u015fans\u0131n\u0131z\u0131n m\u00fcmk\u00fcn olan en iyi \u015fekilde olmas\u0131n\u0131 sa\u011flamak i\u00e7in istedi\u011finiz say\u0131lar\u0131 nas\u0131l se\u00e7ece\u011finizi g\u00f6zden ge\u00e7irece\u011fiz.<\/p>\n<h2>Peki, ne yapman\u0131z gerekiyor?<\/h2>\n<p>Burada 1 ile 50 aras\u0131nda 5 ana say\u0131 ve 1 ile 12 aras\u0131nda \u015eansl\u0131 Y\u0131ld\u0131z ad\u0131 verilen iki ek say\u0131 se\u00e7ersiniz. En d\u00fc\u015f\u00fck fiyat aral\u0131\u011f\u0131nda kazanmak i\u00e7in yaln\u0131zca iki ana say\u0131n\u0131n e\u015fle\u015fmesi gerekir. Bu, kazanan olabilece\u011finiz bir\u00e7ok \u015fans\u0131n\u0131z olaca\u011f\u0131 anlam\u0131na gelir, ancak yaln\u0131zca birka\u00e7 say\u0131y\u0131 e\u015fle\u015ftirirseniz \u00e7ok fazla para kazanamazs\u0131n\u0131z.<\/p>\n<p>Birden fazla say\u0131y\u0131 e\u015fle\u015ftirirseniz ve \u00f6zellikle \u015fansl\u0131 y\u0131ld\u0131z say\u0131lar\u0131n\u0131 e\u015fle\u015ftirirseniz daha iyi bir \u00f6d\u00fcle sahip olacaks\u0131n\u0131z. Bu kesinlikle iyi bir avantaj olacak, de\u011fil mi? Asl\u0131nda bir \u015feyler kazanma \u015fans\u0131n\u0131z\u0131 art\u0131rabilir ve oyunu oynamaktan kesinlikle keyif alabilirsiniz.<\/p>\n<h2>Biletinizi se\u00e7mek<\/h2>\n<p>Bir bilet se\u00e7meye haz\u0131r m\u0131s\u0131n\u0131z? S\u00fcrecimize kesinlikle g\u00f6z atmak isteyeceksiniz \u00e7\u00fcnk\u00fc bunu sizin i\u00e7in ger\u00e7ekten kolayla\u015ft\u0131raca\u011f\u0131z. \u00c7ok fazla zaman\u0131n\u0131z olmad\u0131\u011f\u0131n\u0131 ve bu zaman\u0131 en iyi \u015fekilde de\u011ferlendirdi\u011finizden emin olmak istedi\u011finizi biliyoruz. Ancak yine de EuroMillions oynarken biraz e\u011flenmek istiyorsunuz ve bu da EuroMillions biletlerini \u00e7evrimi\u00e7i sat\u0131n alman\u0131z gerekti\u011fi anlam\u0131na geliyor.<\/p>\n<p>S\u00fcrecimizdeki ilk ad\u0131m, hangi bileti alaca\u011f\u0131n\u0131za karar vermenizdir. E\u011fer EuroMillions&#8217;a zaten karar verdiyseniz, o zaman her \u015fey haz\u0131r demektir. Ancak hen\u00fcz tam olarak emin de\u011filseniz, size en iyi jackpotlar\u0131 ve hangi oyunlara bakmak isteyebilece\u011finizi g\u00f6sterece\u011fimiz ana sayfaya kesinlikle g\u00f6z atmak isteyeceksiniz. Bunlar i\u00e7in bilet sundu\u011fumuz oyunlar.<\/p>\n<p>\u0130stedi\u011finiz bilete karar verdikten sonra sayfaya gidin ve biletiniz i\u00e7in numaralar\u0131 se\u00e7meye ba\u015flay\u0131n. \u0130sterseniz kesinlikle t\u00fcm say\u0131lar\u0131 se\u00e7ebilirsiniz, b\u00f6ylece en \u00e7ok sevdi\u011finiz \u015feye uyan \u00f6zelle\u015ftirilmi\u015f bir bilet elde edersiniz.<\/p>\n<p>Ayr\u0131ca sizin i\u00e7in rastgele se\u00e7ilen biletlerden sat\u0131n almay\u0131 da se\u00e7ebilirsiniz. Bu, \u00fczerinde \u00e7ok fazla zaman harcaman\u0131za gerek kalmadan bir bilet alman\u0131z\u0131 ger\u00e7ekten kolayla\u015ft\u0131r\u0131r. Ayr\u0131ca ka\u00e7 bilet sat\u0131n almak istedi\u011finize de karar verebilirsiniz, b\u00f6ylece potansiyel olarak b\u00fcy\u00fck bir ikramiye kazanmak i\u00e7in ihtiyac\u0131n\u0131z olan her \u015feye sahip olursunuz.<\/p>\n<h2>EuroMillions i\u00e7in sat\u0131n alma s\u00fcreci<\/h2>\n<p>Biletlerinizi se\u00e7tikten sonra yapman\u0131z gereken son \u015fey hesap bilgilerinizi doldurdu\u011funuzdan emin olmakt\u0131r. Bu hesab\u0131 hemen nas\u0131l olu\u015fturaca\u011f\u0131n\u0131z konusunda size yol g\u00f6sterece\u011fiz, b\u00f6ylece istedi\u011finiz biletleri istedi\u011finiz zaman ald\u0131\u011f\u0131n\u0131zdan emin olabilirsiniz. Kullanmak istedi\u011finiz \u00f6deme hesaplar\u0131n\u0131 bile buradan ayarlayabilirsiniz.<\/p>\n<p><img loading=\"lazy\" decoding=\"async\" class=\"alignright wp-image\" src=\"https:\/\/content.redfoxlotto.com\/uploads\/sites\/9\/1_buy_lottery_ticket.jpg\" alt=\"online bilet sat\u0131n al\u0131n\" width=\"312\" height=\"107\" \/><\/p>\n<p>Her \u015feyi ayarlad\u0131\u011f\u0131n\u0131zda, istedi\u011finiz biletleri sepetinize koyman\u0131z gerekecek ve ard\u0131ndan hepsini ayn\u0131 anda sat\u0131n alabileceksiniz. Hatta sepetinize farkl\u0131 oyunlardan biletleri bir arada ekleyebilir ve ihtiyac\u0131n\u0131z olan her \u015feyi sat\u0131n alabilirsiniz.<\/p>\n<p>Biletlere karar verdikten sonra her \u015fey haz\u0131r olacak ve biletlerinize ne olaca\u011f\u0131n\u0131 bekleyip g\u00f6rebileceksiniz. Sat\u0131n ald\u0131klar\u0131n\u0131z hemen hesab\u0131n\u0131zda g\u00f6r\u00fcnecek ve daha sonra tekrar kontrol edip kazan\u0131p kazanmad\u0131\u011f\u0131n\u0131z\u0131 g\u00f6rebilirsiniz.<\/p>\n<p>Kazan\u0131rsan\u0131z size bir e-posta g\u00f6nderece\u011fiz ve hesab\u0131n\u0131za bakarak \u00e7ekilen numaralarla e\u015fle\u015fen numaralar\u0131n\u0131z\u0131 g\u00f6rebileceksiniz. Bu da ne zaman bir bilet kullanman\u0131z gerekti\u011fini bilmenizi kolayla\u015ft\u0131racak.<\/p>\n<h2>EuroMillions ve Birle\u015fik Krall\u0131k Milyoner Yap\u0131c\u0131<\/h2>\n<p>EuroMillions biletleri Birle\u015fik Krall\u0131k&#8217;ta sat\u0131n al\u0131nd\u0131\u011f\u0131 i\u00e7in oyuncular biraz daha fazla \u00f6demektedir. Bunun nedeni, Birle\u015fik Krall\u0131k biletlerinin 1 milyon \u00a3 \u00f6d\u00fcl kazanmak i\u00e7in ekstra bir f\u0131rsat sa\u011flayan Milyoner Yap\u0131c\u0131 \u00e7ekili\u015fine otomatik bir giri\u015fle birlikte gelmesidir.<\/p>\n<p>Milyoner Yap\u0131c\u0131, sat\u0131n al\u0131nan her bilet i\u00e7in benzersiz bir kod \u00fcreterek \u00e7al\u0131\u015f\u0131r. Bu kod d\u00f6rt harf ve ard\u0131ndan gelen be\u015f rakamdan olu\u015fur (\u00f6rne\u011fin, ABCD12345). Her \u00e7ekili\u015fte, bu kodlardan bir veya daha fazlas\u0131 rastgele se\u00e7ilir ve e\u015fle\u015fen koda sahip bilet sahibi, \u00e7ekilen ana EuroMillions say\u0131lar\u0131ndan ba\u011f\u0131ms\u0131z olarak an\u0131nda 1 milyon \u00a3 kazan\u0131r.<\/p>\n<p>Bu \u00f6zellik, Birle\u015fik Krall\u0131k&#8217;ta EuroMillions oynamay\u0131 \u00f6zellikle cazip hale getirmektedir, \u00e7\u00fcnk\u00fc standart ikramiyenin ve alt kademe \u00f6d\u00fcllerin \u00f6tesinde \u00f6nemli bir \u00f6d\u00fcl kazanmak i\u00e7in ekstra bir f\u0131rsat sunmaktad\u0131r.<\/p>\n","protected":false},"excerpt":{"rendered":"<p>Euro Millions Avrupa&#8217;n\u0131n en b\u00fcy\u00fck piyangosudur. 2004 y\u0131l\u0131nda piyasaya s\u00fcr\u00fclen biletler dokuz Avrupa \u00fclkesinden sat\u0131n al\u0131nabilir &#8211; veya T\u00fcrkiye&#8217;den iseniz biletlerinizi buradan online olarak sat\u0131n alabilirsiniz. EuroMillions Biletinizi T\u00fcrkiye&#8217;den Al\u0131n Ba\u015flamaya ve \u00e7evrimi\u00e7i EuroMillions bileti sat\u0131n almaya haz\u0131r m\u0131s\u0131n\u0131z? E\u011fer \u00f6yleyseniz, ba\u015flamadan \u00f6nce oyun hakk\u0131nda birka\u00e7 \u015fey bilmek isteyeceksiniz, de\u011fil mi? Haz\u0131rl\u0131kl\u0131 oldu\u011funuzdan ve oyun [&hellip;]<\/p>\n","protected":false},"author":1,"featured_media":0,"parent":2932,"menu_order":3,"comment_status":"closed","ping_status":"closed","template":"euromillions-info.php","meta":{"_et_pb_use_builder":"","_et_pb_old_content":"","_et_gb_content_width":"","exclude_from_search":false,"footnotes":""},"class_list":["post-2936","page","type-page","status-publish","hentry"],"yoast_head":"<!-- This site is optimized with the Yoast SEO plugin v27.4 - https:\/\/yoast.com\/product\/yoast-seo-wordpress\/ -->\n<title>T\u00fcrkiye&#039;den online EuroMillions bileti sat\u0131n al\u0131n<\/title>\n<meta name=\"description\" content=\"T\u00fcrkiye&#039;de ikamet edenlerin Euromillions biletlerini \u00e7evrimi\u00e7i olarak nas\u0131l sat\u0131n alabilecekleri hakk\u0131nda bilgi. Euromillions piyangosu Avrupa&#039;n\u0131n en b\u00fcy\u00fck ikramiyesine sahip\" \/>\n<meta name=\"robots\" content=\"index, follow, max-snippet:-1, max-image-preview:large, max-video-preview:-1\" \/>\n<link rel=\"canonical\" href=\"https:\/\/redfoxlotto.com\/tr\/loto\/euromillions\/\" \/>\n<meta property=\"og:locale\" content=\"tr_TR\" \/>\n<meta property=\"og:type\" content=\"article\" \/>\n<meta property=\"og:title\" content=\"T\u00fcrkiye&#039;den online EuroMillions bileti sat\u0131n al\u0131n\" \/>\n<meta property=\"og:description\" content=\"T\u00fcrkiye&#039;de ikamet edenlerin Euromillions biletlerini \u00e7evrimi\u00e7i olarak nas\u0131l sat\u0131n alabilecekleri hakk\u0131nda bilgi. Euromillions piyangosu Avrupa&#039;n\u0131n en b\u00fcy\u00fck ikramiyesine sahip\" \/>\n<meta property=\"og:url\" content=\"https:\/\/redfoxlotto.com\/tr\/loto\/euromillions\/\" \/>\n<meta property=\"og:site_name\" content=\"Get Tickets for the World\u2019s largest jackpots\" \/>\n<meta property=\"article:modified_time\" content=\"2025-12-18T15:04:17+00:00\" \/>\n<meta property=\"og:image\" content=\"https:\/\/content.redfoxlotto.com\/uploads\/sites\/9\/1_buy_euromillions_online.jpg\" \/>\n<meta name=\"twitter:card\" content=\"summary_large_image\" \/>\n<meta name=\"twitter:label1\" content=\"Tahmini okuma s\u00fcresi\" \/>\n\t<meta name=\"twitter:data1\" content=\"4 dakika\" \/>\n<script type=\"application\/ld+json\" class=\"yoast-schema-graph\">{\"@context\":\"https:\\\/\\\/schema.org\",\"@graph\":[{\"@type\":\"WebPage\",\"@id\":\"https:\\\/\\\/redfoxlotto.com\\\/tr\\\/loto\\\/euromillions\\\/\",\"url\":\"https:\\\/\\\/redfoxlotto.com\\\/tr\\\/loto\\\/euromillions\\\/\",\"name\":\"T\u00fcrkiye'den online EuroMillions bileti sat\u0131n al\u0131n\",\"isPartOf\":{\"@id\":\"https:\\\/\\\/redfoxlotto.com\\\/tr\\\/#website\"},\"primaryImageOfPage\":{\"@id\":\"https:\\\/\\\/redfoxlotto.com\\\/tr\\\/loto\\\/euromillions\\\/#primaryimage\"},\"image\":{\"@id\":\"https:\\\/\\\/redfoxlotto.com\\\/tr\\\/loto\\\/euromillions\\\/#primaryimage\"},\"thumbnailUrl\":\"https:\\\/\\\/content.redfoxlotto.com\\\/uploads\\\/sites\\\/9\\\/1_buy_euromillions_online.jpg\",\"datePublished\":\"2018-11-18T08:54:25+00:00\",\"dateModified\":\"2025-12-18T15:04:17+00:00\",\"description\":\"T\u00fcrkiye'de ikamet edenlerin Euromillions biletlerini \u00e7evrimi\u00e7i olarak nas\u0131l sat\u0131n alabilecekleri hakk\u0131nda bilgi. Euromillions piyangosu Avrupa'n\u0131n en b\u00fcy\u00fck ikramiyesine sahip\",\"breadcrumb\":{\"@id\":\"https:\\\/\\\/redfoxlotto.com\\\/tr\\\/loto\\\/euromillions\\\/#breadcrumb\"},\"inLanguage\":\"tr\",\"potentialAction\":[{\"@type\":\"ReadAction\",\"target\":[\"https:\\\/\\\/redfoxlotto.com\\\/tr\\\/loto\\\/euromillions\\\/\"]}]},{\"@type\":\"ImageObject\",\"inLanguage\":\"tr\",\"@id\":\"https:\\\/\\\/redfoxlotto.com\\\/tr\\\/loto\\\/euromillions\\\/#primaryimage\",\"url\":\"https:\\\/\\\/content.redfoxlotto.com\\\/uploads\\\/sites\\\/9\\\/1_buy_euromillions_online.jpg\",\"contentUrl\":\"https:\\\/\\\/content.redfoxlotto.com\\\/uploads\\\/sites\\\/9\\\/1_buy_euromillions_online.jpg\"},{\"@type\":\"BreadcrumbList\",\"@id\":\"https:\\\/\\\/redfoxlotto.com\\\/tr\\\/loto\\\/euromillions\\\/#breadcrumb\",\"itemListElement\":[{\"@type\":\"ListItem\",\"position\":1,\"name\":\"Home\",\"item\":\"https:\\\/\\\/redfoxlotto.com\\\/tr\\\/\"},{\"@type\":\"ListItem\",\"position\":2,\"name\":\"Online piyango bileti sat\u0131n alma i\u015flemi\",\"item\":\"https:\\\/\\\/redfoxlotto.com\\\/tr\\\/loto\\\/\"},{\"@type\":\"ListItem\",\"position\":3,\"name\":\"EuroMillions Hakk\u0131nda\"}]},{\"@type\":\"WebSite\",\"@id\":\"https:\\\/\\\/redfoxlotto.com\\\/tr\\\/#website\",\"url\":\"https:\\\/\\\/redfoxlotto.com\\\/tr\\\/\",\"name\":\"Get Tickets for the World\u2019s largest jackpots\",\"description\":\"Participate in worldwide lottery jackpots from any country\",\"publisher\":{\"@id\":\"https:\\\/\\\/redfoxlotto.com\\\/tr\\\/#organization\"},\"potentialAction\":[{\"@type\":\"SearchAction\",\"target\":{\"@type\":\"EntryPoint\",\"urlTemplate\":\"https:\\\/\\\/redfoxlotto.com\\\/tr\\\/?s={search_term_string}\"},\"query-input\":{\"@type\":\"PropertyValueSpecification\",\"valueRequired\":true,\"valueName\":\"search_term_string\"}}],\"inLanguage\":\"tr\"},{\"@type\":\"Organization\",\"@id\":\"https:\\\/\\\/redfoxlotto.com\\\/tr\\\/#organization\",\"name\":\"Get Tickets for the World\u2019s largest jackpots\",\"url\":\"https:\\\/\\\/redfoxlotto.com\\\/tr\\\/\",\"logo\":{\"@type\":\"ImageObject\",\"inLanguage\":\"tr\",\"@id\":\"https:\\\/\\\/redfoxlotto.com\\\/tr\\\/#\\\/schema\\\/logo\\\/image\\\/\",\"url\":\"https:\\\/\\\/redfoxlotto.com\\\/wp-content\\\/uploads\\\/2023\\\/04\\\/logo.png\",\"contentUrl\":\"https:\\\/\\\/redfoxlotto.com\\\/wp-content\\\/uploads\\\/2023\\\/04\\\/logo.png\",\"width\":269,\"height\":53,\"caption\":\"Get Tickets for the World\u2019s largest jackpots\"},\"image\":{\"@id\":\"https:\\\/\\\/redfoxlotto.com\\\/tr\\\/#\\\/schema\\\/logo\\\/image\\\/\"}}]}<\/script>\n<!-- \/ Yoast SEO plugin. -->","yoast_head_json":{"title":"T\u00fcrkiye'den online EuroMillions bileti sat\u0131n al\u0131n","description":"T\u00fcrkiye'de ikamet edenlerin Euromillions biletlerini \u00e7evrimi\u00e7i olarak nas\u0131l sat\u0131n alabilecekleri hakk\u0131nda bilgi. Euromillions piyangosu Avrupa'n\u0131n en b\u00fcy\u00fck ikramiyesine sahip","robots":{"index":"index","follow":"follow","max-snippet":"max-snippet:-1","max-image-preview":"max-image-preview:large","max-video-preview":"max-video-preview:-1"},"canonical":"https:\/\/redfoxlotto.com\/tr\/loto\/euromillions\/","og_locale":"tr_TR","og_type":"article","og_title":"T\u00fcrkiye'den online EuroMillions bileti sat\u0131n al\u0131n","og_description":"T\u00fcrkiye'de ikamet edenlerin Euromillions biletlerini \u00e7evrimi\u00e7i olarak nas\u0131l sat\u0131n alabilecekleri hakk\u0131nda bilgi. Euromillions piyangosu Avrupa'n\u0131n en b\u00fcy\u00fck ikramiyesine sahip","og_url":"https:\/\/redfoxlotto.com\/tr\/loto\/euromillions\/","og_site_name":"Get Tickets for the World\u2019s largest jackpots","article_modified_time":"2025-12-18T15:04:17+00:00","og_image":[{"url":"https:\/\/content.redfoxlotto.com\/uploads\/sites\/9\/1_buy_euromillions_online.jpg","type":"","width":"","height":""}],"twitter_card":"summary_large_image","twitter_misc":{"Tahmini okuma s\u00fcresi":"4 dakika"},"schema":{"@context":"https:\/\/schema.org","@graph":[{"@type":"WebPage","@id":"https:\/\/redfoxlotto.com\/tr\/loto\/euromillions\/","url":"https:\/\/redfoxlotto.com\/tr\/loto\/euromillions\/","name":"T\u00fcrkiye'den online EuroMillions bileti sat\u0131n al\u0131n","isPartOf":{"@id":"https:\/\/redfoxlotto.com\/tr\/#website"},"primaryImageOfPage":{"@id":"https:\/\/redfoxlotto.com\/tr\/loto\/euromillions\/#primaryimage"},"image":{"@id":"https:\/\/redfoxlotto.com\/tr\/loto\/euromillions\/#primaryimage"},"thumbnailUrl":"https:\/\/content.redfoxlotto.com\/uploads\/sites\/9\/1_buy_euromillions_online.jpg","datePublished":"2018-11-18T08:54:25+00:00","dateModified":"2025-12-18T15:04:17+00:00","description":"T\u00fcrkiye'de ikamet edenlerin Euromillions biletlerini \u00e7evrimi\u00e7i olarak nas\u0131l sat\u0131n alabilecekleri hakk\u0131nda bilgi. Euromillions piyangosu Avrupa'n\u0131n en b\u00fcy\u00fck ikramiyesine sahip","breadcrumb":{"@id":"https:\/\/redfoxlotto.com\/tr\/loto\/euromillions\/#breadcrumb"},"inLanguage":"tr","potentialAction":[{"@type":"ReadAction","target":["https:\/\/redfoxlotto.com\/tr\/loto\/euromillions\/"]}]},{"@type":"ImageObject","inLanguage":"tr","@id":"https:\/\/redfoxlotto.com\/tr\/loto\/euromillions\/#primaryimage","url":"https:\/\/content.redfoxlotto.com\/uploads\/sites\/9\/1_buy_euromillions_online.jpg","contentUrl":"https:\/\/content.redfoxlotto.com\/uploads\/sites\/9\/1_buy_euromillions_online.jpg"},{"@type":"BreadcrumbList","@id":"https:\/\/redfoxlotto.com\/tr\/loto\/euromillions\/#breadcrumb","itemListElement":[{"@type":"ListItem","position":1,"name":"Home","item":"https:\/\/redfoxlotto.com\/tr\/"},{"@type":"ListItem","position":2,"name":"Online piyango bileti sat\u0131n alma i\u015flemi","item":"https:\/\/redfoxlotto.com\/tr\/loto\/"},{"@type":"ListItem","position":3,"name":"EuroMillions Hakk\u0131nda"}]},{"@type":"WebSite","@id":"https:\/\/redfoxlotto.com\/tr\/#website","url":"https:\/\/redfoxlotto.com\/tr\/","name":"Get Tickets for the World\u2019s largest jackpots","description":"Participate in worldwide lottery jackpots from any country","publisher":{"@id":"https:\/\/redfoxlotto.com\/tr\/#organization"},"potentialAction":[{"@type":"SearchAction","target":{"@type":"EntryPoint","urlTemplate":"https:\/\/redfoxlotto.com\/tr\/?s={search_term_string}"},"query-input":{"@type":"PropertyValueSpecification","valueRequired":true,"valueName":"search_term_string"}}],"inLanguage":"tr"},{"@type":"Organization","@id":"https:\/\/redfoxlotto.com\/tr\/#organization","name":"Get Tickets for the World\u2019s largest jackpots","url":"https:\/\/redfoxlotto.com\/tr\/","logo":{"@type":"ImageObject","inLanguage":"tr","@id":"https:\/\/redfoxlotto.com\/tr\/#\/schema\/logo\/image\/","url":"https:\/\/redfoxlotto.com\/wp-content\/uploads\/2023\/04\/logo.png","contentUrl":"https:\/\/redfoxlotto.com\/wp-content\/uploads\/2023\/04\/logo.png","width":269,"height":53,"caption":"Get Tickets for the World\u2019s largest jackpots"},"image":{"@id":"https:\/\/redfoxlotto.com\/tr\/#\/schema\/logo\/image\/"}}]}},"_links":{"self":[{"href":"https:\/\/redfoxlotto.com\/tr\/wp-json\/wp\/v2\/pages\/2936","targetHints":{"allow":["GET"]}}],"collection":[{"href":"https:\/\/redfoxlotto.com\/tr\/wp-json\/wp\/v2\/pages"}],"about":[{"href":"https:\/\/redfoxlotto.com\/tr\/wp-json\/wp\/v2\/types\/page"}],"author":[{"embeddable":true,"href":"https:\/\/redfoxlotto.com\/tr\/wp-json\/wp\/v2\/users\/1"}],"replies":[{"embeddable":true,"href":"https:\/\/redfoxlotto.com\/tr\/wp-json\/wp\/v2\/comments?post=2936"}],"version-history":[{"count":0,"href":"https:\/\/redfoxlotto.com\/tr\/wp-json\/wp\/v2\/pages\/2936\/revisions"}],"up":[{"embeddable":true,"href":"https:\/\/redfoxlotto.com\/tr\/wp-json\/wp\/v2\/pages\/2932"}],"wp:attachment":[{"href":"https:\/\/redfoxlotto.com\/tr\/wp-json\/wp\/v2\/media?parent=2936"}],"curies":[{"name":"wp","href":"https:\/\/api.w.org\/{rel}","templated":true}]}}