{"id":2934,"date":"2018-11-18T08:54:25","date_gmt":"2018-11-18T08:54:25","guid":{"rendered":"https:\/\/redfoxlotto.com\/?page_id=5347"},"modified":"2025-12-18T14:13:50","modified_gmt":"2025-12-18T14:13:50","slug":"eurojackpot","status":"publish","type":"page","link":"https:\/\/redfoxlotto.com\/tr\/loto\/eurojackpot\/","title":{"rendered":"Eurojackpot Hakk\u0131nda"},"content":{"rendered":"<p><script type=\"application\/ld+json\"><br \/>\n{<br \/>\n  \"@context\": \"https:\/\/schema.org\",<br \/>\n  \"@type\": \"Service\",<br \/>\n  \"name\": \"Eurojackpot Online Oyna\",<br \/>\n  \"url\": \"https:\/\/redfoxlotto.com\/tr\/lotteries\/eurojackpot\/\",<br \/>\n  \"description\": \"Resmi Eurojackpot piyango biletlerini herhangi bir \u00fclkeden online olarak sat\u0131n al\u0131n. RedFoxLotto'yu ziyaret edin, say\u0131lar\u0131n\u0131 se\u00e7in ve bir sonraki \u00e7ekili\u015fe kat\u0131l\u0131n.\",<br \/>\n  \"serviceType\": \"Online piyango bilet arac\u0131 hizmeti\",<\/p>\n<p>  \"provider\": {<br \/>\n    \"@type\": \"Organization\",<br \/>\n    \"name\": \"RedFoxLotto\",<br \/>\n    \"url\": \"https:\/\/redfoxlotto.com\/tr\",<br \/>\n    \"image\": \"https:\/\/redfoxlotto.com\/tr\/wp-content\/uploads\/2025\/12\/ticket_scans.jpg\",<br \/>\n    \"sameAs\": []<br \/>\n  },<\/p>\n<p>  \"areaServed\": \"Worldwide\",<br \/>\n  \"termsOfService\": \"https:\/\/redfoxlotto.com\/terms-and-conditions\",<\/p>\n<p>  \"additionalProperty\": {<br \/>\n    \"@type\": \"PropertyValue\",<br \/>\n    \"name\": \"SSS\",<br \/>\n    \"value\": \"https:\/\/redfoxlotto.com\/tr\/faq\/\"<br \/>\n  },<\/p>\n<p>  \"hasOfferCatalog\": {<br \/>\n    \"@type\": \"OfferCatalog\",<br \/>\n    \"name\": \"Eurojackpot Biletleri\",<br \/>\n    \"itemListElement\": [<br \/>\n      {<br \/>\n        \"@type\": \"Offer\",<br \/>\n        \"name\": \"Eurojackpot Biletleri\",<br \/>\n        \"url\": \"https:\/\/redfoxlotto.com\/tr\/lotteries\/eurojackpot\",<br \/>\n        \"description\": \"RedFoxLotto \u00fczerinden bir sonraki Eurojackpot \u00e7ekili\u015fi i\u00e7in ger\u00e7ek biletleri online sat\u0131n al\u0131n.\",<br \/>\n        \"price\": \"6.00\",<br \/>\n        \"priceCurrency\": \"\u20ac\",<br \/>\n        \"<\/p>\n<p>Eurojackpot 2012'den beri piyasada ve o zamandan beri pop\u00fclerlik kazanmaya devam ediyor. Bunun nedenlerinden biri, ikramiyeler s\u00f6z konusu oldu\u011funda kesinlikle biraz kazanmaya ba\u015flamas\u0131 ve asl\u0131nda makul miktarda para kazanabilmenizdir (daha sonra bunun hakk\u0131nda daha fazla konu\u015faca\u011f\u0131z).<\/p>\n<p>Biletler 17 kat\u0131l\u0131mc\u0131 Avrupa \u00fclkesinden sat\u0131n al\u0131nabiliyor, bu da zaten bu b\u00f6lgede olan \u00fclkeler i\u00e7in ger\u00e7ekten harika.<\/p>\n<p>Peki ya T\u00fcrkiye'de ya\u015fayan insanlar - Eurojackpot bileti almak i\u00e7in bir ma\u011fazaya gidemezler mi? E\u011fer T\u00fcrkiye'de ya\u015f\u0131yorsan\u0131z, online sat\u0131n alma se\u00e7ene\u011fini tercih etmelisiniz. Bu Avrupa \u00fclkelerinden birinde ya\u015fam\u0131yorsan\u0131z biletlerinizi bizden online olarak da sat\u0131n alabilirsiniz.<\/p>\n<p><img decoding=\"async\" class=\" wp-image alignright\" src=\"https:\/\/content.redfoxlotto.com\/uploads\/sites\/9\/1_ticket_eurojackpot2.jpg\" alt=\"eurojackpot\" \/><\/p>\n<h2>B\u00fcy\u00fck ikramiye<\/h2>\n<p>Eurojackpot piyangosunun minimum ikramiye tutar\u0131 10.000.000 \u20ac'dur. Bu kesinlikle sizin i\u00e7in b\u00fcy\u00fck bir fayda ve hayat\u0131n\u0131zda b\u00fcy\u00fck bir fark yaratacak, de\u011fil mi? Bu parayla ger\u00e7ekten harika \u015feyler almakta veya bor\u00e7lar\u0131n\u0131z\u0131 \u00f6demekte ya da ba\u015fka herhangi bir \u015feyde kesinlikle sorun ya\u015famayacaks\u0131n\u0131z. Ama bu sadece minimum miktar. Miktar \u00e7ok daha fazla olabilir. Asl\u0131nda, maksimum \u00f6deme 120.000.000 \u20ac'ya ula\u015fabilir. Bu ger\u00e7ekten \u00e7ok b\u00fcy\u00fck bir miktar ve hayat\u0131n\u0131zda b\u00fcy\u00fck bir fark yaratacak, ama ya kimse kazanamazsa? Bu miktar\u0131n \u00fczerindeki t\u00fcm tutarlar ikinci \u00f6d\u00fcl s\u0131n\u0131f\u0131na aktar\u0131lacakt\u0131r.<\/p>\n<p>Bunun anlam\u0131, bu s\u0131n\u0131ra ula\u015fana kadar bu dev ikramiyeyi kazanma olana\u011f\u0131na sahip olaca\u011f\u0131n\u0131zd\u0131r. Oradan itibaren, ikinci en y\u00fcksek miktar\u0131n y\u00fckselmeye ba\u015flad\u0131\u011f\u0131n\u0131 g\u00f6receksiniz. Bu, daha az say\u0131 e\u015fle\u015ftirerek b\u00fcy\u00fck bir ikramiye kazanabilece\u011finiz anlam\u0131na gelir, \u00e7\u00fcnk\u00fc bu ikinci kademe \u00f6d\u00fcl ger\u00e7ekten harika bir bonus ve b\u00fcy\u00fck kazanmak i\u00e7in ikinci bir \u015fans haline gelecektir.<\/p>\n<h2>Eurojackpot'un kurallar\u0131<\/h2>\n<p>T\u00fcrkiye'den Eurojackpot oynamak istiyorsan\u0131z, bunu yapmak i\u00e7in do\u011fru s\u00fcrece sahip oldu\u011funuzdan emin olmak istersiniz. Oyunu do\u011fru oynad\u0131\u011f\u0131n\u0131zdan ve biletinizin do\u011fru \u015fekilde se\u00e7ildi\u011finden emin olmak istersiniz. \u015eansl\u0131s\u0131n\u0131z \u00e7\u00fcnk\u00fc bu biletleri se\u00e7mek \u00e7ok kolay ve tam olarak ne istedi\u011finizi se\u00e7mekte sorun ya\u015famayacaks\u0131n\u0131z.<\/p>\n<p>1 ile 50 aras\u0131nda 5 ana say\u0131 ve ard\u0131ndan 1 ile 12 aras\u0131nda iki ek say\u0131 se\u00e7ersiniz. Yani, ek say\u0131lar\u0131 veya y\u0131ld\u0131z say\u0131lar\u0131n\u0131 e\u015fle\u015ftirmeseniz bile 5 ana say\u0131 size yine de bir \u00f6d\u00fcl kazand\u0131racakt\u0131r. 12 \u00f6d\u00fcl kademesi bulunmaktad\u0131r.<\/p>\n<p>Bu, sahip olabilece\u011finiz e\u015fle\u015fen say\u0131lar\u0131n bir dizi farkl\u0131 kombinasyonu oldu\u011fu ve bunlar\u0131n size bir t\u00fcr \u00f6d\u00fcl kazand\u0131raca\u011f\u0131 anlam\u0131na gelir. Sadece biletinizin maliyetini kar\u015f\u0131layacak kadar kazanabilir veya her \u015feyi e\u015fle\u015ftirmek zorunda kalmadan yine de milyonlar kazanabilirsiniz.<\/p>\n<p>Tabii ki, ana \u00f6d\u00fcl\u00fc kazanmak i\u00e7in 5 ana ve 2 ek say\u0131n\u0131n tamam\u0131n\u0131 do\u011fru tutturman\u0131z gerekir. Bu biraz karma\u015f\u0131k olacak ve ger\u00e7ekten nadir g\u00f6r\u00fclen bir \u015fey olacak ama kesinlikle m\u00fcmk\u00fcn. Sonu\u00e7ta biri kazanacak, de\u011fil mi? Neden<\/p>\n<p>Bu ki\u015fi siz olamaz m\u0131s\u0131n\u0131z? Bizce kesinlikle olabilir ve tek yapman\u0131z gereken biletinizi se\u00e7me s\u00fcrecine bir g\u00f6z atmak ve ard\u0131ndan sat\u0131n almaya haz\u0131rlanmak.<\/p>\n<h2>Eurojackpot biletinizi sat\u0131n almak<\/h2>\n<p>Eurojackpot online oynamaya haz\u0131rsan\u0131z, sistemimize ve web sitemize bir g\u00f6z atmaya haz\u0131rs\u0131n\u0131z demektir. Tek yapman\u0131z gereken \u00e7evrimi\u00e7i olmak ve bir g\u00f6z atmak, ama zaten oradas\u0131n\u0131z. Peki, \u015fimdi ne yapacaks\u0131n\u0131z? Elimizdeki farkl\u0131 biletlere bakmak istiyorsunuz.<\/p>\n<p>En iyi biletleri ve en pop\u00fcler oyunlar\u0131 sunarak size en b\u00fcy\u00fck ikramiyeleri sa\u011fl\u0131yoruz. Bir g\u00f6z att\u0131ktan sonra Eurojackpot bileti sat\u0131n almak istedi\u011finize karar verebilirsiniz ve ayr\u0131 bir sayfaya y\u00f6nlendirilirsiniz.<\/p>\n<p>Bu sayfada, Eurojackpot hakk\u0131nda daha fazla bilgi alacaks\u0131n\u0131z ve istedi\u011finiz biletleri se\u00e7ebileceksiniz. \u0130stedi\u011finiz say\u0131da bilet aras\u0131ndan se\u00e7im yapabilir ve biletinizde istedi\u011finiz say\u0131lar\u0131 se\u00e7ebilirsiniz. Numaralar\u0131n\u0131z yukar\u0131da bahsetti\u011fimiz kurallarla e\u015fle\u015fti\u011fi s\u00fcrece, biletlerinizin her birinde istedi\u011finiz say\u0131 kombinasyonunu se\u00e7ebilirsiniz.<\/p>\n<p>Elbette, ger\u00e7ekte hangi say\u0131larla gitmek istedi\u011finizi bilmiyorsan\u0131z, bunun yerine kesinlikle bir h\u0131zl\u0131 se\u00e7im bileti se\u00e7ebilirsiniz.<\/p>\n<p><img loading=\"lazy\" decoding=\"async\" class=\" wp-image alignright\" src=\"https:\/\/content.redfoxlotto.com\/uploads\/sites\/9\/1_eurojackpot_buy_ticket.jpg\" alt=\"eurojackpot bileti sat\u0131n al\" width=\"229\" height=\"152\" \/><\/p>\n<p>H\u0131zl\u0131 bir se\u00e7imle, gereksinimlere uyacak say\u0131lar\u0131n rastgele bir atamas\u0131n\u0131 alacaks\u0131n\u0131z. Bu, bir bilet alman\u0131z\u0131 sa\u011flar ancak ba\u015fka hi\u00e7bir \u015fey i\u00e7in endi\u015felenmenize gerek yoktur. Birka\u00e7 se\u00e7enek se\u00e7mek istiyor ancak t\u00fcm numaralar\u0131 se\u00e7mek istemiyorsan\u0131z, asl\u0131nda ikisinin bir kombinasyonunu yapabilirsiniz, bu da bilet sat\u0131n alman\u0131z\u0131 kesinlikle kolayla\u015ft\u0131racakt\u0131r.<\/p>\n<h2>Hesab\u0131n\u0131z\u0131 olu\u015fturun<\/h2>\n<p>T\u00fcm numaralar\u0131 bulduktan sonra, bir hesap olu\u015fturma s\u00fcrecinden ge\u00e7ersiniz. Hesab\u0131n\u0131z\u0131 olu\u015fturmaya ba\u015flad\u0131\u011f\u0131n\u0131zda asl\u0131nda \u00e7ok basittir ve tek yapman\u0131z gereken baz\u0131 ki\u015fisel bilgileri doldurmakt\u0131r. Bu bilgiler, hesab\u0131n\u0131za biletlerinizi \u00f6demek i\u00e7in kullanabilece\u011finiz para yat\u0131rman\u0131z\u0131 \u00e7ok kolayla\u015ft\u0131racak ve kazand\u0131\u011f\u0131n\u0131zda hesab\u0131n\u0131zdan para \u00e7ekmenizi de ger\u00e7ekten kolayla\u015ft\u0131racakt\u0131r. Bu da \u00e7ok basit ve kolayd\u0131r.<\/p>\n<p>Biletlerinizi se\u00e7meye haz\u0131r oldu\u011funuzda hesab\u0131n\u0131za geri giri\u015f yapacak ve istedi\u011finiz biletleri alabileceksiniz. H\u0131zl\u0131 se\u00e7im yapmak istiyorsan\u0131z bu daha da kolay ve biletlerinizi birden fazla \u00e7ekili\u015fe haz\u0131r hale getirmek i\u00e7in bile ayarlayabilirsiniz. Bu, bir sonraki \u00e7ekili\u015f i\u00e7in ek bilet sat\u0131n alma konusunda endi\u015felenmenize gerek kalmayaca\u011f\u0131 anlam\u0131na gelir. Sadece ayn\u0131 bileti saklay\u0131n ve gitmeye haz\u0131rs\u0131n\u0131z.<\/p>\n","protected":false},"excerpt":{"rendered":"<p>{ &#8220;@context&#8221;: &#8220;https:\/\/schema.org&#8221;, &#8220;@type&#8221;: &#8220;Service&#8221;, &#8220;name&#8221;: &#8220;Eurojackpot Online Oyna&#8221;, &#8220;url&#8221;: &#8220;https:\/\/redfoxlotto.com\/tr\/lotteries\/eurojackpot\/&#8221;, &#8220;description&#8221;: &#8220;Resmi Eurojackpot piyango biletlerini herhangi bir \u00fclkeden online olarak sat\u0131n al\u0131n. RedFoxLotto&#8217;yu ziyaret edin, say\u0131lar\u0131n\u0131 se\u00e7in ve bir sonraki \u00e7ekili\u015fe kat\u0131l\u0131n.&#8221;, &#8220;serviceType&#8221;: &#8220;Online piyango bilet arac\u0131 hizmeti&#8221;, &#8220;provider&#8221;: { &#8220;@type&#8221;: &#8220;Organization&#8221;, &#8220;name&#8221;: &#8220;RedFoxLotto&#8221;, &#8220;url&#8221;: &#8220;https:\/\/redfoxlotto.com\/tr&#8221;, &#8220;image&#8221;: &#8220;https:\/\/redfoxlotto.com\/tr\/wp-content\/uploads\/2025\/12\/ticket_scans.jpg&#8221;, &#8220;sameAs&#8221;: [] }, &#8220;areaServed&#8221;: &#8220;Worldwide&#8221;, &#8220;termsOfService&#8221;: [&hellip;]<\/p>\n","protected":false},"author":1,"featured_media":0,"parent":2932,"menu_order":4,"comment_status":"closed","ping_status":"closed","template":"eurojackpot-info.php","meta":{"_et_pb_use_builder":"","_et_pb_old_content":"","_et_gb_content_width":"","exclude_from_search":false,"footnotes":""},"class_list":["post-2934","page","type-page","status-publish","hentry"],"yoast_head":"<!-- This site is optimized with the Yoast SEO plugin v27.3 - https:\/\/yoast.com\/product\/yoast-seo-wordpress\/ -->\n<title>T\u00fcrkiye&#039;de ikamet edenler Eurojackpot i\u00e7in art\u0131k online bilet sat\u0131n alabilirler<\/title>\n<meta name=\"description\" content=\"T\u00fcrkiye&#039;de ya\u015f\u0131yorsan\u0131z Eurojackpot biletlerinizi online sat\u0131n al\u0131n. Resmi bir Eurojackpot bileti ile kazanma \u015fans\u0131n\u0131z\u0131 elde etmek i\u00e7in hizmetimizi kullan\u0131n\" \/>\n<meta name=\"robots\" content=\"index, follow, max-snippet:-1, max-image-preview:large, max-video-preview:-1\" \/>\n<link rel=\"canonical\" href=\"https:\/\/redfoxlotto.com\/tr\/loto\/eurojackpot\/\" \/>\n<meta property=\"og:locale\" content=\"tr_TR\" \/>\n<meta property=\"og:type\" content=\"article\" \/>\n<meta property=\"og:title\" content=\"T\u00fcrkiye&#039;de ikamet edenler Eurojackpot i\u00e7in art\u0131k online bilet sat\u0131n alabilirler\" \/>\n<meta property=\"og:description\" content=\"T\u00fcrkiye&#039;de ya\u015f\u0131yorsan\u0131z Eurojackpot biletlerinizi online sat\u0131n al\u0131n. Resmi bir Eurojackpot bileti ile kazanma \u015fans\u0131n\u0131z\u0131 elde etmek i\u00e7in hizmetimizi kullan\u0131n\" \/>\n<meta property=\"og:url\" content=\"https:\/\/redfoxlotto.com\/tr\/loto\/eurojackpot\/\" \/>\n<meta property=\"og:site_name\" content=\"Get Tickets for the World\u2019s largest jackpots\" \/>\n<meta property=\"article:modified_time\" content=\"2025-12-18T14:13:50+00:00\" \/>\n<meta property=\"og:image\" content=\"https:\/\/content.redfoxlotto.com\/uploads\/sites\/9\/1_ticket_eurojackpot2.jpg\" \/>\n<meta name=\"twitter:card\" content=\"summary_large_image\" \/>\n<meta name=\"twitter:label1\" content=\"Tahmini okuma s\u00fcresi\" \/>\n\t<meta name=\"twitter:data1\" content=\"4 dakika\" \/>\n<script type=\"application\/ld+json\" class=\"yoast-schema-graph\">{\"@context\":\"https:\\\/\\\/schema.org\",\"@graph\":[{\"@type\":\"WebPage\",\"@id\":\"https:\\\/\\\/redfoxlotto.com\\\/tr\\\/loto\\\/eurojackpot\\\/\",\"url\":\"https:\\\/\\\/redfoxlotto.com\\\/tr\\\/loto\\\/eurojackpot\\\/\",\"name\":\"T\u00fcrkiye'de ikamet edenler Eurojackpot i\u00e7in art\u0131k online bilet sat\u0131n alabilirler\",\"isPartOf\":{\"@id\":\"https:\\\/\\\/redfoxlotto.com\\\/tr\\\/#website\"},\"primaryImageOfPage\":{\"@id\":\"https:\\\/\\\/redfoxlotto.com\\\/tr\\\/loto\\\/eurojackpot\\\/#primaryimage\"},\"image\":{\"@id\":\"https:\\\/\\\/redfoxlotto.com\\\/tr\\\/loto\\\/eurojackpot\\\/#primaryimage\"},\"thumbnailUrl\":\"https:\\\/\\\/content.redfoxlotto.com\\\/uploads\\\/sites\\\/9\\\/1_ticket_eurojackpot2.jpg\",\"datePublished\":\"2018-11-18T08:54:25+00:00\",\"dateModified\":\"2025-12-18T14:13:50+00:00\",\"description\":\"T\u00fcrkiye'de ya\u015f\u0131yorsan\u0131z Eurojackpot biletlerinizi online sat\u0131n al\u0131n. Resmi bir Eurojackpot bileti ile kazanma \u015fans\u0131n\u0131z\u0131 elde etmek i\u00e7in hizmetimizi kullan\u0131n\",\"breadcrumb\":{\"@id\":\"https:\\\/\\\/redfoxlotto.com\\\/tr\\\/loto\\\/eurojackpot\\\/#breadcrumb\"},\"inLanguage\":\"tr\",\"potentialAction\":[{\"@type\":\"ReadAction\",\"target\":[\"https:\\\/\\\/redfoxlotto.com\\\/tr\\\/loto\\\/eurojackpot\\\/\"]}]},{\"@type\":\"ImageObject\",\"inLanguage\":\"tr\",\"@id\":\"https:\\\/\\\/redfoxlotto.com\\\/tr\\\/loto\\\/eurojackpot\\\/#primaryimage\",\"url\":\"https:\\\/\\\/content.redfoxlotto.com\\\/uploads\\\/sites\\\/9\\\/1_ticket_eurojackpot2.jpg\",\"contentUrl\":\"https:\\\/\\\/content.redfoxlotto.com\\\/uploads\\\/sites\\\/9\\\/1_ticket_eurojackpot2.jpg\"},{\"@type\":\"BreadcrumbList\",\"@id\":\"https:\\\/\\\/redfoxlotto.com\\\/tr\\\/loto\\\/eurojackpot\\\/#breadcrumb\",\"itemListElement\":[{\"@type\":\"ListItem\",\"position\":1,\"name\":\"Home\",\"item\":\"https:\\\/\\\/redfoxlotto.com\\\/tr\\\/\"},{\"@type\":\"ListItem\",\"position\":2,\"name\":\"Online piyango bileti sat\u0131n alma i\u015flemi\",\"item\":\"https:\\\/\\\/redfoxlotto.com\\\/tr\\\/loto\\\/\"},{\"@type\":\"ListItem\",\"position\":3,\"name\":\"Eurojackpot Hakk\u0131nda\"}]},{\"@type\":\"WebSite\",\"@id\":\"https:\\\/\\\/redfoxlotto.com\\\/tr\\\/#website\",\"url\":\"https:\\\/\\\/redfoxlotto.com\\\/tr\\\/\",\"name\":\"Get Tickets for the World\u2019s largest jackpots\",\"description\":\"Participate in worldwide lottery jackpots from any country\",\"publisher\":{\"@id\":\"https:\\\/\\\/redfoxlotto.com\\\/tr\\\/#organization\"},\"potentialAction\":[{\"@type\":\"SearchAction\",\"target\":{\"@type\":\"EntryPoint\",\"urlTemplate\":\"https:\\\/\\\/redfoxlotto.com\\\/tr\\\/?s={search_term_string}\"},\"query-input\":{\"@type\":\"PropertyValueSpecification\",\"valueRequired\":true,\"valueName\":\"search_term_string\"}}],\"inLanguage\":\"tr\"},{\"@type\":\"Organization\",\"@id\":\"https:\\\/\\\/redfoxlotto.com\\\/tr\\\/#organization\",\"name\":\"Get Tickets for the World\u2019s largest jackpots\",\"url\":\"https:\\\/\\\/redfoxlotto.com\\\/tr\\\/\",\"logo\":{\"@type\":\"ImageObject\",\"inLanguage\":\"tr\",\"@id\":\"https:\\\/\\\/redfoxlotto.com\\\/tr\\\/#\\\/schema\\\/logo\\\/image\\\/\",\"url\":\"https:\\\/\\\/redfoxlotto.com\\\/wp-content\\\/uploads\\\/2023\\\/04\\\/logo.png\",\"contentUrl\":\"https:\\\/\\\/redfoxlotto.com\\\/wp-content\\\/uploads\\\/2023\\\/04\\\/logo.png\",\"width\":269,\"height\":53,\"caption\":\"Get Tickets for the World\u2019s largest jackpots\"},\"image\":{\"@id\":\"https:\\\/\\\/redfoxlotto.com\\\/tr\\\/#\\\/schema\\\/logo\\\/image\\\/\"}}]}<\/script>\n<!-- \/ Yoast SEO plugin. -->","yoast_head_json":{"title":"T\u00fcrkiye'de ikamet edenler Eurojackpot i\u00e7in art\u0131k online bilet sat\u0131n alabilirler","description":"T\u00fcrkiye'de ya\u015f\u0131yorsan\u0131z Eurojackpot biletlerinizi online sat\u0131n al\u0131n. Resmi bir Eurojackpot bileti ile kazanma \u015fans\u0131n\u0131z\u0131 elde etmek i\u00e7in hizmetimizi kullan\u0131n","robots":{"index":"index","follow":"follow","max-snippet":"max-snippet:-1","max-image-preview":"max-image-preview:large","max-video-preview":"max-video-preview:-1"},"canonical":"https:\/\/redfoxlotto.com\/tr\/loto\/eurojackpot\/","og_locale":"tr_TR","og_type":"article","og_title":"T\u00fcrkiye'de ikamet edenler Eurojackpot i\u00e7in art\u0131k online bilet sat\u0131n alabilirler","og_description":"T\u00fcrkiye'de ya\u015f\u0131yorsan\u0131z Eurojackpot biletlerinizi online sat\u0131n al\u0131n. Resmi bir Eurojackpot bileti ile kazanma \u015fans\u0131n\u0131z\u0131 elde etmek i\u00e7in hizmetimizi kullan\u0131n","og_url":"https:\/\/redfoxlotto.com\/tr\/loto\/eurojackpot\/","og_site_name":"Get Tickets for the World\u2019s largest jackpots","article_modified_time":"2025-12-18T14:13:50+00:00","og_image":[{"url":"https:\/\/content.redfoxlotto.com\/uploads\/sites\/9\/1_ticket_eurojackpot2.jpg","type":"","width":"","height":""}],"twitter_card":"summary_large_image","twitter_misc":{"Tahmini okuma s\u00fcresi":"4 dakika"},"schema":{"@context":"https:\/\/schema.org","@graph":[{"@type":"WebPage","@id":"https:\/\/redfoxlotto.com\/tr\/loto\/eurojackpot\/","url":"https:\/\/redfoxlotto.com\/tr\/loto\/eurojackpot\/","name":"T\u00fcrkiye'de ikamet edenler Eurojackpot i\u00e7in art\u0131k online bilet sat\u0131n alabilirler","isPartOf":{"@id":"https:\/\/redfoxlotto.com\/tr\/#website"},"primaryImageOfPage":{"@id":"https:\/\/redfoxlotto.com\/tr\/loto\/eurojackpot\/#primaryimage"},"image":{"@id":"https:\/\/redfoxlotto.com\/tr\/loto\/eurojackpot\/#primaryimage"},"thumbnailUrl":"https:\/\/content.redfoxlotto.com\/uploads\/sites\/9\/1_ticket_eurojackpot2.jpg","datePublished":"2018-11-18T08:54:25+00:00","dateModified":"2025-12-18T14:13:50+00:00","description":"T\u00fcrkiye'de ya\u015f\u0131yorsan\u0131z Eurojackpot biletlerinizi online sat\u0131n al\u0131n. Resmi bir Eurojackpot bileti ile kazanma \u015fans\u0131n\u0131z\u0131 elde etmek i\u00e7in hizmetimizi kullan\u0131n","breadcrumb":{"@id":"https:\/\/redfoxlotto.com\/tr\/loto\/eurojackpot\/#breadcrumb"},"inLanguage":"tr","potentialAction":[{"@type":"ReadAction","target":["https:\/\/redfoxlotto.com\/tr\/loto\/eurojackpot\/"]}]},{"@type":"ImageObject","inLanguage":"tr","@id":"https:\/\/redfoxlotto.com\/tr\/loto\/eurojackpot\/#primaryimage","url":"https:\/\/content.redfoxlotto.com\/uploads\/sites\/9\/1_ticket_eurojackpot2.jpg","contentUrl":"https:\/\/content.redfoxlotto.com\/uploads\/sites\/9\/1_ticket_eurojackpot2.jpg"},{"@type":"BreadcrumbList","@id":"https:\/\/redfoxlotto.com\/tr\/loto\/eurojackpot\/#breadcrumb","itemListElement":[{"@type":"ListItem","position":1,"name":"Home","item":"https:\/\/redfoxlotto.com\/tr\/"},{"@type":"ListItem","position":2,"name":"Online piyango bileti sat\u0131n alma i\u015flemi","item":"https:\/\/redfoxlotto.com\/tr\/loto\/"},{"@type":"ListItem","position":3,"name":"Eurojackpot Hakk\u0131nda"}]},{"@type":"WebSite","@id":"https:\/\/redfoxlotto.com\/tr\/#website","url":"https:\/\/redfoxlotto.com\/tr\/","name":"Get Tickets for the World\u2019s largest jackpots","description":"Participate in worldwide lottery jackpots from any country","publisher":{"@id":"https:\/\/redfoxlotto.com\/tr\/#organization"},"potentialAction":[{"@type":"SearchAction","target":{"@type":"EntryPoint","urlTemplate":"https:\/\/redfoxlotto.com\/tr\/?s={search_term_string}"},"query-input":{"@type":"PropertyValueSpecification","valueRequired":true,"valueName":"search_term_string"}}],"inLanguage":"tr"},{"@type":"Organization","@id":"https:\/\/redfoxlotto.com\/tr\/#organization","name":"Get Tickets for the World\u2019s largest jackpots","url":"https:\/\/redfoxlotto.com\/tr\/","logo":{"@type":"ImageObject","inLanguage":"tr","@id":"https:\/\/redfoxlotto.com\/tr\/#\/schema\/logo\/image\/","url":"https:\/\/redfoxlotto.com\/wp-content\/uploads\/2023\/04\/logo.png","contentUrl":"https:\/\/redfoxlotto.com\/wp-content\/uploads\/2023\/04\/logo.png","width":269,"height":53,"caption":"Get Tickets for the World\u2019s largest jackpots"},"image":{"@id":"https:\/\/redfoxlotto.com\/tr\/#\/schema\/logo\/image\/"}}]}},"_links":{"self":[{"href":"https:\/\/redfoxlotto.com\/tr\/wp-json\/wp\/v2\/pages\/2934","targetHints":{"allow":["GET"]}}],"collection":[{"href":"https:\/\/redfoxlotto.com\/tr\/wp-json\/wp\/v2\/pages"}],"about":[{"href":"https:\/\/redfoxlotto.com\/tr\/wp-json\/wp\/v2\/types\/page"}],"author":[{"embeddable":true,"href":"https:\/\/redfoxlotto.com\/tr\/wp-json\/wp\/v2\/users\/1"}],"replies":[{"embeddable":true,"href":"https:\/\/redfoxlotto.com\/tr\/wp-json\/wp\/v2\/comments?post=2934"}],"version-history":[{"count":0,"href":"https:\/\/redfoxlotto.com\/tr\/wp-json\/wp\/v2\/pages\/2934\/revisions"}],"up":[{"embeddable":true,"href":"https:\/\/redfoxlotto.com\/tr\/wp-json\/wp\/v2\/pages\/2932"}],"wp:attachment":[{"href":"https:\/\/redfoxlotto.com\/tr\/wp-json\/wp\/v2\/media?parent=2934"}],"curies":[{"name":"wp","href":"https:\/\/api.w.org\/{rel}","templated":true}]}}