{"id":2933,"date":"2018-11-18T08:54:25","date_gmt":"2018-11-18T08:54:25","guid":{"rendered":"https:\/\/redfoxlotto.com\/?page_id=5341"},"modified":"2019-09-12T18:15:07","modified_gmt":"2019-09-12T18:15:07","slug":"el-gordo-primitiva","status":"publish","type":"page","link":"https:\/\/redfoxlotto.com\/tr\/loto\/el-gordo-primitiva\/","title":{"rendered":"El Gordo hakk\u0131nda"},"content":{"rendered":"<p>\u0130spanya&#8217;n\u0131n Noel Piyangosu ya da bilinen ismi ile Loteria de Navidad 1812&#8217;den beri organize edilen ve her y\u0131l d\u00fczenlenen d\u00fcnyan\u0131n en eski piyangolar\u0131ndan biridir. Loteria de Navidad \u0130spanya&#8217;daki i\u00e7 sava\u015f s\u0131ras\u0131ndan bile devam eden d\u00fcnyan\u0131n ikinci en uzun s\u00fcreli piyangosudur. <\/p><p>&lt;<img loading=\"lazy\" decoding=\"async\" class=\" wp-image alignright\" src=\"https:\/\/content.redfoxlotto.com\/uploads\/sites\/9\/1_buy_ticket_lotto_online.jpg\" alt=\"\u00e7evrimi\u00e7i El Gordo sat\u0131n al\" width=\"257\" height=\"170\" \/><\/p><!--more--><p>\u0130spanyolca konu\u015fulmayan \u00fclkelerde genellikle El Gordo&#8217;nun piyangonun ismi oldu\u011funu varsay\u0131l\u0131r; aslolan \u015fudur ki El Gordo sadece b\u00fcy\u00fck \u00f6d\u00fcl\u00fc veya tam anlam\u0131yla b\u00fcy\u00fck olan\u0131 ifade eder.<\/p><p>\u0130spanya&#8217;n\u0131n Noel Piyangosu, El Gordo sadece \u20ac4 milyonda kal\u0131rken size d\u00fcnyan\u0131n en b\u00fcy\u00fck piyango \u00f6d\u00fcllerinden biri olan \u20ac2.5 milyara kadar kazan\u00e7 sa\u011flama \u015fans\u0131n\u0131 sunuyor. \u00c7ekili\u015f Noel&#8217;e yakla\u015f\u0131rken her y\u0131l 22 Aral\u0131k&#8217;ta \u00e7ekilir.<\/p><p><img decoding=\"async\" class=\"size-full wp-image alignright\" src=\"https:\/\/content.redfoxlotto.com\/uploads\/sites\/9\/2_ticket_el_gordo.jpg\" alt=\"El Gordo biletleri\"><\/p><p>\u0130spanya Noel piyangosunda oynamak i\u00e7in 18 ya\u015f ve \u00fcst\u00fc olman\u0131z gerekir ve biletleriniz 5 numaradan olu\u015fur \u015fekilde bas\u0131lm\u0131\u015f olmal\u0131d\u0131r b\u00f6ylelikle \u00e7ekili\u015f yap\u0131ld\u0131\u011f\u0131nda kazanan numaralar\u0131 i\u00e7eren biletiniz \u00f6d\u00fcle hak kazan\u0131r. &#8220;El mayor premio es compartilo&#8221; \u0130spanya Noel piyangosu ile alakal\u0131 bir slogand\u0131r, \u0130ngilizce terc\u00fcmesi &#8220;en b\u00fcy\u00fck \u00f6d\u00fcl payla\u015fmakt\u0131r&#8221; ve piyangoyu \u00f6zel yapan \u015fey budur. Biletler dizisi genellikle ayn\u0131 numaralar\u0131 i\u00e7erir, b\u00f6ylelikle e\u011fer bu say\u0131 kazan\u0131rsa para \u00f6d\u00fcl\u00fc bu numaraya sahip olanlar aras\u0131nda payla\u015f\u0131l\u0131r. \u00c7ekili\u015f esnas\u0131nda, 5 haneli bir say\u0131 i\u00e7eren bir top hazneden \u00e7ekilir ve her kazanan numara \u00f6d\u00fcllendirilir.<\/p><p>\u0130spanya&#8217;n\u0131n Noel Piyangosu art\u0131k her Noel d\u00f6neminde oldu\u011fu gibi \u0130spanyol halk\u0131nda bir gelenek haline geldi, piyango \u0130spanya halk\u0131na mutluluk getirmeye yatk\u0131nd\u0131r, \u00e7\u00fcnk\u00fc herkes me\u015fhur Loteria de Navidad&#8217;da kazanan olmay\u0131 beklemektedir. El Gordo&#8217;nun kazanma \u015fans\u0131 <a href=\"https:\/\/redfoxlotto.com\/tr\/loto\/\">di\u011fer piyangolarla <\/a>k\u0131yasland\u0131\u011f\u0131nda 100 000&#8217;de 1 oran\u0131 ile ger\u00e7ekten y\u00fcksektir.<\/p>","protected":false},"excerpt":{"rendered":"<p>\u0130spanya&#8217;n\u0131n Noel Piyangosu ya da bilinen ismi ile Loteria de Navidad 1812&#8217;den beri organize edilen ve her y\u0131l d\u00fczenlenen d\u00fcnyan\u0131n en eski piyangolar\u0131ndan biridir. Loteria de Navidad \u0130spanya&#8217;daki i\u00e7 sava\u015f s\u0131ras\u0131ndan bile devam eden d\u00fcnyan\u0131n ikinci en uzun s\u00fcreli piyangosudur. &lt;<\/p>\n","protected":false},"author":1,"featured_media":0,"parent":2932,"menu_order":6,"comment_status":"closed","ping_status":"closed","template":"el-gordo-info.php","meta":{"_et_pb_use_builder":"","_et_pb_old_content":"","_et_gb_content_width":"","exclude_from_search":false,"footnotes":""},"class_list":["post-2933","page","type-page","status-publish","hentry"],"yoast_head":"<!-- This site is optimized with the Yoast SEO plugin v23.8 - https:\/\/yoast.com\/wordpress\/plugins\/seo\/ -->\n<title>\u0130spanya&#039;n\u0131n Noel piyangosu El Gordo hakk\u0131nda bilmeniz gerekenler<\/title>\n<meta name=\"description\" content=\"\u0130spanya&#039;n\u0131n Noel Piyangosu El Gordo Loteria de Navidad hakk\u0131nda bilgi edinin\" \/>\n<meta name=\"robots\" content=\"index, follow, max-snippet:-1, max-image-preview:large, max-video-preview:-1\" \/>\n<link rel=\"canonical\" href=\"https:\/\/redfoxlotto.com\/tr\/loto\/el-gordo-primitiva\/\" \/>\n<meta property=\"og:locale\" content=\"tr_TR\" \/>\n<meta property=\"og:type\" content=\"article\" \/>\n<meta property=\"og:title\" content=\"\u0130spanya&#039;n\u0131n Noel piyangosu El Gordo hakk\u0131nda bilmeniz gerekenler\" \/>\n<meta property=\"og:description\" content=\"\u0130spanya&#039;n\u0131n Noel Piyangosu El Gordo Loteria de Navidad hakk\u0131nda bilgi edinin\" \/>\n<meta property=\"og:url\" content=\"https:\/\/redfoxlotto.com\/tr\/loto\/el-gordo-primitiva\/\" \/>\n<meta property=\"og:site_name\" content=\"Get Tickets for the World\u2019s largest jackpots\" \/>\n<meta property=\"article:modified_time\" content=\"2019-09-12T18:15:07+00:00\" \/>\n<meta property=\"og:image\" content=\"https:\/\/content.redfoxlotto.com\/uploads\/sites\/9\/1_buy_ticket_lotto_online.jpg\" \/>\n<meta name=\"twitter:card\" content=\"summary_large_image\" \/>\n<meta name=\"twitter:label1\" content=\"Tahmini okuma s\u00fcresi\" \/>\n\t<meta name=\"twitter:data1\" content=\"2 dakika\" \/>\n<script type=\"application\/ld+json\" class=\"yoast-schema-graph\">{\"@context\":\"https:\/\/schema.org\",\"@graph\":[{\"@type\":\"WebPage\",\"@id\":\"https:\/\/redfoxlotto.com\/tr\/loto\/el-gordo-primitiva\/\",\"url\":\"https:\/\/redfoxlotto.com\/tr\/loto\/el-gordo-primitiva\/\",\"name\":\"\u0130spanya'n\u0131n Noel piyangosu El Gordo hakk\u0131nda bilmeniz gerekenler\",\"isPartOf\":{\"@id\":\"https:\/\/redfoxlotto.com\/tr\/#website\"},\"primaryImageOfPage\":{\"@id\":\"https:\/\/redfoxlotto.com\/tr\/loto\/el-gordo-primitiva\/#primaryimage\"},\"image\":{\"@id\":\"https:\/\/redfoxlotto.com\/tr\/loto\/el-gordo-primitiva\/#primaryimage\"},\"thumbnailUrl\":\"https:\/\/content.redfoxlotto.com\/uploads\/sites\/9\/1_buy_ticket_lotto_online.jpg\",\"datePublished\":\"2018-11-18T08:54:25+00:00\",\"dateModified\":\"2019-09-12T18:15:07+00:00\",\"description\":\"\u0130spanya'n\u0131n Noel Piyangosu El Gordo Loteria de Navidad hakk\u0131nda bilgi edinin\",\"breadcrumb\":{\"@id\":\"https:\/\/redfoxlotto.com\/tr\/loto\/el-gordo-primitiva\/#breadcrumb\"},\"inLanguage\":\"tr\",\"potentialAction\":[{\"@type\":\"ReadAction\",\"target\":[\"https:\/\/redfoxlotto.com\/tr\/loto\/el-gordo-primitiva\/\"]}]},{\"@type\":\"ImageObject\",\"inLanguage\":\"tr\",\"@id\":\"https:\/\/redfoxlotto.com\/tr\/loto\/el-gordo-primitiva\/#primaryimage\",\"url\":\"https:\/\/content.redfoxlotto.com\/uploads\/sites\/9\/1_buy_ticket_lotto_online.jpg\",\"contentUrl\":\"https:\/\/content.redfoxlotto.com\/uploads\/sites\/9\/1_buy_ticket_lotto_online.jpg\"},{\"@type\":\"BreadcrumbList\",\"@id\":\"https:\/\/redfoxlotto.com\/tr\/loto\/el-gordo-primitiva\/#breadcrumb\",\"itemListElement\":[{\"@type\":\"ListItem\",\"position\":1,\"name\":\"Home\",\"item\":\"https:\/\/redfoxlotto.com\/tr\/\"},{\"@type\":\"ListItem\",\"position\":2,\"name\":\"Online piyango bileti sat\u0131n alma i\u015flemi\",\"item\":\"https:\/\/redfoxlotto.com\/tr\/loto\/\"},{\"@type\":\"ListItem\",\"position\":3,\"name\":\"El Gordo hakk\u0131nda\"}]},{\"@type\":\"WebSite\",\"@id\":\"https:\/\/redfoxlotto.com\/tr\/#website\",\"url\":\"https:\/\/redfoxlotto.com\/tr\/\",\"name\":\"Get Tickets for the World\u2019s largest jackpots\",\"description\":\"Participate in worldwide lottery jackpots from any country\",\"publisher\":{\"@id\":\"https:\/\/redfoxlotto.com\/tr\/#organization\"},\"potentialAction\":[{\"@type\":\"SearchAction\",\"target\":{\"@type\":\"EntryPoint\",\"urlTemplate\":\"https:\/\/redfoxlotto.com\/tr\/?s={search_term_string}\"},\"query-input\":{\"@type\":\"PropertyValueSpecification\",\"valueRequired\":true,\"valueName\":\"search_term_string\"}}],\"inLanguage\":\"tr\"},{\"@type\":\"Organization\",\"@id\":\"https:\/\/redfoxlotto.com\/tr\/#organization\",\"name\":\"Get Tickets for the World\u2019s largest jackpots\",\"url\":\"https:\/\/redfoxlotto.com\/tr\/\",\"logo\":{\"@type\":\"ImageObject\",\"inLanguage\":\"tr\",\"@id\":\"https:\/\/redfoxlotto.com\/tr\/#\/schema\/logo\/image\/\",\"url\":\"https:\/\/redfoxlotto.com\/wp-content\/uploads\/2023\/04\/logo.png\",\"contentUrl\":\"https:\/\/redfoxlotto.com\/wp-content\/uploads\/2023\/04\/logo.png\",\"width\":269,\"height\":53,\"caption\":\"Get Tickets for the World\u2019s largest jackpots\"},\"image\":{\"@id\":\"https:\/\/redfoxlotto.com\/tr\/#\/schema\/logo\/image\/\"}}]}<\/script>\n<!-- \/ Yoast SEO plugin. -->","yoast_head_json":{"title":"\u0130spanya'n\u0131n Noel piyangosu El Gordo hakk\u0131nda bilmeniz gerekenler","description":"\u0130spanya'n\u0131n Noel Piyangosu El Gordo Loteria de Navidad hakk\u0131nda bilgi edinin","robots":{"index":"index","follow":"follow","max-snippet":"max-snippet:-1","max-image-preview":"max-image-preview:large","max-video-preview":"max-video-preview:-1"},"canonical":"https:\/\/redfoxlotto.com\/tr\/loto\/el-gordo-primitiva\/","og_locale":"tr_TR","og_type":"article","og_title":"\u0130spanya'n\u0131n Noel piyangosu El Gordo hakk\u0131nda bilmeniz gerekenler","og_description":"\u0130spanya'n\u0131n Noel Piyangosu El Gordo Loteria de Navidad hakk\u0131nda bilgi edinin","og_url":"https:\/\/redfoxlotto.com\/tr\/loto\/el-gordo-primitiva\/","og_site_name":"Get Tickets for the World\u2019s largest jackpots","article_modified_time":"2019-09-12T18:15:07+00:00","og_image":[{"url":"https:\/\/content.redfoxlotto.com\/uploads\/sites\/9\/1_buy_ticket_lotto_online.jpg"}],"twitter_card":"summary_large_image","twitter_misc":{"Tahmini okuma s\u00fcresi":"2 dakika"},"schema":{"@context":"https:\/\/schema.org","@graph":[{"@type":"WebPage","@id":"https:\/\/redfoxlotto.com\/tr\/loto\/el-gordo-primitiva\/","url":"https:\/\/redfoxlotto.com\/tr\/loto\/el-gordo-primitiva\/","name":"\u0130spanya'n\u0131n Noel piyangosu El Gordo hakk\u0131nda bilmeniz gerekenler","isPartOf":{"@id":"https:\/\/redfoxlotto.com\/tr\/#website"},"primaryImageOfPage":{"@id":"https:\/\/redfoxlotto.com\/tr\/loto\/el-gordo-primitiva\/#primaryimage"},"image":{"@id":"https:\/\/redfoxlotto.com\/tr\/loto\/el-gordo-primitiva\/#primaryimage"},"thumbnailUrl":"https:\/\/content.redfoxlotto.com\/uploads\/sites\/9\/1_buy_ticket_lotto_online.jpg","datePublished":"2018-11-18T08:54:25+00:00","dateModified":"2019-09-12T18:15:07+00:00","description":"\u0130spanya'n\u0131n Noel Piyangosu El Gordo Loteria de Navidad hakk\u0131nda bilgi edinin","breadcrumb":{"@id":"https:\/\/redfoxlotto.com\/tr\/loto\/el-gordo-primitiva\/#breadcrumb"},"inLanguage":"tr","potentialAction":[{"@type":"ReadAction","target":["https:\/\/redfoxlotto.com\/tr\/loto\/el-gordo-primitiva\/"]}]},{"@type":"ImageObject","inLanguage":"tr","@id":"https:\/\/redfoxlotto.com\/tr\/loto\/el-gordo-primitiva\/#primaryimage","url":"https:\/\/content.redfoxlotto.com\/uploads\/sites\/9\/1_buy_ticket_lotto_online.jpg","contentUrl":"https:\/\/content.redfoxlotto.com\/uploads\/sites\/9\/1_buy_ticket_lotto_online.jpg"},{"@type":"BreadcrumbList","@id":"https:\/\/redfoxlotto.com\/tr\/loto\/el-gordo-primitiva\/#breadcrumb","itemListElement":[{"@type":"ListItem","position":1,"name":"Home","item":"https:\/\/redfoxlotto.com\/tr\/"},{"@type":"ListItem","position":2,"name":"Online piyango bileti sat\u0131n alma i\u015flemi","item":"https:\/\/redfoxlotto.com\/tr\/loto\/"},{"@type":"ListItem","position":3,"name":"El Gordo hakk\u0131nda"}]},{"@type":"WebSite","@id":"https:\/\/redfoxlotto.com\/tr\/#website","url":"https:\/\/redfoxlotto.com\/tr\/","name":"Get Tickets for the World\u2019s largest jackpots","description":"Participate in worldwide lottery jackpots from any country","publisher":{"@id":"https:\/\/redfoxlotto.com\/tr\/#organization"},"potentialAction":[{"@type":"SearchAction","target":{"@type":"EntryPoint","urlTemplate":"https:\/\/redfoxlotto.com\/tr\/?s={search_term_string}"},"query-input":{"@type":"PropertyValueSpecification","valueRequired":true,"valueName":"search_term_string"}}],"inLanguage":"tr"},{"@type":"Organization","@id":"https:\/\/redfoxlotto.com\/tr\/#organization","name":"Get Tickets for the World\u2019s largest jackpots","url":"https:\/\/redfoxlotto.com\/tr\/","logo":{"@type":"ImageObject","inLanguage":"tr","@id":"https:\/\/redfoxlotto.com\/tr\/#\/schema\/logo\/image\/","url":"https:\/\/redfoxlotto.com\/wp-content\/uploads\/2023\/04\/logo.png","contentUrl":"https:\/\/redfoxlotto.com\/wp-content\/uploads\/2023\/04\/logo.png","width":269,"height":53,"caption":"Get Tickets for the World\u2019s largest jackpots"},"image":{"@id":"https:\/\/redfoxlotto.com\/tr\/#\/schema\/logo\/image\/"}}]}},"_links":{"self":[{"href":"https:\/\/redfoxlotto.com\/tr\/wp-json\/wp\/v2\/pages\/2933","targetHints":{"allow":["GET"]}}],"collection":[{"href":"https:\/\/redfoxlotto.com\/tr\/wp-json\/wp\/v2\/pages"}],"about":[{"href":"https:\/\/redfoxlotto.com\/tr\/wp-json\/wp\/v2\/types\/page"}],"author":[{"embeddable":true,"href":"https:\/\/redfoxlotto.com\/tr\/wp-json\/wp\/v2\/users\/1"}],"replies":[{"embeddable":true,"href":"https:\/\/redfoxlotto.com\/tr\/wp-json\/wp\/v2\/comments?post=2933"}],"version-history":[{"count":0,"href":"https:\/\/redfoxlotto.com\/tr\/wp-json\/wp\/v2\/pages\/2933\/revisions"}],"up":[{"embeddable":true,"href":"https:\/\/redfoxlotto.com\/tr\/wp-json\/wp\/v2\/pages\/2932"}],"wp:attachment":[{"href":"https:\/\/redfoxlotto.com\/tr\/wp-json\/wp\/v2\/media?parent=2933"}],"curies":[{"name":"wp","href":"https:\/\/api.w.org\/{rel}","templated":true}]}}