{"id":2932,"date":"2023-04-24T14:12:24","date_gmt":"2023-04-24T14:12:24","guid":{"rendered":"https:\/\/redfoxlotto.com\/?page_id=5338"},"modified":"2025-12-18T10:26:32","modified_gmt":"2025-12-18T10:26:32","slug":"loto","status":"publish","type":"page","link":"https:\/\/redfoxlotto.com\/tr\/loto\/","title":{"rendered":"Online piyango bileti sat\u0131n alma i\u015flemi"},"content":{"rendered":"<script type=\"application\/ld+json\">\r\n{\r\n  \"@context\": \"https:\/\/schema.org\",\r\n  \"@type\": \"Service\",\r\n  \"name\": \"Online piyango biletleri sat\u0131n al\u0131n\",\r\n  \"url\": \"https:\/\/redfoxlotto.com\/tr\/lotteries\/\",\r\n  \"description\": \"Online piyango biletleri sat\u0131n al\u0131n \u2013 d\u00fcnyan\u0131n en iyi piyangolar\u0131 burada mevcut.\",\r\n  \"serviceType\": \"\u00c7evrimi\u00e7i piyango bilet teslimat servisi\",\r\n\r\n  \"provider\": {\r\n    \"@type\": \"Organization\",\r\n    \"name\": \"RedFoxLotto\",\r\n    \"url\": \"https:\/\/redfoxlotto.com\/tr\/\",\r\n    \"image\": \"https:\/\/redfoxlotto.com\/wp-content\/uploads\/2025\/12\/ticket_scans.jpg\"\r\n  },\r\n\r\n  \"areaServed\": \"Worldwide\",\r\n  \"termsOfService\": \"https:\/\/redfoxlotto.com\/terms-and-conditions\",\r\n\r\n  \"additionalProperty\": {\r\n    \"@type\": \"PropertyValue\",\r\n    \"name\": \"FAQ\",\r\n    \"value\": \"https:\/\/redfoxlotto.com\/tr\/faq\/\"\r\n  },\r\n\r\n  \"hasOfferCatalog\": {\r\n    \"@type\": \"OfferCatalog\",\r\n    \"name\": \"D\u00fcnya \u00e7ap\u0131nda piyango biletleri\",\r\n    \"itemListElement\": [\r\n      {\r\n        \"@type\": \"Offer\",\r\n        \"name\": \"Piyango biletleri\",\r\n        \"url\": \"https:\/\/redfoxlotto.com\/tr\/lotteries\/\",\r\n        \"description\": \"Online piyango biletleri sat\u0131n almak g\u00fcvenli ve kolayd\u0131r \u2013 i\u015fte nas\u0131l \u00e7al\u0131\u015f\u0131r.\",\r\n        \"availability\": \"https:\/\/schema.org\/InStock\",\r\n\r\n        \"itemOffered\": {\r\n          \"@type\": \"Service\",\r\n          \"name\": \"Online piyango biletleri\",\r\n          \"description\": \"D\u00fcnyan\u0131n en b\u00fcy\u00fck ikramiyelerine kat\u0131l\u0131n \u2013 biletlerinizi RedFoxLotto \u00fczerinden online sat\u0131n al\u0131n.\"\r\n        }\r\n      }\r\n    ]\r\n  },\r\n\r\n  \"mainEntityOfPage\": {\r\n    \"@type\": \"WebPage\",\r\n    \"@id\": \"https:\/\/redfoxlotto.com\/tr\/lotteries\/\"\r\n  }\r\n}\r\n<\/script><p>\u0130nternet sitemizden d\u00fcnyan\u0131n en b\u00fcy\u00fck <a href=\"https:\/\/redfoxlotto.com\/tr\/\">piyangolar\u0131 i\u00e7in online bilet<\/a> sat\u0131n alabilirsiniz. Bu piyangolara; <a href=\"https:\/\/redfoxlotto.com\/tr\/powerball-ve-mega-millions-in-guencel-ikramiyeleri\/\">ABD&#8217;den Mega Millions ve Powerball<\/a>, \u0130spanya&#8217;dan <a href=\"https:\/\/redfoxlotto.com\/tr\/loto\/euromillions\/\">Euromillions<\/a>, <a href=\"https:\/\/redfoxlotto.com\/tr\/loto\/eurojackpot\/\">Eurojackpot<\/a>, El Gordo ve La Primitiva, \u0130talya&#8217;dan SuperEna ve daha pek \u00e7ok piyango dahildir.<\/p><!--more--><h2 class=\"wp-block-heading\">Online bilet sat\u0131n alman\u0131n d\u00f6rt kolay ad\u0131mda nas\u0131l ger\u00e7ekle\u015fti\u011fini g\u00f6sterelim:<\/h2><ol class=\"wp-block-list\"><li><strong>Ad\u0131m &#8211; Bir piyango se\u00e7in<\/strong><\/li><\/ol><p><img decoding=\"async\" class=\"size-full wp-image alignright\" src=\"https:\/\/content.redfoxlotto.com\/uploads\/sites\/9\/1_lottery_ticket.jpg\" alt=\"\u00e7evrimi\u00e7i piyango bileti nas\u0131l al\u0131n\u0131r\" \/><\/p><p>RedFoxLotto.com sitesinden, bilet sat\u0131n almak istedi\u011finiz piyangoyu se\u00e7in. Ana sayfam\u0131zda, mevcut ikramiye miktar\u0131na g\u00f6re s\u0131ralanm\u0131\u015f piyangolar\u0131 g\u00f6rebilirsiniz.<\/p><p>2. <strong>Ad\u0131m &#8211; Numaralar\u0131n\u0131z\u0131 belirleyin<\/strong><\/p><p>\u0130stedi\u011finiz numaralar\u0131 se\u00e7mek i\u00e7in fareyi kullan\u0131n. Numaralar\u0131 rastgele olarak se\u00e7mek i\u00e7in &#8220;H\u0131zl\u0131 Se\u00e7im&#8221; \u00f6zelli\u011fini de kullanabilirsiniz. Elbette, bu rastgele say\u0131lar\u0131 tamamen veya k\u0131smen \u00e7\u0131karabilirsiniz. Veya \u00f6nce kendi <a href=\"https:\/\/redfoxlotto.com\/tr\/sonuclar\/eurojackpot\/\">numaralar\u0131n\u0131z\u0131 <\/a>girebilirsiniz. B\u00f6ylece, di\u011ferlerini rastgele se\u00e7ebilirsiniz. Yeterince numara se\u00e7memekten ya da \u00e7ok fazla numara se\u00e7mekten endi\u015felenmenize gerek yok. B\u00f6yle bir durumda, sistem sizi uyaracak ve numara eklemenizi veya \u00e7\u0131karman\u0131z\u0131 isteyecektir. <br> Bu i\u015flemin ard\u0131ndan, di\u011fer piyangolar i\u00e7in de bilet sat\u0131n alabilir ve sipari\u015finize ekleyebilirsiniz. T\u00fcm bilet i\u015flemlerini bitirince, &#8220;\u015eimdi \u00d6de&#8221; butonuna t\u0131klay\u0131n.<\/p><p>3. <strong>Ad\u0131m &#8211; Kaydolun ya da Giri\u015f yap\u0131n<\/strong><\/p><p><img loading=\"lazy\" decoding=\"async\" class=\"size-full wp-image-4467 alignright\" src=\"https:\/\/content.redfoxlotto.com\/uploads\/sites\/9\/lottery_ticket_numbers.jpg\" alt=\"online bilet \u00f6de\" width=\"212\" height=\"142\">\u015eimdi sitemizde bir m\u00fc\u015fteri hesab\u0131 a\u00e7man\u0131z gerekiyor. Bu noktada sizin baz\u0131 bilgilerinize ihtiyac\u0131m\u0131z olacak. Bu i\u015flem kendi g\u00fcvenli\u011finiz i\u00e7in, \u00e7\u00fcnk\u00fc kazanman\u0131z durumunda bilgilendirilmek istersiniz. E\u011fer daha \u00f6nce kaydolduysan\u0131z, giri\u015f bilgilerinizle giri\u015f yapman\u0131z yeterlidir. \u015eifrenizi unuttuysan\u0131z, l\u00fctfen &#8220;\u015eifremi unuttum&#8221; se\u00e7ene\u011fini t\u0131klay\u0131n.<\/p><p>4. <strong>Ad\u0131m &#8211; \u00d6deme<\/strong><\/p><p><img decoding=\"async\" class=\"size-full wp-image alignright\" src=\"https:\/\/content.redfoxlotto.com\/uploads\/sites\/9\/1_buy_lottery_online.jpg\" alt=\"\u00e7evrimi\u00e7i bilet \u00f6de\"><\/p><p>M\u00fc\u015fteri hesab\u0131n\u0131zda, tercih etti\u011finiz \u00f6deme y\u00f6ntemini se\u00e7in. Kullanabilece\u011finiz se\u00e7enekler, bulundu\u011funuz \u00fclkeye ba\u011fl\u0131 olarak de\u011fi\u015febilmektedir. Mastercard, Visa, Bitcoin, Neteller, Skrill ve Paysafecard \u00f6deme se\u00e7eneklerinden sadece birka\u00e7\u0131.<\/p><p>\u00d6demeyi yapt\u0131ktan sonra, sat\u0131n alma i\u015fleminizi do\u011frulayan bir e-posta alacaks\u0131n\u0131z.<\/p>","protected":false},"excerpt":{"rendered":"<p>\u0130nternet sitemizden d\u00fcnyan\u0131n en b\u00fcy\u00fck piyangolar\u0131 i\u00e7in online bilet sat\u0131n alabilirsiniz. Bu piyangolara; ABD&#8217;den Mega Millions ve Powerball, \u0130spanya&#8217;dan Euromillions, Eurojackpot, El Gordo ve La Primitiva, \u0130talya&#8217;dan SuperEna ve daha pek \u00e7ok piyango dahildir.<\/p>\n","protected":false},"author":1,"featured_media":0,"parent":0,"menu_order":3,"comment_status":"closed","ping_status":"closed","template":"Information.php","meta":{"_et_pb_use_builder":"","_et_pb_old_content":"","_et_gb_content_width":"","exclude_from_search":false,"footnotes":""},"class_list":["post-2932","page","type-page","status-publish","hentry"],"yoast_head":"<!-- This site is optimized with the Yoast SEO plugin v23.8 - https:\/\/yoast.com\/wordpress\/plugins\/seo\/ -->\n<title>Online loto biletleri sat\u0131n al<\/title>\n<meta name=\"description\" content=\"D\u00fcnyan\u0131n herhangi bir yerinde piyango bileti sat\u0131n almak g\u00fcvenli ve kolay - i\u015fte b\u00f6yle!\" \/>\n<meta name=\"robots\" content=\"index, follow, max-snippet:-1, max-image-preview:large, max-video-preview:-1\" \/>\n<link rel=\"canonical\" href=\"https:\/\/redfoxlotto.com\/tr\/loto\/\" \/>\n<meta property=\"og:locale\" content=\"tr_TR\" \/>\n<meta property=\"og:type\" content=\"article\" \/>\n<meta property=\"og:title\" content=\"Online loto biletleri sat\u0131n al\" \/>\n<meta property=\"og:description\" content=\"D\u00fcnyan\u0131n herhangi bir yerinde piyango bileti sat\u0131n almak g\u00fcvenli ve kolay - i\u015fte b\u00f6yle!\" \/>\n<meta property=\"og:url\" content=\"https:\/\/redfoxlotto.com\/tr\/loto\/\" \/>\n<meta property=\"og:site_name\" content=\"Get Tickets for the World\u2019s largest jackpots\" \/>\n<meta property=\"article:modified_time\" content=\"2025-12-18T10:26:32+00:00\" \/>\n<meta property=\"og:image\" content=\"https:\/\/content.redfoxlotto.com\/uploads\/sites\/9\/1_lottery_ticket.jpg\" \/>\n<meta name=\"twitter:card\" content=\"summary_large_image\" \/>\n<meta name=\"twitter:label1\" content=\"Tahmini okuma s\u00fcresi\" \/>\n\t<meta name=\"twitter:data1\" content=\"2 dakika\" \/>\n<script type=\"application\/ld+json\" class=\"yoast-schema-graph\">{\"@context\":\"https:\/\/schema.org\",\"@graph\":[{\"@type\":\"WebPage\",\"@id\":\"https:\/\/redfoxlotto.com\/tr\/loto\/\",\"url\":\"https:\/\/redfoxlotto.com\/tr\/loto\/\",\"name\":\"Online loto biletleri sat\u0131n al\",\"isPartOf\":{\"@id\":\"https:\/\/redfoxlotto.com\/tr\/#website\"},\"primaryImageOfPage\":{\"@id\":\"https:\/\/redfoxlotto.com\/tr\/loto\/#primaryimage\"},\"image\":{\"@id\":\"https:\/\/redfoxlotto.com\/tr\/loto\/#primaryimage\"},\"thumbnailUrl\":\"https:\/\/content.redfoxlotto.com\/uploads\/sites\/9\/1_lottery_ticket.jpg\",\"datePublished\":\"2023-04-24T14:12:24+00:00\",\"dateModified\":\"2025-12-18T10:26:32+00:00\",\"description\":\"D\u00fcnyan\u0131n herhangi bir yerinde piyango bileti sat\u0131n almak g\u00fcvenli ve kolay - i\u015fte b\u00f6yle!\",\"breadcrumb\":{\"@id\":\"https:\/\/redfoxlotto.com\/tr\/loto\/#breadcrumb\"},\"inLanguage\":\"tr\",\"potentialAction\":[{\"@type\":\"ReadAction\",\"target\":[\"https:\/\/redfoxlotto.com\/tr\/loto\/\"]}]},{\"@type\":\"ImageObject\",\"inLanguage\":\"tr\",\"@id\":\"https:\/\/redfoxlotto.com\/tr\/loto\/#primaryimage\",\"url\":\"https:\/\/content.redfoxlotto.com\/uploads\/sites\/9\/1_lottery_ticket.jpg\",\"contentUrl\":\"https:\/\/content.redfoxlotto.com\/uploads\/sites\/9\/1_lottery_ticket.jpg\"},{\"@type\":\"BreadcrumbList\",\"@id\":\"https:\/\/redfoxlotto.com\/tr\/loto\/#breadcrumb\",\"itemListElement\":[{\"@type\":\"ListItem\",\"position\":1,\"name\":\"Home\",\"item\":\"https:\/\/redfoxlotto.com\/tr\/\"},{\"@type\":\"ListItem\",\"position\":2,\"name\":\"Online piyango bileti sat\u0131n alma i\u015flemi\"}]},{\"@type\":\"WebSite\",\"@id\":\"https:\/\/redfoxlotto.com\/tr\/#website\",\"url\":\"https:\/\/redfoxlotto.com\/tr\/\",\"name\":\"Get Tickets for the World\u2019s largest jackpots\",\"description\":\"Participate in worldwide lottery jackpots from any country\",\"publisher\":{\"@id\":\"https:\/\/redfoxlotto.com\/tr\/#organization\"},\"potentialAction\":[{\"@type\":\"SearchAction\",\"target\":{\"@type\":\"EntryPoint\",\"urlTemplate\":\"https:\/\/redfoxlotto.com\/tr\/?s={search_term_string}\"},\"query-input\":{\"@type\":\"PropertyValueSpecification\",\"valueRequired\":true,\"valueName\":\"search_term_string\"}}],\"inLanguage\":\"tr\"},{\"@type\":\"Organization\",\"@id\":\"https:\/\/redfoxlotto.com\/tr\/#organization\",\"name\":\"Get Tickets for the World\u2019s largest jackpots\",\"url\":\"https:\/\/redfoxlotto.com\/tr\/\",\"logo\":{\"@type\":\"ImageObject\",\"inLanguage\":\"tr\",\"@id\":\"https:\/\/redfoxlotto.com\/tr\/#\/schema\/logo\/image\/\",\"url\":\"https:\/\/redfoxlotto.com\/wp-content\/uploads\/2023\/04\/logo.png\",\"contentUrl\":\"https:\/\/redfoxlotto.com\/wp-content\/uploads\/2023\/04\/logo.png\",\"width\":269,\"height\":53,\"caption\":\"Get Tickets for the World\u2019s largest jackpots\"},\"image\":{\"@id\":\"https:\/\/redfoxlotto.com\/tr\/#\/schema\/logo\/image\/\"}}]}<\/script>\n<!-- \/ Yoast SEO plugin. -->","yoast_head_json":{"title":"Online loto biletleri sat\u0131n al","description":"D\u00fcnyan\u0131n herhangi bir yerinde piyango bileti sat\u0131n almak g\u00fcvenli ve kolay - i\u015fte b\u00f6yle!","robots":{"index":"index","follow":"follow","max-snippet":"max-snippet:-1","max-image-preview":"max-image-preview:large","max-video-preview":"max-video-preview:-1"},"canonical":"https:\/\/redfoxlotto.com\/tr\/loto\/","og_locale":"tr_TR","og_type":"article","og_title":"Online loto biletleri sat\u0131n al","og_description":"D\u00fcnyan\u0131n herhangi bir yerinde piyango bileti sat\u0131n almak g\u00fcvenli ve kolay - i\u015fte b\u00f6yle!","og_url":"https:\/\/redfoxlotto.com\/tr\/loto\/","og_site_name":"Get Tickets for the World\u2019s largest jackpots","article_modified_time":"2025-12-18T10:26:32+00:00","og_image":[{"url":"https:\/\/content.redfoxlotto.com\/uploads\/sites\/9\/1_lottery_ticket.jpg"}],"twitter_card":"summary_large_image","twitter_misc":{"Tahmini okuma s\u00fcresi":"2 dakika"},"schema":{"@context":"https:\/\/schema.org","@graph":[{"@type":"WebPage","@id":"https:\/\/redfoxlotto.com\/tr\/loto\/","url":"https:\/\/redfoxlotto.com\/tr\/loto\/","name":"Online loto biletleri sat\u0131n al","isPartOf":{"@id":"https:\/\/redfoxlotto.com\/tr\/#website"},"primaryImageOfPage":{"@id":"https:\/\/redfoxlotto.com\/tr\/loto\/#primaryimage"},"image":{"@id":"https:\/\/redfoxlotto.com\/tr\/loto\/#primaryimage"},"thumbnailUrl":"https:\/\/content.redfoxlotto.com\/uploads\/sites\/9\/1_lottery_ticket.jpg","datePublished":"2023-04-24T14:12:24+00:00","dateModified":"2025-12-18T10:26:32+00:00","description":"D\u00fcnyan\u0131n herhangi bir yerinde piyango bileti sat\u0131n almak g\u00fcvenli ve kolay - i\u015fte b\u00f6yle!","breadcrumb":{"@id":"https:\/\/redfoxlotto.com\/tr\/loto\/#breadcrumb"},"inLanguage":"tr","potentialAction":[{"@type":"ReadAction","target":["https:\/\/redfoxlotto.com\/tr\/loto\/"]}]},{"@type":"ImageObject","inLanguage":"tr","@id":"https:\/\/redfoxlotto.com\/tr\/loto\/#primaryimage","url":"https:\/\/content.redfoxlotto.com\/uploads\/sites\/9\/1_lottery_ticket.jpg","contentUrl":"https:\/\/content.redfoxlotto.com\/uploads\/sites\/9\/1_lottery_ticket.jpg"},{"@type":"BreadcrumbList","@id":"https:\/\/redfoxlotto.com\/tr\/loto\/#breadcrumb","itemListElement":[{"@type":"ListItem","position":1,"name":"Home","item":"https:\/\/redfoxlotto.com\/tr\/"},{"@type":"ListItem","position":2,"name":"Online piyango bileti sat\u0131n alma i\u015flemi"}]},{"@type":"WebSite","@id":"https:\/\/redfoxlotto.com\/tr\/#website","url":"https:\/\/redfoxlotto.com\/tr\/","name":"Get Tickets for the World\u2019s largest jackpots","description":"Participate in worldwide lottery jackpots from any country","publisher":{"@id":"https:\/\/redfoxlotto.com\/tr\/#organization"},"potentialAction":[{"@type":"SearchAction","target":{"@type":"EntryPoint","urlTemplate":"https:\/\/redfoxlotto.com\/tr\/?s={search_term_string}"},"query-input":{"@type":"PropertyValueSpecification","valueRequired":true,"valueName":"search_term_string"}}],"inLanguage":"tr"},{"@type":"Organization","@id":"https:\/\/redfoxlotto.com\/tr\/#organization","name":"Get Tickets for the World\u2019s largest jackpots","url":"https:\/\/redfoxlotto.com\/tr\/","logo":{"@type":"ImageObject","inLanguage":"tr","@id":"https:\/\/redfoxlotto.com\/tr\/#\/schema\/logo\/image\/","url":"https:\/\/redfoxlotto.com\/wp-content\/uploads\/2023\/04\/logo.png","contentUrl":"https:\/\/redfoxlotto.com\/wp-content\/uploads\/2023\/04\/logo.png","width":269,"height":53,"caption":"Get Tickets for the World\u2019s largest jackpots"},"image":{"@id":"https:\/\/redfoxlotto.com\/tr\/#\/schema\/logo\/image\/"}}]}},"_links":{"self":[{"href":"https:\/\/redfoxlotto.com\/tr\/wp-json\/wp\/v2\/pages\/2932","targetHints":{"allow":["GET"]}}],"collection":[{"href":"https:\/\/redfoxlotto.com\/tr\/wp-json\/wp\/v2\/pages"}],"about":[{"href":"https:\/\/redfoxlotto.com\/tr\/wp-json\/wp\/v2\/types\/page"}],"author":[{"embeddable":true,"href":"https:\/\/redfoxlotto.com\/tr\/wp-json\/wp\/v2\/users\/1"}],"replies":[{"embeddable":true,"href":"https:\/\/redfoxlotto.com\/tr\/wp-json\/wp\/v2\/comments?post=2932"}],"version-history":[{"count":0,"href":"https:\/\/redfoxlotto.com\/tr\/wp-json\/wp\/v2\/pages\/2932\/revisions"}],"wp:attachment":[{"href":"https:\/\/redfoxlotto.com\/tr\/wp-json\/wp\/v2\/media?parent=2932"}],"curies":[{"name":"wp","href":"https:\/\/api.w.org\/{rel}","templated":true}]}}