{"id":2926,"date":"2023-04-24T17:47:11","date_gmt":"2023-04-24T17:47:11","guid":{"rendered":"https:\/\/redfoxlotto.com\/?page_id=5324"},"modified":"2025-12-11T06:53:35","modified_gmt":"2025-12-11T06:53:35","slug":"superenalotto","status":"publish","type":"page","link":"https:\/\/redfoxlotto.com\/tr\/oyna\/superenalotto\/","title":{"rendered":"\u00c7evrimi\u00e7i SuperEnalotto Oynay\u0131n"},"content":{"rendered":"<script type=\"application\/ld+json\">\r\n{\r\n  \"@context\": \"https:\/\/schema.org\",\r\n  \"@type\": \"Service\",\r\n  \"name\": \"SuperEnalotto online\",\r\n  \"url\": \"https:\/\/redfoxlotto.com\/tr\/oyna\/superenalotto\/\",\r\n  \"description\": \"RedFoxLotto \u00fczerinden resmi SuperEnalotto biletlerini \u00e7evrim i\u00e7i sat\u0131n al\u0131n. Numaran\u0131z\u0131 se\u00e7in ve bir sonraki \u00e7ekili\u015fe kat\u0131l\u0131n.\",\r\n  \"serviceType\": \"Online lottery ticket purchase\",\r\n\r\n  \"provider\": {\r\n    \"@type\": \"Organization\",\r\n    \"name\": \"RedFoxLotto\",\r\n    \"url\": \"https:\/\/redfoxlotto.com\",\r\n    \"logo\": \"https:\/\/redfoxlotto.com\/wp-content\/uploads\/logo.png\"\r\n  },\r\n\r\n  \"areaServed\": \"Worldwide\",\r\n  \"termsOfService\": \"https:\/\/redfoxlotto.com\/terms-and-conditions\",\r\n\r\n  \"hasOfferCatalog\": {\r\n    \"@type\": \"OfferCatalog\",\r\n    \"name\": \"SuperEnalotto Offers\",\r\n    \"itemListElement\": [\r\n      {\r\n        \"@type\": \"Offer\",\r\n        \"name\": \"Lotto SuperEnalotto Ticket\",\r\n        \"url\": \"https:\/\/redfoxlotto.com\/tr\/oyna\/superenalotto\/\",\r\n        \"description\": \"Bir sonraki SuperEnalotto \u00e7ekili\u015fine bir kat\u0131l\u0131m.\",\r\n        \"price\": \"3.40\",\r\n        \"priceCurrency\": \"EUR\",\r\n        \"availability\": \"https:\/\/schema.org\/InStock\",\r\n\r\n        \"itemOffered\": {\r\n          \"@type\": \"Service\",\r\n          \"name\": \"SuperEnalotto Lottery Entry\",\r\n          \"description\": \"RedFoxLotto arac\u0131l\u0131\u011f\u0131yla bir sonraki SuperEnalotto \u00e7ekili\u015fine kat\u0131l\u0131m.\"\r\n        }\r\n      }\r\n    ]\r\n  },\r\n\r\n  \"mainEntityOfPage\": {\r\n    \"@type\": \"WebPage\",\r\n    \"@id\": \"https:\/\/redfoxlotto.com\/tr\/oyna\/superenalotto\/\"\r\n  }\r\n}\r\n<\/script><h2 class=\"wp-block-heading\">SuperEnalotto nas\u0131l oynan\u0131r?<\/h2><p><img loading=\"lazy\" decoding=\"async\" class=\" wp-image alignright\" src=\"https:\/\/content.redfoxlotto.com\/uploads\/sites\/9\/1_play_superenalotto.jpg\" alt=\"Superenalotto \u00e7evrimi\u00e7i oyna\" width=\"247\" height=\"213\" \/><\/p><p>Bu \u0130talyan piyangosunun temel kurallar\u0131 olduk\u00e7a basittir. Sadece 1&#8217;den 90&#8217;a kadar 6 say\u0131 se\u00e7ersiniz, biletinizi al\u0131rs\u0131n\u0131z ve sonra sadece \u00e7izilen say\u0131lar\u0131 beklemeniz ve kontrol etmeniz gerekir. Aralar\u0131ndan se\u00e7im yapabilece\u011finiz toplam 90 numaran\u0131z\u0131n olmas\u0131, onlar\u0131 iyi elde etme \u015fans\u0131n\u0131n olduk\u00e7a zay\u0131f oldu\u011fu anlam\u0131na gelir. Asl\u0131nda, olas\u0131l\u0131k 622 milyonda 1&#8217;dir.<\/p><p>Jackpot&#8217;un \u00e7atlamadan \u00f6nce aylar olmasa da genellikle haftalarca s\u00fcrmesinin nedeni de budur. Ama bu oynaman\u0131z\u0131 engellememeli. Bilet fiyatlar\u0131 nispeten d\u00fc\u015f\u00fck ve ne biliyor musunuz? Birisi her zaman \u015fansl\u0131, neden olmas\u0131n? Superenalotto&#8217;yu RedFoxLotto&#8217;da oynarsan\u0131z, \u0130talya&#8217;da olman\u0131z veya \u0130talyan vatanda\u015f\u0131 olman\u0131z gerekmedi\u011fini unutmay\u0131n. \u00c7evrimi\u00e7i biletleriniz, bulundu\u011funuz \u00fclkeye veya uyru\u011funuza bak\u0131lmaks\u0131z\u0131n \u00e7ekili\u015fe girilecektir. Uluslararas\u0131 piyangolar\u0131 \u00e7evrimi\u00e7i oynaman\u0131n g\u00fczel yan\u0131 hizmetimizdir.<\/p><h2 class=\"wp-block-heading\">Kazanma \u015fans\u0131n\u0131z\u0131 art\u0131r\u0131n.<\/h2><p><img decoding=\"async\" class=\"size-full wp-image alignright\" src=\"https:\/\/content.redfoxlotto.com\/uploads\/sites\/9\/2_ticket_superenalotto.jpg\" alt=\"Superenalotto kazan\u0131n\"><\/p><p>\u0130statistiksel olarak, piyango \u00f6d\u00fcl tutarlar\u0131n\u0131n% 70&#8217;inden fazlas\u0131 daha y\u00fcksek say\u0131larla kazan\u0131ld\u0131. Herkes do\u011fum g\u00fcn\u00fc tarihlerini kullan\u0131r, bu nedenle beraberlik sonucu daha k\u00fc\u00e7\u00fckse, kazanan ba\u015f\u0131na daha fazla kazanan ve daha d\u00fc\u015f\u00fck \u00f6deme olacakt\u0131r. SuperEnaLotto ikramiyenizi b\u00f6lmek zorunda olmad\u0131\u011f\u0131n\u0131zdan emin olmak istiyorsan\u0131z, biletiniz i\u00e7in 31&#8217;in \u00fczerindeki say\u0131lar\u0131 se\u00e7in!<\/p><p>Aksi takdirde, herhangi bir piyango say\u0131 sistemi kullanabilirsiniz. Ayr\u0131ca ki\u015fisel \u015fansl\u0131 numaralar\u0131n\u0131z\u0131 da kullanabilirsiniz. E\u011fer hepsi daha k\u00fc\u00e7\u00fckse, neden sadece 2, 3, 4 veya 5 ile \u00e7arpm\u0131yorsunuz? Bu \u015fekilde, herkesin sahip oldu\u011fu say\u0131lar\u0131 kullanmaktan ka\u00e7\u0131n\u0131rs\u0131n\u0131z.<\/p>","protected":false},"excerpt":{"rendered":"<p>SuperEnalotto nas\u0131l oynan\u0131r? Bu \u0130talyan piyangosunun temel kurallar\u0131 olduk\u00e7a basittir. Sadece 1&#8217;den 90&#8217;a kadar 6 say\u0131 se\u00e7ersiniz, biletinizi al\u0131rs\u0131n\u0131z ve sonra sadece \u00e7izilen say\u0131lar\u0131 beklemeniz ve kontrol etmeniz gerekir. Aralar\u0131ndan se\u00e7im yapabilece\u011finiz toplam 90 numaran\u0131z\u0131n olmas\u0131, onlar\u0131 iyi elde etme \u015fans\u0131n\u0131n olduk\u00e7a zay\u0131f oldu\u011fu anlam\u0131na gelir. Asl\u0131nda, olas\u0131l\u0131k 622 milyonda 1&#8217;dir. Jackpot&#8217;un \u00e7atlamadan \u00f6nce aylar [&hellip;]<\/p>\n","protected":false},"author":1,"featured_media":0,"parent":2913,"menu_order":5,"comment_status":"closed","ping_status":"closed","template":"superenalotto.php","meta":{"_et_pb_use_builder":"","_et_pb_old_content":"","_et_gb_content_width":"","exclude_from_search":false,"footnotes":""},"class_list":["post-2926","page","type-page","status-publish","hentry"],"yoast_head":"<!-- This site is optimized with the Yoast SEO plugin v23.8 - https:\/\/yoast.com\/wordpress\/plugins\/seo\/ -->\n<title>\u00c7evrimi\u00e7i SuperEnalotto Oynay\u0131n<\/title>\n<meta name=\"description\" content=\"\u0130talya&#039;dan Superenalotto - di\u011fer \u00fclkelerden oyuncular i\u00e7in de \u015fimdi online bilet al\u0131n\" \/>\n<meta name=\"robots\" content=\"index, follow, max-snippet:-1, max-image-preview:large, max-video-preview:-1\" \/>\n<link rel=\"canonical\" href=\"https:\/\/redfoxlotto.com\/tr\/oyna\/superenalotto\/\" \/>\n<meta property=\"og:locale\" content=\"tr_TR\" \/>\n<meta property=\"og:type\" content=\"article\" \/>\n<meta property=\"og:title\" content=\"\u00c7evrimi\u00e7i SuperEnalotto Oynay\u0131n\" \/>\n<meta property=\"og:description\" content=\"\u0130talya&#039;dan Superenalotto - di\u011fer \u00fclkelerden oyuncular i\u00e7in de \u015fimdi online bilet al\u0131n\" \/>\n<meta property=\"og:url\" content=\"https:\/\/redfoxlotto.com\/tr\/oyna\/superenalotto\/\" \/>\n<meta property=\"og:site_name\" content=\"Get Tickets for the World\u2019s largest jackpots\" \/>\n<meta property=\"article:modified_time\" content=\"2025-12-11T06:53:35+00:00\" \/>\n<meta property=\"og:image\" content=\"https:\/\/content.redfoxlotto.com\/uploads\/sites\/9\/1_play_superenalotto.jpg\" \/>\n<meta name=\"twitter:card\" content=\"summary_large_image\" \/>\n<meta name=\"twitter:label1\" content=\"Tahmini okuma s\u00fcresi\" \/>\n\t<meta name=\"twitter:data1\" content=\"2 dakika\" \/>\n<script type=\"application\/ld+json\" class=\"yoast-schema-graph\">{\"@context\":\"https:\/\/schema.org\",\"@graph\":[{\"@type\":\"WebPage\",\"@id\":\"https:\/\/redfoxlotto.com\/tr\/oyna\/superenalotto\/\",\"url\":\"https:\/\/redfoxlotto.com\/tr\/oyna\/superenalotto\/\",\"name\":\"\u00c7evrimi\u00e7i SuperEnalotto Oynay\u0131n\",\"isPartOf\":{\"@id\":\"https:\/\/redfoxlotto.com\/tr\/#website\"},\"primaryImageOfPage\":{\"@id\":\"https:\/\/redfoxlotto.com\/tr\/oyna\/superenalotto\/#primaryimage\"},\"image\":{\"@id\":\"https:\/\/redfoxlotto.com\/tr\/oyna\/superenalotto\/#primaryimage\"},\"thumbnailUrl\":\"https:\/\/content.redfoxlotto.com\/uploads\/sites\/9\/1_play_superenalotto.jpg\",\"datePublished\":\"2023-04-24T17:47:11+00:00\",\"dateModified\":\"2025-12-11T06:53:35+00:00\",\"description\":\"\u0130talya'dan Superenalotto - di\u011fer \u00fclkelerden oyuncular i\u00e7in de \u015fimdi online bilet al\u0131n\",\"breadcrumb\":{\"@id\":\"https:\/\/redfoxlotto.com\/tr\/oyna\/superenalotto\/#breadcrumb\"},\"inLanguage\":\"tr\",\"potentialAction\":[{\"@type\":\"ReadAction\",\"target\":[\"https:\/\/redfoxlotto.com\/tr\/oyna\/superenalotto\/\"]}]},{\"@type\":\"ImageObject\",\"inLanguage\":\"tr\",\"@id\":\"https:\/\/redfoxlotto.com\/tr\/oyna\/superenalotto\/#primaryimage\",\"url\":\"https:\/\/content.redfoxlotto.com\/uploads\/sites\/9\/1_play_superenalotto.jpg\",\"contentUrl\":\"https:\/\/content.redfoxlotto.com\/uploads\/sites\/9\/1_play_superenalotto.jpg\"},{\"@type\":\"BreadcrumbList\",\"@id\":\"https:\/\/redfoxlotto.com\/tr\/oyna\/superenalotto\/#breadcrumb\",\"itemListElement\":[{\"@type\":\"ListItem\",\"position\":1,\"name\":\"Home\",\"item\":\"https:\/\/redfoxlotto.com\/tr\/\"},{\"@type\":\"ListItem\",\"position\":2,\"name\":\"Uluslararas\u0131 piyangolara nas\u0131l kat\u0131l\u0131r\u0131m?\",\"item\":\"https:\/\/redfoxlotto.com\/tr\/oyna\/\"},{\"@type\":\"ListItem\",\"position\":3,\"name\":\"\u00c7evrimi\u00e7i SuperEnalotto Oynay\u0131n\"}]},{\"@type\":\"WebSite\",\"@id\":\"https:\/\/redfoxlotto.com\/tr\/#website\",\"url\":\"https:\/\/redfoxlotto.com\/tr\/\",\"name\":\"Get Tickets for the World\u2019s largest jackpots\",\"description\":\"Participate in worldwide lottery jackpots from any country\",\"publisher\":{\"@id\":\"https:\/\/redfoxlotto.com\/tr\/#organization\"},\"potentialAction\":[{\"@type\":\"SearchAction\",\"target\":{\"@type\":\"EntryPoint\",\"urlTemplate\":\"https:\/\/redfoxlotto.com\/tr\/?s={search_term_string}\"},\"query-input\":{\"@type\":\"PropertyValueSpecification\",\"valueRequired\":true,\"valueName\":\"search_term_string\"}}],\"inLanguage\":\"tr\"},{\"@type\":\"Organization\",\"@id\":\"https:\/\/redfoxlotto.com\/tr\/#organization\",\"name\":\"Get Tickets for the World\u2019s largest jackpots\",\"url\":\"https:\/\/redfoxlotto.com\/tr\/\",\"logo\":{\"@type\":\"ImageObject\",\"inLanguage\":\"tr\",\"@id\":\"https:\/\/redfoxlotto.com\/tr\/#\/schema\/logo\/image\/\",\"url\":\"https:\/\/redfoxlotto.com\/wp-content\/uploads\/2023\/04\/logo.png\",\"contentUrl\":\"https:\/\/redfoxlotto.com\/wp-content\/uploads\/2023\/04\/logo.png\",\"width\":269,\"height\":53,\"caption\":\"Get Tickets for the World\u2019s largest jackpots\"},\"image\":{\"@id\":\"https:\/\/redfoxlotto.com\/tr\/#\/schema\/logo\/image\/\"}}]}<\/script>\n<!-- \/ Yoast SEO plugin. -->","yoast_head_json":{"title":"\u00c7evrimi\u00e7i SuperEnalotto Oynay\u0131n","description":"\u0130talya'dan Superenalotto - di\u011fer \u00fclkelerden oyuncular i\u00e7in de \u015fimdi online bilet al\u0131n","robots":{"index":"index","follow":"follow","max-snippet":"max-snippet:-1","max-image-preview":"max-image-preview:large","max-video-preview":"max-video-preview:-1"},"canonical":"https:\/\/redfoxlotto.com\/tr\/oyna\/superenalotto\/","og_locale":"tr_TR","og_type":"article","og_title":"\u00c7evrimi\u00e7i SuperEnalotto Oynay\u0131n","og_description":"\u0130talya'dan Superenalotto - di\u011fer \u00fclkelerden oyuncular i\u00e7in de \u015fimdi online bilet al\u0131n","og_url":"https:\/\/redfoxlotto.com\/tr\/oyna\/superenalotto\/","og_site_name":"Get Tickets for the World\u2019s largest jackpots","article_modified_time":"2025-12-11T06:53:35+00:00","og_image":[{"url":"https:\/\/content.redfoxlotto.com\/uploads\/sites\/9\/1_play_superenalotto.jpg"}],"twitter_card":"summary_large_image","twitter_misc":{"Tahmini okuma s\u00fcresi":"2 dakika"},"schema":{"@context":"https:\/\/schema.org","@graph":[{"@type":"WebPage","@id":"https:\/\/redfoxlotto.com\/tr\/oyna\/superenalotto\/","url":"https:\/\/redfoxlotto.com\/tr\/oyna\/superenalotto\/","name":"\u00c7evrimi\u00e7i SuperEnalotto Oynay\u0131n","isPartOf":{"@id":"https:\/\/redfoxlotto.com\/tr\/#website"},"primaryImageOfPage":{"@id":"https:\/\/redfoxlotto.com\/tr\/oyna\/superenalotto\/#primaryimage"},"image":{"@id":"https:\/\/redfoxlotto.com\/tr\/oyna\/superenalotto\/#primaryimage"},"thumbnailUrl":"https:\/\/content.redfoxlotto.com\/uploads\/sites\/9\/1_play_superenalotto.jpg","datePublished":"2023-04-24T17:47:11+00:00","dateModified":"2025-12-11T06:53:35+00:00","description":"\u0130talya'dan Superenalotto - di\u011fer \u00fclkelerden oyuncular i\u00e7in de \u015fimdi online bilet al\u0131n","breadcrumb":{"@id":"https:\/\/redfoxlotto.com\/tr\/oyna\/superenalotto\/#breadcrumb"},"inLanguage":"tr","potentialAction":[{"@type":"ReadAction","target":["https:\/\/redfoxlotto.com\/tr\/oyna\/superenalotto\/"]}]},{"@type":"ImageObject","inLanguage":"tr","@id":"https:\/\/redfoxlotto.com\/tr\/oyna\/superenalotto\/#primaryimage","url":"https:\/\/content.redfoxlotto.com\/uploads\/sites\/9\/1_play_superenalotto.jpg","contentUrl":"https:\/\/content.redfoxlotto.com\/uploads\/sites\/9\/1_play_superenalotto.jpg"},{"@type":"BreadcrumbList","@id":"https:\/\/redfoxlotto.com\/tr\/oyna\/superenalotto\/#breadcrumb","itemListElement":[{"@type":"ListItem","position":1,"name":"Home","item":"https:\/\/redfoxlotto.com\/tr\/"},{"@type":"ListItem","position":2,"name":"Uluslararas\u0131 piyangolara nas\u0131l kat\u0131l\u0131r\u0131m?","item":"https:\/\/redfoxlotto.com\/tr\/oyna\/"},{"@type":"ListItem","position":3,"name":"\u00c7evrimi\u00e7i SuperEnalotto Oynay\u0131n"}]},{"@type":"WebSite","@id":"https:\/\/redfoxlotto.com\/tr\/#website","url":"https:\/\/redfoxlotto.com\/tr\/","name":"Get Tickets for the World\u2019s largest jackpots","description":"Participate in worldwide lottery jackpots from any country","publisher":{"@id":"https:\/\/redfoxlotto.com\/tr\/#organization"},"potentialAction":[{"@type":"SearchAction","target":{"@type":"EntryPoint","urlTemplate":"https:\/\/redfoxlotto.com\/tr\/?s={search_term_string}"},"query-input":{"@type":"PropertyValueSpecification","valueRequired":true,"valueName":"search_term_string"}}],"inLanguage":"tr"},{"@type":"Organization","@id":"https:\/\/redfoxlotto.com\/tr\/#organization","name":"Get Tickets for the World\u2019s largest jackpots","url":"https:\/\/redfoxlotto.com\/tr\/","logo":{"@type":"ImageObject","inLanguage":"tr","@id":"https:\/\/redfoxlotto.com\/tr\/#\/schema\/logo\/image\/","url":"https:\/\/redfoxlotto.com\/wp-content\/uploads\/2023\/04\/logo.png","contentUrl":"https:\/\/redfoxlotto.com\/wp-content\/uploads\/2023\/04\/logo.png","width":269,"height":53,"caption":"Get Tickets for the World\u2019s largest jackpots"},"image":{"@id":"https:\/\/redfoxlotto.com\/tr\/#\/schema\/logo\/image\/"}}]}},"_links":{"self":[{"href":"https:\/\/redfoxlotto.com\/tr\/wp-json\/wp\/v2\/pages\/2926","targetHints":{"allow":["GET"]}}],"collection":[{"href":"https:\/\/redfoxlotto.com\/tr\/wp-json\/wp\/v2\/pages"}],"about":[{"href":"https:\/\/redfoxlotto.com\/tr\/wp-json\/wp\/v2\/types\/page"}],"author":[{"embeddable":true,"href":"https:\/\/redfoxlotto.com\/tr\/wp-json\/wp\/v2\/users\/1"}],"replies":[{"embeddable":true,"href":"https:\/\/redfoxlotto.com\/tr\/wp-json\/wp\/v2\/comments?post=2926"}],"version-history":[{"count":0,"href":"https:\/\/redfoxlotto.com\/tr\/wp-json\/wp\/v2\/pages\/2926\/revisions"}],"up":[{"embeddable":true,"href":"https:\/\/redfoxlotto.com\/tr\/wp-json\/wp\/v2\/pages\/2913"}],"wp:attachment":[{"href":"https:\/\/redfoxlotto.com\/tr\/wp-json\/wp\/v2\/media?parent=2926"}],"curies":[{"name":"wp","href":"https:\/\/api.w.org\/{rel}","templated":true}]}}