{"id":2921,"date":"2023-04-24T17:37:44","date_gmt":"2023-04-24T17:37:44","guid":{"rendered":"https:\/\/redfoxlotto.com\/?page_id=5314"},"modified":"2025-12-17T11:24:53","modified_gmt":"2025-12-17T11:24:53","slug":"mega-millions","status":"publish","type":"page","link":"https:\/\/redfoxlotto.com\/tr\/oyna\/mega-millions\/","title":{"rendered":"T\u00fcrkiye&#8217;de Mega Millions oynay\u0131n"},"content":{"rendered":"<script type=\"application\/ld+json\">\r\n{\r\n  \"@context\": \"https:\/\/schema.org\",\r\n  \"@type\": \"Service\",\r\n  \"name\": \"Mega Millions online oyna\",\r\n  \"url\": \"https:\/\/redfoxlotto.com\/tr\/oyna\/mega-millions\/\",\r\n  \"description\": \"Mega Millions piyangosunu d\u00fcnyan\u0131n her yerinden online oynay\u0131n. RedFoxLotto'yu ziyaret edin, numaralar\u0131n\u0131z\u0131 se\u00e7in ve biletlerinizi al\u0131n.\",\r\n  \"serviceType\": \"Online piyango bileti arac\u0131l\u0131k hizmeti\",\r\n  \"provider\": {\r\n    \"@type\": \"Organization\",\r\n    \"name\": \"RedFoxLotto\",\r\n    \"url\": \"https:\/\/redfoxlotto.com\/tr\/oyna\/mega-millions\/\",\r\n    \"image\": \"https:\/\/redfoxlotto.com\/wp-content\/uploads\/2025\/12\/ticket_scans.jpg\",\r\n    \"sameAs\": []\r\n  },\r\n  \"areaServed\": \"Worldwide\",\r\n  \"termsOfService\": \"https:\/\/redfoxlotto.com\/terms-and-conditions\",\r\n  \"additionalProperty\": {\r\n    \"@type\": \"PropertyValue\",\r\n    \"name\": \"FAQ\",\r\n    \"value\": \"https:\/\/redfoxlotto.com\/tr\/faq\/\"\r\n  },\r\n  \"hasOfferCatalog\": {\r\n    \"@type\": \"OfferCatalog\",\r\n    \"name\": \"Mega Millions piyango biletleri\",\r\n    \"itemListElement\": [\r\n      {\r\n        \"@type\": \"Offer\",\r\n        \"name\": \"Mega Millions biletleri\",\r\n        \"url\": \"https:\/\/redfoxlotto.com\/tr\/oyna\/mega-millions\/\",\r\n        \"description\": \"Bir sonraki Mega Millions \u00e7ekili\u015fi i\u00e7in numaralar\u0131n\u0131z\u0131 se\u00e7in ve biletlerinizi online sipari\u015f edin.\",\r\n        \"price\": \"13.00\",\r\n        \"priceCurrency\": \"EUR\",\r\n        \"availability\": \"https:\/\/schema.org\/InStock\",\r\n        \"itemOffered\": {\r\n          \"@type\": \"Service\",\r\n          \"name\": \"Mega Millions biletleri\",\r\n          \"description\": \"RedFoxLotto \u00fczerinden bir sonraki Mega Millions \u00e7ekili\u015fine kat\u0131l\u0131n.\"\r\n        }\r\n      }\r\n    ]\r\n  },\r\n  \"mainEntityOfPage\": {\r\n    \"@type\": \"WebPage\",\r\n    \"@id\": \"https:\/\/redfoxlotto.com\/tr\/oyna\/mega-millions\/\"\r\n  }\r\n}\r\n<\/script><p>ABD&#8217;nin \u00fcnl\u00fc Mega Millions piyangosunu oynamak i\u00e7in ABD&#8217;ye gitmek zorunda de\u011filsiniz. T\u00fcrkiye&#8217;den de <a href=\"https:\/\/redfoxlotto.com\/tr\/loto\/mega-millions\/\">Mega Millions oynayabilirsiniz.<\/a> Hizmetimiz arac\u0131l\u0131\u011f\u0131yla size biletlerinizi biz sunaca\u011f\u0131z. Sipari\u015finizi sitemiz \u00fczerinden verebilirsiniz. ABD&#8217;deki \u00e7al\u0131\u015fanlar\u0131m\u0131zdan biri biletinizi sizin ad\u0131n\u0131za alacak (se\u00e7mi\u015f oldu\u011funuz numaralarla). Hemen ard\u0131ndan, sat\u0131n alma i\u015fleminizi do\u011frulayan bir e-posta g\u00f6nderece\u011fiz. Ayr\u0131ca, kazan\u00e7lar\u0131n\u0131z\u0131n \u00f6demesini de biz halledece\u011fiz. Hizmetimiz hakk\u0131nda daha fazla bilgi i\u00e7in l\u00fctfen SSS b\u00f6l\u00fcm\u00fcne g\u00f6z at\u0131n.<\/p><h2 class=\"wp-block-heading\">Mega Million Piyango Kurallar\u0131<\/h2><p>Oyuncu 1 ile 70 aras\u0131ndan be\u015f say\u0131 ve 1 ile 25 aras\u0131ndan da ek bir say\u0131 se\u00e7er. B\u00fcy\u00fck ikramiyeyi kazanmak i\u00e7in alt\u0131 say\u0131n\u0131n da do\u011fru se\u00e7ilmi\u015f olmas\u0131 gerekmektedir. Be\u015f do\u011fru esas numara i\u00e7in \u00f6d\u00fcl 1 milyon dolard\u0131r. <\/p><h2 class=\"wp-block-heading\">Mega Millions B\u00fcy\u00fck \u0130kramiyesi<\/h2><p><img decoding=\"async\" class=\"size-full wp-image alignright\" src=\"https:\/\/content.redfoxlotto.com\/uploads\/sites\/9\/1_play_mega_millions_jackpot.jpg\" alt=\"mega milyonlar \u00e7evrimi\u00e7i\"><\/p><p>Mega Millions Lotto, h\u0131zla artan b\u00fcy\u00fck ikramiyeleri ile bilinmektedir. Bunun ba\u015fl\u0131ca nedeni, <a href=\"https:\/\/redfoxlotto.com\/tr\/powerball-ve-mega-millions-in-guencel-ikramiyeleri\/\">ABD&#8217;de her hafta y\u00fcz milyonlarca bilet sat\u0131l\u0131yor olmas\u0131d\u0131r<\/a>. Ancak b\u00fcy\u00fck ikramiyeye genellikle haftalarca ula\u015f\u0131lam\u0131yor. \u0130kramiye her zaman en az 40 milyon dolardan ba\u015flar. Genellikle yava\u015f yava\u015f artar, \u00e7ekili\u015f ba\u015f\u0131na 10-15 milyon dolar gibi (bu arada, haftada iki \u00e7ekili\u015f yap\u0131lmaktad\u0131r).<\/p><p>Hi\u00e7 kimse b\u00fcy\u00fck ikramiyeyi kazanamad\u0131\u011f\u0131nda, h\u0131zla 100 milyon dolar s\u0131n\u0131r\u0131na ula\u015f\u0131r. Bu e\u015fik ge\u00e7ildi\u011finde ise normalden \u00e7ok daha fazla bilet sat\u0131lmaya ba\u015flar. \u0130kramiye adeta &#8220;bomba etkisi&#8221; g\u00f6r\u00fcr. Bir hafta i\u00e7inde 200 milyon dolardan 500 milyon dolara y\u00fckselmesi s\u0131kl\u0131kla ya\u015fanmaktad\u0131r. E\u011fer 10 hafta boyunca b\u00fcy\u00fck ikramiye kazan\u0131lmad\u0131ysa, t\u0131pk\u0131 19\/10\/2018 tarihinde oldu\u011fu gibi 1 milyar dolay\u0131 a\u015far. S\u00f6z konusu ikramiye nihayet 23\/10\/2018 tarihinde kazan\u0131lm\u0131\u015f ve kazan\u0131lan \u00f6d\u00fcl 1.6 milyar dolar olmu\u015ftu.<\/p><p>Tam bu noktada, b\u00fcy\u00fck ikramiyeyi kazanan\u0131n iki se\u00e7enekten aras\u0131ndan se\u00e7im yapabilece\u011finden bahsetmek \u00f6nemli. Kazanan ki\u015fi ya toplam tutar\u0131 30 y\u0131ll\u0131k \u00f6demeler halinde al\u0131r (y\u0131ll\u0131k enflasyon g\u00f6z \u00f6n\u00fcnde bulundurularak \u00f6d\u00fcl her y\u0131l %5 artar) ya da kazanc\u0131n\u0131 tek seferde \u00e7ekmeye karar verebilir. Bu \u00f6deme ise ikramiye tutar\u0131ndan daha d\u00fc\u015f\u00fck olacakt\u0131r.<\/p><h2 class=\"wp-block-heading\">Bu hizmet T\u00fcrkiye&#8217;de ya\u015fayan oyuncular i\u00e7in yasal m\u0131?<\/h2><p>Hizmetimiz, T\u00fcrkiye de dahil olmak \u00fczere t\u00fcm \u00fclkelerde ya\u015fayan oyuncular i\u00e7in %100 yasald\u0131r. Temel olarak, ABD&#8217;de kald\u0131\u011f\u0131n\u0131zda Mega Millions i\u00e7in bilet sat\u0131n al\u0131yormu\u015f gibi d\u00fc\u015f\u00fcnebilirsiniz. ABD&#8217;de piyango biletleri 18 ya\u015f\u0131n \u00fczerindeki herkese sat\u0131labildi\u011finden, yabanc\u0131lar da yasal olarak kazanma \u015fans\u0131na sahiptir. Sonu\u00e7ta, \u00f6nemli olan, biletinizin olmas\u0131. Ayr\u0131ca kazanc\u0131n\u0131z\u0131 alabilmenizi de sa\u011flayaca\u011f\u0131z. Daha b\u00fcy\u00fck kazan\u00e7lar i\u00e7in (2500\u20ac&#8217;dan fazla) genellikle \u00e7ek veya banka havalesi al\u0131rs\u0131n\u0131z. Bu da, T\u00fcrkiye de dahil olmak \u00fczere t\u00fcm d\u00fcnyadan oyuncular i\u00e7in %100 yasald\u0131r.<\/p><p>Ancak, <a href=\"https:\/\/redfoxlotto.com\/tr\/loto\/\">b\u00fcy\u00fck ikramiyeyi<\/a> kazanman\u0131z durumunda, \u00e7ekinizin size bizzat elden verilebilmesi i\u00e7in ABD&#8217;ye seyahat etmeniz gerekecektir. Elbette b\u00f6yle bir yolculuk yapt\u0131\u011f\u0131n\u0131z i\u00e7in mutlu ve heyecanl\u0131 hissedeceksiniz! <\/p><p><a href=\"https:\/\/redfoxlotto.com\/tr\/powerball-ve-mega-millions-in-guencel-ikramiyeleri\/\">S\u0131radaki Mega Millions ikramiyesi<\/a> sizi bekliyor olabilir mi? <strong>Hemen \u015fans\u0131n\u0131z\u0131 deneyin &#8211; bilet almazsan\u0131z kazanamazs\u0131n\u0131z!<\/strong><\/p>","protected":false},"excerpt":{"rendered":"<p>ABD&#8217;nin \u00fcnl\u00fc Mega Millions piyangosunu oynamak i\u00e7in ABD&#8217;ye gitmek zorunda de\u011filsiniz. T\u00fcrkiye&#8217;den de Mega Millions oynayabilirsiniz. Hizmetimiz arac\u0131l\u0131\u011f\u0131yla size biletlerinizi biz sunaca\u011f\u0131z. Sipari\u015finizi sitemiz \u00fczerinden verebilirsiniz. ABD&#8217;deki \u00e7al\u0131\u015fanlar\u0131m\u0131zdan biri biletinizi sizin ad\u0131n\u0131za alacak (se\u00e7mi\u015f oldu\u011funuz numaralarla). Hemen ard\u0131ndan, sat\u0131n alma i\u015fleminizi do\u011frulayan bir e-posta g\u00f6nderece\u011fiz. Ayr\u0131ca, kazan\u00e7lar\u0131n\u0131z\u0131n \u00f6demesini de biz halledece\u011fiz. Hizmetimiz hakk\u0131nda daha fazla [&hellip;]<\/p>\n","protected":false},"author":1,"featured_media":0,"parent":2913,"menu_order":2,"comment_status":"closed","ping_status":"closed","template":"megamillion.php","meta":{"_et_pb_use_builder":"","_et_pb_old_content":"","_et_gb_content_width":"","exclude_from_search":false,"footnotes":""},"class_list":["post-2921","page","type-page","status-publish","hentry"],"yoast_head":"<!-- This site is optimized with the Yoast SEO plugin v27.4 - https:\/\/yoast.com\/product\/yoast-seo-wordpress\/ -->\n<title>T\u00fcrkiye&#039;den Online Uluslararas\u0131 Mega Millions Piyangosu<\/title>\n<meta name=\"description\" content=\"Mega Millions biletinizi hemen sipari\u015f edin - T\u00fcrkiye ya da ba\u015fka bir \u00fclkeden!\" \/>\n<meta name=\"robots\" content=\"index, follow, max-snippet:-1, max-image-preview:large, max-video-preview:-1\" \/>\n<link rel=\"canonical\" href=\"https:\/\/redfoxlotto.com\/tr\/oyna\/mega-millions\/\" \/>\n<meta property=\"og:locale\" content=\"tr_TR\" \/>\n<meta property=\"og:type\" content=\"article\" \/>\n<meta property=\"og:title\" content=\"T\u00fcrkiye&#039;den Online Uluslararas\u0131 Mega Millions Piyangosu\" \/>\n<meta property=\"og:description\" content=\"Mega Millions biletinizi hemen sipari\u015f edin - T\u00fcrkiye ya da ba\u015fka bir \u00fclkeden!\" \/>\n<meta property=\"og:url\" content=\"https:\/\/redfoxlotto.com\/tr\/oyna\/mega-millions\/\" \/>\n<meta property=\"og:site_name\" content=\"Get Tickets for the World\u2019s largest jackpots\" \/>\n<meta property=\"article:modified_time\" content=\"2025-12-17T11:24:53+00:00\" \/>\n<meta property=\"og:image\" content=\"https:\/\/content.redfoxlotto.com\/uploads\/sites\/9\/1_play_mega_millions_jackpot.jpg\" \/>\n<meta name=\"twitter:card\" content=\"summary_large_image\" \/>\n<meta name=\"twitter:label1\" content=\"Tahmini okuma s\u00fcresi\" \/>\n\t<meta name=\"twitter:data1\" content=\"2 dakika\" \/>\n<script type=\"application\/ld+json\" class=\"yoast-schema-graph\">{\"@context\":\"https:\\\/\\\/schema.org\",\"@graph\":[{\"@type\":\"WebPage\",\"@id\":\"https:\\\/\\\/redfoxlotto.com\\\/tr\\\/oyna\\\/mega-millions\\\/\",\"url\":\"https:\\\/\\\/redfoxlotto.com\\\/tr\\\/oyna\\\/mega-millions\\\/\",\"name\":\"T\u00fcrkiye'den Online Uluslararas\u0131 Mega Millions Piyangosu\",\"isPartOf\":{\"@id\":\"https:\\\/\\\/redfoxlotto.com\\\/tr\\\/#website\"},\"primaryImageOfPage\":{\"@id\":\"https:\\\/\\\/redfoxlotto.com\\\/tr\\\/oyna\\\/mega-millions\\\/#primaryimage\"},\"image\":{\"@id\":\"https:\\\/\\\/redfoxlotto.com\\\/tr\\\/oyna\\\/mega-millions\\\/#primaryimage\"},\"thumbnailUrl\":\"https:\\\/\\\/content.redfoxlotto.com\\\/uploads\\\/sites\\\/9\\\/1_play_mega_millions_jackpot.jpg\",\"datePublished\":\"2023-04-24T17:37:44+00:00\",\"dateModified\":\"2025-12-17T11:24:53+00:00\",\"description\":\"Mega Millions biletinizi hemen sipari\u015f edin - T\u00fcrkiye ya da ba\u015fka bir \u00fclkeden!\",\"breadcrumb\":{\"@id\":\"https:\\\/\\\/redfoxlotto.com\\\/tr\\\/oyna\\\/mega-millions\\\/#breadcrumb\"},\"inLanguage\":\"tr\",\"potentialAction\":[{\"@type\":\"ReadAction\",\"target\":[\"https:\\\/\\\/redfoxlotto.com\\\/tr\\\/oyna\\\/mega-millions\\\/\"]}]},{\"@type\":\"ImageObject\",\"inLanguage\":\"tr\",\"@id\":\"https:\\\/\\\/redfoxlotto.com\\\/tr\\\/oyna\\\/mega-millions\\\/#primaryimage\",\"url\":\"https:\\\/\\\/content.redfoxlotto.com\\\/uploads\\\/sites\\\/9\\\/1_play_mega_millions_jackpot.jpg\",\"contentUrl\":\"https:\\\/\\\/content.redfoxlotto.com\\\/uploads\\\/sites\\\/9\\\/1_play_mega_millions_jackpot.jpg\"},{\"@type\":\"BreadcrumbList\",\"@id\":\"https:\\\/\\\/redfoxlotto.com\\\/tr\\\/oyna\\\/mega-millions\\\/#breadcrumb\",\"itemListElement\":[{\"@type\":\"ListItem\",\"position\":1,\"name\":\"Home\",\"item\":\"https:\\\/\\\/redfoxlotto.com\\\/tr\\\/\"},{\"@type\":\"ListItem\",\"position\":2,\"name\":\"Uluslararas\u0131 piyangolara nas\u0131l kat\u0131l\u0131r\u0131m?\",\"item\":\"https:\\\/\\\/redfoxlotto.com\\\/tr\\\/oyna\\\/\"},{\"@type\":\"ListItem\",\"position\":3,\"name\":\"T\u00fcrkiye&#8217;de Mega Millions oynay\u0131n\"}]},{\"@type\":\"WebSite\",\"@id\":\"https:\\\/\\\/redfoxlotto.com\\\/tr\\\/#website\",\"url\":\"https:\\\/\\\/redfoxlotto.com\\\/tr\\\/\",\"name\":\"Get Tickets for the World\u2019s largest jackpots\",\"description\":\"Participate in worldwide lottery jackpots from any country\",\"publisher\":{\"@id\":\"https:\\\/\\\/redfoxlotto.com\\\/tr\\\/#organization\"},\"potentialAction\":[{\"@type\":\"SearchAction\",\"target\":{\"@type\":\"EntryPoint\",\"urlTemplate\":\"https:\\\/\\\/redfoxlotto.com\\\/tr\\\/?s={search_term_string}\"},\"query-input\":{\"@type\":\"PropertyValueSpecification\",\"valueRequired\":true,\"valueName\":\"search_term_string\"}}],\"inLanguage\":\"tr\"},{\"@type\":\"Organization\",\"@id\":\"https:\\\/\\\/redfoxlotto.com\\\/tr\\\/#organization\",\"name\":\"Get Tickets for the World\u2019s largest jackpots\",\"url\":\"https:\\\/\\\/redfoxlotto.com\\\/tr\\\/\",\"logo\":{\"@type\":\"ImageObject\",\"inLanguage\":\"tr\",\"@id\":\"https:\\\/\\\/redfoxlotto.com\\\/tr\\\/#\\\/schema\\\/logo\\\/image\\\/\",\"url\":\"https:\\\/\\\/redfoxlotto.com\\\/wp-content\\\/uploads\\\/2023\\\/04\\\/logo.png\",\"contentUrl\":\"https:\\\/\\\/redfoxlotto.com\\\/wp-content\\\/uploads\\\/2023\\\/04\\\/logo.png\",\"width\":269,\"height\":53,\"caption\":\"Get Tickets for the World\u2019s largest jackpots\"},\"image\":{\"@id\":\"https:\\\/\\\/redfoxlotto.com\\\/tr\\\/#\\\/schema\\\/logo\\\/image\\\/\"}}]}<\/script>\n<!-- \/ Yoast SEO plugin. -->","yoast_head_json":{"title":"T\u00fcrkiye'den Online Uluslararas\u0131 Mega Millions Piyangosu","description":"Mega Millions biletinizi hemen sipari\u015f edin - T\u00fcrkiye ya da ba\u015fka bir \u00fclkeden!","robots":{"index":"index","follow":"follow","max-snippet":"max-snippet:-1","max-image-preview":"max-image-preview:large","max-video-preview":"max-video-preview:-1"},"canonical":"https:\/\/redfoxlotto.com\/tr\/oyna\/mega-millions\/","og_locale":"tr_TR","og_type":"article","og_title":"T\u00fcrkiye'den Online Uluslararas\u0131 Mega Millions Piyangosu","og_description":"Mega Millions biletinizi hemen sipari\u015f edin - T\u00fcrkiye ya da ba\u015fka bir \u00fclkeden!","og_url":"https:\/\/redfoxlotto.com\/tr\/oyna\/mega-millions\/","og_site_name":"Get Tickets for the World\u2019s largest jackpots","article_modified_time":"2025-12-17T11:24:53+00:00","og_image":[{"url":"https:\/\/content.redfoxlotto.com\/uploads\/sites\/9\/1_play_mega_millions_jackpot.jpg","type":"","width":"","height":""}],"twitter_card":"summary_large_image","twitter_misc":{"Tahmini okuma s\u00fcresi":"2 dakika"},"schema":{"@context":"https:\/\/schema.org","@graph":[{"@type":"WebPage","@id":"https:\/\/redfoxlotto.com\/tr\/oyna\/mega-millions\/","url":"https:\/\/redfoxlotto.com\/tr\/oyna\/mega-millions\/","name":"T\u00fcrkiye'den Online Uluslararas\u0131 Mega Millions Piyangosu","isPartOf":{"@id":"https:\/\/redfoxlotto.com\/tr\/#website"},"primaryImageOfPage":{"@id":"https:\/\/redfoxlotto.com\/tr\/oyna\/mega-millions\/#primaryimage"},"image":{"@id":"https:\/\/redfoxlotto.com\/tr\/oyna\/mega-millions\/#primaryimage"},"thumbnailUrl":"https:\/\/content.redfoxlotto.com\/uploads\/sites\/9\/1_play_mega_millions_jackpot.jpg","datePublished":"2023-04-24T17:37:44+00:00","dateModified":"2025-12-17T11:24:53+00:00","description":"Mega Millions biletinizi hemen sipari\u015f edin - T\u00fcrkiye ya da ba\u015fka bir \u00fclkeden!","breadcrumb":{"@id":"https:\/\/redfoxlotto.com\/tr\/oyna\/mega-millions\/#breadcrumb"},"inLanguage":"tr","potentialAction":[{"@type":"ReadAction","target":["https:\/\/redfoxlotto.com\/tr\/oyna\/mega-millions\/"]}]},{"@type":"ImageObject","inLanguage":"tr","@id":"https:\/\/redfoxlotto.com\/tr\/oyna\/mega-millions\/#primaryimage","url":"https:\/\/content.redfoxlotto.com\/uploads\/sites\/9\/1_play_mega_millions_jackpot.jpg","contentUrl":"https:\/\/content.redfoxlotto.com\/uploads\/sites\/9\/1_play_mega_millions_jackpot.jpg"},{"@type":"BreadcrumbList","@id":"https:\/\/redfoxlotto.com\/tr\/oyna\/mega-millions\/#breadcrumb","itemListElement":[{"@type":"ListItem","position":1,"name":"Home","item":"https:\/\/redfoxlotto.com\/tr\/"},{"@type":"ListItem","position":2,"name":"Uluslararas\u0131 piyangolara nas\u0131l kat\u0131l\u0131r\u0131m?","item":"https:\/\/redfoxlotto.com\/tr\/oyna\/"},{"@type":"ListItem","position":3,"name":"T\u00fcrkiye&#8217;de Mega Millions oynay\u0131n"}]},{"@type":"WebSite","@id":"https:\/\/redfoxlotto.com\/tr\/#website","url":"https:\/\/redfoxlotto.com\/tr\/","name":"Get Tickets for the World\u2019s largest jackpots","description":"Participate in worldwide lottery jackpots from any country","publisher":{"@id":"https:\/\/redfoxlotto.com\/tr\/#organization"},"potentialAction":[{"@type":"SearchAction","target":{"@type":"EntryPoint","urlTemplate":"https:\/\/redfoxlotto.com\/tr\/?s={search_term_string}"},"query-input":{"@type":"PropertyValueSpecification","valueRequired":true,"valueName":"search_term_string"}}],"inLanguage":"tr"},{"@type":"Organization","@id":"https:\/\/redfoxlotto.com\/tr\/#organization","name":"Get Tickets for the World\u2019s largest jackpots","url":"https:\/\/redfoxlotto.com\/tr\/","logo":{"@type":"ImageObject","inLanguage":"tr","@id":"https:\/\/redfoxlotto.com\/tr\/#\/schema\/logo\/image\/","url":"https:\/\/redfoxlotto.com\/wp-content\/uploads\/2023\/04\/logo.png","contentUrl":"https:\/\/redfoxlotto.com\/wp-content\/uploads\/2023\/04\/logo.png","width":269,"height":53,"caption":"Get Tickets for the World\u2019s largest jackpots"},"image":{"@id":"https:\/\/redfoxlotto.com\/tr\/#\/schema\/logo\/image\/"}}]}},"_links":{"self":[{"href":"https:\/\/redfoxlotto.com\/tr\/wp-json\/wp\/v2\/pages\/2921","targetHints":{"allow":["GET"]}}],"collection":[{"href":"https:\/\/redfoxlotto.com\/tr\/wp-json\/wp\/v2\/pages"}],"about":[{"href":"https:\/\/redfoxlotto.com\/tr\/wp-json\/wp\/v2\/types\/page"}],"author":[{"embeddable":true,"href":"https:\/\/redfoxlotto.com\/tr\/wp-json\/wp\/v2\/users\/1"}],"replies":[{"embeddable":true,"href":"https:\/\/redfoxlotto.com\/tr\/wp-json\/wp\/v2\/comments?post=2921"}],"version-history":[{"count":0,"href":"https:\/\/redfoxlotto.com\/tr\/wp-json\/wp\/v2\/pages\/2921\/revisions"}],"up":[{"embeddable":true,"href":"https:\/\/redfoxlotto.com\/tr\/wp-json\/wp\/v2\/pages\/2913"}],"wp:attachment":[{"href":"https:\/\/redfoxlotto.com\/tr\/wp-json\/wp\/v2\/media?parent=2921"}],"curies":[{"name":"wp","href":"https:\/\/api.w.org\/{rel}","templated":true}]}}