{"id":2919,"date":"2023-04-24T17:52:16","date_gmt":"2023-04-24T17:52:16","guid":{"rendered":"https:\/\/redfoxlotto.com\/?page_id=5310"},"modified":"2019-09-12T18:15:07","modified_gmt":"2019-09-12T18:15:07","slug":"la-primitiva","status":"publish","type":"page","link":"https:\/\/redfoxlotto.com\/tr\/oyna\/la-primitiva\/","title":{"rendered":"La Primitiva&#8217;ya nas\u0131l kat\u0131l\u0131r\u0131m?"},"content":{"rendered":"<h2 class=\"wp-block-heading\">\u0130spanya&#8217;n\u0131n haftal\u0131k piyangosu La Primitiva<\/h2><p><img loading=\"lazy\" decoding=\"async\" class=\" wp-image alignright\" src=\"https:\/\/content.redfoxlotto.com\/uploads\/sites\/9\/1_play_lotto_to_win.jpg\" alt=\"La Primitiva \u00e7evrimi\u00e7i oyna\" width=\"239\" height=\"170\" \/><\/p><p>La Primitiva, \u00e7o\u011funlukla El Gordo ile kar\u0131\u015ft\u0131r\u0131lan bir \u0130spanyol piyangosudur. \u0130kisi de ayn\u0131 \u015firket taraf\u0131ndan d\u00fczenlenir. La Primitiva her Per\u015fembe ve Cumartesi \u00e7ekilen haftal\u0131k \u0130spanyol piyangosudur. Bileti tamamlaman\u0131z i\u00e7in 49 numaradan 6 tanesini se\u00e7meniz gerekmektedir.<\/p><p>Bir di\u011fer yandan El Gordo, ayn\u0131 piyangonun Noel versiyonudur. Bu piyango komple farkl\u0131 bir \u015fekilde \u00e7al\u0131\u015f\u0131r ve y\u0131lda sadece bir kere \u00e7ekilir.<\/p><p><img decoding=\"async\" class=\"size-full wp-image alignright\" src=\"https:\/\/content.redfoxlotto.com\/uploads\/sites\/9\/2_ticket_la_primitiva4.jpg\" alt=\"La Primitiva'y\u0131 kazan\u0131n\"><\/p><p>E\u011fer T\u00fcrkiye&#8217;den La Primitiva ad\u0131na bilet sat\u0131n almak isterseniz, bunu sitemizden yapabilirsiniz. Rastgele numara olu\u015fturucusunu kullanabilir ya da numaralar\u0131 kendiniz se\u00e7ebilirsiniz.<\/p><p>Bilet sipari\u015finizi tamamlad\u0131ktan sonra (di\u011fer piyangolar i\u00e7in de bilet eklemekten \u00e7ekinmeyin), online \u00f6deme yapman\u0131z i\u00e7in bir m\u00fc\u015fteri hesab\u0131 olu\u015fturman\u0131z gerekir. Kayd\u0131n\u0131z\u0131 onaylaman\u0131z\u0131 i\u00e7eren mesaj i\u00e7in e-posta gelen kutunuzu kontrol etmeyi unutmay\u0131n. Giri\u015f detaylar\u0131n\u0131z\u0131 not al\u0131n. Bu giri\u015f detaylar\u0131n\u0131zla, diledi\u011finiz zaman kazan\u00e7lar\u0131n\u0131z\u0131 kontrol edebilirisiniz.<\/p><p>Elbette, her zaman geri d\u00f6n\u00fcp daha fazla piyangoya kat\u0131labilirsiniz. Mevcut b\u00fcy\u00fck ikramiye miktar\u0131na g\u00f6z atman\u0131z\u0131 ve d\u00fczenli bir \u015fekilde kontrol etmenizi \u00f6neririz.<\/p>","protected":false},"excerpt":{"rendered":"<p>\u0130spanya&#8217;n\u0131n haftal\u0131k piyangosu La Primitiva La Primitiva, \u00e7o\u011funlukla El Gordo ile kar\u0131\u015ft\u0131r\u0131lan bir \u0130spanyol piyangosudur. \u0130kisi de ayn\u0131 \u015firket taraf\u0131ndan d\u00fczenlenir. La Primitiva her Per\u015fembe ve Cumartesi \u00e7ekilen haftal\u0131k \u0130spanyol piyangosudur. Bileti tamamlaman\u0131z i\u00e7in 49 numaradan 6 tanesini se\u00e7meniz gerekmektedir. Bir di\u011fer yandan El Gordo, ayn\u0131 piyangonun Noel versiyonudur. Bu piyango komple farkl\u0131 bir \u015fekilde [&hellip;]<\/p>\n","protected":false},"author":1,"featured_media":0,"parent":2913,"menu_order":7,"comment_status":"closed","ping_status":"closed","template":"la-primitiva.php","meta":{"_et_pb_use_builder":"","_et_pb_old_content":"","_et_gb_content_width":"","exclude_from_search":false,"footnotes":""},"class_list":["post-2919","page","type-page","status-publish","hentry"],"yoast_head":"<!-- This site is optimized with the Yoast SEO plugin v23.8 - https:\/\/yoast.com\/wordpress\/plugins\/seo\/ -->\n<title>T\u00fcrkiye&#039;den La Primitiva oynay\u0131n<\/title>\n<meta name=\"description\" content=\"\u0130spanya La Primitiva Piyangosunu T\u00fcrkiye&#039;den nas\u0131l oynayabilece\u011finizi g\u00f6sterelim.\" \/>\n<meta name=\"robots\" content=\"index, follow, max-snippet:-1, max-image-preview:large, max-video-preview:-1\" \/>\n<link rel=\"canonical\" href=\"https:\/\/redfoxlotto.com\/tr\/oyna\/la-primitiva\/\" \/>\n<meta property=\"og:locale\" content=\"tr_TR\" \/>\n<meta property=\"og:type\" content=\"article\" \/>\n<meta property=\"og:title\" content=\"T\u00fcrkiye&#039;den La Primitiva oynay\u0131n\" \/>\n<meta property=\"og:description\" content=\"\u0130spanya La Primitiva Piyangosunu T\u00fcrkiye&#039;den nas\u0131l oynayabilece\u011finizi g\u00f6sterelim.\" \/>\n<meta property=\"og:url\" content=\"https:\/\/redfoxlotto.com\/tr\/oyna\/la-primitiva\/\" \/>\n<meta property=\"og:site_name\" content=\"Get Tickets for the World\u2019s largest jackpots\" \/>\n<meta property=\"article:modified_time\" content=\"2019-09-12T18:15:07+00:00\" \/>\n<meta property=\"og:image\" content=\"https:\/\/content.redfoxlotto.com\/uploads\/sites\/9\/1_play_lotto_to_win.jpg\" \/>\n<meta name=\"twitter:card\" content=\"summary_large_image\" \/>\n<meta name=\"twitter:label1\" content=\"Tahmini okuma s\u00fcresi\" \/>\n\t<meta name=\"twitter:data1\" content=\"2 dakika\" \/>\n<script type=\"application\/ld+json\" class=\"yoast-schema-graph\">{\"@context\":\"https:\/\/schema.org\",\"@graph\":[{\"@type\":\"WebPage\",\"@id\":\"https:\/\/redfoxlotto.com\/tr\/oyna\/la-primitiva\/\",\"url\":\"https:\/\/redfoxlotto.com\/tr\/oyna\/la-primitiva\/\",\"name\":\"T\u00fcrkiye'den La Primitiva oynay\u0131n\",\"isPartOf\":{\"@id\":\"https:\/\/redfoxlotto.com\/tr\/#website\"},\"primaryImageOfPage\":{\"@id\":\"https:\/\/redfoxlotto.com\/tr\/oyna\/la-primitiva\/#primaryimage\"},\"image\":{\"@id\":\"https:\/\/redfoxlotto.com\/tr\/oyna\/la-primitiva\/#primaryimage\"},\"thumbnailUrl\":\"https:\/\/content.redfoxlotto.com\/uploads\/sites\/9\/1_play_lotto_to_win.jpg\",\"datePublished\":\"2023-04-24T17:52:16+00:00\",\"dateModified\":\"2019-09-12T18:15:07+00:00\",\"description\":\"\u0130spanya La Primitiva Piyangosunu T\u00fcrkiye'den nas\u0131l oynayabilece\u011finizi g\u00f6sterelim.\",\"breadcrumb\":{\"@id\":\"https:\/\/redfoxlotto.com\/tr\/oyna\/la-primitiva\/#breadcrumb\"},\"inLanguage\":\"tr\",\"potentialAction\":[{\"@type\":\"ReadAction\",\"target\":[\"https:\/\/redfoxlotto.com\/tr\/oyna\/la-primitiva\/\"]}]},{\"@type\":\"ImageObject\",\"inLanguage\":\"tr\",\"@id\":\"https:\/\/redfoxlotto.com\/tr\/oyna\/la-primitiva\/#primaryimage\",\"url\":\"https:\/\/content.redfoxlotto.com\/uploads\/sites\/9\/1_play_lotto_to_win.jpg\",\"contentUrl\":\"https:\/\/content.redfoxlotto.com\/uploads\/sites\/9\/1_play_lotto_to_win.jpg\"},{\"@type\":\"BreadcrumbList\",\"@id\":\"https:\/\/redfoxlotto.com\/tr\/oyna\/la-primitiva\/#breadcrumb\",\"itemListElement\":[{\"@type\":\"ListItem\",\"position\":1,\"name\":\"Home\",\"item\":\"https:\/\/redfoxlotto.com\/tr\/\"},{\"@type\":\"ListItem\",\"position\":2,\"name\":\"Uluslararas\u0131 piyangolara nas\u0131l kat\u0131l\u0131r\u0131m?\",\"item\":\"https:\/\/redfoxlotto.com\/tr\/oyna\/\"},{\"@type\":\"ListItem\",\"position\":3,\"name\":\"La Primitiva&#8217;ya nas\u0131l kat\u0131l\u0131r\u0131m?\"}]},{\"@type\":\"WebSite\",\"@id\":\"https:\/\/redfoxlotto.com\/tr\/#website\",\"url\":\"https:\/\/redfoxlotto.com\/tr\/\",\"name\":\"Get Tickets for the World\u2019s largest jackpots\",\"description\":\"Participate in worldwide lottery jackpots from any country\",\"publisher\":{\"@id\":\"https:\/\/redfoxlotto.com\/tr\/#organization\"},\"potentialAction\":[{\"@type\":\"SearchAction\",\"target\":{\"@type\":\"EntryPoint\",\"urlTemplate\":\"https:\/\/redfoxlotto.com\/tr\/?s={search_term_string}\"},\"query-input\":{\"@type\":\"PropertyValueSpecification\",\"valueRequired\":true,\"valueName\":\"search_term_string\"}}],\"inLanguage\":\"tr\"},{\"@type\":\"Organization\",\"@id\":\"https:\/\/redfoxlotto.com\/tr\/#organization\",\"name\":\"Get Tickets for the World\u2019s largest jackpots\",\"url\":\"https:\/\/redfoxlotto.com\/tr\/\",\"logo\":{\"@type\":\"ImageObject\",\"inLanguage\":\"tr\",\"@id\":\"https:\/\/redfoxlotto.com\/tr\/#\/schema\/logo\/image\/\",\"url\":\"https:\/\/redfoxlotto.com\/wp-content\/uploads\/2023\/04\/logo.png\",\"contentUrl\":\"https:\/\/redfoxlotto.com\/wp-content\/uploads\/2023\/04\/logo.png\",\"width\":269,\"height\":53,\"caption\":\"Get Tickets for the World\u2019s largest jackpots\"},\"image\":{\"@id\":\"https:\/\/redfoxlotto.com\/tr\/#\/schema\/logo\/image\/\"}}]}<\/script>\n<!-- \/ Yoast SEO plugin. -->","yoast_head_json":{"title":"T\u00fcrkiye'den La Primitiva oynay\u0131n","description":"\u0130spanya La Primitiva Piyangosunu T\u00fcrkiye'den nas\u0131l oynayabilece\u011finizi g\u00f6sterelim.","robots":{"index":"index","follow":"follow","max-snippet":"max-snippet:-1","max-image-preview":"max-image-preview:large","max-video-preview":"max-video-preview:-1"},"canonical":"https:\/\/redfoxlotto.com\/tr\/oyna\/la-primitiva\/","og_locale":"tr_TR","og_type":"article","og_title":"T\u00fcrkiye'den La Primitiva oynay\u0131n","og_description":"\u0130spanya La Primitiva Piyangosunu T\u00fcrkiye'den nas\u0131l oynayabilece\u011finizi g\u00f6sterelim.","og_url":"https:\/\/redfoxlotto.com\/tr\/oyna\/la-primitiva\/","og_site_name":"Get Tickets for the World\u2019s largest jackpots","article_modified_time":"2019-09-12T18:15:07+00:00","og_image":[{"url":"https:\/\/content.redfoxlotto.com\/uploads\/sites\/9\/1_play_lotto_to_win.jpg"}],"twitter_card":"summary_large_image","twitter_misc":{"Tahmini okuma s\u00fcresi":"2 dakika"},"schema":{"@context":"https:\/\/schema.org","@graph":[{"@type":"WebPage","@id":"https:\/\/redfoxlotto.com\/tr\/oyna\/la-primitiva\/","url":"https:\/\/redfoxlotto.com\/tr\/oyna\/la-primitiva\/","name":"T\u00fcrkiye'den La Primitiva oynay\u0131n","isPartOf":{"@id":"https:\/\/redfoxlotto.com\/tr\/#website"},"primaryImageOfPage":{"@id":"https:\/\/redfoxlotto.com\/tr\/oyna\/la-primitiva\/#primaryimage"},"image":{"@id":"https:\/\/redfoxlotto.com\/tr\/oyna\/la-primitiva\/#primaryimage"},"thumbnailUrl":"https:\/\/content.redfoxlotto.com\/uploads\/sites\/9\/1_play_lotto_to_win.jpg","datePublished":"2023-04-24T17:52:16+00:00","dateModified":"2019-09-12T18:15:07+00:00","description":"\u0130spanya La Primitiva Piyangosunu T\u00fcrkiye'den nas\u0131l oynayabilece\u011finizi g\u00f6sterelim.","breadcrumb":{"@id":"https:\/\/redfoxlotto.com\/tr\/oyna\/la-primitiva\/#breadcrumb"},"inLanguage":"tr","potentialAction":[{"@type":"ReadAction","target":["https:\/\/redfoxlotto.com\/tr\/oyna\/la-primitiva\/"]}]},{"@type":"ImageObject","inLanguage":"tr","@id":"https:\/\/redfoxlotto.com\/tr\/oyna\/la-primitiva\/#primaryimage","url":"https:\/\/content.redfoxlotto.com\/uploads\/sites\/9\/1_play_lotto_to_win.jpg","contentUrl":"https:\/\/content.redfoxlotto.com\/uploads\/sites\/9\/1_play_lotto_to_win.jpg"},{"@type":"BreadcrumbList","@id":"https:\/\/redfoxlotto.com\/tr\/oyna\/la-primitiva\/#breadcrumb","itemListElement":[{"@type":"ListItem","position":1,"name":"Home","item":"https:\/\/redfoxlotto.com\/tr\/"},{"@type":"ListItem","position":2,"name":"Uluslararas\u0131 piyangolara nas\u0131l kat\u0131l\u0131r\u0131m?","item":"https:\/\/redfoxlotto.com\/tr\/oyna\/"},{"@type":"ListItem","position":3,"name":"La Primitiva&#8217;ya nas\u0131l kat\u0131l\u0131r\u0131m?"}]},{"@type":"WebSite","@id":"https:\/\/redfoxlotto.com\/tr\/#website","url":"https:\/\/redfoxlotto.com\/tr\/","name":"Get Tickets for the World\u2019s largest jackpots","description":"Participate in worldwide lottery jackpots from any country","publisher":{"@id":"https:\/\/redfoxlotto.com\/tr\/#organization"},"potentialAction":[{"@type":"SearchAction","target":{"@type":"EntryPoint","urlTemplate":"https:\/\/redfoxlotto.com\/tr\/?s={search_term_string}"},"query-input":{"@type":"PropertyValueSpecification","valueRequired":true,"valueName":"search_term_string"}}],"inLanguage":"tr"},{"@type":"Organization","@id":"https:\/\/redfoxlotto.com\/tr\/#organization","name":"Get Tickets for the World\u2019s largest jackpots","url":"https:\/\/redfoxlotto.com\/tr\/","logo":{"@type":"ImageObject","inLanguage":"tr","@id":"https:\/\/redfoxlotto.com\/tr\/#\/schema\/logo\/image\/","url":"https:\/\/redfoxlotto.com\/wp-content\/uploads\/2023\/04\/logo.png","contentUrl":"https:\/\/redfoxlotto.com\/wp-content\/uploads\/2023\/04\/logo.png","width":269,"height":53,"caption":"Get Tickets for the World\u2019s largest jackpots"},"image":{"@id":"https:\/\/redfoxlotto.com\/tr\/#\/schema\/logo\/image\/"}}]}},"_links":{"self":[{"href":"https:\/\/redfoxlotto.com\/tr\/wp-json\/wp\/v2\/pages\/2919","targetHints":{"allow":["GET"]}}],"collection":[{"href":"https:\/\/redfoxlotto.com\/tr\/wp-json\/wp\/v2\/pages"}],"about":[{"href":"https:\/\/redfoxlotto.com\/tr\/wp-json\/wp\/v2\/types\/page"}],"author":[{"embeddable":true,"href":"https:\/\/redfoxlotto.com\/tr\/wp-json\/wp\/v2\/users\/1"}],"replies":[{"embeddable":true,"href":"https:\/\/redfoxlotto.com\/tr\/wp-json\/wp\/v2\/comments?post=2919"}],"version-history":[{"count":0,"href":"https:\/\/redfoxlotto.com\/tr\/wp-json\/wp\/v2\/pages\/2919\/revisions"}],"up":[{"embeddable":true,"href":"https:\/\/redfoxlotto.com\/tr\/wp-json\/wp\/v2\/pages\/2913"}],"wp:attachment":[{"href":"https:\/\/redfoxlotto.com\/tr\/wp-json\/wp\/v2\/media?parent=2919"}],"curies":[{"name":"wp","href":"https:\/\/api.w.org\/{rel}","templated":true}]}}