{"id":2918,"date":"2019-08-09T14:24:22","date_gmt":"2019-08-09T14:24:22","guid":{"rendered":"https:\/\/redfoxlotto.com\/?page_id=5308"},"modified":"2025-12-11T00:02:05","modified_gmt":"2025-12-11T00:02:05","slug":"lotto-fr","status":"publish","type":"page","link":"https:\/\/redfoxlotto.com\/tr\/oyna\/lotto-fr\/","title":{"rendered":"Frans\u0131z Piyango Oynay\u0131n"},"content":{"rendered":"<script type=\"application\/ld+json\">\r\n{\r\n\"@context\": \"https:\/\/schema.org\",\r\n\"@type\": \"Service\",\r\n\"name\": \"French Lotto online\",\r\n\"url\": \"https:\/\/redfoxlotto.com\/tr\/oyna\/lotto-fr\/\",\r\n\"description\": \"RedFoxLotto \u00fczerinden resmi Frans\u0131z Piyangosu biletlerini \u00e7evrim i\u00e7i sat\u0131n al\u0131n. Numaran\u0131z\u0131 se\u00e7in ve bir sonraki \u00e7ekili\u015fe kat\u0131l\u0131n.\",\r\n\"serviceType\": \"Online lottery ticket purchase\",\r\n\r\n\"provider\": {\r\n\"@type\": \"Organization\",\r\n\"name\": \"RedFoxLotto\",\r\n\"url\": \"https:\/\/redfoxlotto.com\",\r\n\"logo\": \"https:\/\/redfoxlotto.com\/wp-content\/uploads\/logo.png\"\r\n},\r\n\r\n\"areaServed\": \"Worldwide\",\r\n\"termsOfService\": \"https:\/\/redfoxlotto.com\/terms-and-conditions\",\r\n\r\n\"hasOfferCatalog\": {\r\n\"@type\": \"OfferCatalog\",\r\n\"name\": \"French Lotto Offers\",\r\n\"itemListElement\": [\r\n{\r\n\"@type\": \"Offer\",\r\n\"name\": \"Lotto French Lotto Ticket\",\r\n\"url\": \"https:\/\/redfoxlotto.com\/tr\/oyna\/lotto-fr\/\",\r\n\"description\": \"Bir sonraki Frans\u0131z Piyangosu \u00e7ekili\u015fi i\u00e7in bir kat\u0131l\u0131m.\",\r\n\"price\": \"6.00\",\r\n\"priceCurrency\": \"EUR\",\r\n\"availability\": \"https:\/\/schema.org\/InStock\",\r\n\r\n\"itemOffered\": {\r\n\"@type\": \"Service\",\r\n\"name\": \"French Lotto Lottery Entry\",\r\n\"description\": \"RedFoxLotto \u00fczerinden bir sonraki Frans\u0131z Piyangosu \u00e7ekili\u015fine kat\u0131l\u0131m.\"\r\n}\r\n}\r\n]\r\n},\r\n\r\n\"mainEntityOfPage\": {\r\n\"@type\": \"WebPage\",\r\n\"@id\": \"https:\/\/redfoxlotto.com\/tr\/oyna\/lotto-fr\/\"\r\n}\r\n}\r\n<\/script><p>Frans\u0131z piyangosu ile oynamaya ba\u015flayabilmek i\u00e7in internetten bir bilet sat\u0131n alman\u0131z gerekiyor ve bu bileti sat\u0131n almak \u00e7ok kolay. Elbette sizi Frans\u0131z piyangosuna ba\u011flayabilecek do\u011fru \u00e7evrimi\u00e7i hizmeti bulman\u0131z gerekecek. Ard\u0131ndan, sizi milyoner yapabilecek rakamlar\u0131 se\u00e7meniz gerekecek. Bu belirli oyun i\u00e7in, be\u015f say\u0131 ve bir bonus say\u0131 se\u00e7ene\u011finiz olacak. Orijinal be\u015fli\u011finizi se\u00e7ece\u011finiz s\u0131ra \u00f6nemli de\u011fildir, ancak bonusunuz olmas\u0131n\u0131 istedi\u011finiz say\u0131 konusunda dikkatli oldu\u011funuzdan emin olun. Bu do\u011fru olmal\u0131.<\/p><h2 class=\"wp-block-heading\">\u00c7evrimi\u00e7i Frans\u0131z Piyangosu Nas\u0131l Kazan\u0131l\u0131r<\/h2><p>Numaralar\u0131n\u0131z\u0131 se\u00e7tikten sonra s\u0131ra bekleme zaman\u0131d\u0131r ve bu genellikle en k\u00f6t\u00fc k\u0131s\u0131md\u0131r. Kesinlikle sadece beklemek ve ne olaca\u011f\u0131n\u0131 g\u00f6rmek istemezsiniz, ancak ger\u00e7ekten ba\u015fka se\u00e7enek de yoktur. Oyun, Pazartesi, \u00c7ar\u015famba ve Cumartesi g\u00fcnleri \u00e7izimlerle iki g\u00fcnde bir \u00e7ekilir, bu y\u00fczden uzun s\u00fcre beklemek zorunda kalmazs\u0131n\u0131z, ancak biraz sab\u0131rl\u0131 olman\u0131z gerekecek, \u00f6zellikle de sonu\u00e7lar\u0131 canl\u0131 izlemek ger\u00e7ekten olmad\u0131\u011f\u0131 i\u00e7in bir se\u00e7enek olacak. Bunun yerine, ne olaca\u011f\u0131n\u0131 g\u00f6rmek i\u00e7in biraz beklemeniz gerekecek.<\/p><p>\u00c7evrimi\u00e7i Frans\u0131z Piyango oynaman\u0131n bir\u00e7ok yolu vard\u0131r ve kesinlikle bu f\u0131rsat\u0131 ka\u00e7\u0131rmak istemezsiniz.<\/p>","protected":false},"excerpt":{"rendered":"<p>Frans\u0131z piyangosu ile oynamaya ba\u015flayabilmek i\u00e7in internetten bir bilet sat\u0131n alman\u0131z gerekiyor ve bu bileti sat\u0131n almak \u00e7ok kolay. Elbette sizi Frans\u0131z piyangosuna ba\u011flayabilecek do\u011fru \u00e7evrimi\u00e7i hizmeti bulman\u0131z gerekecek. Ard\u0131ndan, sizi milyoner yapabilecek rakamlar\u0131 se\u00e7meniz gerekecek. Bu belirli oyun i\u00e7in, be\u015f say\u0131 ve bir bonus say\u0131 se\u00e7ene\u011finiz olacak. Orijinal be\u015fli\u011finizi se\u00e7ece\u011finiz s\u0131ra \u00f6nemli de\u011fildir, ancak [&hellip;]<\/p>\n","protected":false},"author":1,"featured_media":0,"parent":2913,"menu_order":33,"comment_status":"closed","ping_status":"closed","template":"lotto-fr.php","meta":{"_et_pb_use_builder":"","_et_pb_old_content":"","_et_gb_content_width":"","exclude_from_search":false,"footnotes":""},"class_list":["post-2918","page","type-page","status-publish","hentry"],"yoast_head":"<!-- This site is optimized with the Yoast SEO plugin v27.3 - https:\/\/yoast.com\/product\/yoast-seo-wordpress\/ -->\n<title>Frans\u0131z Piyango \u00c7evrimi\u00e7i Nas\u0131l Oynan\u0131r<\/title>\n<meta name=\"description\" content=\"Frans\u0131z piyango oynamaya haz\u0131r oldu\u011funuzda, ba\u015flamak i\u00e7in do\u011fru yer buras\u0131d\u0131r.\" \/>\n<meta name=\"robots\" content=\"index, follow, max-snippet:-1, max-image-preview:large, max-video-preview:-1\" \/>\n<link rel=\"canonical\" href=\"https:\/\/redfoxlotto.com\/tr\/oyna\/lotto-fr\/\" \/>\n<meta property=\"og:locale\" content=\"tr_TR\" \/>\n<meta property=\"og:type\" content=\"article\" \/>\n<meta property=\"og:title\" content=\"Frans\u0131z Piyango \u00c7evrimi\u00e7i Nas\u0131l Oynan\u0131r\" \/>\n<meta property=\"og:description\" content=\"Frans\u0131z piyango oynamaya haz\u0131r oldu\u011funuzda, ba\u015flamak i\u00e7in do\u011fru yer buras\u0131d\u0131r.\" \/>\n<meta property=\"og:url\" content=\"https:\/\/redfoxlotto.com\/tr\/oyna\/lotto-fr\/\" \/>\n<meta property=\"og:site_name\" content=\"Get Tickets for the World\u2019s largest jackpots\" \/>\n<meta property=\"article:modified_time\" content=\"2025-12-11T00:02:05+00:00\" \/>\n<meta name=\"twitter:card\" content=\"summary_large_image\" \/>\n<meta name=\"twitter:label1\" content=\"Tahmini okuma s\u00fcresi\" \/>\n\t<meta name=\"twitter:data1\" content=\"1 dakika\" \/>\n<script type=\"application\/ld+json\" class=\"yoast-schema-graph\">{\"@context\":\"https:\\\/\\\/schema.org\",\"@graph\":[{\"@type\":\"WebPage\",\"@id\":\"https:\\\/\\\/redfoxlotto.com\\\/tr\\\/oyna\\\/lotto-fr\\\/\",\"url\":\"https:\\\/\\\/redfoxlotto.com\\\/tr\\\/oyna\\\/lotto-fr\\\/\",\"name\":\"Frans\u0131z Piyango \u00c7evrimi\u00e7i Nas\u0131l Oynan\u0131r\",\"isPartOf\":{\"@id\":\"https:\\\/\\\/redfoxlotto.com\\\/tr\\\/#website\"},\"datePublished\":\"2019-08-09T14:24:22+00:00\",\"dateModified\":\"2025-12-11T00:02:05+00:00\",\"description\":\"Frans\u0131z piyango oynamaya haz\u0131r oldu\u011funuzda, ba\u015flamak i\u00e7in do\u011fru yer buras\u0131d\u0131r.\",\"breadcrumb\":{\"@id\":\"https:\\\/\\\/redfoxlotto.com\\\/tr\\\/oyna\\\/lotto-fr\\\/#breadcrumb\"},\"inLanguage\":\"tr\",\"potentialAction\":[{\"@type\":\"ReadAction\",\"target\":[\"https:\\\/\\\/redfoxlotto.com\\\/tr\\\/oyna\\\/lotto-fr\\\/\"]}]},{\"@type\":\"BreadcrumbList\",\"@id\":\"https:\\\/\\\/redfoxlotto.com\\\/tr\\\/oyna\\\/lotto-fr\\\/#breadcrumb\",\"itemListElement\":[{\"@type\":\"ListItem\",\"position\":1,\"name\":\"Home\",\"item\":\"https:\\\/\\\/redfoxlotto.com\\\/tr\\\/\"},{\"@type\":\"ListItem\",\"position\":2,\"name\":\"Uluslararas\u0131 piyangolara nas\u0131l kat\u0131l\u0131r\u0131m?\",\"item\":\"https:\\\/\\\/redfoxlotto.com\\\/tr\\\/oyna\\\/\"},{\"@type\":\"ListItem\",\"position\":3,\"name\":\"Frans\u0131z Piyango Oynay\u0131n\"}]},{\"@type\":\"WebSite\",\"@id\":\"https:\\\/\\\/redfoxlotto.com\\\/tr\\\/#website\",\"url\":\"https:\\\/\\\/redfoxlotto.com\\\/tr\\\/\",\"name\":\"Get Tickets for the World\u2019s largest jackpots\",\"description\":\"Participate in worldwide lottery jackpots from any country\",\"publisher\":{\"@id\":\"https:\\\/\\\/redfoxlotto.com\\\/tr\\\/#organization\"},\"potentialAction\":[{\"@type\":\"SearchAction\",\"target\":{\"@type\":\"EntryPoint\",\"urlTemplate\":\"https:\\\/\\\/redfoxlotto.com\\\/tr\\\/?s={search_term_string}\"},\"query-input\":{\"@type\":\"PropertyValueSpecification\",\"valueRequired\":true,\"valueName\":\"search_term_string\"}}],\"inLanguage\":\"tr\"},{\"@type\":\"Organization\",\"@id\":\"https:\\\/\\\/redfoxlotto.com\\\/tr\\\/#organization\",\"name\":\"Get Tickets for the World\u2019s largest jackpots\",\"url\":\"https:\\\/\\\/redfoxlotto.com\\\/tr\\\/\",\"logo\":{\"@type\":\"ImageObject\",\"inLanguage\":\"tr\",\"@id\":\"https:\\\/\\\/redfoxlotto.com\\\/tr\\\/#\\\/schema\\\/logo\\\/image\\\/\",\"url\":\"https:\\\/\\\/redfoxlotto.com\\\/wp-content\\\/uploads\\\/2023\\\/04\\\/logo.png\",\"contentUrl\":\"https:\\\/\\\/redfoxlotto.com\\\/wp-content\\\/uploads\\\/2023\\\/04\\\/logo.png\",\"width\":269,\"height\":53,\"caption\":\"Get Tickets for the World\u2019s largest jackpots\"},\"image\":{\"@id\":\"https:\\\/\\\/redfoxlotto.com\\\/tr\\\/#\\\/schema\\\/logo\\\/image\\\/\"}}]}<\/script>\n<!-- \/ Yoast SEO plugin. -->","yoast_head_json":{"title":"Frans\u0131z Piyango \u00c7evrimi\u00e7i Nas\u0131l Oynan\u0131r","description":"Frans\u0131z piyango oynamaya haz\u0131r oldu\u011funuzda, ba\u015flamak i\u00e7in do\u011fru yer buras\u0131d\u0131r.","robots":{"index":"index","follow":"follow","max-snippet":"max-snippet:-1","max-image-preview":"max-image-preview:large","max-video-preview":"max-video-preview:-1"},"canonical":"https:\/\/redfoxlotto.com\/tr\/oyna\/lotto-fr\/","og_locale":"tr_TR","og_type":"article","og_title":"Frans\u0131z Piyango \u00c7evrimi\u00e7i Nas\u0131l Oynan\u0131r","og_description":"Frans\u0131z piyango oynamaya haz\u0131r oldu\u011funuzda, ba\u015flamak i\u00e7in do\u011fru yer buras\u0131d\u0131r.","og_url":"https:\/\/redfoxlotto.com\/tr\/oyna\/lotto-fr\/","og_site_name":"Get Tickets for the World\u2019s largest jackpots","article_modified_time":"2025-12-11T00:02:05+00:00","twitter_card":"summary_large_image","twitter_misc":{"Tahmini okuma s\u00fcresi":"1 dakika"},"schema":{"@context":"https:\/\/schema.org","@graph":[{"@type":"WebPage","@id":"https:\/\/redfoxlotto.com\/tr\/oyna\/lotto-fr\/","url":"https:\/\/redfoxlotto.com\/tr\/oyna\/lotto-fr\/","name":"Frans\u0131z Piyango \u00c7evrimi\u00e7i Nas\u0131l Oynan\u0131r","isPartOf":{"@id":"https:\/\/redfoxlotto.com\/tr\/#website"},"datePublished":"2019-08-09T14:24:22+00:00","dateModified":"2025-12-11T00:02:05+00:00","description":"Frans\u0131z piyango oynamaya haz\u0131r oldu\u011funuzda, ba\u015flamak i\u00e7in do\u011fru yer buras\u0131d\u0131r.","breadcrumb":{"@id":"https:\/\/redfoxlotto.com\/tr\/oyna\/lotto-fr\/#breadcrumb"},"inLanguage":"tr","potentialAction":[{"@type":"ReadAction","target":["https:\/\/redfoxlotto.com\/tr\/oyna\/lotto-fr\/"]}]},{"@type":"BreadcrumbList","@id":"https:\/\/redfoxlotto.com\/tr\/oyna\/lotto-fr\/#breadcrumb","itemListElement":[{"@type":"ListItem","position":1,"name":"Home","item":"https:\/\/redfoxlotto.com\/tr\/"},{"@type":"ListItem","position":2,"name":"Uluslararas\u0131 piyangolara nas\u0131l kat\u0131l\u0131r\u0131m?","item":"https:\/\/redfoxlotto.com\/tr\/oyna\/"},{"@type":"ListItem","position":3,"name":"Frans\u0131z Piyango Oynay\u0131n"}]},{"@type":"WebSite","@id":"https:\/\/redfoxlotto.com\/tr\/#website","url":"https:\/\/redfoxlotto.com\/tr\/","name":"Get Tickets for the World\u2019s largest jackpots","description":"Participate in worldwide lottery jackpots from any country","publisher":{"@id":"https:\/\/redfoxlotto.com\/tr\/#organization"},"potentialAction":[{"@type":"SearchAction","target":{"@type":"EntryPoint","urlTemplate":"https:\/\/redfoxlotto.com\/tr\/?s={search_term_string}"},"query-input":{"@type":"PropertyValueSpecification","valueRequired":true,"valueName":"search_term_string"}}],"inLanguage":"tr"},{"@type":"Organization","@id":"https:\/\/redfoxlotto.com\/tr\/#organization","name":"Get Tickets for the World\u2019s largest jackpots","url":"https:\/\/redfoxlotto.com\/tr\/","logo":{"@type":"ImageObject","inLanguage":"tr","@id":"https:\/\/redfoxlotto.com\/tr\/#\/schema\/logo\/image\/","url":"https:\/\/redfoxlotto.com\/wp-content\/uploads\/2023\/04\/logo.png","contentUrl":"https:\/\/redfoxlotto.com\/wp-content\/uploads\/2023\/04\/logo.png","width":269,"height":53,"caption":"Get Tickets for the World\u2019s largest jackpots"},"image":{"@id":"https:\/\/redfoxlotto.com\/tr\/#\/schema\/logo\/image\/"}}]}},"_links":{"self":[{"href":"https:\/\/redfoxlotto.com\/tr\/wp-json\/wp\/v2\/pages\/2918","targetHints":{"allow":["GET"]}}],"collection":[{"href":"https:\/\/redfoxlotto.com\/tr\/wp-json\/wp\/v2\/pages"}],"about":[{"href":"https:\/\/redfoxlotto.com\/tr\/wp-json\/wp\/v2\/types\/page"}],"author":[{"embeddable":true,"href":"https:\/\/redfoxlotto.com\/tr\/wp-json\/wp\/v2\/users\/1"}],"replies":[{"embeddable":true,"href":"https:\/\/redfoxlotto.com\/tr\/wp-json\/wp\/v2\/comments?post=2918"}],"version-history":[{"count":0,"href":"https:\/\/redfoxlotto.com\/tr\/wp-json\/wp\/v2\/pages\/2918\/revisions"}],"up":[{"embeddable":true,"href":"https:\/\/redfoxlotto.com\/tr\/wp-json\/wp\/v2\/pages\/2913"}],"wp:attachment":[{"href":"https:\/\/redfoxlotto.com\/tr\/wp-json\/wp\/v2\/media?parent=2918"}],"curies":[{"name":"wp","href":"https:\/\/api.w.org\/{rel}","templated":true}]}}