{"id":2917,"date":"2022-10-26T09:30:02","date_gmt":"2022-10-26T09:30:02","guid":{"rendered":"https:\/\/redfoxlotto.com\/?page_id=5306"},"modified":"2025-12-17T08:18:41","modified_gmt":"2025-12-17T08:18:41","slug":"euromillions","status":"publish","type":"page","link":"https:\/\/redfoxlotto.com\/tr\/oyna\/euromillions\/","title":{"rendered":"T\u00fcrkiye&#8217;den Euromillions nas\u0131l oynan\u0131r?"},"content":{"rendered":"<script type=\"application\/ld+json\">\r\n{\r\n  \"@context\": \"https:\/\/schema.org\",\r\n  \"@type\": \"Service\",\r\n  \"name\": \"Euromillions Online Oyna\",\r\n  \"url\": \"https:\/\/redfoxlotto.com\/tr\/oyna\/euromillions\/\",\r\n  \"description\": \"Herhangi bir \u00fclkeden Euromillions piyangosunu online oynay\u0131n. RedFoxLotto'yu ziyaret edin, numaralar\u0131n\u0131z\u0131 se\u00e7in ve biletlerinizi al\u0131n.\",\r\n  \"serviceType\": \"Online lottery ticket messenger service\",\r\n  \"provider\": {\r\n    \"@type\": \"Organization\",\r\n    \"name\": \"RedFoxLotto\",\r\n    \"url\": \"https:\/\/redfoxlotto.com\/tr\/\",\r\n    \"image\": \"https:\/\/redfoxlotto.com\/wp-content\/uploads\/2025\/12\/ticket_scans.jpg\",\r\n    \"sameAs\": []\r\n  },\r\n  \"areaServed\": \"Worldwide\",\r\n  \"termsOfService\": \"https:\/\/redfoxlotto.com\/terms-and-conditions\",\r\n  \"additionalProperty\": {\r\n    \"@type\": \"PropertyValue\",\r\n    \"name\": \"FAQ\",\r\n    \"value\": \"https:\/\/redfoxlotto.com\/tr\/faq\/\"\r\n  },\r\n  \"hasOfferCatalog\": {\r\n    \"@type\": \"OfferCatalog\",\r\n    \"name\": \"Euromillions Piyango Biletleri\",\r\n    \"itemListElement\": [\r\n      {\r\n        \"@type\": \"Offer\",\r\n        \"name\": \"Euromillions Biletleri\",\r\n        \"url\": \"https:\/\/redfoxlotto.com\/tr\/oyna\/euromillions\/\",\r\n        \"description\": \"Bir sonraki Euromillions \u00e7ekili\u015fi i\u00e7in numaralar\u0131n\u0131z\u0131 se\u00e7mek i\u00e7in buraya t\u0131klay\u0131n \u2013 biletlerinizi online sipari\u015f edin.\",\r\n        \"price\": \"7.00\",\r\n        \"priceCurrency\": \"EUR\",\r\n        \"availability\": \"https:\/\/schema.org\/InStock\",\r\n        \"itemOffered\": {\r\n          \"@type\": \"Service\",\r\n          \"name\": \"Euromillions Piyango Biletleri\",\r\n          \"description\": \"RedFoxLotto \u00fczerinden bir sonraki Euromillions \u00e7ekili\u015fine kat\u0131l\u0131n.\"\r\n        }\r\n      }\r\n    ]\r\n  },\r\n  \"mainEntityOfPage\": {\r\n    \"@type\": \"WebPage\",\r\n    \"@id\": \"https:\/\/redfoxlotto.com\/tr\/oyna\/euromillions\/\"\r\n  }\r\n}\r\n<\/script><p>EuroMillions&#8217;\u0131 ger\u00e7ekten hi\u00e7 duydunuz mu? E\u011fer bir Avrupa \u00fclkesinde ya\u015f\u0131yorsan\u0131z kesinlikle duymu\u015fsunuzdur. Ancak T\u00fcrkiye&#8217;de ya\u015f\u0131yorsan\u0131z, duymam\u0131\u015f olabilirsiniz. \u00d6yleyse, EuroMillions&#8217;u \u00e7evrimi\u00e7i olarak nas\u0131l oynayaca\u011f\u0131m\u0131za biraz daha yak\u0131ndan bakal\u0131m, olur mu?<\/p>\r\n<p>EuroMillions, dokuz Avrupa \u00fclkesinde oynanabilen uluslararas\u0131 bir piyangodur. Bu, halihaz\u0131rda bilet sat\u0131n alabilece\u011finiz bir \u00fclkede ya\u015f\u0131yor olabilece\u011finiz anlam\u0131na gelir. Ancak EuroMillions piyangosu i\u00e7in biletler di\u011fer \u00fclkelerdeki ma\u011fazalardan sat\u0131n al\u0131namaz ve buna T\u00fcrkiye de dahildir.<\/p>\r\n<p>\u015eimdi, kesinlikle bu konuda bir \u015feyler yapmak isteyeceksiniz \u00e7\u00fcnk\u00fc Eurojackpot&#8217;un yan\u0131 s\u0131ra EuroMillions Avrupa&#8217;daki en b\u00fcy\u00fck piyangodur. Piyango 2004 y\u0131l\u0131nda kuruldu ve \u015fimdiye kadarki rekor ikramiye 190 milyon Avro&#8217;dur. Ekim 2014&#8217;te bilinmeyen tek bir oyuncu taraf\u0131ndan kazan\u0131lm\u0131\u015ft\u0131r. Bu kesinlikle en az\u0131ndan bir \u015fans\u0131n\u0131z\u0131n olmas\u0131n\u0131 isteyece\u011finiz bir \u015fey, de\u011fil mi?<\/p>\r\n<p>EuroMillions&#8217;\u0131 neredeyse kazand\u0131\u011f\u0131n\u0131z\u0131 s\u00f6yleyebilmek ister misiniz? \u0130\u015fte bu y\u00fczden biletleri hakk\u0131nda daha fazla bilgi sahibi olman\u0131z gerekecek.<\/p>\r\n<p>EuroMillions loto \u00e7ekili\u015fleri Sal\u0131 ve Cuma g\u00fcnleri Paris&#8217;te ger\u00e7ekle\u015fir. B\u00fcy\u00fck ikramiyeyi kazanmak i\u00e7in bir biletin 1&#8217;den 50&#8217;ye kadar 5 say\u0131y\u0131 ve 1 ile 12 aras\u0131nda bir say\u0131 olan &#8220;\u015fansl\u0131 y\u0131ld\u0131z\u0131&#8221; do\u011fru olarak g\u00f6stermesi gerekir. Elbette ba\u015fka kazanma kademeleri de vard\u0131r. En k\u00fc\u00e7\u00fck kazan\u00e7 i\u00e7in 5 ana say\u0131dan 2&#8217;sini do\u011fru i\u015faretlemi\u015f olman\u0131z gerekir.<\/p>\r\n<p><img loading=\"lazy\" decoding=\"async\" class=\"wp-image-4203 alignright\" src=\"https:\/\/content.redfoxlotto.com\/uploads\/sites\/9\/2_ticket_euromillions.jpg\" alt=\"euromillions online\" width=\"156\" height=\"416\" \/><\/p>\r\n<p>T\u00fcm bunlar, bir \u015fey kazanma \u015fans\u0131n\u0131z\u0131n ger\u00e7ekten y\u00fcksek olaca\u011f\u0131 anlam\u0131na gelir \u00e7\u00fcnk\u00fc bir \u00f6d\u00fcl kazanmak i\u00e7in yaln\u0131zca 2 say\u0131y\u0131 e\u015fle\u015ftirmeniz gerekir. Ve daha k\u00fc\u00e7\u00fck bir \u00f6d\u00fcl bile kazand\u0131\u011f\u0131n\u0131zda, yeni bir bilet sat\u0131n almak ve bir sonraki \u00e7ekili\u015f i\u00e7in tekrar denemek i\u00e7in ihtiyac\u0131n\u0131z olan paraya sahip olacaks\u0131n\u0131z.<\/p>\r\n<h2>T\u00fcrkiye&#8217;den online bilet sat\u0131n alma nas\u0131l i\u015fliyor?<\/h2>\r\n<p>Biletlerinizi sat\u0131n almak ve T\u00fcrkiye&#8217;den \u00e7evrimi\u00e7i EuroMillions oynamak i\u00e7in tek yapman\u0131z gereken web sitemizdeki EuroMillions&#8217;a t\u0131klamak. Oradan, bu bileti almak i\u00e7in yapman\u0131z gerekenlerin ad\u0131mlar\u0131 boyunca y\u00f6nlendirileceksiniz. Numaralar\u0131n\u0131z\u0131, istedi\u011finiz herhangi bir numaray\u0131 (kurallara uygun olduklar\u0131 s\u00fcrece) se\u00e7ersiniz. Ayr\u0131ca bir &#8220;H\u0131zl\u0131 Se\u00e7im&#8221; i\u015flevi de mevcuttur.<\/p>\r\n<p>Tek bir fare t\u0131klamas\u0131yla, say\u0131lar\u0131n\u0131z\u0131 rastgele bir say\u0131 \u00fcreticisinin belirlemesini sa\u011flayabilirsiniz. \u0130sterseniz se\u00e7ilen say\u0131lar\u0131 manuel olarak de\u011fi\u015ftirebilirsiniz, b\u00f6ylece kendi se\u00e7ti\u011finiz say\u0131lar ile sizin i\u00e7in rastgele se\u00e7ilen say\u0131lar\u0131n bir kombinasyonunu elde edersiniz. Ard\u0131ndan, sepetinize diledi\u011finiz kadar bilet ekleyin, b\u00f6ylece sat\u0131n almaya haz\u0131r olursunuz.<\/p>\r\n<p>Dilerseniz sipari\u015finize daha fazla bilet ekleyebilirsiniz. Sipari\u015finiz di\u011fer piyangolara ait biletleri de i\u00e7erebilir. M\u00fc\u015fterilerimizin \u00e7o\u011fu ayn\u0131 anda birden fazla uluslararas\u0131 piyango etkinli\u011fi oynamaktad\u0131r. \u00c7o\u011fu ki\u015fi piyangolar\u0131n\u0131 mevcut ikramiye b\u00fcy\u00fckl\u00fc\u011f\u00fcne g\u00f6re se\u00e7er ve muhtemelen EuroMillions&#8217;u da burada bulacaks\u0131n\u0131z. B\u00fcy\u00fck ikramiye kesinlikle genellikle ger\u00e7ekten iyi gidiyor ve kendiniz g\u00f6rmek (ve kat\u0131lmak) isteyece\u011finiz bir \u015fey.<\/p>\r\n<p>Ard\u0131ndan, sat\u0131n alma i\u015flemini tamamlamak ve \u00e7evrimi\u00e7i \u00f6deme yapmak i\u00e7in web sitemizdeki talimatlar\u0131 izleyin. Bizde bir hesab\u0131n\u0131z olmasa bile biletinizi sadece birka\u00e7 dakika i\u00e7inde alabilirsiniz. Ba\u015flamay\u0131 ger\u00e7ekten bu kadar kolay hale getiriyoruz.<\/p>\r\n<h2>Euromillions gibi uluslararas\u0131 piyangolar\u0131 \u00e7evrimi\u00e7i oynaman\u0131n avantajlar\u0131<\/h2>\r\n<p>Kolayl\u0131k bir yana, uluslararas\u0131 piyango ikramiyeleri oynaman\u0131n en b\u00fcy\u00fck avantajlar\u0131ndan biri de budur. Yaln\u0131zca ikramiyeleri \u015fu anda yeterince y\u00fcksek olan piyangolar i\u00e7in bilet sat\u0131n alarak piyango paran\u0131z\u0131 daha karl\u0131 bir \u015fekilde kullanabilirsiniz. \u00dclkenizdeki milli piyango ikramiyesinin yeterince y\u00fcksek olmas\u0131 i\u00e7in haftalarca beklemenize gerek yok. \u0130stedi\u011finiz zaman \u00e7evrimi\u00e7i olarak \u00e7ok daha b\u00fcy\u00fck bir ikramiye se\u00e7ebilirsiniz. Asl\u0131nda, d\u00fcnyan\u0131n \u00e7o\u011fu \u00fclkesinde, d\u00fcnya \u00e7ap\u0131ndaki en b\u00fcy\u00fck piyangolar\u0131n sahip oldu\u011fu ikramiyelerin bir k\u0131sm\u0131na bile asla ula\u015famayan piyangolar vard\u0131r.<\/p>\r\n<p>En b\u00fcy\u00fck \u00f6d\u00fcllerden baz\u0131lar\u0131na ger\u00e7ekten sahip olmak isteyenler i\u00e7in bu kesinlikle hepsinin en iyi k\u0131sm\u0131d\u0131r. T\u00fcrkiye&#8217;deki pek \u00e7ok piyangonun ba\u015flad\u0131\u011f\u0131 k\u00fc\u00e7\u00fck miktarlar yerine milyonlar kazanma \u015fans\u0131na sahip olmak istiyorsunuz. Elbette kazanmak g\u00fczeldir. Ancak sadece istedi\u011finiz bir sonraki bileti alman\u0131z\u0131 sa\u011flayacak bir \u015fey kazanmak yerine hayat\u0131n\u0131z\u0131 ger\u00e7ekten de\u011fi\u015ftirecek bir \u015fey kazan\u0131yorsan\u0131z kazanmak daha da g\u00fczel olacakt\u0131r.<\/p>\r\n<p><img loading=\"lazy\" decoding=\"async\" class=\"alignright size-full wp-image-4215\" src=\"https:\/\/content.redfoxlotto.com\/uploads\/sites\/9\/1_play_onlinelottery4.jpg\" alt=\"Spela online\" width=\"231\" height=\"130\" \/><\/p>\r\n<p>Haftada iki \u00e7ekili\u015f olmas\u0131 nedeniyle, EuroMillions ikramiyesi olduk\u00e7a h\u0131zl\u0131 artmaktad\u0131r. Bu nedenle, biletlerinizin art arda birka\u00e7 \u00e7ekili\u015fe kat\u0131lmas\u0131n\u0131 sa\u011flama se\u00e7ene\u011fini etkinle\u015ftirmeyi d\u00fc\u015f\u00fcnebilirsiniz. Bu, \u00e7evrimi\u00e7i sat\u0131n alma i\u015fleminiz s\u0131ras\u0131nda yap\u0131labilir.<\/p>\r\n<p>Sipari\u015f tamamlanmadan \u00f6nce bu se\u00e7ene\u011fi kullanabilirsiniz. B\u00f6ylece bir sonraki \u00e7ekili\u015fte bir sonraki en y\u00fcksek ikramiye i\u00e7in her zaman oyunda kal\u0131rs\u0131n\u0131z. Bir sonraki \u00e7ekili\u015fte ana \u00f6d\u00fcl i\u00e7in bir kazanan olmayabilir, ancak belki de ondan sonraki \u00e7ekili\u015f sizin \u015fansl\u0131 \u015fans\u0131n\u0131z olacakt\u0131r.<\/p>\r\n<p>Tek bir bilet i\u00e7in ek \u00e7ekili\u015fler sat\u0131n al\u0131rsan\u0131z, bu ayn\u0131 zamanda biraz daha uzun s\u00fcre daha fazla bilet alma konusunda endi\u015felenmenize gerek olmad\u0131\u011f\u0131 anlam\u0131na gelir. Sadece bekleyebilir ve mevcut biletinizin ne yapt\u0131\u011f\u0131n\u0131 ve sizin i\u00e7in nas\u0131l b\u00fcy\u00fck bir kazan\u00e7 sa\u011flayaca\u011f\u0131n\u0131 g\u00f6rebilirsiniz. Bu \u00e7ok basit ve olas\u0131 \u00f6demeyi g\u00f6rd\u00fc\u011f\u00fcn\u00fczde sizi fazlas\u0131yla mutlu edecek.<\/p>\r\n<p>EuroMillions biletleri Birle\u015fik Krall\u0131k&#8217;ta sat\u0131n al\u0131nd\u0131\u011f\u0131 i\u00e7in oyuncular biraz daha fazla \u00f6demektedir. Bunun nedeni, Birle\u015fik Krall\u0131k biletlerinin 1 milyon \u00a3 \u00f6d\u00fcl kazanmak i\u00e7in ekstra bir f\u0131rsat sa\u011flayan Milyoner Yap\u0131c\u0131 \u00e7ekili\u015fine otomatik bir giri\u015fle birlikte gelmesidir.<\/p>\r\n<p>Milyoner Yap\u0131c\u0131, sat\u0131n al\u0131nan her bilet i\u00e7in benzersiz bir kod \u00fcreterek \u00e7al\u0131\u015f\u0131r. Bu kod d\u00f6rt harf ve ard\u0131ndan gelen be\u015f rakamdan olu\u015fur (\u00f6rne\u011fin, ABCD12345). Her \u00e7ekili\u015fte, bu kodlardan bir veya daha fazlas\u0131 rastgele se\u00e7ilir ve e\u015fle\u015fen koda sahip bilet sahibi, \u00e7ekilen ana EuroMillions say\u0131lar\u0131ndan ba\u011f\u0131ms\u0131z olarak an\u0131nda 1 milyon \u00a3 kazan\u0131r.<\/p>\r\n<p>Bu \u00f6zellik, Birle\u015fik Krall\u0131k&#8217;ta EuroMillions oynamay\u0131 \u00f6zellikle cazip hale getirmektedir, \u00e7\u00fcnk\u00fc standart ikramiyenin ve alt kademe \u00f6d\u00fcllerin \u00f6tesinde \u00f6nemli bir \u00f6d\u00fcl kazanmak i\u00e7in ekstra bir f\u0131rsat sunmaktad\u0131r.<\/p>\r\n<p>\u00d6yleyse, T\u00fcrkiye&#8217;deki yerel piyangonuzdaki ikramiye \u015fu anda o kadar \u00e7ekici de\u011filse, neden \u015fans\u0131n\u0131z\u0131 denemiyorsunuz ve \u00e7evrimi\u00e7i EuroMillions oynam\u0131yorsunuz? Ne i\u00e7in yar\u0131\u015faca\u011f\u0131n\u0131z\u0131 veya ne kazanabilece\u011finizi asla bilemezsiniz. Ve t\u00fcm s\u00fcreci ba\u015flatmak \u00e7ok kolay. Jackpotlar\u0131 100 milyonun \u00fczerinde olan tamamen yeni bir oyuna g\u00f6z atarak kaybedecek neyiniz var? Kesinlikle hi\u00e7bir \u015fey! Ve bir sonraki \u00e7ekili\u015fte \u00e7ok b\u00fcy\u00fck bir \u015fey kazanabilirsiniz.<\/p>\r\n<section class=\"layout\" style=\"border: solid 1px; width: 100%;\">\r\n<div class=\"img-div\" style=\"margin-top: 5px;\"><img decoding=\"async\" class=\"wp-image-17212 alignleft\" style=\"height: 45px; margin: 8px 8px 0px;\" src=\"https:\/\/redfoxlotto.com\/wp-content\/uploads\/sites\/9\/read1.jpg\" alt=\"k\u00f6p lotteri online\" width=\"\" height=\"\" \/><\/div>\r\n<div style=\"padding-left: 5px;\">\r\n<div style=\"font-size: 1.1em;\"><strong>St\u00f6rsta lotterijackpottar som gjort historia<\/strong>\r\n<p style=\"font-size: 0.8em; margin-top: .5em;\">L\u00e4s om n\u00e5gra av de st\u00f6rsta lotterijackpottvinsterna i historien som f\u00f6r\u00e4ndrade livet f\u00f6r vinnarna \u00f6ver en natt. <a href=\"https:\/\/redfoxlotto.com\/tr\/tarihteki-en-bujuk-piyango-ikramiyeleri\/\">L\u00e4s mer<\/a><\/p>\r\n<\/div>\r\n<\/div>\r\n<\/section>","protected":false},"excerpt":{"rendered":"<p>EuroMillions&#8217;\u0131 ger\u00e7ekten hi\u00e7 duydunuz mu? E\u011fer bir Avrupa \u00fclkesinde ya\u015f\u0131yorsan\u0131z kesinlikle duymu\u015fsunuzdur. Ancak T\u00fcrkiye&#8217;de ya\u015f\u0131yorsan\u0131z, duymam\u0131\u015f olabilirsiniz. \u00d6yleyse, EuroMillions&#8217;u \u00e7evrimi\u00e7i olarak nas\u0131l oynayaca\u011f\u0131m\u0131za biraz daha yak\u0131ndan bakal\u0131m, olur mu? EuroMillions, dokuz Avrupa \u00fclkesinde oynanabilen uluslararas\u0131 bir piyangodur. Bu, halihaz\u0131rda bilet sat\u0131n alabilece\u011finiz bir \u00fclkede ya\u015f\u0131yor olabilece\u011finiz anlam\u0131na gelir. Ancak EuroMillions piyangosu i\u00e7in biletler di\u011fer \u00fclkelerdeki [&hellip;]<\/p>\n","protected":false},"author":1,"featured_media":0,"parent":2913,"menu_order":3,"comment_status":"closed","ping_status":"closed","template":"euromillions.php","meta":{"_et_pb_use_builder":"","_et_pb_old_content":"","_et_gb_content_width":"","exclude_from_search":false,"footnotes":""},"class_list":["post-2917","page","type-page","status-publish","hentry"],"yoast_head":"<!-- This site is optimized with the Yoast SEO plugin v23.8 - https:\/\/yoast.com\/wordpress\/plugins\/seo\/ -->\n<title>Euromillions&#039;\u0131 T\u00fcrkiye&#039;den online oynay\u0131n | Avrupa&#039;n\u0131n en b\u00fcy\u00fck lotosu<\/title>\n<meta name=\"description\" content=\"Lotto fans fr\u00e5n Turkiet kan spela Euromillions online nu - kolla v\u00e5r tj\u00e4nst f\u00f6r Euromillions biljett\" \/>\n<meta name=\"robots\" content=\"index, follow, max-snippet:-1, max-image-preview:large, max-video-preview:-1\" \/>\n<link rel=\"canonical\" href=\"https:\/\/redfoxlotto.com\/tr\/oyna\/euromillions\/\" \/>\n<meta property=\"og:locale\" content=\"tr_TR\" \/>\n<meta property=\"og:type\" content=\"article\" \/>\n<meta property=\"og:title\" content=\"Euromillions&#039;\u0131 T\u00fcrkiye&#039;den online oynay\u0131n | Avrupa&#039;n\u0131n en b\u00fcy\u00fck lotosu\" \/>\n<meta property=\"og:description\" content=\"Lotto fans fr\u00e5n Turkiet kan spela Euromillions online nu - kolla v\u00e5r tj\u00e4nst f\u00f6r Euromillions biljett\" \/>\n<meta property=\"og:url\" content=\"https:\/\/redfoxlotto.com\/tr\/oyna\/euromillions\/\" \/>\n<meta property=\"og:site_name\" content=\"Get Tickets for the World\u2019s largest jackpots\" \/>\n<meta property=\"article:modified_time\" content=\"2025-12-17T08:18:41+00:00\" \/>\n<meta property=\"og:image\" content=\"https:\/\/content.redfoxlotto.com\/uploads\/sites\/9\/2_ticket_euromillions.jpg\" \/>\n<meta name=\"twitter:card\" content=\"summary_large_image\" \/>\n<meta name=\"twitter:label1\" content=\"Tahmini okuma s\u00fcresi\" \/>\n\t<meta name=\"twitter:data1\" content=\"5 dakika\" \/>\n<script type=\"application\/ld+json\" class=\"yoast-schema-graph\">{\"@context\":\"https:\/\/schema.org\",\"@graph\":[{\"@type\":\"WebPage\",\"@id\":\"https:\/\/redfoxlotto.com\/tr\/oyna\/euromillions\/\",\"url\":\"https:\/\/redfoxlotto.com\/tr\/oyna\/euromillions\/\",\"name\":\"Euromillions'\u0131 T\u00fcrkiye'den online oynay\u0131n | Avrupa'n\u0131n en b\u00fcy\u00fck lotosu\",\"isPartOf\":{\"@id\":\"https:\/\/redfoxlotto.com\/tr\/#website\"},\"primaryImageOfPage\":{\"@id\":\"https:\/\/redfoxlotto.com\/tr\/oyna\/euromillions\/#primaryimage\"},\"image\":{\"@id\":\"https:\/\/redfoxlotto.com\/tr\/oyna\/euromillions\/#primaryimage\"},\"thumbnailUrl\":\"https:\/\/content.redfoxlotto.com\/uploads\/sites\/9\/2_ticket_euromillions.jpg\",\"datePublished\":\"2022-10-26T09:30:02+00:00\",\"dateModified\":\"2025-12-17T08:18:41+00:00\",\"description\":\"Lotto fans fr\u00e5n Turkiet kan spela Euromillions online nu - kolla v\u00e5r tj\u00e4nst f\u00f6r Euromillions biljett\",\"breadcrumb\":{\"@id\":\"https:\/\/redfoxlotto.com\/tr\/oyna\/euromillions\/#breadcrumb\"},\"inLanguage\":\"tr\",\"potentialAction\":[{\"@type\":\"ReadAction\",\"target\":[\"https:\/\/redfoxlotto.com\/tr\/oyna\/euromillions\/\"]}]},{\"@type\":\"ImageObject\",\"inLanguage\":\"tr\",\"@id\":\"https:\/\/redfoxlotto.com\/tr\/oyna\/euromillions\/#primaryimage\",\"url\":\"https:\/\/content.redfoxlotto.com\/uploads\/sites\/9\/2_ticket_euromillions.jpg\",\"contentUrl\":\"https:\/\/content.redfoxlotto.com\/uploads\/sites\/9\/2_ticket_euromillions.jpg\"},{\"@type\":\"BreadcrumbList\",\"@id\":\"https:\/\/redfoxlotto.com\/tr\/oyna\/euromillions\/#breadcrumb\",\"itemListElement\":[{\"@type\":\"ListItem\",\"position\":1,\"name\":\"Home\",\"item\":\"https:\/\/redfoxlotto.com\/tr\/\"},{\"@type\":\"ListItem\",\"position\":2,\"name\":\"Uluslararas\u0131 piyangolara nas\u0131l kat\u0131l\u0131r\u0131m?\",\"item\":\"https:\/\/redfoxlotto.com\/tr\/oyna\/\"},{\"@type\":\"ListItem\",\"position\":3,\"name\":\"T\u00fcrkiye&#8217;den Euromillions nas\u0131l oynan\u0131r?\"}]},{\"@type\":\"WebSite\",\"@id\":\"https:\/\/redfoxlotto.com\/tr\/#website\",\"url\":\"https:\/\/redfoxlotto.com\/tr\/\",\"name\":\"Get Tickets for the World\u2019s largest jackpots\",\"description\":\"Participate in worldwide lottery jackpots from any country\",\"publisher\":{\"@id\":\"https:\/\/redfoxlotto.com\/tr\/#organization\"},\"potentialAction\":[{\"@type\":\"SearchAction\",\"target\":{\"@type\":\"EntryPoint\",\"urlTemplate\":\"https:\/\/redfoxlotto.com\/tr\/?s={search_term_string}\"},\"query-input\":{\"@type\":\"PropertyValueSpecification\",\"valueRequired\":true,\"valueName\":\"search_term_string\"}}],\"inLanguage\":\"tr\"},{\"@type\":\"Organization\",\"@id\":\"https:\/\/redfoxlotto.com\/tr\/#organization\",\"name\":\"Get Tickets for the World\u2019s largest jackpots\",\"url\":\"https:\/\/redfoxlotto.com\/tr\/\",\"logo\":{\"@type\":\"ImageObject\",\"inLanguage\":\"tr\",\"@id\":\"https:\/\/redfoxlotto.com\/tr\/#\/schema\/logo\/image\/\",\"url\":\"https:\/\/redfoxlotto.com\/wp-content\/uploads\/2023\/04\/logo.png\",\"contentUrl\":\"https:\/\/redfoxlotto.com\/wp-content\/uploads\/2023\/04\/logo.png\",\"width\":269,\"height\":53,\"caption\":\"Get Tickets for the World\u2019s largest jackpots\"},\"image\":{\"@id\":\"https:\/\/redfoxlotto.com\/tr\/#\/schema\/logo\/image\/\"}}]}<\/script>\n<!-- \/ Yoast SEO plugin. -->","yoast_head_json":{"title":"Euromillions'\u0131 T\u00fcrkiye'den online oynay\u0131n | Avrupa'n\u0131n en b\u00fcy\u00fck lotosu","description":"Lotto fans fr\u00e5n Turkiet kan spela Euromillions online nu - kolla v\u00e5r tj\u00e4nst f\u00f6r Euromillions biljett","robots":{"index":"index","follow":"follow","max-snippet":"max-snippet:-1","max-image-preview":"max-image-preview:large","max-video-preview":"max-video-preview:-1"},"canonical":"https:\/\/redfoxlotto.com\/tr\/oyna\/euromillions\/","og_locale":"tr_TR","og_type":"article","og_title":"Euromillions'\u0131 T\u00fcrkiye'den online oynay\u0131n | Avrupa'n\u0131n en b\u00fcy\u00fck lotosu","og_description":"Lotto fans fr\u00e5n Turkiet kan spela Euromillions online nu - kolla v\u00e5r tj\u00e4nst f\u00f6r Euromillions biljett","og_url":"https:\/\/redfoxlotto.com\/tr\/oyna\/euromillions\/","og_site_name":"Get Tickets for the World\u2019s largest jackpots","article_modified_time":"2025-12-17T08:18:41+00:00","og_image":[{"url":"https:\/\/content.redfoxlotto.com\/uploads\/sites\/9\/2_ticket_euromillions.jpg"}],"twitter_card":"summary_large_image","twitter_misc":{"Tahmini okuma s\u00fcresi":"5 dakika"},"schema":{"@context":"https:\/\/schema.org","@graph":[{"@type":"WebPage","@id":"https:\/\/redfoxlotto.com\/tr\/oyna\/euromillions\/","url":"https:\/\/redfoxlotto.com\/tr\/oyna\/euromillions\/","name":"Euromillions'\u0131 T\u00fcrkiye'den online oynay\u0131n | Avrupa'n\u0131n en b\u00fcy\u00fck lotosu","isPartOf":{"@id":"https:\/\/redfoxlotto.com\/tr\/#website"},"primaryImageOfPage":{"@id":"https:\/\/redfoxlotto.com\/tr\/oyna\/euromillions\/#primaryimage"},"image":{"@id":"https:\/\/redfoxlotto.com\/tr\/oyna\/euromillions\/#primaryimage"},"thumbnailUrl":"https:\/\/content.redfoxlotto.com\/uploads\/sites\/9\/2_ticket_euromillions.jpg","datePublished":"2022-10-26T09:30:02+00:00","dateModified":"2025-12-17T08:18:41+00:00","description":"Lotto fans fr\u00e5n Turkiet kan spela Euromillions online nu - kolla v\u00e5r tj\u00e4nst f\u00f6r Euromillions biljett","breadcrumb":{"@id":"https:\/\/redfoxlotto.com\/tr\/oyna\/euromillions\/#breadcrumb"},"inLanguage":"tr","potentialAction":[{"@type":"ReadAction","target":["https:\/\/redfoxlotto.com\/tr\/oyna\/euromillions\/"]}]},{"@type":"ImageObject","inLanguage":"tr","@id":"https:\/\/redfoxlotto.com\/tr\/oyna\/euromillions\/#primaryimage","url":"https:\/\/content.redfoxlotto.com\/uploads\/sites\/9\/2_ticket_euromillions.jpg","contentUrl":"https:\/\/content.redfoxlotto.com\/uploads\/sites\/9\/2_ticket_euromillions.jpg"},{"@type":"BreadcrumbList","@id":"https:\/\/redfoxlotto.com\/tr\/oyna\/euromillions\/#breadcrumb","itemListElement":[{"@type":"ListItem","position":1,"name":"Home","item":"https:\/\/redfoxlotto.com\/tr\/"},{"@type":"ListItem","position":2,"name":"Uluslararas\u0131 piyangolara nas\u0131l kat\u0131l\u0131r\u0131m?","item":"https:\/\/redfoxlotto.com\/tr\/oyna\/"},{"@type":"ListItem","position":3,"name":"T\u00fcrkiye&#8217;den Euromillions nas\u0131l oynan\u0131r?"}]},{"@type":"WebSite","@id":"https:\/\/redfoxlotto.com\/tr\/#website","url":"https:\/\/redfoxlotto.com\/tr\/","name":"Get Tickets for the World\u2019s largest jackpots","description":"Participate in worldwide lottery jackpots from any country","publisher":{"@id":"https:\/\/redfoxlotto.com\/tr\/#organization"},"potentialAction":[{"@type":"SearchAction","target":{"@type":"EntryPoint","urlTemplate":"https:\/\/redfoxlotto.com\/tr\/?s={search_term_string}"},"query-input":{"@type":"PropertyValueSpecification","valueRequired":true,"valueName":"search_term_string"}}],"inLanguage":"tr"},{"@type":"Organization","@id":"https:\/\/redfoxlotto.com\/tr\/#organization","name":"Get Tickets for the World\u2019s largest jackpots","url":"https:\/\/redfoxlotto.com\/tr\/","logo":{"@type":"ImageObject","inLanguage":"tr","@id":"https:\/\/redfoxlotto.com\/tr\/#\/schema\/logo\/image\/","url":"https:\/\/redfoxlotto.com\/wp-content\/uploads\/2023\/04\/logo.png","contentUrl":"https:\/\/redfoxlotto.com\/wp-content\/uploads\/2023\/04\/logo.png","width":269,"height":53,"caption":"Get Tickets for the World\u2019s largest jackpots"},"image":{"@id":"https:\/\/redfoxlotto.com\/tr\/#\/schema\/logo\/image\/"}}]}},"_links":{"self":[{"href":"https:\/\/redfoxlotto.com\/tr\/wp-json\/wp\/v2\/pages\/2917","targetHints":{"allow":["GET"]}}],"collection":[{"href":"https:\/\/redfoxlotto.com\/tr\/wp-json\/wp\/v2\/pages"}],"about":[{"href":"https:\/\/redfoxlotto.com\/tr\/wp-json\/wp\/v2\/types\/page"}],"author":[{"embeddable":true,"href":"https:\/\/redfoxlotto.com\/tr\/wp-json\/wp\/v2\/users\/1"}],"replies":[{"embeddable":true,"href":"https:\/\/redfoxlotto.com\/tr\/wp-json\/wp\/v2\/comments?post=2917"}],"version-history":[{"count":0,"href":"https:\/\/redfoxlotto.com\/tr\/wp-json\/wp\/v2\/pages\/2917\/revisions"}],"up":[{"embeddable":true,"href":"https:\/\/redfoxlotto.com\/tr\/wp-json\/wp\/v2\/pages\/2913"}],"wp:attachment":[{"href":"https:\/\/redfoxlotto.com\/tr\/wp-json\/wp\/v2\/media?parent=2917"}],"curies":[{"name":"wp","href":"https:\/\/api.w.org\/{rel}","templated":true}]}}