{"id":2916,"date":"2023-04-24T17:44:36","date_gmt":"2023-04-24T17:44:36","guid":{"rendered":"https:\/\/redfoxlotto.com\/?page_id=5304"},"modified":"2025-12-16T14:50:15","modified_gmt":"2025-12-16T14:50:15","slug":"eurojackpot","status":"publish","type":"page","link":"https:\/\/redfoxlotto.com\/tr\/oyna\/eurojackpot\/","title":{"rendered":"Eurojackpot oynay\u0131n"},"content":{"rendered":"<script type=\"application\/ld+json\">\r\n{\r\n  \"@context\": \"https:\/\/schema.org\",\r\n  \"@type\": \"Service\",\r\n  \"name\": \"Eurojackpot online oynay\u0131n\",\r\n  \"url\": \"https:\/\/redfoxlotto.com\/tr\/oyna\/eurojackpot\/\",\r\n  \"description\": \"Eurojackpot piyangosunu herhangi bir \u00fclkeden online oynay\u0131n. RedFoxLotto\u2019yu ziyaret edin, numaralar\u0131n\u0131z\u0131 se\u00e7in ve biletlerinizi al\u0131n.\",\r\n  \"serviceType\": \"Online piyango bileti arac\u0131l\u0131k hizmeti\",\r\n  \"provider\": {\r\n    \"@type\": \"Organization\",\r\n    \"name\": \"RedFoxLotto\",\r\n    \"url\": \"https:\/\/redfoxlotto.com\/tr\/\",\r\n    \"image\": \"https:\/\/redfoxlotto.com\/wp-content\/uploads\/2025\/12\/ticket_scans.jpg\",\r\n    \"sameAs\": []\r\n  },\r\n  \"areaServed\": \"Worldwide\",\r\n  \"termsOfService\": \"https:\/\/redfoxlotto.com\/terms-and-conditions\",\r\n  \"additionalProperty\": {\r\n    \"@type\": \"PropertyValue\",\r\n    \"name\": \"FAQ\",\r\n    \"value\": \"https:\/\/redfoxlotto.com\/tr\/faq\/\"\r\n  },\r\n  \"hasOfferCatalog\": {\r\n    \"@type\": \"OfferCatalog\",\r\n    \"name\": \"Eurojackpot biletleri\",\r\n    \"itemListElement\": [\r\n      {\r\n        \"@type\": \"Offer\",\r\n        \"name\": \"Eurojackpot biletleri\",\r\n        \"url\": \"https:\/\/redfoxlotto.com\/tr\/oyna\/eurojackpot\/\",\r\n        \"description\": \"Bir sonraki Eurojackpot \u00e7ekili\u015fi i\u00e7in numaralar\u0131n\u0131z\u0131 se\u00e7mek ve biletlerinizi online sipari\u015f etmek i\u00e7in buraya t\u0131klay\u0131n.\",\r\n        \"price\": 6.00,\r\n        \"priceCurrency\": \"EUR\",\r\n        \"availability\": \"https:\/\/schema.org\/InStock\",\r\n        \"itemOffered\": {\r\n          \"@type\": \"Service\",\r\n          \"name\": \"Eurojackpot biletleri\",\r\n          \"description\": \"RedFoxLotto arac\u0131l\u0131\u011f\u0131yla bir sonraki Eurojackpot \u00e7ekili\u015fine kat\u0131l\u0131n.\"\r\n        }\r\n      }\r\n    ]\r\n  },\r\n  \"mainEntityOfPage\": {\r\n    \"@type\": \"WebPage\",\r\n    \"@id\": \"https:\/\/redfoxlotto.com\/tr\/oyna\/eurojackpot\/\"\r\n  }\r\n}\r\n<\/script><h2>Eurojackpot&#8217;a T\u00fcrkiye&#8217;den nas\u0131l kat\u0131labilirsiniz?<\/h2>\r\n<p>\u015eu anda oynand\u0131\u011f\u0131 Avrupa \u00fclkelerinden birinde ya\u015f\u0131yor olsan\u0131z da olmasan\u0131z da Eurojackpot Lotto&#8217;yu duymu\u015f olabilirsiniz. Bu, 2012 y\u0131l\u0131nda 19 Avrupa \u00fclkesinin kat\u0131l\u0131m\u0131yla ba\u015flayan bir piyangodur. Ancak T\u00fcrkiye&#8217;de veya kat\u0131l\u0131mc\u0131lar listesinde yer almayan ba\u015fka bir \u00fclkede ya\u015f\u0131yorsan\u0131z, Eurojackpot i\u00e7in geleneksel \u015fekilde bilet alman\u0131z\u0131n bir yolu yoktur.<\/p>\r\n<p>Bu, k\u0131sa bir s\u00fcre \u00f6ncesine kadar asl\u0131nda oynayamayaca\u011f\u0131n\u0131z anlam\u0131na geliyor ve bu kesinlikle bu yeni ikramiyeye eri\u015fmenizi sa\u011flamayacak, de\u011fil mi? Art\u0131k Eurojackpot&#8217;u online olarak oynayabilirsiniz.<\/p>\r\n<p><img loading=\"lazy\" decoding=\"async\" class=\" wp-image alignright\" src=\"https:\/\/redfoxlotto.org\/wp-content\/uploads\/2023\/04\/lotto-online-495x329-1-282x300-1.jpg\" alt=\"eurojackpot online oyna\" width=\"174\" height=\"372\" \/><\/p>\r\n<h2>Kurtar\u0131c\u0131 internet<\/h2>\r\n<p>T\u00fcrkiye&#8217;den ve di\u011fer \u00fclkelerden loto tutkunlar\u0131 i\u00e7in \u00e7\u00f6z\u00fcm internet sitemiz taraf\u0131ndan sa\u011flanmaktad\u0131r. Eurojackpot ile birlikte, size bir dizi uluslararas\u0131 piyangoya eri\u015fim sa\u011fl\u0131yoruz. Sundu\u011fumuz hizmet, d\u00fcnyan\u0131n her yerinden en b\u00fcy\u00fck ikramiyelere sahip piyangolar\u0131n loto biletleri i\u00e7in bir kurye hizmetidir. Aksi takdirde bu piyangolar\u0131n hepsi olmasa da \u00e7o\u011fu sizin i\u00e7in mevcut olmayacakt\u0131r, ancak biz sizi koruyoruz!<\/p>\r\n<h2>Neden Eurojackpot oynamal\u0131s\u0131n\u0131z?<\/h2>\r\n<p>Sonu\u00e7ta, d\u00fcnyan\u0131n d\u00f6rt bir yan\u0131ndaki insanlar\u0131n yaln\u0131zca kendi ulusal piyango oyunlar\u0131n\u0131n ikramiyeleriyle s\u0131k\u0131\u015f\u0131p kalmak yerine bu b\u00fcy\u00fck ikramiyeleri oynama ve kazanma \u015fans\u0131n\u0131 ger\u00e7ekten istediklerini biliyoruz.<\/p>\r\n<p>Sizin i\u00e7in tek gereken, listemizdeki piyangolardan bir se\u00e7im yapmak. D\u00fcnyan\u0131n her yerinden en pop\u00fcler olanlardan baz\u0131lar\u0131na sahibiz. Bu \u015fekilde bir g\u00f6z atabilir, her birinin neler sundu\u011funu g\u00f6rebilir ve en \u00e7ok hangileriyle ilgilendi\u011finize karar verebilirsiniz.<\/p>\r\n<p>Ard\u0131ndan numaralar\u0131n\u0131z\u0131 manuel olarak se\u00e7in veya rastgele say\u0131 \u00fcretecimizin bunu sizin i\u00e7in yapmas\u0131na izin verin (&#8220;H\u0131zl\u0131 Se\u00e7im&#8221; i\u015flevi). Hatta ikisini birle\u015ftirerek birka\u00e7 say\u0131 se\u00e7ebilir ve ard\u0131ndan biletlerinizi doldurmak i\u00e7in ihtiyac\u0131n\u0131z olan di\u011fer say\u0131lar\u0131 rastgele ekleyebilirsiniz. Bu \u015fekilde istedi\u011finizi bildi\u011finiz baz\u0131 say\u0131lar\u0131 elde edebilir ve istedi\u011finiz t\u00fcm say\u0131lar\u0131 bilmiyorsan\u0131z yine de bir kart doldurabilirsiniz.<\/p>\r\n<p>\u0130sterseniz daha fazla bilet ekleyin ve farkl\u0131 piyangolar\u0131 kar\u0131\u015ft\u0131r\u0131n. Bu, \u015fans\u0131n\u0131z\u0131 art\u0131rman\u0131za yard\u0131mc\u0131 olacakt\u0131r \u00e7\u00fcnk\u00fc ayn\u0131 anda bir dizi farkl\u0131 oyun oynuyorsunuz. Hatta m\u00fc\u015fterilerimiz aras\u0131nda \u00e7ok pop\u00fcler olan bir \u015feyi de yapabilirsiniz, o da ayn\u0131 numaralar\u0131 birden fazla piyangoda oynamakt\u0131r.<\/p>\r\n<p>Baz\u0131lar\u0131 i\u00e7in bu, \u015fanslar\u0131n\u0131 art\u0131rmak i\u00e7in harika bir yol gibi geliyor \u00e7\u00fcnk\u00fc bu say\u0131lar\u0131n bir noktada \u00e7ekilmesi gerekiyor, de\u011fil mi? Bu say\u0131lar\u0131n kazanmas\u0131n\u0131 sa\u011flaman\u0131n bir yolu olmal\u0131.<\/p>\r\n<p>\u0130stedi\u011finiz t\u00fcm biletleri ald\u0131ktan sonra, biletlerinizi sat\u0131n almak i\u00e7in \u00e7oklu, g\u00fcvenli \u00f6deme se\u00e7eneklerimizden herhangi birini kullanabilirsiniz. Aralar\u0131ndan se\u00e7im yapabilece\u011finiz pek \u00e7ok farkl\u0131 yol vard\u0131r, b\u00f6ylece para yat\u0131r\u0131rken ve para \u00e7ekerken kendinizi rahat hissedece\u011finiz bir \u015fey bulabilirsiniz. En pop\u00fcler platformlar\u0131n hemen hemen hepsini kullan\u0131yoruz.<\/p>\r\n<p>Ka\u00e7 \u00e7ekili\u015fe kat\u0131lmak istedi\u011finizi belirlemeyi unutmay\u0131n. Bu \u00f6zellikle \u00f6nemlidir \u00e7\u00fcnk\u00fc mevcut ikramiye bir sonraki \u00e7ekili\u015fte kazan\u0131lamayabilir. Bir sonraki \u00e7ekili\u015fte daha da b\u00fcy\u00fck kazanma \u015fans\u0131n\u0131z\u0131 ka\u00e7\u0131rmak istemezsiniz, de\u011fil mi?<\/p>\r\n<p><img decoding=\"async\" class=\" wp-image alignright\" src=\"https:\/\/redfoxlotto.org\/wp-content\/uploads\/2023\/04\/misc_euro_bills.jpg\" alt=\"Eurojackpot kazan\u0131n\" width=\"250&quot;\" height=\"125\" \/><\/p>\r\n<h2>O zaman ne olacak?<\/h2>\r\n<p>Eurojackpot&#8217;u \u00e7evrimi\u00e7i oynad\u0131\u011f\u0131n\u0131zda asl\u0131nda olduk\u00e7a basittir. Se\u00e7ti\u011finiz \u00f6zelliklere sahip Eurojackpot piyango biletlerini sat\u0131n alacak bir acente a\u011f\u0131m\u0131z var. RedFoxLotto.com&#8217;daki m\u00fc\u015fteri hesab\u0131n\u0131zda, sat\u0131n alma i\u015fleminizin onay\u0131n\u0131 g\u00f6receksiniz. Elbette, onay\u0131 e-posta yoluyla da alacaks\u0131n\u0131z. Bu, her \u015feyin planlad\u0131\u011f\u0131n\u0131z gibi gitti\u011finden ve biletlerinizin haz\u0131r oldu\u011fundan ve oyunun \u00e7ekilmesini bekledi\u011finden emin olabilece\u011finiz anlam\u0131na gelir.<\/p>\r\n<p>Bundan sonras\u0131 i\u00e7in endi\u015felenmenize gerek yok, \u00e7\u00fcnk\u00fc hangi g\u00fcnler oldu\u011funu unutman\u0131z ihtimaline kar\u015f\u0131 sizi \u00e7ekili\u015flerden de haberdar edece\u011fiz.<\/p>\r\n<p>Ve biletlerinizden biri kazand\u0131\u011f\u0131nda ba\u015fka bir e-posta bildirimi alacaks\u0131n\u0131z. Kazanc\u0131n\u0131z 2500 \u20ac&#8217;dan y\u00fcksek olmad\u0131\u011f\u0131 s\u00fcrece, derhal m\u00fc\u015fteri hesab\u0131n\u0131za yat\u0131r\u0131lacakt\u0131r. Se\u00e7ti\u011finiz hesap \u00fczerinden size \u00f6denmesini sa\u011flayabilir ya da daha fazla bilet sat\u0131n almak i\u00e7in bu paray\u0131 kullanabilirsiniz. Bu, kendi se\u00e7iminizi yapman\u0131z\u0131 \u00e7ok kolayla\u015ft\u0131racak, de\u011fil mi? Daha y\u00fcksek kazan\u00e7lar i\u00e7in, destek ekibimiz sizinle ileti\u015fime ge\u00e7ecek ve sizin i\u00e7in do\u011frudan bir \u00f6demeyi y\u00f6netecektir.<\/p>\r\n<h2>Eurojackpot oynaman\u0131n \u00f6zellikleri<\/h2>\r\n<p>\u015eimdi, e\u011fer Eurojackpot oynayacaksan\u0131z, bunu nas\u0131l yapaca\u011f\u0131n\u0131z\u0131 bilmeniz gerekir. Ger\u00e7ekten olduk\u00e7a basittir. Biletinizde, 1 ile 50 aras\u0131nda be\u015f say\u0131 ve 1 ile 12 aras\u0131nda 2 say\u0131 se\u00e7meniz gerekir. \u0130kramiyeler en az 10 milyon \u20ac&#8217;dan ba\u015flamaktad\u0131r. Bu piyangonun di\u011ferlerinden farkl\u0131 oldu\u011fu bir y\u00f6n vard\u0131r. B\u00fcy\u00fck ikramiye 120 milyon \u20ac&#8217;ya ula\u015ft\u0131\u011f\u0131nda s\u0131n\u0131rland\u0131r\u0131l\u0131r.<\/p>\r\n<section class=\"layout\" style=\"border: solid 1px; width: 100%;\">\r\n<div class=\"img-div\" style=\"margin-top: 5px;\"><img decoding=\"async\" class=\"wp-image-17212 alignleft\" style=\"height: 45px; margin: 8px 8px 0px;\" src=\"https:\/\/redfoxlotto.com\/wp-content\/uploads\/sites\/9\/read1.jpg\" alt=\"online piyango sat\u0131n al\" width=\"\" height=\"\" \/><\/div>\r\n<div style=\"padding-left: 5px;\">\r\n<div style=\"font-size: 1.1em;\"><strong>\u00c7evrimi\u00e7i piyango doland\u0131r\u0131c\u0131l\u0131\u011f\u0131na dikkat edin<\/strong>\r\n<p style=\"font-size: 0.8em; margin-top: .5em;\">\u00c7evrimi\u00e7i piyango doland\u0131r\u0131c\u0131l\u0131\u011f\u0131 nas\u0131l tespit edilir ve ama\u00e7lar\u0131 nedir? <a href=\"https:\/\/redfoxlotto.com\/tr\/powerball-mega-millions-ne-zaman-hangi-tv-kanalinda-cekiliyor\/\">Daha fazla bilgi edinin<\/a><\/p>\r\n<\/div>\r\n<\/div>\r\n<\/section>\r\n<p>Bu, normalde b\u00fcy\u00fck ikramiyeye eklenecek t\u00fcm paran\u0131n ikinci kademe \u00f6d\u00fcl seviyesine eklenece\u011fi anlam\u0131na gelir. Bu \u00f6d\u00fcl\u00fc kazanmak i\u00e7in biletinizde sadece 5 art\u0131 1 numara olmas\u0131 gerekir. Bu \u00f6d\u00fcl\u00fc kazanma \u015fans\u0131n\u0131z, 5 art\u0131 2 say\u0131 ile b\u00fcy\u00fck ikramiyeyi kazanma \u015fans\u0131n\u0131za k\u0131yasla 12 kat daha y\u00fcksektir!<\/p>\r\n<p>Bu, e\u011fer ikramiye maksimum miktara ula\u015f\u0131rsa, asl\u0131nda b\u00fcy\u00fck bir ikramiye kazanmak i\u00e7in ikinci bir \u015fans\u0131n\u0131z oldu\u011fu anlam\u0131na gelir. \u0130kinci kademeyi kazanmak daha kolayd\u0131r ve say\u0131lar bu kademede y\u00fckselmeye ba\u015flayacakt\u0131r. Bu kesinlikle o b\u00fcy\u00fck \u00f6d\u00fcl\u00fc kazanma \u015fans\u0131n\u0131z\u0131 art\u0131racakt\u0131r, de\u011fil mi?<\/p>\r\n<p>Bu da demek oluyor ki, b\u00fcy\u00fck ikramiye sona erdi\u011finde bile biraz daha k\u00fc\u00e7\u00fck olacak olsa da, yine de bu biletlerden birini almak isteyeceksiniz \u00e7\u00fcnk\u00fc Eurojackpot&#8217;u \u00e7evrimi\u00e7i sat\u0131n ald\u0131\u011f\u0131n\u0131zda uzun vadede ger\u00e7ekten bir yere varma \u015fans\u0131n\u0131z \u00e7ok y\u00fcksek olacak.<\/p>\r\n<p><strong>Uluslararas\u0131 piyango oynamaya \u015fimdi ba\u015flay\u0131n &#8211; Eurojackpot biletlerini bug\u00fcn sat\u0131n al\u0131n!<\/strong><\/p>","protected":false},"excerpt":{"rendered":"<p>Eurojackpot&#8217;a T\u00fcrkiye&#8217;den nas\u0131l kat\u0131labilirsiniz? \u015eu anda oynand\u0131\u011f\u0131 Avrupa \u00fclkelerinden birinde ya\u015f\u0131yor olsan\u0131z da olmasan\u0131z da Eurojackpot Lotto&#8217;yu duymu\u015f olabilirsiniz. Bu, 2012 y\u0131l\u0131nda 19 Avrupa \u00fclkesinin kat\u0131l\u0131m\u0131yla ba\u015flayan bir piyangodur. Ancak T\u00fcrkiye&#8217;de veya kat\u0131l\u0131mc\u0131lar listesinde yer almayan ba\u015fka bir \u00fclkede ya\u015f\u0131yorsan\u0131z, Eurojackpot i\u00e7in geleneksel \u015fekilde bilet alman\u0131z\u0131n bir yolu yoktur. Bu, k\u0131sa bir s\u00fcre \u00f6ncesine kadar [&hellip;]<\/p>\n","protected":false},"author":1,"featured_media":0,"parent":2913,"menu_order":4,"comment_status":"closed","ping_status":"closed","template":"eurojackpot.php","meta":{"_et_pb_use_builder":"","_et_pb_old_content":"","_et_gb_content_width":"","exclude_from_search":false,"footnotes":""},"class_list":["post-2916","page","type-page","status-publish","hentry"],"yoast_head":"<!-- This site is optimized with the Yoast SEO plugin v23.8 - https:\/\/yoast.com\/wordpress\/plugins\/seo\/ -->\n<title>Online Eurojackpot oynay\u0131n | T\u00fcrkiye&#039;de ikamet edenler Eurojackpot biletlerini nas\u0131l al\u0131r?<\/title>\n<meta name=\"description\" content=\"Eurojackpot&#039;a \u015fimdi eri\u015fin - hangi \u00fclkeden olursan\u0131z olun, Eurojackpot ve di\u011fer uluslararas\u0131 piyangolar\u0131 \u00e7evrimi\u00e7i oynay\u0131n\" \/>\n<meta name=\"robots\" content=\"index, follow, max-snippet:-1, max-image-preview:large, max-video-preview:-1\" \/>\n<link rel=\"canonical\" href=\"https:\/\/redfoxlotto.com\/tr\/oyna\/eurojackpot\/\" \/>\n<meta property=\"og:locale\" content=\"tr_TR\" \/>\n<meta property=\"og:type\" content=\"article\" \/>\n<meta property=\"og:title\" content=\"Online Eurojackpot oynay\u0131n | T\u00fcrkiye&#039;de ikamet edenler Eurojackpot biletlerini nas\u0131l al\u0131r?\" \/>\n<meta property=\"og:description\" content=\"Eurojackpot&#039;a \u015fimdi eri\u015fin - hangi \u00fclkeden olursan\u0131z olun, Eurojackpot ve di\u011fer uluslararas\u0131 piyangolar\u0131 \u00e7evrimi\u00e7i oynay\u0131n\" \/>\n<meta property=\"og:url\" content=\"https:\/\/redfoxlotto.com\/tr\/oyna\/eurojackpot\/\" \/>\n<meta property=\"og:site_name\" content=\"Get Tickets for the World\u2019s largest jackpots\" \/>\n<meta property=\"article:modified_time\" content=\"2025-12-16T14:50:15+00:00\" \/>\n<meta property=\"og:image\" content=\"https:\/\/redfoxlotto.org\/wp-content\/uploads\/2023\/04\/lotto-online-495x329-1-282x300-1.jpg\" \/>\n<meta name=\"twitter:card\" content=\"summary_large_image\" \/>\n<meta name=\"twitter:label1\" content=\"Tahmini okuma s\u00fcresi\" \/>\n\t<meta name=\"twitter:data1\" content=\"4 dakika\" \/>\n<script type=\"application\/ld+json\" class=\"yoast-schema-graph\">{\"@context\":\"https:\/\/schema.org\",\"@graph\":[{\"@type\":\"WebPage\",\"@id\":\"https:\/\/redfoxlotto.com\/tr\/oyna\/eurojackpot\/\",\"url\":\"https:\/\/redfoxlotto.com\/tr\/oyna\/eurojackpot\/\",\"name\":\"Online Eurojackpot oynay\u0131n | T\u00fcrkiye'de ikamet edenler Eurojackpot biletlerini nas\u0131l al\u0131r?\",\"isPartOf\":{\"@id\":\"https:\/\/redfoxlotto.com\/tr\/#website\"},\"primaryImageOfPage\":{\"@id\":\"https:\/\/redfoxlotto.com\/tr\/oyna\/eurojackpot\/#primaryimage\"},\"image\":{\"@id\":\"https:\/\/redfoxlotto.com\/tr\/oyna\/eurojackpot\/#primaryimage\"},\"thumbnailUrl\":\"https:\/\/redfoxlotto.org\/wp-content\/uploads\/2023\/04\/lotto-online-495x329-1-282x300-1.jpg\",\"datePublished\":\"2023-04-24T17:44:36+00:00\",\"dateModified\":\"2025-12-16T14:50:15+00:00\",\"description\":\"Eurojackpot'a \u015fimdi eri\u015fin - hangi \u00fclkeden olursan\u0131z olun, Eurojackpot ve di\u011fer uluslararas\u0131 piyangolar\u0131 \u00e7evrimi\u00e7i oynay\u0131n\",\"breadcrumb\":{\"@id\":\"https:\/\/redfoxlotto.com\/tr\/oyna\/eurojackpot\/#breadcrumb\"},\"inLanguage\":\"tr\",\"potentialAction\":[{\"@type\":\"ReadAction\",\"target\":[\"https:\/\/redfoxlotto.com\/tr\/oyna\/eurojackpot\/\"]}]},{\"@type\":\"ImageObject\",\"inLanguage\":\"tr\",\"@id\":\"https:\/\/redfoxlotto.com\/tr\/oyna\/eurojackpot\/#primaryimage\",\"url\":\"https:\/\/redfoxlotto.org\/wp-content\/uploads\/2023\/04\/lotto-online-495x329-1-282x300-1.jpg\",\"contentUrl\":\"https:\/\/redfoxlotto.org\/wp-content\/uploads\/2023\/04\/lotto-online-495x329-1-282x300-1.jpg\"},{\"@type\":\"BreadcrumbList\",\"@id\":\"https:\/\/redfoxlotto.com\/tr\/oyna\/eurojackpot\/#breadcrumb\",\"itemListElement\":[{\"@type\":\"ListItem\",\"position\":1,\"name\":\"Home\",\"item\":\"https:\/\/redfoxlotto.com\/tr\/\"},{\"@type\":\"ListItem\",\"position\":2,\"name\":\"Uluslararas\u0131 piyangolara nas\u0131l kat\u0131l\u0131r\u0131m?\",\"item\":\"https:\/\/redfoxlotto.com\/tr\/oyna\/\"},{\"@type\":\"ListItem\",\"position\":3,\"name\":\"Eurojackpot oynay\u0131n\"}]},{\"@type\":\"WebSite\",\"@id\":\"https:\/\/redfoxlotto.com\/tr\/#website\",\"url\":\"https:\/\/redfoxlotto.com\/tr\/\",\"name\":\"Get Tickets for the World\u2019s largest jackpots\",\"description\":\"Participate in worldwide lottery jackpots from any country\",\"publisher\":{\"@id\":\"https:\/\/redfoxlotto.com\/tr\/#organization\"},\"potentialAction\":[{\"@type\":\"SearchAction\",\"target\":{\"@type\":\"EntryPoint\",\"urlTemplate\":\"https:\/\/redfoxlotto.com\/tr\/?s={search_term_string}\"},\"query-input\":{\"@type\":\"PropertyValueSpecification\",\"valueRequired\":true,\"valueName\":\"search_term_string\"}}],\"inLanguage\":\"tr\"},{\"@type\":\"Organization\",\"@id\":\"https:\/\/redfoxlotto.com\/tr\/#organization\",\"name\":\"Get Tickets for the World\u2019s largest jackpots\",\"url\":\"https:\/\/redfoxlotto.com\/tr\/\",\"logo\":{\"@type\":\"ImageObject\",\"inLanguage\":\"tr\",\"@id\":\"https:\/\/redfoxlotto.com\/tr\/#\/schema\/logo\/image\/\",\"url\":\"https:\/\/redfoxlotto.com\/wp-content\/uploads\/2023\/04\/logo.png\",\"contentUrl\":\"https:\/\/redfoxlotto.com\/wp-content\/uploads\/2023\/04\/logo.png\",\"width\":269,\"height\":53,\"caption\":\"Get Tickets for the World\u2019s largest jackpots\"},\"image\":{\"@id\":\"https:\/\/redfoxlotto.com\/tr\/#\/schema\/logo\/image\/\"}}]}<\/script>\n<!-- \/ Yoast SEO plugin. -->","yoast_head_json":{"title":"Online Eurojackpot oynay\u0131n | T\u00fcrkiye'de ikamet edenler Eurojackpot biletlerini nas\u0131l al\u0131r?","description":"Eurojackpot'a \u015fimdi eri\u015fin - hangi \u00fclkeden olursan\u0131z olun, Eurojackpot ve di\u011fer uluslararas\u0131 piyangolar\u0131 \u00e7evrimi\u00e7i oynay\u0131n","robots":{"index":"index","follow":"follow","max-snippet":"max-snippet:-1","max-image-preview":"max-image-preview:large","max-video-preview":"max-video-preview:-1"},"canonical":"https:\/\/redfoxlotto.com\/tr\/oyna\/eurojackpot\/","og_locale":"tr_TR","og_type":"article","og_title":"Online Eurojackpot oynay\u0131n | T\u00fcrkiye'de ikamet edenler Eurojackpot biletlerini nas\u0131l al\u0131r?","og_description":"Eurojackpot'a \u015fimdi eri\u015fin - hangi \u00fclkeden olursan\u0131z olun, Eurojackpot ve di\u011fer uluslararas\u0131 piyangolar\u0131 \u00e7evrimi\u00e7i oynay\u0131n","og_url":"https:\/\/redfoxlotto.com\/tr\/oyna\/eurojackpot\/","og_site_name":"Get Tickets for the World\u2019s largest jackpots","article_modified_time":"2025-12-16T14:50:15+00:00","og_image":[{"url":"https:\/\/redfoxlotto.org\/wp-content\/uploads\/2023\/04\/lotto-online-495x329-1-282x300-1.jpg"}],"twitter_card":"summary_large_image","twitter_misc":{"Tahmini okuma s\u00fcresi":"4 dakika"},"schema":{"@context":"https:\/\/schema.org","@graph":[{"@type":"WebPage","@id":"https:\/\/redfoxlotto.com\/tr\/oyna\/eurojackpot\/","url":"https:\/\/redfoxlotto.com\/tr\/oyna\/eurojackpot\/","name":"Online Eurojackpot oynay\u0131n | T\u00fcrkiye'de ikamet edenler Eurojackpot biletlerini nas\u0131l al\u0131r?","isPartOf":{"@id":"https:\/\/redfoxlotto.com\/tr\/#website"},"primaryImageOfPage":{"@id":"https:\/\/redfoxlotto.com\/tr\/oyna\/eurojackpot\/#primaryimage"},"image":{"@id":"https:\/\/redfoxlotto.com\/tr\/oyna\/eurojackpot\/#primaryimage"},"thumbnailUrl":"https:\/\/redfoxlotto.org\/wp-content\/uploads\/2023\/04\/lotto-online-495x329-1-282x300-1.jpg","datePublished":"2023-04-24T17:44:36+00:00","dateModified":"2025-12-16T14:50:15+00:00","description":"Eurojackpot'a \u015fimdi eri\u015fin - hangi \u00fclkeden olursan\u0131z olun, Eurojackpot ve di\u011fer uluslararas\u0131 piyangolar\u0131 \u00e7evrimi\u00e7i oynay\u0131n","breadcrumb":{"@id":"https:\/\/redfoxlotto.com\/tr\/oyna\/eurojackpot\/#breadcrumb"},"inLanguage":"tr","potentialAction":[{"@type":"ReadAction","target":["https:\/\/redfoxlotto.com\/tr\/oyna\/eurojackpot\/"]}]},{"@type":"ImageObject","inLanguage":"tr","@id":"https:\/\/redfoxlotto.com\/tr\/oyna\/eurojackpot\/#primaryimage","url":"https:\/\/redfoxlotto.org\/wp-content\/uploads\/2023\/04\/lotto-online-495x329-1-282x300-1.jpg","contentUrl":"https:\/\/redfoxlotto.org\/wp-content\/uploads\/2023\/04\/lotto-online-495x329-1-282x300-1.jpg"},{"@type":"BreadcrumbList","@id":"https:\/\/redfoxlotto.com\/tr\/oyna\/eurojackpot\/#breadcrumb","itemListElement":[{"@type":"ListItem","position":1,"name":"Home","item":"https:\/\/redfoxlotto.com\/tr\/"},{"@type":"ListItem","position":2,"name":"Uluslararas\u0131 piyangolara nas\u0131l kat\u0131l\u0131r\u0131m?","item":"https:\/\/redfoxlotto.com\/tr\/oyna\/"},{"@type":"ListItem","position":3,"name":"Eurojackpot oynay\u0131n"}]},{"@type":"WebSite","@id":"https:\/\/redfoxlotto.com\/tr\/#website","url":"https:\/\/redfoxlotto.com\/tr\/","name":"Get Tickets for the World\u2019s largest jackpots","description":"Participate in worldwide lottery jackpots from any country","publisher":{"@id":"https:\/\/redfoxlotto.com\/tr\/#organization"},"potentialAction":[{"@type":"SearchAction","target":{"@type":"EntryPoint","urlTemplate":"https:\/\/redfoxlotto.com\/tr\/?s={search_term_string}"},"query-input":{"@type":"PropertyValueSpecification","valueRequired":true,"valueName":"search_term_string"}}],"inLanguage":"tr"},{"@type":"Organization","@id":"https:\/\/redfoxlotto.com\/tr\/#organization","name":"Get Tickets for the World\u2019s largest jackpots","url":"https:\/\/redfoxlotto.com\/tr\/","logo":{"@type":"ImageObject","inLanguage":"tr","@id":"https:\/\/redfoxlotto.com\/tr\/#\/schema\/logo\/image\/","url":"https:\/\/redfoxlotto.com\/wp-content\/uploads\/2023\/04\/logo.png","contentUrl":"https:\/\/redfoxlotto.com\/wp-content\/uploads\/2023\/04\/logo.png","width":269,"height":53,"caption":"Get Tickets for the World\u2019s largest jackpots"},"image":{"@id":"https:\/\/redfoxlotto.com\/tr\/#\/schema\/logo\/image\/"}}]}},"_links":{"self":[{"href":"https:\/\/redfoxlotto.com\/tr\/wp-json\/wp\/v2\/pages\/2916","targetHints":{"allow":["GET"]}}],"collection":[{"href":"https:\/\/redfoxlotto.com\/tr\/wp-json\/wp\/v2\/pages"}],"about":[{"href":"https:\/\/redfoxlotto.com\/tr\/wp-json\/wp\/v2\/types\/page"}],"author":[{"embeddable":true,"href":"https:\/\/redfoxlotto.com\/tr\/wp-json\/wp\/v2\/users\/1"}],"replies":[{"embeddable":true,"href":"https:\/\/redfoxlotto.com\/tr\/wp-json\/wp\/v2\/comments?post=2916"}],"version-history":[{"count":0,"href":"https:\/\/redfoxlotto.com\/tr\/wp-json\/wp\/v2\/pages\/2916\/revisions"}],"up":[{"embeddable":true,"href":"https:\/\/redfoxlotto.com\/tr\/wp-json\/wp\/v2\/pages\/2913"}],"wp:attachment":[{"href":"https:\/\/redfoxlotto.com\/tr\/wp-json\/wp\/v2\/media?parent=2916"}],"curies":[{"name":"wp","href":"https:\/\/api.w.org\/{rel}","templated":true}]}}