{"id":2915,"date":"2023-05-13T06:20:30","date_gmt":"2023-05-13T06:20:30","guid":{"rendered":"https:\/\/redfoxlotto.com\/?page_id=5302"},"modified":"2023-05-04T18:52:42","modified_gmt":"2023-05-04T18:52:42","slug":"el-gordo-primitiva","status":"publish","type":"page","link":"https:\/\/redfoxlotto.com\/tr\/oyna\/el-gordo-primitiva\/","title":{"rendered":"El Gordo oynay\u0131n"},"content":{"rendered":"<p><\/p>\n<p>El Gordo \u0130spanyollar\u0131n Noel piyangosudur. Bu piyango ile 100 000 adet numaraland\u0131r\u0131lm\u0131\u015f bilet sat\u0131l\u0131yor. Bir tam bilet fiyat\u0131 200\u20ac&#8217;dur. Fakat &#8220;Decimos&#8221; olarak adland\u0131r\u0131lan par\u00e7alar da sat\u0131n al\u0131nabilir. Bu \u00e7ekili\u015f \u00e7ocuklar\u0131n \u00e7ekilen numaralar\u0131 \u015fark\u0131 olarak s\u00f6yledi\u011fi b\u00fcy\u00fck bir seremonidir.<\/p>\n<p><\/p>\n<p><img loading=\"lazy\" decoding=\"async\" class=\" wp-image alignright\" src=\"https:\/\/content.redfoxlotto.com\/uploads\/sites\/9\/2_ticket_el_gordo3.jpg\" alt=\"El Gordo \u0130spanya \u00e7evrimi\u00e7i oyna\" width=\"194\" height=\"267\" \/><\/p>\n<p><\/p>\n<p>Burada <a href=\"https:\/\/redfoxlotto.com\/tr\/sonuclar\/\">bilet numaralar\u0131<\/a> ile birlikte 100 000 ah\u015fap top i\u00e7eren b\u00fcy\u00fck bir kafes ve sonras\u0131nda 1807 top i\u00e7eren ve kimin kazanaca\u011f\u0131na karar veren ikinci bir kafes vard\u0131r. Toplardan biri &#8220;El Gordo&#8221; yani b\u00fcy\u00fck ikramiye i\u00e7indir. \u0130ki top ayn\u0131 anda \u00e7ekilir ve \u00e7ocuklar sonu\u00e7lar\u0131 \u015fark\u0131 olarak s\u00f6yler.<\/p>\n<p><\/p>\n<p><\/p>\n<p>Bu piyango biletleri haz\u0131r oldu\u011funda sitemizden sat\u0131n alabilirsiniz. Bu \u00e7evrimi\u00e7i hizmetimiz ayn\u0131 zamanda T\u00fcrkiye&#8217;deki piyango oyuncular\u0131 i\u00e7in de ge\u00e7erlidir.<\/p>\n<p><\/p>","protected":false},"excerpt":{"rendered":"<p>El Gordo \u0130spanyollar\u0131n Noel piyangosudur. Bu piyango ile 100 000 adet numaraland\u0131r\u0131lm\u0131\u015f bilet sat\u0131l\u0131yor. Bir tam bilet fiyat\u0131 200\u20ac&#8217;dur. Fakat &#8220;Decimos&#8221; olarak adland\u0131r\u0131lan par\u00e7alar da sat\u0131n al\u0131nabilir. Bu \u00e7ekili\u015f \u00e7ocuklar\u0131n \u00e7ekilen numaralar\u0131 \u015fark\u0131 olarak s\u00f6yledi\u011fi b\u00fcy\u00fck bir seremonidir. Burada bilet numaralar\u0131 ile birlikte 100 000 ah\u015fap top i\u00e7eren b\u00fcy\u00fck bir kafes ve sonras\u0131nda 1807 top [&hellip;]<\/p>\n","protected":false},"author":1,"featured_media":0,"parent":2913,"menu_order":6,"comment_status":"closed","ping_status":"closed","template":"el-gordo.php","meta":{"_et_pb_use_builder":"","_et_pb_old_content":"","_et_gb_content_width":"","exclude_from_search":false,"footnotes":""},"class_list":["post-2915","page","type-page","status-publish","hentry"],"yoast_head":"<!-- This site is optimized with the Yoast SEO plugin v27.4 - https:\/\/yoast.com\/product\/yoast-seo-wordpress\/ -->\n<title>T\u00fcrkiye&#039;den El Gordo oynay\u0131n<\/title>\n<meta name=\"description\" content=\"El Gordo, \u0130spanya&#039;n\u0131n Noel piyangosudur ve T\u00fcrkiye&#039;deki oyuncular sitemizden biletlerini alabilirler.\" \/>\n<meta name=\"robots\" content=\"index, follow, max-snippet:-1, max-image-preview:large, max-video-preview:-1\" \/>\n<link rel=\"canonical\" href=\"https:\/\/redfoxlotto.com\/tr\/oyna\/el-gordo-primitiva\/\" \/>\n<meta property=\"og:locale\" content=\"tr_TR\" \/>\n<meta property=\"og:type\" content=\"article\" \/>\n<meta property=\"og:title\" content=\"T\u00fcrkiye&#039;den El Gordo oynay\u0131n\" \/>\n<meta property=\"og:description\" content=\"El Gordo, \u0130spanya&#039;n\u0131n Noel piyangosudur ve T\u00fcrkiye&#039;deki oyuncular sitemizden biletlerini alabilirler.\" \/>\n<meta property=\"og:url\" content=\"https:\/\/redfoxlotto.com\/tr\/oyna\/el-gordo-primitiva\/\" \/>\n<meta property=\"og:site_name\" content=\"Get Tickets for the World\u2019s largest jackpots\" \/>\n<meta property=\"og:image\" content=\"https:\/\/content.redfoxlotto.com\/uploads\/sites\/9\/2_ticket_el_gordo3.jpg\" \/>\n<meta name=\"twitter:card\" content=\"summary_large_image\" \/>\n<meta name=\"twitter:label1\" content=\"Tahmini okuma s\u00fcresi\" \/>\n\t<meta name=\"twitter:data1\" content=\"1 dakika\" \/>\n<script type=\"application\/ld+json\" class=\"yoast-schema-graph\">{\"@context\":\"https:\\\/\\\/schema.org\",\"@graph\":[{\"@type\":\"WebPage\",\"@id\":\"https:\\\/\\\/redfoxlotto.com\\\/tr\\\/oyna\\\/el-gordo-primitiva\\\/\",\"url\":\"https:\\\/\\\/redfoxlotto.com\\\/tr\\\/oyna\\\/el-gordo-primitiva\\\/\",\"name\":\"T\u00fcrkiye'den El Gordo oynay\u0131n\",\"isPartOf\":{\"@id\":\"https:\\\/\\\/redfoxlotto.com\\\/tr\\\/#website\"},\"primaryImageOfPage\":{\"@id\":\"https:\\\/\\\/redfoxlotto.com\\\/tr\\\/oyna\\\/el-gordo-primitiva\\\/#primaryimage\"},\"image\":{\"@id\":\"https:\\\/\\\/redfoxlotto.com\\\/tr\\\/oyna\\\/el-gordo-primitiva\\\/#primaryimage\"},\"thumbnailUrl\":\"https:\\\/\\\/content.redfoxlotto.com\\\/uploads\\\/sites\\\/9\\\/2_ticket_el_gordo3.jpg\",\"datePublished\":\"2023-05-13T06:20:30+00:00\",\"description\":\"El Gordo, \u0130spanya'n\u0131n Noel piyangosudur ve T\u00fcrkiye'deki oyuncular sitemizden biletlerini alabilirler.\",\"breadcrumb\":{\"@id\":\"https:\\\/\\\/redfoxlotto.com\\\/tr\\\/oyna\\\/el-gordo-primitiva\\\/#breadcrumb\"},\"inLanguage\":\"tr\",\"potentialAction\":[{\"@type\":\"ReadAction\",\"target\":[\"https:\\\/\\\/redfoxlotto.com\\\/tr\\\/oyna\\\/el-gordo-primitiva\\\/\"]}]},{\"@type\":\"ImageObject\",\"inLanguage\":\"tr\",\"@id\":\"https:\\\/\\\/redfoxlotto.com\\\/tr\\\/oyna\\\/el-gordo-primitiva\\\/#primaryimage\",\"url\":\"https:\\\/\\\/content.redfoxlotto.com\\\/uploads\\\/sites\\\/9\\\/2_ticket_el_gordo3.jpg\",\"contentUrl\":\"https:\\\/\\\/content.redfoxlotto.com\\\/uploads\\\/sites\\\/9\\\/2_ticket_el_gordo3.jpg\"},{\"@type\":\"BreadcrumbList\",\"@id\":\"https:\\\/\\\/redfoxlotto.com\\\/tr\\\/oyna\\\/el-gordo-primitiva\\\/#breadcrumb\",\"itemListElement\":[{\"@type\":\"ListItem\",\"position\":1,\"name\":\"Home\",\"item\":\"https:\\\/\\\/redfoxlotto.com\\\/tr\\\/\"},{\"@type\":\"ListItem\",\"position\":2,\"name\":\"Uluslararas\u0131 piyangolara nas\u0131l kat\u0131l\u0131r\u0131m?\",\"item\":\"https:\\\/\\\/redfoxlotto.com\\\/tr\\\/oyna\\\/\"},{\"@type\":\"ListItem\",\"position\":3,\"name\":\"El Gordo oynay\u0131n\"}]},{\"@type\":\"WebSite\",\"@id\":\"https:\\\/\\\/redfoxlotto.com\\\/tr\\\/#website\",\"url\":\"https:\\\/\\\/redfoxlotto.com\\\/tr\\\/\",\"name\":\"Get Tickets for the World\u2019s largest jackpots\",\"description\":\"Participate in worldwide lottery jackpots from any country\",\"publisher\":{\"@id\":\"https:\\\/\\\/redfoxlotto.com\\\/tr\\\/#organization\"},\"potentialAction\":[{\"@type\":\"SearchAction\",\"target\":{\"@type\":\"EntryPoint\",\"urlTemplate\":\"https:\\\/\\\/redfoxlotto.com\\\/tr\\\/?s={search_term_string}\"},\"query-input\":{\"@type\":\"PropertyValueSpecification\",\"valueRequired\":true,\"valueName\":\"search_term_string\"}}],\"inLanguage\":\"tr\"},{\"@type\":\"Organization\",\"@id\":\"https:\\\/\\\/redfoxlotto.com\\\/tr\\\/#organization\",\"name\":\"Get Tickets for the World\u2019s largest jackpots\",\"url\":\"https:\\\/\\\/redfoxlotto.com\\\/tr\\\/\",\"logo\":{\"@type\":\"ImageObject\",\"inLanguage\":\"tr\",\"@id\":\"https:\\\/\\\/redfoxlotto.com\\\/tr\\\/#\\\/schema\\\/logo\\\/image\\\/\",\"url\":\"https:\\\/\\\/redfoxlotto.com\\\/wp-content\\\/uploads\\\/2023\\\/04\\\/logo.png\",\"contentUrl\":\"https:\\\/\\\/redfoxlotto.com\\\/wp-content\\\/uploads\\\/2023\\\/04\\\/logo.png\",\"width\":269,\"height\":53,\"caption\":\"Get Tickets for the World\u2019s largest jackpots\"},\"image\":{\"@id\":\"https:\\\/\\\/redfoxlotto.com\\\/tr\\\/#\\\/schema\\\/logo\\\/image\\\/\"}}]}<\/script>\n<!-- \/ Yoast SEO plugin. -->","yoast_head_json":{"title":"T\u00fcrkiye'den El Gordo oynay\u0131n","description":"El Gordo, \u0130spanya'n\u0131n Noel piyangosudur ve T\u00fcrkiye'deki oyuncular sitemizden biletlerini alabilirler.","robots":{"index":"index","follow":"follow","max-snippet":"max-snippet:-1","max-image-preview":"max-image-preview:large","max-video-preview":"max-video-preview:-1"},"canonical":"https:\/\/redfoxlotto.com\/tr\/oyna\/el-gordo-primitiva\/","og_locale":"tr_TR","og_type":"article","og_title":"T\u00fcrkiye'den El Gordo oynay\u0131n","og_description":"El Gordo, \u0130spanya'n\u0131n Noel piyangosudur ve T\u00fcrkiye'deki oyuncular sitemizden biletlerini alabilirler.","og_url":"https:\/\/redfoxlotto.com\/tr\/oyna\/el-gordo-primitiva\/","og_site_name":"Get Tickets for the World\u2019s largest jackpots","og_image":[{"url":"https:\/\/content.redfoxlotto.com\/uploads\/sites\/9\/2_ticket_el_gordo3.jpg","type":"","width":"","height":""}],"twitter_card":"summary_large_image","twitter_misc":{"Tahmini okuma s\u00fcresi":"1 dakika"},"schema":{"@context":"https:\/\/schema.org","@graph":[{"@type":"WebPage","@id":"https:\/\/redfoxlotto.com\/tr\/oyna\/el-gordo-primitiva\/","url":"https:\/\/redfoxlotto.com\/tr\/oyna\/el-gordo-primitiva\/","name":"T\u00fcrkiye'den El Gordo oynay\u0131n","isPartOf":{"@id":"https:\/\/redfoxlotto.com\/tr\/#website"},"primaryImageOfPage":{"@id":"https:\/\/redfoxlotto.com\/tr\/oyna\/el-gordo-primitiva\/#primaryimage"},"image":{"@id":"https:\/\/redfoxlotto.com\/tr\/oyna\/el-gordo-primitiva\/#primaryimage"},"thumbnailUrl":"https:\/\/content.redfoxlotto.com\/uploads\/sites\/9\/2_ticket_el_gordo3.jpg","datePublished":"2023-05-13T06:20:30+00:00","description":"El Gordo, \u0130spanya'n\u0131n Noel piyangosudur ve T\u00fcrkiye'deki oyuncular sitemizden biletlerini alabilirler.","breadcrumb":{"@id":"https:\/\/redfoxlotto.com\/tr\/oyna\/el-gordo-primitiva\/#breadcrumb"},"inLanguage":"tr","potentialAction":[{"@type":"ReadAction","target":["https:\/\/redfoxlotto.com\/tr\/oyna\/el-gordo-primitiva\/"]}]},{"@type":"ImageObject","inLanguage":"tr","@id":"https:\/\/redfoxlotto.com\/tr\/oyna\/el-gordo-primitiva\/#primaryimage","url":"https:\/\/content.redfoxlotto.com\/uploads\/sites\/9\/2_ticket_el_gordo3.jpg","contentUrl":"https:\/\/content.redfoxlotto.com\/uploads\/sites\/9\/2_ticket_el_gordo3.jpg"},{"@type":"BreadcrumbList","@id":"https:\/\/redfoxlotto.com\/tr\/oyna\/el-gordo-primitiva\/#breadcrumb","itemListElement":[{"@type":"ListItem","position":1,"name":"Home","item":"https:\/\/redfoxlotto.com\/tr\/"},{"@type":"ListItem","position":2,"name":"Uluslararas\u0131 piyangolara nas\u0131l kat\u0131l\u0131r\u0131m?","item":"https:\/\/redfoxlotto.com\/tr\/oyna\/"},{"@type":"ListItem","position":3,"name":"El Gordo oynay\u0131n"}]},{"@type":"WebSite","@id":"https:\/\/redfoxlotto.com\/tr\/#website","url":"https:\/\/redfoxlotto.com\/tr\/","name":"Get Tickets for the World\u2019s largest jackpots","description":"Participate in worldwide lottery jackpots from any country","publisher":{"@id":"https:\/\/redfoxlotto.com\/tr\/#organization"},"potentialAction":[{"@type":"SearchAction","target":{"@type":"EntryPoint","urlTemplate":"https:\/\/redfoxlotto.com\/tr\/?s={search_term_string}"},"query-input":{"@type":"PropertyValueSpecification","valueRequired":true,"valueName":"search_term_string"}}],"inLanguage":"tr"},{"@type":"Organization","@id":"https:\/\/redfoxlotto.com\/tr\/#organization","name":"Get Tickets for the World\u2019s largest jackpots","url":"https:\/\/redfoxlotto.com\/tr\/","logo":{"@type":"ImageObject","inLanguage":"tr","@id":"https:\/\/redfoxlotto.com\/tr\/#\/schema\/logo\/image\/","url":"https:\/\/redfoxlotto.com\/wp-content\/uploads\/2023\/04\/logo.png","contentUrl":"https:\/\/redfoxlotto.com\/wp-content\/uploads\/2023\/04\/logo.png","width":269,"height":53,"caption":"Get Tickets for the World\u2019s largest jackpots"},"image":{"@id":"https:\/\/redfoxlotto.com\/tr\/#\/schema\/logo\/image\/"}}]}},"_links":{"self":[{"href":"https:\/\/redfoxlotto.com\/tr\/wp-json\/wp\/v2\/pages\/2915","targetHints":{"allow":["GET"]}}],"collection":[{"href":"https:\/\/redfoxlotto.com\/tr\/wp-json\/wp\/v2\/pages"}],"about":[{"href":"https:\/\/redfoxlotto.com\/tr\/wp-json\/wp\/v2\/types\/page"}],"author":[{"embeddable":true,"href":"https:\/\/redfoxlotto.com\/tr\/wp-json\/wp\/v2\/users\/1"}],"replies":[{"embeddable":true,"href":"https:\/\/redfoxlotto.com\/tr\/wp-json\/wp\/v2\/comments?post=2915"}],"version-history":[{"count":0,"href":"https:\/\/redfoxlotto.com\/tr\/wp-json\/wp\/v2\/pages\/2915\/revisions"}],"up":[{"embeddable":true,"href":"https:\/\/redfoxlotto.com\/tr\/wp-json\/wp\/v2\/pages\/2913"}],"wp:attachment":[{"href":"https:\/\/redfoxlotto.com\/tr\/wp-json\/wp\/v2\/media?parent=2915"}],"curies":[{"name":"wp","href":"https:\/\/api.w.org\/{rel}","templated":true}]}}