{"id":2913,"date":"2023-04-24T14:10:57","date_gmt":"2023-04-24T14:10:57","guid":{"rendered":"https:\/\/redfoxlotto.com\/?page_id=5297"},"modified":"2025-12-15T20:11:17","modified_gmt":"2025-12-15T20:11:17","slug":"oyna","status":"publish","type":"page","link":"https:\/\/redfoxlotto.com\/tr\/oyna\/","title":{"rendered":"Uluslararas\u0131 piyangolara nas\u0131l kat\u0131l\u0131r\u0131m?"},"content":{"rendered":"<p><script type=\"application\/ld+json\">\n{\n  \"@context\": \"https:\/\/schema.org\",\n  \"@type\": \"Service\",\n  \"name\": \"Uluslararas\u0131 piyangolar\u0131 \u00e7evrim i\u00e7i oynay\u0131n\",\n  \"url\": \"https:\/\/redfoxlotto.com\/tr\/oyna\/\",\n  \"description\": \"Piyangoyu \u00e7evrim i\u00e7i oynay\u0131n ve uluslararas\u0131 jackpotlar\u0131 kazan\u0131n.\",\n  \"serviceType\": \"\u00c7evrim i\u00e7i piyango bileti arac\u0131l\u0131k hizmeti\",\n  \"provider\": {\n    \"@type\": \"Organization\",\n    \"name\": \"RedFoxLotto\",\n    \"url\": \"https:\/\/redfoxlotto.com\/tr\/oyna\/\",\n    \"image\": \"https:\/\/redfoxlotto.com\/wp-content\/uploads\/2025\/12\/ticket_scans.jpg\"\n  },\n  \"areaServed\": \"D\u00fcnya genelinde\",\n  \"termsOfService\": \"https:\/\/redfoxlotto.com\/terms-and-conditions\",\n  \"additionalProperty\": {\n    \"@type\": \"PropertyValue\",\n    \"name\": \"S\u0131k\u00e7a Sorulan Sorular\",\n    \"value\": \"https:\/\/redfoxlotto.com\/tr\/faq\/\"\n  },\n  \"hasOfferCatalog\": {\n    \"@type\": \"OfferCatalog\",\n    \"name\": \"Uluslararas\u0131 piyango biletleri\",\n    \"itemListElement\": [\n      {\n        \"@type\": \"Offer\",\n        \"name\": \"Uluslararas\u0131 piyango biletleri\",\n        \"url\": \"https:\/\/redfoxlotto.com\/tr\/oyna\/\",\n        \"description\": \"Uluslararas\u0131 piyangolar\u0131 \u00e7evrim i\u00e7i oynay\u0131n. Powerball, Mega Millions ve Euromillions gibi jackpotlar \u2014 her yerden kazan\u0131n.\",\n        \"availability\": \"https:\/\/schema.org\/InStock\",\n        \"itemOffered\": {\n          \"@type\": \"Service\",\n          \"name\": \"Uluslararas\u0131 piyango biletleri\",\n          \"description\": \"Uluslararas\u0131 piyangolar\u0131 \u00e7evrim i\u00e7i oynamak daha fazla se\u00e7enek ve daha iyi kazanma \u015fans\u0131 sunar.\"\n        }\n      }\n    ]\n  },\n  \"mainEntityOfPage\": {\n    \"@type\": \"WebPage\",\n    \"@id\": \"https:\/\/redfoxlotto.com\/tr\/oyna\/\"\n  }\n}\n<\/script><\/p>\n<h2>Herkesin oynayabilece\u011fi daha fazla piyango ve ikramiye!<\/h2>\n<p><a href=\"https:\/\/redfoxlotto.com\/tr\/loto\/\">D\u00fcnyan\u0131n t\u00fcm Loto<\/a> hayranlar\u0131 i\u00e7in harika haber! Art\u0131k \u00fclkenizdeki piyango ile s\u0131n\u0131rl\u0131 de\u011filsiniz. Daha \u00f6nce, uluslararas\u0131 piyangolara eri\u015fiminiz engellenmi\u015fti. Bu piyango ikramiyeleri i\u00e7in \u00fclkenizden bilet alam\u0131yordunuz. Ancak internet bu sorunu \u00e7\u00f6zd\u00fc. RedFoxLotto.com&#8217;da \u00e7evrimi\u00e7i olarak bir\u00e7ok uluslararas\u0131 piyango oynayabilirsiniz.<\/p>\n<h2>Loto Biletlerinizi Sat\u0131n Alma<\/h2>\n<p><strong><a href=\"https:\/\/redfoxlotto.com\/tr\/\">RedFoxLotto.com<\/a> piyango bileti kurye servisinizdir. <\/strong>B\u00fcy\u00fck piyangolar\u0131n yap\u0131ld\u0131\u011f\u0131 pek \u00e7ok \u00fclkede \u00e7al\u0131\u015fanlar\u0131m\u0131z bulunuyor. Bu \u00e7al\u0131\u015fanlar, m\u00fc\u015fterilerimiz i\u00e7in yerel olarak bilet sat\u0131n al\u0131yorlar. Siz, yani m\u00fc\u015fterimiz, online olarak biletlerinizi sipari\u015f edebilirsiniz. Tabii ki, kendi numaralar\u0131n\u0131z\u0131 belirleyeceksiniz. Ayr\u0131ca oynamak istedi\u011finiz say\u0131 kombinasyonunu ve biletinizin ka\u00e7 \u00e7ekili\u015f i\u00e7in ge\u00e7erli olaca\u011f\u0131n\u0131 da belirleyebilirsiniz. \u00d6demeler \u00e7evrimi\u00e7i olarak, \u00f6rne\u011fin kredi kart\u0131yla yap\u0131l\u0131r.<\/p>\n<h2>Hangi Oyunlar Oynanmal\u0131<\/h2>\n<p><img loading=\"lazy\" decoding=\"async\" class=\"size-full alignright\" src=\"https:\/\/content.redfoxlotto.com\/uploads\/sites\/9\/1_playing_lottery_online.jpg\" alt=\"\u00e7evrimi\u00e7i oyna ve kazan \" width=\"200\" height=\"140\" \/>Elbette, ayn\u0131 anda birden fazla uluslararas\u0131 piyangoya da kat\u0131labilirsiniz. Herhangi bir zamanda en b\u00fcy\u00fck ikramiyeyi veya en b\u00fcy\u00fck ikisini veya daha fazlas\u0131n\u0131 se\u00e7menizi \u00f6neririz. \u00d6rne\u011fin, s\u0131kl\u0131kla g\u00f6r\u00fcld\u00fc\u011f\u00fc \u00fczere, ABD&#8217;nin Powerball ve Mega Millions \u00e7ekili\u015fleri ayn\u0131 anda devasa ikramiyeler sunuyor. ABD&#8217;de ikramiyeler d\u00fczenli olarak 500 milyon dolara ula\u015f\u0131yor. Ge\u00e7mi\u015fte 1,5 milyar dolardan fazla ikramiye kazanan bile oldu.<\/p>\n<p><strong>Bu iki piyango d\u00fcnyan\u0131n en b\u00fcy\u00fckleri aras\u0131ndad\u0131r.<\/strong> \u00c7ok pop\u00fcler bir se\u00e7enek, ayn\u0131 say\u0131lar\u0131 ayn\u0131 hafta birden fazla piyangoda oynatmakt\u0131r. E\u011fer bir piyangoda kazanmazsan\u0131z, belki say\u0131lar\u0131n\u0131z di\u011ferinde \u015fansl\u0131 olur, kim bilir? Bu y\u00f6ntem, favori say\u0131lar\u0131n\u0131z\u0131n kazanma ihtimalini artt\u0131rman\u0131n ak\u0131ll\u0131ca bir yoludur. Hem de loto oynamay\u0131 daha da heyecanl\u0131 k\u0131lar!<\/p>\n<h2>Neden Uluslararas\u0131 Loto Oynamal\u0131y\u0131m?<\/h2>\n<p>Uluslararas\u0131 loto oynayan herkes paras\u0131n\u0131 daha ak\u0131ll\u0131ca kullan\u0131yor. Baz\u0131 piyango oyuncular\u0131, ikramiye ne kadar d\u00fc\u015f\u00fck olursa olsun, her hafta ulusal piyango i\u00e7in bilet sat\u0131n almaktad\u0131r. Matematik ve mant\u0131k, 200 milyon ikramiyeye sahip bir piyango bileti sat\u0131n alman\u0131n, 2 milyon ikramiyeye sahip olana bilet almaktan daha iyi oldu\u011funu s\u00f6yl\u00fcyor. Bu durum, \u00e7evrimi\u00e7i biletin fiyat\u0131n\u0131n yerel piyango bileti fiyat\u0131ndan y\u00fcksek olmas\u0131 halinde bile ge\u00e7erlidir.<\/p>\n<p>Tabii ki, sundu\u011fumuz hizmetim i\u00e7in daha y\u00fcksek bir fiyat talep etmemiz gerekiyor, \u00e7\u00fcnk\u00fc birtak\u0131m harcamalar\u0131m\u0131z var. Ayr\u0131ca, biraz da para kazanmak istiyoruz. Ancak, \u00e7evrimi\u00e7i piyango biletinin 4,50-5,00\u20ac ve ikramiyenin de 200 milyon oldu\u011funu varsayal\u0131m. \u00dclkenizdeki loto i\u00e7in 2,00\u20ac \u00f6der ve 10 milyon ikramiye al\u0131rs\u0131n\u0131z. Hangisi daha iyi ve daha mant\u0131kl\u0131? Eh, sorunun cevab\u0131 muhtemelen a\u00e7\u0131kt\u0131r.<\/p>\n<h2>Nas\u0131l Para Kazan\u0131yorsunuz<\/h2>\n<p><img loading=\"lazy\" decoding=\"async\" class=\"size-full alignright\" src=\"https:\/\/content.redfoxlotto.com\/uploads\/sites\/9\/1_mega_lotto_jackpot.jpg\" alt=\"\u00f6deme \u00e7evrimi\u00e7i piyango\" width=\"170\" height=\"200\" \/><\/p>\n<p>RedFoxLotto.com ayr\u0131ca <a href=\"https:\/\/redfoxlotto.com\/tr\/sonuclar\/\">kazanc\u0131n\u0131z\u0131 alman\u0131z\u0131<\/a> da garanti ediyor. <strong>Banka havalesi durumunda al\u0131nan k\u00fc\u00e7\u00fck bir \u00fccret d\u0131\u015f\u0131nda herhangi bir komisyon da yans\u0131tmayaca\u011f\u0131z. <\/strong>M\u00fc\u015fterilerimizin bir\u00e7o\u011fu halihaz\u0131rda bizim arac\u0131l\u0131\u011f\u0131m\u0131zla \u00f6d\u00fcller kazand\u0131. Baz\u0131lar\u0131n hayatlar\u0131 kazand\u0131klar\u0131 \u00f6d\u00fcllerle tamamen de\u011fi\u015fti!<\/p>\n<p>Online piyango oynaman\u0131n giderek daha pop\u00fcler hale gelmesinin ba\u015fl\u0131ca nedenleri i\u015fte bunlar. Ve \u015fimdi b\u00fcy\u00fck ikramiyelerden birini yakalama s\u0131ras\u0131 art\u0131k sizde &#8211; ne bekliyorsunuz?<\/p>\n","protected":false},"excerpt":{"rendered":"<p>Herkesin oynayabilece\u011fi daha fazla piyango ve ikramiye! D\u00fcnyan\u0131n t\u00fcm Loto hayranlar\u0131 i\u00e7in harika haber! Art\u0131k \u00fclkenizdeki piyango ile s\u0131n\u0131rl\u0131 de\u011filsiniz. Daha \u00f6nce, uluslararas\u0131 piyangolara eri\u015fiminiz engellenmi\u015fti. Bu piyango ikramiyeleri i\u00e7in \u00fclkenizden bilet alam\u0131yordunuz. Ancak internet bu sorunu \u00e7\u00f6zd\u00fc. RedFoxLotto.com&#8217;da \u00e7evrimi\u00e7i olarak bir\u00e7ok uluslararas\u0131 piyango oynayabilirsiniz. Loto Biletlerinizi Sat\u0131n Alma RedFoxLotto.com piyango bileti kurye servisinizdir. B\u00fcy\u00fck [&hellip;]<\/p>\n","protected":false},"author":1,"featured_media":0,"parent":0,"menu_order":2,"comment_status":"closed","ping_status":"closed","template":"Play-all.php","meta":{"_et_pb_use_builder":"","_et_pb_old_content":"","_et_gb_content_width":"","exclude_from_search":false,"footnotes":""},"class_list":["post-2913","page","type-page","status-publish","hentry"],"yoast_head":"<!-- This site is optimized with the Yoast SEO plugin v23.8 - https:\/\/yoast.com\/wordpress\/plugins\/seo\/ -->\n<title>Uluslararas\u0131 piyangolar\u0131 online oynay\u0131n<\/title>\n<meta name=\"description\" content=\"Uluslararas\u0131 piyangolar\u0131 \u00e7evrimi\u00e7i oynamak size daha fazla se\u00e7enek ve daha y\u00fcksek \u015fans sunar - i\u015fte sebebi!\" \/>\n<meta name=\"robots\" content=\"index, follow, max-snippet:-1, max-image-preview:large, max-video-preview:-1\" \/>\n<link rel=\"canonical\" href=\"https:\/\/redfoxlotto.com\/tr\/oyna\/\" \/>\n<meta property=\"og:locale\" content=\"tr_TR\" \/>\n<meta property=\"og:type\" content=\"article\" \/>\n<meta property=\"og:title\" content=\"Uluslararas\u0131 piyangolar\u0131 online oynay\u0131n\" \/>\n<meta property=\"og:description\" content=\"Uluslararas\u0131 piyangolar\u0131 \u00e7evrimi\u00e7i oynamak size daha fazla se\u00e7enek ve daha y\u00fcksek \u015fans sunar - i\u015fte sebebi!\" \/>\n<meta property=\"og:url\" content=\"https:\/\/redfoxlotto.com\/tr\/oyna\/\" \/>\n<meta property=\"og:site_name\" content=\"Get Tickets for the World\u2019s largest jackpots\" \/>\n<meta property=\"article:modified_time\" content=\"2025-12-15T20:11:17+00:00\" \/>\n<meta property=\"og:image\" content=\"https:\/\/content.redfoxlotto.com\/uploads\/sites\/9\/1_playing_lottery_online.jpg\" \/>\n<meta name=\"twitter:card\" content=\"summary_large_image\" \/>\n<meta name=\"twitter:label1\" content=\"Tahmini okuma s\u00fcresi\" \/>\n\t<meta name=\"twitter:data1\" content=\"3 dakika\" \/>\n<script type=\"application\/ld+json\" class=\"yoast-schema-graph\">{\"@context\":\"https:\/\/schema.org\",\"@graph\":[{\"@type\":\"WebPage\",\"@id\":\"https:\/\/redfoxlotto.com\/tr\/oyna\/\",\"url\":\"https:\/\/redfoxlotto.com\/tr\/oyna\/\",\"name\":\"Uluslararas\u0131 piyangolar\u0131 online oynay\u0131n\",\"isPartOf\":{\"@id\":\"https:\/\/redfoxlotto.com\/tr\/#website\"},\"primaryImageOfPage\":{\"@id\":\"https:\/\/redfoxlotto.com\/tr\/oyna\/#primaryimage\"},\"image\":{\"@id\":\"https:\/\/redfoxlotto.com\/tr\/oyna\/#primaryimage\"},\"thumbnailUrl\":\"https:\/\/content.redfoxlotto.com\/uploads\/sites\/9\/1_playing_lottery_online.jpg\",\"datePublished\":\"2023-04-24T14:10:57+00:00\",\"dateModified\":\"2025-12-15T20:11:17+00:00\",\"description\":\"Uluslararas\u0131 piyangolar\u0131 \u00e7evrimi\u00e7i oynamak size daha fazla se\u00e7enek ve daha y\u00fcksek \u015fans sunar - i\u015fte sebebi!\",\"breadcrumb\":{\"@id\":\"https:\/\/redfoxlotto.com\/tr\/oyna\/#breadcrumb\"},\"inLanguage\":\"tr\",\"potentialAction\":[{\"@type\":\"ReadAction\",\"target\":[\"https:\/\/redfoxlotto.com\/tr\/oyna\/\"]}]},{\"@type\":\"ImageObject\",\"inLanguage\":\"tr\",\"@id\":\"https:\/\/redfoxlotto.com\/tr\/oyna\/#primaryimage\",\"url\":\"https:\/\/content.redfoxlotto.com\/uploads\/sites\/9\/1_playing_lottery_online.jpg\",\"contentUrl\":\"https:\/\/content.redfoxlotto.com\/uploads\/sites\/9\/1_playing_lottery_online.jpg\"},{\"@type\":\"BreadcrumbList\",\"@id\":\"https:\/\/redfoxlotto.com\/tr\/oyna\/#breadcrumb\",\"itemListElement\":[{\"@type\":\"ListItem\",\"position\":1,\"name\":\"Home\",\"item\":\"https:\/\/redfoxlotto.com\/tr\/\"},{\"@type\":\"ListItem\",\"position\":2,\"name\":\"Uluslararas\u0131 piyangolara nas\u0131l kat\u0131l\u0131r\u0131m?\"}]},{\"@type\":\"WebSite\",\"@id\":\"https:\/\/redfoxlotto.com\/tr\/#website\",\"url\":\"https:\/\/redfoxlotto.com\/tr\/\",\"name\":\"Get Tickets for the World\u2019s largest jackpots\",\"description\":\"Participate in worldwide lottery jackpots from any country\",\"publisher\":{\"@id\":\"https:\/\/redfoxlotto.com\/tr\/#organization\"},\"potentialAction\":[{\"@type\":\"SearchAction\",\"target\":{\"@type\":\"EntryPoint\",\"urlTemplate\":\"https:\/\/redfoxlotto.com\/tr\/?s={search_term_string}\"},\"query-input\":{\"@type\":\"PropertyValueSpecification\",\"valueRequired\":true,\"valueName\":\"search_term_string\"}}],\"inLanguage\":\"tr\"},{\"@type\":\"Organization\",\"@id\":\"https:\/\/redfoxlotto.com\/tr\/#organization\",\"name\":\"Get Tickets for the World\u2019s largest jackpots\",\"url\":\"https:\/\/redfoxlotto.com\/tr\/\",\"logo\":{\"@type\":\"ImageObject\",\"inLanguage\":\"tr\",\"@id\":\"https:\/\/redfoxlotto.com\/tr\/#\/schema\/logo\/image\/\",\"url\":\"https:\/\/redfoxlotto.com\/wp-content\/uploads\/2023\/04\/logo.png\",\"contentUrl\":\"https:\/\/redfoxlotto.com\/wp-content\/uploads\/2023\/04\/logo.png\",\"width\":269,\"height\":53,\"caption\":\"Get Tickets for the World\u2019s largest jackpots\"},\"image\":{\"@id\":\"https:\/\/redfoxlotto.com\/tr\/#\/schema\/logo\/image\/\"}}]}<\/script>\n<!-- \/ Yoast SEO plugin. -->","yoast_head_json":{"title":"Uluslararas\u0131 piyangolar\u0131 online oynay\u0131n","description":"Uluslararas\u0131 piyangolar\u0131 \u00e7evrimi\u00e7i oynamak size daha fazla se\u00e7enek ve daha y\u00fcksek \u015fans sunar - i\u015fte sebebi!","robots":{"index":"index","follow":"follow","max-snippet":"max-snippet:-1","max-image-preview":"max-image-preview:large","max-video-preview":"max-video-preview:-1"},"canonical":"https:\/\/redfoxlotto.com\/tr\/oyna\/","og_locale":"tr_TR","og_type":"article","og_title":"Uluslararas\u0131 piyangolar\u0131 online oynay\u0131n","og_description":"Uluslararas\u0131 piyangolar\u0131 \u00e7evrimi\u00e7i oynamak size daha fazla se\u00e7enek ve daha y\u00fcksek \u015fans sunar - i\u015fte sebebi!","og_url":"https:\/\/redfoxlotto.com\/tr\/oyna\/","og_site_name":"Get Tickets for the World\u2019s largest jackpots","article_modified_time":"2025-12-15T20:11:17+00:00","og_image":[{"url":"https:\/\/content.redfoxlotto.com\/uploads\/sites\/9\/1_playing_lottery_online.jpg"}],"twitter_card":"summary_large_image","twitter_misc":{"Tahmini okuma s\u00fcresi":"3 dakika"},"schema":{"@context":"https:\/\/schema.org","@graph":[{"@type":"WebPage","@id":"https:\/\/redfoxlotto.com\/tr\/oyna\/","url":"https:\/\/redfoxlotto.com\/tr\/oyna\/","name":"Uluslararas\u0131 piyangolar\u0131 online oynay\u0131n","isPartOf":{"@id":"https:\/\/redfoxlotto.com\/tr\/#website"},"primaryImageOfPage":{"@id":"https:\/\/redfoxlotto.com\/tr\/oyna\/#primaryimage"},"image":{"@id":"https:\/\/redfoxlotto.com\/tr\/oyna\/#primaryimage"},"thumbnailUrl":"https:\/\/content.redfoxlotto.com\/uploads\/sites\/9\/1_playing_lottery_online.jpg","datePublished":"2023-04-24T14:10:57+00:00","dateModified":"2025-12-15T20:11:17+00:00","description":"Uluslararas\u0131 piyangolar\u0131 \u00e7evrimi\u00e7i oynamak size daha fazla se\u00e7enek ve daha y\u00fcksek \u015fans sunar - i\u015fte sebebi!","breadcrumb":{"@id":"https:\/\/redfoxlotto.com\/tr\/oyna\/#breadcrumb"},"inLanguage":"tr","potentialAction":[{"@type":"ReadAction","target":["https:\/\/redfoxlotto.com\/tr\/oyna\/"]}]},{"@type":"ImageObject","inLanguage":"tr","@id":"https:\/\/redfoxlotto.com\/tr\/oyna\/#primaryimage","url":"https:\/\/content.redfoxlotto.com\/uploads\/sites\/9\/1_playing_lottery_online.jpg","contentUrl":"https:\/\/content.redfoxlotto.com\/uploads\/sites\/9\/1_playing_lottery_online.jpg"},{"@type":"BreadcrumbList","@id":"https:\/\/redfoxlotto.com\/tr\/oyna\/#breadcrumb","itemListElement":[{"@type":"ListItem","position":1,"name":"Home","item":"https:\/\/redfoxlotto.com\/tr\/"},{"@type":"ListItem","position":2,"name":"Uluslararas\u0131 piyangolara nas\u0131l kat\u0131l\u0131r\u0131m?"}]},{"@type":"WebSite","@id":"https:\/\/redfoxlotto.com\/tr\/#website","url":"https:\/\/redfoxlotto.com\/tr\/","name":"Get Tickets for the World\u2019s largest jackpots","description":"Participate in worldwide lottery jackpots from any country","publisher":{"@id":"https:\/\/redfoxlotto.com\/tr\/#organization"},"potentialAction":[{"@type":"SearchAction","target":{"@type":"EntryPoint","urlTemplate":"https:\/\/redfoxlotto.com\/tr\/?s={search_term_string}"},"query-input":{"@type":"PropertyValueSpecification","valueRequired":true,"valueName":"search_term_string"}}],"inLanguage":"tr"},{"@type":"Organization","@id":"https:\/\/redfoxlotto.com\/tr\/#organization","name":"Get Tickets for the World\u2019s largest jackpots","url":"https:\/\/redfoxlotto.com\/tr\/","logo":{"@type":"ImageObject","inLanguage":"tr","@id":"https:\/\/redfoxlotto.com\/tr\/#\/schema\/logo\/image\/","url":"https:\/\/redfoxlotto.com\/wp-content\/uploads\/2023\/04\/logo.png","contentUrl":"https:\/\/redfoxlotto.com\/wp-content\/uploads\/2023\/04\/logo.png","width":269,"height":53,"caption":"Get Tickets for the World\u2019s largest jackpots"},"image":{"@id":"https:\/\/redfoxlotto.com\/tr\/#\/schema\/logo\/image\/"}}]}},"_links":{"self":[{"href":"https:\/\/redfoxlotto.com\/tr\/wp-json\/wp\/v2\/pages\/2913","targetHints":{"allow":["GET"]}}],"collection":[{"href":"https:\/\/redfoxlotto.com\/tr\/wp-json\/wp\/v2\/pages"}],"about":[{"href":"https:\/\/redfoxlotto.com\/tr\/wp-json\/wp\/v2\/types\/page"}],"author":[{"embeddable":true,"href":"https:\/\/redfoxlotto.com\/tr\/wp-json\/wp\/v2\/users\/1"}],"replies":[{"embeddable":true,"href":"https:\/\/redfoxlotto.com\/tr\/wp-json\/wp\/v2\/comments?post=2913"}],"version-history":[{"count":0,"href":"https:\/\/redfoxlotto.com\/tr\/wp-json\/wp\/v2\/pages\/2913\/revisions"}],"wp:attachment":[{"href":"https:\/\/redfoxlotto.com\/tr\/wp-json\/wp\/v2\/media?parent=2913"}],"curies":[{"name":"wp","href":"https:\/\/api.w.org\/{rel}","templated":true}]}}