{"id":14514,"date":"2020-08-18T10:30:08","date_gmt":"2020-08-18T10:30:08","guid":{"rendered":"https:\/\/redfoxlotto.com\/?page_id=14514"},"modified":"2023-05-24T17:57:07","modified_gmt":"2023-05-24T17:57:07","slug":"set-for-life-uk","status":"publish","type":"page","link":"https:\/\/redfoxlotto.com\/tr\/loto\/set-for-life-uk\/","title":{"rendered":"Set for life piyango UK hakk\u0131nda"},"content":{"rendered":"<h2 class=\"wp-block-heading\">Siz de &#8220;Set for life&#8221; piyangosu i\u00e7in bilet sat\u0131n alabilirsiniz<\/h2><p><img loading=\"lazy\" decoding=\"async\" class=\" wp-image alignright\" src=\"https:\/\/content.redfoxlotto.com\/uploads\/sites\/9\/1_online_tickets_for_lottery.jpg\" alt=\"\u00f6m\u00fcr boyu \u00e7evrimi\u00e7i sat\u0131n al i\u00e7in ayarla\" width=\"240\" height=\"169\" \/><\/p><p>&#8220;Set for life&#8221; Birle\u015fik Krall\u0131k&#8217;tan bir piyangodur, ancak &#8220;Set for life&#8221; i\u00e7in bilet sat\u0131n almak i\u00e7in Birle\u015fik Krall\u0131k&#8217;ta ikamet etmek zorunda de\u011filsiniz &#8211; bunlar\u0131 sitemizden \u00e7evrimi\u00e7i olarak sat\u0131n alabilirsiniz.<\/p><h2 class=\"wp-block-heading\">&#8220;Set for life&#8221; nas\u0131l \u00e7al\u0131\u015f\u0131r<\/h2><p>Bu piyango, say\u0131lar s\u00f6z konusu oldu\u011funda di\u011fer t\u00fcm piyangolar gibi \u00e7al\u0131\u015f\u0131r. Farkl\u0131 olan, ana \u00f6d\u00fcllerin 30 y\u0131l (1. \u00f6d\u00fcl) veya bir y\u0131l (2. \u00f6d\u00fcl) i\u00e7in ayl\u0131k 10.000 sterlinlik \u00f6demeler olmas\u0131d\u0131r.<\/p><p>Buna ek olarak, \u00a3 10 ile \u00a3 250 aras\u0131nda kazanabilece\u011finiz 5 alt kademe vard\u0131r.<\/p>","protected":false},"excerpt":{"rendered":"<p>Siz de &#8220;Set for life&#8221; piyangosu i\u00e7in bilet sat\u0131n alabilirsiniz &#8220;Set for life&#8221; Birle\u015fik Krall\u0131k&#8217;tan bir piyangodur, ancak &#8220;Set for life&#8221; i\u00e7in bilet sat\u0131n almak i\u00e7in Birle\u015fik Krall\u0131k&#8217;ta ikamet etmek zorunda de\u011filsiniz &#8211; bunlar\u0131 sitemizden \u00e7evrimi\u00e7i olarak sat\u0131n alabilirsiniz. &#8220;Set for life&#8221; nas\u0131l \u00e7al\u0131\u015f\u0131r Bu piyango, say\u0131lar s\u00f6z konusu oldu\u011funda di\u011fer t\u00fcm piyangolar gibi \u00e7al\u0131\u015f\u0131r. [&hellip;]<\/p>\n","protected":false},"author":1,"featured_media":0,"parent":2932,"menu_order":10,"comment_status":"closed","ping_status":"closed","template":"set-for-life-info.php","meta":{"_et_pb_use_builder":"","_et_pb_old_content":"","_et_gb_content_width":"","exclude_from_search":false,"footnotes":""},"class_list":["post-14514","page","type-page","status-publish","hentry"],"yoast_head":"<!-- This site is optimized with the Yoast SEO plugin v23.8 - https:\/\/yoast.com\/wordpress\/plugins\/seo\/ -->\n<title>Set for life loto i\u00e7in \u00e7evrimi\u00e7i bir bilet al\u0131n<\/title>\n<meta name=\"description\" content=\"Hayat loto i\u00e7in ayarlay\u0131n - \u00e7evrimi\u00e7i sat\u0131n alabilece\u011finiz bir biletle kazan\u0131n\" \/>\n<meta name=\"robots\" content=\"index, follow, max-snippet:-1, max-image-preview:large, max-video-preview:-1\" \/>\n<link rel=\"canonical\" href=\"https:\/\/redfoxlotto.com\/tr\/loto\/set-for-life-uk\/\" \/>\n<meta property=\"og:locale\" content=\"tr_TR\" \/>\n<meta property=\"og:type\" content=\"article\" \/>\n<meta property=\"og:title\" content=\"Set for life loto i\u00e7in \u00e7evrimi\u00e7i bir bilet al\u0131n\" \/>\n<meta property=\"og:description\" content=\"Hayat loto i\u00e7in ayarlay\u0131n - \u00e7evrimi\u00e7i sat\u0131n alabilece\u011finiz bir biletle kazan\u0131n\" \/>\n<meta property=\"og:url\" content=\"https:\/\/redfoxlotto.com\/tr\/loto\/set-for-life-uk\/\" \/>\n<meta property=\"og:site_name\" content=\"Get Tickets for the World\u2019s largest jackpots\" \/>\n<meta property=\"article:modified_time\" content=\"2023-05-24T17:57:07+00:00\" \/>\n<meta property=\"og:image\" content=\"https:\/\/content.redfoxlotto.com\/uploads\/sites\/9\/1_online_tickets_for_lottery.jpg\" \/>\n<meta name=\"twitter:card\" content=\"summary_large_image\" \/>\n<meta name=\"twitter:label1\" content=\"Tahmini okuma s\u00fcresi\" \/>\n\t<meta name=\"twitter:data1\" content=\"1 dakika\" \/>\n<script type=\"application\/ld+json\" class=\"yoast-schema-graph\">{\"@context\":\"https:\/\/schema.org\",\"@graph\":[{\"@type\":\"WebPage\",\"@id\":\"https:\/\/redfoxlotto.com\/tr\/loto\/set-for-life-uk\/\",\"url\":\"https:\/\/redfoxlotto.com\/tr\/loto\/set-for-life-uk\/\",\"name\":\"Set for life loto i\u00e7in \u00e7evrimi\u00e7i bir bilet al\u0131n\",\"isPartOf\":{\"@id\":\"https:\/\/redfoxlotto.com\/tr\/#website\"},\"primaryImageOfPage\":{\"@id\":\"https:\/\/redfoxlotto.com\/tr\/loto\/set-for-life-uk\/#primaryimage\"},\"image\":{\"@id\":\"https:\/\/redfoxlotto.com\/tr\/loto\/set-for-life-uk\/#primaryimage\"},\"thumbnailUrl\":\"https:\/\/content.redfoxlotto.com\/uploads\/sites\/9\/1_online_tickets_for_lottery.jpg\",\"datePublished\":\"2020-08-18T10:30:08+00:00\",\"dateModified\":\"2023-05-24T17:57:07+00:00\",\"description\":\"Hayat loto i\u00e7in ayarlay\u0131n - \u00e7evrimi\u00e7i sat\u0131n alabilece\u011finiz bir biletle kazan\u0131n\",\"breadcrumb\":{\"@id\":\"https:\/\/redfoxlotto.com\/tr\/loto\/set-for-life-uk\/#breadcrumb\"},\"inLanguage\":\"tr\",\"potentialAction\":[{\"@type\":\"ReadAction\",\"target\":[\"https:\/\/redfoxlotto.com\/tr\/loto\/set-for-life-uk\/\"]}]},{\"@type\":\"ImageObject\",\"inLanguage\":\"tr\",\"@id\":\"https:\/\/redfoxlotto.com\/tr\/loto\/set-for-life-uk\/#primaryimage\",\"url\":\"https:\/\/content.redfoxlotto.com\/uploads\/sites\/9\/1_online_tickets_for_lottery.jpg\",\"contentUrl\":\"https:\/\/content.redfoxlotto.com\/uploads\/sites\/9\/1_online_tickets_for_lottery.jpg\"},{\"@type\":\"BreadcrumbList\",\"@id\":\"https:\/\/redfoxlotto.com\/tr\/loto\/set-for-life-uk\/#breadcrumb\",\"itemListElement\":[{\"@type\":\"ListItem\",\"position\":1,\"name\":\"Home\",\"item\":\"https:\/\/redfoxlotto.com\/tr\/\"},{\"@type\":\"ListItem\",\"position\":2,\"name\":\"Online piyango bileti sat\u0131n alma i\u015flemi\",\"item\":\"https:\/\/redfoxlotto.com\/tr\/loto\/\"},{\"@type\":\"ListItem\",\"position\":3,\"name\":\"Set for life piyango UK hakk\u0131nda\"}]},{\"@type\":\"WebSite\",\"@id\":\"https:\/\/redfoxlotto.com\/tr\/#website\",\"url\":\"https:\/\/redfoxlotto.com\/tr\/\",\"name\":\"Get Tickets for the World\u2019s largest jackpots\",\"description\":\"Participate in worldwide lottery jackpots from any country\",\"publisher\":{\"@id\":\"https:\/\/redfoxlotto.com\/tr\/#organization\"},\"potentialAction\":[{\"@type\":\"SearchAction\",\"target\":{\"@type\":\"EntryPoint\",\"urlTemplate\":\"https:\/\/redfoxlotto.com\/tr\/?s={search_term_string}\"},\"query-input\":{\"@type\":\"PropertyValueSpecification\",\"valueRequired\":true,\"valueName\":\"search_term_string\"}}],\"inLanguage\":\"tr\"},{\"@type\":\"Organization\",\"@id\":\"https:\/\/redfoxlotto.com\/tr\/#organization\",\"name\":\"Get Tickets for the World\u2019s largest jackpots\",\"url\":\"https:\/\/redfoxlotto.com\/tr\/\",\"logo\":{\"@type\":\"ImageObject\",\"inLanguage\":\"tr\",\"@id\":\"https:\/\/redfoxlotto.com\/tr\/#\/schema\/logo\/image\/\",\"url\":\"https:\/\/redfoxlotto.com\/wp-content\/uploads\/2023\/04\/logo.png\",\"contentUrl\":\"https:\/\/redfoxlotto.com\/wp-content\/uploads\/2023\/04\/logo.png\",\"width\":269,\"height\":53,\"caption\":\"Get Tickets for the World\u2019s largest jackpots\"},\"image\":{\"@id\":\"https:\/\/redfoxlotto.com\/tr\/#\/schema\/logo\/image\/\"}}]}<\/script>\n<!-- \/ Yoast SEO plugin. -->","yoast_head_json":{"title":"Set for life loto i\u00e7in \u00e7evrimi\u00e7i bir bilet al\u0131n","description":"Hayat loto i\u00e7in ayarlay\u0131n - \u00e7evrimi\u00e7i sat\u0131n alabilece\u011finiz bir biletle kazan\u0131n","robots":{"index":"index","follow":"follow","max-snippet":"max-snippet:-1","max-image-preview":"max-image-preview:large","max-video-preview":"max-video-preview:-1"},"canonical":"https:\/\/redfoxlotto.com\/tr\/loto\/set-for-life-uk\/","og_locale":"tr_TR","og_type":"article","og_title":"Set for life loto i\u00e7in \u00e7evrimi\u00e7i bir bilet al\u0131n","og_description":"Hayat loto i\u00e7in ayarlay\u0131n - \u00e7evrimi\u00e7i sat\u0131n alabilece\u011finiz bir biletle kazan\u0131n","og_url":"https:\/\/redfoxlotto.com\/tr\/loto\/set-for-life-uk\/","og_site_name":"Get Tickets for the World\u2019s largest jackpots","article_modified_time":"2023-05-24T17:57:07+00:00","og_image":[{"url":"https:\/\/content.redfoxlotto.com\/uploads\/sites\/9\/1_online_tickets_for_lottery.jpg"}],"twitter_card":"summary_large_image","twitter_misc":{"Tahmini okuma s\u00fcresi":"1 dakika"},"schema":{"@context":"https:\/\/schema.org","@graph":[{"@type":"WebPage","@id":"https:\/\/redfoxlotto.com\/tr\/loto\/set-for-life-uk\/","url":"https:\/\/redfoxlotto.com\/tr\/loto\/set-for-life-uk\/","name":"Set for life loto i\u00e7in \u00e7evrimi\u00e7i bir bilet al\u0131n","isPartOf":{"@id":"https:\/\/redfoxlotto.com\/tr\/#website"},"primaryImageOfPage":{"@id":"https:\/\/redfoxlotto.com\/tr\/loto\/set-for-life-uk\/#primaryimage"},"image":{"@id":"https:\/\/redfoxlotto.com\/tr\/loto\/set-for-life-uk\/#primaryimage"},"thumbnailUrl":"https:\/\/content.redfoxlotto.com\/uploads\/sites\/9\/1_online_tickets_for_lottery.jpg","datePublished":"2020-08-18T10:30:08+00:00","dateModified":"2023-05-24T17:57:07+00:00","description":"Hayat loto i\u00e7in ayarlay\u0131n - \u00e7evrimi\u00e7i sat\u0131n alabilece\u011finiz bir biletle kazan\u0131n","breadcrumb":{"@id":"https:\/\/redfoxlotto.com\/tr\/loto\/set-for-life-uk\/#breadcrumb"},"inLanguage":"tr","potentialAction":[{"@type":"ReadAction","target":["https:\/\/redfoxlotto.com\/tr\/loto\/set-for-life-uk\/"]}]},{"@type":"ImageObject","inLanguage":"tr","@id":"https:\/\/redfoxlotto.com\/tr\/loto\/set-for-life-uk\/#primaryimage","url":"https:\/\/content.redfoxlotto.com\/uploads\/sites\/9\/1_online_tickets_for_lottery.jpg","contentUrl":"https:\/\/content.redfoxlotto.com\/uploads\/sites\/9\/1_online_tickets_for_lottery.jpg"},{"@type":"BreadcrumbList","@id":"https:\/\/redfoxlotto.com\/tr\/loto\/set-for-life-uk\/#breadcrumb","itemListElement":[{"@type":"ListItem","position":1,"name":"Home","item":"https:\/\/redfoxlotto.com\/tr\/"},{"@type":"ListItem","position":2,"name":"Online piyango bileti sat\u0131n alma i\u015flemi","item":"https:\/\/redfoxlotto.com\/tr\/loto\/"},{"@type":"ListItem","position":3,"name":"Set for life piyango UK hakk\u0131nda"}]},{"@type":"WebSite","@id":"https:\/\/redfoxlotto.com\/tr\/#website","url":"https:\/\/redfoxlotto.com\/tr\/","name":"Get Tickets for the World\u2019s largest jackpots","description":"Participate in worldwide lottery jackpots from any country","publisher":{"@id":"https:\/\/redfoxlotto.com\/tr\/#organization"},"potentialAction":[{"@type":"SearchAction","target":{"@type":"EntryPoint","urlTemplate":"https:\/\/redfoxlotto.com\/tr\/?s={search_term_string}"},"query-input":{"@type":"PropertyValueSpecification","valueRequired":true,"valueName":"search_term_string"}}],"inLanguage":"tr"},{"@type":"Organization","@id":"https:\/\/redfoxlotto.com\/tr\/#organization","name":"Get Tickets for the World\u2019s largest jackpots","url":"https:\/\/redfoxlotto.com\/tr\/","logo":{"@type":"ImageObject","inLanguage":"tr","@id":"https:\/\/redfoxlotto.com\/tr\/#\/schema\/logo\/image\/","url":"https:\/\/redfoxlotto.com\/wp-content\/uploads\/2023\/04\/logo.png","contentUrl":"https:\/\/redfoxlotto.com\/wp-content\/uploads\/2023\/04\/logo.png","width":269,"height":53,"caption":"Get Tickets for the World\u2019s largest jackpots"},"image":{"@id":"https:\/\/redfoxlotto.com\/tr\/#\/schema\/logo\/image\/"}}]}},"_links":{"self":[{"href":"https:\/\/redfoxlotto.com\/tr\/wp-json\/wp\/v2\/pages\/14514","targetHints":{"allow":["GET"]}}],"collection":[{"href":"https:\/\/redfoxlotto.com\/tr\/wp-json\/wp\/v2\/pages"}],"about":[{"href":"https:\/\/redfoxlotto.com\/tr\/wp-json\/wp\/v2\/types\/page"}],"author":[{"embeddable":true,"href":"https:\/\/redfoxlotto.com\/tr\/wp-json\/wp\/v2\/users\/1"}],"replies":[{"embeddable":true,"href":"https:\/\/redfoxlotto.com\/tr\/wp-json\/wp\/v2\/comments?post=14514"}],"version-history":[{"count":0,"href":"https:\/\/redfoxlotto.com\/tr\/wp-json\/wp\/v2\/pages\/14514\/revisions"}],"up":[{"embeddable":true,"href":"https:\/\/redfoxlotto.com\/tr\/wp-json\/wp\/v2\/pages\/2932"}],"wp:attachment":[{"href":"https:\/\/redfoxlotto.com\/tr\/wp-json\/wp\/v2\/media?parent=14514"}],"curies":[{"name":"wp","href":"https:\/\/api.w.org\/{rel}","templated":true}]}}