{"id":14475,"date":"2020-08-18T09:19:26","date_gmt":"2020-08-18T09:19:26","guid":{"rendered":"https:\/\/redfoxlotto.com\/?page_id=14475"},"modified":"2023-05-24T17:56:54","modified_gmt":"2023-05-24T17:56:54","slug":"lotto-6aus49","status":"publish","type":"page","link":"https:\/\/redfoxlotto.com\/tr\/loto\/lotto-6aus49\/","title":{"rendered":"Alman Lotto 6 aus 49 Hakk\u0131nda"},"content":{"rendered":"<h2 class=\"wp-block-heading\">\u00c7evrimi\u00e7i Alman Loto 6aus49 i\u00e7in Bilet Sat\u0131n Al\u0131n<\/h2><p><img decoding=\"async\" class=\"size-full wp-image alignright\" src=\"https:\/\/content.redfoxlotto.com\/uploads\/sites\/9\/1_buy_lottery_online.jpg\" alt=\"tyska lottobiljetter\" \/><\/p><p>Alman Loto&#8217;sunu oynamak istedi\u011finize karar verdi\u011finizde, art\u0131k biletlerinizi sat\u0131n alma zaman\u0131 gelmi\u015ftir. Peki Alman loto 6aus49 i\u00e7in online bilet nas\u0131l sat\u0131n al\u0131n\u0131r? Asl\u0131nda d\u00fc\u015f\u00fcnd\u00fc\u011f\u00fcn\u00fczden daha kolay. Ba\u015flamak i\u00e7in tek yapman\u0131z gereken RedFoxLotto.com&#8217;u ziyaret etmek.<\/p><p><!--more--><\/p><h2 class=\"wp-block-heading\">Numaralar\u0131n\u0131z\u0131 Se\u00e7me<\/h2><p>Oynamaya haz\u0131r oldu\u011funuzda 1 ile 49 aras\u0131nda 6 ve 0 ile 9 aras\u0131nda 1 say\u0131 se\u00e7meniz yeterli. Daha sonra, en az 3 say\u0131y\u0131 e\u015fle\u015ftirirseniz, oyun boyunca bir \u015feyler kazan\u0131rs\u0131n\u0131z. Daha fazla e\u015fle\u015ftirin ve daha da fazlas\u0131n\u0131 kazan\u0131n.<\/p><h2 class=\"wp-block-heading\">Biletlerinizi Sat\u0131n Alma<\/h2><p><img loading=\"lazy\" decoding=\"async\" class=\" wp-image alignright\" src=\"https:\/\/content.redfoxlotto.com\/uploads\/sites\/9\/1_lottery_draw_balls.jpg\" alt=\"vinn lotteri online\" width=\"227\" height=\"227\" \/><\/p><p>\u015eimdi, numaralar\u0131n\u0131z\u0131 nas\u0131l se\u00e7ece\u011finizi zaten biliyorsunuz, ancak biletleri nas\u0131l sat\u0131n alacaks\u0131n\u0131z? Basit. RedFoxLotto.com&#8217;da oturum a\u00e7\u0131n ve istedi\u011finiz oyun i\u00e7in istedi\u011finiz say\u0131lar\u0131 se\u00e7in. Bu veya ba\u015fka bir oyun olabilir. Ard\u0131ndan, biletlerinizin ka\u00e7 \u00e7izim i\u00e7in uygun olmas\u0131n\u0131 istedi\u011finizi se\u00e7in ve tercih etti\u011finiz \u00f6deme y\u00f6ntemini girin.<\/p><p>\u00d6deme bilgilerinizi girdikten ve sat\u0131n alma i\u015flemini tamamlad\u0131ktan sonra yapman\u0131z gereken tek \u015fey bir \u015fey kazan\u0131p kazanmad\u0131\u011f\u0131n\u0131z\u0131 \u00f6\u011frenmek i\u00e7in beklemektir.<\/p><h2 class=\"wp-block-heading\">Kazand\u0131n\u0131z m\u0131<\/h2><p>\u00c7evrimi\u00e7i Alman Loto 6aus49 i\u00e7in bilet al\u0131rsan\u0131z, \u00e7evrimi\u00e7i kazan\u0131p kazanmad\u0131\u011f\u0131n\u0131z\u0131 da \u00f6\u011frenmek istersiniz ve bu d\u00fc\u015f\u00fcnd\u00fc\u011f\u00fcn\u00fczden daha kolay. Tek yapman\u0131z gereken, hesab\u0131n\u0131za giri\u015f yapmak ve kazanan say\u0131lar\u0131 ve say\u0131lar\u0131n\u0131z\u0131n nas\u0131l kar\u015f\u0131la\u015ft\u0131r\u0131ld\u0131\u011f\u0131n\u0131 g\u00f6rmek i\u00e7in biletler b\u00f6l\u00fcm\u00fcne bakmakt\u0131r.<\/p>","protected":false},"excerpt":{"rendered":"<p>\u00c7evrimi\u00e7i Alman Loto 6aus49 i\u00e7in Bilet Sat\u0131n Al\u0131n Alman Loto&#8217;sunu oynamak istedi\u011finize karar verdi\u011finizde, art\u0131k biletlerinizi sat\u0131n alma zaman\u0131 gelmi\u015ftir. Peki Alman loto 6aus49 i\u00e7in online bilet nas\u0131l sat\u0131n al\u0131n\u0131r? Asl\u0131nda d\u00fc\u015f\u00fcnd\u00fc\u011f\u00fcn\u00fczden daha kolay. Ba\u015flamak i\u00e7in tek yapman\u0131z gereken RedFoxLotto.com&#8217;u ziyaret etmek.<\/p>\n","protected":false},"author":1,"featured_media":0,"parent":2932,"menu_order":15,"comment_status":"closed","ping_status":"closed","template":"lotto-german-info.php","meta":{"_et_pb_use_builder":"","_et_pb_old_content":"","_et_gb_content_width":"","exclude_from_search":false,"footnotes":""},"class_list":["post-14475","page","type-page","status-publish","hentry"],"yoast_head":"<!-- This site is optimized with the Yoast SEO plugin v23.8 - https:\/\/yoast.com\/wordpress\/plugins\/seo\/ -->\n<title>\u00c7evrimi\u00e7i Alman Loto biletleri al\u0131n<\/title>\n<meta name=\"description\" content=\"Almanya d\u0131\u015f\u0131ndan loto hayranlar\u0131 art\u0131k &quot;6 aus 49&quot; biletlerini \u00e7evrimi\u00e7i olarak alabilirler\" \/>\n<meta name=\"robots\" content=\"index, follow, max-snippet:-1, max-image-preview:large, max-video-preview:-1\" \/>\n<link rel=\"canonical\" href=\"https:\/\/redfoxlotto.com\/tr\/loto\/lotto-6aus49\/\" \/>\n<meta property=\"og:locale\" content=\"tr_TR\" \/>\n<meta property=\"og:type\" content=\"article\" \/>\n<meta property=\"og:title\" content=\"\u00c7evrimi\u00e7i Alman Loto biletleri al\u0131n\" \/>\n<meta property=\"og:description\" content=\"Almanya d\u0131\u015f\u0131ndan loto hayranlar\u0131 art\u0131k &quot;6 aus 49&quot; biletlerini \u00e7evrimi\u00e7i olarak alabilirler\" \/>\n<meta property=\"og:url\" content=\"https:\/\/redfoxlotto.com\/tr\/loto\/lotto-6aus49\/\" \/>\n<meta property=\"og:site_name\" content=\"Get Tickets for the World\u2019s largest jackpots\" \/>\n<meta property=\"article:modified_time\" content=\"2023-05-24T17:56:54+00:00\" \/>\n<meta property=\"og:image\" content=\"https:\/\/content.redfoxlotto.com\/uploads\/sites\/9\/1_buy_lottery_online.jpg\" \/>\n<meta name=\"twitter:card\" content=\"summary_large_image\" \/>\n<meta name=\"twitter:label1\" content=\"Tahmini okuma s\u00fcresi\" \/>\n\t<meta name=\"twitter:data1\" content=\"2 dakika\" \/>\n<script type=\"application\/ld+json\" class=\"yoast-schema-graph\">{\"@context\":\"https:\/\/schema.org\",\"@graph\":[{\"@type\":\"WebPage\",\"@id\":\"https:\/\/redfoxlotto.com\/tr\/loto\/lotto-6aus49\/\",\"url\":\"https:\/\/redfoxlotto.com\/tr\/loto\/lotto-6aus49\/\",\"name\":\"\u00c7evrimi\u00e7i Alman Loto biletleri al\u0131n\",\"isPartOf\":{\"@id\":\"https:\/\/redfoxlotto.com\/tr\/#website\"},\"primaryImageOfPage\":{\"@id\":\"https:\/\/redfoxlotto.com\/tr\/loto\/lotto-6aus49\/#primaryimage\"},\"image\":{\"@id\":\"https:\/\/redfoxlotto.com\/tr\/loto\/lotto-6aus49\/#primaryimage\"},\"thumbnailUrl\":\"https:\/\/content.redfoxlotto.com\/uploads\/sites\/9\/1_buy_lottery_online.jpg\",\"datePublished\":\"2020-08-18T09:19:26+00:00\",\"dateModified\":\"2023-05-24T17:56:54+00:00\",\"description\":\"Almanya d\u0131\u015f\u0131ndan loto hayranlar\u0131 art\u0131k \\\"6 aus 49\\\" biletlerini \u00e7evrimi\u00e7i olarak alabilirler\",\"breadcrumb\":{\"@id\":\"https:\/\/redfoxlotto.com\/tr\/loto\/lotto-6aus49\/#breadcrumb\"},\"inLanguage\":\"tr\",\"potentialAction\":[{\"@type\":\"ReadAction\",\"target\":[\"https:\/\/redfoxlotto.com\/tr\/loto\/lotto-6aus49\/\"]}]},{\"@type\":\"ImageObject\",\"inLanguage\":\"tr\",\"@id\":\"https:\/\/redfoxlotto.com\/tr\/loto\/lotto-6aus49\/#primaryimage\",\"url\":\"https:\/\/content.redfoxlotto.com\/uploads\/sites\/9\/1_buy_lottery_online.jpg\",\"contentUrl\":\"https:\/\/content.redfoxlotto.com\/uploads\/sites\/9\/1_buy_lottery_online.jpg\"},{\"@type\":\"BreadcrumbList\",\"@id\":\"https:\/\/redfoxlotto.com\/tr\/loto\/lotto-6aus49\/#breadcrumb\",\"itemListElement\":[{\"@type\":\"ListItem\",\"position\":1,\"name\":\"Home\",\"item\":\"https:\/\/redfoxlotto.com\/tr\/\"},{\"@type\":\"ListItem\",\"position\":2,\"name\":\"Online piyango bileti sat\u0131n alma i\u015flemi\",\"item\":\"https:\/\/redfoxlotto.com\/tr\/loto\/\"},{\"@type\":\"ListItem\",\"position\":3,\"name\":\"Alman Lotto 6 aus 49 Hakk\u0131nda\"}]},{\"@type\":\"WebSite\",\"@id\":\"https:\/\/redfoxlotto.com\/tr\/#website\",\"url\":\"https:\/\/redfoxlotto.com\/tr\/\",\"name\":\"Get Tickets for the World\u2019s largest jackpots\",\"description\":\"Participate in worldwide lottery jackpots from any country\",\"publisher\":{\"@id\":\"https:\/\/redfoxlotto.com\/tr\/#organization\"},\"potentialAction\":[{\"@type\":\"SearchAction\",\"target\":{\"@type\":\"EntryPoint\",\"urlTemplate\":\"https:\/\/redfoxlotto.com\/tr\/?s={search_term_string}\"},\"query-input\":{\"@type\":\"PropertyValueSpecification\",\"valueRequired\":true,\"valueName\":\"search_term_string\"}}],\"inLanguage\":\"tr\"},{\"@type\":\"Organization\",\"@id\":\"https:\/\/redfoxlotto.com\/tr\/#organization\",\"name\":\"Get Tickets for the World\u2019s largest jackpots\",\"url\":\"https:\/\/redfoxlotto.com\/tr\/\",\"logo\":{\"@type\":\"ImageObject\",\"inLanguage\":\"tr\",\"@id\":\"https:\/\/redfoxlotto.com\/tr\/#\/schema\/logo\/image\/\",\"url\":\"https:\/\/redfoxlotto.com\/wp-content\/uploads\/2023\/04\/logo.png\",\"contentUrl\":\"https:\/\/redfoxlotto.com\/wp-content\/uploads\/2023\/04\/logo.png\",\"width\":269,\"height\":53,\"caption\":\"Get Tickets for the World\u2019s largest jackpots\"},\"image\":{\"@id\":\"https:\/\/redfoxlotto.com\/tr\/#\/schema\/logo\/image\/\"}}]}<\/script>\n<!-- \/ Yoast SEO plugin. -->","yoast_head_json":{"title":"\u00c7evrimi\u00e7i Alman Loto biletleri al\u0131n","description":"Almanya d\u0131\u015f\u0131ndan loto hayranlar\u0131 art\u0131k \"6 aus 49\" biletlerini \u00e7evrimi\u00e7i olarak alabilirler","robots":{"index":"index","follow":"follow","max-snippet":"max-snippet:-1","max-image-preview":"max-image-preview:large","max-video-preview":"max-video-preview:-1"},"canonical":"https:\/\/redfoxlotto.com\/tr\/loto\/lotto-6aus49\/","og_locale":"tr_TR","og_type":"article","og_title":"\u00c7evrimi\u00e7i Alman Loto biletleri al\u0131n","og_description":"Almanya d\u0131\u015f\u0131ndan loto hayranlar\u0131 art\u0131k \"6 aus 49\" biletlerini \u00e7evrimi\u00e7i olarak alabilirler","og_url":"https:\/\/redfoxlotto.com\/tr\/loto\/lotto-6aus49\/","og_site_name":"Get Tickets for the World\u2019s largest jackpots","article_modified_time":"2023-05-24T17:56:54+00:00","og_image":[{"url":"https:\/\/content.redfoxlotto.com\/uploads\/sites\/9\/1_buy_lottery_online.jpg"}],"twitter_card":"summary_large_image","twitter_misc":{"Tahmini okuma s\u00fcresi":"2 dakika"},"schema":{"@context":"https:\/\/schema.org","@graph":[{"@type":"WebPage","@id":"https:\/\/redfoxlotto.com\/tr\/loto\/lotto-6aus49\/","url":"https:\/\/redfoxlotto.com\/tr\/loto\/lotto-6aus49\/","name":"\u00c7evrimi\u00e7i Alman Loto biletleri al\u0131n","isPartOf":{"@id":"https:\/\/redfoxlotto.com\/tr\/#website"},"primaryImageOfPage":{"@id":"https:\/\/redfoxlotto.com\/tr\/loto\/lotto-6aus49\/#primaryimage"},"image":{"@id":"https:\/\/redfoxlotto.com\/tr\/loto\/lotto-6aus49\/#primaryimage"},"thumbnailUrl":"https:\/\/content.redfoxlotto.com\/uploads\/sites\/9\/1_buy_lottery_online.jpg","datePublished":"2020-08-18T09:19:26+00:00","dateModified":"2023-05-24T17:56:54+00:00","description":"Almanya d\u0131\u015f\u0131ndan loto hayranlar\u0131 art\u0131k \"6 aus 49\" biletlerini \u00e7evrimi\u00e7i olarak alabilirler","breadcrumb":{"@id":"https:\/\/redfoxlotto.com\/tr\/loto\/lotto-6aus49\/#breadcrumb"},"inLanguage":"tr","potentialAction":[{"@type":"ReadAction","target":["https:\/\/redfoxlotto.com\/tr\/loto\/lotto-6aus49\/"]}]},{"@type":"ImageObject","inLanguage":"tr","@id":"https:\/\/redfoxlotto.com\/tr\/loto\/lotto-6aus49\/#primaryimage","url":"https:\/\/content.redfoxlotto.com\/uploads\/sites\/9\/1_buy_lottery_online.jpg","contentUrl":"https:\/\/content.redfoxlotto.com\/uploads\/sites\/9\/1_buy_lottery_online.jpg"},{"@type":"BreadcrumbList","@id":"https:\/\/redfoxlotto.com\/tr\/loto\/lotto-6aus49\/#breadcrumb","itemListElement":[{"@type":"ListItem","position":1,"name":"Home","item":"https:\/\/redfoxlotto.com\/tr\/"},{"@type":"ListItem","position":2,"name":"Online piyango bileti sat\u0131n alma i\u015flemi","item":"https:\/\/redfoxlotto.com\/tr\/loto\/"},{"@type":"ListItem","position":3,"name":"Alman Lotto 6 aus 49 Hakk\u0131nda"}]},{"@type":"WebSite","@id":"https:\/\/redfoxlotto.com\/tr\/#website","url":"https:\/\/redfoxlotto.com\/tr\/","name":"Get Tickets for the World\u2019s largest jackpots","description":"Participate in worldwide lottery jackpots from any country","publisher":{"@id":"https:\/\/redfoxlotto.com\/tr\/#organization"},"potentialAction":[{"@type":"SearchAction","target":{"@type":"EntryPoint","urlTemplate":"https:\/\/redfoxlotto.com\/tr\/?s={search_term_string}"},"query-input":{"@type":"PropertyValueSpecification","valueRequired":true,"valueName":"search_term_string"}}],"inLanguage":"tr"},{"@type":"Organization","@id":"https:\/\/redfoxlotto.com\/tr\/#organization","name":"Get Tickets for the World\u2019s largest jackpots","url":"https:\/\/redfoxlotto.com\/tr\/","logo":{"@type":"ImageObject","inLanguage":"tr","@id":"https:\/\/redfoxlotto.com\/tr\/#\/schema\/logo\/image\/","url":"https:\/\/redfoxlotto.com\/wp-content\/uploads\/2023\/04\/logo.png","contentUrl":"https:\/\/redfoxlotto.com\/wp-content\/uploads\/2023\/04\/logo.png","width":269,"height":53,"caption":"Get Tickets for the World\u2019s largest jackpots"},"image":{"@id":"https:\/\/redfoxlotto.com\/tr\/#\/schema\/logo\/image\/"}}]}},"_links":{"self":[{"href":"https:\/\/redfoxlotto.com\/tr\/wp-json\/wp\/v2\/pages\/14475","targetHints":{"allow":["GET"]}}],"collection":[{"href":"https:\/\/redfoxlotto.com\/tr\/wp-json\/wp\/v2\/pages"}],"about":[{"href":"https:\/\/redfoxlotto.com\/tr\/wp-json\/wp\/v2\/types\/page"}],"author":[{"embeddable":true,"href":"https:\/\/redfoxlotto.com\/tr\/wp-json\/wp\/v2\/users\/1"}],"replies":[{"embeddable":true,"href":"https:\/\/redfoxlotto.com\/tr\/wp-json\/wp\/v2\/comments?post=14475"}],"version-history":[{"count":0,"href":"https:\/\/redfoxlotto.com\/tr\/wp-json\/wp\/v2\/pages\/14475\/revisions"}],"up":[{"embeddable":true,"href":"https:\/\/redfoxlotto.com\/tr\/wp-json\/wp\/v2\/pages\/2932"}],"wp:attachment":[{"href":"https:\/\/redfoxlotto.com\/tr\/wp-json\/wp\/v2\/media?parent=14475"}],"curies":[{"name":"wp","href":"https:\/\/api.w.org\/{rel}","templated":true}]}}