{"id":14437,"date":"2020-08-18T09:13:31","date_gmt":"2020-08-18T09:13:31","guid":{"rendered":"https:\/\/redfoxlotto.com\/?page_id=14437"},"modified":"2023-05-24T17:56:48","modified_gmt":"2023-05-24T17:56:48","slug":"lotto-at","status":"publish","type":"page","link":"https:\/\/redfoxlotto.com\/tr\/loto\/lotto-at\/","title":{"rendered":"Avusturya Loto hakk\u0131nda"},"content":{"rendered":"<h2 class=\"wp-block-heading\">\u00c7evrimi\u00e7i Avusturya Loto i\u00e7in Bilet Sat\u0131n Al\u0131n<\/h2><p><img loading=\"lazy\" decoding=\"async\" class=\" wp-image alignright\" src=\"https:\/\/content.redfoxlotto.com\/uploads\/sites\/9\/1_buy_lotto_to_win.jpg\" alt=\"\u00e7evrimi\u00e7i loto avusturya biletleri\" width=\"241\" height=\"153\" \/><\/p><p>Avusturya Loto&#8217;su i\u00e7in online bilet alma zaman\u0131 geldi\u011finde, bunu nas\u0131l yapaca\u011f\u0131n\u0131z\u0131 bilmeniz gerekir, do\u011fru mu? Ama \u00f6nce neden zahmet edece\u011finizi bilmek istersiniz. Bu asl\u0131nda cevaplamas\u0131 basit bir soru \u00e7\u00fcnk\u00fc bu oyun kesinlikle e\u011flenceli.<\/p><!--more--><p>B\u00fcy\u00fck ikramiyeyi almak i\u00e7in e\u015fle\u015ftirmeniz gereken 6 numara se\u00e7melisiniz. Ancak \u00e7izimde en az 2 say\u0131yla e\u015fle\u015firseniz bir \u015feyler kazanabilirsiniz. Daha fazla say\u0131y\u0131 e\u015fle\u015ftirmek, en y\u00fcksek ma\u00e7larda daha iyi \u00f6d\u00fcller ile size daha da y\u00fcksek bir \u00f6d\u00fcl verecektir.<\/p><h2 class=\"wp-block-heading\">\u00c7evrimi\u00e7i Avusturya Loto i\u00e7in Bilet Sat\u0131n Alma<\/h2><p>Biletlerinizi sat\u0131n almaya haz\u0131rsan\u0131z, yapman\u0131z gereken ilk \u015fey, biletlerin sunuldu\u011fu bir web sitesi bulmakt\u0131r. Neyse ki, RedFoxLotto.com biletlerinizi sat\u0131n alabilece\u011finiz en iyi yerdir ve arad\u0131\u011f\u0131n\u0131z \u015feyi h\u0131zl\u0131 bir \u015fekilde se\u00e7menizi kolayla\u015ft\u0131racakt\u0131r.<\/p><p>Numaralar\u0131n\u0131z\u0131 se\u00e7ersiniz veya numaralar\u0131n sizin i\u00e7in se\u00e7ilece\u011fi kolay bir se\u00e7im bileti se\u00e7ebilirsiniz. Ard\u0131ndan, \u00f6demeyi favori \u00f6deme y\u00f6nteminizle yapars\u0131n\u0131z. \u00d6demeyi yapmak ve sipari\u015finizi onaylamak \u00e7ok kolay olacakt\u0131r. Sonra sadece kazanan numaralar\u0131 beklersiniz.<\/p><h2 class=\"wp-block-heading\">Kazanan Say\u0131lar Nelerdir<\/h2><p>Online Avusturya Loto bileti sat\u0131n ald\u0131\u011f\u0131n\u0131zda ve \u00e7ekili\u015f bitti\u011finde, kazanan numaralarla e\u015fle\u015ftirdi\u011finiz t\u00fcm say\u0131lar\u0131 ve ne kazanm\u0131\u015f olabilece\u011finizi g\u00f6rebilece\u011finiz biletler b\u00f6l\u00fcm\u00fcn\u00fcze g\u00f6z atabilirsiniz.<\/p>","protected":false},"excerpt":{"rendered":"<p>\u00c7evrimi\u00e7i Avusturya Loto i\u00e7in Bilet Sat\u0131n Al\u0131n Avusturya Loto&#8217;su i\u00e7in online bilet alma zaman\u0131 geldi\u011finde, bunu nas\u0131l yapaca\u011f\u0131n\u0131z\u0131 bilmeniz gerekir, do\u011fru mu? Ama \u00f6nce neden zahmet edece\u011finizi bilmek istersiniz. Bu asl\u0131nda cevaplamas\u0131 basit bir soru \u00e7\u00fcnk\u00fc bu oyun kesinlikle e\u011flenceli.<\/p>\n","protected":false},"author":1,"featured_media":0,"parent":2932,"menu_order":16,"comment_status":"closed","ping_status":"closed","template":"","meta":{"_et_pb_use_builder":"","_et_pb_old_content":"","_et_gb_content_width":"","exclude_from_search":false,"footnotes":""},"class_list":["post-14437","page","type-page","status-publish","hentry"],"yoast_head":"<!-- This site is optimized with the Yoast SEO plugin v27.4 - https:\/\/yoast.com\/product\/yoast-seo-wordpress\/ -->\n<title>Avusturya Loto biletinizi \u00e7evrimi\u00e7i olarak al\u0131n<\/title>\n<meta name=\"description\" content=\"Lotto Avusturya&#039;y\u0131 hi\u00e7 duydunuz mu? Biletleri buradan \u00e7evrimi\u00e7i olarak alabilirsiniz!\" \/>\n<meta name=\"robots\" content=\"index, follow, max-snippet:-1, max-image-preview:large, max-video-preview:-1\" \/>\n<link rel=\"canonical\" href=\"https:\/\/redfoxlotto.com\/tr\/loto\/lotto-at\/\" \/>\n<meta property=\"og:locale\" content=\"tr_TR\" \/>\n<meta property=\"og:type\" content=\"article\" \/>\n<meta property=\"og:title\" content=\"Avusturya Loto biletinizi \u00e7evrimi\u00e7i olarak al\u0131n\" \/>\n<meta property=\"og:description\" content=\"Lotto Avusturya&#039;y\u0131 hi\u00e7 duydunuz mu? Biletleri buradan \u00e7evrimi\u00e7i olarak alabilirsiniz!\" \/>\n<meta property=\"og:url\" content=\"https:\/\/redfoxlotto.com\/tr\/loto\/lotto-at\/\" \/>\n<meta property=\"og:site_name\" content=\"Get Tickets for the World\u2019s largest jackpots\" \/>\n<meta property=\"article:modified_time\" content=\"2023-05-24T17:56:48+00:00\" \/>\n<meta property=\"og:image\" content=\"https:\/\/content.redfoxlotto.com\/uploads\/sites\/9\/1_buy_lotto_to_win.jpg\" \/>\n<meta name=\"twitter:card\" content=\"summary_large_image\" \/>\n<meta name=\"twitter:label1\" content=\"Tahmini okuma s\u00fcresi\" \/>\n\t<meta name=\"twitter:data1\" content=\"1 dakika\" \/>\n<script type=\"application\/ld+json\" class=\"yoast-schema-graph\">{\"@context\":\"https:\\\/\\\/schema.org\",\"@graph\":[{\"@type\":\"WebPage\",\"@id\":\"https:\\\/\\\/redfoxlotto.com\\\/tr\\\/loto\\\/lotto-at\\\/\",\"url\":\"https:\\\/\\\/redfoxlotto.com\\\/tr\\\/loto\\\/lotto-at\\\/\",\"name\":\"Avusturya Loto biletinizi \u00e7evrimi\u00e7i olarak al\u0131n\",\"isPartOf\":{\"@id\":\"https:\\\/\\\/redfoxlotto.com\\\/tr\\\/#website\"},\"primaryImageOfPage\":{\"@id\":\"https:\\\/\\\/redfoxlotto.com\\\/tr\\\/loto\\\/lotto-at\\\/#primaryimage\"},\"image\":{\"@id\":\"https:\\\/\\\/redfoxlotto.com\\\/tr\\\/loto\\\/lotto-at\\\/#primaryimage\"},\"thumbnailUrl\":\"https:\\\/\\\/content.redfoxlotto.com\\\/uploads\\\/sites\\\/9\\\/1_buy_lotto_to_win.jpg\",\"datePublished\":\"2020-08-18T09:13:31+00:00\",\"dateModified\":\"2023-05-24T17:56:48+00:00\",\"description\":\"Lotto Avusturya'y\u0131 hi\u00e7 duydunuz mu? Biletleri buradan \u00e7evrimi\u00e7i olarak alabilirsiniz!\",\"breadcrumb\":{\"@id\":\"https:\\\/\\\/redfoxlotto.com\\\/tr\\\/loto\\\/lotto-at\\\/#breadcrumb\"},\"inLanguage\":\"tr\",\"potentialAction\":[{\"@type\":\"ReadAction\",\"target\":[\"https:\\\/\\\/redfoxlotto.com\\\/tr\\\/loto\\\/lotto-at\\\/\"]}]},{\"@type\":\"ImageObject\",\"inLanguage\":\"tr\",\"@id\":\"https:\\\/\\\/redfoxlotto.com\\\/tr\\\/loto\\\/lotto-at\\\/#primaryimage\",\"url\":\"https:\\\/\\\/content.redfoxlotto.com\\\/uploads\\\/sites\\\/9\\\/1_buy_lotto_to_win.jpg\",\"contentUrl\":\"https:\\\/\\\/content.redfoxlotto.com\\\/uploads\\\/sites\\\/9\\\/1_buy_lotto_to_win.jpg\"},{\"@type\":\"BreadcrumbList\",\"@id\":\"https:\\\/\\\/redfoxlotto.com\\\/tr\\\/loto\\\/lotto-at\\\/#breadcrumb\",\"itemListElement\":[{\"@type\":\"ListItem\",\"position\":1,\"name\":\"Home\",\"item\":\"https:\\\/\\\/redfoxlotto.com\\\/tr\\\/\"},{\"@type\":\"ListItem\",\"position\":2,\"name\":\"Online piyango bileti sat\u0131n alma i\u015flemi\",\"item\":\"https:\\\/\\\/redfoxlotto.com\\\/tr\\\/loto\\\/\"},{\"@type\":\"ListItem\",\"position\":3,\"name\":\"Avusturya Loto hakk\u0131nda\"}]},{\"@type\":\"WebSite\",\"@id\":\"https:\\\/\\\/redfoxlotto.com\\\/tr\\\/#website\",\"url\":\"https:\\\/\\\/redfoxlotto.com\\\/tr\\\/\",\"name\":\"Get Tickets for the World\u2019s largest jackpots\",\"description\":\"Participate in worldwide lottery jackpots from any country\",\"publisher\":{\"@id\":\"https:\\\/\\\/redfoxlotto.com\\\/tr\\\/#organization\"},\"potentialAction\":[{\"@type\":\"SearchAction\",\"target\":{\"@type\":\"EntryPoint\",\"urlTemplate\":\"https:\\\/\\\/redfoxlotto.com\\\/tr\\\/?s={search_term_string}\"},\"query-input\":{\"@type\":\"PropertyValueSpecification\",\"valueRequired\":true,\"valueName\":\"search_term_string\"}}],\"inLanguage\":\"tr\"},{\"@type\":\"Organization\",\"@id\":\"https:\\\/\\\/redfoxlotto.com\\\/tr\\\/#organization\",\"name\":\"Get Tickets for the World\u2019s largest jackpots\",\"url\":\"https:\\\/\\\/redfoxlotto.com\\\/tr\\\/\",\"logo\":{\"@type\":\"ImageObject\",\"inLanguage\":\"tr\",\"@id\":\"https:\\\/\\\/redfoxlotto.com\\\/tr\\\/#\\\/schema\\\/logo\\\/image\\\/\",\"url\":\"https:\\\/\\\/redfoxlotto.com\\\/wp-content\\\/uploads\\\/2023\\\/04\\\/logo.png\",\"contentUrl\":\"https:\\\/\\\/redfoxlotto.com\\\/wp-content\\\/uploads\\\/2023\\\/04\\\/logo.png\",\"width\":269,\"height\":53,\"caption\":\"Get Tickets for the World\u2019s largest jackpots\"},\"image\":{\"@id\":\"https:\\\/\\\/redfoxlotto.com\\\/tr\\\/#\\\/schema\\\/logo\\\/image\\\/\"}}]}<\/script>\n<!-- \/ Yoast SEO plugin. -->","yoast_head_json":{"title":"Avusturya Loto biletinizi \u00e7evrimi\u00e7i olarak al\u0131n","description":"Lotto Avusturya'y\u0131 hi\u00e7 duydunuz mu? Biletleri buradan \u00e7evrimi\u00e7i olarak alabilirsiniz!","robots":{"index":"index","follow":"follow","max-snippet":"max-snippet:-1","max-image-preview":"max-image-preview:large","max-video-preview":"max-video-preview:-1"},"canonical":"https:\/\/redfoxlotto.com\/tr\/loto\/lotto-at\/","og_locale":"tr_TR","og_type":"article","og_title":"Avusturya Loto biletinizi \u00e7evrimi\u00e7i olarak al\u0131n","og_description":"Lotto Avusturya'y\u0131 hi\u00e7 duydunuz mu? Biletleri buradan \u00e7evrimi\u00e7i olarak alabilirsiniz!","og_url":"https:\/\/redfoxlotto.com\/tr\/loto\/lotto-at\/","og_site_name":"Get Tickets for the World\u2019s largest jackpots","article_modified_time":"2023-05-24T17:56:48+00:00","og_image":[{"url":"https:\/\/content.redfoxlotto.com\/uploads\/sites\/9\/1_buy_lotto_to_win.jpg","type":"","width":"","height":""}],"twitter_card":"summary_large_image","twitter_misc":{"Tahmini okuma s\u00fcresi":"1 dakika"},"schema":{"@context":"https:\/\/schema.org","@graph":[{"@type":"WebPage","@id":"https:\/\/redfoxlotto.com\/tr\/loto\/lotto-at\/","url":"https:\/\/redfoxlotto.com\/tr\/loto\/lotto-at\/","name":"Avusturya Loto biletinizi \u00e7evrimi\u00e7i olarak al\u0131n","isPartOf":{"@id":"https:\/\/redfoxlotto.com\/tr\/#website"},"primaryImageOfPage":{"@id":"https:\/\/redfoxlotto.com\/tr\/loto\/lotto-at\/#primaryimage"},"image":{"@id":"https:\/\/redfoxlotto.com\/tr\/loto\/lotto-at\/#primaryimage"},"thumbnailUrl":"https:\/\/content.redfoxlotto.com\/uploads\/sites\/9\/1_buy_lotto_to_win.jpg","datePublished":"2020-08-18T09:13:31+00:00","dateModified":"2023-05-24T17:56:48+00:00","description":"Lotto Avusturya'y\u0131 hi\u00e7 duydunuz mu? Biletleri buradan \u00e7evrimi\u00e7i olarak alabilirsiniz!","breadcrumb":{"@id":"https:\/\/redfoxlotto.com\/tr\/loto\/lotto-at\/#breadcrumb"},"inLanguage":"tr","potentialAction":[{"@type":"ReadAction","target":["https:\/\/redfoxlotto.com\/tr\/loto\/lotto-at\/"]}]},{"@type":"ImageObject","inLanguage":"tr","@id":"https:\/\/redfoxlotto.com\/tr\/loto\/lotto-at\/#primaryimage","url":"https:\/\/content.redfoxlotto.com\/uploads\/sites\/9\/1_buy_lotto_to_win.jpg","contentUrl":"https:\/\/content.redfoxlotto.com\/uploads\/sites\/9\/1_buy_lotto_to_win.jpg"},{"@type":"BreadcrumbList","@id":"https:\/\/redfoxlotto.com\/tr\/loto\/lotto-at\/#breadcrumb","itemListElement":[{"@type":"ListItem","position":1,"name":"Home","item":"https:\/\/redfoxlotto.com\/tr\/"},{"@type":"ListItem","position":2,"name":"Online piyango bileti sat\u0131n alma i\u015flemi","item":"https:\/\/redfoxlotto.com\/tr\/loto\/"},{"@type":"ListItem","position":3,"name":"Avusturya Loto hakk\u0131nda"}]},{"@type":"WebSite","@id":"https:\/\/redfoxlotto.com\/tr\/#website","url":"https:\/\/redfoxlotto.com\/tr\/","name":"Get Tickets for the World\u2019s largest jackpots","description":"Participate in worldwide lottery jackpots from any country","publisher":{"@id":"https:\/\/redfoxlotto.com\/tr\/#organization"},"potentialAction":[{"@type":"SearchAction","target":{"@type":"EntryPoint","urlTemplate":"https:\/\/redfoxlotto.com\/tr\/?s={search_term_string}"},"query-input":{"@type":"PropertyValueSpecification","valueRequired":true,"valueName":"search_term_string"}}],"inLanguage":"tr"},{"@type":"Organization","@id":"https:\/\/redfoxlotto.com\/tr\/#organization","name":"Get Tickets for the World\u2019s largest jackpots","url":"https:\/\/redfoxlotto.com\/tr\/","logo":{"@type":"ImageObject","inLanguage":"tr","@id":"https:\/\/redfoxlotto.com\/tr\/#\/schema\/logo\/image\/","url":"https:\/\/redfoxlotto.com\/wp-content\/uploads\/2023\/04\/logo.png","contentUrl":"https:\/\/redfoxlotto.com\/wp-content\/uploads\/2023\/04\/logo.png","width":269,"height":53,"caption":"Get Tickets for the World\u2019s largest jackpots"},"image":{"@id":"https:\/\/redfoxlotto.com\/tr\/#\/schema\/logo\/image\/"}}]}},"_links":{"self":[{"href":"https:\/\/redfoxlotto.com\/tr\/wp-json\/wp\/v2\/pages\/14437","targetHints":{"allow":["GET"]}}],"collection":[{"href":"https:\/\/redfoxlotto.com\/tr\/wp-json\/wp\/v2\/pages"}],"about":[{"href":"https:\/\/redfoxlotto.com\/tr\/wp-json\/wp\/v2\/types\/page"}],"author":[{"embeddable":true,"href":"https:\/\/redfoxlotto.com\/tr\/wp-json\/wp\/v2\/users\/1"}],"replies":[{"embeddable":true,"href":"https:\/\/redfoxlotto.com\/tr\/wp-json\/wp\/v2\/comments?post=14437"}],"version-history":[{"count":0,"href":"https:\/\/redfoxlotto.com\/tr\/wp-json\/wp\/v2\/pages\/14437\/revisions"}],"up":[{"embeddable":true,"href":"https:\/\/redfoxlotto.com\/tr\/wp-json\/wp\/v2\/pages\/2932"}],"wp:attachment":[{"href":"https:\/\/redfoxlotto.com\/tr\/wp-json\/wp\/v2\/media?parent=14437"}],"curies":[{"name":"wp","href":"https:\/\/api.w.org\/{rel}","templated":true}]}}