{"id":14402,"date":"2020-08-18T09:10:34","date_gmt":"2020-08-18T09:10:34","guid":{"rendered":"https:\/\/redfoxlotto.com\/?page_id=14402"},"modified":"2023-05-24T17:56:38","modified_gmt":"2023-05-24T17:56:38","slug":"lotto-america","status":"publish","type":"page","link":"https:\/\/redfoxlotto.com\/tr\/loto\/lotto-america\/","title":{"rendered":"Lotto America hakk\u0131nda"},"content":{"rendered":"<h2 class=\"wp-block-heading\">Lotto America i\u00e7in biletleri \u00e7evrimi\u00e7i sat\u0131n al\u0131n<\/h2><p><img decoding=\"async\" class=\"size-full wp-image alignright\" src=\"https:\/\/content.redfoxlotto.com\/uploads\/sites\/9\/1_ticket_online_buying.jpg\" alt=\"\u00e7evrimi\u00e7i loto amerika bileti\"><\/p><p>Konu \u00e7evrimi\u00e7i piyango bileti sat\u0131n almaya geldi\u011finde, en iyi oyunlara girdi\u011finizden emin olmak istersiniz. Ama orada olan t\u00fcm farkl\u0131 oyunlar\u0131 duydunuz mu? Muhtemelen de\u011fil. \u00d6zellikle Lotto America gibi ba\u015fka \u00fclkelerde \u00e7evrimi\u00e7i oynayabilece\u011finiz oyunlar oldu\u011fu i\u00e7in.<\/p><!--more--><h2 class=\"wp-block-heading\">Lotto America nedir?<\/h2><p>Lotto America, Amerika Birle\u015fik Devletleri&#8217;nde oynanan \u00e7ok devletli bir oyundur. Daha spesifik olarak, \u00fclke genelinde 13 eyalette oynanmaktad\u0131r. Ancak oynamak i\u00e7in bu eyaletlerden birinde ya\u015famak zorunda de\u011filsiniz. Asl\u0131nda d\u00fcnyan\u0131n her yerinden oynayabilirsiniz.<\/p><p><img decoding=\"async\" class=\"size-full wp-image alignright\" src=\"https:\/\/content.redfoxlotto.com\/uploads\/sites\/9\/1_usa_lottery_win.jpg\" alt=\"lotto america\"><\/p><h2 class=\"wp-block-heading\">Biletlerinizi sat\u0131n alma<\/h2><p>Lotto America oynamakla ilgileniyorsan\u0131z, sadece biletlerinizi nereden alaca\u011f\u0131n\u0131z\u0131 bilmeniz gerekir. Bu oyun veya d\u00fcnya \u00e7ap\u0131nda oynamak isteyebilece\u011finiz di\u011fer piyango oyunlar\u0131 i\u00e7in biletlerinizi alman\u0131za yard\u0131mc\u0131 olabiliriz. Ba\u015flamak i\u00e7in tek yapman\u0131z gereken birka\u00e7 ad\u0131m. Birincisi, RedFoxLotto ile bir hesap olu\u015fturman\u0131z gerekti\u011fidir. Yapmas\u0131 kolayd\u0131r ve tamamen kurulup kullan\u0131ma haz\u0131r hale gelmesi yaln\u0131zca birka\u00e7 saniye s\u00fcrer. Oradan, mevcut t\u00fcm farkl\u0131 piyango oyunlar\u0131na g\u00f6z atmaya ba\u015flayabileceksiniz. Lotto America veya ba\u015fka bir \u015fey (veya birka\u00e7 farkl\u0131 oyun) isteyebilirsiniz. Oyuna karar verdi\u011finizde s\u0131ra numaralar\u0131n\u0131z\u0131 se\u00e7meye gelir. Pek \u00e7ok farkl\u0131 se\u00e7ene\u011finizin olaca\u011f\u0131 yer buras\u0131d\u0131r ve i\u015fin e\u011flenceli k\u0131sm\u0131 burada ba\u015flayacakt\u0131r.<\/p><h2 class=\"wp-block-heading\">Numaralar\u0131n\u0131z\u0131 se\u00e7me<\/h2><p>Lotto America&#8217;da be\u015f standart numara ve bir bonus numara vard\u0131r. \u015eansl\u0131 oldu\u011funu d\u00fc\u015f\u00fcnd\u00fc\u011f\u00fcn\u00fcz veya sizin i\u00e7in bir \u015fey ifade etti\u011fini d\u00fc\u015f\u00fcnd\u00fc\u011f\u00fcn\u00fcz bir kombinasyon elde edebilmek i\u00e7in hangilerini istedi\u011finizi se\u00e7ersiniz. Peki ya istedi\u011finiz say\u0131lar\u0131 bilmiyorsan\u0131z? Ya da sadece oynamak istedi\u011finiz birka\u00e7 \u00f6zel numaran\u0131z varsa? Bu da sorun de\u011fil \u00e7\u00fcnk\u00fc istedi\u011finiz say\u0131lar\u0131 se\u00e7ebilir ve rastgele say\u0131larla doldurabilirsiniz. Veya sizin yerinize t\u00fcm numaralar\u0131n\u0131z\u0131 se\u00e7mek i\u00e7in numara olu\u015fturucuyu kullanabilirsiniz.<\/p><h2 class=\"wp-block-heading\">Sonu\u00e7lar\u0131 bekleyin<\/h2><p>Numaralar\u0131n\u0131z\u0131 se\u00e7tikten sonra, ka\u00e7 bilet istedi\u011finizi ve hangi oyunlar i\u00e7in istedi\u011finizi se\u00e7ebilirsiniz. Ard\u0131ndan, biletleri \u00f6deyebilir ve bir sonraki piyango \u00e7ekili\u015fini bekleyebilirsiniz. Oyunun sonu\u00e7lar\u0131 geldi\u011finde an\u0131nda kazanan say\u0131lar\u0131 ve kendi numaralar\u0131n\u0131zdan ka\u00e7\u0131n\u0131n \u00e7ekili\u015f sonucuyla e\u015fle\u015fti\u011fini g\u00f6rebilirsiniz.<\/p>","protected":false},"excerpt":{"rendered":"<p>Lotto America i\u00e7in biletleri \u00e7evrimi\u00e7i sat\u0131n al\u0131n Konu \u00e7evrimi\u00e7i piyango bileti sat\u0131n almaya geldi\u011finde, en iyi oyunlara girdi\u011finizden emin olmak istersiniz. Ama orada olan t\u00fcm farkl\u0131 oyunlar\u0131 duydunuz mu? Muhtemelen de\u011fil. \u00d6zellikle Lotto America gibi ba\u015fka \u00fclkelerde \u00e7evrimi\u00e7i oynayabilece\u011finiz oyunlar oldu\u011fu i\u00e7in.<\/p>\n","protected":false},"author":1,"featured_media":0,"parent":2932,"menu_order":12,"comment_status":"closed","ping_status":"closed","template":"lotto-america-info.php","meta":{"_et_pb_use_builder":"","_et_pb_old_content":"","_et_gb_content_width":"","exclude_from_search":false,"footnotes":""},"class_list":["post-14402","page","type-page","status-publish","hentry"],"yoast_head":"<!-- This site is optimized with the Yoast SEO plugin v23.8 - https:\/\/yoast.com\/wordpress\/plugins\/seo\/ -->\n<title>Online Lotto America biletleri sat\u0131n al\u0131n<\/title>\n<meta name=\"description\" content=\"Lotto America&#039;da kazanmak istiyorsan\u0131z, biletinizi \u015fimdi \u00e7evrimi\u00e7i sat\u0131n al\u0131n!\" \/>\n<meta name=\"robots\" content=\"index, follow, max-snippet:-1, max-image-preview:large, max-video-preview:-1\" \/>\n<link rel=\"canonical\" href=\"https:\/\/redfoxlotto.com\/tr\/loto\/lotto-america\/\" \/>\n<meta property=\"og:locale\" content=\"tr_TR\" \/>\n<meta property=\"og:type\" content=\"article\" \/>\n<meta property=\"og:title\" content=\"Online Lotto America biletleri sat\u0131n al\u0131n\" \/>\n<meta property=\"og:description\" content=\"Lotto America&#039;da kazanmak istiyorsan\u0131z, biletinizi \u015fimdi \u00e7evrimi\u00e7i sat\u0131n al\u0131n!\" \/>\n<meta property=\"og:url\" content=\"https:\/\/redfoxlotto.com\/tr\/loto\/lotto-america\/\" \/>\n<meta property=\"og:site_name\" content=\"Get Tickets for the World\u2019s largest jackpots\" \/>\n<meta property=\"article:modified_time\" content=\"2023-05-24T17:56:38+00:00\" \/>\n<meta property=\"og:image\" content=\"https:\/\/content.redfoxlotto.com\/uploads\/sites\/9\/1_ticket_online_buying.jpg\" \/>\n<meta name=\"twitter:card\" content=\"summary_large_image\" \/>\n<meta name=\"twitter:label1\" content=\"Tahmini okuma s\u00fcresi\" \/>\n\t<meta name=\"twitter:data1\" content=\"2 dakika\" \/>\n<script type=\"application\/ld+json\" class=\"yoast-schema-graph\">{\"@context\":\"https:\/\/schema.org\",\"@graph\":[{\"@type\":\"WebPage\",\"@id\":\"https:\/\/redfoxlotto.com\/tr\/loto\/lotto-america\/\",\"url\":\"https:\/\/redfoxlotto.com\/tr\/loto\/lotto-america\/\",\"name\":\"Online Lotto America biletleri sat\u0131n al\u0131n\",\"isPartOf\":{\"@id\":\"https:\/\/redfoxlotto.com\/tr\/#website\"},\"primaryImageOfPage\":{\"@id\":\"https:\/\/redfoxlotto.com\/tr\/loto\/lotto-america\/#primaryimage\"},\"image\":{\"@id\":\"https:\/\/redfoxlotto.com\/tr\/loto\/lotto-america\/#primaryimage\"},\"thumbnailUrl\":\"https:\/\/content.redfoxlotto.com\/uploads\/sites\/9\/1_ticket_online_buying.jpg\",\"datePublished\":\"2020-08-18T09:10:34+00:00\",\"dateModified\":\"2023-05-24T17:56:38+00:00\",\"description\":\"Lotto America'da kazanmak istiyorsan\u0131z, biletinizi \u015fimdi \u00e7evrimi\u00e7i sat\u0131n al\u0131n!\",\"breadcrumb\":{\"@id\":\"https:\/\/redfoxlotto.com\/tr\/loto\/lotto-america\/#breadcrumb\"},\"inLanguage\":\"tr\",\"potentialAction\":[{\"@type\":\"ReadAction\",\"target\":[\"https:\/\/redfoxlotto.com\/tr\/loto\/lotto-america\/\"]}]},{\"@type\":\"ImageObject\",\"inLanguage\":\"tr\",\"@id\":\"https:\/\/redfoxlotto.com\/tr\/loto\/lotto-america\/#primaryimage\",\"url\":\"https:\/\/content.redfoxlotto.com\/uploads\/sites\/9\/1_ticket_online_buying.jpg\",\"contentUrl\":\"https:\/\/content.redfoxlotto.com\/uploads\/sites\/9\/1_ticket_online_buying.jpg\"},{\"@type\":\"BreadcrumbList\",\"@id\":\"https:\/\/redfoxlotto.com\/tr\/loto\/lotto-america\/#breadcrumb\",\"itemListElement\":[{\"@type\":\"ListItem\",\"position\":1,\"name\":\"Home\",\"item\":\"https:\/\/redfoxlotto.com\/tr\/\"},{\"@type\":\"ListItem\",\"position\":2,\"name\":\"Online piyango bileti sat\u0131n alma i\u015flemi\",\"item\":\"https:\/\/redfoxlotto.com\/tr\/loto\/\"},{\"@type\":\"ListItem\",\"position\":3,\"name\":\"Lotto America hakk\u0131nda\"}]},{\"@type\":\"WebSite\",\"@id\":\"https:\/\/redfoxlotto.com\/tr\/#website\",\"url\":\"https:\/\/redfoxlotto.com\/tr\/\",\"name\":\"Get Tickets for the World\u2019s largest jackpots\",\"description\":\"Participate in worldwide lottery jackpots from any country\",\"publisher\":{\"@id\":\"https:\/\/redfoxlotto.com\/tr\/#organization\"},\"potentialAction\":[{\"@type\":\"SearchAction\",\"target\":{\"@type\":\"EntryPoint\",\"urlTemplate\":\"https:\/\/redfoxlotto.com\/tr\/?s={search_term_string}\"},\"query-input\":{\"@type\":\"PropertyValueSpecification\",\"valueRequired\":true,\"valueName\":\"search_term_string\"}}],\"inLanguage\":\"tr\"},{\"@type\":\"Organization\",\"@id\":\"https:\/\/redfoxlotto.com\/tr\/#organization\",\"name\":\"Get Tickets for the World\u2019s largest jackpots\",\"url\":\"https:\/\/redfoxlotto.com\/tr\/\",\"logo\":{\"@type\":\"ImageObject\",\"inLanguage\":\"tr\",\"@id\":\"https:\/\/redfoxlotto.com\/tr\/#\/schema\/logo\/image\/\",\"url\":\"https:\/\/redfoxlotto.com\/wp-content\/uploads\/2023\/04\/logo.png\",\"contentUrl\":\"https:\/\/redfoxlotto.com\/wp-content\/uploads\/2023\/04\/logo.png\",\"width\":269,\"height\":53,\"caption\":\"Get Tickets for the World\u2019s largest jackpots\"},\"image\":{\"@id\":\"https:\/\/redfoxlotto.com\/tr\/#\/schema\/logo\/image\/\"}}]}<\/script>\n<!-- \/ Yoast SEO plugin. -->","yoast_head_json":{"title":"Online Lotto America biletleri sat\u0131n al\u0131n","description":"Lotto America'da kazanmak istiyorsan\u0131z, biletinizi \u015fimdi \u00e7evrimi\u00e7i sat\u0131n al\u0131n!","robots":{"index":"index","follow":"follow","max-snippet":"max-snippet:-1","max-image-preview":"max-image-preview:large","max-video-preview":"max-video-preview:-1"},"canonical":"https:\/\/redfoxlotto.com\/tr\/loto\/lotto-america\/","og_locale":"tr_TR","og_type":"article","og_title":"Online Lotto America biletleri sat\u0131n al\u0131n","og_description":"Lotto America'da kazanmak istiyorsan\u0131z, biletinizi \u015fimdi \u00e7evrimi\u00e7i sat\u0131n al\u0131n!","og_url":"https:\/\/redfoxlotto.com\/tr\/loto\/lotto-america\/","og_site_name":"Get Tickets for the World\u2019s largest jackpots","article_modified_time":"2023-05-24T17:56:38+00:00","og_image":[{"url":"https:\/\/content.redfoxlotto.com\/uploads\/sites\/9\/1_ticket_online_buying.jpg"}],"twitter_card":"summary_large_image","twitter_misc":{"Tahmini okuma s\u00fcresi":"2 dakika"},"schema":{"@context":"https:\/\/schema.org","@graph":[{"@type":"WebPage","@id":"https:\/\/redfoxlotto.com\/tr\/loto\/lotto-america\/","url":"https:\/\/redfoxlotto.com\/tr\/loto\/lotto-america\/","name":"Online Lotto America biletleri sat\u0131n al\u0131n","isPartOf":{"@id":"https:\/\/redfoxlotto.com\/tr\/#website"},"primaryImageOfPage":{"@id":"https:\/\/redfoxlotto.com\/tr\/loto\/lotto-america\/#primaryimage"},"image":{"@id":"https:\/\/redfoxlotto.com\/tr\/loto\/lotto-america\/#primaryimage"},"thumbnailUrl":"https:\/\/content.redfoxlotto.com\/uploads\/sites\/9\/1_ticket_online_buying.jpg","datePublished":"2020-08-18T09:10:34+00:00","dateModified":"2023-05-24T17:56:38+00:00","description":"Lotto America'da kazanmak istiyorsan\u0131z, biletinizi \u015fimdi \u00e7evrimi\u00e7i sat\u0131n al\u0131n!","breadcrumb":{"@id":"https:\/\/redfoxlotto.com\/tr\/loto\/lotto-america\/#breadcrumb"},"inLanguage":"tr","potentialAction":[{"@type":"ReadAction","target":["https:\/\/redfoxlotto.com\/tr\/loto\/lotto-america\/"]}]},{"@type":"ImageObject","inLanguage":"tr","@id":"https:\/\/redfoxlotto.com\/tr\/loto\/lotto-america\/#primaryimage","url":"https:\/\/content.redfoxlotto.com\/uploads\/sites\/9\/1_ticket_online_buying.jpg","contentUrl":"https:\/\/content.redfoxlotto.com\/uploads\/sites\/9\/1_ticket_online_buying.jpg"},{"@type":"BreadcrumbList","@id":"https:\/\/redfoxlotto.com\/tr\/loto\/lotto-america\/#breadcrumb","itemListElement":[{"@type":"ListItem","position":1,"name":"Home","item":"https:\/\/redfoxlotto.com\/tr\/"},{"@type":"ListItem","position":2,"name":"Online piyango bileti sat\u0131n alma i\u015flemi","item":"https:\/\/redfoxlotto.com\/tr\/loto\/"},{"@type":"ListItem","position":3,"name":"Lotto America hakk\u0131nda"}]},{"@type":"WebSite","@id":"https:\/\/redfoxlotto.com\/tr\/#website","url":"https:\/\/redfoxlotto.com\/tr\/","name":"Get Tickets for the World\u2019s largest jackpots","description":"Participate in worldwide lottery jackpots from any country","publisher":{"@id":"https:\/\/redfoxlotto.com\/tr\/#organization"},"potentialAction":[{"@type":"SearchAction","target":{"@type":"EntryPoint","urlTemplate":"https:\/\/redfoxlotto.com\/tr\/?s={search_term_string}"},"query-input":{"@type":"PropertyValueSpecification","valueRequired":true,"valueName":"search_term_string"}}],"inLanguage":"tr"},{"@type":"Organization","@id":"https:\/\/redfoxlotto.com\/tr\/#organization","name":"Get Tickets for the World\u2019s largest jackpots","url":"https:\/\/redfoxlotto.com\/tr\/","logo":{"@type":"ImageObject","inLanguage":"tr","@id":"https:\/\/redfoxlotto.com\/tr\/#\/schema\/logo\/image\/","url":"https:\/\/redfoxlotto.com\/wp-content\/uploads\/2023\/04\/logo.png","contentUrl":"https:\/\/redfoxlotto.com\/wp-content\/uploads\/2023\/04\/logo.png","width":269,"height":53,"caption":"Get Tickets for the World\u2019s largest jackpots"},"image":{"@id":"https:\/\/redfoxlotto.com\/tr\/#\/schema\/logo\/image\/"}}]}},"_links":{"self":[{"href":"https:\/\/redfoxlotto.com\/tr\/wp-json\/wp\/v2\/pages\/14402","targetHints":{"allow":["GET"]}}],"collection":[{"href":"https:\/\/redfoxlotto.com\/tr\/wp-json\/wp\/v2\/pages"}],"about":[{"href":"https:\/\/redfoxlotto.com\/tr\/wp-json\/wp\/v2\/types\/page"}],"author":[{"embeddable":true,"href":"https:\/\/redfoxlotto.com\/tr\/wp-json\/wp\/v2\/users\/1"}],"replies":[{"embeddable":true,"href":"https:\/\/redfoxlotto.com\/tr\/wp-json\/wp\/v2\/comments?post=14402"}],"version-history":[{"count":0,"href":"https:\/\/redfoxlotto.com\/tr\/wp-json\/wp\/v2\/pages\/14402\/revisions"}],"up":[{"embeddable":true,"href":"https:\/\/redfoxlotto.com\/tr\/wp-json\/wp\/v2\/pages\/2932"}],"wp:attachment":[{"href":"https:\/\/redfoxlotto.com\/tr\/wp-json\/wp\/v2\/media?parent=14402"}],"curies":[{"name":"wp","href":"https:\/\/api.w.org\/{rel}","templated":true}]}}