{"id":14369,"date":"2022-09-26T12:33:09","date_gmt":"2022-09-26T12:33:09","guid":{"rendered":"https:\/\/redfoxlotto.com\/?page_id=14369"},"modified":"2023-05-24T17:56:25","modified_gmt":"2023-05-24T17:56:25","slug":"thunderball","status":"publish","type":"page","link":"https:\/\/redfoxlotto.com\/tr\/loto\/thunderball\/","title":{"rendered":"Thunderball hakk\u0131nda"},"content":{"rendered":"<h2 class=\"wp-block-heading\">Thunderball UK Lotto Online i\u00e7in Bilet Sat\u0131n Al\u0131n<\/h2><p><img loading=\"lazy\" decoding=\"async\" class=\" wp-image alignright\" src=\"https:\/\/content.redfoxlotto.com\/uploads\/sites\/9\/1_online_lottery_jackpot_win.jpg\" alt=\"Thunderball'u \u00e7evrimi\u00e7i sat\u0131n al\u0131n\" width=\"202\" height=\"184\" \/><\/p><p>Thunderball UK Lotto i\u00e7in \u00e7evrimi\u00e7i bilet almaya haz\u0131r oldu\u011funuzda, RedFoxLotto.com&#8217;daki se\u00e7eneklere daha yak\u0131ndan bakabilirsiniz. Oynaman\u0131n ne kadar kolay oldu\u011funa bile \u015fa\u015f\u0131rabilirsiniz. Tek yapman\u0131z gereken 5 normal numara ve 1 Thunderball se\u00e7mek. Ard\u0131ndan \u00e7izim i\u00e7in tarihlerinizi se\u00e7in. Aynen bunun gibi 1 e\u015fle\u015fen say\u0131 ile kazanabilirsiniz!<\/p><!--more--><h2 class=\"wp-block-heading\">Thunderball UK Loto i\u00e7in Biletlerinizi Sat\u0131n Alma<\/h2><p>Thunderball UK Lotto i\u00e7in \u00e7evrimi\u00e7i bilet sat\u0131n alma zaman\u0131 geldi\u011finde, istedi\u011finiz herhangi bir oyundan istedi\u011finiz biletleri se\u00e7menize izin veren bir hizmete ihtiyac\u0131n\u0131z olacak. RedFoxLotto.com burada devreye girer. Oynamak istedi\u011finiz herhangi bir oyunu se\u00e7ebilir ve istedi\u011finiz biletleri se\u00e7ebilirsiniz.<\/p><p>Oynamak istedi\u011finiz say\u0131lar\u0131 se\u00e7ersiniz veya sizin i\u00e7in se\u00e7ilen say\u0131lara sahip olmak i\u00e7in H\u0131zl\u0131 Se\u00e7im&#8217;i kullan\u0131rs\u0131n\u0131z. Ard\u0131ndan tarihlerinizi ve istedi\u011finiz \u00e7izim say\u0131s\u0131n\u0131 ve favori \u00f6deme y\u00f6nteminizi se\u00e7in. Biletlerinizi sat\u0131n ald\u0131ktan sonra, sadece \u00e7izimi ve umar\u0131m gelecek iyi haberi beklersiniz.<\/p><h2 class=\"wp-block-heading\">Kazanan Numaralar\u0131n\u0131z\u0131 Kontrol Etme<\/h2><p>\u00c7ekili\u015f ger\u00e7ekle\u015fti\u011finde, bilet numaralar\u0131n\u0131z\u0131n kazanan numaralarla nas\u0131l kar\u015f\u0131la\u015ft\u0131r\u0131ld\u0131\u011f\u0131n\u0131 g\u00f6rmek i\u00e7in RedFoxLotto.com&#8217;da hesab\u0131n\u0131za tekrar giri\u015f yapabilirsiniz. Bilet hesab\u0131n\u0131zda tam orada olacak ve sizin i\u00e7in \u00e7ok daha kolay olacak. Tek yapman\u0131z gereken, hangilerinin e\u015fle\u015fti\u011fini g\u00f6rmek i\u00e7in hangi numaralar\u0131n vurguland\u0131\u011f\u0131n\u0131 g\u00f6rmek.<\/p>","protected":false},"excerpt":{"rendered":"<p>Thunderball UK Lotto Online i\u00e7in Bilet Sat\u0131n Al\u0131n Thunderball UK Lotto i\u00e7in \u00e7evrimi\u00e7i bilet almaya haz\u0131r oldu\u011funuzda, RedFoxLotto.com&#8217;daki se\u00e7eneklere daha yak\u0131ndan bakabilirsiniz. Oynaman\u0131n ne kadar kolay oldu\u011funa bile \u015fa\u015f\u0131rabilirsiniz. Tek yapman\u0131z gereken 5 normal numara ve 1 Thunderball se\u00e7mek. Ard\u0131ndan \u00e7izim i\u00e7in tarihlerinizi se\u00e7in. Aynen bunun gibi 1 e\u015fle\u015fen say\u0131 ile kazanabilirsiniz!<\/p>\n","protected":false},"author":1,"featured_media":0,"parent":2932,"menu_order":11,"comment_status":"closed","ping_status":"closed","template":"thunderball-info.php","meta":{"_et_pb_use_builder":"","_et_pb_old_content":"","_et_gb_content_width":"","exclude_from_search":false,"footnotes":""},"class_list":["post-14369","page","type-page","status-publish","hentry"],"yoast_head":"<!-- This site is optimized with the Yoast SEO plugin v23.8 - https:\/\/yoast.com\/wordpress\/plugins\/seo\/ -->\n<title>Thunderball Lotto biletinizi \u00e7evrimi\u00e7i al\u0131n<\/title>\n<meta name=\"description\" content=\"\u0130ngiltere&#039;de ya\u015fam\u0131yor olsan\u0131z bile Thunderball Lotto i\u00e7in bilet al\u0131n\" \/>\n<meta name=\"robots\" content=\"index, follow, max-snippet:-1, max-image-preview:large, max-video-preview:-1\" \/>\n<link rel=\"canonical\" href=\"https:\/\/redfoxlotto.com\/tr\/loto\/thunderball\/\" \/>\n<meta property=\"og:locale\" content=\"tr_TR\" \/>\n<meta property=\"og:type\" content=\"article\" \/>\n<meta property=\"og:title\" content=\"Thunderball Lotto biletinizi \u00e7evrimi\u00e7i al\u0131n\" \/>\n<meta property=\"og:description\" content=\"\u0130ngiltere&#039;de ya\u015fam\u0131yor olsan\u0131z bile Thunderball Lotto i\u00e7in bilet al\u0131n\" \/>\n<meta property=\"og:url\" content=\"https:\/\/redfoxlotto.com\/tr\/loto\/thunderball\/\" \/>\n<meta property=\"og:site_name\" content=\"Get Tickets for the World\u2019s largest jackpots\" \/>\n<meta property=\"article:modified_time\" content=\"2023-05-24T17:56:25+00:00\" \/>\n<meta property=\"og:image\" content=\"https:\/\/content.redfoxlotto.com\/uploads\/sites\/9\/1_online_lottery_jackpot_win.jpg\" \/>\n<meta name=\"twitter:card\" content=\"summary_large_image\" \/>\n<meta name=\"twitter:label1\" content=\"Tahmini okuma s\u00fcresi\" \/>\n\t<meta name=\"twitter:data1\" content=\"1 dakika\" \/>\n<script type=\"application\/ld+json\" class=\"yoast-schema-graph\">{\"@context\":\"https:\/\/schema.org\",\"@graph\":[{\"@type\":\"WebPage\",\"@id\":\"https:\/\/redfoxlotto.com\/tr\/loto\/thunderball\/\",\"url\":\"https:\/\/redfoxlotto.com\/tr\/loto\/thunderball\/\",\"name\":\"Thunderball Lotto biletinizi \u00e7evrimi\u00e7i al\u0131n\",\"isPartOf\":{\"@id\":\"https:\/\/redfoxlotto.com\/tr\/#website\"},\"primaryImageOfPage\":{\"@id\":\"https:\/\/redfoxlotto.com\/tr\/loto\/thunderball\/#primaryimage\"},\"image\":{\"@id\":\"https:\/\/redfoxlotto.com\/tr\/loto\/thunderball\/#primaryimage\"},\"thumbnailUrl\":\"https:\/\/content.redfoxlotto.com\/uploads\/sites\/9\/1_online_lottery_jackpot_win.jpg\",\"datePublished\":\"2022-09-26T12:33:09+00:00\",\"dateModified\":\"2023-05-24T17:56:25+00:00\",\"description\":\"\u0130ngiltere'de ya\u015fam\u0131yor olsan\u0131z bile Thunderball Lotto i\u00e7in bilet al\u0131n\",\"breadcrumb\":{\"@id\":\"https:\/\/redfoxlotto.com\/tr\/loto\/thunderball\/#breadcrumb\"},\"inLanguage\":\"tr\",\"potentialAction\":[{\"@type\":\"ReadAction\",\"target\":[\"https:\/\/redfoxlotto.com\/tr\/loto\/thunderball\/\"]}]},{\"@type\":\"ImageObject\",\"inLanguage\":\"tr\",\"@id\":\"https:\/\/redfoxlotto.com\/tr\/loto\/thunderball\/#primaryimage\",\"url\":\"https:\/\/content.redfoxlotto.com\/uploads\/sites\/9\/1_online_lottery_jackpot_win.jpg\",\"contentUrl\":\"https:\/\/content.redfoxlotto.com\/uploads\/sites\/9\/1_online_lottery_jackpot_win.jpg\"},{\"@type\":\"BreadcrumbList\",\"@id\":\"https:\/\/redfoxlotto.com\/tr\/loto\/thunderball\/#breadcrumb\",\"itemListElement\":[{\"@type\":\"ListItem\",\"position\":1,\"name\":\"Home\",\"item\":\"https:\/\/redfoxlotto.com\/tr\/\"},{\"@type\":\"ListItem\",\"position\":2,\"name\":\"Online piyango bileti sat\u0131n alma i\u015flemi\",\"item\":\"https:\/\/redfoxlotto.com\/tr\/loto\/\"},{\"@type\":\"ListItem\",\"position\":3,\"name\":\"Thunderball hakk\u0131nda\"}]},{\"@type\":\"WebSite\",\"@id\":\"https:\/\/redfoxlotto.com\/tr\/#website\",\"url\":\"https:\/\/redfoxlotto.com\/tr\/\",\"name\":\"Get Tickets for the World\u2019s largest jackpots\",\"description\":\"Participate in worldwide lottery jackpots from any country\",\"publisher\":{\"@id\":\"https:\/\/redfoxlotto.com\/tr\/#organization\"},\"potentialAction\":[{\"@type\":\"SearchAction\",\"target\":{\"@type\":\"EntryPoint\",\"urlTemplate\":\"https:\/\/redfoxlotto.com\/tr\/?s={search_term_string}\"},\"query-input\":{\"@type\":\"PropertyValueSpecification\",\"valueRequired\":true,\"valueName\":\"search_term_string\"}}],\"inLanguage\":\"tr\"},{\"@type\":\"Organization\",\"@id\":\"https:\/\/redfoxlotto.com\/tr\/#organization\",\"name\":\"Get Tickets for the World\u2019s largest jackpots\",\"url\":\"https:\/\/redfoxlotto.com\/tr\/\",\"logo\":{\"@type\":\"ImageObject\",\"inLanguage\":\"tr\",\"@id\":\"https:\/\/redfoxlotto.com\/tr\/#\/schema\/logo\/image\/\",\"url\":\"https:\/\/redfoxlotto.com\/wp-content\/uploads\/2023\/04\/logo.png\",\"contentUrl\":\"https:\/\/redfoxlotto.com\/wp-content\/uploads\/2023\/04\/logo.png\",\"width\":269,\"height\":53,\"caption\":\"Get Tickets for the World\u2019s largest jackpots\"},\"image\":{\"@id\":\"https:\/\/redfoxlotto.com\/tr\/#\/schema\/logo\/image\/\"}}]}<\/script>\n<!-- \/ Yoast SEO plugin. -->","yoast_head_json":{"title":"Thunderball Lotto biletinizi \u00e7evrimi\u00e7i al\u0131n","description":"\u0130ngiltere'de ya\u015fam\u0131yor olsan\u0131z bile Thunderball Lotto i\u00e7in bilet al\u0131n","robots":{"index":"index","follow":"follow","max-snippet":"max-snippet:-1","max-image-preview":"max-image-preview:large","max-video-preview":"max-video-preview:-1"},"canonical":"https:\/\/redfoxlotto.com\/tr\/loto\/thunderball\/","og_locale":"tr_TR","og_type":"article","og_title":"Thunderball Lotto biletinizi \u00e7evrimi\u00e7i al\u0131n","og_description":"\u0130ngiltere'de ya\u015fam\u0131yor olsan\u0131z bile Thunderball Lotto i\u00e7in bilet al\u0131n","og_url":"https:\/\/redfoxlotto.com\/tr\/loto\/thunderball\/","og_site_name":"Get Tickets for the World\u2019s largest jackpots","article_modified_time":"2023-05-24T17:56:25+00:00","og_image":[{"url":"https:\/\/content.redfoxlotto.com\/uploads\/sites\/9\/1_online_lottery_jackpot_win.jpg"}],"twitter_card":"summary_large_image","twitter_misc":{"Tahmini okuma s\u00fcresi":"1 dakika"},"schema":{"@context":"https:\/\/schema.org","@graph":[{"@type":"WebPage","@id":"https:\/\/redfoxlotto.com\/tr\/loto\/thunderball\/","url":"https:\/\/redfoxlotto.com\/tr\/loto\/thunderball\/","name":"Thunderball Lotto biletinizi \u00e7evrimi\u00e7i al\u0131n","isPartOf":{"@id":"https:\/\/redfoxlotto.com\/tr\/#website"},"primaryImageOfPage":{"@id":"https:\/\/redfoxlotto.com\/tr\/loto\/thunderball\/#primaryimage"},"image":{"@id":"https:\/\/redfoxlotto.com\/tr\/loto\/thunderball\/#primaryimage"},"thumbnailUrl":"https:\/\/content.redfoxlotto.com\/uploads\/sites\/9\/1_online_lottery_jackpot_win.jpg","datePublished":"2022-09-26T12:33:09+00:00","dateModified":"2023-05-24T17:56:25+00:00","description":"\u0130ngiltere'de ya\u015fam\u0131yor olsan\u0131z bile Thunderball Lotto i\u00e7in bilet al\u0131n","breadcrumb":{"@id":"https:\/\/redfoxlotto.com\/tr\/loto\/thunderball\/#breadcrumb"},"inLanguage":"tr","potentialAction":[{"@type":"ReadAction","target":["https:\/\/redfoxlotto.com\/tr\/loto\/thunderball\/"]}]},{"@type":"ImageObject","inLanguage":"tr","@id":"https:\/\/redfoxlotto.com\/tr\/loto\/thunderball\/#primaryimage","url":"https:\/\/content.redfoxlotto.com\/uploads\/sites\/9\/1_online_lottery_jackpot_win.jpg","contentUrl":"https:\/\/content.redfoxlotto.com\/uploads\/sites\/9\/1_online_lottery_jackpot_win.jpg"},{"@type":"BreadcrumbList","@id":"https:\/\/redfoxlotto.com\/tr\/loto\/thunderball\/#breadcrumb","itemListElement":[{"@type":"ListItem","position":1,"name":"Home","item":"https:\/\/redfoxlotto.com\/tr\/"},{"@type":"ListItem","position":2,"name":"Online piyango bileti sat\u0131n alma i\u015flemi","item":"https:\/\/redfoxlotto.com\/tr\/loto\/"},{"@type":"ListItem","position":3,"name":"Thunderball hakk\u0131nda"}]},{"@type":"WebSite","@id":"https:\/\/redfoxlotto.com\/tr\/#website","url":"https:\/\/redfoxlotto.com\/tr\/","name":"Get Tickets for the World\u2019s largest jackpots","description":"Participate in worldwide lottery jackpots from any country","publisher":{"@id":"https:\/\/redfoxlotto.com\/tr\/#organization"},"potentialAction":[{"@type":"SearchAction","target":{"@type":"EntryPoint","urlTemplate":"https:\/\/redfoxlotto.com\/tr\/?s={search_term_string}"},"query-input":{"@type":"PropertyValueSpecification","valueRequired":true,"valueName":"search_term_string"}}],"inLanguage":"tr"},{"@type":"Organization","@id":"https:\/\/redfoxlotto.com\/tr\/#organization","name":"Get Tickets for the World\u2019s largest jackpots","url":"https:\/\/redfoxlotto.com\/tr\/","logo":{"@type":"ImageObject","inLanguage":"tr","@id":"https:\/\/redfoxlotto.com\/tr\/#\/schema\/logo\/image\/","url":"https:\/\/redfoxlotto.com\/wp-content\/uploads\/2023\/04\/logo.png","contentUrl":"https:\/\/redfoxlotto.com\/wp-content\/uploads\/2023\/04\/logo.png","width":269,"height":53,"caption":"Get Tickets for the World\u2019s largest jackpots"},"image":{"@id":"https:\/\/redfoxlotto.com\/tr\/#\/schema\/logo\/image\/"}}]}},"_links":{"self":[{"href":"https:\/\/redfoxlotto.com\/tr\/wp-json\/wp\/v2\/pages\/14369","targetHints":{"allow":["GET"]}}],"collection":[{"href":"https:\/\/redfoxlotto.com\/tr\/wp-json\/wp\/v2\/pages"}],"about":[{"href":"https:\/\/redfoxlotto.com\/tr\/wp-json\/wp\/v2\/types\/page"}],"author":[{"embeddable":true,"href":"https:\/\/redfoxlotto.com\/tr\/wp-json\/wp\/v2\/users\/1"}],"replies":[{"embeddable":true,"href":"https:\/\/redfoxlotto.com\/tr\/wp-json\/wp\/v2\/comments?post=14369"}],"version-history":[{"count":0,"href":"https:\/\/redfoxlotto.com\/tr\/wp-json\/wp\/v2\/pages\/14369\/revisions"}],"up":[{"embeddable":true,"href":"https:\/\/redfoxlotto.com\/tr\/wp-json\/wp\/v2\/pages\/2932"}],"wp:attachment":[{"href":"https:\/\/redfoxlotto.com\/tr\/wp-json\/wp\/v2\/media?parent=14369"}],"curies":[{"name":"wp","href":"https:\/\/api.w.org\/{rel}","templated":true}]}}